{"id":8463,"date":"2022-11-18T11:18:06","date_gmt":"2022-11-18T10:18:06","guid":{"rendered":"https:\/\/www.lengnau.ch\/?page_id=8463"},"modified":"2023-01-13T16:40:31","modified_gmt":"2023-01-13T15:40:31","slug":"mentions-legales","status":"publish","type":"page","link":"https:\/\/www.lengnau.ch\/fr\/actualites\/agenda\/mentions-legales\/","title":{"rendered":"Mentions l\u00e9gales"},"content":{"rendered":"<h2>Conditions g\u00e9n\u00e9rales de vente<\/h2>\n<p>Les personnes physiques et morales inscrites \u00e0 Lengnau BE peuvent inscrire elles-m\u00eames sur notre site des \u00e9v\u00e9nements dans l&rsquo;agenda, des entreprises et des associations.<\/p>\n<p>Les nouvelles inscriptions seront activ\u00e9es apr\u00e8s avoir \u00e9t\u00e9 pass\u00e9es en revue par le d\u00e9partement de la pr\u00e9sidence de Lengnau BE.<\/p>\n<p>Si votre inscription n&rsquo;est pas mise en ligne dans les trois jours ouvrables, elle n&rsquo;est pas conforme \u00e0 nos conditions g\u00e9n\u00e9rales.<\/p>\n<p>Pour les raisons suivantes, votre inscription ne peut pas \u00eatre activ\u00e9e :<\/p>\n<ul>\n<li><strong>\u00c9v\u00e9nement pour l&rsquo;agenda<\/strong><br \/>\nSi la manifestation n&rsquo;a pas lieu \u00e0 Lengnau BE<\/li>\n<li><strong>Entreprise<\/strong><br \/>\nSi le si\u00e8ge social ou la succursale de l&rsquo;entreprise n&rsquo;est pas \u00e0 Lengnau BE<\/li>\n<li><strong>Association<\/strong><br \/>\nSi l&rsquo;association n&rsquo;a pas son si\u00e8ge \u00e0 Lengnau BE<\/li>\n<\/ul>\n","protected":false},"excerpt":{"rendered":"<p>Conditions g\u00e9n\u00e9rales de vente Les personnes physiques et morales inscrites \u00e0 Lengnau BE peuvent inscrire elles-m\u00eames sur notre site des \u00e9v\u00e9nements dans l&rsquo;agenda, des entreprises et des associations. Les nouvelles inscriptions seront activ\u00e9es apr\u00e8s avoir \u00e9t\u00e9 pass\u00e9es en revue par le d\u00e9partement de la pr\u00e9sidence de Lengnau BE. Si votre inscription n&rsquo;est pas mise en [&hellip;]<\/p>\n","protected":false},"author":1,"featured_media":0,"parent":3069,"menu_order":0,"comment_status":"closed","ping_status":"closed","template":"page-fullwidth_simple.php","meta":{"_acf_changed":false,"_relevanssi_hide_post":"","_relevanssi_hide_content":"","_relevanssi_pin_for_all":"","_relevanssi_pin_keywords":"","_relevanssi_unpin_keywords":"","_relevanssi_related_keywords":"","_relevanssi_related_include_ids":"","_relevanssi_related_exclude_ids":"","_relevanssi_related_no_append":"","_relevanssi_related_not_related":"","_relevanssi_related_posts":"","_relevanssi_noindex_reason":"","footnotes":""},"class_list":["post-8463","page","type-page","status-publish","hentry"],"acf":[],"yoast_head":"<!-- This site is optimized with the Yoast SEO plugin v27.5 - https:\/\/yoast.com\/product\/yoast-seo-wordpress\/ -->\n<title>Mentions l\u00e9gales - Gemeinde Lengnau<\/title>\n<meta name=\"robots\" content=\"index, follow, max-snippet:-1, max-image-preview:large, max-video-preview:-1\" \/>\n<link rel=\"canonical\" href=\"https:\/\/www.lengnau.ch\/fr\/actualites\/agenda\/mentions-legales\/\" \/>\n<meta property=\"og:locale\" content=\"fr_FR\" \/>\n<meta property=\"og:type\" content=\"article\" \/>\n<meta property=\"og:title\" content=\"Mentions l\u00e9gales - Gemeinde Lengnau\" \/>\n<meta property=\"og:description\" content=\"Conditions g\u00e9n\u00e9rales de vente Les personnes physiques et morales inscrites \u00e0 Lengnau BE peuvent inscrire elles-m\u00eames sur notre site des \u00e9v\u00e9nements dans l&rsquo;agenda, des entreprises et des associations. Les nouvelles inscriptions seront activ\u00e9es apr\u00e8s avoir \u00e9t\u00e9 pass\u00e9es en revue par le d\u00e9partement de la pr\u00e9sidence de Lengnau BE. Si votre inscription n&rsquo;est pas mise en [&hellip;]\" \/>\n<meta property=\"og:url\" content=\"https:\/\/www.lengnau.ch\/fr\/actualites\/agenda\/mentions-legales\/\" \/>\n<meta property=\"og:site_name\" content=\"Gemeinde Lengnau\" \/>\n<meta property=\"article:modified_time\" content=\"2023-01-13T15:40:31+00:00\" \/>\n<meta name=\"twitter:card\" content=\"summary_large_image\" \/>\n<script type=\"application\/ld+json\" class=\"yoast-schema-graph\">{\"@context\":\"https:\\\/\\\/schema.org\",\"@graph\":[{\"@type\":\"WebPage\",\"@id\":\"https:\\\/\\\/www.lengnau.ch\\\/fr\\\/actualites\\\/agenda\\\/mentions-legales\\\/\",\"url\":\"https:\\\/\\\/www.lengnau.ch\\\/fr\\\/actualites\\\/agenda\\\/mentions-legales\\\/\",\"name\":\"Mentions l\u00e9gales - Gemeinde Lengnau\",\"isPartOf\":{\"@id\":\"https:\\\/\\\/www.lengnau.ch\\\/#website\"},\"datePublished\":\"2022-11-18T10:18:06+00:00\",\"dateModified\":\"2023-01-13T15:40:31+00:00\",\"breadcrumb\":{\"@id\":\"https:\\\/\\\/www.lengnau.ch\\\/fr\\\/actualites\\\/agenda\\\/mentions-legales\\\/#breadcrumb\"},\"inLanguage\":\"fr-FR\",\"potentialAction\":[{\"@type\":\"ReadAction\",\"target\":[\"https:\\\/\\\/www.lengnau.ch\\\/fr\\\/actualites\\\/agenda\\\/mentions-legales\\\/\"]}]},{\"@type\":\"BreadcrumbList\",\"@id\":\"https:\\\/\\\/www.lengnau.ch\\\/fr\\\/actualites\\\/agenda\\\/mentions-legales\\\/#breadcrumb\",\"itemListElement\":[{\"@type\":\"ListItem\",\"position\":1,\"name\":\"Home\",\"item\":\"https:\\\/\\\/www.lengnau.ch\\\/fr\\\/\"},{\"@type\":\"ListItem\",\"position\":2,\"name\":\"Actualit\u00e9s\",\"item\":\"https:\\\/\\\/www.lengnau.ch\\\/fr\\\/actualites\\\/\"},{\"@type\":\"ListItem\",\"position\":3,\"name\":\"Agenda\",\"item\":\"https:\\\/\\\/www.lengnau.ch\\\/fr\\\/actualites\\\/agenda\\\/\"},{\"@type\":\"ListItem\",\"position\":4,\"name\":\"Mentions l\u00e9gales\"}]},{\"@type\":\"WebSite\",\"@id\":\"https:\\\/\\\/www.lengnau.ch\\\/#website\",\"url\":\"https:\\\/\\\/www.lengnau.ch\\\/\",\"name\":\"Gemeinde Lengnau\",\"description\":\"\",\"potentialAction\":[{\"@type\":\"SearchAction\",\"target\":{\"@type\":\"EntryPoint\",\"urlTemplate\":\"https:\\\/\\\/www.lengnau.ch\\\/?s={search_term_string}\"},\"query-input\":{\"@type\":\"PropertyValueSpecification\",\"valueRequired\":true,\"valueName\":\"search_term_string\"}}],\"inLanguage\":\"fr-FR\"}]}<\/script>\n<!-- \/ Yoast SEO plugin. -->","yoast_head_json":{"title":"Mentions l\u00e9gales - Gemeinde Lengnau","robots":{"index":"index","follow":"follow","max-snippet":"max-snippet:-1","max-image-preview":"max-image-preview:large","max-video-preview":"max-video-preview:-1"},"canonical":"https:\/\/www.lengnau.ch\/fr\/actualites\/agenda\/mentions-legales\/","og_locale":"fr_FR","og_type":"article","og_title":"Mentions l\u00e9gales - Gemeinde Lengnau","og_description":"Conditions g\u00e9n\u00e9rales de vente Les personnes physiques et morales inscrites \u00e0 Lengnau BE peuvent inscrire elles-m\u00eames sur notre site des \u00e9v\u00e9nements dans l&rsquo;agenda, des entreprises et des associations. Les nouvelles inscriptions seront activ\u00e9es apr\u00e8s avoir \u00e9t\u00e9 pass\u00e9es en revue par le d\u00e9partement de la pr\u00e9sidence de Lengnau BE. Si votre inscription n&rsquo;est pas mise en [&hellip;]","og_url":"https:\/\/www.lengnau.ch\/fr\/actualites\/agenda\/mentions-legales\/","og_site_name":"Gemeinde Lengnau","article_modified_time":"2023-01-13T15:40:31+00:00","twitter_card":"summary_large_image","schema":{"@context":"https:\/\/schema.org","@graph":[{"@type":"WebPage","@id":"https:\/\/www.lengnau.ch\/fr\/actualites\/agenda\/mentions-legales\/","url":"https:\/\/www.lengnau.ch\/fr\/actualites\/agenda\/mentions-legales\/","name":"Mentions l\u00e9gales - Gemeinde Lengnau","isPartOf":{"@id":"https:\/\/www.lengnau.ch\/#website"},"datePublished":"2022-11-18T10:18:06+00:00","dateModified":"2023-01-13T15:40:31+00:00","breadcrumb":{"@id":"https:\/\/www.lengnau.ch\/fr\/actualites\/agenda\/mentions-legales\/#breadcrumb"},"inLanguage":"fr-FR","potentialAction":[{"@type":"ReadAction","target":["https:\/\/www.lengnau.ch\/fr\/actualites\/agenda\/mentions-legales\/"]}]},{"@type":"BreadcrumbList","@id":"https:\/\/www.lengnau.ch\/fr\/actualites\/agenda\/mentions-legales\/#breadcrumb","itemListElement":[{"@type":"ListItem","position":1,"name":"Home","item":"https:\/\/www.lengnau.ch\/fr\/"},{"@type":"ListItem","position":2,"name":"Actualit\u00e9s","item":"https:\/\/www.lengnau.ch\/fr\/actualites\/"},{"@type":"ListItem","position":3,"name":"Agenda","item":"https:\/\/www.lengnau.ch\/fr\/actualites\/agenda\/"},{"@type":"ListItem","position":4,"name":"Mentions l\u00e9gales"}]},{"@type":"WebSite","@id":"https:\/\/www.lengnau.ch\/#website","url":"https:\/\/www.lengnau.ch\/","name":"Gemeinde Lengnau","description":"","potentialAction":[{"@type":"SearchAction","target":{"@type":"EntryPoint","urlTemplate":"https:\/\/www.lengnau.ch\/?s={search_term_string}"},"query-input":{"@type":"PropertyValueSpecification","valueRequired":true,"valueName":"search_term_string"}}],"inLanguage":"fr-FR"}]}},"publishpress_future_action":{"enabled":false,"date":"2026-05-24 07:30:39","action":"change-status","newStatus":"draft","terms":[],"taxonomy":"translation_priority","extraData":[]},"publishpress_future_workflow_manual_trigger":{"enabledWorkflows":[]},"_links":{"self":[{"href":"https:\/\/www.lengnau.ch\/fr\/wp-json\/wp\/v2\/pages\/8463","targetHints":{"allow":["GET"]}}],"collection":[{"href":"https:\/\/www.lengnau.ch\/fr\/wp-json\/wp\/v2\/pages"}],"about":[{"href":"https:\/\/www.lengnau.ch\/fr\/wp-json\/wp\/v2\/types\/page"}],"author":[{"embeddable":true,"href":"https:\/\/www.lengnau.ch\/fr\/wp-json\/wp\/v2\/users\/1"}],"replies":[{"embeddable":true,"href":"https:\/\/www.lengnau.ch\/fr\/wp-json\/wp\/v2\/comments?post=8463"}],"version-history":[{"count":1,"href":"https:\/\/www.lengnau.ch\/fr\/wp-json\/wp\/v2\/pages\/8463\/revisions"}],"predecessor-version":[{"id":8885,"href":"https:\/\/www.lengnau.ch\/fr\/wp-json\/wp\/v2\/pages\/8463\/revisions\/8885"}],"up":[{"embeddable":true,"href":"https:\/\/www.lengnau.ch\/fr\/wp-json\/wp\/v2\/pages\/3069"}],"wp:attachment":[{"href":"https:\/\/www.lengnau.ch\/fr\/wp-json\/wp\/v2\/media?parent=8463"}],"curies":[{"name":"wp","href":"https:\/\/api.w.org\/{rel}","templated":true}]}}