{"id":4838,"date":"2022-08-10T09:35:30","date_gmt":"2022-08-10T07:35:30","guid":{"rendered":"https:\/\/www.lengnau.ch\/?page_id=4838"},"modified":"2025-05-07T08:47:20","modified_gmt":"2025-05-07T06:47:20","slug":"mylocal-mobile-app","status":"publish","type":"page","link":"https:\/\/www.lengnau.ch\/fr\/guichet-en-ligne\/mylocal-mobile-app\/","title":{"rendered":"\u00ab\u00a0My Local Services\u00a0\u00bb &#8211; application mobile"},"content":{"rendered":"<p>Avec l&rsquo;application smart City \u00ab\u00a0My Local Services\u00a0\u00bb, la commune de Longeau offre un canal de communication suppl\u00e9mentaire et permet aux habitants de Longeau d&rsquo;acc\u00e9der facilement via leur t\u00e9l\u00e9phone portable aux informations importantes et utiles de la commune.<\/p>\n<p><a href=\"https:\/\/apps.apple.com\/ch\/app\/my-local-services\/id1210617961\"><img loading=\"lazy\" decoding=\"async\" class=\"alignnone wp-image-5421 size-full\" src=\"https:\/\/www.lengnau.ch\/wp-content\/uploads\/2022\/08\/apple-store-1-e1660547603761.jpg\" alt=\"https:\/\/apps.apple.com\/ch\/app\/bird-e-scooter-sharing\/id1260842311\" width=\"200\" height=\"59\"><\/a><\/p>\n<p><a href=\"https:\/\/play.google.com\/store\/apps\/details?id=ch.post.easyliving.android\"><img loading=\"lazy\" decoding=\"async\" class=\"alignnone wp-image-5491 size-full\" src=\"https:\/\/www.lengnau.ch\/wp-content\/uploads\/2022\/08\/google-play-app-store-mobile-phones-google-1-1.jpg-2-1-1-e1660547396613.jpg\" alt=\"\" width=\"200\" height=\"59\"><\/a><\/p>\n<h2>En savoir plus sur le sujet<\/h2>\n<p><a href=\"https:\/\/www.lengnau.ch\/wp-content\/uploads\/2023\/02\/05_Flyer_MLS_Lengnau.pdf\" target=\"_blank\" rel=\"noopener\">D\u00e9pliant \u00ab\u00a0My Local Services<\/a><\/p>\n","protected":false},"excerpt":{"rendered":"<p>Avec l&rsquo;application smart City \u00ab\u00a0My Local Services\u00a0\u00bb, la commune de Longeau offre un canal de communication suppl\u00e9mentaire et permet aux habitants de Longeau d&rsquo;acc\u00e9der facilement via leur t\u00e9l\u00e9phone portable aux informations importantes et utiles de la commune. En savoir plus sur le sujet D\u00e9pliant \u00ab\u00a0My Local Services<\/p>\n","protected":false},"author":1,"featured_media":0,"parent":3073,"menu_order":44,"comment_status":"closed","ping_status":"closed","template":"","meta":{"_acf_changed":false,"_relevanssi_hide_post":"","_relevanssi_hide_content":"","_relevanssi_pin_for_all":"","_relevanssi_pin_keywords":"","_relevanssi_unpin_keywords":"","_relevanssi_related_keywords":"","_relevanssi_related_include_ids":"","_relevanssi_related_exclude_ids":"","_relevanssi_related_no_append":"","_relevanssi_related_not_related":"","_relevanssi_related_posts":"","_relevanssi_noindex_reason":"","footnotes":""},"class_list":["post-4838","page","type-page","status-publish","hentry"],"acf":[],"yoast_head":"<!-- This site is optimized with the Yoast SEO plugin v27.4 - https:\/\/yoast.com\/product\/yoast-seo-wordpress\/ -->\n<title>&quot;My Local Services&quot; - application mobile - Gemeinde Lengnau<\/title>\n<meta name=\"robots\" content=\"index, follow, max-snippet:-1, max-image-preview:large, max-video-preview:-1\" \/>\n<link rel=\"canonical\" href=\"https:\/\/www.lengnau.ch\/fr\/guichet-en-ligne\/mylocal-mobile-app\/\" \/>\n<meta property=\"og:locale\" content=\"fr_FR\" \/>\n<meta property=\"og:type\" content=\"article\" \/>\n<meta property=\"og:title\" content=\"&quot;My Local Services&quot; - application mobile - Gemeinde Lengnau\" \/>\n<meta property=\"og:description\" content=\"Avec l&rsquo;application smart City \u00ab\u00a0My Local Services\u00a0\u00bb, la commune de Longeau offre un canal de communication suppl\u00e9mentaire et permet aux habitants de Longeau d&rsquo;acc\u00e9der facilement via leur t\u00e9l\u00e9phone portable aux informations importantes et utiles de la commune. En savoir plus sur le sujet D\u00e9pliant \u00ab\u00a0My Local Services\" \/>\n<meta property=\"og:url\" content=\"https:\/\/www.lengnau.ch\/fr\/guichet-en-ligne\/mylocal-mobile-app\/\" \/>\n<meta property=\"og:site_name\" content=\"Gemeinde Lengnau\" \/>\n<meta property=\"article:modified_time\" content=\"2025-05-07T06:47:20+00:00\" \/>\n<meta property=\"og:image\" content=\"https:\/\/www.lengnau.ch\/wp-content\/uploads\/2022\/08\/apple-store-1-e1660547603761.jpg\" \/>\n\t<meta property=\"og:image:width\" content=\"200\" \/>\n\t<meta property=\"og:image:height\" content=\"59\" \/>\n\t<meta property=\"og:image:type\" content=\"image\/jpeg\" \/>\n<meta name=\"twitter:card\" content=\"summary_large_image\" \/>\n<script type=\"application\/ld+json\" class=\"yoast-schema-graph\">{\"@context\":\"https:\\\/\\\/schema.org\",\"@graph\":[{\"@type\":\"WebPage\",\"@id\":\"https:\\\/\\\/www.lengnau.ch\\\/fr\\\/guichet-en-ligne\\\/mylocal-mobile-app\\\/\",\"url\":\"https:\\\/\\\/www.lengnau.ch\\\/fr\\\/guichet-en-ligne\\\/mylocal-mobile-app\\\/\",\"name\":\"\\\"My Local Services\\\" - application mobile - Gemeinde Lengnau\",\"isPartOf\":{\"@id\":\"https:\\\/\\\/www.lengnau.ch\\\/#website\"},\"primaryImageOfPage\":{\"@id\":\"https:\\\/\\\/www.lengnau.ch\\\/fr\\\/guichet-en-ligne\\\/mylocal-mobile-app\\\/#primaryimage\"},\"image\":{\"@id\":\"https:\\\/\\\/www.lengnau.ch\\\/fr\\\/guichet-en-ligne\\\/mylocal-mobile-app\\\/#primaryimage\"},\"thumbnailUrl\":\"https:\\\/\\\/www.lengnau.ch\\\/wp-content\\\/uploads\\\/2022\\\/08\\\/apple-store-1-e1660547603761.jpg\",\"datePublished\":\"2022-08-10T07:35:30+00:00\",\"dateModified\":\"2025-05-07T06:47:20+00:00\",\"breadcrumb\":{\"@id\":\"https:\\\/\\\/www.lengnau.ch\\\/fr\\\/guichet-en-ligne\\\/mylocal-mobile-app\\\/#breadcrumb\"},\"inLanguage\":\"fr-FR\",\"potentialAction\":[{\"@type\":\"ReadAction\",\"target\":[\"https:\\\/\\\/www.lengnau.ch\\\/fr\\\/guichet-en-ligne\\\/mylocal-mobile-app\\\/\"]}]},{\"@type\":\"ImageObject\",\"inLanguage\":\"fr-FR\",\"@id\":\"https:\\\/\\\/www.lengnau.ch\\\/fr\\\/guichet-en-ligne\\\/mylocal-mobile-app\\\/#primaryimage\",\"url\":\"https:\\\/\\\/www.lengnau.ch\\\/wp-content\\\/uploads\\\/2022\\\/08\\\/apple-store-1-e1660547603761.jpg\",\"contentUrl\":\"https:\\\/\\\/www.lengnau.ch\\\/wp-content\\\/uploads\\\/2022\\\/08\\\/apple-store-1-e1660547603761.jpg\"},{\"@type\":\"BreadcrumbList\",\"@id\":\"https:\\\/\\\/www.lengnau.ch\\\/fr\\\/guichet-en-ligne\\\/mylocal-mobile-app\\\/#breadcrumb\",\"itemListElement\":[{\"@type\":\"ListItem\",\"position\":1,\"name\":\"Home\",\"item\":\"https:\\\/\\\/www.lengnau.ch\\\/fr\\\/\"},{\"@type\":\"ListItem\",\"position\":2,\"name\":\"Guichet virtuel\",\"item\":\"https:\\\/\\\/www.lengnau.ch\\\/fr\\\/guichet-en-ligne\\\/\"},{\"@type\":\"ListItem\",\"position\":3,\"name\":\"&#8222;My Local Services&#8220; &#8211; application mobile\"}]},{\"@type\":\"WebSite\",\"@id\":\"https:\\\/\\\/www.lengnau.ch\\\/#website\",\"url\":\"https:\\\/\\\/www.lengnau.ch\\\/\",\"name\":\"Gemeinde Lengnau\",\"description\":\"\",\"potentialAction\":[{\"@type\":\"SearchAction\",\"target\":{\"@type\":\"EntryPoint\",\"urlTemplate\":\"https:\\\/\\\/www.lengnau.ch\\\/?s={search_term_string}\"},\"query-input\":{\"@type\":\"PropertyValueSpecification\",\"valueRequired\":true,\"valueName\":\"search_term_string\"}}],\"inLanguage\":\"fr-FR\"}]}<\/script>\n<!-- \/ Yoast SEO plugin. -->","yoast_head_json":{"title":"\"My Local Services\" - application mobile - Gemeinde Lengnau","robots":{"index":"index","follow":"follow","max-snippet":"max-snippet:-1","max-image-preview":"max-image-preview:large","max-video-preview":"max-video-preview:-1"},"canonical":"https:\/\/www.lengnau.ch\/fr\/guichet-en-ligne\/mylocal-mobile-app\/","og_locale":"fr_FR","og_type":"article","og_title":"\"My Local Services\" - application mobile - Gemeinde Lengnau","og_description":"Avec l&rsquo;application smart City \u00ab\u00a0My Local Services\u00a0\u00bb, la commune de Longeau offre un canal de communication suppl\u00e9mentaire et permet aux habitants de Longeau d&rsquo;acc\u00e9der facilement via leur t\u00e9l\u00e9phone portable aux informations importantes et utiles de la commune. En savoir plus sur le sujet D\u00e9pliant \u00ab\u00a0My Local Services","og_url":"https:\/\/www.lengnau.ch\/fr\/guichet-en-ligne\/mylocal-mobile-app\/","og_site_name":"Gemeinde Lengnau","article_modified_time":"2025-05-07T06:47:20+00:00","og_image":[{"width":200,"height":59,"url":"https:\/\/www.lengnau.ch\/wp-content\/uploads\/2022\/08\/apple-store-1-e1660547603761.jpg","type":"image\/jpeg"}],"twitter_card":"summary_large_image","schema":{"@context":"https:\/\/schema.org","@graph":[{"@type":"WebPage","@id":"https:\/\/www.lengnau.ch\/fr\/guichet-en-ligne\/mylocal-mobile-app\/","url":"https:\/\/www.lengnau.ch\/fr\/guichet-en-ligne\/mylocal-mobile-app\/","name":"\"My Local Services\" - application mobile - Gemeinde Lengnau","isPartOf":{"@id":"https:\/\/www.lengnau.ch\/#website"},"primaryImageOfPage":{"@id":"https:\/\/www.lengnau.ch\/fr\/guichet-en-ligne\/mylocal-mobile-app\/#primaryimage"},"image":{"@id":"https:\/\/www.lengnau.ch\/fr\/guichet-en-ligne\/mylocal-mobile-app\/#primaryimage"},"thumbnailUrl":"https:\/\/www.lengnau.ch\/wp-content\/uploads\/2022\/08\/apple-store-1-e1660547603761.jpg","datePublished":"2022-08-10T07:35:30+00:00","dateModified":"2025-05-07T06:47:20+00:00","breadcrumb":{"@id":"https:\/\/www.lengnau.ch\/fr\/guichet-en-ligne\/mylocal-mobile-app\/#breadcrumb"},"inLanguage":"fr-FR","potentialAction":[{"@type":"ReadAction","target":["https:\/\/www.lengnau.ch\/fr\/guichet-en-ligne\/mylocal-mobile-app\/"]}]},{"@type":"ImageObject","inLanguage":"fr-FR","@id":"https:\/\/www.lengnau.ch\/fr\/guichet-en-ligne\/mylocal-mobile-app\/#primaryimage","url":"https:\/\/www.lengnau.ch\/wp-content\/uploads\/2022\/08\/apple-store-1-e1660547603761.jpg","contentUrl":"https:\/\/www.lengnau.ch\/wp-content\/uploads\/2022\/08\/apple-store-1-e1660547603761.jpg"},{"@type":"BreadcrumbList","@id":"https:\/\/www.lengnau.ch\/fr\/guichet-en-ligne\/mylocal-mobile-app\/#breadcrumb","itemListElement":[{"@type":"ListItem","position":1,"name":"Home","item":"https:\/\/www.lengnau.ch\/fr\/"},{"@type":"ListItem","position":2,"name":"Guichet virtuel","item":"https:\/\/www.lengnau.ch\/fr\/guichet-en-ligne\/"},{"@type":"ListItem","position":3,"name":"&#8222;My Local Services&#8220; &#8211; application mobile"}]},{"@type":"WebSite","@id":"https:\/\/www.lengnau.ch\/#website","url":"https:\/\/www.lengnau.ch\/","name":"Gemeinde Lengnau","description":"","potentialAction":[{"@type":"SearchAction","target":{"@type":"EntryPoint","urlTemplate":"https:\/\/www.lengnau.ch\/?s={search_term_string}"},"query-input":{"@type":"PropertyValueSpecification","valueRequired":true,"valueName":"search_term_string"}}],"inLanguage":"fr-FR"}]}},"publishpress_future_action":{"enabled":false,"date":"2026-05-05 02:43:41","action":"change-status","newStatus":"draft","terms":[],"taxonomy":"translation_priority","extraData":[]},"publishpress_future_workflow_manual_trigger":{"enabledWorkflows":[]},"_links":{"self":[{"href":"https:\/\/www.lengnau.ch\/fr\/wp-json\/wp\/v2\/pages\/4838","targetHints":{"allow":["GET"]}}],"collection":[{"href":"https:\/\/www.lengnau.ch\/fr\/wp-json\/wp\/v2\/pages"}],"about":[{"href":"https:\/\/www.lengnau.ch\/fr\/wp-json\/wp\/v2\/types\/page"}],"author":[{"embeddable":true,"href":"https:\/\/www.lengnau.ch\/fr\/wp-json\/wp\/v2\/users\/1"}],"replies":[{"embeddable":true,"href":"https:\/\/www.lengnau.ch\/fr\/wp-json\/wp\/v2\/comments?post=4838"}],"version-history":[{"count":10,"href":"https:\/\/www.lengnau.ch\/fr\/wp-json\/wp\/v2\/pages\/4838\/revisions"}],"predecessor-version":[{"id":9976,"href":"https:\/\/www.lengnau.ch\/fr\/wp-json\/wp\/v2\/pages\/4838\/revisions\/9976"}],"up":[{"embeddable":true,"href":"https:\/\/www.lengnau.ch\/fr\/wp-json\/wp\/v2\/pages\/3073"}],"wp:attachment":[{"href":"https:\/\/www.lengnau.ch\/fr\/wp-json\/wp\/v2\/media?parent=4838"}],"curies":[{"name":"wp","href":"https:\/\/api.w.org\/{rel}","templated":true}]}}