{"id":4026,"date":"2022-06-17T11:04:42","date_gmt":"2022-06-17T09:04:42","guid":{"rendered":"https:\/\/www.lengnau.ch\/themes\/familien\/kindertagesstaette-kita\/"},"modified":"2025-11-04T11:17:47","modified_gmt":"2025-11-04T10:17:47","slug":"kindertagesstaette-kita","status":"publish","type":"page","link":"https:\/\/www.lengnau.ch\/fr\/themes\/familien\/kindertagesstaette-kita\/","title":{"rendered":"Cr\u00e8che (Kita)"},"content":{"rendered":"<h2>Domaine d&rsquo;activit\u00e9<\/h2>\n<p>La cr\u00e8che de Lengnau (Kita Balu) est une offre d&rsquo;accueil extrafamilial de la commune municipale de Lengnau BE. La cr\u00e8che Balu est situ\u00e9e dans une maison \u00e0 deux logements r\u00e9nov\u00e9e en douceur, au Pappelweg 7, 2543 Lengnau BE. Les enfants se tiennent sur trois \u00e9tages. Il y a aussi un grand jardin avec une aire de jeux.<\/p>\n<p>Nous accueillons les enfants de trois mois \u00e0 la maternelle. Chaque jour, 15 enfants sont pris en charge. Nous sommes surtout l\u00e0 pour les enfants de Lengnau. Si des places sont disponibles, nous pouvons \u00e9galement prendre en compte les enfants d&rsquo;autres communes. Les enfants en dehors du canton de Berne paient le tarif plein.<\/p>\n<p><strong>Avoir des priorit\u00e9s<\/strong><\/p>\n<ul>\n<li>parents isol\u00e9s<\/li>\n<li>Enfants qui ont d\u00e9j\u00e0 des fr\u00e8res et s\u0153urs \u00e0 la cr\u00e8che<\/li>\n<\/ul>\n<p>Chaque enfant fr\u00e9quente le centre de jour pendant au moins deux jours entiers ou quatre demi-journ\u00e9es par semaine (40%).<\/p>\n<h2>Offres<\/h2>\n<p>Les offres de prise en charge suivantes existent \u00e0 la cr\u00e8che Balu \u00e0 Lengnau :<\/p>\n<ul>\n<li><strong>1 jour avec d\u00e9jeuner<\/strong><br \/>\n06.30 &#8211; 18.00 heures (max. 10 heures)<\/li>\n<li><strong>3\/4 journ\u00e9e avec repas<br \/>\n<\/strong>06.30 &#8211; 13.00 ou 11.30 &#8211; 18.00 (6 1\/2 heures)<strong> <\/strong><\/li>\n<li><strong>1\/2 journ\u00e9e sans repas<br \/>\n<\/strong>06.30 &#8211; 11.30 ou 13.00 &#8211; 18.00 (5 heures)<strong><br \/>\n<\/strong><\/li>\n<\/ul>\n<h2>Notre id\u00e9e directrice<\/h2>\n<p>Encourager et soutenir les enfants dans leur personnalit\u00e9 individuelle, physique, intellectuelle et sociale. Les enfants doivent se sentir \u00e0 l&rsquo;aise et en s\u00e9curit\u00e9 chez nous. De plus, il y a la possibilit\u00e9 de s&rsquo;int\u00e9grer dans un groupe. Un \u00e9change r\u00e9gulier avec les parents et des informations r\u00e9ciproques sont importants pour nous.<\/p>\n<h2>Jours f\u00e9ri\u00e9s et vacances<\/h2>\n<p>2 semaines en \u00e9t\u00e9<br \/>\n2 semaines en hiver (\u00e0 partir de No\u00ebl et premi\u00e8re semaine de janvier)<br \/>\nSinon, la garderie n&rsquo;est ferm\u00e9e que les jours f\u00e9ri\u00e9s officiels.<\/p>\n<h2>Co\u00fbts<\/h2>\n<p>Le calcul des tarifs se base sur le salaire net des parents responsables, y compris le 13e mois de salaire, les contributions d&rsquo;entretien, les allocations pour enfants et de garde, la gratification, les rentes et autres prestations r\u00e9currentes.<\/p>\n<h2>Plus d&rsquo;informations<\/h2>\n<p>Sur demande t\u00e9l\u00e9phonique, les collaboratrices de la cr\u00e8che Balu vous donneront volontiers de plus amples informations.<\/p>\n<h2>Team<\/h2>\n<p>L&rsquo;\u00e9quipe de la cr\u00e8che Balu est compos\u00e9e de cinq personnes :<\/p>\n<ul>\n<li><strong>Anna H\u00fcsler<\/strong><br \/>\n80%, \u00e9ducatrice de jeunes enfants (directrice)<\/li>\n<li><strong>Sabrina Wenger<\/strong><br \/>\n80%, formatrice pratique (directrice adjointe)<\/li>\n<li><strong>Jasmin Eugster<\/strong><br \/>\n90%, \u00e9ducatrice de jeunes enfants<\/li>\n<li><strong>Br\u00fctsch Leonie<\/strong><br \/>\n90%, sp\u00e9cialiste de l&rsquo;encadrement des enfants<\/li>\n<li><strong>Samira Leuenberger<\/strong><br \/>\n100%, apprentie assistante socio-\u00e9ducative pour enfants<\/li>\n<\/ul>\n<h2>En savoir plus sur le sujet<\/h2>\n<div class=\"elementStandard elementContent elementHeadline elementHeadline_var0\">\n<p><a href=\"https:\/\/www.lengnau.ch\/fr\/themes\/familien\/kinderbetreuung\/\">Bons de garde<\/a><\/p>\n<\/div>\n","protected":false},"excerpt":{"rendered":"<p>Domaine d&rsquo;activit\u00e9 La cr\u00e8che de Lengnau (Kita Balu) est une offre d&rsquo;accueil extrafamilial de la commune municipale de Lengnau BE. La cr\u00e8che Balu est situ\u00e9e dans une maison \u00e0 deux logements r\u00e9nov\u00e9e en douceur, au Pappelweg 7, 2543 Lengnau BE. Les enfants se tiennent sur trois \u00e9tages. Il y a aussi un grand jardin avec [&hellip;]<\/p>\n","protected":false},"author":1,"featured_media":0,"parent":3107,"menu_order":7,"comment_status":"closed","ping_status":"closed","template":"page-abteilungen.php","meta":{"_acf_changed":false,"_relevanssi_hide_post":"","_relevanssi_hide_content":"","_relevanssi_pin_for_all":"","_relevanssi_pin_keywords":"","_relevanssi_unpin_keywords":"","_relevanssi_related_keywords":"","_relevanssi_related_include_ids":"","_relevanssi_related_exclude_ids":"","_relevanssi_related_no_append":"","_relevanssi_related_not_related":"","_relevanssi_related_posts":"","_relevanssi_noindex_reason":"","footnotes":""},"class_list":["post-4026","page","type-page","status-publish","hentry"],"acf":[],"yoast_head":"<!-- This site is optimized with the Yoast SEO plugin v27.1.1 - https:\/\/yoast.com\/product\/yoast-seo-wordpress\/ -->\n<title>Cr\u00e8che (Kita) - Gemeinde Lengnau<\/title>\n<meta name=\"robots\" content=\"index, follow, max-snippet:-1, max-image-preview:large, max-video-preview:-1\" \/>\n<link rel=\"canonical\" href=\"https:\/\/www.lengnau.ch\/fr\/themes\/familien\/kindertagesstaette-kita\/\" \/>\n<meta property=\"og:locale\" content=\"fr_FR\" \/>\n<meta property=\"og:type\" content=\"article\" \/>\n<meta property=\"og:title\" content=\"Cr\u00e8che (Kita) - Gemeinde Lengnau\" \/>\n<meta property=\"og:description\" content=\"Domaine d&rsquo;activit\u00e9 La cr\u00e8che de Lengnau (Kita Balu) est une offre d&rsquo;accueil extrafamilial de la commune municipale de Lengnau BE. La cr\u00e8che Balu est situ\u00e9e dans une maison \u00e0 deux logements r\u00e9nov\u00e9e en douceur, au Pappelweg 7, 2543 Lengnau BE. Les enfants se tiennent sur trois \u00e9tages. Il y a aussi un grand jardin avec [&hellip;]\" \/>\n<meta property=\"og:url\" content=\"https:\/\/www.lengnau.ch\/fr\/themes\/familien\/kindertagesstaette-kita\/\" \/>\n<meta property=\"og:site_name\" content=\"Gemeinde Lengnau\" \/>\n<meta property=\"article:modified_time\" content=\"2025-11-04T10:17:47+00:00\" \/>\n<meta name=\"twitter:card\" content=\"summary_large_image\" \/>\n<script type=\"application\/ld+json\" class=\"yoast-schema-graph\">{\"@context\":\"https:\/\/schema.org\",\"@graph\":[{\"@type\":\"WebPage\",\"@id\":\"https:\/\/www.lengnau.ch\/fr\/themes\/familien\/kindertagesstaette-kita\/\",\"url\":\"https:\/\/www.lengnau.ch\/fr\/themes\/familien\/kindertagesstaette-kita\/\",\"name\":\"Cr\u00e8che (Kita) - Gemeinde Lengnau\",\"isPartOf\":{\"@id\":\"https:\/\/www.lengnau.ch\/#website\"},\"datePublished\":\"2022-06-17T09:04:42+00:00\",\"dateModified\":\"2025-11-04T10:17:47+00:00\",\"breadcrumb\":{\"@id\":\"https:\/\/www.lengnau.ch\/fr\/themes\/familien\/kindertagesstaette-kita\/#breadcrumb\"},\"inLanguage\":\"fr-FR\",\"potentialAction\":[{\"@type\":\"ReadAction\",\"target\":[\"https:\/\/www.lengnau.ch\/fr\/themes\/familien\/kindertagesstaette-kita\/\"]}]},{\"@type\":\"BreadcrumbList\",\"@id\":\"https:\/\/www.lengnau.ch\/fr\/themes\/familien\/kindertagesstaette-kita\/#breadcrumb\",\"itemListElement\":[{\"@type\":\"ListItem\",\"position\":1,\"name\":\"Home\",\"item\":\"https:\/\/www.lengnau.ch\/fr\/\"},{\"@type\":\"ListItem\",\"position\":2,\"name\":\"Th\u00e8mes\",\"item\":\"https:\/\/www.lengnau.ch\/fr\/themes\/\"},{\"@type\":\"ListItem\",\"position\":3,\"name\":\"Familles\",\"item\":\"https:\/\/www.lengnau.ch\/fr\/themes\/familien\/\"},{\"@type\":\"ListItem\",\"position\":4,\"name\":\"Cr\u00e8che (Kita)\"}]},{\"@type\":\"WebSite\",\"@id\":\"https:\/\/www.lengnau.ch\/#website\",\"url\":\"https:\/\/www.lengnau.ch\/\",\"name\":\"Gemeinde Lengnau\",\"description\":\"\",\"potentialAction\":[{\"@type\":\"SearchAction\",\"target\":{\"@type\":\"EntryPoint\",\"urlTemplate\":\"https:\/\/www.lengnau.ch\/?s={search_term_string}\"},\"query-input\":{\"@type\":\"PropertyValueSpecification\",\"valueRequired\":true,\"valueName\":\"search_term_string\"}}],\"inLanguage\":\"fr-FR\"}]}<\/script>\n<!-- \/ Yoast SEO plugin. -->","yoast_head_json":{"title":"Cr\u00e8che (Kita) - Gemeinde Lengnau","robots":{"index":"index","follow":"follow","max-snippet":"max-snippet:-1","max-image-preview":"max-image-preview:large","max-video-preview":"max-video-preview:-1"},"canonical":"https:\/\/www.lengnau.ch\/fr\/themes\/familien\/kindertagesstaette-kita\/","og_locale":"fr_FR","og_type":"article","og_title":"Cr\u00e8che (Kita) - Gemeinde Lengnau","og_description":"Domaine d&rsquo;activit\u00e9 La cr\u00e8che de Lengnau (Kita Balu) est une offre d&rsquo;accueil extrafamilial de la commune municipale de Lengnau BE. La cr\u00e8che Balu est situ\u00e9e dans une maison \u00e0 deux logements r\u00e9nov\u00e9e en douceur, au Pappelweg 7, 2543 Lengnau BE. Les enfants se tiennent sur trois \u00e9tages. Il y a aussi un grand jardin avec [&hellip;]","og_url":"https:\/\/www.lengnau.ch\/fr\/themes\/familien\/kindertagesstaette-kita\/","og_site_name":"Gemeinde Lengnau","article_modified_time":"2025-11-04T10:17:47+00:00","twitter_card":"summary_large_image","schema":{"@context":"https:\/\/schema.org","@graph":[{"@type":"WebPage","@id":"https:\/\/www.lengnau.ch\/fr\/themes\/familien\/kindertagesstaette-kita\/","url":"https:\/\/www.lengnau.ch\/fr\/themes\/familien\/kindertagesstaette-kita\/","name":"Cr\u00e8che (Kita) - Gemeinde Lengnau","isPartOf":{"@id":"https:\/\/www.lengnau.ch\/#website"},"datePublished":"2022-06-17T09:04:42+00:00","dateModified":"2025-11-04T10:17:47+00:00","breadcrumb":{"@id":"https:\/\/www.lengnau.ch\/fr\/themes\/familien\/kindertagesstaette-kita\/#breadcrumb"},"inLanguage":"fr-FR","potentialAction":[{"@type":"ReadAction","target":["https:\/\/www.lengnau.ch\/fr\/themes\/familien\/kindertagesstaette-kita\/"]}]},{"@type":"BreadcrumbList","@id":"https:\/\/www.lengnau.ch\/fr\/themes\/familien\/kindertagesstaette-kita\/#breadcrumb","itemListElement":[{"@type":"ListItem","position":1,"name":"Home","item":"https:\/\/www.lengnau.ch\/fr\/"},{"@type":"ListItem","position":2,"name":"Th\u00e8mes","item":"https:\/\/www.lengnau.ch\/fr\/themes\/"},{"@type":"ListItem","position":3,"name":"Familles","item":"https:\/\/www.lengnau.ch\/fr\/themes\/familien\/"},{"@type":"ListItem","position":4,"name":"Cr\u00e8che (Kita)"}]},{"@type":"WebSite","@id":"https:\/\/www.lengnau.ch\/#website","url":"https:\/\/www.lengnau.ch\/","name":"Gemeinde Lengnau","description":"","potentialAction":[{"@type":"SearchAction","target":{"@type":"EntryPoint","urlTemplate":"https:\/\/www.lengnau.ch\/?s={search_term_string}"},"query-input":{"@type":"PropertyValueSpecification","valueRequired":true,"valueName":"search_term_string"}}],"inLanguage":"fr-FR"}]}},"publishpress_future_action":{"enabled":false,"date":"2026-04-12 15:44:47","action":"change-status","newStatus":"draft","terms":[],"taxonomy":"translation_priority","extraData":[]},"publishpress_future_workflow_manual_trigger":{"enabledWorkflows":[]},"_links":{"self":[{"href":"https:\/\/www.lengnau.ch\/fr\/wp-json\/wp\/v2\/pages\/4026","targetHints":{"allow":["GET"]}}],"collection":[{"href":"https:\/\/www.lengnau.ch\/fr\/wp-json\/wp\/v2\/pages"}],"about":[{"href":"https:\/\/www.lengnau.ch\/fr\/wp-json\/wp\/v2\/types\/page"}],"author":[{"embeddable":true,"href":"https:\/\/www.lengnau.ch\/fr\/wp-json\/wp\/v2\/users\/1"}],"replies":[{"embeddable":true,"href":"https:\/\/www.lengnau.ch\/fr\/wp-json\/wp\/v2\/comments?post=4026"}],"version-history":[{"count":10,"href":"https:\/\/www.lengnau.ch\/fr\/wp-json\/wp\/v2\/pages\/4026\/revisions"}],"predecessor-version":[{"id":18031,"href":"https:\/\/www.lengnau.ch\/fr\/wp-json\/wp\/v2\/pages\/4026\/revisions\/18031"}],"up":[{"embeddable":true,"href":"https:\/\/www.lengnau.ch\/fr\/wp-json\/wp\/v2\/pages\/3107"}],"wp:attachment":[{"href":"https:\/\/www.lengnau.ch\/fr\/wp-json\/wp\/v2\/media?parent=4026"}],"curies":[{"name":"wp","href":"https:\/\/api.w.org\/{rel}","templated":true}]}}