{"id":3241,"date":"2022-02-16T18:36:05","date_gmt":"2022-02-16T17:36:05","guid":{"rendered":"https:\/\/lengnau.rettenmund.com\/verwaltung-politik\/gemeindeverwaltung\/kontakt-oeffnungszeiten\/"},"modified":"2026-04-07T07:53:03","modified_gmt":"2026-04-07T05:53:03","slug":"kontakt-oeffnungszeiten","status":"publish","type":"page","link":"https:\/\/www.lengnau.ch\/fr\/verwaltung-politik-2\/gemeindeverwaltung\/kontakt-oeffnungszeiten\/","title":{"rendered":"Contact et heures d&rsquo;ouverture"},"content":{"rendered":"<h2>D\u00e9partements<\/h2>\n<h3>D\u00e9partement de la pr\u00e9sidence<\/h3>\n<p>D\u00e9partement de la pr\u00e9sidence Lengnau<br \/>\nDorfplatz 1<br \/>\n2543 Lengnau BE<\/p>\n<p>T\u00e9l\u00e9phone 032 654 71 01<br \/>\n<a href=\"mailto:in**@*****au.ch\" data-original-string=\"xt\/T85rDfdQyUrUAYKJoLQ==a0eC1pPuqIO3m8x1xSyV6OOwg==\" title=\"This contact has been encoded by Anti-Spam by CleanTalk. Click to decode. To finish the decoding make sure that JavaScript is enabled in your browser.\">Courrier \u00e9lectronique<\/a><\/p>\n<p>Contr\u00f4le des habitants et des \u00e9trangers, enterrements et scell\u00e9s, autorisations de stationnement, contr\u00f4le du stationnement, notes de Longeau, contr\u00f4le des chiens, bureau des objets trouv\u00e9s, secr\u00e9tariat du conseil communal, secr\u00e9tariat du d\u00e9veloppement communal, \u00e9conomie, sport et culture<\/p>\n<h3>D\u00e9partement des finances<\/h3>\n<p>D\u00e9partement des finances de Lengnau<br \/>\nDorfplatz 1<br \/>\n2543 Lengnau BE<\/p>\n<p>T\u00e9l\u00e9phone 032 654 71 02<br \/>\n<a href=\"mailto:fi*************@*****au.ch\" data-original-string=\"q8Ip2gkrNO3hzhbOQFe\/gg==a0e+ZGFrTwC\/usLzv20RtD4ZVW4kSLrqDgxV6A8L4\/ll7Q=\" title=\"This contact has been encoded by Anti-Spam by CleanTalk. Click to decode. To finish the decoding make sure that JavaScript is enabled in your browser.\" target=\"_blank\" rel=\"noopener\">E-mail<\/a> (service financier)<br \/>\n<a href=\"mailto:st*********@*****au.ch\" data-original-string=\"mFYMEiokL+9t2Vd\/1f\/DAA==a0eLABB2Q3UiKR+GJgsPFFE46mIpJ2sQN8UJrVeUeSzNnc=\" title=\"This contact has been encoded by Anti-Spam by CleanTalk. Click to decode. To finish the decoding make sure that JavaScript is enabled in your browser.\" target=\"_blank\" rel=\"noopener\">E-mail<\/a> (bureau fiscal)<br \/>\n<a href=\"mailto:mi***********@*****au.ch\" data-original-string=\"CSUU3fFU3YEHVeD\/mLzX2Q==a0eywUYM2zvvsbWpWAPLicLaMKekHHzrhI6HyJ7h6legIo=\" title=\"This contact has been encoded by Anti-Spam by CleanTalk. Click to decode. To finish the decoding make sure that JavaScript is enabled in your browser.\" target=\"_blank\" rel=\"noopener\">E-mail<\/a> (facturation des frais \/ changement de locataire)<\/p>\n<p>Trafic des paiements, encaissement, bureau des imp\u00f4ts et \u00e9valuation officielle, gestion des biens immobiliers, taxes<\/p>\n<h3>Service social<\/h3>\n<p>Service social de Lengnau<br \/>\nDorfplatz 1<br \/>\n2543 Lengnau BE<\/p>\n<p>T\u00e9l\u00e9phone 032 654 71 03<br \/>\n<a href=\"mailto:so*************@*****au.ch\" data-original-string=\"HK4q6OYICYTDx1CTCcNGIA==a0ejVC41gjro6CreWOlfZZdHo4EEa2MwzKZBplv\/pn5ZPs=\" title=\"This contact has been encoded by Anti-Spam by CleanTalk. Click to decode. To finish the decoding make sure that JavaScript is enabled in your browser.\">Courrier \u00e9lectronique<\/a><\/p>\n<p>Aide sociale, protection de l&rsquo;enfant et de l&rsquo;adulte, conseil social, avance de pensions alimentaires et aide au recouvrement<\/p>\n<h3>D\u00e9partement de la construction et de la planification<\/h3>\n<p>D\u00e9partement de la construction et de la planification Lengnau<br \/>\nBrunnenplatz 2<br \/>\n2543 Lengnau BE<\/p>\n<p>T\u00e9l\u00e9phone 032 654 71 04<br \/>\n<a href=\"mailto:ba**********@*****au.ch\" data-original-string=\"AjPABFgiDx430tj4t1t0BQ==a0eARMY+NRgGkb6tzxyjaMC2rtiiBzywrmRUnDrIsUey2E=\" title=\"This contact has been encoded by Anti-Spam by CleanTalk. Click to decode. To finish the decoding make sure that JavaScript is enabled in your browser.\">Courrier \u00e9lectronique<\/a><\/p>\n<p>Construction, planification, gestion des d\u00e9chets, environnement, mobilit\u00e9<\/p>\n<h3>D\u00e9partement de l&rsquo;exploitation et du g\u00e9nie civil<\/h3>\n<p>D\u00e9partement de l&rsquo;exploitation et du g\u00e9nie civil de Lengnau<br \/>\nBrunnenplatz 2<br \/>\n2543 Lengnau BE<\/p>\n<p>T\u00e9l\u00e9phone 032 654 71 04<br \/>\n<a href=\"mailto:be***************@*****au.ch\" data-original-string=\"Rm7I2jzonO+mfDQ8hWNP6Q==a0e1Q0ZFj2iHZ8yJjw2LXz9zh1w9TEIwwgPxdflC2sjjC4=\" title=\"This contact has been encoded by Anti-Spam by CleanTalk. Click to decode. To finish the decoding make sure that JavaScript is enabled in your browser.\">Courrier \u00e9lectronique<\/a><\/p>\n<p>Approvisionnement en eau, \u00e9vacuation des eaux us\u00e9es, approvisionnement en \u00e9lectricit\u00e9, construction de routes et signalisation<\/p>\n<h3>Salle de c\u00e9r\u00e9monie, cimeti\u00e8re<\/h3>\n<p>Cimeti\u00e8re de Lengnau \/ Salle d&rsquo;inhumation<br \/>\nEmil Schiblistrasse 1<br \/>\n2543 Lengnau BE<\/p>\n<p>Fritz Alchenberger, jardinier de cimeti\u00e8re<br \/>\nT\u00e9l\u00e9phone 079 437 47 62<\/p>\n<h3>Agence AVS de Lengnau-Pieterlen<\/h3>\n<p>Agence AVS de Lengnau-Pieterlen<br \/>\nDorfplatz 1<br \/>\n2543 Lengnau BE<\/p>\n<p>T\u00e9l\u00e9phone 032 654 71 02<br \/>\n<a href=\"mailto:ah*@*****au.ch\" data-original-string=\"SFXHhEev9y\/4ixFRu\/E47Q==a0egdT6FbbCJ9Oqdvpu75DRsg==\" title=\"This contact has been encoded by Anti-Spam by CleanTalk. Click to decode. To finish the decoding make sure that JavaScript is enabled in your browser.\">Courrier \u00e9lectronique<\/a><\/p>\n<h3>Centre d&rsquo;entretien<\/h3>\n<p>Centre d&rsquo;entretien de Lengnau<br \/>\nRolliweg 3<br \/>\n2543 Lengnau BE<\/p>\n<p>T\u00e9l\u00e9phone 032 652 59 20<br \/>\n<a class=\"mail\" title=\"Courrier \u00e9lectronique\" href=\"mailto:ch************@*****au.ch\" data-original-string=\"Iv1nAindfo+37ND\/S1ZWow==a0eeL1Wg25y5lbMEsZQQm8uot99FkKrvEYbBYFeWqLE7Gw=\" title=\"This contact has been encoded by Anti-Spam by CleanTalk. Click to decode. To finish the decoding make sure that JavaScript is enabled in your browser.\" target=\"_blank\" rel=\"noopener\">Courrier \u00e9lectronique<\/a><\/p>\n<p><strong>Heures d&rsquo;ouverture du Werkhof :<\/strong><br \/>\njeudi de 16h30 \u00e0 18h00<br \/>\nvendredi 14h00 &#8211; 16h00<\/p>\n<h3>Service de s\u00e9curit\u00e9 et de contr\u00f4le \/ Amendes de stationnement<\/h3>\n<p>D\u00e9partement de la pr\u00e9sidence Lengnau<br \/>\nHeinz B\u00f6nzli, service de s\u00e9curit\u00e9 et de contr\u00f4le<br \/>\nT\u00e9l\u00e9phone 032 654 71 01<br \/>\n<a href=\"mailto:he***********@*****au.ch\" data-original-string=\"o38f3hcALIN2tXV0b+QAtQ==a0eH5PaLDVioi9QjtWm3BwXBQFqioy4Cm4HtuCP6aBMSoE=\" title=\"This contact has been encoded by Anti-Spam by CleanTalk. Click to decode. To finish the decoding make sure that JavaScript is enabled in your browser.\">Courrier \u00e9lectronique<\/a><\/p>\n<h3>Administration de l&rsquo;\u00e9cole<\/h3>\n<p>\u00c9cole de Lengnau<br \/>\nAdministration de l&rsquo;\u00e9cole<br \/>\nSchulweg 6<br \/>\n2543 Lengnau BE<\/p>\n<p>T\u00e9l\u00e9phone 032 654 71 06<br \/>\n<a href=\"mailto:sc**********@*****au.ch\" data-original-string=\"+FsBwXyZyyWWngGe9T2Ljw==a0esJjbook98uJhTsjO+dfacPDxa5zwZ\/3trfcJQgpi2ps=\" title=\"This contact has been encoded by Anti-Spam by CleanTalk. Click to decode. To finish the decoding make sure that JavaScript is enabled in your browser.\">Courrier \u00e9lectronique<\/a><br \/>\n<a href=\"https:\/\/www.schule-lengnau.ch\">Site web<\/a><\/p>\n<p><strong>Heures d&rsquo;ouverture de l&rsquo;administration scolaire :<br \/>\n<\/strong>lundi, mardi, jeudi et vendredi<br \/>\n09h00 &#8211; 11h30<\/p>\n<p>Ferm\u00e9 le mercredi<\/p>\n<h2>En cas d&rsquo;urgence<\/h2>\n<p><strong>Num\u00e9ro de t\u00e9l\u00e9phone d&rsquo;urgence de la commune de Lengnau BE<\/strong><br \/>\nT\u00e9l\u00e9phone 032 654 71 70<\/p>\n<p>Urgences incl. D\u00e9c\u00e8s pendant le week-end \/ les jours f\u00e9ri\u00e9s<\/p>\n","protected":false},"excerpt":{"rendered":"<p>D\u00e9partements D\u00e9partement de la pr\u00e9sidence D\u00e9partement de la pr\u00e9sidence Lengnau Dorfplatz 1 2543 Lengnau BE T\u00e9l\u00e9phone 032 654 71 01 Courrier \u00e9lectronique Contr\u00f4le des habitants et des \u00e9trangers, enterrements et scell\u00e9s, autorisations de stationnement, contr\u00f4le du stationnement, notes de Longeau, contr\u00f4le des chiens, bureau des objets trouv\u00e9s, secr\u00e9tariat du conseil communal, secr\u00e9tariat du d\u00e9veloppement communal, [&hellip;]<\/p>\n","protected":false},"author":1,"featured_media":0,"parent":3119,"menu_order":95,"comment_status":"closed","ping_status":"closed","template":"","meta":{"_acf_changed":false,"_relevanssi_hide_post":"","_relevanssi_hide_content":"","_relevanssi_pin_for_all":"","_relevanssi_pin_keywords":"","_relevanssi_unpin_keywords":"","_relevanssi_related_keywords":"","_relevanssi_related_include_ids":"","_relevanssi_related_exclude_ids":"","_relevanssi_related_no_append":"","_relevanssi_related_not_related":"","_relevanssi_related_posts":"","_relevanssi_noindex_reason":"","footnotes":""},"class_list":["post-3241","page","type-page","status-publish","hentry"],"acf":[],"yoast_head":"<!-- This site is optimized with the Yoast SEO plugin v27.4 - https:\/\/yoast.com\/product\/yoast-seo-wordpress\/ -->\n<title>Contact et heures d&#039;ouverture - Gemeinde Lengnau<\/title>\n<meta name=\"robots\" content=\"index, follow, max-snippet:-1, max-image-preview:large, max-video-preview:-1\" \/>\n<link rel=\"canonical\" href=\"https:\/\/www.lengnau.ch\/fr\/verwaltung-politik-2\/gemeindeverwaltung\/kontakt-oeffnungszeiten\/\" \/>\n<meta property=\"og:locale\" content=\"fr_FR\" \/>\n<meta property=\"og:type\" content=\"article\" \/>\n<meta property=\"og:title\" content=\"Contact et heures d&#039;ouverture - Gemeinde Lengnau\" \/>\n<meta property=\"og:description\" content=\"D\u00e9partements D\u00e9partement de la pr\u00e9sidence D\u00e9partement de la pr\u00e9sidence Lengnau Dorfplatz 1 2543 Lengnau BE T\u00e9l\u00e9phone 032 654 71 01 Courrier \u00e9lectronique Contr\u00f4le des habitants et des \u00e9trangers, enterrements et scell\u00e9s, autorisations de stationnement, contr\u00f4le du stationnement, notes de Longeau, contr\u00f4le des chiens, bureau des objets trouv\u00e9s, secr\u00e9tariat du conseil communal, secr\u00e9tariat du d\u00e9veloppement communal, [&hellip;]\" \/>\n<meta property=\"og:url\" content=\"https:\/\/www.lengnau.ch\/fr\/verwaltung-politik-2\/gemeindeverwaltung\/kontakt-oeffnungszeiten\/\" \/>\n<meta property=\"og:site_name\" content=\"Gemeinde Lengnau\" \/>\n<meta property=\"article:modified_time\" content=\"2026-04-07T05:53:03+00:00\" \/>\n<meta name=\"twitter:card\" content=\"summary_large_image\" \/>\n<script type=\"application\/ld+json\" class=\"yoast-schema-graph\">{\"@context\":\"https:\\\/\\\/schema.org\",\"@graph\":[{\"@type\":\"WebPage\",\"@id\":\"https:\\\/\\\/www.lengnau.ch\\\/fr\\\/verwaltung-politik-2\\\/gemeindeverwaltung\\\/kontakt-oeffnungszeiten\\\/\",\"url\":\"https:\\\/\\\/www.lengnau.ch\\\/fr\\\/verwaltung-politik-2\\\/gemeindeverwaltung\\\/kontakt-oeffnungszeiten\\\/\",\"name\":\"Contact et heures d'ouverture - Gemeinde Lengnau\",\"isPartOf\":{\"@id\":\"https:\\\/\\\/www.lengnau.ch\\\/#website\"},\"datePublished\":\"2022-02-16T17:36:05+00:00\",\"dateModified\":\"2026-04-07T05:53:03+00:00\",\"breadcrumb\":{\"@id\":\"https:\\\/\\\/www.lengnau.ch\\\/fr\\\/verwaltung-politik-2\\\/gemeindeverwaltung\\\/kontakt-oeffnungszeiten\\\/#breadcrumb\"},\"inLanguage\":\"fr-FR\",\"potentialAction\":[{\"@type\":\"ReadAction\",\"target\":[\"https:\\\/\\\/www.lengnau.ch\\\/fr\\\/verwaltung-politik-2\\\/gemeindeverwaltung\\\/kontakt-oeffnungszeiten\\\/\"]}]},{\"@type\":\"BreadcrumbList\",\"@id\":\"https:\\\/\\\/www.lengnau.ch\\\/fr\\\/verwaltung-politik-2\\\/gemeindeverwaltung\\\/kontakt-oeffnungszeiten\\\/#breadcrumb\",\"itemListElement\":[{\"@type\":\"ListItem\",\"position\":1,\"name\":\"Home\",\"item\":\"https:\\\/\\\/www.lengnau.ch\\\/fr\\\/\"},{\"@type\":\"ListItem\",\"position\":2,\"name\":\"Administration et politique\",\"item\":\"https:\\\/\\\/www.lengnau.ch\\\/fr\\\/verwaltung-politik-2\\\/\"},{\"@type\":\"ListItem\",\"position\":3,\"name\":\"Administration communale\",\"item\":\"https:\\\/\\\/www.lengnau.ch\\\/fr\\\/verwaltung-politik-2\\\/gemeindeverwaltung\\\/\"},{\"@type\":\"ListItem\",\"position\":4,\"name\":\"Contact et heures d&#8217;ouverture\"}]},{\"@type\":\"WebSite\",\"@id\":\"https:\\\/\\\/www.lengnau.ch\\\/#website\",\"url\":\"https:\\\/\\\/www.lengnau.ch\\\/\",\"name\":\"Gemeinde Lengnau\",\"description\":\"\",\"potentialAction\":[{\"@type\":\"SearchAction\",\"target\":{\"@type\":\"EntryPoint\",\"urlTemplate\":\"https:\\\/\\\/www.lengnau.ch\\\/?s={search_term_string}\"},\"query-input\":{\"@type\":\"PropertyValueSpecification\",\"valueRequired\":true,\"valueName\":\"search_term_string\"}}],\"inLanguage\":\"fr-FR\"}]}<\/script>\n<!-- \/ Yoast SEO plugin. -->","yoast_head_json":{"title":"Contact et heures d'ouverture - Gemeinde Lengnau","robots":{"index":"index","follow":"follow","max-snippet":"max-snippet:-1","max-image-preview":"max-image-preview:large","max-video-preview":"max-video-preview:-1"},"canonical":"https:\/\/www.lengnau.ch\/fr\/verwaltung-politik-2\/gemeindeverwaltung\/kontakt-oeffnungszeiten\/","og_locale":"fr_FR","og_type":"article","og_title":"Contact et heures d'ouverture - Gemeinde Lengnau","og_description":"D\u00e9partements D\u00e9partement de la pr\u00e9sidence D\u00e9partement de la pr\u00e9sidence Lengnau Dorfplatz 1 2543 Lengnau BE T\u00e9l\u00e9phone 032 654 71 01 Courrier \u00e9lectronique Contr\u00f4le des habitants et des \u00e9trangers, enterrements et scell\u00e9s, autorisations de stationnement, contr\u00f4le du stationnement, notes de Longeau, contr\u00f4le des chiens, bureau des objets trouv\u00e9s, secr\u00e9tariat du conseil communal, secr\u00e9tariat du d\u00e9veloppement communal, [&hellip;]","og_url":"https:\/\/www.lengnau.ch\/fr\/verwaltung-politik-2\/gemeindeverwaltung\/kontakt-oeffnungszeiten\/","og_site_name":"Gemeinde Lengnau","article_modified_time":"2026-04-07T05:53:03+00:00","twitter_card":"summary_large_image","schema":{"@context":"https:\/\/schema.org","@graph":[{"@type":"WebPage","@id":"https:\/\/www.lengnau.ch\/fr\/verwaltung-politik-2\/gemeindeverwaltung\/kontakt-oeffnungszeiten\/","url":"https:\/\/www.lengnau.ch\/fr\/verwaltung-politik-2\/gemeindeverwaltung\/kontakt-oeffnungszeiten\/","name":"Contact et heures d'ouverture - Gemeinde Lengnau","isPartOf":{"@id":"https:\/\/www.lengnau.ch\/#website"},"datePublished":"2022-02-16T17:36:05+00:00","dateModified":"2026-04-07T05:53:03+00:00","breadcrumb":{"@id":"https:\/\/www.lengnau.ch\/fr\/verwaltung-politik-2\/gemeindeverwaltung\/kontakt-oeffnungszeiten\/#breadcrumb"},"inLanguage":"fr-FR","potentialAction":[{"@type":"ReadAction","target":["https:\/\/www.lengnau.ch\/fr\/verwaltung-politik-2\/gemeindeverwaltung\/kontakt-oeffnungszeiten\/"]}]},{"@type":"BreadcrumbList","@id":"https:\/\/www.lengnau.ch\/fr\/verwaltung-politik-2\/gemeindeverwaltung\/kontakt-oeffnungszeiten\/#breadcrumb","itemListElement":[{"@type":"ListItem","position":1,"name":"Home","item":"https:\/\/www.lengnau.ch\/fr\/"},{"@type":"ListItem","position":2,"name":"Administration et politique","item":"https:\/\/www.lengnau.ch\/fr\/verwaltung-politik-2\/"},{"@type":"ListItem","position":3,"name":"Administration communale","item":"https:\/\/www.lengnau.ch\/fr\/verwaltung-politik-2\/gemeindeverwaltung\/"},{"@type":"ListItem","position":4,"name":"Contact et heures d&#8217;ouverture"}]},{"@type":"WebSite","@id":"https:\/\/www.lengnau.ch\/#website","url":"https:\/\/www.lengnau.ch\/","name":"Gemeinde Lengnau","description":"","potentialAction":[{"@type":"SearchAction","target":{"@type":"EntryPoint","urlTemplate":"https:\/\/www.lengnau.ch\/?s={search_term_string}"},"query-input":{"@type":"PropertyValueSpecification","valueRequired":true,"valueName":"search_term_string"}}],"inLanguage":"fr-FR"}]}},"publishpress_future_action":{"enabled":false,"date":"2026-05-06 23:03:47","action":"change-status","newStatus":"draft","terms":[],"taxonomy":"translation_priority","extraData":[]},"publishpress_future_workflow_manual_trigger":{"enabledWorkflows":[]},"_links":{"self":[{"href":"https:\/\/www.lengnau.ch\/fr\/wp-json\/wp\/v2\/pages\/3241","targetHints":{"allow":["GET"]}}],"collection":[{"href":"https:\/\/www.lengnau.ch\/fr\/wp-json\/wp\/v2\/pages"}],"about":[{"href":"https:\/\/www.lengnau.ch\/fr\/wp-json\/wp\/v2\/types\/page"}],"author":[{"embeddable":true,"href":"https:\/\/www.lengnau.ch\/fr\/wp-json\/wp\/v2\/users\/1"}],"replies":[{"embeddable":true,"href":"https:\/\/www.lengnau.ch\/fr\/wp-json\/wp\/v2\/comments?post=3241"}],"version-history":[{"count":10,"href":"https:\/\/www.lengnau.ch\/fr\/wp-json\/wp\/v2\/pages\/3241\/revisions"}],"predecessor-version":[{"id":17668,"href":"https:\/\/www.lengnau.ch\/fr\/wp-json\/wp\/v2\/pages\/3241\/revisions\/17668"}],"up":[{"embeddable":true,"href":"https:\/\/www.lengnau.ch\/fr\/wp-json\/wp\/v2\/pages\/3119"}],"wp:attachment":[{"href":"https:\/\/www.lengnau.ch\/fr\/wp-json\/wp\/v2\/media?parent=3241"}],"curies":[{"name":"wp","href":"https:\/\/api.w.org\/{rel}","templated":true}]}}