{"id":3240,"date":"2022-02-16T18:30:35","date_gmt":"2022-02-16T17:30:35","guid":{"rendered":"https:\/\/lengnau.rettenmund.com\/themen\/wirtschaft\/unternehmen-gruenden\/"},"modified":"2024-10-23T10:30:36","modified_gmt":"2024-10-23T08:30:36","slug":"unternehmen-gruenden","status":"publish","type":"page","link":"https:\/\/www.lengnau.ch\/fr\/themes\/economie\/unternehmen-gruenden\/","title":{"rendered":"Cr\u00e9er une entreprise"},"content":{"rendered":"<p>Sur le site <a title=\"www.ch.ch\" href=\"https:\/\/www.ch.ch\/de\/arbeit\/selbstandigerwerbende\/\" target=\"_blank\" rel=\"noopener\">www.ch.ch<\/a>, vous trouverez des informations sur les th\u00e8mes suivants :<\/p>\n<ul>\n<li>Forme juridique<\/li>\n<li>Inscription au registre du commerce<\/li>\n<li>Assurances sociales<\/li>\n<li>Imp\u00f4ts<\/li>\n<li>Taxe sur la valeur ajout\u00e9e<\/li>\n<\/ul>\n<p><a title=\"Agence AVS de Lengnau-Pieterlen\" href=\"https:\/\/www.lengnau.ch\/verwaltung-politik\/gemeindeverwaltung\/finanzabteilung\/\">L&rsquo;agence AVS de Lengnau-Pieterlen<\/a> se tient \u00e9galement \u00e0 votre disposition pour r\u00e9pondre \u00e0 vos questions.<\/p>\n","protected":false},"excerpt":{"rendered":"<p>Sur le site www.ch.ch, vous trouverez des informations sur les th\u00e8mes suivants : Forme juridique Inscription au registre du commerce Assurances sociales Imp\u00f4ts Taxe sur la valeur ajout\u00e9e L&rsquo;agence AVS de Lengnau-Pieterlen se tient \u00e9galement \u00e0 votre disposition pour r\u00e9pondre \u00e0 vos questions.<\/p>\n","protected":false},"author":1,"featured_media":0,"parent":3239,"menu_order":34,"comment_status":"closed","ping_status":"closed","template":"","meta":{"_acf_changed":false,"_relevanssi_hide_post":"","_relevanssi_hide_content":"","_relevanssi_pin_for_all":"","_relevanssi_pin_keywords":"","_relevanssi_unpin_keywords":"","_relevanssi_related_keywords":"","_relevanssi_related_include_ids":"","_relevanssi_related_exclude_ids":"","_relevanssi_related_no_append":"","_relevanssi_related_not_related":"","_relevanssi_related_posts":"","_relevanssi_noindex_reason":"","footnotes":""},"class_list":["post-3240","page","type-page","status-publish","hentry"],"acf":[],"yoast_head":"<!-- This site is optimized with the Yoast SEO plugin v27.3 - https:\/\/yoast.com\/product\/yoast-seo-wordpress\/ -->\n<title>Cr\u00e9er une entreprise - Gemeinde Lengnau<\/title>\n<meta name=\"robots\" content=\"index, follow, max-snippet:-1, max-image-preview:large, max-video-preview:-1\" \/>\n<link rel=\"canonical\" href=\"https:\/\/www.lengnau.ch\/fr\/themes\/economie\/unternehmen-gruenden\/\" \/>\n<meta property=\"og:locale\" content=\"fr_FR\" \/>\n<meta property=\"og:type\" content=\"article\" \/>\n<meta property=\"og:title\" content=\"Cr\u00e9er une entreprise - Gemeinde Lengnau\" \/>\n<meta property=\"og:description\" content=\"Sur le site www.ch.ch, vous trouverez des informations sur les th\u00e8mes suivants : Forme juridique Inscription au registre du commerce Assurances sociales Imp\u00f4ts Taxe sur la valeur ajout\u00e9e L&rsquo;agence AVS de Lengnau-Pieterlen se tient \u00e9galement \u00e0 votre disposition pour r\u00e9pondre \u00e0 vos questions.\" \/>\n<meta property=\"og:url\" content=\"https:\/\/www.lengnau.ch\/fr\/themes\/economie\/unternehmen-gruenden\/\" \/>\n<meta property=\"og:site_name\" content=\"Gemeinde Lengnau\" \/>\n<meta property=\"article:modified_time\" content=\"2024-10-23T08:30:36+00:00\" \/>\n<meta name=\"twitter:card\" content=\"summary_large_image\" \/>\n<script type=\"application\/ld+json\" class=\"yoast-schema-graph\">{\"@context\":\"https:\\\/\\\/schema.org\",\"@graph\":[{\"@type\":\"WebPage\",\"@id\":\"https:\\\/\\\/www.lengnau.ch\\\/fr\\\/themes\\\/economie\\\/unternehmen-gruenden\\\/\",\"url\":\"https:\\\/\\\/www.lengnau.ch\\\/fr\\\/themes\\\/economie\\\/unternehmen-gruenden\\\/\",\"name\":\"Cr\u00e9er une entreprise - Gemeinde Lengnau\",\"isPartOf\":{\"@id\":\"https:\\\/\\\/www.lengnau.ch\\\/#website\"},\"datePublished\":\"2022-02-16T17:30:35+00:00\",\"dateModified\":\"2024-10-23T08:30:36+00:00\",\"breadcrumb\":{\"@id\":\"https:\\\/\\\/www.lengnau.ch\\\/fr\\\/themes\\\/economie\\\/unternehmen-gruenden\\\/#breadcrumb\"},\"inLanguage\":\"fr-FR\",\"potentialAction\":[{\"@type\":\"ReadAction\",\"target\":[\"https:\\\/\\\/www.lengnau.ch\\\/fr\\\/themes\\\/economie\\\/unternehmen-gruenden\\\/\"]}]},{\"@type\":\"BreadcrumbList\",\"@id\":\"https:\\\/\\\/www.lengnau.ch\\\/fr\\\/themes\\\/economie\\\/unternehmen-gruenden\\\/#breadcrumb\",\"itemListElement\":[{\"@type\":\"ListItem\",\"position\":1,\"name\":\"Home\",\"item\":\"https:\\\/\\\/www.lengnau.ch\\\/fr\\\/\"},{\"@type\":\"ListItem\",\"position\":2,\"name\":\"Th\u00e8mes\",\"item\":\"https:\\\/\\\/www.lengnau.ch\\\/fr\\\/themes\\\/\"},{\"@type\":\"ListItem\",\"position\":3,\"name\":\"\u00c9conomie\",\"item\":\"https:\\\/\\\/www.lengnau.ch\\\/fr\\\/themes\\\/economie\\\/\"},{\"@type\":\"ListItem\",\"position\":4,\"name\":\"Cr\u00e9er une entreprise\"}]},{\"@type\":\"WebSite\",\"@id\":\"https:\\\/\\\/www.lengnau.ch\\\/#website\",\"url\":\"https:\\\/\\\/www.lengnau.ch\\\/\",\"name\":\"Gemeinde Lengnau\",\"description\":\"\",\"potentialAction\":[{\"@type\":\"SearchAction\",\"target\":{\"@type\":\"EntryPoint\",\"urlTemplate\":\"https:\\\/\\\/www.lengnau.ch\\\/?s={search_term_string}\"},\"query-input\":{\"@type\":\"PropertyValueSpecification\",\"valueRequired\":true,\"valueName\":\"search_term_string\"}}],\"inLanguage\":\"fr-FR\"}]}<\/script>\n<!-- \/ Yoast SEO plugin. -->","yoast_head_json":{"title":"Cr\u00e9er une entreprise - Gemeinde Lengnau","robots":{"index":"index","follow":"follow","max-snippet":"max-snippet:-1","max-image-preview":"max-image-preview:large","max-video-preview":"max-video-preview:-1"},"canonical":"https:\/\/www.lengnau.ch\/fr\/themes\/economie\/unternehmen-gruenden\/","og_locale":"fr_FR","og_type":"article","og_title":"Cr\u00e9er une entreprise - Gemeinde Lengnau","og_description":"Sur le site www.ch.ch, vous trouverez des informations sur les th\u00e8mes suivants : Forme juridique Inscription au registre du commerce Assurances sociales Imp\u00f4ts Taxe sur la valeur ajout\u00e9e L&rsquo;agence AVS de Lengnau-Pieterlen se tient \u00e9galement \u00e0 votre disposition pour r\u00e9pondre \u00e0 vos questions.","og_url":"https:\/\/www.lengnau.ch\/fr\/themes\/economie\/unternehmen-gruenden\/","og_site_name":"Gemeinde Lengnau","article_modified_time":"2024-10-23T08:30:36+00:00","twitter_card":"summary_large_image","schema":{"@context":"https:\/\/schema.org","@graph":[{"@type":"WebPage","@id":"https:\/\/www.lengnau.ch\/fr\/themes\/economie\/unternehmen-gruenden\/","url":"https:\/\/www.lengnau.ch\/fr\/themes\/economie\/unternehmen-gruenden\/","name":"Cr\u00e9er une entreprise - Gemeinde Lengnau","isPartOf":{"@id":"https:\/\/www.lengnau.ch\/#website"},"datePublished":"2022-02-16T17:30:35+00:00","dateModified":"2024-10-23T08:30:36+00:00","breadcrumb":{"@id":"https:\/\/www.lengnau.ch\/fr\/themes\/economie\/unternehmen-gruenden\/#breadcrumb"},"inLanguage":"fr-FR","potentialAction":[{"@type":"ReadAction","target":["https:\/\/www.lengnau.ch\/fr\/themes\/economie\/unternehmen-gruenden\/"]}]},{"@type":"BreadcrumbList","@id":"https:\/\/www.lengnau.ch\/fr\/themes\/economie\/unternehmen-gruenden\/#breadcrumb","itemListElement":[{"@type":"ListItem","position":1,"name":"Home","item":"https:\/\/www.lengnau.ch\/fr\/"},{"@type":"ListItem","position":2,"name":"Th\u00e8mes","item":"https:\/\/www.lengnau.ch\/fr\/themes\/"},{"@type":"ListItem","position":3,"name":"\u00c9conomie","item":"https:\/\/www.lengnau.ch\/fr\/themes\/economie\/"},{"@type":"ListItem","position":4,"name":"Cr\u00e9er une entreprise"}]},{"@type":"WebSite","@id":"https:\/\/www.lengnau.ch\/#website","url":"https:\/\/www.lengnau.ch\/","name":"Gemeinde Lengnau","description":"","potentialAction":[{"@type":"SearchAction","target":{"@type":"EntryPoint","urlTemplate":"https:\/\/www.lengnau.ch\/?s={search_term_string}"},"query-input":{"@type":"PropertyValueSpecification","valueRequired":true,"valueName":"search_term_string"}}],"inLanguage":"fr-FR"}]}},"publishpress_future_action":{"enabled":false,"date":"2026-04-20 16:13:45","action":"change-status","newStatus":"draft","terms":[],"taxonomy":"translation_priority","extraData":[]},"publishpress_future_workflow_manual_trigger":{"enabledWorkflows":[]},"_links":{"self":[{"href":"https:\/\/www.lengnau.ch\/fr\/wp-json\/wp\/v2\/pages\/3240","targetHints":{"allow":["GET"]}}],"collection":[{"href":"https:\/\/www.lengnau.ch\/fr\/wp-json\/wp\/v2\/pages"}],"about":[{"href":"https:\/\/www.lengnau.ch\/fr\/wp-json\/wp\/v2\/types\/page"}],"author":[{"embeddable":true,"href":"https:\/\/www.lengnau.ch\/fr\/wp-json\/wp\/v2\/users\/1"}],"replies":[{"embeddable":true,"href":"https:\/\/www.lengnau.ch\/fr\/wp-json\/wp\/v2\/comments?post=3240"}],"version-history":[{"count":9,"href":"https:\/\/www.lengnau.ch\/fr\/wp-json\/wp\/v2\/pages\/3240\/revisions"}],"predecessor-version":[{"id":14804,"href":"https:\/\/www.lengnau.ch\/fr\/wp-json\/wp\/v2\/pages\/3240\/revisions\/14804"}],"up":[{"embeddable":true,"href":"https:\/\/www.lengnau.ch\/fr\/wp-json\/wp\/v2\/pages\/3239"}],"wp:attachment":[{"href":"https:\/\/www.lengnau.ch\/fr\/wp-json\/wp\/v2\/media?parent=3240"}],"curies":[{"name":"wp","href":"https:\/\/api.w.org\/{rel}","templated":true}]}}