{"id":3238,"date":"2022-02-16T18:29:55","date_gmt":"2022-02-16T17:29:55","guid":{"rendered":"https:\/\/lengnau.rettenmund.com\/themen\/ueber-lengnau\/partnergemeinden\/"},"modified":"2024-10-22T10:07:20","modified_gmt":"2024-10-22T08:07:20","slug":"partnergemeinden","status":"publish","type":"page","link":"https:\/\/www.lengnau.ch\/fr\/themes\/ueber-lengnau\/partnergemeinden\/","title":{"rendered":"Communes partenaires"},"content":{"rendered":"<h2>Gemeinde Lengnau AG<\/h2>\n<p><strong><img loading=\"lazy\" decoding=\"async\" class=\"alignnone size-full wp-image-2326\" src=\"https:\/\/www.lengnau.ch\/wp-content\/uploads\/2022\/06\/Lengnau_AG-ceb487a5ae360d6g9d29cf5476d7f872.png\" alt=\"\" width=\"116\" height=\"130\"><\/strong><\/p>\n<p><strong>Land<\/strong><br \/>\nSchweiz <strong>Lage<\/strong><br \/>\nLengnau AG liegt im oberen Surbtal im Bezirk Zurzach, Kanton Aargau <strong>Einwohnerzahl<\/strong><br \/>\n2&rsquo;922 <strong>Wirtschaftliche Besonderheiten<\/strong><br \/>\nLengnau AG ist l\u00e4ndlich gepr\u00e4gt und verf\u00fcgt \u00fcber ungef\u00e4hr 80 Gewerbebetriebe<\/p>\n<p><strong>Site web<\/strong><br \/>\n<a title=\"Gemeinde Lengnau AG\" href=\"https:\/\/www.lengnau-ag.ch\/\" target=\"_blank\" rel=\"noopener\">Gemeinde Lengnau AG<\/a><\/p>\n<h2>Stadt Strakonice<\/h2>\n<p><strong><img loading=\"lazy\" decoding=\"async\" class=\"alignnone size-full wp-image-2330\" src=\"https:\/\/www.lengnau.ch\/wp-content\/uploads\/2022\/06\/Strakonice-d7de07895d6d156g46546c207adb2762.jpg\" alt=\"\" width=\"116\" height=\"135\"><\/strong><\/p>\n<p><strong>Pays<\/strong><br \/>\nR\u00e9publique tch\u00e8que <strong>Situation<\/strong><br \/>\nStrakonice est situ\u00e9e en Boh\u00eame du Sud, au confluent de la Volynka et de l&rsquo;Otava <strong>Population<\/strong><br \/>\n22&rsquo;583 <strong>Caract\u00e9ristiques \u00e9conomiques<\/strong><br \/>\nL&rsquo;accent est mis sur la construction m\u00e9canique et l&rsquo;industrie textile<\/p>\n<p><strong>Site web<\/strong><br \/>\n<a title=\"Stadt Strakonice\" href=\"https:\/\/www.strakonice.eu\/de\" target=\"_blank\" rel=\"noopener\">Stadt Strakonice<\/a><\/p>\n","protected":false},"excerpt":{"rendered":"<p>Gemeinde Lengnau AG Land Schweiz Lage Lengnau AG liegt im oberen Surbtal im Bezirk Zurzach, Kanton Aargau Einwohnerzahl 2&rsquo;922 Wirtschaftliche Besonderheiten Lengnau AG ist l\u00e4ndlich gepr\u00e4gt und verf\u00fcgt \u00fcber ungef\u00e4hr 80 Gewerbebetriebe Site web Gemeinde Lengnau AG Stadt Strakonice Pays R\u00e9publique tch\u00e8que Situation Strakonice est situ\u00e9e en Boh\u00eame du Sud, au confluent de la Volynka [&hellip;]<\/p>\n","protected":false},"author":1,"featured_media":0,"parent":3230,"menu_order":38,"comment_status":"closed","ping_status":"closed","template":"","meta":{"_acf_changed":false,"_relevanssi_hide_post":"","_relevanssi_hide_content":"","_relevanssi_pin_for_all":"","_relevanssi_pin_keywords":"","_relevanssi_unpin_keywords":"","_relevanssi_related_keywords":"","_relevanssi_related_include_ids":"","_relevanssi_related_exclude_ids":"","_relevanssi_related_no_append":"","_relevanssi_related_not_related":"","_relevanssi_related_posts":"","_relevanssi_noindex_reason":"","footnotes":""},"class_list":["post-3238","page","type-page","status-publish","hentry"],"acf":[],"yoast_head":"<!-- This site is optimized with the Yoast SEO plugin v27.5 - https:\/\/yoast.com\/product\/yoast-seo-wordpress\/ -->\n<title>Communes partenaires - Gemeinde Lengnau<\/title>\n<meta name=\"robots\" content=\"index, follow, max-snippet:-1, max-image-preview:large, max-video-preview:-1\" \/>\n<link rel=\"canonical\" href=\"https:\/\/www.lengnau.ch\/fr\/themes\/ueber-lengnau\/partnergemeinden\/\" \/>\n<meta property=\"og:locale\" content=\"fr_FR\" \/>\n<meta property=\"og:type\" content=\"article\" \/>\n<meta property=\"og:title\" content=\"Communes partenaires - Gemeinde Lengnau\" \/>\n<meta property=\"og:description\" content=\"Gemeinde Lengnau AG Land Schweiz Lage Lengnau AG liegt im oberen Surbtal im Bezirk Zurzach, Kanton Aargau Einwohnerzahl 2&rsquo;922 Wirtschaftliche Besonderheiten Lengnau AG ist l\u00e4ndlich gepr\u00e4gt und verf\u00fcgt \u00fcber ungef\u00e4hr 80 Gewerbebetriebe Site web Gemeinde Lengnau AG Stadt Strakonice Pays R\u00e9publique tch\u00e8que Situation Strakonice est situ\u00e9e en Boh\u00eame du Sud, au confluent de la Volynka [&hellip;]\" \/>\n<meta property=\"og:url\" content=\"https:\/\/www.lengnau.ch\/fr\/themes\/ueber-lengnau\/partnergemeinden\/\" \/>\n<meta property=\"og:site_name\" content=\"Gemeinde Lengnau\" \/>\n<meta property=\"article:modified_time\" content=\"2024-10-22T08:07:20+00:00\" \/>\n<meta property=\"og:image\" content=\"https:\/\/www.lengnau.ch\/wp-content\/uploads\/2022\/06\/Lengnau_AG-ceb487a5ae360d6g9d29cf5476d7f872.png\" \/>\n\t<meta property=\"og:image:width\" content=\"116\" \/>\n\t<meta property=\"og:image:height\" content=\"130\" \/>\n\t<meta property=\"og:image:type\" content=\"image\/png\" \/>\n<meta name=\"twitter:card\" content=\"summary_large_image\" \/>\n<script type=\"application\/ld+json\" class=\"yoast-schema-graph\">{\"@context\":\"https:\\\/\\\/schema.org\",\"@graph\":[{\"@type\":\"WebPage\",\"@id\":\"https:\\\/\\\/www.lengnau.ch\\\/fr\\\/themes\\\/ueber-lengnau\\\/partnergemeinden\\\/\",\"url\":\"https:\\\/\\\/www.lengnau.ch\\\/fr\\\/themes\\\/ueber-lengnau\\\/partnergemeinden\\\/\",\"name\":\"Communes partenaires - Gemeinde Lengnau\",\"isPartOf\":{\"@id\":\"https:\\\/\\\/www.lengnau.ch\\\/#website\"},\"primaryImageOfPage\":{\"@id\":\"https:\\\/\\\/www.lengnau.ch\\\/fr\\\/themes\\\/ueber-lengnau\\\/partnergemeinden\\\/#primaryimage\"},\"image\":{\"@id\":\"https:\\\/\\\/www.lengnau.ch\\\/fr\\\/themes\\\/ueber-lengnau\\\/partnergemeinden\\\/#primaryimage\"},\"thumbnailUrl\":\"https:\\\/\\\/www.lengnau.ch\\\/wp-content\\\/uploads\\\/2022\\\/06\\\/Lengnau_AG-ceb487a5ae360d6g9d29cf5476d7f872.png\",\"datePublished\":\"2022-02-16T17:29:55+00:00\",\"dateModified\":\"2024-10-22T08:07:20+00:00\",\"breadcrumb\":{\"@id\":\"https:\\\/\\\/www.lengnau.ch\\\/fr\\\/themes\\\/ueber-lengnau\\\/partnergemeinden\\\/#breadcrumb\"},\"inLanguage\":\"fr-FR\",\"potentialAction\":[{\"@type\":\"ReadAction\",\"target\":[\"https:\\\/\\\/www.lengnau.ch\\\/fr\\\/themes\\\/ueber-lengnau\\\/partnergemeinden\\\/\"]}]},{\"@type\":\"ImageObject\",\"inLanguage\":\"fr-FR\",\"@id\":\"https:\\\/\\\/www.lengnau.ch\\\/fr\\\/themes\\\/ueber-lengnau\\\/partnergemeinden\\\/#primaryimage\",\"url\":\"https:\\\/\\\/www.lengnau.ch\\\/wp-content\\\/uploads\\\/2022\\\/06\\\/Lengnau_AG-ceb487a5ae360d6g9d29cf5476d7f872.png\",\"contentUrl\":\"https:\\\/\\\/www.lengnau.ch\\\/wp-content\\\/uploads\\\/2022\\\/06\\\/Lengnau_AG-ceb487a5ae360d6g9d29cf5476d7f872.png\"},{\"@type\":\"BreadcrumbList\",\"@id\":\"https:\\\/\\\/www.lengnau.ch\\\/fr\\\/themes\\\/ueber-lengnau\\\/partnergemeinden\\\/#breadcrumb\",\"itemListElement\":[{\"@type\":\"ListItem\",\"position\":1,\"name\":\"Home\",\"item\":\"https:\\\/\\\/www.lengnau.ch\\\/fr\\\/\"},{\"@type\":\"ListItem\",\"position\":2,\"name\":\"Th\u00e8mes\",\"item\":\"https:\\\/\\\/www.lengnau.ch\\\/fr\\\/themes\\\/\"},{\"@type\":\"ListItem\",\"position\":3,\"name\":\"\u00c0 propos de Lengnau\",\"item\":\"https:\\\/\\\/www.lengnau.ch\\\/fr\\\/themes\\\/ueber-lengnau\\\/\"},{\"@type\":\"ListItem\",\"position\":4,\"name\":\"Communes partenaires\"}]},{\"@type\":\"WebSite\",\"@id\":\"https:\\\/\\\/www.lengnau.ch\\\/#website\",\"url\":\"https:\\\/\\\/www.lengnau.ch\\\/\",\"name\":\"Gemeinde Lengnau\",\"description\":\"\",\"potentialAction\":[{\"@type\":\"SearchAction\",\"target\":{\"@type\":\"EntryPoint\",\"urlTemplate\":\"https:\\\/\\\/www.lengnau.ch\\\/?s={search_term_string}\"},\"query-input\":{\"@type\":\"PropertyValueSpecification\",\"valueRequired\":true,\"valueName\":\"search_term_string\"}}],\"inLanguage\":\"fr-FR\"}]}<\/script>\n<!-- \/ Yoast SEO plugin. -->","yoast_head_json":{"title":"Communes partenaires - Gemeinde Lengnau","robots":{"index":"index","follow":"follow","max-snippet":"max-snippet:-1","max-image-preview":"max-image-preview:large","max-video-preview":"max-video-preview:-1"},"canonical":"https:\/\/www.lengnau.ch\/fr\/themes\/ueber-lengnau\/partnergemeinden\/","og_locale":"fr_FR","og_type":"article","og_title":"Communes partenaires - Gemeinde Lengnau","og_description":"Gemeinde Lengnau AG Land Schweiz Lage Lengnau AG liegt im oberen Surbtal im Bezirk Zurzach, Kanton Aargau Einwohnerzahl 2&rsquo;922 Wirtschaftliche Besonderheiten Lengnau AG ist l\u00e4ndlich gepr\u00e4gt und verf\u00fcgt \u00fcber ungef\u00e4hr 80 Gewerbebetriebe Site web Gemeinde Lengnau AG Stadt Strakonice Pays R\u00e9publique tch\u00e8que Situation Strakonice est situ\u00e9e en Boh\u00eame du Sud, au confluent de la Volynka [&hellip;]","og_url":"https:\/\/www.lengnau.ch\/fr\/themes\/ueber-lengnau\/partnergemeinden\/","og_site_name":"Gemeinde Lengnau","article_modified_time":"2024-10-22T08:07:20+00:00","og_image":[{"width":116,"height":130,"url":"https:\/\/www.lengnau.ch\/wp-content\/uploads\/2022\/06\/Lengnau_AG-ceb487a5ae360d6g9d29cf5476d7f872.png","type":"image\/png"}],"twitter_card":"summary_large_image","schema":{"@context":"https:\/\/schema.org","@graph":[{"@type":"WebPage","@id":"https:\/\/www.lengnau.ch\/fr\/themes\/ueber-lengnau\/partnergemeinden\/","url":"https:\/\/www.lengnau.ch\/fr\/themes\/ueber-lengnau\/partnergemeinden\/","name":"Communes partenaires - Gemeinde Lengnau","isPartOf":{"@id":"https:\/\/www.lengnau.ch\/#website"},"primaryImageOfPage":{"@id":"https:\/\/www.lengnau.ch\/fr\/themes\/ueber-lengnau\/partnergemeinden\/#primaryimage"},"image":{"@id":"https:\/\/www.lengnau.ch\/fr\/themes\/ueber-lengnau\/partnergemeinden\/#primaryimage"},"thumbnailUrl":"https:\/\/www.lengnau.ch\/wp-content\/uploads\/2022\/06\/Lengnau_AG-ceb487a5ae360d6g9d29cf5476d7f872.png","datePublished":"2022-02-16T17:29:55+00:00","dateModified":"2024-10-22T08:07:20+00:00","breadcrumb":{"@id":"https:\/\/www.lengnau.ch\/fr\/themes\/ueber-lengnau\/partnergemeinden\/#breadcrumb"},"inLanguage":"fr-FR","potentialAction":[{"@type":"ReadAction","target":["https:\/\/www.lengnau.ch\/fr\/themes\/ueber-lengnau\/partnergemeinden\/"]}]},{"@type":"ImageObject","inLanguage":"fr-FR","@id":"https:\/\/www.lengnau.ch\/fr\/themes\/ueber-lengnau\/partnergemeinden\/#primaryimage","url":"https:\/\/www.lengnau.ch\/wp-content\/uploads\/2022\/06\/Lengnau_AG-ceb487a5ae360d6g9d29cf5476d7f872.png","contentUrl":"https:\/\/www.lengnau.ch\/wp-content\/uploads\/2022\/06\/Lengnau_AG-ceb487a5ae360d6g9d29cf5476d7f872.png"},{"@type":"BreadcrumbList","@id":"https:\/\/www.lengnau.ch\/fr\/themes\/ueber-lengnau\/partnergemeinden\/#breadcrumb","itemListElement":[{"@type":"ListItem","position":1,"name":"Home","item":"https:\/\/www.lengnau.ch\/fr\/"},{"@type":"ListItem","position":2,"name":"Th\u00e8mes","item":"https:\/\/www.lengnau.ch\/fr\/themes\/"},{"@type":"ListItem","position":3,"name":"\u00c0 propos de Lengnau","item":"https:\/\/www.lengnau.ch\/fr\/themes\/ueber-lengnau\/"},{"@type":"ListItem","position":4,"name":"Communes partenaires"}]},{"@type":"WebSite","@id":"https:\/\/www.lengnau.ch\/#website","url":"https:\/\/www.lengnau.ch\/","name":"Gemeinde Lengnau","description":"","potentialAction":[{"@type":"SearchAction","target":{"@type":"EntryPoint","urlTemplate":"https:\/\/www.lengnau.ch\/?s={search_term_string}"},"query-input":{"@type":"PropertyValueSpecification","valueRequired":true,"valueName":"search_term_string"}}],"inLanguage":"fr-FR"}]}},"publishpress_future_action":{"enabled":false,"date":"2026-05-24 07:02:00","action":"change-status","newStatus":"draft","terms":[],"taxonomy":"translation_priority","extraData":[]},"publishpress_future_workflow_manual_trigger":{"enabledWorkflows":[]},"_links":{"self":[{"href":"https:\/\/www.lengnau.ch\/fr\/wp-json\/wp\/v2\/pages\/3238","targetHints":{"allow":["GET"]}}],"collection":[{"href":"https:\/\/www.lengnau.ch\/fr\/wp-json\/wp\/v2\/pages"}],"about":[{"href":"https:\/\/www.lengnau.ch\/fr\/wp-json\/wp\/v2\/types\/page"}],"author":[{"embeddable":true,"href":"https:\/\/www.lengnau.ch\/fr\/wp-json\/wp\/v2\/users\/1"}],"replies":[{"embeddable":true,"href":"https:\/\/www.lengnau.ch\/fr\/wp-json\/wp\/v2\/comments?post=3238"}],"version-history":[{"count":10,"href":"https:\/\/www.lengnau.ch\/fr\/wp-json\/wp\/v2\/pages\/3238\/revisions"}],"predecessor-version":[{"id":14605,"href":"https:\/\/www.lengnau.ch\/fr\/wp-json\/wp\/v2\/pages\/3238\/revisions\/14605"}],"up":[{"embeddable":true,"href":"https:\/\/www.lengnau.ch\/fr\/wp-json\/wp\/v2\/pages\/3230"}],"wp:attachment":[{"href":"https:\/\/www.lengnau.ch\/fr\/wp-json\/wp\/v2\/media?parent=3238"}],"curies":[{"name":"wp","href":"https:\/\/api.w.org\/{rel}","templated":true}]}}