{"id":3237,"date":"2022-02-16T18:29:44","date_gmt":"2022-02-16T17:29:44","guid":{"rendered":"https:\/\/lengnau.rettenmund.com\/themen\/ueber-lengnau\/kirchgemeinden\/"},"modified":"2026-01-09T09:09:39","modified_gmt":"2026-01-09T08:09:39","slug":"kirchgemeinden","status":"publish","type":"page","link":"https:\/\/www.lengnau.ch\/fr\/themes\/ueber-lengnau\/kirchgemeinden\/","title":{"rendered":"Paroisses"},"content":{"rendered":"<h2>Paroisse \u00e9vang\u00e9lique r\u00e9form\u00e9e de Leugene \/<br \/>\nSite de Lengnau<\/h2>\n<h3>Services religieux<\/h3>\n<p><strong>Quand :<\/strong> Le dimanche \u00e0 09h30, mais de mani\u00e8re irr\u00e9guli\u00e8re.<br \/>\nSi un culte a lieu, il est publi\u00e9 dans le Jura-Blick et sur le site <a href=\"https:\/\/refleugene.ch\/\" target=\"_blank\" rel=\"noopener\">refleugene.ch<\/a>. De m\u00eame, vous trouverez l&rsquo;information dans les bo\u00eetes d&rsquo;affichage \u00e0 la poste, au Vieux Moulin et \u00e0 l&rsquo;\u00e9glise r\u00e9form\u00e9e.<br \/>\n<strong>Lieu :<\/strong> Eglise r\u00e9form\u00e9e, Beundenstrasse 23, 2543 Lengnau BE<\/p>\n<table style=\"width: 100%; border-collapse: collapse;\" border=\"0\">\n<tbody>\n<tr style=\"height: 317px;\">\n<td style=\"width: 44.9051%; height: 317px; text-align: left; vertical-align: top;\" scope=\"row\">\n<h3>Secr\u00e9tariat \/ Site de Lengnau<\/h3>\n<p>Paroisse r\u00e9form\u00e9e de Leugene<br \/>\nSite de Lengnau<br \/>\nM\u00fchleweg 12<br \/>\n2543 Lengnau BE<\/p>\n<p>T\u00e9l\u00e9phone 032 652 48 88<br \/>\n<a href=\"mailto:se*********@********ne.ch\" data-original-string=\"Zhtp0rRiZpxNP81TCG0Qtg==a0eqY2mBAipXf3RbUV14mtIPwxSSOIu+qP103THEZl2LOA=\" title=\"This contact has been encoded by Anti-Spam by CleanTalk. Click to decode. To finish the decoding make sure that JavaScript is enabled in your browser.\">Courrier \u00e9lectronique<\/a><br \/>\n<a href=\"https:\/\/refleugene.ch\/\" target=\"_blank\" rel=\"noopener\">Site web<\/a><\/p>\n<p>Heures d&rsquo;ouverture<br \/>\nMardi 09.00 &#8211; 11.30 heures<\/td>\n<td style=\"width: 55.0949%; text-align: left; vertical-align: top; height: 317px;\">\n<h3>Secr\u00e9tariat \/ Site de Pieterlen<\/h3>\n<p>Paroisse r\u00e9form\u00e9e de Leugene<br \/>\nSite de Pieterlen<br \/>\n11, rue principale<br \/>\n2542 Pieterlen<\/p>\n<p>T\u00e9l\u00e9phone 032 652 48 88<br \/>\n<a href=\"mailto:se*********@********ne.ch\" data-original-string=\"QUODG8KxUqfCTKiVsp7t5Q==a0e8iWsIk6vuSfr\/\/LM5Jd9qLdTmiotUfs2Y8jIJrqatCM=\" title=\"This contact has been encoded by Anti-Spam by CleanTalk. Click to decode. To finish the decoding make sure that JavaScript is enabled in your browser.\">Courrier \u00e9lectronique<\/a><br \/>\n<a href=\"https:\/\/refleugene.ch\/\" target=\"_blank\" rel=\"noopener\">Site web<\/a><\/p>\n<p>Heures d&rsquo;ouverture<br \/>\nJeudi 09h00 &#8211; 11h30<\/td>\n<\/tr>\n<\/tbody>\n<\/table>\n<h3>R\u00e9v\u00e9rend<\/h3>\n<p>Heinz Friedli<br \/>\nM\u00fchleweg 10<br \/>\n2543 Lengnau BE<\/p>\n<p>T\u00e9l\u00e9phone 032 653 17 03<br \/>\n<a href=\"mailto:he***********@********ne.ch\" data-original-string=\"Zzxw17dEiGguJtGXEMBHRg==a0eDtdoRqusNdsdUIpjz2hwvDOKeLEMaxQzSRhqsgAWtAo=\" title=\"This contact has been encoded by Anti-Spam by CleanTalk. Click to decode. To finish the decoding make sure that JavaScript is enabled in your browser.\">Courrier \u00e9lectronique<\/a><\/p>\n<h3>Sigristin<\/h3>\n<p>Beatrice De Salvador<br \/>\nGottfried Kellerweg 6<br \/>\n2543 Lengnau BE<\/p>\n<p>T\u00e9l\u00e9phone 078 608 20 61<\/p>\n<h3>Katechetin (1. &#8211; 9. Klassen)<\/h3>\n<p>Ruth Genier<br \/>\nBureau : M\u00fchleweg 12<br \/>\n2543 Lengnau BE<\/p>\n<p>T\u00e9l\u00e9phone 076 469 78 98<br \/>\n<a href=\"mailto:ru*********@********ne.ch\" data-original-string=\"qQ0QyxvsYDnyOPjvL6bKIA==a0eyKpowGeLA4\/kZuHVUYX+N0QhgmFjlvRIuRoUozIQ24Q=\" title=\"This contact has been encoded by Anti-Spam by CleanTalk. Click to decode. To finish the decoding make sure that JavaScript is enabled in your browser.\">Courrier \u00e9lectronique<\/a><\/p>\n<h3>\u00c9glise r\u00e9form\u00e9e<\/h3>\n<p>Beundenstrasse 23<br \/>\n2543 Lengnau BE<\/p>\n<p>T\u00e9l\u00e9phone 078 608 20 61 (Beatrice De Salvador, sacristine)<\/p>\n<h3>Pr\u00e9sident du conseil de paroisse<\/h3>\n<p>Daniel D\u00e4hler<br \/>\nSecr\u00e9tariat de l&rsquo;association : M\u00fchleweg 12<br \/>\n2543 Lengnau BE<\/p>\n<p>T\u00e9l\u00e9phone 032 652 48 88 (secr\u00e9tariat)<br \/>\n<a href=\"mailto:da************@********ne.ch\" data-original-string=\"\/FeQb8IPwdvaxET7CjVtWQ==a0e4rLIXRowgxvqbSSyL+EuBDEXDnSfnCFUZdkS2ZXK4HU=\" title=\"This contact has been encoded by Anti-Spam by CleanTalk. Click to decode. To finish the decoding make sure that JavaScript is enabled in your browser.\">Courrier \u00e9lectronique<\/a><\/p>\n<h2>Paroisse catholique romaine<\/h2>\n<h3>Services religieux<\/h3>\n<p><strong>Quand :<\/strong> Le dimanche \u00e0 9h30, soit \u00e0 Lengnau BE, soit \u00e0 Pieterlen. Communiqu\u00e9s dans l&rsquo;Ang\u00e9lus et dans le panneau d&rsquo;affichage pr\u00e8s du centre de l&rsquo;\u00e9glise.<br \/>\n<strong>Lieu :<\/strong> Centre de l&rsquo;\u00e9glise, Emil Schiblistrasse 3, 2543 Lengnau BE<\/p>\n<h3>Secr\u00e9tariat<\/h3>\n<p>Paroisse catholique romaine St. Martin<br \/>\nPieterlen-Lengnau-Meinisberg<br \/>\nBassbeltweg 26<br \/>\n2542 Pieterlen<\/p>\n<p>T\u00e9l\u00e9phone 032 377 19 55<br \/>\n<a href=\"mailto:pf******@***********en.ch\" data-original-string=\"c2Vst3YoBzDaAaDBYw5KnQ==a0eAAQNoOs9wlx\/nYTryNQEPIOxm8r97otxlA42VDe3\/rQ=\" title=\"This contact has been encoded by Anti-Spam by CleanTalk. Click to decode. To finish the decoding make sure that JavaScript is enabled in your browser.\">Courrier \u00e9lectronique<\/a><br \/>\n<a href=\"https:\/\/www.kathbern.ch\/pieterlen\">Site web<\/a><\/p>\n<h3>Aum\u00f4nier de la paroisse<\/h3>\n<p>Aum\u00f4nier de la paroisse<br \/>\nBassbeltweg 26<br \/>\n2542 Pieterlen<\/p>\n<p>T\u00e9l\u00e9phone 032 377 19 55<br \/>\n<a class=\"icon-envelope\" href=\"mailto:se*******@***********en.ch\" data-original-string=\"Ar53jT731jbpqu1qESsF\/A==a0eEyqJqdwLOxH2X1KCAwlTB9vqIexmxlkOA0dwTCfhncI=\" title=\"This contact has been encoded by Anti-Spam by CleanTalk. Click to decode. To finish the decoding make sure that JavaScript is enabled in your browser.\">Courrier \u00e9lectronique<\/a><\/p>\n<h3>Collaboratrice de l&rsquo;aum\u00f4nerie<\/h3>\n<p>Anja Schulze<br \/>\nEigerweg 2<br \/>\n2543 Lengnau BE<\/p>\n<p>T\u00e9l\u00e9phone 032 377 19 27<br \/>\n<a href=\"mailto:sm***************@***********en.ch\" data-original-string=\"eoprhabaCWe8yC6I6RFvKg==a0ertImGfryWOrQ8hKCjGMnIYXyhGL5YxrDTzY34j8ZHHGC750FyyXJUSdFEJrV8v4b\" title=\"This contact has been encoded by Anti-Spam by CleanTalk. Click to decode. To finish the decoding make sure that JavaScript is enabled in your browser.\">Courrier \u00e9lectronique<\/a><\/p>\n<h3>Pr\u00e9sidente du conseil de paroisse<\/h3>\n<p>Elisabeth Kaufmann<br \/>\nRomontweg 37b<br \/>\n2542 Pieterlen<\/p>\n<p>T\u00e9l\u00e9phone 032 377 17 44<\/p>\n<h3>Kirchenzentrum Lengnau<\/h3>\n<p>Emil Schiblistrasse 3<br \/>\n2543 Lengnau BE<\/p>\n<p>T\u00e9l\u00e9phone 032 652 84 87<\/p>\n<h2>En savoir plus sur le sujet<\/h2>\n<p><a href=\"https:\/\/www.lengnau.ch\/wp-content\/uploads\/2026\/01\/Ref_Kirchgemeinde_Leugene_ab_01_2026.pdf\" target=\"_blank\" rel=\"noopener\">Contacts de la paroisse \u00e9vang\u00e9lique r\u00e9form\u00e9e de Leugene \u00e0 partir de janvier 2026<\/a><br \/>\n<a class=\"pdflink\" href=\"https:\/\/www.lengnau.ch\/wp-content\/uploads\/2026\/01\/Pfarraemter_Friedhof_Kontakte_01_2026.pdf\" target=\"_blank\" rel=\"noopener\">Paroisses et cimeti\u00e8re Contacts<\/a><\/p>\n","protected":false},"excerpt":{"rendered":"<p>Paroisse \u00e9vang\u00e9lique r\u00e9form\u00e9e de Leugene \/ Site de Lengnau Services religieux Quand : Le dimanche \u00e0 09h30, mais de mani\u00e8re irr\u00e9guli\u00e8re. Si un culte a lieu, il est publi\u00e9 dans le Jura-Blick et sur le site refleugene.ch. De m\u00eame, vous trouverez l&rsquo;information dans les bo\u00eetes d&rsquo;affichage \u00e0 la poste, au Vieux Moulin et \u00e0 l&rsquo;\u00e9glise [&hellip;]<\/p>\n","protected":false},"author":1,"featured_media":0,"parent":3230,"menu_order":38,"comment_status":"closed","ping_status":"closed","template":"","meta":{"_acf_changed":false,"_relevanssi_hide_post":"","_relevanssi_hide_content":"","_relevanssi_pin_for_all":"","_relevanssi_pin_keywords":"","_relevanssi_unpin_keywords":"","_relevanssi_related_keywords":"","_relevanssi_related_include_ids":"","_relevanssi_related_exclude_ids":"","_relevanssi_related_no_append":"","_relevanssi_related_not_related":"","_relevanssi_related_posts":"","_relevanssi_noindex_reason":"","footnotes":""},"class_list":["post-3237","page","type-page","status-publish","hentry"],"acf":[],"yoast_head":"<!-- This site is optimized with the Yoast SEO plugin v27.4 - https:\/\/yoast.com\/product\/yoast-seo-wordpress\/ -->\n<title>Paroisses - Gemeinde Lengnau<\/title>\n<meta name=\"robots\" content=\"index, follow, max-snippet:-1, max-image-preview:large, max-video-preview:-1\" \/>\n<link rel=\"canonical\" href=\"https:\/\/www.lengnau.ch\/fr\/themes\/ueber-lengnau\/kirchgemeinden\/\" \/>\n<meta property=\"og:locale\" content=\"fr_FR\" \/>\n<meta property=\"og:type\" content=\"article\" \/>\n<meta property=\"og:title\" content=\"Paroisses - Gemeinde Lengnau\" \/>\n<meta property=\"og:description\" content=\"Paroisse \u00e9vang\u00e9lique r\u00e9form\u00e9e de Leugene \/ Site de Lengnau Services religieux Quand : Le dimanche \u00e0 09h30, mais de mani\u00e8re irr\u00e9guli\u00e8re. Si un culte a lieu, il est publi\u00e9 dans le Jura-Blick et sur le site refleugene.ch. De m\u00eame, vous trouverez l&rsquo;information dans les bo\u00eetes d&rsquo;affichage \u00e0 la poste, au Vieux Moulin et \u00e0 l&rsquo;\u00e9glise [&hellip;]\" \/>\n<meta property=\"og:url\" content=\"https:\/\/www.lengnau.ch\/fr\/themes\/ueber-lengnau\/kirchgemeinden\/\" \/>\n<meta property=\"og:site_name\" content=\"Gemeinde Lengnau\" \/>\n<meta property=\"article:modified_time\" content=\"2026-01-09T08:09:39+00:00\" \/>\n<meta name=\"twitter:card\" content=\"summary_large_image\" \/>\n<script type=\"application\/ld+json\" class=\"yoast-schema-graph\">{\"@context\":\"https:\\\/\\\/schema.org\",\"@graph\":[{\"@type\":\"WebPage\",\"@id\":\"https:\\\/\\\/www.lengnau.ch\\\/fr\\\/themes\\\/ueber-lengnau\\\/kirchgemeinden\\\/\",\"url\":\"https:\\\/\\\/www.lengnau.ch\\\/fr\\\/themes\\\/ueber-lengnau\\\/kirchgemeinden\\\/\",\"name\":\"Paroisses - Gemeinde Lengnau\",\"isPartOf\":{\"@id\":\"https:\\\/\\\/www.lengnau.ch\\\/#website\"},\"datePublished\":\"2022-02-16T17:29:44+00:00\",\"dateModified\":\"2026-01-09T08:09:39+00:00\",\"breadcrumb\":{\"@id\":\"https:\\\/\\\/www.lengnau.ch\\\/fr\\\/themes\\\/ueber-lengnau\\\/kirchgemeinden\\\/#breadcrumb\"},\"inLanguage\":\"fr-FR\",\"potentialAction\":[{\"@type\":\"ReadAction\",\"target\":[\"https:\\\/\\\/www.lengnau.ch\\\/fr\\\/themes\\\/ueber-lengnau\\\/kirchgemeinden\\\/\"]}]},{\"@type\":\"BreadcrumbList\",\"@id\":\"https:\\\/\\\/www.lengnau.ch\\\/fr\\\/themes\\\/ueber-lengnau\\\/kirchgemeinden\\\/#breadcrumb\",\"itemListElement\":[{\"@type\":\"ListItem\",\"position\":1,\"name\":\"Home\",\"item\":\"https:\\\/\\\/www.lengnau.ch\\\/fr\\\/\"},{\"@type\":\"ListItem\",\"position\":2,\"name\":\"Th\u00e8mes\",\"item\":\"https:\\\/\\\/www.lengnau.ch\\\/fr\\\/themes\\\/\"},{\"@type\":\"ListItem\",\"position\":3,\"name\":\"\u00c0 propos de Lengnau\",\"item\":\"https:\\\/\\\/www.lengnau.ch\\\/fr\\\/themes\\\/ueber-lengnau\\\/\"},{\"@type\":\"ListItem\",\"position\":4,\"name\":\"Paroisses\"}]},{\"@type\":\"WebSite\",\"@id\":\"https:\\\/\\\/www.lengnau.ch\\\/#website\",\"url\":\"https:\\\/\\\/www.lengnau.ch\\\/\",\"name\":\"Gemeinde Lengnau\",\"description\":\"\",\"potentialAction\":[{\"@type\":\"SearchAction\",\"target\":{\"@type\":\"EntryPoint\",\"urlTemplate\":\"https:\\\/\\\/www.lengnau.ch\\\/?s={search_term_string}\"},\"query-input\":{\"@type\":\"PropertyValueSpecification\",\"valueRequired\":true,\"valueName\":\"search_term_string\"}}],\"inLanguage\":\"fr-FR\"}]}<\/script>\n<!-- \/ Yoast SEO plugin. -->","yoast_head_json":{"title":"Paroisses - Gemeinde Lengnau","robots":{"index":"index","follow":"follow","max-snippet":"max-snippet:-1","max-image-preview":"max-image-preview:large","max-video-preview":"max-video-preview:-1"},"canonical":"https:\/\/www.lengnau.ch\/fr\/themes\/ueber-lengnau\/kirchgemeinden\/","og_locale":"fr_FR","og_type":"article","og_title":"Paroisses - Gemeinde Lengnau","og_description":"Paroisse \u00e9vang\u00e9lique r\u00e9form\u00e9e de Leugene \/ Site de Lengnau Services religieux Quand : Le dimanche \u00e0 09h30, mais de mani\u00e8re irr\u00e9guli\u00e8re. Si un culte a lieu, il est publi\u00e9 dans le Jura-Blick et sur le site refleugene.ch. De m\u00eame, vous trouverez l&rsquo;information dans les bo\u00eetes d&rsquo;affichage \u00e0 la poste, au Vieux Moulin et \u00e0 l&rsquo;\u00e9glise [&hellip;]","og_url":"https:\/\/www.lengnau.ch\/fr\/themes\/ueber-lengnau\/kirchgemeinden\/","og_site_name":"Gemeinde Lengnau","article_modified_time":"2026-01-09T08:09:39+00:00","twitter_card":"summary_large_image","schema":{"@context":"https:\/\/schema.org","@graph":[{"@type":"WebPage","@id":"https:\/\/www.lengnau.ch\/fr\/themes\/ueber-lengnau\/kirchgemeinden\/","url":"https:\/\/www.lengnau.ch\/fr\/themes\/ueber-lengnau\/kirchgemeinden\/","name":"Paroisses - Gemeinde Lengnau","isPartOf":{"@id":"https:\/\/www.lengnau.ch\/#website"},"datePublished":"2022-02-16T17:29:44+00:00","dateModified":"2026-01-09T08:09:39+00:00","breadcrumb":{"@id":"https:\/\/www.lengnau.ch\/fr\/themes\/ueber-lengnau\/kirchgemeinden\/#breadcrumb"},"inLanguage":"fr-FR","potentialAction":[{"@type":"ReadAction","target":["https:\/\/www.lengnau.ch\/fr\/themes\/ueber-lengnau\/kirchgemeinden\/"]}]},{"@type":"BreadcrumbList","@id":"https:\/\/www.lengnau.ch\/fr\/themes\/ueber-lengnau\/kirchgemeinden\/#breadcrumb","itemListElement":[{"@type":"ListItem","position":1,"name":"Home","item":"https:\/\/www.lengnau.ch\/fr\/"},{"@type":"ListItem","position":2,"name":"Th\u00e8mes","item":"https:\/\/www.lengnau.ch\/fr\/themes\/"},{"@type":"ListItem","position":3,"name":"\u00c0 propos de Lengnau","item":"https:\/\/www.lengnau.ch\/fr\/themes\/ueber-lengnau\/"},{"@type":"ListItem","position":4,"name":"Paroisses"}]},{"@type":"WebSite","@id":"https:\/\/www.lengnau.ch\/#website","url":"https:\/\/www.lengnau.ch\/","name":"Gemeinde Lengnau","description":"","potentialAction":[{"@type":"SearchAction","target":{"@type":"EntryPoint","urlTemplate":"https:\/\/www.lengnau.ch\/?s={search_term_string}"},"query-input":{"@type":"PropertyValueSpecification","valueRequired":true,"valueName":"search_term_string"}}],"inLanguage":"fr-FR"}]}},"publishpress_future_action":{"enabled":false,"date":"2026-05-12 08:18:05","action":"change-status","newStatus":"draft","terms":[],"taxonomy":"translation_priority","extraData":[]},"publishpress_future_workflow_manual_trigger":{"enabledWorkflows":[]},"_links":{"self":[{"href":"https:\/\/www.lengnau.ch\/fr\/wp-json\/wp\/v2\/pages\/3237","targetHints":{"allow":["GET"]}}],"collection":[{"href":"https:\/\/www.lengnau.ch\/fr\/wp-json\/wp\/v2\/pages"}],"about":[{"href":"https:\/\/www.lengnau.ch\/fr\/wp-json\/wp\/v2\/types\/page"}],"author":[{"embeddable":true,"href":"https:\/\/www.lengnau.ch\/fr\/wp-json\/wp\/v2\/users\/1"}],"replies":[{"embeddable":true,"href":"https:\/\/www.lengnau.ch\/fr\/wp-json\/wp\/v2\/comments?post=3237"}],"version-history":[{"count":10,"href":"https:\/\/www.lengnau.ch\/fr\/wp-json\/wp\/v2\/pages\/3237\/revisions"}],"predecessor-version":[{"id":18745,"href":"https:\/\/www.lengnau.ch\/fr\/wp-json\/wp\/v2\/pages\/3237\/revisions\/18745"}],"up":[{"embeddable":true,"href":"https:\/\/www.lengnau.ch\/fr\/wp-json\/wp\/v2\/pages\/3230"}],"wp:attachment":[{"href":"https:\/\/www.lengnau.ch\/fr\/wp-json\/wp\/v2\/media?parent=3237"}],"curies":[{"name":"wp","href":"https:\/\/api.w.org\/{rel}","templated":true}]}}