{"id":3236,"date":"2022-02-16T18:30:17","date_gmt":"2022-02-16T17:30:17","guid":{"rendered":"https:\/\/lengnau.rettenmund.com\/wirtschaftsstandort\/"},"modified":"2024-10-23T10:30:10","modified_gmt":"2024-10-23T08:30:10","slug":"site-economique","status":"publish","type":"page","link":"https:\/\/www.lengnau.ch\/fr\/themes\/economie\/site-economique\/","title":{"rendered":"Site \u00e9conomique"},"content":{"rendered":"<p>L&rsquo;industrie horlog\u00e8re est encore aujourd&rsquo;hui le pilier \u00e9conomique le plus fort. La soci\u00e9t\u00e9 RADO Uhren AG, qui fait partie du Swatch Group, est connue dans le monde entier. On y trouve \u00e9galement d&rsquo;autres entreprises actives dans le secteur de l&rsquo;horlogerie, de l&rsquo;industrie de pr\u00e9cision et de la technique m\u00e9dicale. Au total, environ 290 entreprises commerciales et industrielles sont implant\u00e9es \u00e0 Lengnau BE.<\/p>\n<p>La zone industrielle est directement reli\u00e9e \u00e0 l&rsquo;autoroute A5 par une route de desserte. Dans la zone industrielle de Moos, 76 000 m\u00b2 de terrains industriels sont actuellement disponibles.<\/p>\n<p>En 2014, la commune de Lengnau BE a remport\u00e9 le march\u00e9 de CSL Behring Lengnau AG sur plus de 45 sites test\u00e9s dans le monde. En mai 2020, il a \u00e9t\u00e9 annonc\u00e9 que CSL Behring avait conclu un partenariat strat\u00e9gique avec Thermo Fisher Scientific Inc, leader mondial dans le domaine des applications scientifiques. Thermo Fisher soutiendra le portefeuille de produits de CSL avec son r\u00e9seau de services pharmaceutiques, y compris le d\u00e9veloppement de produits pharmaceutiques, la fabrication de produits biologiques, le remplissage st\u00e9rile ainsi que le conditionnement et la logistique pour les essais cliniques. D\u00e8s que les travaux de construction seront termin\u00e9s, Thermo Fisher exploitera un nouveau site de production ultramoderne pour les produits biologiques \u00e0 Lengnau BE dans le cadre d&rsquo;un contrat de location \u00e0 long terme avec CSL.<\/p>\n<p>Un bureau de poste se trouve au centre du village. Les magasins de Lengnau BE sont \u00e9galement fr\u00e9quent\u00e9s par de nombreux visiteurs ext\u00e9rieurs. Outre les grandes cha\u00eenes de magasins, le centre du village compte de nombreux d\u00e9taillants qui proposent leurs sp\u00e9cialit\u00e9s.<\/p>\n<h2>En savoir plus sur le sujet<\/h2>\n<p><a class=\"next\" title=\"Promotion \u00e9conomique du canton de Berne\" href=\"https:\/\/www.berninvest.be.ch\/de\/start.html\" target=\"_blank\" rel=\"noopener\">Promotion \u00e9conomique du canton de Berne<\/a><\/p>\n","protected":false},"excerpt":{"rendered":"<p>L&rsquo;industrie horlog\u00e8re est encore aujourd&rsquo;hui le pilier \u00e9conomique le plus fort. La soci\u00e9t\u00e9 RADO Uhren AG, qui fait partie du Swatch Group, est connue dans le monde entier. On y trouve \u00e9galement d&rsquo;autres entreprises actives dans le secteur de l&rsquo;horlogerie, de l&rsquo;industrie de pr\u00e9cision et de la technique m\u00e9dicale. Au total, environ 290 entreprises commerciales [&hellip;]<\/p>\n","protected":false},"author":1,"featured_media":0,"parent":3239,"menu_order":14,"comment_status":"closed","ping_status":"closed","template":"","meta":{"_acf_changed":false,"_relevanssi_hide_post":"","_relevanssi_hide_content":"","_relevanssi_pin_for_all":"","_relevanssi_pin_keywords":"","_relevanssi_unpin_keywords":"","_relevanssi_related_keywords":"","_relevanssi_related_include_ids":"","_relevanssi_related_exclude_ids":"","_relevanssi_related_no_append":"","_relevanssi_related_not_related":"","_relevanssi_related_posts":"","_relevanssi_noindex_reason":"","footnotes":""},"class_list":["post-3236","page","type-page","status-publish","hentry"],"acf":[],"yoast_head":"<!-- This site is optimized with the Yoast SEO plugin v27.5 - https:\/\/yoast.com\/product\/yoast-seo-wordpress\/ -->\n<title>Site \u00e9conomique - Gemeinde Lengnau<\/title>\n<meta name=\"robots\" content=\"index, follow, max-snippet:-1, max-image-preview:large, max-video-preview:-1\" \/>\n<link rel=\"canonical\" href=\"https:\/\/www.lengnau.ch\/fr\/themes\/economie\/site-economique\/\" \/>\n<meta property=\"og:locale\" content=\"fr_FR\" \/>\n<meta property=\"og:type\" content=\"article\" \/>\n<meta property=\"og:title\" content=\"Site \u00e9conomique - Gemeinde Lengnau\" \/>\n<meta property=\"og:description\" content=\"L&rsquo;industrie horlog\u00e8re est encore aujourd&rsquo;hui le pilier \u00e9conomique le plus fort. La soci\u00e9t\u00e9 RADO Uhren AG, qui fait partie du Swatch Group, est connue dans le monde entier. On y trouve \u00e9galement d&rsquo;autres entreprises actives dans le secteur de l&rsquo;horlogerie, de l&rsquo;industrie de pr\u00e9cision et de la technique m\u00e9dicale. Au total, environ 290 entreprises commerciales [&hellip;]\" \/>\n<meta property=\"og:url\" content=\"https:\/\/www.lengnau.ch\/fr\/themes\/economie\/site-economique\/\" \/>\n<meta property=\"og:site_name\" content=\"Gemeinde Lengnau\" \/>\n<meta property=\"article:modified_time\" content=\"2024-10-23T08:30:10+00:00\" \/>\n<meta name=\"twitter:card\" content=\"summary_large_image\" \/>\n<script type=\"application\/ld+json\" class=\"yoast-schema-graph\">{\"@context\":\"https:\\\/\\\/schema.org\",\"@graph\":[{\"@type\":\"WebPage\",\"@id\":\"https:\\\/\\\/www.lengnau.ch\\\/fr\\\/themes\\\/economie\\\/site-economique\\\/\",\"url\":\"https:\\\/\\\/www.lengnau.ch\\\/fr\\\/themes\\\/economie\\\/site-economique\\\/\",\"name\":\"Site \u00e9conomique - Gemeinde Lengnau\",\"isPartOf\":{\"@id\":\"https:\\\/\\\/www.lengnau.ch\\\/#website\"},\"datePublished\":\"2022-02-16T17:30:17+00:00\",\"dateModified\":\"2024-10-23T08:30:10+00:00\",\"breadcrumb\":{\"@id\":\"https:\\\/\\\/www.lengnau.ch\\\/fr\\\/themes\\\/economie\\\/site-economique\\\/#breadcrumb\"},\"inLanguage\":\"fr-FR\",\"potentialAction\":[{\"@type\":\"ReadAction\",\"target\":[\"https:\\\/\\\/www.lengnau.ch\\\/fr\\\/themes\\\/economie\\\/site-economique\\\/\"]}]},{\"@type\":\"BreadcrumbList\",\"@id\":\"https:\\\/\\\/www.lengnau.ch\\\/fr\\\/themes\\\/economie\\\/site-economique\\\/#breadcrumb\",\"itemListElement\":[{\"@type\":\"ListItem\",\"position\":1,\"name\":\"Home\",\"item\":\"https:\\\/\\\/www.lengnau.ch\\\/fr\\\/\"},{\"@type\":\"ListItem\",\"position\":2,\"name\":\"Th\u00e8mes\",\"item\":\"https:\\\/\\\/www.lengnau.ch\\\/fr\\\/themes\\\/\"},{\"@type\":\"ListItem\",\"position\":3,\"name\":\"\u00c9conomie\",\"item\":\"https:\\\/\\\/www.lengnau.ch\\\/fr\\\/themes\\\/economie\\\/\"},{\"@type\":\"ListItem\",\"position\":4,\"name\":\"Site \u00e9conomique\"}]},{\"@type\":\"WebSite\",\"@id\":\"https:\\\/\\\/www.lengnau.ch\\\/#website\",\"url\":\"https:\\\/\\\/www.lengnau.ch\\\/\",\"name\":\"Gemeinde Lengnau\",\"description\":\"\",\"potentialAction\":[{\"@type\":\"SearchAction\",\"target\":{\"@type\":\"EntryPoint\",\"urlTemplate\":\"https:\\\/\\\/www.lengnau.ch\\\/?s={search_term_string}\"},\"query-input\":{\"@type\":\"PropertyValueSpecification\",\"valueRequired\":true,\"valueName\":\"search_term_string\"}}],\"inLanguage\":\"fr-FR\"}]}<\/script>\n<!-- \/ Yoast SEO plugin. -->","yoast_head_json":{"title":"Site \u00e9conomique - Gemeinde Lengnau","robots":{"index":"index","follow":"follow","max-snippet":"max-snippet:-1","max-image-preview":"max-image-preview:large","max-video-preview":"max-video-preview:-1"},"canonical":"https:\/\/www.lengnau.ch\/fr\/themes\/economie\/site-economique\/","og_locale":"fr_FR","og_type":"article","og_title":"Site \u00e9conomique - Gemeinde Lengnau","og_description":"L&rsquo;industrie horlog\u00e8re est encore aujourd&rsquo;hui le pilier \u00e9conomique le plus fort. La soci\u00e9t\u00e9 RADO Uhren AG, qui fait partie du Swatch Group, est connue dans le monde entier. On y trouve \u00e9galement d&rsquo;autres entreprises actives dans le secteur de l&rsquo;horlogerie, de l&rsquo;industrie de pr\u00e9cision et de la technique m\u00e9dicale. Au total, environ 290 entreprises commerciales [&hellip;]","og_url":"https:\/\/www.lengnau.ch\/fr\/themes\/economie\/site-economique\/","og_site_name":"Gemeinde Lengnau","article_modified_time":"2024-10-23T08:30:10+00:00","twitter_card":"summary_large_image","schema":{"@context":"https:\/\/schema.org","@graph":[{"@type":"WebPage","@id":"https:\/\/www.lengnau.ch\/fr\/themes\/economie\/site-economique\/","url":"https:\/\/www.lengnau.ch\/fr\/themes\/economie\/site-economique\/","name":"Site \u00e9conomique - Gemeinde Lengnau","isPartOf":{"@id":"https:\/\/www.lengnau.ch\/#website"},"datePublished":"2022-02-16T17:30:17+00:00","dateModified":"2024-10-23T08:30:10+00:00","breadcrumb":{"@id":"https:\/\/www.lengnau.ch\/fr\/themes\/economie\/site-economique\/#breadcrumb"},"inLanguage":"fr-FR","potentialAction":[{"@type":"ReadAction","target":["https:\/\/www.lengnau.ch\/fr\/themes\/economie\/site-economique\/"]}]},{"@type":"BreadcrumbList","@id":"https:\/\/www.lengnau.ch\/fr\/themes\/economie\/site-economique\/#breadcrumb","itemListElement":[{"@type":"ListItem","position":1,"name":"Home","item":"https:\/\/www.lengnau.ch\/fr\/"},{"@type":"ListItem","position":2,"name":"Th\u00e8mes","item":"https:\/\/www.lengnau.ch\/fr\/themes\/"},{"@type":"ListItem","position":3,"name":"\u00c9conomie","item":"https:\/\/www.lengnau.ch\/fr\/themes\/economie\/"},{"@type":"ListItem","position":4,"name":"Site \u00e9conomique"}]},{"@type":"WebSite","@id":"https:\/\/www.lengnau.ch\/#website","url":"https:\/\/www.lengnau.ch\/","name":"Gemeinde Lengnau","description":"","potentialAction":[{"@type":"SearchAction","target":{"@type":"EntryPoint","urlTemplate":"https:\/\/www.lengnau.ch\/?s={search_term_string}"},"query-input":{"@type":"PropertyValueSpecification","valueRequired":true,"valueName":"search_term_string"}}],"inLanguage":"fr-FR"}]}},"publishpress_future_action":{"enabled":false,"date":"2026-05-21 19:10:42","action":"change-status","newStatus":"draft","terms":[],"taxonomy":"translation_priority","extraData":[]},"publishpress_future_workflow_manual_trigger":{"enabledWorkflows":[]},"_links":{"self":[{"href":"https:\/\/www.lengnau.ch\/fr\/wp-json\/wp\/v2\/pages\/3236","targetHints":{"allow":["GET"]}}],"collection":[{"href":"https:\/\/www.lengnau.ch\/fr\/wp-json\/wp\/v2\/pages"}],"about":[{"href":"https:\/\/www.lengnau.ch\/fr\/wp-json\/wp\/v2\/types\/page"}],"author":[{"embeddable":true,"href":"https:\/\/www.lengnau.ch\/fr\/wp-json\/wp\/v2\/users\/1"}],"replies":[{"embeddable":true,"href":"https:\/\/www.lengnau.ch\/fr\/wp-json\/wp\/v2\/comments?post=3236"}],"version-history":[{"count":8,"href":"https:\/\/www.lengnau.ch\/fr\/wp-json\/wp\/v2\/pages\/3236\/revisions"}],"predecessor-version":[{"id":14802,"href":"https:\/\/www.lengnau.ch\/fr\/wp-json\/wp\/v2\/pages\/3236\/revisions\/14802"}],"up":[{"embeddable":true,"href":"https:\/\/www.lengnau.ch\/fr\/wp-json\/wp\/v2\/pages\/3239"}],"wp:attachment":[{"href":"https:\/\/www.lengnau.ch\/fr\/wp-json\/wp\/v2\/media?parent=3236"}],"curies":[{"name":"wp","href":"https:\/\/api.w.org\/{rel}","templated":true}]}}