{"id":3235,"date":"2022-06-06T17:03:04","date_gmt":"2022-06-06T17:03:04","guid":{"rendered":"https:\/\/lengnau.rettenmund.com\/unternehmensverzeichnis\/"},"modified":"2022-12-06T10:56:21","modified_gmt":"2022-12-06T09:56:21","slug":"unternehmensverzeichnis","status":"publish","type":"page","link":"https:\/\/www.lengnau.ch\/fr\/themes\/economie\/unternehmensverzeichnis\/","title":{"rendered":"Annuaire des entreprises"},"content":{"rendered":"<p><strong>Un service gratuit de la commune de Lengnau BE<\/strong><\/p>\n<p>La liste ci-dessous vous donne un aper\u00e7u des entreprises de Lengnau BE. Vous pouvez inscrire vous-m\u00eame votre entreprise sur cette page. La nouvelle entr\u00e9e ne sera activ\u00e9e qu&rsquo;apr\u00e8s avoir \u00e9t\u00e9 v\u00e9rifi\u00e9e par le d\u00e9partement <a title=\"D\u00e9partement de la pr\u00e9sidence\" href=\"https:\/\/www.lengnau.ch\/verwaltung-politik\/gemeindeverwaltung\/praesidialabteilung\/\">pr\u00e9sidentiel<\/a> .<\/p>\n<p><a href=\"https:\/\/www.lengnau.ch\/neueintragung-unternehmen-ins-unternehmensverzeichnis\/\">Nouvelle inscription entreprise<\/a><\/p>\n","protected":false},"excerpt":{"rendered":"<p>Un service gratuit de la commune de Lengnau BE La liste ci-dessous vous donne un aper\u00e7u des entreprises de Lengnau BE. Vous pouvez inscrire vous-m\u00eame votre entreprise sur cette page. La nouvelle entr\u00e9e ne sera activ\u00e9e qu&rsquo;apr\u00e8s avoir \u00e9t\u00e9 v\u00e9rifi\u00e9e par le d\u00e9partement pr\u00e9sidentiel . Nouvelle inscription entreprise<\/p>\n","protected":false},"author":1,"featured_media":0,"parent":3239,"menu_order":19,"comment_status":"closed","ping_status":"closed","template":"page-unternehmensverz.php","meta":{"_acf_changed":false,"_relevanssi_hide_post":"","_relevanssi_hide_content":"","_relevanssi_pin_for_all":"","_relevanssi_pin_keywords":"","_relevanssi_unpin_keywords":"","_relevanssi_related_keywords":"","_relevanssi_related_include_ids":"","_relevanssi_related_exclude_ids":"","_relevanssi_related_no_append":"","_relevanssi_related_not_related":"","_relevanssi_related_posts":"","_relevanssi_noindex_reason":"","footnotes":""},"class_list":["post-3235","page","type-page","status-publish","hentry"],"acf":[],"yoast_head":"<!-- This site is optimized with the Yoast SEO plugin v27.4 - https:\/\/yoast.com\/product\/yoast-seo-wordpress\/ -->\n<title>Annuaire des entreprises - Gemeinde Lengnau<\/title>\n<meta name=\"robots\" content=\"index, follow, max-snippet:-1, max-image-preview:large, max-video-preview:-1\" \/>\n<link rel=\"canonical\" href=\"https:\/\/www.lengnau.ch\/fr\/themes\/economie\/unternehmensverzeichnis\/\" \/>\n<meta property=\"og:locale\" content=\"fr_FR\" \/>\n<meta property=\"og:type\" content=\"article\" \/>\n<meta property=\"og:title\" content=\"Annuaire des entreprises - Gemeinde Lengnau\" \/>\n<meta property=\"og:description\" content=\"Un service gratuit de la commune de Lengnau BE La liste ci-dessous vous donne un aper\u00e7u des entreprises de Lengnau BE. Vous pouvez inscrire vous-m\u00eame votre entreprise sur cette page. La nouvelle entr\u00e9e ne sera activ\u00e9e qu&rsquo;apr\u00e8s avoir \u00e9t\u00e9 v\u00e9rifi\u00e9e par le d\u00e9partement pr\u00e9sidentiel . Nouvelle inscription entreprise\" \/>\n<meta property=\"og:url\" content=\"https:\/\/www.lengnau.ch\/fr\/themes\/economie\/unternehmensverzeichnis\/\" \/>\n<meta property=\"og:site_name\" content=\"Gemeinde Lengnau\" \/>\n<meta property=\"article:modified_time\" content=\"2022-12-06T09:56:21+00:00\" \/>\n<meta name=\"twitter:card\" content=\"summary_large_image\" \/>\n<script type=\"application\/ld+json\" class=\"yoast-schema-graph\">{\"@context\":\"https:\\\/\\\/schema.org\",\"@graph\":[{\"@type\":\"WebPage\",\"@id\":\"https:\\\/\\\/www.lengnau.ch\\\/fr\\\/themes\\\/economie\\\/unternehmensverzeichnis\\\/\",\"url\":\"https:\\\/\\\/www.lengnau.ch\\\/fr\\\/themes\\\/economie\\\/unternehmensverzeichnis\\\/\",\"name\":\"Annuaire des entreprises - Gemeinde Lengnau\",\"isPartOf\":{\"@id\":\"https:\\\/\\\/www.lengnau.ch\\\/#website\"},\"datePublished\":\"2022-06-06T17:03:04+00:00\",\"dateModified\":\"2022-12-06T09:56:21+00:00\",\"breadcrumb\":{\"@id\":\"https:\\\/\\\/www.lengnau.ch\\\/fr\\\/themes\\\/economie\\\/unternehmensverzeichnis\\\/#breadcrumb\"},\"inLanguage\":\"fr-FR\",\"potentialAction\":[{\"@type\":\"ReadAction\",\"target\":[\"https:\\\/\\\/www.lengnau.ch\\\/fr\\\/themes\\\/economie\\\/unternehmensverzeichnis\\\/\"]}]},{\"@type\":\"BreadcrumbList\",\"@id\":\"https:\\\/\\\/www.lengnau.ch\\\/fr\\\/themes\\\/economie\\\/unternehmensverzeichnis\\\/#breadcrumb\",\"itemListElement\":[{\"@type\":\"ListItem\",\"position\":1,\"name\":\"Home\",\"item\":\"https:\\\/\\\/www.lengnau.ch\\\/fr\\\/\"},{\"@type\":\"ListItem\",\"position\":2,\"name\":\"Th\u00e8mes\",\"item\":\"https:\\\/\\\/www.lengnau.ch\\\/fr\\\/themes\\\/\"},{\"@type\":\"ListItem\",\"position\":3,\"name\":\"\u00c9conomie\",\"item\":\"https:\\\/\\\/www.lengnau.ch\\\/fr\\\/themes\\\/economie\\\/\"},{\"@type\":\"ListItem\",\"position\":4,\"name\":\"Annuaire des entreprises\"}]},{\"@type\":\"WebSite\",\"@id\":\"https:\\\/\\\/www.lengnau.ch\\\/#website\",\"url\":\"https:\\\/\\\/www.lengnau.ch\\\/\",\"name\":\"Gemeinde Lengnau\",\"description\":\"\",\"potentialAction\":[{\"@type\":\"SearchAction\",\"target\":{\"@type\":\"EntryPoint\",\"urlTemplate\":\"https:\\\/\\\/www.lengnau.ch\\\/?s={search_term_string}\"},\"query-input\":{\"@type\":\"PropertyValueSpecification\",\"valueRequired\":true,\"valueName\":\"search_term_string\"}}],\"inLanguage\":\"fr-FR\"}]}<\/script>\n<!-- \/ Yoast SEO plugin. -->","yoast_head_json":{"title":"Annuaire des entreprises - Gemeinde Lengnau","robots":{"index":"index","follow":"follow","max-snippet":"max-snippet:-1","max-image-preview":"max-image-preview:large","max-video-preview":"max-video-preview:-1"},"canonical":"https:\/\/www.lengnau.ch\/fr\/themes\/economie\/unternehmensverzeichnis\/","og_locale":"fr_FR","og_type":"article","og_title":"Annuaire des entreprises - Gemeinde Lengnau","og_description":"Un service gratuit de la commune de Lengnau BE La liste ci-dessous vous donne un aper\u00e7u des entreprises de Lengnau BE. Vous pouvez inscrire vous-m\u00eame votre entreprise sur cette page. La nouvelle entr\u00e9e ne sera activ\u00e9e qu&rsquo;apr\u00e8s avoir \u00e9t\u00e9 v\u00e9rifi\u00e9e par le d\u00e9partement pr\u00e9sidentiel . Nouvelle inscription entreprise","og_url":"https:\/\/www.lengnau.ch\/fr\/themes\/economie\/unternehmensverzeichnis\/","og_site_name":"Gemeinde Lengnau","article_modified_time":"2022-12-06T09:56:21+00:00","twitter_card":"summary_large_image","schema":{"@context":"https:\/\/schema.org","@graph":[{"@type":"WebPage","@id":"https:\/\/www.lengnau.ch\/fr\/themes\/economie\/unternehmensverzeichnis\/","url":"https:\/\/www.lengnau.ch\/fr\/themes\/economie\/unternehmensverzeichnis\/","name":"Annuaire des entreprises - Gemeinde Lengnau","isPartOf":{"@id":"https:\/\/www.lengnau.ch\/#website"},"datePublished":"2022-06-06T17:03:04+00:00","dateModified":"2022-12-06T09:56:21+00:00","breadcrumb":{"@id":"https:\/\/www.lengnau.ch\/fr\/themes\/economie\/unternehmensverzeichnis\/#breadcrumb"},"inLanguage":"fr-FR","potentialAction":[{"@type":"ReadAction","target":["https:\/\/www.lengnau.ch\/fr\/themes\/economie\/unternehmensverzeichnis\/"]}]},{"@type":"BreadcrumbList","@id":"https:\/\/www.lengnau.ch\/fr\/themes\/economie\/unternehmensverzeichnis\/#breadcrumb","itemListElement":[{"@type":"ListItem","position":1,"name":"Home","item":"https:\/\/www.lengnau.ch\/fr\/"},{"@type":"ListItem","position":2,"name":"Th\u00e8mes","item":"https:\/\/www.lengnau.ch\/fr\/themes\/"},{"@type":"ListItem","position":3,"name":"\u00c9conomie","item":"https:\/\/www.lengnau.ch\/fr\/themes\/economie\/"},{"@type":"ListItem","position":4,"name":"Annuaire des entreprises"}]},{"@type":"WebSite","@id":"https:\/\/www.lengnau.ch\/#website","url":"https:\/\/www.lengnau.ch\/","name":"Gemeinde Lengnau","description":"","potentialAction":[{"@type":"SearchAction","target":{"@type":"EntryPoint","urlTemplate":"https:\/\/www.lengnau.ch\/?s={search_term_string}"},"query-input":{"@type":"PropertyValueSpecification","valueRequired":true,"valueName":"search_term_string"}}],"inLanguage":"fr-FR"}]}},"publishpress_future_action":{"enabled":false,"date":"2026-05-14 18:11:58","action":"change-status","newStatus":"draft","terms":[],"taxonomy":"translation_priority","extraData":[]},"publishpress_future_workflow_manual_trigger":{"enabledWorkflows":[]},"_links":{"self":[{"href":"https:\/\/www.lengnau.ch\/fr\/wp-json\/wp\/v2\/pages\/3235","targetHints":{"allow":["GET"]}}],"collection":[{"href":"https:\/\/www.lengnau.ch\/fr\/wp-json\/wp\/v2\/pages"}],"about":[{"href":"https:\/\/www.lengnau.ch\/fr\/wp-json\/wp\/v2\/types\/page"}],"author":[{"embeddable":true,"href":"https:\/\/www.lengnau.ch\/fr\/wp-json\/wp\/v2\/users\/1"}],"replies":[{"embeddable":true,"href":"https:\/\/www.lengnau.ch\/fr\/wp-json\/wp\/v2\/comments?post=3235"}],"version-history":[{"count":7,"href":"https:\/\/www.lengnau.ch\/fr\/wp-json\/wp\/v2\/pages\/3235\/revisions"}],"predecessor-version":[{"id":8433,"href":"https:\/\/www.lengnau.ch\/fr\/wp-json\/wp\/v2\/pages\/3235\/revisions\/8433"}],"up":[{"embeddable":true,"href":"https:\/\/www.lengnau.ch\/fr\/wp-json\/wp\/v2\/pages\/3239"}],"wp:attachment":[{"href":"https:\/\/www.lengnau.ch\/fr\/wp-json\/wp\/v2\/media?parent=3235"}],"curies":[{"name":"wp","href":"https:\/\/api.w.org\/{rel}","templated":true}]}}