{"id":3234,"date":"2022-06-06T17:03:04","date_gmt":"2022-06-06T17:03:04","guid":{"rendered":"https:\/\/lengnau.rettenmund.com\/themen\/ueber-lengnau\/ortsplan\/"},"modified":"2022-12-06T10:57:34","modified_gmt":"2022-12-06T09:57:34","slug":"ortsplan","status":"publish","type":"page","link":"https:\/\/www.lengnau.ch\/fr\/themes\/ueber-lengnau\/ortsplan\/","title":{"rendered":"Plan de la localit\u00e9"},"content":{"rendered":"<h2>Plan de Lengnau<\/h2>\n<p><a id=\"ah_d78d2c92464b6f573986492e0e9b5585\" class=\"picture\" title=\"Plan de site RSW AG\" href=\"http:\/\/mapservice.ch\/Lengnau\/#14\/47.1790\/7.3799\" target=\"_blank\" rel=\"noopener\"><img loading=\"lazy\" decoding=\"async\" id=\"i_d78d2c92464b6f573986492e0e9b5585\" class=\"pictureDefault picture pictureSize-original \" title=\"Plan de site RSW AG\" src=\"https:\/\/www.lengnau.ch\/wp-content\/uploads\/2022\/08\/Ortsplan_RSW.jpg\" alt=\"Plan de site RSW AG\" width=\"1920\" height=\"1019\"><\/a><\/p>\n<h2>Plan local de l&rsquo;Office f\u00e9d\u00e9ral de topographie swisstopo<\/h2>\n<p><iframe loading=\"lazy\" src=\"https:\/\/map.geo.admin.ch\/embed.html?topic=ech&amp;lang=de&amp;bgLayer=ch.swisstopo.pixelkarte-farbe&amp;layers=ch.bafu.bundesinventare-amphibien,ch.bafu.bundesinventare-amphibien_wanderobjekte&amp;layers_opacity=0.75,0.75&amp;E=2594496.75&amp;N=1225696.63&amp;zoom=7\" width=\"595\" height=\"315\" frameborder=\"0\" data-mce-fragment=\"1\"><\/iframe><\/p>\n","protected":false},"excerpt":{"rendered":"<p>Plan de Lengnau Plan local de l&rsquo;Office f\u00e9d\u00e9ral de topographie swisstopo<\/p>\n","protected":false},"author":1,"featured_media":0,"parent":3230,"menu_order":35,"comment_status":"closed","ping_status":"closed","template":"","meta":{"_acf_changed":false,"_relevanssi_hide_post":"","_relevanssi_hide_content":"","_relevanssi_pin_for_all":"","_relevanssi_pin_keywords":"","_relevanssi_unpin_keywords":"","_relevanssi_related_keywords":"","_relevanssi_related_include_ids":"","_relevanssi_related_exclude_ids":"","_relevanssi_related_no_append":"","_relevanssi_related_not_related":"","_relevanssi_related_posts":"","_relevanssi_noindex_reason":"","footnotes":""},"class_list":["post-3234","page","type-page","status-publish","hentry"],"acf":[],"yoast_head":"<!-- This site is optimized with the Yoast SEO plugin v27.5 - https:\/\/yoast.com\/product\/yoast-seo-wordpress\/ -->\n<title>Plan de la localit\u00e9 - Gemeinde Lengnau<\/title>\n<meta name=\"robots\" content=\"index, follow, max-snippet:-1, max-image-preview:large, max-video-preview:-1\" \/>\n<link rel=\"canonical\" href=\"https:\/\/www.lengnau.ch\/fr\/themes\/ueber-lengnau\/ortsplan\/\" \/>\n<meta property=\"og:locale\" content=\"fr_FR\" \/>\n<meta property=\"og:type\" content=\"article\" \/>\n<meta property=\"og:title\" content=\"Plan de la localit\u00e9 - Gemeinde Lengnau\" \/>\n<meta property=\"og:description\" content=\"Plan de Lengnau Plan local de l&rsquo;Office f\u00e9d\u00e9ral de topographie swisstopo\" \/>\n<meta property=\"og:url\" content=\"https:\/\/www.lengnau.ch\/fr\/themes\/ueber-lengnau\/ortsplan\/\" \/>\n<meta property=\"og:site_name\" content=\"Gemeinde Lengnau\" \/>\n<meta property=\"article:modified_time\" content=\"2022-12-06T09:57:34+00:00\" \/>\n<meta property=\"og:image\" content=\"https:\/\/www.lengnau.ch\/wp-content\/uploads\/2022\/08\/Ortsplan_RSW.jpg\" \/>\n<meta name=\"twitter:card\" content=\"summary_large_image\" \/>\n<script type=\"application\/ld+json\" class=\"yoast-schema-graph\">{\"@context\":\"https:\\\/\\\/schema.org\",\"@graph\":[{\"@type\":\"WebPage\",\"@id\":\"https:\\\/\\\/www.lengnau.ch\\\/fr\\\/themes\\\/ueber-lengnau\\\/ortsplan\\\/\",\"url\":\"https:\\\/\\\/www.lengnau.ch\\\/fr\\\/themes\\\/ueber-lengnau\\\/ortsplan\\\/\",\"name\":\"Plan de la localit\u00e9 - Gemeinde Lengnau\",\"isPartOf\":{\"@id\":\"https:\\\/\\\/www.lengnau.ch\\\/#website\"},\"primaryImageOfPage\":{\"@id\":\"https:\\\/\\\/www.lengnau.ch\\\/fr\\\/themes\\\/ueber-lengnau\\\/ortsplan\\\/#primaryimage\"},\"image\":{\"@id\":\"https:\\\/\\\/www.lengnau.ch\\\/fr\\\/themes\\\/ueber-lengnau\\\/ortsplan\\\/#primaryimage\"},\"thumbnailUrl\":\"https:\\\/\\\/www.lengnau.ch\\\/wp-content\\\/uploads\\\/2022\\\/08\\\/Ortsplan_RSW.jpg\",\"datePublished\":\"2022-06-06T17:03:04+00:00\",\"dateModified\":\"2022-12-06T09:57:34+00:00\",\"breadcrumb\":{\"@id\":\"https:\\\/\\\/www.lengnau.ch\\\/fr\\\/themes\\\/ueber-lengnau\\\/ortsplan\\\/#breadcrumb\"},\"inLanguage\":\"fr-FR\",\"potentialAction\":[{\"@type\":\"ReadAction\",\"target\":[\"https:\\\/\\\/www.lengnau.ch\\\/fr\\\/themes\\\/ueber-lengnau\\\/ortsplan\\\/\"]}]},{\"@type\":\"ImageObject\",\"inLanguage\":\"fr-FR\",\"@id\":\"https:\\\/\\\/www.lengnau.ch\\\/fr\\\/themes\\\/ueber-lengnau\\\/ortsplan\\\/#primaryimage\",\"url\":\"https:\\\/\\\/www.lengnau.ch\\\/wp-content\\\/uploads\\\/2022\\\/08\\\/Ortsplan_RSW.jpg\",\"contentUrl\":\"https:\\\/\\\/www.lengnau.ch\\\/wp-content\\\/uploads\\\/2022\\\/08\\\/Ortsplan_RSW.jpg\"},{\"@type\":\"BreadcrumbList\",\"@id\":\"https:\\\/\\\/www.lengnau.ch\\\/fr\\\/themes\\\/ueber-lengnau\\\/ortsplan\\\/#breadcrumb\",\"itemListElement\":[{\"@type\":\"ListItem\",\"position\":1,\"name\":\"Home\",\"item\":\"https:\\\/\\\/www.lengnau.ch\\\/fr\\\/\"},{\"@type\":\"ListItem\",\"position\":2,\"name\":\"Th\u00e8mes\",\"item\":\"https:\\\/\\\/www.lengnau.ch\\\/fr\\\/themes\\\/\"},{\"@type\":\"ListItem\",\"position\":3,\"name\":\"\u00c0 propos de Lengnau\",\"item\":\"https:\\\/\\\/www.lengnau.ch\\\/fr\\\/themes\\\/ueber-lengnau\\\/\"},{\"@type\":\"ListItem\",\"position\":4,\"name\":\"Plan de la localit\u00e9\"}]},{\"@type\":\"WebSite\",\"@id\":\"https:\\\/\\\/www.lengnau.ch\\\/#website\",\"url\":\"https:\\\/\\\/www.lengnau.ch\\\/\",\"name\":\"Gemeinde Lengnau\",\"description\":\"\",\"potentialAction\":[{\"@type\":\"SearchAction\",\"target\":{\"@type\":\"EntryPoint\",\"urlTemplate\":\"https:\\\/\\\/www.lengnau.ch\\\/?s={search_term_string}\"},\"query-input\":{\"@type\":\"PropertyValueSpecification\",\"valueRequired\":true,\"valueName\":\"search_term_string\"}}],\"inLanguage\":\"fr-FR\"}]}<\/script>\n<!-- \/ Yoast SEO plugin. -->","yoast_head_json":{"title":"Plan de la localit\u00e9 - Gemeinde Lengnau","robots":{"index":"index","follow":"follow","max-snippet":"max-snippet:-1","max-image-preview":"max-image-preview:large","max-video-preview":"max-video-preview:-1"},"canonical":"https:\/\/www.lengnau.ch\/fr\/themes\/ueber-lengnau\/ortsplan\/","og_locale":"fr_FR","og_type":"article","og_title":"Plan de la localit\u00e9 - Gemeinde Lengnau","og_description":"Plan de Lengnau Plan local de l&rsquo;Office f\u00e9d\u00e9ral de topographie swisstopo","og_url":"https:\/\/www.lengnau.ch\/fr\/themes\/ueber-lengnau\/ortsplan\/","og_site_name":"Gemeinde Lengnau","article_modified_time":"2022-12-06T09:57:34+00:00","og_image":[{"url":"https:\/\/www.lengnau.ch\/wp-content\/uploads\/2022\/08\/Ortsplan_RSW.jpg","type":"","width":"","height":""}],"twitter_card":"summary_large_image","schema":{"@context":"https:\/\/schema.org","@graph":[{"@type":"WebPage","@id":"https:\/\/www.lengnau.ch\/fr\/themes\/ueber-lengnau\/ortsplan\/","url":"https:\/\/www.lengnau.ch\/fr\/themes\/ueber-lengnau\/ortsplan\/","name":"Plan de la localit\u00e9 - Gemeinde Lengnau","isPartOf":{"@id":"https:\/\/www.lengnau.ch\/#website"},"primaryImageOfPage":{"@id":"https:\/\/www.lengnau.ch\/fr\/themes\/ueber-lengnau\/ortsplan\/#primaryimage"},"image":{"@id":"https:\/\/www.lengnau.ch\/fr\/themes\/ueber-lengnau\/ortsplan\/#primaryimage"},"thumbnailUrl":"https:\/\/www.lengnau.ch\/wp-content\/uploads\/2022\/08\/Ortsplan_RSW.jpg","datePublished":"2022-06-06T17:03:04+00:00","dateModified":"2022-12-06T09:57:34+00:00","breadcrumb":{"@id":"https:\/\/www.lengnau.ch\/fr\/themes\/ueber-lengnau\/ortsplan\/#breadcrumb"},"inLanguage":"fr-FR","potentialAction":[{"@type":"ReadAction","target":["https:\/\/www.lengnau.ch\/fr\/themes\/ueber-lengnau\/ortsplan\/"]}]},{"@type":"ImageObject","inLanguage":"fr-FR","@id":"https:\/\/www.lengnau.ch\/fr\/themes\/ueber-lengnau\/ortsplan\/#primaryimage","url":"https:\/\/www.lengnau.ch\/wp-content\/uploads\/2022\/08\/Ortsplan_RSW.jpg","contentUrl":"https:\/\/www.lengnau.ch\/wp-content\/uploads\/2022\/08\/Ortsplan_RSW.jpg"},{"@type":"BreadcrumbList","@id":"https:\/\/www.lengnau.ch\/fr\/themes\/ueber-lengnau\/ortsplan\/#breadcrumb","itemListElement":[{"@type":"ListItem","position":1,"name":"Home","item":"https:\/\/www.lengnau.ch\/fr\/"},{"@type":"ListItem","position":2,"name":"Th\u00e8mes","item":"https:\/\/www.lengnau.ch\/fr\/themes\/"},{"@type":"ListItem","position":3,"name":"\u00c0 propos de Lengnau","item":"https:\/\/www.lengnau.ch\/fr\/themes\/ueber-lengnau\/"},{"@type":"ListItem","position":4,"name":"Plan de la localit\u00e9"}]},{"@type":"WebSite","@id":"https:\/\/www.lengnau.ch\/#website","url":"https:\/\/www.lengnau.ch\/","name":"Gemeinde Lengnau","description":"","potentialAction":[{"@type":"SearchAction","target":{"@type":"EntryPoint","urlTemplate":"https:\/\/www.lengnau.ch\/?s={search_term_string}"},"query-input":{"@type":"PropertyValueSpecification","valueRequired":true,"valueName":"search_term_string"}}],"inLanguage":"fr-FR"}]}},"publishpress_future_action":{"enabled":false,"date":"2026-05-24 07:31:50","action":"change-status","newStatus":"draft","terms":[],"taxonomy":"translation_priority","extraData":[]},"publishpress_future_workflow_manual_trigger":{"enabledWorkflows":[]},"_links":{"self":[{"href":"https:\/\/www.lengnau.ch\/fr\/wp-json\/wp\/v2\/pages\/3234","targetHints":{"allow":["GET"]}}],"collection":[{"href":"https:\/\/www.lengnau.ch\/fr\/wp-json\/wp\/v2\/pages"}],"about":[{"href":"https:\/\/www.lengnau.ch\/fr\/wp-json\/wp\/v2\/types\/page"}],"author":[{"embeddable":true,"href":"https:\/\/www.lengnau.ch\/fr\/wp-json\/wp\/v2\/users\/1"}],"replies":[{"embeddable":true,"href":"https:\/\/www.lengnau.ch\/fr\/wp-json\/wp\/v2\/comments?post=3234"}],"version-history":[{"count":10,"href":"https:\/\/www.lengnau.ch\/fr\/wp-json\/wp\/v2\/pages\/3234\/revisions"}],"predecessor-version":[{"id":8436,"href":"https:\/\/www.lengnau.ch\/fr\/wp-json\/wp\/v2\/pages\/3234\/revisions\/8436"}],"up":[{"embeddable":true,"href":"https:\/\/www.lengnau.ch\/fr\/wp-json\/wp\/v2\/pages\/3230"}],"wp:attachment":[{"href":"https:\/\/www.lengnau.ch\/fr\/wp-json\/wp\/v2\/media?parent=3234"}],"curies":[{"name":"wp","href":"https:\/\/api.w.org\/{rel}","templated":true}]}}