{"id":3231,"date":"2022-02-16T15:44:46","date_gmt":"2022-02-16T14:44:46","guid":{"rendered":"https:\/\/lengnau.rettenmund.com\/themen\/sicherheit\/fundbuero\/"},"modified":"2024-02-14T09:06:36","modified_gmt":"2024-02-14T08:06:36","slug":"fundbuero","status":"publish","type":"page","link":"https:\/\/www.lengnau.ch\/fr\/themes\/sicherheit\/fundbuero\/","title":{"rendered":"Bureau des objets trouv\u00e9s"},"content":{"rendered":"<p>Ce \u00e0 quoi vous devez faire attention si vous avez <strong>perdu<\/strong> quelque chose :<\/p>\n<ul>\n<li>Les personnes qui trouvent un objet ont droit \u00e0 une r\u00e9compense d&rsquo;environ 10% de la valeur de l&rsquo;objet trouv\u00e9 ou \u00e0 l&rsquo;objet lui-m\u00eame si le propri\u00e9taire ne s&rsquo;est pas manifest\u00e9 dans l&rsquo;ann\u00e9e.<\/li>\n<li>Les collaborateurs du bureau des objets trouv\u00e9s vous informent par \u00e9crit, dans la mesure o\u00f9 l&rsquo;objet trouv\u00e9 peut \u00eatre clairement identifi\u00e9.<\/li>\n<li>Si l&rsquo;objet trouv\u00e9 ne peut \u00eatre plac\u00e9, la personne qui l&rsquo;a trouv\u00e9 est inform\u00e9e apr\u00e8s un an que l&rsquo;objet peut \u00eatre retir\u00e9.<\/li>\n<\/ul>\n<p>Ce \u00e0 quoi vous devez faire attention si vous avez <strong>trouv\u00e9<\/strong> quelque chose :<\/p>\n<ul>\n<li>La personne qui trouve un objet est tenue de le remettre au bureau des objets trouv\u00e9s de la commune municipale de Lengnau BE.<\/li>\n<li>Les personnes qui trouvent un objet ont droit \u00e0 une r\u00e9compense d&rsquo;environ 10% de la valeur de l&rsquo;objet trouv\u00e9 ou \u00e0 l&rsquo;objet lui-m\u00eame si le propri\u00e9taire ne s&rsquo;est pas manifest\u00e9 dans l&rsquo;ann\u00e9e.<\/li>\n<li>L&rsquo;objet trouv\u00e9 est remis \u00e0 la personne qui l&rsquo;a trouv\u00e9 \u00e0 l&rsquo;expiration de ce d\u00e9lai.<\/li>\n<li>Les objets personnels tels que les cartes d&rsquo;identit\u00e9, les cl\u00e9s, etc. ne sont pas remis \u00e0 la personne qui les a trouv\u00e9s.<\/li>\n<li>La personne qui a trouv\u00e9 l&rsquo;objet perd ses droits l\u00e9gaux et ses pr\u00e9tentions si elle ne retire pas l&rsquo;objet trouv\u00e9 ou la r\u00e9compense dans un d\u00e9lai de cinq ans \u00e0 compter de l&rsquo;annonce au bureau des objets trouv\u00e9s.<\/li>\n<\/ul>\n<h2>Contact<\/h2>\n<p>Commune municipale de Lengnau BE<br \/>\nD\u00e9partement de la pr\u00e9sidence<br \/>\nDorfplatz 1<br \/>\n2543 Lengnau BE<\/p>\n<p>T\u00e9l\u00e9phone 032 654 71 01<br \/>\n<a href=\"mailto:in**@*****au.ch\" data-original-string=\"oU3XfPiMH6F6PhGZw7aVUw==a0et2WjdBTS6a7KhMFnQ38pQA==\" title=\"This contact has been encoded by Anti-Spam by CleanTalk. Click to decode. To finish the decoding make sure that JavaScript is enabled in your browser.\">Courrier \u00e9lectronique<\/a><\/p>\n","protected":false},"excerpt":{"rendered":"<p>Ce \u00e0 quoi vous devez faire attention si vous avez perdu quelque chose : Les personnes qui trouvent un objet ont droit \u00e0 une r\u00e9compense d&rsquo;environ 10% de la valeur de l&rsquo;objet trouv\u00e9 ou \u00e0 l&rsquo;objet lui-m\u00eame si le propri\u00e9taire ne s&rsquo;est pas manifest\u00e9 dans l&rsquo;ann\u00e9e. Les collaborateurs du bureau des objets trouv\u00e9s vous informent [&hellip;]<\/p>\n","protected":false},"author":1,"featured_media":0,"parent":3195,"menu_order":11,"comment_status":"closed","ping_status":"closed","template":"","meta":{"_acf_changed":false,"_relevanssi_hide_post":"","_relevanssi_hide_content":"","_relevanssi_pin_for_all":"","_relevanssi_pin_keywords":"","_relevanssi_unpin_keywords":"","_relevanssi_related_keywords":"","_relevanssi_related_include_ids":"","_relevanssi_related_exclude_ids":"","_relevanssi_related_no_append":"","_relevanssi_related_not_related":"","_relevanssi_related_posts":"","_relevanssi_noindex_reason":"","footnotes":""},"class_list":["post-3231","page","type-page","status-publish","hentry"],"acf":[],"yoast_head":"<!-- This site is optimized with the Yoast SEO plugin v27.5 - https:\/\/yoast.com\/product\/yoast-seo-wordpress\/ -->\n<title>Bureau des objets trouv\u00e9s - Gemeinde Lengnau<\/title>\n<meta name=\"robots\" content=\"index, follow, max-snippet:-1, max-image-preview:large, max-video-preview:-1\" \/>\n<link rel=\"canonical\" href=\"https:\/\/www.lengnau.ch\/fr\/themes\/sicherheit\/fundbuero\/\" \/>\n<meta property=\"og:locale\" content=\"fr_FR\" \/>\n<meta property=\"og:type\" content=\"article\" \/>\n<meta property=\"og:title\" content=\"Bureau des objets trouv\u00e9s - Gemeinde Lengnau\" \/>\n<meta property=\"og:description\" content=\"Ce \u00e0 quoi vous devez faire attention si vous avez perdu quelque chose : Les personnes qui trouvent un objet ont droit \u00e0 une r\u00e9compense d&rsquo;environ 10% de la valeur de l&rsquo;objet trouv\u00e9 ou \u00e0 l&rsquo;objet lui-m\u00eame si le propri\u00e9taire ne s&rsquo;est pas manifest\u00e9 dans l&rsquo;ann\u00e9e. Les collaborateurs du bureau des objets trouv\u00e9s vous informent [&hellip;]\" \/>\n<meta property=\"og:url\" content=\"https:\/\/www.lengnau.ch\/fr\/themes\/sicherheit\/fundbuero\/\" \/>\n<meta property=\"og:site_name\" content=\"Gemeinde Lengnau\" \/>\n<meta property=\"article:modified_time\" content=\"2024-02-14T08:06:36+00:00\" \/>\n<meta name=\"twitter:card\" content=\"summary_large_image\" \/>\n<script type=\"application\/ld+json\" class=\"yoast-schema-graph\">{\"@context\":\"https:\\\/\\\/schema.org\",\"@graph\":[{\"@type\":\"WebPage\",\"@id\":\"https:\\\/\\\/www.lengnau.ch\\\/fr\\\/themes\\\/sicherheit\\\/fundbuero\\\/\",\"url\":\"https:\\\/\\\/www.lengnau.ch\\\/fr\\\/themes\\\/sicherheit\\\/fundbuero\\\/\",\"name\":\"Bureau des objets trouv\u00e9s - Gemeinde Lengnau\",\"isPartOf\":{\"@id\":\"https:\\\/\\\/www.lengnau.ch\\\/#website\"},\"datePublished\":\"2022-02-16T14:44:46+00:00\",\"dateModified\":\"2024-02-14T08:06:36+00:00\",\"breadcrumb\":{\"@id\":\"https:\\\/\\\/www.lengnau.ch\\\/fr\\\/themes\\\/sicherheit\\\/fundbuero\\\/#breadcrumb\"},\"inLanguage\":\"fr-FR\",\"potentialAction\":[{\"@type\":\"ReadAction\",\"target\":[\"https:\\\/\\\/www.lengnau.ch\\\/fr\\\/themes\\\/sicherheit\\\/fundbuero\\\/\"]}]},{\"@type\":\"BreadcrumbList\",\"@id\":\"https:\\\/\\\/www.lengnau.ch\\\/fr\\\/themes\\\/sicherheit\\\/fundbuero\\\/#breadcrumb\",\"itemListElement\":[{\"@type\":\"ListItem\",\"position\":1,\"name\":\"Home\",\"item\":\"https:\\\/\\\/www.lengnau.ch\\\/fr\\\/\"},{\"@type\":\"ListItem\",\"position\":2,\"name\":\"Th\u00e8mes\",\"item\":\"https:\\\/\\\/www.lengnau.ch\\\/fr\\\/themes\\\/\"},{\"@type\":\"ListItem\",\"position\":3,\"name\":\"S\u00e9curit\u00e9\",\"item\":\"https:\\\/\\\/www.lengnau.ch\\\/fr\\\/themes\\\/sicherheit\\\/\"},{\"@type\":\"ListItem\",\"position\":4,\"name\":\"Bureau des objets trouv\u00e9s\"}]},{\"@type\":\"WebSite\",\"@id\":\"https:\\\/\\\/www.lengnau.ch\\\/#website\",\"url\":\"https:\\\/\\\/www.lengnau.ch\\\/\",\"name\":\"Gemeinde Lengnau\",\"description\":\"\",\"potentialAction\":[{\"@type\":\"SearchAction\",\"target\":{\"@type\":\"EntryPoint\",\"urlTemplate\":\"https:\\\/\\\/www.lengnau.ch\\\/?s={search_term_string}\"},\"query-input\":{\"@type\":\"PropertyValueSpecification\",\"valueRequired\":true,\"valueName\":\"search_term_string\"}}],\"inLanguage\":\"fr-FR\"}]}<\/script>\n<!-- \/ Yoast SEO plugin. -->","yoast_head_json":{"title":"Bureau des objets trouv\u00e9s - Gemeinde Lengnau","robots":{"index":"index","follow":"follow","max-snippet":"max-snippet:-1","max-image-preview":"max-image-preview:large","max-video-preview":"max-video-preview:-1"},"canonical":"https:\/\/www.lengnau.ch\/fr\/themes\/sicherheit\/fundbuero\/","og_locale":"fr_FR","og_type":"article","og_title":"Bureau des objets trouv\u00e9s - Gemeinde Lengnau","og_description":"Ce \u00e0 quoi vous devez faire attention si vous avez perdu quelque chose : Les personnes qui trouvent un objet ont droit \u00e0 une r\u00e9compense d&rsquo;environ 10% de la valeur de l&rsquo;objet trouv\u00e9 ou \u00e0 l&rsquo;objet lui-m\u00eame si le propri\u00e9taire ne s&rsquo;est pas manifest\u00e9 dans l&rsquo;ann\u00e9e. Les collaborateurs du bureau des objets trouv\u00e9s vous informent [&hellip;]","og_url":"https:\/\/www.lengnau.ch\/fr\/themes\/sicherheit\/fundbuero\/","og_site_name":"Gemeinde Lengnau","article_modified_time":"2024-02-14T08:06:36+00:00","twitter_card":"summary_large_image","schema":{"@context":"https:\/\/schema.org","@graph":[{"@type":"WebPage","@id":"https:\/\/www.lengnau.ch\/fr\/themes\/sicherheit\/fundbuero\/","url":"https:\/\/www.lengnau.ch\/fr\/themes\/sicherheit\/fundbuero\/","name":"Bureau des objets trouv\u00e9s - Gemeinde Lengnau","isPartOf":{"@id":"https:\/\/www.lengnau.ch\/#website"},"datePublished":"2022-02-16T14:44:46+00:00","dateModified":"2024-02-14T08:06:36+00:00","breadcrumb":{"@id":"https:\/\/www.lengnau.ch\/fr\/themes\/sicherheit\/fundbuero\/#breadcrumb"},"inLanguage":"fr-FR","potentialAction":[{"@type":"ReadAction","target":["https:\/\/www.lengnau.ch\/fr\/themes\/sicherheit\/fundbuero\/"]}]},{"@type":"BreadcrumbList","@id":"https:\/\/www.lengnau.ch\/fr\/themes\/sicherheit\/fundbuero\/#breadcrumb","itemListElement":[{"@type":"ListItem","position":1,"name":"Home","item":"https:\/\/www.lengnau.ch\/fr\/"},{"@type":"ListItem","position":2,"name":"Th\u00e8mes","item":"https:\/\/www.lengnau.ch\/fr\/themes\/"},{"@type":"ListItem","position":3,"name":"S\u00e9curit\u00e9","item":"https:\/\/www.lengnau.ch\/fr\/themes\/sicherheit\/"},{"@type":"ListItem","position":4,"name":"Bureau des objets trouv\u00e9s"}]},{"@type":"WebSite","@id":"https:\/\/www.lengnau.ch\/#website","url":"https:\/\/www.lengnau.ch\/","name":"Gemeinde Lengnau","description":"","potentialAction":[{"@type":"SearchAction","target":{"@type":"EntryPoint","urlTemplate":"https:\/\/www.lengnau.ch\/?s={search_term_string}"},"query-input":{"@type":"PropertyValueSpecification","valueRequired":true,"valueName":"search_term_string"}}],"inLanguage":"fr-FR"}]}},"publishpress_future_action":{"enabled":false,"date":"2026-05-24 07:30:40","action":"change-status","newStatus":"draft","terms":[],"taxonomy":"translation_priority","extraData":[]},"publishpress_future_workflow_manual_trigger":{"enabledWorkflows":[]},"_links":{"self":[{"href":"https:\/\/www.lengnau.ch\/fr\/wp-json\/wp\/v2\/pages\/3231","targetHints":{"allow":["GET"]}}],"collection":[{"href":"https:\/\/www.lengnau.ch\/fr\/wp-json\/wp\/v2\/pages"}],"about":[{"href":"https:\/\/www.lengnau.ch\/fr\/wp-json\/wp\/v2\/types\/page"}],"author":[{"embeddable":true,"href":"https:\/\/www.lengnau.ch\/fr\/wp-json\/wp\/v2\/users\/1"}],"replies":[{"embeddable":true,"href":"https:\/\/www.lengnau.ch\/fr\/wp-json\/wp\/v2\/comments?post=3231"}],"version-history":[{"count":10,"href":"https:\/\/www.lengnau.ch\/fr\/wp-json\/wp\/v2\/pages\/3231\/revisions"}],"predecessor-version":[{"id":10171,"href":"https:\/\/www.lengnau.ch\/fr\/wp-json\/wp\/v2\/pages\/3231\/revisions\/10171"}],"up":[{"embeddable":true,"href":"https:\/\/www.lengnau.ch\/fr\/wp-json\/wp\/v2\/pages\/3195"}],"wp:attachment":[{"href":"https:\/\/www.lengnau.ch\/fr\/wp-json\/wp\/v2\/media?parent=3231"}],"curies":[{"name":"wp","href":"https:\/\/api.w.org\/{rel}","templated":true}]}}