{"id":3228,"date":"2022-06-06T17:03:02","date_gmt":"2022-06-06T17:03:02","guid":{"rendered":"https:\/\/lengnau.rettenmund.com\/geschichte\/"},"modified":"2022-12-06T11:01:42","modified_gmt":"2022-12-06T10:01:42","slug":"geschichte","status":"publish","type":"page","link":"https:\/\/www.lengnau.ch\/fr\/themes\/ueber-lengnau\/geschichte\/","title":{"rendered":"Histoire"},"content":{"rendered":"<p>Des traces datant de l&rsquo;\u00e2ge de pierre attestent que la r\u00e9gion de Lengnau BE \u00e9tait d\u00e9j\u00e0 peupl\u00e9e. Un court pan de mur romain, d\u00e9couvert lors de fouilles pour le r\u00e9servoir d&rsquo;eau de la source du Lochbach, fait r\u00e9f\u00e9rence \u00e0 la colonisation \u00e0 l&rsquo;\u00e9poque romaine.<\/p>\n<p>Selon les sources \u00e9crites, Lengnau BE devait d\u00e9j\u00e0 exister avant l&rsquo;an 1000. Des documents du couvent d&rsquo;Einsiedeln attestent en effet qu&rsquo;un Lampertus a fait don d&rsquo;un terrain au couvent en 997 \u00e0 Lengnau BE. Ce sont les seuls indices fiables qui t\u00e9moignent de la fondation d&rsquo;une colonie \u00ab\u00a0Lengenach\u00a0\u00bb. Demnach wurde im Jahr 1997 das tausendj\u00e4hrige Bestehen der Gemeinde gefeiert.<\/p>\n<p>Au 11e si\u00e8cle, Lengnau \u00e9tait sous la domination des comtes de Strassberg. Sur le plan eccl\u00e9siastique, Lengnau faisait partie de l&rsquo;\u00e9v\u00each\u00e9 de Lausanne. En 1228, Lengnau BE est mentionn\u00e9 sous le nom de \u00ab\u00a0Lengieuwa\u00a0\u00bb, en rapport avec une \u00e9glise ou une chapelle d\u00e9di\u00e9e \u00e0 Saint Germain.<\/p>\n<p>En 1318 &#8211; trois ans seulement apr\u00e8s la bataille de Morgarten &#8211; le duc L\u00e9opold d&rsquo;Autriche est entr\u00e9 en guerre contre Soleure. Lengnau BE a \u00e9t\u00e9 d\u00e9vast\u00e9e \u00e0 cette occasion par les Fribourgeois. Le comte Imer de Strassberg, le dernier de sa lign\u00e9e, dut hypoth\u00e9quer sa seigneurie \u00e0 Soleure. Lengnau BE passa aux comtes de Kyburg.<\/p>\n<p>L&rsquo;entente entre les Kybourgois et les villes de Berne et de Soleure \u00e9tait depuis longtemps tendue. Apr\u00e8s la guerre de Sempach, les Bernois ont conquis B\u00fcren an der Aare en 1388 et Lengnau BE est ainsi \u00e9galement pass\u00e9e sous le contr\u00f4le de Berne.<\/p>\n","protected":false},"excerpt":{"rendered":"<p>Des traces datant de l&rsquo;\u00e2ge de pierre attestent que la r\u00e9gion de Lengnau BE \u00e9tait d\u00e9j\u00e0 peupl\u00e9e. Un court pan de mur romain, d\u00e9couvert lors de fouilles pour le r\u00e9servoir d&rsquo;eau de la source du Lochbach, fait r\u00e9f\u00e9rence \u00e0 la colonisation \u00e0 l&rsquo;\u00e9poque romaine. Selon les sources \u00e9crites, Lengnau BE devait d\u00e9j\u00e0 exister avant l&rsquo;an [&hellip;]<\/p>\n","protected":false},"author":1,"featured_media":0,"parent":3230,"menu_order":31,"comment_status":"closed","ping_status":"closed","template":"","meta":{"_acf_changed":false,"_relevanssi_hide_post":"","_relevanssi_hide_content":"","_relevanssi_pin_for_all":"","_relevanssi_pin_keywords":"","_relevanssi_unpin_keywords":"","_relevanssi_related_keywords":"","_relevanssi_related_include_ids":"","_relevanssi_related_exclude_ids":"","_relevanssi_related_no_append":"","_relevanssi_related_not_related":"","_relevanssi_related_posts":"","_relevanssi_noindex_reason":"","footnotes":""},"class_list":["post-3228","page","type-page","status-publish","hentry"],"acf":[],"yoast_head":"<!-- This site is optimized with the Yoast SEO plugin v27.4 - https:\/\/yoast.com\/product\/yoast-seo-wordpress\/ -->\n<title>Histoire - Gemeinde Lengnau<\/title>\n<meta name=\"robots\" content=\"index, follow, max-snippet:-1, max-image-preview:large, max-video-preview:-1\" \/>\n<link rel=\"canonical\" href=\"https:\/\/www.lengnau.ch\/fr\/themes\/ueber-lengnau\/geschichte\/\" \/>\n<meta property=\"og:locale\" content=\"fr_FR\" \/>\n<meta property=\"og:type\" content=\"article\" \/>\n<meta property=\"og:title\" content=\"Histoire - Gemeinde Lengnau\" \/>\n<meta property=\"og:description\" content=\"Des traces datant de l&rsquo;\u00e2ge de pierre attestent que la r\u00e9gion de Lengnau BE \u00e9tait d\u00e9j\u00e0 peupl\u00e9e. Un court pan de mur romain, d\u00e9couvert lors de fouilles pour le r\u00e9servoir d&rsquo;eau de la source du Lochbach, fait r\u00e9f\u00e9rence \u00e0 la colonisation \u00e0 l&rsquo;\u00e9poque romaine. Selon les sources \u00e9crites, Lengnau BE devait d\u00e9j\u00e0 exister avant l&rsquo;an [&hellip;]\" \/>\n<meta property=\"og:url\" content=\"https:\/\/www.lengnau.ch\/fr\/themes\/ueber-lengnau\/geschichte\/\" \/>\n<meta property=\"og:site_name\" content=\"Gemeinde Lengnau\" \/>\n<meta property=\"article:modified_time\" content=\"2022-12-06T10:01:42+00:00\" \/>\n<meta name=\"twitter:card\" content=\"summary_large_image\" \/>\n<script type=\"application\/ld+json\" class=\"yoast-schema-graph\">{\"@context\":\"https:\\\/\\\/schema.org\",\"@graph\":[{\"@type\":\"WebPage\",\"@id\":\"https:\\\/\\\/www.lengnau.ch\\\/fr\\\/themes\\\/ueber-lengnau\\\/geschichte\\\/\",\"url\":\"https:\\\/\\\/www.lengnau.ch\\\/fr\\\/themes\\\/ueber-lengnau\\\/geschichte\\\/\",\"name\":\"Histoire - Gemeinde Lengnau\",\"isPartOf\":{\"@id\":\"https:\\\/\\\/www.lengnau.ch\\\/#website\"},\"datePublished\":\"2022-06-06T17:03:02+00:00\",\"dateModified\":\"2022-12-06T10:01:42+00:00\",\"breadcrumb\":{\"@id\":\"https:\\\/\\\/www.lengnau.ch\\\/fr\\\/themes\\\/ueber-lengnau\\\/geschichte\\\/#breadcrumb\"},\"inLanguage\":\"fr-FR\",\"potentialAction\":[{\"@type\":\"ReadAction\",\"target\":[\"https:\\\/\\\/www.lengnau.ch\\\/fr\\\/themes\\\/ueber-lengnau\\\/geschichte\\\/\"]}]},{\"@type\":\"BreadcrumbList\",\"@id\":\"https:\\\/\\\/www.lengnau.ch\\\/fr\\\/themes\\\/ueber-lengnau\\\/geschichte\\\/#breadcrumb\",\"itemListElement\":[{\"@type\":\"ListItem\",\"position\":1,\"name\":\"Home\",\"item\":\"https:\\\/\\\/www.lengnau.ch\\\/fr\\\/\"},{\"@type\":\"ListItem\",\"position\":2,\"name\":\"Th\u00e8mes\",\"item\":\"https:\\\/\\\/www.lengnau.ch\\\/fr\\\/themes\\\/\"},{\"@type\":\"ListItem\",\"position\":3,\"name\":\"\u00c0 propos de Lengnau\",\"item\":\"https:\\\/\\\/www.lengnau.ch\\\/fr\\\/themes\\\/ueber-lengnau\\\/\"},{\"@type\":\"ListItem\",\"position\":4,\"name\":\"Histoire\"}]},{\"@type\":\"WebSite\",\"@id\":\"https:\\\/\\\/www.lengnau.ch\\\/#website\",\"url\":\"https:\\\/\\\/www.lengnau.ch\\\/\",\"name\":\"Gemeinde Lengnau\",\"description\":\"\",\"potentialAction\":[{\"@type\":\"SearchAction\",\"target\":{\"@type\":\"EntryPoint\",\"urlTemplate\":\"https:\\\/\\\/www.lengnau.ch\\\/?s={search_term_string}\"},\"query-input\":{\"@type\":\"PropertyValueSpecification\",\"valueRequired\":true,\"valueName\":\"search_term_string\"}}],\"inLanguage\":\"fr-FR\"}]}<\/script>\n<!-- \/ Yoast SEO plugin. -->","yoast_head_json":{"title":"Histoire - Gemeinde Lengnau","robots":{"index":"index","follow":"follow","max-snippet":"max-snippet:-1","max-image-preview":"max-image-preview:large","max-video-preview":"max-video-preview:-1"},"canonical":"https:\/\/www.lengnau.ch\/fr\/themes\/ueber-lengnau\/geschichte\/","og_locale":"fr_FR","og_type":"article","og_title":"Histoire - Gemeinde Lengnau","og_description":"Des traces datant de l&rsquo;\u00e2ge de pierre attestent que la r\u00e9gion de Lengnau BE \u00e9tait d\u00e9j\u00e0 peupl\u00e9e. Un court pan de mur romain, d\u00e9couvert lors de fouilles pour le r\u00e9servoir d&rsquo;eau de la source du Lochbach, fait r\u00e9f\u00e9rence \u00e0 la colonisation \u00e0 l&rsquo;\u00e9poque romaine. Selon les sources \u00e9crites, Lengnau BE devait d\u00e9j\u00e0 exister avant l&rsquo;an [&hellip;]","og_url":"https:\/\/www.lengnau.ch\/fr\/themes\/ueber-lengnau\/geschichte\/","og_site_name":"Gemeinde Lengnau","article_modified_time":"2022-12-06T10:01:42+00:00","twitter_card":"summary_large_image","schema":{"@context":"https:\/\/schema.org","@graph":[{"@type":"WebPage","@id":"https:\/\/www.lengnau.ch\/fr\/themes\/ueber-lengnau\/geschichte\/","url":"https:\/\/www.lengnau.ch\/fr\/themes\/ueber-lengnau\/geschichte\/","name":"Histoire - Gemeinde Lengnau","isPartOf":{"@id":"https:\/\/www.lengnau.ch\/#website"},"datePublished":"2022-06-06T17:03:02+00:00","dateModified":"2022-12-06T10:01:42+00:00","breadcrumb":{"@id":"https:\/\/www.lengnau.ch\/fr\/themes\/ueber-lengnau\/geschichte\/#breadcrumb"},"inLanguage":"fr-FR","potentialAction":[{"@type":"ReadAction","target":["https:\/\/www.lengnau.ch\/fr\/themes\/ueber-lengnau\/geschichte\/"]}]},{"@type":"BreadcrumbList","@id":"https:\/\/www.lengnau.ch\/fr\/themes\/ueber-lengnau\/geschichte\/#breadcrumb","itemListElement":[{"@type":"ListItem","position":1,"name":"Home","item":"https:\/\/www.lengnau.ch\/fr\/"},{"@type":"ListItem","position":2,"name":"Th\u00e8mes","item":"https:\/\/www.lengnau.ch\/fr\/themes\/"},{"@type":"ListItem","position":3,"name":"\u00c0 propos de Lengnau","item":"https:\/\/www.lengnau.ch\/fr\/themes\/ueber-lengnau\/"},{"@type":"ListItem","position":4,"name":"Histoire"}]},{"@type":"WebSite","@id":"https:\/\/www.lengnau.ch\/#website","url":"https:\/\/www.lengnau.ch\/","name":"Gemeinde Lengnau","description":"","potentialAction":[{"@type":"SearchAction","target":{"@type":"EntryPoint","urlTemplate":"https:\/\/www.lengnau.ch\/?s={search_term_string}"},"query-input":{"@type":"PropertyValueSpecification","valueRequired":true,"valueName":"search_term_string"}}],"inLanguage":"fr-FR"}]}},"publishpress_future_action":{"enabled":false,"date":"2026-05-13 17:52:39","action":"change-status","newStatus":"draft","terms":[],"taxonomy":"translation_priority","extraData":[]},"publishpress_future_workflow_manual_trigger":{"enabledWorkflows":[]},"_links":{"self":[{"href":"https:\/\/www.lengnau.ch\/fr\/wp-json\/wp\/v2\/pages\/3228","targetHints":{"allow":["GET"]}}],"collection":[{"href":"https:\/\/www.lengnau.ch\/fr\/wp-json\/wp\/v2\/pages"}],"about":[{"href":"https:\/\/www.lengnau.ch\/fr\/wp-json\/wp\/v2\/types\/page"}],"author":[{"embeddable":true,"href":"https:\/\/www.lengnau.ch\/fr\/wp-json\/wp\/v2\/users\/1"}],"replies":[{"embeddable":true,"href":"https:\/\/www.lengnau.ch\/fr\/wp-json\/wp\/v2\/comments?post=3228"}],"version-history":[{"count":7,"href":"https:\/\/www.lengnau.ch\/fr\/wp-json\/wp\/v2\/pages\/3228\/revisions"}],"predecessor-version":[{"id":7562,"href":"https:\/\/www.lengnau.ch\/fr\/wp-json\/wp\/v2\/pages\/3228\/revisions\/7562"}],"up":[{"embeddable":true,"href":"https:\/\/www.lengnau.ch\/fr\/wp-json\/wp\/v2\/pages\/3230"}],"wp:attachment":[{"href":"https:\/\/www.lengnau.ch\/fr\/wp-json\/wp\/v2\/media?parent=3228"}],"curies":[{"name":"wp","href":"https:\/\/api.w.org\/{rel}","templated":true}]}}