{"id":3227,"date":"2022-02-16T15:44:06","date_gmt":"2022-02-16T14:44:06","guid":{"rendered":"https:\/\/lengnau.rettenmund.com\/themen\/sicherheit\/pilz-und-lebensmittelkontrolle\/"},"modified":"2025-06-25T10:24:56","modified_gmt":"2025-06-25T08:24:56","slug":"pilz-und-lebensmittelkontrolle","status":"publish","type":"page","link":"https:\/\/www.lengnau.ch\/fr\/themes\/sicherheit\/pilz-und-lebensmittelkontrolle\/","title":{"rendered":"Contr\u00f4le des champignons et des denr\u00e9es alimentaires"},"content":{"rendered":"<h2>Contr\u00f4le des champignons<\/h2>\n<p>Les cueilleurs de champignons trouveront des informations d\u00e9taill\u00e9es sur le site de l&rsquo;<a href=\"https:\/\/www.vapko.ch\/index.php\/de\/\" target=\"_blank\" rel=\"noopener\">Association suisse des organes officiels de contr\u00f4le des champignons.<\/a><\/p>\n<p>Les contr\u00f4les des champignons pour les communes de Lengnau BE et Pieterlen auront lieu \u00e0 partir du mercredi 27 ao\u00fbt 2025 aux heures suivantes :<\/p>\n<p><strong>Mercredi<\/strong><br \/>\n16h45 &#8211; 17h45<\/p>\n<p><strong>Samedi<\/strong><br \/>\n16h45 &#8211; 17h45<\/p>\n<p><strong>Dimanche<br \/>\n<\/strong>16h45 &#8211; 17h45<\/p>\n<p><strong>Local<\/strong><br \/>\nCuisine militaire pr\u00e8s du magasin des pompiers<br \/>\ndans l&rsquo;angle 6<br \/>\n2543 Lengnau BE<\/p>\n<p><strong>Contr\u00f4leurs de champignons<\/strong><br \/>\nRolf Keller et Kurt Bisang (suppl\u00e9ant)<br \/>\n<em>(Pas de contr\u00f4le \u00e0 domicile en plus du contr\u00f4le ordinaire des champignons)<\/em><\/p>\n<p>Les ramasseurs de champignons sont pri\u00e9s d&rsquo;apporter les champignons au contr\u00f4le apr\u00e8s les avoir nettoy\u00e9s proprement, mais sans les avoir encore \u00e9quip\u00e9s.<\/p>\n<p><strong>Important :<\/strong> dans le canton de Berne, les champignons peuvent \u00eatre cueillis depuis 2012 sans \u00eatre limit\u00e9s par des jours de fermeture. Auparavant, la cueillette des champignons \u00e9tait interdite pendant les sept premiers jours de chaque mois. Cette restriction a \u00e9t\u00e9 lev\u00e9e. Depuis lors, les champignons peuvent \u00eatre cueillis sans restriction de temps. Cette modification s&rsquo;appuie sur des preuves scientifiques r\u00e9centes selon lesquelles les jours de fermeture n&rsquo;ont aucun effet sur la biodiversit\u00e9 des champignons. Aucun changement n&rsquo;a \u00e9t\u00e9 apport\u00e9 \u00e0 la limitation de quantit\u00e9 qui a fait ses preuves : il est toujours interdit de cueillir plus de 2 kg de champignons par jour et par personne.<br \/>\n<em>(Ordonnance sur la protection de la nature du canton de Berne, art. 23)  <\/em><\/p>\n<p><a href=\"https:\/\/www.lengnau.ch\/wp-content\/uploads\/2025\/06\/Inserat_Pilzkontrolle_2025_Homepage.pdf\" target=\"_blank\" rel=\"noopener\">Annonce Contr\u00f4le des champignons 2025<\/a><\/p>\n<h2>Contr\u00f4le des denr\u00e9es alimentaires<\/h2>\n<p>Le <a title=\"Contr\u00f4le des denr\u00e9es alimentaires\" href=\"https:\/\/www.weu.be.ch\/de\/start\/themen\/lebensmittelsicherheit\/lebensmittel-gebrauchsgegenstaende.html\" target=\"_blank\" rel=\"noopener\">contr\u00f4le des denr\u00e9es alimentaires<\/a> vise \u00e0 prot\u00e9ger les consommateurs contre les aliments qui pr\u00e9sentent un risque pour la sant\u00e9.<\/p>\n<p>Le contr\u00f4le des denr\u00e9es alimentaires vise en outre \u00e0 garantir une utilisation hygi\u00e9nique des aliments et \u00e0 dissuader les consommateurs d&rsquo;ing\u00e9rer des aliments dangereux pour la sant\u00e9.<\/p>\n<p>Les contr\u00f4les dans les entreprises qui produisent, traitent, entreposent, transportent ou distribuent des denr\u00e9es alimentaires ont g\u00e9n\u00e9ralement lieu sans pr\u00e9avis.<\/p>\n<p>L&rsquo;organisme de contr\u00f4le des denr\u00e9es alimentaires inspecte et contr\u00f4le \u00e9galement r\u00e9guli\u00e8rement les syst\u00e8mes d&rsquo;approvisionnement en eau potable de la commune de Lengnau BE.<\/p>\n<p>L&rsquo;examen des demandes de permis de construire d&rsquo;\u00e9tablissements alimentaires et de restauration se fait en collaboration avec les ma\u00eetres d&rsquo;ouvrage comp\u00e9tents, les organes de la police des constructions de la commune municipale de Longeau BE et la pr\u00e9fecture de Biel\/Bienne.<\/p>\n<p>Le contr\u00f4leur cantonal des denr\u00e9es alimentaires se tient \u00e0 votre disposition pour toute question relative au contr\u00f4le des denr\u00e9es alimentaires :<\/p>\n<p>Laboratoire cantonal<br \/>\nContr\u00f4le des denr\u00e9es alimentaires<br \/>\n19, rue Muesmatt<br \/>\n3012 Berne<\/p>\n<p>T\u00e9l\u00e9phone 031 633 11 11<br \/>\n<a href=\"mailto:in*****@**.ch\" data-original-string=\"vq68CyTCySu7R7g3Ggkxog==a0eIITkbiReQ2iqQq9Y6\/mnwQ==\" title=\"This contact has been encoded by Anti-Spam by CleanTalk. Click to decode. To finish the decoding make sure that JavaScript is enabled in your browser.\">Courrier \u00e9lectronique<\/a><\/p>\n","protected":false},"excerpt":{"rendered":"<p>Contr\u00f4le des champignons Les cueilleurs de champignons trouveront des informations d\u00e9taill\u00e9es sur le site de l&rsquo;Association suisse des organes officiels de contr\u00f4le des champignons. Les contr\u00f4les des champignons pour les communes de Lengnau BE et Pieterlen auront lieu \u00e0 partir du mercredi 27 ao\u00fbt 2025 aux heures suivantes : Mercredi 16h45 &#8211; 17h45 Samedi 16h45 [&hellip;]<\/p>\n","protected":false},"author":1,"featured_media":0,"parent":3195,"menu_order":5,"comment_status":"closed","ping_status":"closed","template":"","meta":{"_acf_changed":false,"_relevanssi_hide_post":"","_relevanssi_hide_content":"","_relevanssi_pin_for_all":"","_relevanssi_pin_keywords":"","_relevanssi_unpin_keywords":"","_relevanssi_related_keywords":"","_relevanssi_related_include_ids":"","_relevanssi_related_exclude_ids":"","_relevanssi_related_no_append":"","_relevanssi_related_not_related":"","_relevanssi_related_posts":"","_relevanssi_noindex_reason":"","footnotes":""},"class_list":["post-3227","page","type-page","status-publish","hentry"],"acf":[],"yoast_head":"<!-- This site is optimized with the Yoast SEO plugin v27.4 - https:\/\/yoast.com\/product\/yoast-seo-wordpress\/ -->\n<title>Contr\u00f4le des champignons et des denr\u00e9es alimentaires - Gemeinde Lengnau<\/title>\n<meta name=\"robots\" content=\"index, follow, max-snippet:-1, max-image-preview:large, max-video-preview:-1\" \/>\n<link rel=\"canonical\" href=\"https:\/\/www.lengnau.ch\/fr\/themes\/sicherheit\/pilz-und-lebensmittelkontrolle\/\" \/>\n<meta property=\"og:locale\" content=\"fr_FR\" \/>\n<meta property=\"og:type\" content=\"article\" \/>\n<meta property=\"og:title\" content=\"Contr\u00f4le des champignons et des denr\u00e9es alimentaires - Gemeinde Lengnau\" \/>\n<meta property=\"og:description\" content=\"Contr\u00f4le des champignons Les cueilleurs de champignons trouveront des informations d\u00e9taill\u00e9es sur le site de l&rsquo;Association suisse des organes officiels de contr\u00f4le des champignons. Les contr\u00f4les des champignons pour les communes de Lengnau BE et Pieterlen auront lieu \u00e0 partir du mercredi 27 ao\u00fbt 2025 aux heures suivantes : Mercredi 16h45 &#8211; 17h45 Samedi 16h45 [&hellip;]\" \/>\n<meta property=\"og:url\" content=\"https:\/\/www.lengnau.ch\/fr\/themes\/sicherheit\/pilz-und-lebensmittelkontrolle\/\" \/>\n<meta property=\"og:site_name\" content=\"Gemeinde Lengnau\" \/>\n<meta property=\"article:modified_time\" content=\"2025-06-25T08:24:56+00:00\" \/>\n<meta name=\"twitter:card\" content=\"summary_large_image\" \/>\n<script type=\"application\/ld+json\" class=\"yoast-schema-graph\">{\"@context\":\"https:\\\/\\\/schema.org\",\"@graph\":[{\"@type\":\"WebPage\",\"@id\":\"https:\\\/\\\/www.lengnau.ch\\\/fr\\\/themes\\\/sicherheit\\\/pilz-und-lebensmittelkontrolle\\\/\",\"url\":\"https:\\\/\\\/www.lengnau.ch\\\/fr\\\/themes\\\/sicherheit\\\/pilz-und-lebensmittelkontrolle\\\/\",\"name\":\"Contr\u00f4le des champignons et des denr\u00e9es alimentaires - Gemeinde Lengnau\",\"isPartOf\":{\"@id\":\"https:\\\/\\\/www.lengnau.ch\\\/#website\"},\"datePublished\":\"2022-02-16T14:44:06+00:00\",\"dateModified\":\"2025-06-25T08:24:56+00:00\",\"breadcrumb\":{\"@id\":\"https:\\\/\\\/www.lengnau.ch\\\/fr\\\/themes\\\/sicherheit\\\/pilz-und-lebensmittelkontrolle\\\/#breadcrumb\"},\"inLanguage\":\"fr-FR\",\"potentialAction\":[{\"@type\":\"ReadAction\",\"target\":[\"https:\\\/\\\/www.lengnau.ch\\\/fr\\\/themes\\\/sicherheit\\\/pilz-und-lebensmittelkontrolle\\\/\"]}]},{\"@type\":\"BreadcrumbList\",\"@id\":\"https:\\\/\\\/www.lengnau.ch\\\/fr\\\/themes\\\/sicherheit\\\/pilz-und-lebensmittelkontrolle\\\/#breadcrumb\",\"itemListElement\":[{\"@type\":\"ListItem\",\"position\":1,\"name\":\"Home\",\"item\":\"https:\\\/\\\/www.lengnau.ch\\\/fr\\\/\"},{\"@type\":\"ListItem\",\"position\":2,\"name\":\"Th\u00e8mes\",\"item\":\"https:\\\/\\\/www.lengnau.ch\\\/fr\\\/themes\\\/\"},{\"@type\":\"ListItem\",\"position\":3,\"name\":\"S\u00e9curit\u00e9\",\"item\":\"https:\\\/\\\/www.lengnau.ch\\\/fr\\\/themes\\\/sicherheit\\\/\"},{\"@type\":\"ListItem\",\"position\":4,\"name\":\"Contr\u00f4le des champignons et des denr\u00e9es alimentaires\"}]},{\"@type\":\"WebSite\",\"@id\":\"https:\\\/\\\/www.lengnau.ch\\\/#website\",\"url\":\"https:\\\/\\\/www.lengnau.ch\\\/\",\"name\":\"Gemeinde Lengnau\",\"description\":\"\",\"potentialAction\":[{\"@type\":\"SearchAction\",\"target\":{\"@type\":\"EntryPoint\",\"urlTemplate\":\"https:\\\/\\\/www.lengnau.ch\\\/?s={search_term_string}\"},\"query-input\":{\"@type\":\"PropertyValueSpecification\",\"valueRequired\":true,\"valueName\":\"search_term_string\"}}],\"inLanguage\":\"fr-FR\"}]}<\/script>\n<!-- \/ Yoast SEO plugin. -->","yoast_head_json":{"title":"Contr\u00f4le des champignons et des denr\u00e9es alimentaires - Gemeinde Lengnau","robots":{"index":"index","follow":"follow","max-snippet":"max-snippet:-1","max-image-preview":"max-image-preview:large","max-video-preview":"max-video-preview:-1"},"canonical":"https:\/\/www.lengnau.ch\/fr\/themes\/sicherheit\/pilz-und-lebensmittelkontrolle\/","og_locale":"fr_FR","og_type":"article","og_title":"Contr\u00f4le des champignons et des denr\u00e9es alimentaires - Gemeinde Lengnau","og_description":"Contr\u00f4le des champignons Les cueilleurs de champignons trouveront des informations d\u00e9taill\u00e9es sur le site de l&rsquo;Association suisse des organes officiels de contr\u00f4le des champignons. Les contr\u00f4les des champignons pour les communes de Lengnau BE et Pieterlen auront lieu \u00e0 partir du mercredi 27 ao\u00fbt 2025 aux heures suivantes : Mercredi 16h45 &#8211; 17h45 Samedi 16h45 [&hellip;]","og_url":"https:\/\/www.lengnau.ch\/fr\/themes\/sicherheit\/pilz-und-lebensmittelkontrolle\/","og_site_name":"Gemeinde Lengnau","article_modified_time":"2025-06-25T08:24:56+00:00","twitter_card":"summary_large_image","schema":{"@context":"https:\/\/schema.org","@graph":[{"@type":"WebPage","@id":"https:\/\/www.lengnau.ch\/fr\/themes\/sicherheit\/pilz-und-lebensmittelkontrolle\/","url":"https:\/\/www.lengnau.ch\/fr\/themes\/sicherheit\/pilz-und-lebensmittelkontrolle\/","name":"Contr\u00f4le des champignons et des denr\u00e9es alimentaires - Gemeinde Lengnau","isPartOf":{"@id":"https:\/\/www.lengnau.ch\/#website"},"datePublished":"2022-02-16T14:44:06+00:00","dateModified":"2025-06-25T08:24:56+00:00","breadcrumb":{"@id":"https:\/\/www.lengnau.ch\/fr\/themes\/sicherheit\/pilz-und-lebensmittelkontrolle\/#breadcrumb"},"inLanguage":"fr-FR","potentialAction":[{"@type":"ReadAction","target":["https:\/\/www.lengnau.ch\/fr\/themes\/sicherheit\/pilz-und-lebensmittelkontrolle\/"]}]},{"@type":"BreadcrumbList","@id":"https:\/\/www.lengnau.ch\/fr\/themes\/sicherheit\/pilz-und-lebensmittelkontrolle\/#breadcrumb","itemListElement":[{"@type":"ListItem","position":1,"name":"Home","item":"https:\/\/www.lengnau.ch\/fr\/"},{"@type":"ListItem","position":2,"name":"Th\u00e8mes","item":"https:\/\/www.lengnau.ch\/fr\/themes\/"},{"@type":"ListItem","position":3,"name":"S\u00e9curit\u00e9","item":"https:\/\/www.lengnau.ch\/fr\/themes\/sicherheit\/"},{"@type":"ListItem","position":4,"name":"Contr\u00f4le des champignons et des denr\u00e9es alimentaires"}]},{"@type":"WebSite","@id":"https:\/\/www.lengnau.ch\/#website","url":"https:\/\/www.lengnau.ch\/","name":"Gemeinde Lengnau","description":"","potentialAction":[{"@type":"SearchAction","target":{"@type":"EntryPoint","urlTemplate":"https:\/\/www.lengnau.ch\/?s={search_term_string}"},"query-input":{"@type":"PropertyValueSpecification","valueRequired":true,"valueName":"search_term_string"}}],"inLanguage":"fr-FR"}]}},"publishpress_future_action":{"enabled":false,"date":"2026-05-12 10:10:37","action":"change-status","newStatus":"draft","terms":[],"taxonomy":"translation_priority","extraData":[]},"publishpress_future_workflow_manual_trigger":{"enabledWorkflows":[]},"_links":{"self":[{"href":"https:\/\/www.lengnau.ch\/fr\/wp-json\/wp\/v2\/pages\/3227","targetHints":{"allow":["GET"]}}],"collection":[{"href":"https:\/\/www.lengnau.ch\/fr\/wp-json\/wp\/v2\/pages"}],"about":[{"href":"https:\/\/www.lengnau.ch\/fr\/wp-json\/wp\/v2\/types\/page"}],"author":[{"embeddable":true,"href":"https:\/\/www.lengnau.ch\/fr\/wp-json\/wp\/v2\/users\/1"}],"replies":[{"embeddable":true,"href":"https:\/\/www.lengnau.ch\/fr\/wp-json\/wp\/v2\/comments?post=3227"}],"version-history":[{"count":10,"href":"https:\/\/www.lengnau.ch\/fr\/wp-json\/wp\/v2\/pages\/3227\/revisions"}],"predecessor-version":[{"id":17034,"href":"https:\/\/www.lengnau.ch\/fr\/wp-json\/wp\/v2\/pages\/3227\/revisions\/17034"}],"up":[{"embeddable":true,"href":"https:\/\/www.lengnau.ch\/fr\/wp-json\/wp\/v2\/pages\/3195"}],"wp:attachment":[{"href":"https:\/\/www.lengnau.ch\/fr\/wp-json\/wp\/v2\/media?parent=3227"}],"curies":[{"name":"wp","href":"https:\/\/api.w.org\/{rel}","templated":true}]}}