{"id":3226,"date":"2022-02-16T18:29:33","date_gmt":"2022-02-16T17:29:33","guid":{"rendered":"https:\/\/lengnau.rettenmund.com\/burgergemeinde\/"},"modified":"2025-07-17T08:01:24","modified_gmt":"2025-07-17T06:01:24","slug":"burgergemeinde","status":"publish","type":"page","link":"https:\/\/www.lengnau.ch\/fr\/themes\/ueber-lengnau\/burgergemeinde\/","title":{"rendered":"Commune bourgeoise"},"content":{"rendered":"<p>La bourgeoisie est le plus grand propri\u00e9taire de for\u00eats et de terrains \u00e0 Lengnau BE. Elle c\u00e8de au commerce et \u00e0 l&rsquo;industrie le terrain industriel viabilis\u00e9 dans le Moos, pr\u00e8s de l&rsquo;autoroute A5, \u00e0 des conditions pr\u00e9f\u00e9rentielles en droit de superficie.<\/p>\n<h2>For\u00eat<\/h2>\n<p>La bourgeoisie emploie un garde forestier et un forestier-b\u00fbcheron pour l&rsquo;entretien et l&rsquo;exploitation de la for\u00eat. Il existe pour cela un concept \u00e0 long terme qui garantit que la for\u00eat sera pr\u00e9serv\u00e9e pour les g\u00e9n\u00e9rations futures. Les habitants et les visiteurs en profitent comme zone de d\u00e9tente, les chemins forestiers et de randonn\u00e9e invitent \u00e0 pratiquer des activit\u00e9s sportives. De nombreux lieux publics sont \u00e0 la disposition de tous.<\/p>\n<h2>Pays<\/h2>\n<p>Outre l&rsquo;exploitation foresti\u00e8re de la for\u00eat (mati\u00e8re premi\u00e8re : bois), la bourgeoisie loue des terres agricoles aux agriculteurs de Lengnau BE. Pour plus d&rsquo;informations, adressez-vous directement \u00e0 la bourgeoisie.<\/p>\n<h2>Contacts<\/h2>\n<p><strong>Burgerverwaltung<\/strong><\/p>\n<p>Commune bourgeoise de Lengnau<br \/>\nMonika Gribi, directrice g\u00e9n\u00e9rale<br \/>\nOelestrasse 30<br \/>\n2543 Lengnau BE<\/p>\n<p>T\u00e9l\u00e9phone 032 652 58 50<br \/>\n<a href=\"mailto:ve********@****be.ch\" data-original-string=\"4BwXdvMiY9kCwuGvqZHBbQ==a0eseg7VN3z2SyrCbQYo32DGCSOzxFws2H8dMsC8I14zXs=\" title=\"This contact has been encoded by Anti-Spam by CleanTalk. Click to decode. To finish the decoding make sure that JavaScript is enabled in your browser.\">Courrier \u00e9lectronique<\/a><br \/>\n<a title=\"burgergemeinde-lengnau.ch\" href=\"http:\/\/burgergemeinde-lengnau.ch\/\" target=\"_blank\" rel=\"noopener\">Site web<\/a><\/p>\n<p><strong>Conseil de la bourgeoisie<\/strong><\/p>\n<p>Bettina Widmer-Renfer, pr\u00e9sidente de la commune bourgeoise et du conseil bourgeoisial<br \/>\nT\u00e9l\u00e9phone 079 407 73 57<br \/>\n<a href=\"mailto:pr********@****be.ch\" data-original-string=\"aQcSZHnkmTOejA9VoS8kyA==a0ex0VPl8eNg8hXYtVXDcjF97qE7W+Fbwk9JvlWeu18xQg=\" title=\"This contact has been encoded by Anti-Spam by CleanTalk. Click to decode. To finish the decoding make sure that JavaScript is enabled in your browser.\">Courrier \u00e9lectronique<\/a><\/p>\n<p><strong>Administration des for\u00eats<\/strong><\/p>\n<p>Andrea Spahr, administratrice des for\u00eats<br \/>\n<a href=\"mailto:fo***@****be.ch\" data-original-string=\"AOlwP4vGj+UdjSZnAF2szw==a0eoJXqE7SjePsScb6LiusraA==\" title=\"This contact has been encoded by Anti-Spam by CleanTalk. Click to decode. To finish the decoding make sure that JavaScript is enabled in your browser.\">Courrier \u00e9lectronique<\/a><\/p>\n<p><strong>Location Maison foresti\u00e8re<\/strong><\/p>\n<p>Marlies et Christian R\u00fcfli<br \/>\n3A, rue de Nerben<br \/>\n2543 Lengnau BE<\/p>\n<p>T\u00e9l\u00e9phone 032 652 45 36<\/p>\n<p><strong>Location salle polyvalente Brunnenplatz<\/strong><\/p>\n<p>Barbara Gribi<br \/>\nPlace de la Fontaine 1<br \/>\n2543 Lengnau BE<\/p>\n<p>T\u00e9l\u00e9phone 079 451 47 40<br \/>\n<a href=\"mailto:br**********@****be.ch\" data-original-string=\"vBmA1CyDRZEEkPoS7iQ6kA==a0e0blSp1shv\/EVH0xAHpljpnTtUXLomxZ4OxdJiVH1e40=\" title=\"This contact has been encoded by Anti-Spam by CleanTalk. Click to decode. To finish the decoding make sure that JavaScript is enabled in your browser.\">Courrier \u00e9lectronique<\/a><\/p>\n","protected":false},"excerpt":{"rendered":"<p>La bourgeoisie est le plus grand propri\u00e9taire de for\u00eats et de terrains \u00e0 Lengnau BE. Elle c\u00e8de au commerce et \u00e0 l&rsquo;industrie le terrain industriel viabilis\u00e9 dans le Moos, pr\u00e8s de l&rsquo;autoroute A5, \u00e0 des conditions pr\u00e9f\u00e9rentielles en droit de superficie. For\u00eat La bourgeoisie emploie un garde forestier et un forestier-b\u00fbcheron pour l&rsquo;entretien et l&rsquo;exploitation [&hellip;]<\/p>\n","protected":false},"author":1,"featured_media":0,"parent":3230,"menu_order":26,"comment_status":"closed","ping_status":"closed","template":"","meta":{"_acf_changed":false,"_relevanssi_hide_post":"","_relevanssi_hide_content":"","_relevanssi_pin_for_all":"","_relevanssi_pin_keywords":"","_relevanssi_unpin_keywords":"","_relevanssi_related_keywords":"","_relevanssi_related_include_ids":"","_relevanssi_related_exclude_ids":"","_relevanssi_related_no_append":"","_relevanssi_related_not_related":"","_relevanssi_related_posts":"","_relevanssi_noindex_reason":"","footnotes":""},"class_list":["post-3226","page","type-page","status-publish","hentry"],"acf":[],"yoast_head":"<!-- This site is optimized with the Yoast SEO plugin v27.4 - https:\/\/yoast.com\/product\/yoast-seo-wordpress\/ -->\n<title>Commune bourgeoise - Gemeinde Lengnau<\/title>\n<meta name=\"robots\" content=\"index, follow, max-snippet:-1, max-image-preview:large, max-video-preview:-1\" \/>\n<link rel=\"canonical\" href=\"https:\/\/www.lengnau.ch\/fr\/themes\/ueber-lengnau\/burgergemeinde\/\" \/>\n<meta property=\"og:locale\" content=\"fr_FR\" \/>\n<meta property=\"og:type\" content=\"article\" \/>\n<meta property=\"og:title\" content=\"Commune bourgeoise - Gemeinde Lengnau\" \/>\n<meta property=\"og:description\" content=\"La bourgeoisie est le plus grand propri\u00e9taire de for\u00eats et de terrains \u00e0 Lengnau BE. Elle c\u00e8de au commerce et \u00e0 l&rsquo;industrie le terrain industriel viabilis\u00e9 dans le Moos, pr\u00e8s de l&rsquo;autoroute A5, \u00e0 des conditions pr\u00e9f\u00e9rentielles en droit de superficie. For\u00eat La bourgeoisie emploie un garde forestier et un forestier-b\u00fbcheron pour l&rsquo;entretien et l&rsquo;exploitation [&hellip;]\" \/>\n<meta property=\"og:url\" content=\"https:\/\/www.lengnau.ch\/fr\/themes\/ueber-lengnau\/burgergemeinde\/\" \/>\n<meta property=\"og:site_name\" content=\"Gemeinde Lengnau\" \/>\n<meta property=\"article:modified_time\" content=\"2025-07-17T06:01:24+00:00\" \/>\n<meta name=\"twitter:card\" content=\"summary_large_image\" \/>\n<script type=\"application\/ld+json\" class=\"yoast-schema-graph\">{\"@context\":\"https:\\\/\\\/schema.org\",\"@graph\":[{\"@type\":\"WebPage\",\"@id\":\"https:\\\/\\\/www.lengnau.ch\\\/fr\\\/themes\\\/ueber-lengnau\\\/burgergemeinde\\\/\",\"url\":\"https:\\\/\\\/www.lengnau.ch\\\/fr\\\/themes\\\/ueber-lengnau\\\/burgergemeinde\\\/\",\"name\":\"Commune bourgeoise - Gemeinde Lengnau\",\"isPartOf\":{\"@id\":\"https:\\\/\\\/www.lengnau.ch\\\/#website\"},\"datePublished\":\"2022-02-16T17:29:33+00:00\",\"dateModified\":\"2025-07-17T06:01:24+00:00\",\"breadcrumb\":{\"@id\":\"https:\\\/\\\/www.lengnau.ch\\\/fr\\\/themes\\\/ueber-lengnau\\\/burgergemeinde\\\/#breadcrumb\"},\"inLanguage\":\"fr-FR\",\"potentialAction\":[{\"@type\":\"ReadAction\",\"target\":[\"https:\\\/\\\/www.lengnau.ch\\\/fr\\\/themes\\\/ueber-lengnau\\\/burgergemeinde\\\/\"]}]},{\"@type\":\"BreadcrumbList\",\"@id\":\"https:\\\/\\\/www.lengnau.ch\\\/fr\\\/themes\\\/ueber-lengnau\\\/burgergemeinde\\\/#breadcrumb\",\"itemListElement\":[{\"@type\":\"ListItem\",\"position\":1,\"name\":\"Home\",\"item\":\"https:\\\/\\\/www.lengnau.ch\\\/fr\\\/\"},{\"@type\":\"ListItem\",\"position\":2,\"name\":\"Th\u00e8mes\",\"item\":\"https:\\\/\\\/www.lengnau.ch\\\/fr\\\/themes\\\/\"},{\"@type\":\"ListItem\",\"position\":3,\"name\":\"\u00c0 propos de Lengnau\",\"item\":\"https:\\\/\\\/www.lengnau.ch\\\/fr\\\/themes\\\/ueber-lengnau\\\/\"},{\"@type\":\"ListItem\",\"position\":4,\"name\":\"Commune bourgeoise\"}]},{\"@type\":\"WebSite\",\"@id\":\"https:\\\/\\\/www.lengnau.ch\\\/#website\",\"url\":\"https:\\\/\\\/www.lengnau.ch\\\/\",\"name\":\"Gemeinde Lengnau\",\"description\":\"\",\"potentialAction\":[{\"@type\":\"SearchAction\",\"target\":{\"@type\":\"EntryPoint\",\"urlTemplate\":\"https:\\\/\\\/www.lengnau.ch\\\/?s={search_term_string}\"},\"query-input\":{\"@type\":\"PropertyValueSpecification\",\"valueRequired\":true,\"valueName\":\"search_term_string\"}}],\"inLanguage\":\"fr-FR\"}]}<\/script>\n<!-- \/ Yoast SEO plugin. -->","yoast_head_json":{"title":"Commune bourgeoise - Gemeinde Lengnau","robots":{"index":"index","follow":"follow","max-snippet":"max-snippet:-1","max-image-preview":"max-image-preview:large","max-video-preview":"max-video-preview:-1"},"canonical":"https:\/\/www.lengnau.ch\/fr\/themes\/ueber-lengnau\/burgergemeinde\/","og_locale":"fr_FR","og_type":"article","og_title":"Commune bourgeoise - Gemeinde Lengnau","og_description":"La bourgeoisie est le plus grand propri\u00e9taire de for\u00eats et de terrains \u00e0 Lengnau BE. Elle c\u00e8de au commerce et \u00e0 l&rsquo;industrie le terrain industriel viabilis\u00e9 dans le Moos, pr\u00e8s de l&rsquo;autoroute A5, \u00e0 des conditions pr\u00e9f\u00e9rentielles en droit de superficie. For\u00eat La bourgeoisie emploie un garde forestier et un forestier-b\u00fbcheron pour l&rsquo;entretien et l&rsquo;exploitation [&hellip;]","og_url":"https:\/\/www.lengnau.ch\/fr\/themes\/ueber-lengnau\/burgergemeinde\/","og_site_name":"Gemeinde Lengnau","article_modified_time":"2025-07-17T06:01:24+00:00","twitter_card":"summary_large_image","schema":{"@context":"https:\/\/schema.org","@graph":[{"@type":"WebPage","@id":"https:\/\/www.lengnau.ch\/fr\/themes\/ueber-lengnau\/burgergemeinde\/","url":"https:\/\/www.lengnau.ch\/fr\/themes\/ueber-lengnau\/burgergemeinde\/","name":"Commune bourgeoise - Gemeinde Lengnau","isPartOf":{"@id":"https:\/\/www.lengnau.ch\/#website"},"datePublished":"2022-02-16T17:29:33+00:00","dateModified":"2025-07-17T06:01:24+00:00","breadcrumb":{"@id":"https:\/\/www.lengnau.ch\/fr\/themes\/ueber-lengnau\/burgergemeinde\/#breadcrumb"},"inLanguage":"fr-FR","potentialAction":[{"@type":"ReadAction","target":["https:\/\/www.lengnau.ch\/fr\/themes\/ueber-lengnau\/burgergemeinde\/"]}]},{"@type":"BreadcrumbList","@id":"https:\/\/www.lengnau.ch\/fr\/themes\/ueber-lengnau\/burgergemeinde\/#breadcrumb","itemListElement":[{"@type":"ListItem","position":1,"name":"Home","item":"https:\/\/www.lengnau.ch\/fr\/"},{"@type":"ListItem","position":2,"name":"Th\u00e8mes","item":"https:\/\/www.lengnau.ch\/fr\/themes\/"},{"@type":"ListItem","position":3,"name":"\u00c0 propos de Lengnau","item":"https:\/\/www.lengnau.ch\/fr\/themes\/ueber-lengnau\/"},{"@type":"ListItem","position":4,"name":"Commune bourgeoise"}]},{"@type":"WebSite","@id":"https:\/\/www.lengnau.ch\/#website","url":"https:\/\/www.lengnau.ch\/","name":"Gemeinde Lengnau","description":"","potentialAction":[{"@type":"SearchAction","target":{"@type":"EntryPoint","urlTemplate":"https:\/\/www.lengnau.ch\/?s={search_term_string}"},"query-input":{"@type":"PropertyValueSpecification","valueRequired":true,"valueName":"search_term_string"}}],"inLanguage":"fr-FR"}]}},"publishpress_future_action":{"enabled":false,"date":"2026-05-06 11:19:37","action":"change-status","newStatus":"draft","terms":[],"taxonomy":"translation_priority","extraData":[]},"publishpress_future_workflow_manual_trigger":{"enabledWorkflows":[]},"_links":{"self":[{"href":"https:\/\/www.lengnau.ch\/fr\/wp-json\/wp\/v2\/pages\/3226","targetHints":{"allow":["GET"]}}],"collection":[{"href":"https:\/\/www.lengnau.ch\/fr\/wp-json\/wp\/v2\/pages"}],"about":[{"href":"https:\/\/www.lengnau.ch\/fr\/wp-json\/wp\/v2\/types\/page"}],"author":[{"embeddable":true,"href":"https:\/\/www.lengnau.ch\/fr\/wp-json\/wp\/v2\/users\/1"}],"replies":[{"embeddable":true,"href":"https:\/\/www.lengnau.ch\/fr\/wp-json\/wp\/v2\/comments?post=3226"}],"version-history":[{"count":10,"href":"https:\/\/www.lengnau.ch\/fr\/wp-json\/wp\/v2\/pages\/3226\/revisions"}],"predecessor-version":[{"id":14795,"href":"https:\/\/www.lengnau.ch\/fr\/wp-json\/wp\/v2\/pages\/3226\/revisions\/14795"}],"up":[{"embeddable":true,"href":"https:\/\/www.lengnau.ch\/fr\/wp-json\/wp\/v2\/pages\/3230"}],"wp:attachment":[{"href":"https:\/\/www.lengnau.ch\/fr\/wp-json\/wp\/v2\/media?parent=3226"}],"curies":[{"name":"wp","href":"https:\/\/api.w.org\/{rel}","templated":true}]}}