{"id":3225,"date":"2022-02-16T15:43:24","date_gmt":"2022-02-16T14:43:24","guid":{"rendered":"https:\/\/lengnau.rettenmund.com\/themen\/sicherheit\/dienste-oeffentliche-sicherheit\/"},"modified":"2026-03-25T09:20:37","modified_gmt":"2026-03-25T08:20:37","slug":"dienste-oeffentliche-sicherheit","status":"publish","type":"page","link":"https:\/\/www.lengnau.ch\/fr\/themes\/sicherheit\/dienste-oeffentliche-sicherheit\/","title":{"rendered":"Services de s\u00e9curit\u00e9 publique"},"content":{"rendered":"<h2>Police<\/h2>\n<p>Police cantonale bernoise<br \/>\nPoste de police de Lengnau BE<br \/>\nRue de Soleure 12<br \/>\n2543 Lengnau BE<\/p>\n<p>T\u00e9l\u00e9phone 031 638 88 20<br \/>\n<a href=\"mailto:le*****@*******be.ch\" data-original-string=\"eVa5IqrCHekxaURVozevOw==a0eQ3CD0wD1WvGkanTYnNGkCJ3Vd2M+83fpGEbEPLX2JAs=\" title=\"This contact has been encoded by Anti-Spam by CleanTalk. Click to decode. To finish the decoding make sure that JavaScript is enabled in your browser.\">Courrier \u00e9lectronique<\/a><br \/>\n<a title=\"Police cantonale bernoise\" href=\"https:\/\/www.police.be.ch\/de\/start.html\" target=\"_blank\" rel=\"noopener\">www.police.be.ch<\/a><\/p>\n<p><strong>Heures d&rsquo;ouverture du poste de police de Lengnau BE<\/strong><br \/>\nmardi de 14h00 \u00e0 17h00<\/p>\n<p>M\u00eame en dehors des heures d&rsquo;ouverture ou en cas d&rsquo;urgence, il est possible de contacter la police \u00e0 tout moment en composant le 117.<\/p>\n<h2>Police locale (police communale)<\/h2>\n<p>Fritz Alchenberger, policier local<br \/>\n<strong>Num\u00e9ro d&rsquo;urgence 032 654 71 70<\/strong><\/p>\n<p><strong>Ce num\u00e9ro est exclusivement r\u00e9serv\u00e9 aux urgences (d\u00e9c\u00e8s, etc.) le week-end ou les jours f\u00e9ri\u00e9s.<\/strong><\/p>\n<p>La police locale assume les t\u00e2ches et les comp\u00e9tences qui lui sont attribu\u00e9es par la loi sur la police dans le domaine de la s\u00e9curit\u00e9, de la police judiciaire et de la police de la circulation. Son domaine de comp\u00e9tence comprend \u00e9galement<\/p>\n<ul>\n<li>H\u00f4tellerie et restauration<\/li>\n<li>Notification d&rsquo;injonctions de payer, d&rsquo;actes judiciaires, etc.<\/li>\n<li>Facilit\u00e9s de stationnement<\/li>\n<\/ul>\n<h2>Violence domestique<\/h2>\n<p>En cas de <a title=\"Violence domestique\" href=\"https:\/\/www.big.sid.be.ch\/de\/start\/haeusliche-gewalt.html\" target=\"_blank\" rel=\"noopener\">violence dans le couple, le mariage et la famille<\/a>, vous trouverez de l&rsquo;aide et du soutien aupr\u00e8s des services suivants dans le canton de Berne :<\/p>\n<p><a title=\"Carte d'urgence\" href=\"https:\/\/www.big.sid.be.ch\/de\/start\/publikationen\/notfallkarten.html\" target=\"_blank\" rel=\"noopener\">Carte d&rsquo;urgence<\/a> de la Direction de la police et des affaires militaires du canton de Berne (disponible en treize langues).<\/p>\n<p><a href=\"https:\/\/www.lengnau.ch\/wp-content\/uploads\/2025\/11\/Plakat_Lengnau_gegen_haeusliche_Gewalt_F4_DE_2025-scaled.png\" target=\"_blank\" rel=\"noopener\"><img loading=\"lazy\" decoding=\"async\" class=\"alignnone wp-image-15098\" src=\"https:\/\/www.lengnau.ch\/wp-content\/uploads\/2025\/11\/Plakat_Lengnau_gegen_haeusliche_Gewalt_F4_DE_2025-scaled.png\" alt=\"\" width=\"400\" height=\"567\"><\/a><\/p>\n<p><strong>Direction de la s\u00e9curit\u00e9 du canton de Berne<\/strong><br \/>\nService d&rsquo;intervention bernois contre la violence domestique<br \/>\n20, rue Kramgasse<br \/>\n3011 Berne<\/p>\n<p>T\u00e9l\u00e9phone 031 633 50 33<br \/>\n<a href=\"mailto:in**********@**.ch\" data-original-string=\"CU1WMSuVunKmyLoV6RicBA==a0eKGGPry93XES5aZTz92LpMkDHn2uw8UxH81fXLR5nEhY=\" title=\"This contact has been encoded by Anti-Spam by CleanTalk. Click to decode. To finish the decoding make sure that JavaScript is enabled in your browser.\">Courrier \u00e9lectronique<\/a><\/p>\n<p><strong>Service social de Lengnau BE<\/strong><br \/>\nPour une \u00e9valuation de la situation et pour un soutien mat\u00e9riel et financier temporaire, vous pouvez vous adresser au <a title=\"Service social\" href=\"https:\/\/www.lengnau.ch\/fr\/verwaltung-politik-2\/gemeindeverwaltung\/sozialabteilung\/\">service social<\/a>. La consultation est bien entendu confidentielle.<\/p>\n<p><strong>Hotline 24h\/24 des maisons d&rsquo;accueil pour femmes Berne<br \/>\n<\/strong>031 533 0303<\/p>\n<p><a href=\"https:\/\/www.stiftung-gegen-gewalt.ch\/\" target=\"_blank\" rel=\"noopener\">stiftung-gegen-gewalt.ch<\/a><\/p>\n<p>En cas de violence domestique, les maisons d&rsquo;accueil pour femmes offrent protection, h\u00e9bergement et conseil aux femmes et \u00e0 leurs enfants.<\/p>\n<h2>Prise en charge et soins des proches &#8211; Pr\u00e9venir les violations de limites<\/h2>\n<p><strong>Respecter les limites, accepter l&rsquo;aide, \u00e9viter les agressions<\/strong><\/p>\n<p>Chaque ann\u00e9e, environ 20 000 cas de violence dans le contexte domestique sont recens\u00e9s dans toute la Suisse. On estime que 300 000 \u00e0 500 000 personnes de plus de 60 ans sont victimes de violence chaque ann\u00e9e.<\/p>\n<p>Avec le vieillissement de la population, le nombre de personnes qui ont besoin de soins ou qui s&rsquo;occupent de leurs proches augmente. Ce travail pr\u00e9cieux et souvent non r\u00e9mun\u00e9r\u00e9 se d\u00e9roule g\u00e9n\u00e9ralement sans incident.<\/p>\n<p>Les situations de prise en charge peuvent toutefois repr\u00e9senter une lourde charge : L&rsquo;\u00e9puisement \u00e9motionnel, les changements de caract\u00e8re de la personne prise en charge ou des ant\u00e9c\u00e9dents tendus augmentent le risque de violation des limites de part et d&rsquo;autre. Les agressions peuvent prendre diff\u00e9rentes formes. Les agressions psychologiques, physiques et \u00e9conomiques, mais aussi la n\u00e9gligence ou l&rsquo;absence d&rsquo;aide, sont des formes de maltraitance.<em> <\/em><\/p>\n<p>Quelques exemples concrets de violations des limites :<\/p>\n<ul>\n<li><em>Un mari refuse de donner des soins corporels \u00e0 sa femme malade et l&rsquo;isole.<\/em><\/li>\n<li><em>Le p\u00e8re d\u00e9ment insulte r\u00e9guli\u00e8rement sa fille. Celle-ci lui inflige ensuite des douleurs lors des soins et le menace d&rsquo;aller en maison de retraite.<\/em><\/li>\n<\/ul>\n<p><strong>Que pouvons-nous faire ?<\/strong><\/p>\n<p>Pour pr\u00e9venir les violations des limites, nous devons en parler et informer. Une r\u00e9flexion r\u00e9guli\u00e8re sur la situation, des discussions ouvertes et une d\u00e9charge pr\u00e9coce permettent d&rsquo;\u00e9viter les violations de limites.<\/p>\n<p>La situation de votre famille est-elle stressante ? \u00cates-vous t\u00e9moin d&rsquo;un comportement abusif ? Franchissez-vous vous-m\u00eame des limites ? Les services sp\u00e9cialis\u00e9s offrent des conseils et un soutien, souvent gratuits et confidentiels. L&rsquo;auto-test \u00ab\u00a0Je soigne \u00e0 domicile\u00a0\u00bb vous aide \u00e9galement \u00e0 \u00e9valuer votre situation : <a href=\"https:\/\/www.uba.ch\/fragebogen\/\" target=\"_blank\" rel=\"noopener\">www.ichpflege.ch<\/a><\/p>\n<p>Pour plus d&rsquo;informations et de conseils, consultez le site <a href=\"https:\/\/www.big.sid.be.ch\/de\/start\/haeusliche-gewalt\/betreuende-angehoerige.html\" target=\"_blank\" rel=\"noopener\">www.be.ch\/limit<\/a> et le <a href=\"https:\/\/www.lengnau.ch\/wp-content\/uploads\/2025\/05\/Faltblatt_Betreuung_Angehoerige_DE.pdf\" target=\"_blank\" rel=\"noopener\">d\u00e9pliant \u00ab\u00a0Soins et assistance aux proches\u00a0\u00bb.<\/a><\/p>\n<p>Le d\u00e9pliant peut \u00eatre command\u00e9 gratuitement par les particuliers et les professionnels aupr\u00e8s du Bureau bernois d&rsquo;intervention contre la violence domestique BIG : www.be.ch\/big &gt; <a href=\"https:\/\/www.big.sid.be.ch\/de\/start\/publikationen\/informationsmaterialien.html\" target=\"_blank\" rel=\"noopener\">Publications<\/a><\/p>\n<p><strong>Direction de la s\u00e9curit\u00e9 du canton de Berne<\/strong><\/p>\n<div class=\"css-1l3jh4x e24e71b7\" data-testid=\"organisation\">\n<p>Service d&rsquo;intervention bernois contre la violence domestique<br \/>\n20, rue Kramgasse<br \/>\n3011 Berne<\/p>\n<p>T\u00e9l\u00e9phone 031 633 50 33<br \/>\n<a href=\"mailto:in**********@**.ch\" data-original-string=\"WKKOQP\/f9rx3LYe3dpW0+Q==a0epqan3Ix9fLrdm9tEsSmigonHmm0MNfSuCLly8CHLH2U=\" title=\"This contact has been encoded by Anti-Spam by CleanTalk. Click to decode. To finish the decoding make sure that JavaScript is enabled in your browser.\">Courrier \u00e9lectronique<\/a><\/p>\n<\/div>\n<h2>Permis d&rsquo;acquisition d&rsquo;armes \/ Permis de port d&rsquo;armes<\/h2>\n<p>Toutes les <a title=\"demandes relatives au droit des armes\" href=\"https:\/\/www.police.be.ch\/de\/start\/dienstleistungen\/online-wache\/waffen.html\" target=\"_blank\" rel=\"noopener\">demandes relatives au droit sur les armes<\/a> doivent \u00eatre d\u00e9pos\u00e9es directement aupr\u00e8s de la police cantonale bernoise.<\/p>\n<p><strong>Police cantonale bernoise<\/strong><br \/>\nDomaine Armes, explosifs et industrie<br \/>\nBo\u00eete postale<br \/>\n3001 Berne<\/p>\n<p>T\u00e9l\u00e9phone 031 638 60 60<br \/>\n<a href=\"mailto:armes-admin@police.%E2%80%8Bbe.ch\">Courrier \u00e9lectronique<\/a><br \/>\n<a title=\"Police cantonale bernoise\" href=\"https:\/\/www.police.be.ch\/de\/start\/dienstleistungen\/online-wache\/waffen.html\" target=\"_blank\" rel=\"noopener\">www.police.be.ch<\/a><\/p>\n<h2>Pompiers<\/h2>\n<p><span style=\"color: #ff0000;\"><strong><em>En cas d&rsquo;urgence, num\u00e9ro d&rsquo;appel d&rsquo;urgence unique 112 ou pompiers 118<\/em><\/strong><\/span><\/p>\n<p>Die Einwohnergemeinde Lengnau BE ist dem Gemeindeverband LePiMe (Lengnau, Pieterlen und Meinisberg) angeschlossen.<\/p>\n<h3>Secr\u00e9tariat \/ Contact<\/h3>\n<p><strong>Association des sapeurs-pompiers de la commune de LePiMe<\/strong><br \/>\nBureau<br \/>\n32, chemin des Fr\u00eanes<br \/>\n3294 B\u00fcren an der Aare<\/p>\n<p>T\u00e9l\u00e9phone 076 389 23 00<br \/>\n<a href=\"mailto:ad***@****me.ch\" data-original-string=\"xcj40BKBlULzUt2imEWHCQ==a0eolrz4DvC\/+PAEZpp43o2eQ==\" title=\"This contact has been encoded by Anti-Spam by CleanTalk. Click to decode. To finish the decoding make sure that JavaScript is enabled in your browser.\">Courrier \u00e9lectronique<\/a><br \/>\n<a title=\"Pompiers LePiMe\" href=\"https:\/\/lepime.ch\/\" target=\"_blank\" rel=\"noopener\">www.lepime.ch<\/a><\/p>\n<h3>Taxe d&rsquo;exemption du service du feu<\/h3>\n<p>Vous trouverez de plus amples informations sur l&rsquo;obligation de servir et les taux de la taxe d&rsquo;exemption sous <a title=\"Imp\u00f4ts\" href=\"https:\/\/www.lengnau.ch\/fr\/themes\/steuern\/steuerarten\/\">Imp\u00f4ts.<\/a><\/p>\n<h2>Arm\u00e9e et protection civile<\/h2>\n<p>Pour toute question concernant l&rsquo;arm\u00e9e, veuillez vous adresser \u00e0 l&rsquo;office suivant :<\/p>\n<p><strong>Office de la protection de la population, du sport et des affaires militaires du canton de Berne (OPSM)<\/strong><br \/>\nD\u00e9partement militaire<br \/>\nChef de section Seeland<br \/>\nPapierm\u00fchlestrasse 17v<br \/>\nBo\u00eete postale<br \/>\n3000 Bern 22<\/p>\n<p>T\u00e9l\u00e9phone 031 636 05 50<br \/>\n<a href=\"mailto:am****@**.ch\" data-original-string=\"sD56SZPTdjlZcwBunXI9tg==a0eNRyckxJBAEKbUGyH0BkzmQ==\" title=\"This contact has been encoded by Anti-Spam by CleanTalk. Click to decode. To finish the decoding make sure that JavaScript is enabled in your browser.\">Courrier \u00e9lectronique<\/a><br \/>\n<a title=\"Office de la protection de la population, du sport et des affaires militaires - Militaire\" href=\"https:\/\/www.bsm.sid.be.ch\/de\/start\/themen\/militaer.html\" target=\"_blank\" rel=\"noopener\">www.bsm.sid.be.ch<\/a><\/p>\n<h2>Protection civile<\/h2>\n<p>Pour toute question concernant la protection civile, veuillez vous adresser \u00e0 l&rsquo;office suivant :<\/p>\n<p><strong>Association des communes pour la s\u00e9curit\u00e9 publique <\/strong><strong>Regio B\u00fcren<br \/>\n<\/strong>Secr\u00e9tariat<br \/>\nBachstrasse 4<br \/>\n3295 R\u00fcti bei B\u00fcren<\/p>\n<p>T\u00e9l\u00e9phone 032 351 65 25<br \/>\n<a href=\"mailto:in**@*********en.ch\" data-original-string=\"\/mVe6KKAj76Qd0rwYzvsKA==a0e7Is6az2XpUQ7hq2qJpG3\/JzXcF8TrdCr5OQLLwpYlPA=\" title=\"This contact has been encoded by Anti-Spam by CleanTalk. Click to decode. To finish the decoding make sure that JavaScript is enabled in your browser.\">Courrier \u00e9lectronique<\/a><br \/>\n<a title=\"S\u00e9curit\u00e9 publique Office de B\u00fcren\" href=\"https:\/\/regiobueren.ch\/\" target=\"_blank\" rel=\"noopener\">regiobueren.ch<\/a><\/p>\n<p><strong>Heures d&rsquo;ouverture du bureau<br \/>\n<\/strong>Mardi et jeudi<br \/>\n14 h 00 &#8211; 17 h 00<\/p>\n<h2>Alarme par sir\u00e8ne<\/h2>\n<p>Falls f\u00fcr die Bev\u00f6lkerung im Fall eines Ereignisses eine Gefahr besteht, wird mit dem <a title=\"Protection de la population - Transmission de l&#039;alarme \u00e0 la population\" href=\"https:\/\/www.babs.admin.ch\/de\/sirenen\" target=\"_blank\" rel=\"noopener\">Sirenenalarm<\/a> alarmiert.<\/p>\n<h3><strong>Alarme g\u00e9n\u00e9rale<\/strong><\/h3>\n<p>L&rsquo;alarme g\u00e9n\u00e9rale est d\u00e9clench\u00e9e par un son qui monte et descend r\u00e9guli\u00e8rement. Pour les sir\u00e8nes fixes, le signal dure une minute et est r\u00e9p\u00e9t\u00e9 dans les cinq minutes. L&rsquo;alarme g\u00e9n\u00e9rale est d\u00e9clench\u00e9e lorsqu&rsquo;il existe un risque pour la population. Il annonce des consignes de comportement ou des communications officielles qui sont diffus\u00e9es par la radio.<\/p>\n<p>comportement pour la population :<\/p>\n<ol>\n<li>\u00c9couter la radio ou s&rsquo;informer via <a href=\"https:\/\/www.alert.swiss\/de\/home.html\" target=\"_blank\" rel=\"noopener\" aria-label=\"Alertswiss Open link in new tab\">Alertswiss<\/a> <\/li>\n<li>Suivre les instructions des autorit\u00e9s<\/li>\n<li>Informer les voisins<\/li>\n<\/ol>\n<h3 id=\"doc-1hhf9fgvi10\" class=\"h3\">Alarme-eau<\/h3>\n<p id=\"doc-1hhf9fgvi11\" class=\"\">L&rsquo;alarme-eau s&rsquo;applique exclusivement aux zones menac\u00e9es en aval des barrages. Il se compose de douze sons graves continus de 20 secondes chacun, espac\u00e9s de dix secondes chacun.<\/p>\n<p class=\"\">comportement pour la population :<\/p>\n<ol id=\"doc-1hhf9fgvi12\" class=\"list list--default \">\n<li>Quitter imm\u00e9diatement la zone menac\u00e9e<\/li>\n<li>Consulter les notices locales et suivre les instructions des autorit\u00e9s<\/li>\n<\/ol>\n<h3>Test des sir\u00e8nes<\/h3>\n<p>Afin de pouvoir contr\u00f4ler l&rsquo;\u00e9tat de fonctionnement des sir\u00e8nes, un <a href=\"https:\/\/www.babs.admin.ch\/de\/sirenentest\" target=\"_blank\" rel=\"noopener\">test des sir\u00e8nes<\/a> (alarme g\u00e9n\u00e9rale et alarme-eau) est d\u00e9clench\u00e9 une fois par an dans toute la Suisse. Celui-ci a lieu le premier mercredi du mois de f\u00e9vrier. La population sera inform\u00e9e au pr\u00e9alable du test des sir\u00e8nes.<\/p>\n","protected":false},"excerpt":{"rendered":"<p>Police Police cantonale bernoise Poste de police de Lengnau BE Rue de Soleure 12 2543 Lengnau BE T\u00e9l\u00e9phone 031 638 88 20 Courrier \u00e9lectronique www.police.be.ch Heures d&rsquo;ouverture du poste de police de Lengnau BE mardi de 14h00 \u00e0 17h00 M\u00eame en dehors des heures d&rsquo;ouverture ou en cas d&rsquo;urgence, il est possible de contacter la [&hellip;]<\/p>\n","protected":false},"author":1,"featured_media":0,"parent":3195,"menu_order":4,"comment_status":"closed","ping_status":"closed","template":"","meta":{"_acf_changed":false,"_relevanssi_hide_post":"","_relevanssi_hide_content":"","_relevanssi_pin_for_all":"","_relevanssi_pin_keywords":"","_relevanssi_unpin_keywords":"","_relevanssi_related_keywords":"","_relevanssi_related_include_ids":"","_relevanssi_related_exclude_ids":"","_relevanssi_related_no_append":"","_relevanssi_related_not_related":"","_relevanssi_related_posts":"","_relevanssi_noindex_reason":"","footnotes":""},"class_list":["post-3225","page","type-page","status-publish","hentry"],"acf":[],"yoast_head":"<!-- This site is optimized with the Yoast SEO plugin v27.4 - https:\/\/yoast.com\/product\/yoast-seo-wordpress\/ -->\n<title>Services de s\u00e9curit\u00e9 publique - Gemeinde Lengnau<\/title>\n<meta name=\"robots\" content=\"index, follow, max-snippet:-1, max-image-preview:large, max-video-preview:-1\" \/>\n<link rel=\"canonical\" href=\"https:\/\/www.lengnau.ch\/fr\/themes\/sicherheit\/dienste-oeffentliche-sicherheit\/\" \/>\n<meta property=\"og:locale\" content=\"fr_FR\" \/>\n<meta property=\"og:type\" content=\"article\" \/>\n<meta property=\"og:title\" content=\"Services de s\u00e9curit\u00e9 publique - Gemeinde Lengnau\" \/>\n<meta property=\"og:description\" content=\"Police Police cantonale bernoise Poste de police de Lengnau BE Rue de Soleure 12 2543 Lengnau BE T\u00e9l\u00e9phone 031 638 88 20 Courrier \u00e9lectronique www.police.be.ch Heures d&rsquo;ouverture du poste de police de Lengnau BE mardi de 14h00 \u00e0 17h00 M\u00eame en dehors des heures d&rsquo;ouverture ou en cas d&rsquo;urgence, il est possible de contacter la [&hellip;]\" \/>\n<meta property=\"og:url\" content=\"https:\/\/www.lengnau.ch\/fr\/themes\/sicherheit\/dienste-oeffentliche-sicherheit\/\" \/>\n<meta property=\"og:site_name\" content=\"Gemeinde Lengnau\" \/>\n<meta property=\"article:modified_time\" content=\"2026-03-25T08:20:37+00:00\" \/>\n<meta property=\"og:image\" content=\"https:\/\/www.lengnau.ch\/wp-content\/uploads\/2025\/11\/Plakat_Lengnau_gegen_haeusliche_Gewalt_F4_DE_2025-scaled.png\" \/>\n\t<meta property=\"og:image:width\" content=\"1790\" \/>\n\t<meta property=\"og:image:height\" content=\"2560\" \/>\n\t<meta property=\"og:image:type\" content=\"image\/png\" \/>\n<meta name=\"twitter:card\" content=\"summary_large_image\" \/>\n<script type=\"application\/ld+json\" class=\"yoast-schema-graph\">{\"@context\":\"https:\\\/\\\/schema.org\",\"@graph\":[{\"@type\":\"WebPage\",\"@id\":\"https:\\\/\\\/www.lengnau.ch\\\/fr\\\/themes\\\/sicherheit\\\/dienste-oeffentliche-sicherheit\\\/\",\"url\":\"https:\\\/\\\/www.lengnau.ch\\\/fr\\\/themes\\\/sicherheit\\\/dienste-oeffentliche-sicherheit\\\/\",\"name\":\"Services de s\u00e9curit\u00e9 publique - Gemeinde Lengnau\",\"isPartOf\":{\"@id\":\"https:\\\/\\\/www.lengnau.ch\\\/#website\"},\"primaryImageOfPage\":{\"@id\":\"https:\\\/\\\/www.lengnau.ch\\\/fr\\\/themes\\\/sicherheit\\\/dienste-oeffentliche-sicherheit\\\/#primaryimage\"},\"image\":{\"@id\":\"https:\\\/\\\/www.lengnau.ch\\\/fr\\\/themes\\\/sicherheit\\\/dienste-oeffentliche-sicherheit\\\/#primaryimage\"},\"thumbnailUrl\":\"https:\\\/\\\/www.lengnau.ch\\\/wp-content\\\/uploads\\\/2025\\\/11\\\/Plakat_Lengnau_gegen_haeusliche_Gewalt_F4_DE_2025-scaled.png\",\"datePublished\":\"2022-02-16T14:43:24+00:00\",\"dateModified\":\"2026-03-25T08:20:37+00:00\",\"breadcrumb\":{\"@id\":\"https:\\\/\\\/www.lengnau.ch\\\/fr\\\/themes\\\/sicherheit\\\/dienste-oeffentliche-sicherheit\\\/#breadcrumb\"},\"inLanguage\":\"fr-FR\",\"potentialAction\":[{\"@type\":\"ReadAction\",\"target\":[\"https:\\\/\\\/www.lengnau.ch\\\/fr\\\/themes\\\/sicherheit\\\/dienste-oeffentliche-sicherheit\\\/\"]}]},{\"@type\":\"ImageObject\",\"inLanguage\":\"fr-FR\",\"@id\":\"https:\\\/\\\/www.lengnau.ch\\\/fr\\\/themes\\\/sicherheit\\\/dienste-oeffentliche-sicherheit\\\/#primaryimage\",\"url\":\"https:\\\/\\\/www.lengnau.ch\\\/wp-content\\\/uploads\\\/2025\\\/11\\\/Plakat_Lengnau_gegen_haeusliche_Gewalt_F4_DE_2025-scaled.png\",\"contentUrl\":\"https:\\\/\\\/www.lengnau.ch\\\/wp-content\\\/uploads\\\/2025\\\/11\\\/Plakat_Lengnau_gegen_haeusliche_Gewalt_F4_DE_2025-scaled.png\"},{\"@type\":\"BreadcrumbList\",\"@id\":\"https:\\\/\\\/www.lengnau.ch\\\/fr\\\/themes\\\/sicherheit\\\/dienste-oeffentliche-sicherheit\\\/#breadcrumb\",\"itemListElement\":[{\"@type\":\"ListItem\",\"position\":1,\"name\":\"Home\",\"item\":\"https:\\\/\\\/www.lengnau.ch\\\/fr\\\/\"},{\"@type\":\"ListItem\",\"position\":2,\"name\":\"Th\u00e8mes\",\"item\":\"https:\\\/\\\/www.lengnau.ch\\\/fr\\\/themes\\\/\"},{\"@type\":\"ListItem\",\"position\":3,\"name\":\"S\u00e9curit\u00e9\",\"item\":\"https:\\\/\\\/www.lengnau.ch\\\/fr\\\/themes\\\/sicherheit\\\/\"},{\"@type\":\"ListItem\",\"position\":4,\"name\":\"Services de s\u00e9curit\u00e9 publique\"}]},{\"@type\":\"WebSite\",\"@id\":\"https:\\\/\\\/www.lengnau.ch\\\/#website\",\"url\":\"https:\\\/\\\/www.lengnau.ch\\\/\",\"name\":\"Gemeinde Lengnau\",\"description\":\"\",\"potentialAction\":[{\"@type\":\"SearchAction\",\"target\":{\"@type\":\"EntryPoint\",\"urlTemplate\":\"https:\\\/\\\/www.lengnau.ch\\\/?s={search_term_string}\"},\"query-input\":{\"@type\":\"PropertyValueSpecification\",\"valueRequired\":true,\"valueName\":\"search_term_string\"}}],\"inLanguage\":\"fr-FR\"}]}<\/script>\n<!-- \/ Yoast SEO plugin. -->","yoast_head_json":{"title":"Services de s\u00e9curit\u00e9 publique - Gemeinde Lengnau","robots":{"index":"index","follow":"follow","max-snippet":"max-snippet:-1","max-image-preview":"max-image-preview:large","max-video-preview":"max-video-preview:-1"},"canonical":"https:\/\/www.lengnau.ch\/fr\/themes\/sicherheit\/dienste-oeffentliche-sicherheit\/","og_locale":"fr_FR","og_type":"article","og_title":"Services de s\u00e9curit\u00e9 publique - Gemeinde Lengnau","og_description":"Police Police cantonale bernoise Poste de police de Lengnau BE Rue de Soleure 12 2543 Lengnau BE T\u00e9l\u00e9phone 031 638 88 20 Courrier \u00e9lectronique www.police.be.ch Heures d&rsquo;ouverture du poste de police de Lengnau BE mardi de 14h00 \u00e0 17h00 M\u00eame en dehors des heures d&rsquo;ouverture ou en cas d&rsquo;urgence, il est possible de contacter la [&hellip;]","og_url":"https:\/\/www.lengnau.ch\/fr\/themes\/sicherheit\/dienste-oeffentliche-sicherheit\/","og_site_name":"Gemeinde Lengnau","article_modified_time":"2026-03-25T08:20:37+00:00","og_image":[{"width":1790,"height":2560,"url":"https:\/\/www.lengnau.ch\/wp-content\/uploads\/2025\/11\/Plakat_Lengnau_gegen_haeusliche_Gewalt_F4_DE_2025-scaled.png","type":"image\/png"}],"twitter_card":"summary_large_image","schema":{"@context":"https:\/\/schema.org","@graph":[{"@type":"WebPage","@id":"https:\/\/www.lengnau.ch\/fr\/themes\/sicherheit\/dienste-oeffentliche-sicherheit\/","url":"https:\/\/www.lengnau.ch\/fr\/themes\/sicherheit\/dienste-oeffentliche-sicherheit\/","name":"Services de s\u00e9curit\u00e9 publique - Gemeinde Lengnau","isPartOf":{"@id":"https:\/\/www.lengnau.ch\/#website"},"primaryImageOfPage":{"@id":"https:\/\/www.lengnau.ch\/fr\/themes\/sicherheit\/dienste-oeffentliche-sicherheit\/#primaryimage"},"image":{"@id":"https:\/\/www.lengnau.ch\/fr\/themes\/sicherheit\/dienste-oeffentliche-sicherheit\/#primaryimage"},"thumbnailUrl":"https:\/\/www.lengnau.ch\/wp-content\/uploads\/2025\/11\/Plakat_Lengnau_gegen_haeusliche_Gewalt_F4_DE_2025-scaled.png","datePublished":"2022-02-16T14:43:24+00:00","dateModified":"2026-03-25T08:20:37+00:00","breadcrumb":{"@id":"https:\/\/www.lengnau.ch\/fr\/themes\/sicherheit\/dienste-oeffentliche-sicherheit\/#breadcrumb"},"inLanguage":"fr-FR","potentialAction":[{"@type":"ReadAction","target":["https:\/\/www.lengnau.ch\/fr\/themes\/sicherheit\/dienste-oeffentliche-sicherheit\/"]}]},{"@type":"ImageObject","inLanguage":"fr-FR","@id":"https:\/\/www.lengnau.ch\/fr\/themes\/sicherheit\/dienste-oeffentliche-sicherheit\/#primaryimage","url":"https:\/\/www.lengnau.ch\/wp-content\/uploads\/2025\/11\/Plakat_Lengnau_gegen_haeusliche_Gewalt_F4_DE_2025-scaled.png","contentUrl":"https:\/\/www.lengnau.ch\/wp-content\/uploads\/2025\/11\/Plakat_Lengnau_gegen_haeusliche_Gewalt_F4_DE_2025-scaled.png"},{"@type":"BreadcrumbList","@id":"https:\/\/www.lengnau.ch\/fr\/themes\/sicherheit\/dienste-oeffentliche-sicherheit\/#breadcrumb","itemListElement":[{"@type":"ListItem","position":1,"name":"Home","item":"https:\/\/www.lengnau.ch\/fr\/"},{"@type":"ListItem","position":2,"name":"Th\u00e8mes","item":"https:\/\/www.lengnau.ch\/fr\/themes\/"},{"@type":"ListItem","position":3,"name":"S\u00e9curit\u00e9","item":"https:\/\/www.lengnau.ch\/fr\/themes\/sicherheit\/"},{"@type":"ListItem","position":4,"name":"Services de s\u00e9curit\u00e9 publique"}]},{"@type":"WebSite","@id":"https:\/\/www.lengnau.ch\/#website","url":"https:\/\/www.lengnau.ch\/","name":"Gemeinde Lengnau","description":"","potentialAction":[{"@type":"SearchAction","target":{"@type":"EntryPoint","urlTemplate":"https:\/\/www.lengnau.ch\/?s={search_term_string}"},"query-input":{"@type":"PropertyValueSpecification","valueRequired":true,"valueName":"search_term_string"}}],"inLanguage":"fr-FR"}]}},"publishpress_future_action":{"enabled":false,"date":"2026-05-14 18:11:58","action":"change-status","newStatus":"draft","terms":[],"taxonomy":"translation_priority","extraData":[]},"publishpress_future_workflow_manual_trigger":{"enabledWorkflows":[]},"_links":{"self":[{"href":"https:\/\/www.lengnau.ch\/fr\/wp-json\/wp\/v2\/pages\/3225","targetHints":{"allow":["GET"]}}],"collection":[{"href":"https:\/\/www.lengnau.ch\/fr\/wp-json\/wp\/v2\/pages"}],"about":[{"href":"https:\/\/www.lengnau.ch\/fr\/wp-json\/wp\/v2\/types\/page"}],"author":[{"embeddable":true,"href":"https:\/\/www.lengnau.ch\/fr\/wp-json\/wp\/v2\/users\/1"}],"replies":[{"embeddable":true,"href":"https:\/\/www.lengnau.ch\/fr\/wp-json\/wp\/v2\/comments?post=3225"}],"version-history":[{"count":10,"href":"https:\/\/www.lengnau.ch\/fr\/wp-json\/wp\/v2\/pages\/3225\/revisions"}],"predecessor-version":[{"id":19354,"href":"https:\/\/www.lengnau.ch\/fr\/wp-json\/wp\/v2\/pages\/3225\/revisions\/19354"}],"up":[{"embeddable":true,"href":"https:\/\/www.lengnau.ch\/fr\/wp-json\/wp\/v2\/pages\/3195"}],"wp:attachment":[{"href":"https:\/\/www.lengnau.ch\/fr\/wp-json\/wp\/v2\/media?parent=3225"}],"curies":[{"name":"wp","href":"https:\/\/api.w.org\/{rel}","templated":true}]}}