{"id":3224,"date":"2022-02-16T18:28:50","date_gmt":"2022-02-16T17:28:50","guid":{"rendered":"https:\/\/lengnau.rettenmund.com\/zahlen-und-fakten\/"},"modified":"2026-03-19T08:58:18","modified_gmt":"2026-03-19T07:58:18","slug":"zahlen-und-fakten","status":"publish","type":"page","link":"https:\/\/www.lengnau.ch\/fr\/themes\/ueber-lengnau\/zahlen-und-fakten\/","title":{"rendered":"Faits et chiffres"},"content":{"rendered":"<p><strong>Nombre d&rsquo;habitants au 31.12.2025<\/strong><br \/>\n5&rsquo;844<\/p>\n<p><strong>Taux d&rsquo;imposition &#8211; commune<\/strong><br \/>\n1,49 (nouveau \u00e0 partir du 01.01.2025)<\/p>\n<p><strong>Taux d&rsquo;imposition &#8211; canton<\/strong><br \/>\n2,975<\/p>\n<p><strong>Imp\u00f4t foncier<\/strong><br \/>\n1,1 \u2030 de la valeur officielle<\/p>\n<p><strong>Situation<\/strong><br \/>\nSuperficie totale 740 ha 32 a 41 m\u00b2<\/p>\n<p><strong>Hauteur moyenne<\/strong><br \/>\n445 m\u00e8tres au-dessus du niveau de la mer<\/p>\n<p><strong>Duret\u00e9 de l&rsquo;eau<\/strong><br \/>\n25 &#8211; 30 degr\u00e9s de duret\u00e9 fran\u00e7aise<\/p>\n<h2>En savoir plus sur le sujet<\/h2>\n<p><a href=\"https:\/\/www.lengnau.ch\/wp-content\/uploads\/2026\/03\/Einwohnerstatistik_2025_farbig.pdf\" target=\"_blank\" rel=\"noopener\">Statistiques de la population en 2025<\/a><br \/>\n<a href=\"https:\/\/www.lengnau.ch\/wp-content\/uploads\/2026\/03\/Statistik_Wohnbevoelkerung_pro_Jahr_bis_2025.pdf\" target=\"_blank\" rel=\"noopener\">Population r\u00e9sidente \/ Nombre d&rsquo;habitants \u00e0 partir de 1559 jusqu&rsquo;en 2025<\/a><\/p>\n","protected":false},"excerpt":{"rendered":"<p>Nombre d&rsquo;habitants au 31.12.2025 5&rsquo;844 Taux d&rsquo;imposition &#8211; commune 1,49 (nouveau \u00e0 partir du 01.01.2025) Taux d&rsquo;imposition &#8211; canton 2,975 Imp\u00f4t foncier 1,1 \u2030 de la valeur officielle Situation Superficie totale 740 ha 32 a 41 m\u00b2 Hauteur moyenne 445 m\u00e8tres au-dessus du niveau de la mer Duret\u00e9 de l&rsquo;eau 25 &#8211; 30 degr\u00e9s de [&hellip;]<\/p>\n","protected":false},"author":1,"featured_media":0,"parent":3230,"menu_order":22,"comment_status":"closed","ping_status":"closed","template":"","meta":{"_acf_changed":false,"_relevanssi_hide_post":"","_relevanssi_hide_content":"","_relevanssi_pin_for_all":"","_relevanssi_pin_keywords":"","_relevanssi_unpin_keywords":"","_relevanssi_related_keywords":"","_relevanssi_related_include_ids":"","_relevanssi_related_exclude_ids":"","_relevanssi_related_no_append":"","_relevanssi_related_not_related":"","_relevanssi_related_posts":"","_relevanssi_noindex_reason":"","footnotes":""},"class_list":["post-3224","page","type-page","status-publish","hentry"],"acf":[],"yoast_head":"<!-- This site is optimized with the Yoast SEO plugin v27.3 - https:\/\/yoast.com\/product\/yoast-seo-wordpress\/ -->\n<title>Faits et chiffres - Gemeinde Lengnau<\/title>\n<meta name=\"robots\" content=\"index, follow, max-snippet:-1, max-image-preview:large, max-video-preview:-1\" \/>\n<link rel=\"canonical\" href=\"https:\/\/www.lengnau.ch\/fr\/themes\/ueber-lengnau\/zahlen-und-fakten\/\" \/>\n<meta property=\"og:locale\" content=\"fr_FR\" \/>\n<meta property=\"og:type\" content=\"article\" \/>\n<meta property=\"og:title\" content=\"Faits et chiffres - Gemeinde Lengnau\" \/>\n<meta property=\"og:description\" content=\"Nombre d&rsquo;habitants au 31.12.2025 5&rsquo;844 Taux d&rsquo;imposition &#8211; commune 1,49 (nouveau \u00e0 partir du 01.01.2025) Taux d&rsquo;imposition &#8211; canton 2,975 Imp\u00f4t foncier 1,1 \u2030 de la valeur officielle Situation Superficie totale 740 ha 32 a 41 m\u00b2 Hauteur moyenne 445 m\u00e8tres au-dessus du niveau de la mer Duret\u00e9 de l&rsquo;eau 25 &#8211; 30 degr\u00e9s de [&hellip;]\" \/>\n<meta property=\"og:url\" content=\"https:\/\/www.lengnau.ch\/fr\/themes\/ueber-lengnau\/zahlen-und-fakten\/\" \/>\n<meta property=\"og:site_name\" content=\"Gemeinde Lengnau\" \/>\n<meta property=\"article:modified_time\" content=\"2026-03-19T07:58:18+00:00\" \/>\n<meta name=\"twitter:card\" content=\"summary_large_image\" \/>\n<script type=\"application\/ld+json\" class=\"yoast-schema-graph\">{\"@context\":\"https:\\\/\\\/schema.org\",\"@graph\":[{\"@type\":\"WebPage\",\"@id\":\"https:\\\/\\\/www.lengnau.ch\\\/fr\\\/themes\\\/ueber-lengnau\\\/zahlen-und-fakten\\\/\",\"url\":\"https:\\\/\\\/www.lengnau.ch\\\/fr\\\/themes\\\/ueber-lengnau\\\/zahlen-und-fakten\\\/\",\"name\":\"Faits et chiffres - Gemeinde Lengnau\",\"isPartOf\":{\"@id\":\"https:\\\/\\\/www.lengnau.ch\\\/#website\"},\"datePublished\":\"2022-02-16T17:28:50+00:00\",\"dateModified\":\"2026-03-19T07:58:18+00:00\",\"breadcrumb\":{\"@id\":\"https:\\\/\\\/www.lengnau.ch\\\/fr\\\/themes\\\/ueber-lengnau\\\/zahlen-und-fakten\\\/#breadcrumb\"},\"inLanguage\":\"fr-FR\",\"potentialAction\":[{\"@type\":\"ReadAction\",\"target\":[\"https:\\\/\\\/www.lengnau.ch\\\/fr\\\/themes\\\/ueber-lengnau\\\/zahlen-und-fakten\\\/\"]}]},{\"@type\":\"BreadcrumbList\",\"@id\":\"https:\\\/\\\/www.lengnau.ch\\\/fr\\\/themes\\\/ueber-lengnau\\\/zahlen-und-fakten\\\/#breadcrumb\",\"itemListElement\":[{\"@type\":\"ListItem\",\"position\":1,\"name\":\"Home\",\"item\":\"https:\\\/\\\/www.lengnau.ch\\\/fr\\\/\"},{\"@type\":\"ListItem\",\"position\":2,\"name\":\"Th\u00e8mes\",\"item\":\"https:\\\/\\\/www.lengnau.ch\\\/fr\\\/themes\\\/\"},{\"@type\":\"ListItem\",\"position\":3,\"name\":\"\u00c0 propos de Lengnau\",\"item\":\"https:\\\/\\\/www.lengnau.ch\\\/fr\\\/themes\\\/ueber-lengnau\\\/\"},{\"@type\":\"ListItem\",\"position\":4,\"name\":\"Faits et chiffres\"}]},{\"@type\":\"WebSite\",\"@id\":\"https:\\\/\\\/www.lengnau.ch\\\/#website\",\"url\":\"https:\\\/\\\/www.lengnau.ch\\\/\",\"name\":\"Gemeinde Lengnau\",\"description\":\"\",\"potentialAction\":[{\"@type\":\"SearchAction\",\"target\":{\"@type\":\"EntryPoint\",\"urlTemplate\":\"https:\\\/\\\/www.lengnau.ch\\\/?s={search_term_string}\"},\"query-input\":{\"@type\":\"PropertyValueSpecification\",\"valueRequired\":true,\"valueName\":\"search_term_string\"}}],\"inLanguage\":\"fr-FR\"}]}<\/script>\n<!-- \/ Yoast SEO plugin. -->","yoast_head_json":{"title":"Faits et chiffres - Gemeinde Lengnau","robots":{"index":"index","follow":"follow","max-snippet":"max-snippet:-1","max-image-preview":"max-image-preview:large","max-video-preview":"max-video-preview:-1"},"canonical":"https:\/\/www.lengnau.ch\/fr\/themes\/ueber-lengnau\/zahlen-und-fakten\/","og_locale":"fr_FR","og_type":"article","og_title":"Faits et chiffres - Gemeinde Lengnau","og_description":"Nombre d&rsquo;habitants au 31.12.2025 5&rsquo;844 Taux d&rsquo;imposition &#8211; commune 1,49 (nouveau \u00e0 partir du 01.01.2025) Taux d&rsquo;imposition &#8211; canton 2,975 Imp\u00f4t foncier 1,1 \u2030 de la valeur officielle Situation Superficie totale 740 ha 32 a 41 m\u00b2 Hauteur moyenne 445 m\u00e8tres au-dessus du niveau de la mer Duret\u00e9 de l&rsquo;eau 25 &#8211; 30 degr\u00e9s de [&hellip;]","og_url":"https:\/\/www.lengnau.ch\/fr\/themes\/ueber-lengnau\/zahlen-und-fakten\/","og_site_name":"Gemeinde Lengnau","article_modified_time":"2026-03-19T07:58:18+00:00","twitter_card":"summary_large_image","schema":{"@context":"https:\/\/schema.org","@graph":[{"@type":"WebPage","@id":"https:\/\/www.lengnau.ch\/fr\/themes\/ueber-lengnau\/zahlen-und-fakten\/","url":"https:\/\/www.lengnau.ch\/fr\/themes\/ueber-lengnau\/zahlen-und-fakten\/","name":"Faits et chiffres - Gemeinde Lengnau","isPartOf":{"@id":"https:\/\/www.lengnau.ch\/#website"},"datePublished":"2022-02-16T17:28:50+00:00","dateModified":"2026-03-19T07:58:18+00:00","breadcrumb":{"@id":"https:\/\/www.lengnau.ch\/fr\/themes\/ueber-lengnau\/zahlen-und-fakten\/#breadcrumb"},"inLanguage":"fr-FR","potentialAction":[{"@type":"ReadAction","target":["https:\/\/www.lengnau.ch\/fr\/themes\/ueber-lengnau\/zahlen-und-fakten\/"]}]},{"@type":"BreadcrumbList","@id":"https:\/\/www.lengnau.ch\/fr\/themes\/ueber-lengnau\/zahlen-und-fakten\/#breadcrumb","itemListElement":[{"@type":"ListItem","position":1,"name":"Home","item":"https:\/\/www.lengnau.ch\/fr\/"},{"@type":"ListItem","position":2,"name":"Th\u00e8mes","item":"https:\/\/www.lengnau.ch\/fr\/themes\/"},{"@type":"ListItem","position":3,"name":"\u00c0 propos de Lengnau","item":"https:\/\/www.lengnau.ch\/fr\/themes\/ueber-lengnau\/"},{"@type":"ListItem","position":4,"name":"Faits et chiffres"}]},{"@type":"WebSite","@id":"https:\/\/www.lengnau.ch\/#website","url":"https:\/\/www.lengnau.ch\/","name":"Gemeinde Lengnau","description":"","potentialAction":[{"@type":"SearchAction","target":{"@type":"EntryPoint","urlTemplate":"https:\/\/www.lengnau.ch\/?s={search_term_string}"},"query-input":{"@type":"PropertyValueSpecification","valueRequired":true,"valueName":"search_term_string"}}],"inLanguage":"fr-FR"}]}},"publishpress_future_action":{"enabled":false,"date":"2026-04-25 07:44:20","action":"change-status","newStatus":"draft","terms":[],"taxonomy":"translation_priority","extraData":[]},"publishpress_future_workflow_manual_trigger":{"enabledWorkflows":[]},"_links":{"self":[{"href":"https:\/\/www.lengnau.ch\/fr\/wp-json\/wp\/v2\/pages\/3224","targetHints":{"allow":["GET"]}}],"collection":[{"href":"https:\/\/www.lengnau.ch\/fr\/wp-json\/wp\/v2\/pages"}],"about":[{"href":"https:\/\/www.lengnau.ch\/fr\/wp-json\/wp\/v2\/types\/page"}],"author":[{"embeddable":true,"href":"https:\/\/www.lengnau.ch\/fr\/wp-json\/wp\/v2\/users\/1"}],"replies":[{"embeddable":true,"href":"https:\/\/www.lengnau.ch\/fr\/wp-json\/wp\/v2\/comments?post=3224"}],"version-history":[{"count":10,"href":"https:\/\/www.lengnau.ch\/fr\/wp-json\/wp\/v2\/pages\/3224\/revisions"}],"predecessor-version":[{"id":19247,"href":"https:\/\/www.lengnau.ch\/fr\/wp-json\/wp\/v2\/pages\/3224\/revisions\/19247"}],"up":[{"embeddable":true,"href":"https:\/\/www.lengnau.ch\/fr\/wp-json\/wp\/v2\/pages\/3230"}],"wp:attachment":[{"href":"https:\/\/www.lengnau.ch\/fr\/wp-json\/wp\/v2\/media?parent=3224"}],"curies":[{"name":"wp","href":"https:\/\/api.w.org\/{rel}","templated":true}]}}