{"id":3221,"date":"2022-06-06T16:56:05","date_gmt":"2022-06-06T16:56:05","guid":{"rendered":"https:\/\/lengnau.rettenmund.com\/verwaltung-politik\/politik\/"},"modified":"2022-12-06T11:00:22","modified_gmt":"2022-12-06T10:00:22","slug":"politik","status":"publish","type":"page","link":"https:\/\/www.lengnau.ch\/fr\/verwaltung-politik-2\/politik\/","title":{"rendered":"Politique"},"content":{"rendered":"<p>Vous trouverez \u00e9galement des informations sur les votations et \u00e9lections futures et pass\u00e9es ainsi qu&rsquo;une liste des partis politiques \u00e9tablis dans la commune.<\/p>\n","protected":false},"excerpt":{"rendered":"<p>Vous trouverez \u00e9galement des informations sur les votations et \u00e9lections futures et pass\u00e9es ainsi qu&rsquo;une liste des partis politiques \u00e9tablis dans la commune.<\/p>\n","protected":false},"author":1,"featured_media":0,"parent":3113,"menu_order":14,"comment_status":"closed","ping_status":"closed","template":"","meta":{"_acf_changed":false,"_relevanssi_hide_post":"","_relevanssi_hide_content":"","_relevanssi_pin_for_all":"","_relevanssi_pin_keywords":"","_relevanssi_unpin_keywords":"","_relevanssi_related_keywords":"","_relevanssi_related_include_ids":"","_relevanssi_related_exclude_ids":"","_relevanssi_related_no_append":"","_relevanssi_related_not_related":"","_relevanssi_related_posts":"","_relevanssi_noindex_reason":"","footnotes":""},"class_list":["post-3221","page","type-page","status-publish","hentry"],"acf":[],"yoast_head":"<!-- This site is optimized with the Yoast SEO plugin v27.3 - https:\/\/yoast.com\/product\/yoast-seo-wordpress\/ -->\n<title>Politique - Gemeinde Lengnau<\/title>\n<meta name=\"robots\" content=\"index, follow, max-snippet:-1, max-image-preview:large, max-video-preview:-1\" \/>\n<link rel=\"canonical\" href=\"https:\/\/www.lengnau.ch\/fr\/verwaltung-politik-2\/politik\/\" \/>\n<meta property=\"og:locale\" content=\"fr_FR\" \/>\n<meta property=\"og:type\" content=\"article\" \/>\n<meta property=\"og:title\" content=\"Politique - Gemeinde Lengnau\" \/>\n<meta property=\"og:description\" content=\"Vous trouverez \u00e9galement des informations sur les votations et \u00e9lections futures et pass\u00e9es ainsi qu&rsquo;une liste des partis politiques \u00e9tablis dans la commune.\" \/>\n<meta property=\"og:url\" content=\"https:\/\/www.lengnau.ch\/fr\/verwaltung-politik-2\/politik\/\" \/>\n<meta property=\"og:site_name\" content=\"Gemeinde Lengnau\" \/>\n<meta property=\"article:modified_time\" content=\"2022-12-06T10:00:22+00:00\" \/>\n<meta name=\"twitter:card\" content=\"summary_large_image\" \/>\n<script type=\"application\/ld+json\" class=\"yoast-schema-graph\">{\"@context\":\"https:\\\/\\\/schema.org\",\"@graph\":[{\"@type\":\"WebPage\",\"@id\":\"https:\\\/\\\/www.lengnau.ch\\\/fr\\\/verwaltung-politik-2\\\/politik\\\/\",\"url\":\"https:\\\/\\\/www.lengnau.ch\\\/fr\\\/verwaltung-politik-2\\\/politik\\\/\",\"name\":\"Politique - Gemeinde Lengnau\",\"isPartOf\":{\"@id\":\"https:\\\/\\\/www.lengnau.ch\\\/#website\"},\"datePublished\":\"2022-06-06T16:56:05+00:00\",\"dateModified\":\"2022-12-06T10:00:22+00:00\",\"breadcrumb\":{\"@id\":\"https:\\\/\\\/www.lengnau.ch\\\/fr\\\/verwaltung-politik-2\\\/politik\\\/#breadcrumb\"},\"inLanguage\":\"fr-FR\",\"potentialAction\":[{\"@type\":\"ReadAction\",\"target\":[\"https:\\\/\\\/www.lengnau.ch\\\/fr\\\/verwaltung-politik-2\\\/politik\\\/\"]}]},{\"@type\":\"BreadcrumbList\",\"@id\":\"https:\\\/\\\/www.lengnau.ch\\\/fr\\\/verwaltung-politik-2\\\/politik\\\/#breadcrumb\",\"itemListElement\":[{\"@type\":\"ListItem\",\"position\":1,\"name\":\"Home\",\"item\":\"https:\\\/\\\/www.lengnau.ch\\\/fr\\\/\"},{\"@type\":\"ListItem\",\"position\":2,\"name\":\"Administration et politique\",\"item\":\"https:\\\/\\\/www.lengnau.ch\\\/fr\\\/verwaltung-politik-2\\\/\"},{\"@type\":\"ListItem\",\"position\":3,\"name\":\"Politique\"}]},{\"@type\":\"WebSite\",\"@id\":\"https:\\\/\\\/www.lengnau.ch\\\/#website\",\"url\":\"https:\\\/\\\/www.lengnau.ch\\\/\",\"name\":\"Gemeinde Lengnau\",\"description\":\"\",\"potentialAction\":[{\"@type\":\"SearchAction\",\"target\":{\"@type\":\"EntryPoint\",\"urlTemplate\":\"https:\\\/\\\/www.lengnau.ch\\\/?s={search_term_string}\"},\"query-input\":{\"@type\":\"PropertyValueSpecification\",\"valueRequired\":true,\"valueName\":\"search_term_string\"}}],\"inLanguage\":\"fr-FR\"}]}<\/script>\n<!-- \/ Yoast SEO plugin. -->","yoast_head_json":{"title":"Politique - Gemeinde Lengnau","robots":{"index":"index","follow":"follow","max-snippet":"max-snippet:-1","max-image-preview":"max-image-preview:large","max-video-preview":"max-video-preview:-1"},"canonical":"https:\/\/www.lengnau.ch\/fr\/verwaltung-politik-2\/politik\/","og_locale":"fr_FR","og_type":"article","og_title":"Politique - Gemeinde Lengnau","og_description":"Vous trouverez \u00e9galement des informations sur les votations et \u00e9lections futures et pass\u00e9es ainsi qu&rsquo;une liste des partis politiques \u00e9tablis dans la commune.","og_url":"https:\/\/www.lengnau.ch\/fr\/verwaltung-politik-2\/politik\/","og_site_name":"Gemeinde Lengnau","article_modified_time":"2022-12-06T10:00:22+00:00","twitter_card":"summary_large_image","schema":{"@context":"https:\/\/schema.org","@graph":[{"@type":"WebPage","@id":"https:\/\/www.lengnau.ch\/fr\/verwaltung-politik-2\/politik\/","url":"https:\/\/www.lengnau.ch\/fr\/verwaltung-politik-2\/politik\/","name":"Politique - Gemeinde Lengnau","isPartOf":{"@id":"https:\/\/www.lengnau.ch\/#website"},"datePublished":"2022-06-06T16:56:05+00:00","dateModified":"2022-12-06T10:00:22+00:00","breadcrumb":{"@id":"https:\/\/www.lengnau.ch\/fr\/verwaltung-politik-2\/politik\/#breadcrumb"},"inLanguage":"fr-FR","potentialAction":[{"@type":"ReadAction","target":["https:\/\/www.lengnau.ch\/fr\/verwaltung-politik-2\/politik\/"]}]},{"@type":"BreadcrumbList","@id":"https:\/\/www.lengnau.ch\/fr\/verwaltung-politik-2\/politik\/#breadcrumb","itemListElement":[{"@type":"ListItem","position":1,"name":"Home","item":"https:\/\/www.lengnau.ch\/fr\/"},{"@type":"ListItem","position":2,"name":"Administration et politique","item":"https:\/\/www.lengnau.ch\/fr\/verwaltung-politik-2\/"},{"@type":"ListItem","position":3,"name":"Politique"}]},{"@type":"WebSite","@id":"https:\/\/www.lengnau.ch\/#website","url":"https:\/\/www.lengnau.ch\/","name":"Gemeinde Lengnau","description":"","potentialAction":[{"@type":"SearchAction","target":{"@type":"EntryPoint","urlTemplate":"https:\/\/www.lengnau.ch\/?s={search_term_string}"},"query-input":{"@type":"PropertyValueSpecification","valueRequired":true,"valueName":"search_term_string"}}],"inLanguage":"fr-FR"}]}},"publishpress_future_action":{"enabled":false,"date":"2026-04-20 19:58:59","action":"change-status","newStatus":"draft","terms":[],"taxonomy":"translation_priority","extraData":[]},"publishpress_future_workflow_manual_trigger":{"enabledWorkflows":[]},"_links":{"self":[{"href":"https:\/\/www.lengnau.ch\/fr\/wp-json\/wp\/v2\/pages\/3221","targetHints":{"allow":["GET"]}}],"collection":[{"href":"https:\/\/www.lengnau.ch\/fr\/wp-json\/wp\/v2\/pages"}],"about":[{"href":"https:\/\/www.lengnau.ch\/fr\/wp-json\/wp\/v2\/types\/page"}],"author":[{"embeddable":true,"href":"https:\/\/www.lengnau.ch\/fr\/wp-json\/wp\/v2\/users\/1"}],"replies":[{"embeddable":true,"href":"https:\/\/www.lengnau.ch\/fr\/wp-json\/wp\/v2\/comments?post=3221"}],"version-history":[{"count":6,"href":"https:\/\/www.lengnau.ch\/fr\/wp-json\/wp\/v2\/pages\/3221\/revisions"}],"predecessor-version":[{"id":8082,"href":"https:\/\/www.lengnau.ch\/fr\/wp-json\/wp\/v2\/pages\/3221\/revisions\/8082"}],"up":[{"embeddable":true,"href":"https:\/\/www.lengnau.ch\/fr\/wp-json\/wp\/v2\/pages\/3113"}],"wp:attachment":[{"href":"https:\/\/www.lengnau.ch\/fr\/wp-json\/wp\/v2\/media?parent=3221"}],"curies":[{"name":"wp","href":"https:\/\/api.w.org\/{rel}","templated":true}]}}