{"id":3220,"date":"2022-02-16T18:42:45","date_gmt":"2022-02-16T17:42:45","guid":{"rendered":"https:\/\/lengnau.rettenmund.com\/kommissionen\/"},"modified":"2026-02-27T08:22:21","modified_gmt":"2026-02-27T07:22:21","slug":"kommissionen","status":"publish","type":"page","link":"https:\/\/www.lengnau.ch\/fr\/verwaltung-politik-2\/politik\/kommissionen\/","title":{"rendered":"Commissions"},"content":{"rendered":"<p>La commission de la formation et de la soci\u00e9t\u00e9, la commission de la construction et de la planification ainsi que la commission de l&rsquo;\u00e9quipement et de l&rsquo;approvisionnement sont des commissions qui prennent parfois des d\u00e9cisions d\u00e9finitives au niveau communal.<\/p>\n<h2>Commission pour le d\u00e9veloppement communautaire, l&rsquo;\u00e9conomie, le sport et la culture (GEWIKO)<\/h2>\n<p>La commission du d\u00e9veloppement communal, de l&rsquo;\u00e9conomie, du sport et de la culture \u00e9labore des concepts et des bases juridiques pour assurer<\/p>\n<ul>\n<li>l&rsquo;attractivit\u00e9 de la commune de Lengnau BE<\/li>\n<\/ul>\n<ul>\n<li style=\"list-style-type: none;\">\n<ul>\n<li>Modification de l&rsquo;image de la localit\u00e9, de la qualit\u00e9 de l&rsquo;habitat et de l&rsquo;urbanisation<\/li>\n<li>Augmentation de la valeur des loisirs<\/li>\n<li>Promouvoir une offre \u00e9quilibr\u00e9e de biens immobiliers et d&#8217;emplois<\/li>\n<\/ul>\n<\/li>\n<\/ul>\n<ul>\n<li>la promotion \u00e9conomique en vue de la mise en r\u00e9seau et de l&rsquo;implantation d&rsquo;entreprises, d&rsquo;entreprises de production et d&rsquo;artisanat, d&rsquo;organisations et de propri\u00e9taires fonciers<\/li>\n<\/ul>\n<ul>\n<li style=\"list-style-type: none;\">\n<ul>\n<li>Renforcement du site \u00e9conomique de Lengnau en vue d&rsquo;une cr\u00e9ation de valeur durable<\/li>\n<li>Cr\u00e9ation de domaines\/projets th\u00e9matiques, promotion de r\u00e9seaux<\/li>\n<li>Am\u00e9liorer l&rsquo;environnement des acteurs \u00e9conomiques<\/li>\n<\/ul>\n<\/li>\n<\/ul>\n<ul>\n<li>Promotion de l&rsquo;offre sportive et culturelle<\/li>\n<\/ul>\n<ul>\n<li style=\"list-style-type: none;\">\n<ul>\n<li>conseiller le conseil municipal dans l&rsquo;\u00e9laboration de la politique culturelle et sportive de Longeville<\/li>\n<li>Promotion de projets et d&rsquo;activit\u00e9s culturels et sportifs dans la commune<\/li>\n<li>Promotion de l&rsquo;art et pr\u00e9servation du patrimoine culturel de Lengnau<\/li>\n<\/ul>\n<\/li>\n<\/ul>\n<h2>Commission des finances et des biens immobiliers (FILIKO)<\/h2>\n<p>La commission des finances et des biens immobiliers pr\u00e9pare les strat\u00e9gies financi\u00e8res de la commune municipale de Lengnau BE et conseille le conseil municipal sur les questions financi\u00e8res. Pour assurer l&rsquo;\u00e9quilibre des finances<\/p>\n<ul>\n<li>elle \u00e9labore le plan financier et le budget<\/li>\n<li>commente les comptes annuels<\/li>\n<\/ul>\n<p>Dans le domaine des biens immobiliers communaux, la commission conseille le conseil municipal sur les orientations strat\u00e9giques.<\/p>\n<h2>Commission pour la construction et la planification (BAPLA)<\/h2>\n<p>La commission pour la construction et la planification \u00e9labore des concepts et des bases juridiques pour assurer<\/p>\n<ul>\n<li>la mise en \u0153uvre du plan local d&rsquo;urbanisme avec les modifications en cours<\/li>\n<\/ul>\n<ul>\n<li style=\"list-style-type: none;\">\n<ul>\n<li>R\u00e8glement de construction et plan de zonage<\/li>\n<li>R\u00e8glements de lotissement<\/li>\n<li>Plans directeurs<\/li>\n<\/ul>\n<\/li>\n<\/ul>\n<ul>\n<li>et traitement des questions de planification concernant l&rsquo;urbanisation, l&rsquo;artisanat et l&#8217;emploi, l&rsquo;agriculture, le paysage naturel et la desserte<\/li>\n<\/ul>\n<ul>\n<li>Protection des sites et des paysages dans la communaut\u00e9 d&rsquo;habitants<\/li>\n<\/ul>\n<p>Pour ce faire, elle \u00e9labore les bases, les strat\u00e9gies et les concepts correspondants. Elle conseille le conseil municipal sur les questions d&rsquo;am\u00e9nagement, notamment en ce qui concerne les mises en zone, les changements de zone et les am\u00e9nagements pr\u00e9visionnels du territoire communal. Elle d\u00e9cide en dernier ressort des exceptions dans les proc\u00e9dures d&rsquo;autorisation de construire.<\/p>\n<h2>Commission pour l&rsquo;environnement et la mobilit\u00e9 (KUMO)<\/h2>\n<p>La commission de l&rsquo;environnement et de la mobilit\u00e9 fait des propositions au conseil municipal concernant les affaires suivantes :<\/p>\n<ul>\n<li>Gestion des d\u00e9chets<\/li>\n<li>Promotion des \u00e9nergies renouvelables<\/li>\n<li>Transports publics<\/li>\n<li>Gestion du trafic et s\u00e9curit\u00e9 routi\u00e8re<\/li>\n<li>R\u00e9seau routier public trafic motoris\u00e9, r\u00e9seau de pistes cyclables et de chemins pi\u00e9tonniers, parkings publics<\/li>\n<li>Protection contre le bruit<\/li>\n<li>Protection de la nature et de l&rsquo;environnement, \u00e9cologie<\/li>\n<\/ul>\n<p>Elle \u00e9labore les bases et les strat\u00e9gies d&rsquo;am\u00e9lioration et de protection de l&rsquo;environnement ainsi que les concepts correspondants. Elle conseille en outre le conseil municipal sur les questions de circulation et \u00e9labore des plans de mesures individuels.<\/p>\n<h2>Commission pour l&rsquo;\u00e9quipement et l&rsquo;approvisionnement (KEVO)<\/h2>\n<p>La commission de l&rsquo;\u00e9quipement et de l&rsquo;approvisionnement fait des propositions au conseil municipal concernant les affaires suivantes :<\/p>\n<ul>\n<li>Traitement des eaux us\u00e9es<\/li>\n<li>Alimentation \u00e9lectrique<\/li>\n<li>Construction et signalisation routi\u00e8res<\/li>\n<li>Approvisionnement en eau<\/li>\n<\/ul>\n<p>Pour ce faire, elle \u00e9labore les bases, les strat\u00e9gies de desserte en g\u00e9nie civil et les concepts correspondants. Elle conseille le conseil municipal sur les questions de g\u00e9nie civil, en particulier sur les projets de construction et de r\u00e9novation, et \u00e9labore des plans de mesures individuels.<\/p>\n<h2>Commission \u00c9ducation et Soci\u00e9t\u00e9 (KOBIGE)<\/h2>\n<p>La commission Formation et soci\u00e9t\u00e9 fait des propositions au conseil municipal concernant les affaires suivantes :<\/p>\n<ul>\n<li>Encouragement pr\u00e9coce des enfants<\/li>\n<li>Accueil des enfants \/ groupes de jeu \/ cr\u00e8ches \/ \u00e9cole \u00e0 horaire continu<\/li>\n<li>Travail de jeunesse<\/li>\n<li>Travail social en milieu scolaire<\/li>\n<li>\u00c9cole de musique<\/li>\n<li>Formation des adultes<\/li>\n<li>Pr\u00e9vention de la sant\u00e9 \/ Service m\u00e9dical scolaire \/ Soins dentaires scolaires<\/li>\n<li>Soutien du conseil communal dans la gestion strat\u00e9gique conform\u00e9ment aux dispositions cantonales de la l\u00e9gislation sur l&rsquo;\u00e9cole obligatoire et de la loi sur l&rsquo;aide sociale publique<\/li>\n<\/ul>\n<p>Elle \u00e9labore les bases, les strat\u00e9gies et les mesures pour la gestion de l&rsquo;\u00e9cole obligatoire et de l&rsquo;aide sociale, ainsi que les t\u00e2ches selon les lettres a \u00e0 g. Parall\u00e8lement, elle exerce la surveillance dans le domaine de l&rsquo;\u00e9cole obligatoire et de l&rsquo;aide sociale.<\/p>\n<h2>Comit\u00e9 de vote et d&rsquo;\u00e9lection (AWAUS)<\/h2>\n<p>Le comit\u00e9 de vote et d&rsquo;\u00e9lection remplit les t\u00e2ches pr\u00e9vues par la l\u00e9gislation sur les droits politiques. Il fonctionne comme un comit\u00e9 permanent pour tous les r\u00e9f\u00e9rendums et les \u00e9lections et est responsable de la bonne tenue des scrutins et de l&rsquo;annonce des r\u00e9sultats.<\/p>\n<p>Les membres et les suppl\u00e9ants du comit\u00e9 de vote et d&rsquo;\u00e9lection de Lengnau sont \u00e9lus par le conseil municipal pour un mandat de quatre ans, de mani\u00e8re analogue aux commissions.<\/p>\n<h2>Comit\u00e9 de r\u00e9daction Lengnauer Notizen (LN)<\/h2>\n<p>L&rsquo;\u00e9quipe de r\u00e9daction des Lengnauer Notizen est une commission qui \u00e9dite la revue <a title=\"Lengnauer Notizen\" href=\"https:\/\/www.lengnau.ch\/fr\/actualites\/lengnauer-notizen\/\">Lengnauer Notizen<\/a>. Die Lengnauer Notizen erscheinen viermal j\u00e4hrlich. Ils informent la population sur des sujets d&rsquo;actualit\u00e9 \u00ab\u00a0Lengnau\u00a0\u00bb.<\/p>\n<h2>R\u00e9seau des seniors (SNW)<\/h2>\n<p>Le r\u00e9seau des seniors s&rsquo;occupe des domaines d&rsquo;activit\u00e9 suivants :<\/p>\n<ul>\n<li>Conception de la planification et de la politique de la vieillesse \u00e0 Lengnau \u00e0 l&rsquo;attention du conseil municipal<\/li>\n<li>\u00c9laboration de la politique de la vieillesse et mise en \u0153uvre<\/li>\n<li>Organisation et planification d&rsquo;\u00e9v\u00e9nements (voyage des seniors)<\/li>\n<li>Organisation et planification de projets culturels pour les seniors<\/li>\n<li>Cr\u00e9ation d&rsquo;offres de loisirs et de manifestations conviviales pour les seniors en vue d&rsquo;une mise en r\u00e9seau<\/li>\n<li>Accompagnement de projets interg\u00e9n\u00e9rationnels<\/li>\n<li>Organisation de r\u00e9unions d&rsquo;information sur la vieillesse (conseil pr\u00e9ventif)<\/li>\n<li>Orientation des seniors sur les offres actuelles pour les seniors<\/li>\n<li>Information et conseil sur les questions li\u00e9es \u00e0 la vieillesse<\/li>\n<li>Entretien des contacts avec les organisations de personnes \u00e2g\u00e9es (Pro Senectute)<\/li>\n<\/ul>\n<h2>En savoir plus sur le sujet<\/h2>\n<p><strong>Annuaires des autorit\u00e9s :<\/strong><\/p>\n<p><a href=\"https:\/\/www.lengnau.ch\/wp-content\/uploads\/2025\/03\/BV_GEWIKO_2025.pdf\" target=\"_blank\" rel=\"noopener\">Commission pour le d\u00e9veloppement communautaire, l&rsquo;\u00e9conomie, le sport et la culture (GEWIKO)<\/a><br \/>\n<a href=\"https:\/\/www.lengnau.ch\/wp-content\/uploads\/2024\/08\/BV_FILIKO_2024.pdf\" target=\"_blank\" rel=\"noopener\">Commission des finances et des biens immobiliers (FILIKO)<\/a><br \/>\n<a href=\"https:\/\/www.lengnau.ch\/wp-content\/uploads\/2024\/08\/BV_BAPLA_2024.pdf\" target=\"_blank\" rel=\"noopener\">Commission pour la construction et la planification (BAPLA)<\/a><br \/>\n<a href=\"https:\/\/www.lengnau.ch\/wp-content\/uploads\/2024\/08\/BV_KUMO_2024.pdf\" target=\"_blank\" rel=\"noopener\">Commission pour l&rsquo;environnement et la mobilit\u00e9 (KUMO)<\/a><br \/>\n<a href=\"https:\/\/www.lengnau.ch\/wp-content\/uploads\/2024\/08\/BV_KEVO_2024.pdf\" target=\"_blank\" rel=\"noopener\">Commission pour l&rsquo;\u00e9quipement et l&rsquo;approvisionnement (KEVO)<\/a><br \/>\n<a href=\"https:\/\/www.lengnau.ch\/wp-content\/uploads\/2025\/09\/BV_KOBIGE_2025.pdf\" target=\"_blank\" rel=\"noopener\">Commission \u00c9ducation et Soci\u00e9t\u00e9 (KOBIGE)<\/a><br \/>\n<a href=\"https:\/\/www.lengnau.ch\/wp-content\/uploads\/2025\/10\/BV_AWAUS_2025.pdf\" target=\"_blank\" rel=\"noopener\">Comit\u00e9 de vote et d&rsquo;\u00e9lection (AWAUS)<\/a><br \/>\n<a href=\"https:\/\/www.lengnau.ch\/wp-content\/uploads\/2025\/03\/BV_LN_2025.pdf\" target=\"_blank\" rel=\"noopener\">Comit\u00e9 de r\u00e9daction Lengnauer Notizen (LN)<\/a><br \/>\n<a href=\"https:\/\/www.lengnau.ch\/wp-content\/uploads\/2026\/02\/BV_SNW_2026.pdf\" target=\"_blank\" rel=\"noopener\">R\u00e9seau des seniors (SNW)<\/a><\/p>\n","protected":false},"excerpt":{"rendered":"<p>La commission de la formation et de la soci\u00e9t\u00e9, la commission de la construction et de la planification ainsi que la commission de l&rsquo;\u00e9quipement et de l&rsquo;approvisionnement sont des commissions qui prennent parfois des d\u00e9cisions d\u00e9finitives au niveau communal. Commission pour le d\u00e9veloppement communautaire, l&rsquo;\u00e9conomie, le sport et la culture (GEWIKO) La commission du d\u00e9veloppement [&hellip;]<\/p>\n","protected":false},"author":1,"featured_media":0,"parent":3221,"menu_order":8,"comment_status":"closed","ping_status":"closed","template":"","meta":{"_acf_changed":false,"_relevanssi_hide_post":"","_relevanssi_hide_content":"","_relevanssi_pin_for_all":"","_relevanssi_pin_keywords":"","_relevanssi_unpin_keywords":"","_relevanssi_related_keywords":"","_relevanssi_related_include_ids":"","_relevanssi_related_exclude_ids":"","_relevanssi_related_no_append":"","_relevanssi_related_not_related":"","_relevanssi_related_posts":"","_relevanssi_noindex_reason":"","footnotes":""},"class_list":["post-3220","page","type-page","status-publish","hentry"],"acf":[],"yoast_head":"<!-- This site is optimized with the Yoast SEO plugin v27.5 - https:\/\/yoast.com\/product\/yoast-seo-wordpress\/ -->\n<title>Commissions - Gemeinde Lengnau<\/title>\n<meta name=\"robots\" content=\"index, follow, max-snippet:-1, max-image-preview:large, max-video-preview:-1\" \/>\n<link rel=\"canonical\" href=\"https:\/\/www.lengnau.ch\/fr\/verwaltung-politik-2\/politik\/kommissionen\/\" \/>\n<meta property=\"og:locale\" content=\"fr_FR\" \/>\n<meta property=\"og:type\" content=\"article\" \/>\n<meta property=\"og:title\" content=\"Commissions - Gemeinde Lengnau\" \/>\n<meta property=\"og:description\" content=\"La commission de la formation et de la soci\u00e9t\u00e9, la commission de la construction et de la planification ainsi que la commission de l&rsquo;\u00e9quipement et de l&rsquo;approvisionnement sont des commissions qui prennent parfois des d\u00e9cisions d\u00e9finitives au niveau communal. Commission pour le d\u00e9veloppement communautaire, l&rsquo;\u00e9conomie, le sport et la culture (GEWIKO) La commission du d\u00e9veloppement [&hellip;]\" \/>\n<meta property=\"og:url\" content=\"https:\/\/www.lengnau.ch\/fr\/verwaltung-politik-2\/politik\/kommissionen\/\" \/>\n<meta property=\"og:site_name\" content=\"Gemeinde Lengnau\" \/>\n<meta property=\"article:modified_time\" content=\"2026-02-27T07:22:21+00:00\" \/>\n<meta name=\"twitter:card\" content=\"summary_large_image\" \/>\n<script type=\"application\/ld+json\" class=\"yoast-schema-graph\">{\"@context\":\"https:\\\/\\\/schema.org\",\"@graph\":[{\"@type\":\"WebPage\",\"@id\":\"https:\\\/\\\/www.lengnau.ch\\\/fr\\\/verwaltung-politik-2\\\/politik\\\/kommissionen\\\/\",\"url\":\"https:\\\/\\\/www.lengnau.ch\\\/fr\\\/verwaltung-politik-2\\\/politik\\\/kommissionen\\\/\",\"name\":\"Commissions - Gemeinde Lengnau\",\"isPartOf\":{\"@id\":\"https:\\\/\\\/www.lengnau.ch\\\/#website\"},\"datePublished\":\"2022-02-16T17:42:45+00:00\",\"dateModified\":\"2026-02-27T07:22:21+00:00\",\"breadcrumb\":{\"@id\":\"https:\\\/\\\/www.lengnau.ch\\\/fr\\\/verwaltung-politik-2\\\/politik\\\/kommissionen\\\/#breadcrumb\"},\"inLanguage\":\"fr-FR\",\"potentialAction\":[{\"@type\":\"ReadAction\",\"target\":[\"https:\\\/\\\/www.lengnau.ch\\\/fr\\\/verwaltung-politik-2\\\/politik\\\/kommissionen\\\/\"]}]},{\"@type\":\"BreadcrumbList\",\"@id\":\"https:\\\/\\\/www.lengnau.ch\\\/fr\\\/verwaltung-politik-2\\\/politik\\\/kommissionen\\\/#breadcrumb\",\"itemListElement\":[{\"@type\":\"ListItem\",\"position\":1,\"name\":\"Home\",\"item\":\"https:\\\/\\\/www.lengnau.ch\\\/fr\\\/\"},{\"@type\":\"ListItem\",\"position\":2,\"name\":\"Administration et politique\",\"item\":\"https:\\\/\\\/www.lengnau.ch\\\/fr\\\/verwaltung-politik-2\\\/\"},{\"@type\":\"ListItem\",\"position\":3,\"name\":\"Politique\",\"item\":\"https:\\\/\\\/www.lengnau.ch\\\/fr\\\/verwaltung-politik-2\\\/politik\\\/\"},{\"@type\":\"ListItem\",\"position\":4,\"name\":\"Commissions\"}]},{\"@type\":\"WebSite\",\"@id\":\"https:\\\/\\\/www.lengnau.ch\\\/#website\",\"url\":\"https:\\\/\\\/www.lengnau.ch\\\/\",\"name\":\"Gemeinde Lengnau\",\"description\":\"\",\"potentialAction\":[{\"@type\":\"SearchAction\",\"target\":{\"@type\":\"EntryPoint\",\"urlTemplate\":\"https:\\\/\\\/www.lengnau.ch\\\/?s={search_term_string}\"},\"query-input\":{\"@type\":\"PropertyValueSpecification\",\"valueRequired\":true,\"valueName\":\"search_term_string\"}}],\"inLanguage\":\"fr-FR\"}]}<\/script>\n<!-- \/ Yoast SEO plugin. -->","yoast_head_json":{"title":"Commissions - Gemeinde Lengnau","robots":{"index":"index","follow":"follow","max-snippet":"max-snippet:-1","max-image-preview":"max-image-preview:large","max-video-preview":"max-video-preview:-1"},"canonical":"https:\/\/www.lengnau.ch\/fr\/verwaltung-politik-2\/politik\/kommissionen\/","og_locale":"fr_FR","og_type":"article","og_title":"Commissions - Gemeinde Lengnau","og_description":"La commission de la formation et de la soci\u00e9t\u00e9, la commission de la construction et de la planification ainsi que la commission de l&rsquo;\u00e9quipement et de l&rsquo;approvisionnement sont des commissions qui prennent parfois des d\u00e9cisions d\u00e9finitives au niveau communal. Commission pour le d\u00e9veloppement communautaire, l&rsquo;\u00e9conomie, le sport et la culture (GEWIKO) La commission du d\u00e9veloppement [&hellip;]","og_url":"https:\/\/www.lengnau.ch\/fr\/verwaltung-politik-2\/politik\/kommissionen\/","og_site_name":"Gemeinde Lengnau","article_modified_time":"2026-02-27T07:22:21+00:00","twitter_card":"summary_large_image","schema":{"@context":"https:\/\/schema.org","@graph":[{"@type":"WebPage","@id":"https:\/\/www.lengnau.ch\/fr\/verwaltung-politik-2\/politik\/kommissionen\/","url":"https:\/\/www.lengnau.ch\/fr\/verwaltung-politik-2\/politik\/kommissionen\/","name":"Commissions - Gemeinde Lengnau","isPartOf":{"@id":"https:\/\/www.lengnau.ch\/#website"},"datePublished":"2022-02-16T17:42:45+00:00","dateModified":"2026-02-27T07:22:21+00:00","breadcrumb":{"@id":"https:\/\/www.lengnau.ch\/fr\/verwaltung-politik-2\/politik\/kommissionen\/#breadcrumb"},"inLanguage":"fr-FR","potentialAction":[{"@type":"ReadAction","target":["https:\/\/www.lengnau.ch\/fr\/verwaltung-politik-2\/politik\/kommissionen\/"]}]},{"@type":"BreadcrumbList","@id":"https:\/\/www.lengnau.ch\/fr\/verwaltung-politik-2\/politik\/kommissionen\/#breadcrumb","itemListElement":[{"@type":"ListItem","position":1,"name":"Home","item":"https:\/\/www.lengnau.ch\/fr\/"},{"@type":"ListItem","position":2,"name":"Administration et politique","item":"https:\/\/www.lengnau.ch\/fr\/verwaltung-politik-2\/"},{"@type":"ListItem","position":3,"name":"Politique","item":"https:\/\/www.lengnau.ch\/fr\/verwaltung-politik-2\/politik\/"},{"@type":"ListItem","position":4,"name":"Commissions"}]},{"@type":"WebSite","@id":"https:\/\/www.lengnau.ch\/#website","url":"https:\/\/www.lengnau.ch\/","name":"Gemeinde Lengnau","description":"","potentialAction":[{"@type":"SearchAction","target":{"@type":"EntryPoint","urlTemplate":"https:\/\/www.lengnau.ch\/?s={search_term_string}"},"query-input":{"@type":"PropertyValueSpecification","valueRequired":true,"valueName":"search_term_string"}}],"inLanguage":"fr-FR"}]}},"publishpress_future_action":{"enabled":false,"date":"2026-05-24 07:43:06","action":"change-status","newStatus":"draft","terms":[],"taxonomy":"translation_priority","extraData":[]},"publishpress_future_workflow_manual_trigger":{"enabledWorkflows":[]},"_links":{"self":[{"href":"https:\/\/www.lengnau.ch\/fr\/wp-json\/wp\/v2\/pages\/3220","targetHints":{"allow":["GET"]}}],"collection":[{"href":"https:\/\/www.lengnau.ch\/fr\/wp-json\/wp\/v2\/pages"}],"about":[{"href":"https:\/\/www.lengnau.ch\/fr\/wp-json\/wp\/v2\/types\/page"}],"author":[{"embeddable":true,"href":"https:\/\/www.lengnau.ch\/fr\/wp-json\/wp\/v2\/users\/1"}],"replies":[{"embeddable":true,"href":"https:\/\/www.lengnau.ch\/fr\/wp-json\/wp\/v2\/comments?post=3220"}],"version-history":[{"count":10,"href":"https:\/\/www.lengnau.ch\/fr\/wp-json\/wp\/v2\/pages\/3220\/revisions"}],"predecessor-version":[{"id":19041,"href":"https:\/\/www.lengnau.ch\/fr\/wp-json\/wp\/v2\/pages\/3220\/revisions\/19041"}],"up":[{"embeddable":true,"href":"https:\/\/www.lengnau.ch\/fr\/wp-json\/wp\/v2\/pages\/3221"}],"wp:attachment":[{"href":"https:\/\/www.lengnau.ch\/fr\/wp-json\/wp\/v2\/media?parent=3220"}],"curies":[{"name":"wp","href":"https:\/\/api.w.org\/{rel}","templated":true}]}}