{"id":3216,"date":"2022-02-16T18:38:03","date_gmt":"2022-02-16T17:38:03","guid":{"rendered":"https:\/\/lengnau.rettenmund.com\/verwaltung-politik\/gemeindeverwaltung\/gemeindenetzwerke\/"},"modified":"2026-03-10T08:29:51","modified_gmt":"2026-03-10T07:29:51","slug":"gemeindenetzwerke","status":"publish","type":"page","link":"https:\/\/www.lengnau.ch\/fr\/verwaltung-politik-2\/gemeindeverwaltung\/gemeindenetzwerke\/","title":{"rendered":"R\u00e9seaux de communes"},"content":{"rendered":"<h2>seeland.biel\/bienne<\/h2>\n<p>La r\u00e9gion Bienne-Seeland est un espace de vie et d&rsquo;activit\u00e9 \u00e9conomique attractif, dot\u00e9 d&rsquo;une longue tradition de coop\u00e9ration r\u00e9gionale. La ville, l&rsquo;agglom\u00e9ration et le pays travaillent en partenariat pour atteindre leurs objectifs communs.<\/p>\n<p><a title=\"seeland.biel\/bienne - R\u00e9seau de communes\" href=\"https:\/\/www.seeland-biel-bienne.ch\/\" target=\"_blank\" rel=\"noopener\">seeland.biel\/bienne<\/a> a \u00e9t\u00e9 cr\u00e9\u00e9 en 2005 et r\u00e9unit 61 communes du Seeland bernois. Environ 175 000 personnes, soit un sixi\u00e8me de la population du canton, y vivent. La r\u00e9gion offre 67 000 emplois.<\/p>\n<p>seeland.biel\/bienne remplit de multiples t\u00e2ches pour le compte du canton et des communes.<\/p>\n<p>T\u00e2ches d\u00e9finies par la l\u00e9gislation cantonale :<\/p>\n<ul>\n<li>Am\u00e9nagement du territoire et transport<\/li>\n<li>Nouvelle politique r\u00e9gionale<\/li>\n<li>Conseil public en \u00e9nergie<\/li>\n<\/ul>\n<p>T\u00e2ches pour le compte des municipalit\u00e9s :<\/p>\n<ul>\n<li>\u00c9ducation<\/li>\n<li>Social et sant\u00e9<\/li>\n<li>Approvisionnement et \u00e9limination<\/li>\n<li>\u00c9conomie et tourisme<\/li>\n<\/ul>\n<h3>Contact<\/h3>\n<p>seeland.biel\/bienne<br \/>\nBureau<br \/>\nc\/o BHP Raumplan AG<br \/>\n10, rue des Lilas<br \/>\nBo\u00eete postale 575<br \/>\n3000 Berne 14<\/p>\n<p>T\u00e9l\u00e9phone 031 388 60 60<br \/>\n<a href=\"mailto:in**@*****************ne.ch\" data-original-string=\"NBoqb8SukmDZJtZVXf6aiQ==a0egbLLjHNKEa7D8XxKPnWkDp53ZKeEvUEBwFsq79doHfI=\" title=\"This contact has been encoded by Anti-Spam by CleanTalk. Click to decode. To finish the decoding make sure that JavaScript is enabled in your browser.\">Courrier \u00e9lectronique<\/a><\/p>\n<h2>Association d&rsquo;agglo de Grenchen<\/h2>\n<p>La ville de Granges SO et les deux communes de Bettlach SO et Lengnau BE forment l&rsquo;agglom\u00e9ration de Granges selon la d\u00e9finition de l&rsquo;Office f\u00e9d\u00e9ral du d\u00e9veloppement territorial. La ville de Grenchen a la fonction de centre urbain r\u00e9gional.<\/p>\n<p>Dans le canton de Berne, Lengnau fait partie de la r\u00e9gion de planification seeland.biel\/bienne et dans le canton de Soleure, de l&rsquo;agglom\u00e9ration de Granges.<\/p>\n<p>Les communes de Granges, Bettlach et Lengnau ont \u00e9labor\u00e9 le projet d&rsquo;agglom\u00e9ration de Granges, qui sert de base \u00e0 long terme pour les transports, l&rsquo;urbanisation, les infrastructures et le d\u00e9veloppement.<\/p>\n<h3>Contact<\/h3>\n<p class=\"icmsPContent\">Association d&rsquo;agglo de Grenchen<br \/>\n23, rue de la Gare<br \/>\n2540 Grenchen<\/p>\n<p>T\u00e9l\u00e9phone 032 655 66 14<br \/>\n<a href=\"mailto:ag*********@******en.ch\" data-original-string=\"UbAlw9hssegmXrIQOV39gw==a0ebLC\/ckQEKLHb9ag06panhpNyRB+sccOgQRjjbu\/YT7k=\" title=\"This contact has been encoded by Anti-Spam by CleanTalk. Click to decode. To finish the decoding make sure that JavaScript is enabled in your browser.\">Courrier \u00e9lectronique<\/a><br \/>\n<a href=\"https:\/\/www.grenchen.ch\/aggloverein\" target=\"_blank\" rel=\"noopener\">Site web<\/a><\/p>\n","protected":false},"excerpt":{"rendered":"<p>seeland.biel\/bienne La r\u00e9gion Bienne-Seeland est un espace de vie et d&rsquo;activit\u00e9 \u00e9conomique attractif, dot\u00e9 d&rsquo;une longue tradition de coop\u00e9ration r\u00e9gionale. La ville, l&rsquo;agglom\u00e9ration et le pays travaillent en partenariat pour atteindre leurs objectifs communs. seeland.biel\/bienne a \u00e9t\u00e9 cr\u00e9\u00e9 en 2005 et r\u00e9unit 61 communes du Seeland bernois. Environ 175 000 personnes, soit un sixi\u00e8me de [&hellip;]<\/p>\n","protected":false},"author":1,"featured_media":0,"parent":3119,"menu_order":31,"comment_status":"closed","ping_status":"closed","template":"","meta":{"_acf_changed":false,"_relevanssi_hide_post":"","_relevanssi_hide_content":"","_relevanssi_pin_for_all":"","_relevanssi_pin_keywords":"","_relevanssi_unpin_keywords":"","_relevanssi_related_keywords":"","_relevanssi_related_include_ids":"","_relevanssi_related_exclude_ids":"","_relevanssi_related_no_append":"","_relevanssi_related_not_related":"","_relevanssi_related_posts":"","_relevanssi_noindex_reason":"","footnotes":""},"class_list":["post-3216","page","type-page","status-publish","hentry"],"acf":[],"yoast_head":"<!-- This site is optimized with the Yoast SEO plugin v27.5 - https:\/\/yoast.com\/product\/yoast-seo-wordpress\/ -->\n<title>R\u00e9seaux de communes - Gemeinde Lengnau<\/title>\n<meta name=\"robots\" content=\"index, follow, max-snippet:-1, max-image-preview:large, max-video-preview:-1\" \/>\n<link rel=\"canonical\" href=\"https:\/\/www.lengnau.ch\/fr\/verwaltung-politik-2\/gemeindeverwaltung\/gemeindenetzwerke\/\" \/>\n<meta property=\"og:locale\" content=\"fr_FR\" \/>\n<meta property=\"og:type\" content=\"article\" \/>\n<meta property=\"og:title\" content=\"R\u00e9seaux de communes - Gemeinde Lengnau\" \/>\n<meta property=\"og:description\" content=\"seeland.biel\/bienne La r\u00e9gion Bienne-Seeland est un espace de vie et d&rsquo;activit\u00e9 \u00e9conomique attractif, dot\u00e9 d&rsquo;une longue tradition de coop\u00e9ration r\u00e9gionale. La ville, l&rsquo;agglom\u00e9ration et le pays travaillent en partenariat pour atteindre leurs objectifs communs. seeland.biel\/bienne a \u00e9t\u00e9 cr\u00e9\u00e9 en 2005 et r\u00e9unit 61 communes du Seeland bernois. Environ 175 000 personnes, soit un sixi\u00e8me de [&hellip;]\" \/>\n<meta property=\"og:url\" content=\"https:\/\/www.lengnau.ch\/fr\/verwaltung-politik-2\/gemeindeverwaltung\/gemeindenetzwerke\/\" \/>\n<meta property=\"og:site_name\" content=\"Gemeinde Lengnau\" \/>\n<meta property=\"article:modified_time\" content=\"2026-03-10T07:29:51+00:00\" \/>\n<meta name=\"twitter:card\" content=\"summary_large_image\" \/>\n<script type=\"application\/ld+json\" class=\"yoast-schema-graph\">{\"@context\":\"https:\\\/\\\/schema.org\",\"@graph\":[{\"@type\":\"WebPage\",\"@id\":\"https:\\\/\\\/www.lengnau.ch\\\/fr\\\/verwaltung-politik-2\\\/gemeindeverwaltung\\\/gemeindenetzwerke\\\/\",\"url\":\"https:\\\/\\\/www.lengnau.ch\\\/fr\\\/verwaltung-politik-2\\\/gemeindeverwaltung\\\/gemeindenetzwerke\\\/\",\"name\":\"R\u00e9seaux de communes - Gemeinde Lengnau\",\"isPartOf\":{\"@id\":\"https:\\\/\\\/www.lengnau.ch\\\/#website\"},\"datePublished\":\"2022-02-16T17:38:03+00:00\",\"dateModified\":\"2026-03-10T07:29:51+00:00\",\"breadcrumb\":{\"@id\":\"https:\\\/\\\/www.lengnau.ch\\\/fr\\\/verwaltung-politik-2\\\/gemeindeverwaltung\\\/gemeindenetzwerke\\\/#breadcrumb\"},\"inLanguage\":\"fr-FR\",\"potentialAction\":[{\"@type\":\"ReadAction\",\"target\":[\"https:\\\/\\\/www.lengnau.ch\\\/fr\\\/verwaltung-politik-2\\\/gemeindeverwaltung\\\/gemeindenetzwerke\\\/\"]}]},{\"@type\":\"BreadcrumbList\",\"@id\":\"https:\\\/\\\/www.lengnau.ch\\\/fr\\\/verwaltung-politik-2\\\/gemeindeverwaltung\\\/gemeindenetzwerke\\\/#breadcrumb\",\"itemListElement\":[{\"@type\":\"ListItem\",\"position\":1,\"name\":\"Home\",\"item\":\"https:\\\/\\\/www.lengnau.ch\\\/fr\\\/\"},{\"@type\":\"ListItem\",\"position\":2,\"name\":\"Administration et politique\",\"item\":\"https:\\\/\\\/www.lengnau.ch\\\/fr\\\/verwaltung-politik-2\\\/\"},{\"@type\":\"ListItem\",\"position\":3,\"name\":\"Administration communale\",\"item\":\"https:\\\/\\\/www.lengnau.ch\\\/fr\\\/verwaltung-politik-2\\\/gemeindeverwaltung\\\/\"},{\"@type\":\"ListItem\",\"position\":4,\"name\":\"R\u00e9seaux de communes\"}]},{\"@type\":\"WebSite\",\"@id\":\"https:\\\/\\\/www.lengnau.ch\\\/#website\",\"url\":\"https:\\\/\\\/www.lengnau.ch\\\/\",\"name\":\"Gemeinde Lengnau\",\"description\":\"\",\"potentialAction\":[{\"@type\":\"SearchAction\",\"target\":{\"@type\":\"EntryPoint\",\"urlTemplate\":\"https:\\\/\\\/www.lengnau.ch\\\/?s={search_term_string}\"},\"query-input\":{\"@type\":\"PropertyValueSpecification\",\"valueRequired\":true,\"valueName\":\"search_term_string\"}}],\"inLanguage\":\"fr-FR\"}]}<\/script>\n<!-- \/ Yoast SEO plugin. -->","yoast_head_json":{"title":"R\u00e9seaux de communes - Gemeinde Lengnau","robots":{"index":"index","follow":"follow","max-snippet":"max-snippet:-1","max-image-preview":"max-image-preview:large","max-video-preview":"max-video-preview:-1"},"canonical":"https:\/\/www.lengnau.ch\/fr\/verwaltung-politik-2\/gemeindeverwaltung\/gemeindenetzwerke\/","og_locale":"fr_FR","og_type":"article","og_title":"R\u00e9seaux de communes - Gemeinde Lengnau","og_description":"seeland.biel\/bienne La r\u00e9gion Bienne-Seeland est un espace de vie et d&rsquo;activit\u00e9 \u00e9conomique attractif, dot\u00e9 d&rsquo;une longue tradition de coop\u00e9ration r\u00e9gionale. La ville, l&rsquo;agglom\u00e9ration et le pays travaillent en partenariat pour atteindre leurs objectifs communs. seeland.biel\/bienne a \u00e9t\u00e9 cr\u00e9\u00e9 en 2005 et r\u00e9unit 61 communes du Seeland bernois. Environ 175 000 personnes, soit un sixi\u00e8me de [&hellip;]","og_url":"https:\/\/www.lengnau.ch\/fr\/verwaltung-politik-2\/gemeindeverwaltung\/gemeindenetzwerke\/","og_site_name":"Gemeinde Lengnau","article_modified_time":"2026-03-10T07:29:51+00:00","twitter_card":"summary_large_image","schema":{"@context":"https:\/\/schema.org","@graph":[{"@type":"WebPage","@id":"https:\/\/www.lengnau.ch\/fr\/verwaltung-politik-2\/gemeindeverwaltung\/gemeindenetzwerke\/","url":"https:\/\/www.lengnau.ch\/fr\/verwaltung-politik-2\/gemeindeverwaltung\/gemeindenetzwerke\/","name":"R\u00e9seaux de communes - Gemeinde Lengnau","isPartOf":{"@id":"https:\/\/www.lengnau.ch\/#website"},"datePublished":"2022-02-16T17:38:03+00:00","dateModified":"2026-03-10T07:29:51+00:00","breadcrumb":{"@id":"https:\/\/www.lengnau.ch\/fr\/verwaltung-politik-2\/gemeindeverwaltung\/gemeindenetzwerke\/#breadcrumb"},"inLanguage":"fr-FR","potentialAction":[{"@type":"ReadAction","target":["https:\/\/www.lengnau.ch\/fr\/verwaltung-politik-2\/gemeindeverwaltung\/gemeindenetzwerke\/"]}]},{"@type":"BreadcrumbList","@id":"https:\/\/www.lengnau.ch\/fr\/verwaltung-politik-2\/gemeindeverwaltung\/gemeindenetzwerke\/#breadcrumb","itemListElement":[{"@type":"ListItem","position":1,"name":"Home","item":"https:\/\/www.lengnau.ch\/fr\/"},{"@type":"ListItem","position":2,"name":"Administration et politique","item":"https:\/\/www.lengnau.ch\/fr\/verwaltung-politik-2\/"},{"@type":"ListItem","position":3,"name":"Administration communale","item":"https:\/\/www.lengnau.ch\/fr\/verwaltung-politik-2\/gemeindeverwaltung\/"},{"@type":"ListItem","position":4,"name":"R\u00e9seaux de communes"}]},{"@type":"WebSite","@id":"https:\/\/www.lengnau.ch\/#website","url":"https:\/\/www.lengnau.ch\/","name":"Gemeinde Lengnau","description":"","potentialAction":[{"@type":"SearchAction","target":{"@type":"EntryPoint","urlTemplate":"https:\/\/www.lengnau.ch\/?s={search_term_string}"},"query-input":{"@type":"PropertyValueSpecification","valueRequired":true,"valueName":"search_term_string"}}],"inLanguage":"fr-FR"}]}},"publishpress_future_action":{"enabled":false,"date":"2026-05-24 07:47:48","action":"change-status","newStatus":"draft","terms":[],"taxonomy":"translation_priority","extraData":[]},"publishpress_future_workflow_manual_trigger":{"enabledWorkflows":[]},"_links":{"self":[{"href":"https:\/\/www.lengnau.ch\/fr\/wp-json\/wp\/v2\/pages\/3216","targetHints":{"allow":["GET"]}}],"collection":[{"href":"https:\/\/www.lengnau.ch\/fr\/wp-json\/wp\/v2\/pages"}],"about":[{"href":"https:\/\/www.lengnau.ch\/fr\/wp-json\/wp\/v2\/types\/page"}],"author":[{"embeddable":true,"href":"https:\/\/www.lengnau.ch\/fr\/wp-json\/wp\/v2\/users\/1"}],"replies":[{"embeddable":true,"href":"https:\/\/www.lengnau.ch\/fr\/wp-json\/wp\/v2\/comments?post=3216"}],"version-history":[{"count":10,"href":"https:\/\/www.lengnau.ch\/fr\/wp-json\/wp\/v2\/pages\/3216\/revisions"}],"predecessor-version":[{"id":19143,"href":"https:\/\/www.lengnau.ch\/fr\/wp-json\/wp\/v2\/pages\/3216\/revisions\/19143"}],"up":[{"embeddable":true,"href":"https:\/\/www.lengnau.ch\/fr\/wp-json\/wp\/v2\/pages\/3119"}],"wp:attachment":[{"href":"https:\/\/www.lengnau.ch\/fr\/wp-json\/wp\/v2\/media?parent=3216"}],"curies":[{"name":"wp","href":"https:\/\/api.w.org\/{rel}","templated":true}]}}