{"id":3200,"date":"2022-02-16T15:42:22","date_gmt":"2022-02-16T14:42:22","guid":{"rendered":"https:\/\/lengnau.rettenmund.com\/themen\/tiere\/wildtiere\/"},"modified":"2026-04-09T14:27:45","modified_gmt":"2026-04-09T12:27:45","slug":"wildtiere","status":"publish","type":"page","link":"https:\/\/www.lengnau.ch\/fr\/themes\/tiere\/wildtiere\/","title":{"rendered":"Animaux sauvages"},"content":{"rendered":"<h2>Renards<\/h2>\n<p>Des renards au milieu des zones d&rsquo;habitation &#8211; dans les villages comme dans les grandes villes ! Depuis quelques ann\u00e9es, de plus en plus de rapports font \u00e9tat d&rsquo;observations de renards \u00e0 proximit\u00e9 imm\u00e9diate de l&rsquo;homme. C&rsquo;est \u00e9galement le cas dans la commune de Lengnau BE.<\/p>\n<p>Beaucoup se r\u00e9jouissent d&rsquo;observer le renard, un animal sauvage. Cependant, d&rsquo;autres se plaignent de dommages et de nuisances ou craignent la propagation de maladies.<\/p>\n<p>La <a class=\"pdf\" title=\"Fiche d'information \"Les renards dans les zones d'habitation\" href=\"https:\/\/www.lengnau.ch\/wp-content\/uploads\/2022\/08\/Fuechse-im-Wohngebiet.pdf\" target=\"_blank\" rel=\"noopener\">fiche d&rsquo;information \u00ab\u00a0Les renards dans les zones d&rsquo;habitation\u00a0\u00bb<\/a> est un bref r\u00e9sum\u00e9 de la brochure \u00ab\u00a0Les renards en ville &#8211; vivre avec un animal sauvage\u00a0\u00bb. Elle vise \u00e0 fournir des informations objectives afin de mieux comprendre le renard en tant qu&rsquo;animal sauvage et de permettre une coexistence pacifique entre le renard et l&rsquo;homme.<\/p>\n<p><strong>Qui est le renard ?<\/strong><\/p>\n<p>Les renards qui vivent dans nos zones d&rsquo;habitation appartiennent \u00e0 l&rsquo;esp\u00e8ce indig\u00e8ne du renard roux. Ce sont les m\u00eames animaux que ceux qui vivent dans la for\u00eat. Ils appartiennent \u00e0 la famille des canid\u00e9s et sont donc tr\u00e8s proches de nos chiens domestiques. Les m\u00e2les adultes (m\u00e2les) p\u00e8sent environ 5 \u00e0 9 kg, les femelles (femelles) 4 \u00e0 7 kg. \u00c0 titre de comparaison, un chat domestique adulte p\u00e8se environ 4 kg.<\/p>\n<p>Le renard se caract\u00e9rise par une excellente capacit\u00e9 d&rsquo;adaptation et c&rsquo;est sans doute pour cette raison qu&rsquo;on le qualifie de rus\u00e9. Il parvient \u00e0 vivre dans des habitats tr\u00e8s diff\u00e9rents &#8211; dans une for\u00eat de montagne isol\u00e9e comme au c\u0153ur d&rsquo;une grande ville. Les renards qui vivent \u00e0 proximit\u00e9 de l&rsquo;homme sont g\u00e9n\u00e9ralement moins craintifs que leurs cong\u00e9n\u00e8res qui vivent loin de la civilisation.<\/p>\n<p><strong>Que faire si je suis d\u00e9rang\u00e9 par le renard ?<\/strong><\/p>\n<p>Le garde-chasse responsable de Lengnau BE vous donnera volontiers de plus amples informations ou des conseils utiles :<\/p>\n<p>Olivier L\u00e9chot, garde-chasse<br \/>\nT\u00e9l\u00e9phone 0800 940 100<br \/>\nchaque fois apr\u00e8s le d\u00e9but du texte d&rsquo;annonce Num\u00e9rotation directe : 1 1 3 1<\/p>\n<p><em>Les gardes-chasse sont disponibles de 07h00 \u00e0 19h00. Entre 19h00 et 07h00, la police r\u00e9pond \u00e0 votre appel (t\u00e9l\u00e9phone 117).<\/em><\/p>\n<p><a href=\"https:\/\/www.weu.be.ch\/de\/start\/themen\/jagd-fischerei\/jagd-wildtiere\/wildhueter-finden.html\" target=\"_blank\" rel=\"noopener\">Gardes-chasse du canton de Berne<\/a><\/p>\n<h2>Gu\u00eapes et abeilles<\/h2>\n<p>De nombreuses personnes ont peur des gu\u00eapes. Les r\u00e8gles de comportement suivantes vous permettront de lutter contre cette peur. Les gu\u00eapes sont des insectes utiles et font partie, comme les fourmis et les abeilles, de l&rsquo;ordre des hym\u00e9nopt\u00e8res. Elles forment des \u00c9tats avec une reine et de nombreuses ouvri\u00e8res.<\/p>\n<p>Abeilles ou gu\u00eapes ? Quelle est la diff\u00e9rence entre ces deux types d&rsquo;insectes ?<\/p>\n<h3>Abeilles<\/h3>\n<p>Les abeilles pr\u00e9sentent une morphologie plut\u00f4t grassouillette. Ils forment un essaim en forme de c\u00f4ne ; ils ne construisent pas de nid. La p\u00e9riode d&rsquo;essaimage s&rsquo;\u00e9tend de d\u00e9but mai \u00e0 fin juillet.<\/p>\n<p>Si un <strong>essaim d&rsquo;abeilles<\/strong> se trouve dans votre jardin ou votre maison, veuillez contacter<\/p>\n<p>Thomas Scheurer, apiculteur<br \/>\nT\u00e9l\u00e9phone <span class=\"fontstyle0\">079 289 59 26<\/span><\/p>\n<p>Fritz Alchenberger, apiculteur<br \/>\nT\u00e9l\u00e9phone 079 437 47 62<\/p>\n<h3>Gu\u00eapes<\/h3>\n<p>Les gu\u00eapes sont plut\u00f4t minces et construisent des nids gris-blancs. Elles se produisent entre d\u00e9but mai et fin septembre environ.<\/p>\n<p><strong>Comment se comporter face aux abeilles ou aux gu\u00eapes ?<\/strong><\/p>\n<ul>\n<li>Respecter une distance d&rsquo;environ 4 m\u00e8tres<\/li>\n<li>Pas de mouvements brusques<\/li>\n<li>Ne pas d\u00e9former la trajectoire<\/li>\n<li>Ne pas enlever le nid ou l&rsquo;essaim<\/li>\n<li>\u00c9viter autant que possible les secousses et les vibrations<\/li>\n<\/ul>\n<p><strong>Comment se comporter en pr\u00e9sence de gu\u00eapes sur le balcon ou dans le coffre d&rsquo;un volet roulant ?<\/strong><\/p>\n<ul>\n<li>Fermer les fen\u00eatres (si quelques gu\u00eapes ont d\u00e9j\u00e0 p\u00e9n\u00e9tr\u00e9 dans la pi\u00e8ce, boucher \u00e9ventuellement les fissures avec de la laine d&rsquo;acier, du papier argent\u00e9 ou du papier aluminium)<\/li>\n<li><em><strong>Les pompiers de LePiMe n&rsquo;enl\u00e8vent plus les insectes, notamment les gu\u00eapes, depuis le 1er janvier 2018. <\/strong><\/em><\/li>\n<\/ul>\n<p>Pour \u00e9liminer les gu\u00eapes, adressez-vous aux entreprises de d\u00e9sinsectisation de la r\u00e9gion :<\/p>\n<p><strong>Anticimex AG &#8211; <\/strong><strong>Lutte contre les nuisibles<br \/>\n<\/strong>Jan Stotzer<br \/>\n3294 B\u00fcren an der Aare<\/p>\n<p>T\u00e9l\u00e9phone 079 684 84 33<br \/>\n<a title=\"Anticimex AG\" href=\"https:\/\/www.anticimex.ch\/kammerjaeger-in-der-naehe\/\" target=\"_blank\" rel=\"noopener\">Site web<\/a><\/p>\n<p><strong>Ledermann SA &#8211; Lutte contre les nuisibles<\/strong><br \/>\nRue du March\u00e9 27<br \/>\n2500 Biel\/Bienne 3<\/p>\n<p>T\u00e9l\u00e9phone 079 353 15 34<\/p>\n<p><strong>Rentokil Schweiz AG<\/strong><br \/>\nLutte contre les nuisibles<br \/>\nRegion Biel\/Bienne<\/p>\n<p>T\u00e9l\u00e9phone 0800 17 17 00<br \/>\n<a title=\"Rentokil Schweiz AG\" href=\"https:\/\/www.rentokil.com\/ch\/schaedlingsbekaempfung-biel-bienne\/\" target=\"_blank\" rel=\"noopener\">Site web<\/a><\/p>\n<h2>Frelon asiatique<\/h2>\n<p>Le frelon asiatique invasif a \u00e9t\u00e9 introduit dans le sud-ouest de la France en 2004 et se propage depuis lors dans une grande partie de l&rsquo;Europe.<\/p>\n<p><strong><span class=\"fontstyle0\">Le frelon asiatique se propage dans la r\u00e9gion<br \/>\n<\/span><\/strong><span class=\"fontstyle2\">Apr\u00e8s la propagation du frelon asiatique en Suisse occidentale depuis 2017, le premier nid principal de la r\u00e9gion du nord-ouest de la Suisse a \u00e9t\u00e9 enlev\u00e9 en 2022 \u00e0 M\u00fcnchenstein (BL). L&rsquo;immigration a continu\u00e9 en 2023. Ainsi, un total de 20 nids ont \u00e9t\u00e9 d\u00e9couverts dans la r\u00e9gion et la plupart d&rsquo;entre eux ont \u00e9t\u00e9 retir\u00e9s. Mais tous les nids n&rsquo;ont pas pu \u00eatre d\u00e9truits \u00e0 temps avant l&rsquo;envol des jeunes reines. L&rsquo;exp\u00e9rience de la Suisse occidentale montre qu&rsquo;il faut s&rsquo;attendre \u00e0 une augmentation massive du frelon asiatique dans la r\u00e9gion en 2024.<\/span><\/p>\n<p>Pour l&rsquo;apiculture et la protection de la nature, la propagation de cette esp\u00e8ce exotique repr\u00e9sente un danger s\u00e9rieux, car elle chasse de grandes quantit\u00e9s d&rsquo;insectes pour nourrir ses larves. Pour prot\u00e9ger l&rsquo;entomofaune indig\u00e8ne, il est important de reconna\u00eetre et d&rsquo;annoncer le plus rapidement possible toute nouvelle propagation.<\/p>\n<p>Il est reconnaissable \u00e0 la coloration noire de son corps et \u00e0 ses pattes jaunes, alors que le frelon europ\u00e9en est plut\u00f4t brun-rouge\u00e2tre.<\/p>\n<p>Dans la <a class=\"pdflink\" href=\"https:\/\/www.lengnau.ch\/wp-content\/uploads\/2024\/05\/Schreiben_Vespa_Velutina_2024_d.pdf\" target=\"_blank\" rel=\"noopener\">lettre du Cercle Exotique Nordwestschweiz<\/a>, vous trouverez des informations sur la reconnaissance du frelon asiatique et sur le centre officiel suisse de d\u00e9claration <a class=\"external\" href=\"https:\/\/www.asiatischehornisse.ch\/\" target=\"_blank\" rel=\"noopener\">www.asiatischehornisse.ch.<\/a><\/p>\n<p><img loading=\"lazy\" decoding=\"async\" class=\"alignnone wp-image-10449\" src=\"https:\/\/www.lengnau.ch\/wp-content\/uploads\/2023\/07\/Asiatische_Hornisse-300x196.jpg\" alt=\"\" width=\"400\" height=\"262\" srcset=\"https:\/\/www.lengnau.ch\/wp-content\/uploads\/2023\/07\/Asiatische_Hornisse-300x196.jpg 300w, https:\/\/www.lengnau.ch\/wp-content\/uploads\/2023\/07\/Asiatische_Hornisse.jpg 599w\" sizes=\"auto, (max-width: 400px) 100vw, 400px\" \/><\/p>\n<p><a class=\"pdflink\" href=\"https:\/\/www.lengnau.ch\/wp-content\/uploads\/2024\/05\/Wespen-Identizierung_Vespa_velutina_MNHN_v2.pdf\" target=\"_blank\" rel=\"noopener\">Fiche d&rsquo;information sur l&rsquo;identification des gu\u00eapes<\/a><br \/>\n<a href=\"https:\/\/www.lengnau.ch\/wp-content\/uploads\/2024\/05\/Bienengesundheitsdienst_2.7_Asiatische_Hornisse.pdf\" target=\"_blank\" rel=\"noopener\">Fiche d&rsquo;information Service sanitaire apicole Frelon asiatique<\/a><br \/>\n<a class=\"pdflink\" href=\"https:\/\/www.lengnau.ch\/wp-content\/uploads\/2024\/05\/VBBV_Infoblatt_Asiatische_Hornisse.pdf\" target=\"_blank\" rel=\"noopener\">Fiche d&rsquo;information du canton de Berne D\u00e9clarer un frelon asiatique<\/a><\/p>\n<p>Merci de contribuer \u00e0 ce que le frelon asiatique ou ses nids soient reconnus et signal\u00e9s.<\/p>\n<p>Merci de votre aide !<\/p>\n<h3><strong><span class=\"fontstyle0\" style=\"color: #ff0000;\">Point de signalement des insectes et des nids suspects<\/span><\/strong><\/h3>\n<p><span class=\"fontstyle0\">Veuillez signaler les pr\u00e9-nids et les insectes suspects (avec photo et coordonn\u00e9es) au <\/span><span class=\"fontstyle2\" style=\"color: #000000;\">Point de signalement des insectes et nids suspects :<\/span><\/p>\n<table style=\"width: 100%; border-collapse: collapse;\" border=\"0\">\n<tbody>\n<tr>\n<td style=\"width: 27.4813%; vertical-align: top;\"><a class=\"external\" href=\"https:\/\/www.asiatischehornisse.ch\/\" target=\"_blank\" rel=\"noopener\">www.asiatischehornisse.ch<\/a><\/td>\n<td style=\"width: 72.5187%; vertical-align: top;\"><img loading=\"lazy\" decoding=\"async\" class=\"alignnone wp-image-13352 size-thumbnail\" src=\"https:\/\/www.lengnau.ch\/wp-content\/uploads\/2024\/05\/QR_Code_Meldestelle_Asiatische_Hornisse-1-150x150.jpg\" alt=\"\" width=\"150\" height=\"150\"><\/td>\n<\/tr>\n<\/tbody>\n<\/table>\n<h2>Plus d&rsquo;informations<\/h2>\n<p><a href=\"https:\/\/www.lengnau.ch\/wp-content\/uploads\/2024\/10\/2024_10_Gemeindemitteilung_Wildtiere_auf_der_Fahrbahn_Sektion_Biel-Seeland.pdf\" target=\"_blank\" rel=\"noopener\">Animaux sauvages sur la chauss\u00e9e &#8211; Fiche d&rsquo;information TCS<\/a><\/p>\n<p><strong>Renards<\/strong><br \/>\n<a class=\"pdf\" title=\"Sacs \u00e0 ordures : une aubaine pour les renards\" href=\"https:\/\/www.lengnau.ch\/wp-content\/uploads\/2022\/08\/Information_Fuechse_Abfallsaecke.pdf\" target=\"_blank\" rel=\"noopener\">Sacs \u00e0 ordures : une aubaine pour les renards<\/a><br \/>\n<a class=\"next\" title=\"Protection suisse des animaux\" href=\"https:\/\/tierschutz.com\/\" target=\"_blank\" rel=\"noopener\">Protection suisse des animaux<\/a><br \/>\n<strong><br \/>\nGu\u00eapes<\/strong><br \/>\n<a class=\"next\" title=\"Protection contre les gu\u00eapes\" href=\"https:\/\/www.aktion-wespenschutz.de\/Startseite\/START.HTM\" target=\"_blank\" rel=\"noopener\">Protection contre les gu\u00eapes<\/a><\/p>\n<p><strong>Frelon asiatique<br \/>\n<\/strong><a href=\"https:\/\/www.lengnau.ch\/wp-content\/uploads\/2025\/03\/INFORAMA_Schreiben_an_Gemeinde_ohne_Sichtung_2024_asiatische_Hornisse.pdf\" target=\"_blank\" rel=\"noopener\">Lettre de l&rsquo;INFORAMA contenant des informations importantes sur le frelon asiatique<\/a><strong><br \/>\n<\/strong><a class=\"external\" href=\"https:\/\/www.weu.be.ch\/de\/start\/themen\/umwelt\/biodiversitaet\/arten\/neobiota\/neozoen.html\" target=\"_blank\" rel=\"noopener\">Canton de Berne &#8211; N\u00e9ozoaires invasifs<\/a><strong><br \/>\n<\/strong><\/p>\n","protected":false},"excerpt":{"rendered":"<p>Renards Des renards au milieu des zones d&rsquo;habitation &#8211; dans les villages comme dans les grandes villes ! Depuis quelques ann\u00e9es, de plus en plus de rapports font \u00e9tat d&rsquo;observations de renards \u00e0 proximit\u00e9 imm\u00e9diate de l&rsquo;homme. C&rsquo;est \u00e9galement le cas dans la commune de Lengnau BE. Beaucoup se r\u00e9jouissent d&rsquo;observer le renard, un animal [&hellip;]<\/p>\n","protected":false},"author":1,"featured_media":0,"parent":3197,"menu_order":24,"comment_status":"closed","ping_status":"closed","template":"","meta":{"_acf_changed":false,"_relevanssi_hide_post":"","_relevanssi_hide_content":"","_relevanssi_pin_for_all":"","_relevanssi_pin_keywords":"","_relevanssi_unpin_keywords":"","_relevanssi_related_keywords":"","_relevanssi_related_include_ids":"","_relevanssi_related_exclude_ids":"","_relevanssi_related_no_append":"","_relevanssi_related_not_related":"","_relevanssi_related_posts":"","_relevanssi_noindex_reason":"","footnotes":""},"class_list":["post-3200","page","type-page","status-publish","hentry"],"acf":[],"yoast_head":"<!-- This site is optimized with the Yoast SEO plugin v27.3 - https:\/\/yoast.com\/product\/yoast-seo-wordpress\/ -->\n<title>Animaux sauvages - Gemeinde Lengnau<\/title>\n<meta name=\"robots\" content=\"index, follow, max-snippet:-1, max-image-preview:large, max-video-preview:-1\" \/>\n<link rel=\"canonical\" href=\"https:\/\/www.lengnau.ch\/fr\/themes\/tiere\/wildtiere\/\" \/>\n<meta property=\"og:locale\" content=\"fr_FR\" \/>\n<meta property=\"og:type\" content=\"article\" \/>\n<meta property=\"og:title\" content=\"Animaux sauvages - Gemeinde Lengnau\" \/>\n<meta property=\"og:description\" content=\"Renards Des renards au milieu des zones d&rsquo;habitation &#8211; dans les villages comme dans les grandes villes ! Depuis quelques ann\u00e9es, de plus en plus de rapports font \u00e9tat d&rsquo;observations de renards \u00e0 proximit\u00e9 imm\u00e9diate de l&rsquo;homme. C&rsquo;est \u00e9galement le cas dans la commune de Lengnau BE. Beaucoup se r\u00e9jouissent d&rsquo;observer le renard, un animal [&hellip;]\" \/>\n<meta property=\"og:url\" content=\"https:\/\/www.lengnau.ch\/fr\/themes\/tiere\/wildtiere\/\" \/>\n<meta property=\"og:site_name\" content=\"Gemeinde Lengnau\" \/>\n<meta property=\"article:modified_time\" content=\"2026-04-09T12:27:45+00:00\" \/>\n<meta property=\"og:image\" content=\"https:\/\/www.lengnau.ch\/wp-content\/uploads\/2023\/07\/Asiatische_Hornisse.jpg\" \/>\n\t<meta property=\"og:image:width\" content=\"599\" \/>\n\t<meta property=\"og:image:height\" content=\"392\" \/>\n\t<meta property=\"og:image:type\" content=\"image\/jpeg\" \/>\n<meta name=\"twitter:card\" content=\"summary_large_image\" \/>\n<script type=\"application\/ld+json\" class=\"yoast-schema-graph\">{\"@context\":\"https:\\\/\\\/schema.org\",\"@graph\":[{\"@type\":\"WebPage\",\"@id\":\"https:\\\/\\\/www.lengnau.ch\\\/fr\\\/themes\\\/tiere\\\/wildtiere\\\/\",\"url\":\"https:\\\/\\\/www.lengnau.ch\\\/fr\\\/themes\\\/tiere\\\/wildtiere\\\/\",\"name\":\"Animaux sauvages - Gemeinde Lengnau\",\"isPartOf\":{\"@id\":\"https:\\\/\\\/www.lengnau.ch\\\/#website\"},\"primaryImageOfPage\":{\"@id\":\"https:\\\/\\\/www.lengnau.ch\\\/fr\\\/themes\\\/tiere\\\/wildtiere\\\/#primaryimage\"},\"image\":{\"@id\":\"https:\\\/\\\/www.lengnau.ch\\\/fr\\\/themes\\\/tiere\\\/wildtiere\\\/#primaryimage\"},\"thumbnailUrl\":\"https:\\\/\\\/www.lengnau.ch\\\/wp-content\\\/uploads\\\/2023\\\/07\\\/Asiatische_Hornisse-300x196.jpg\",\"datePublished\":\"2022-02-16T14:42:22+00:00\",\"dateModified\":\"2026-04-09T12:27:45+00:00\",\"breadcrumb\":{\"@id\":\"https:\\\/\\\/www.lengnau.ch\\\/fr\\\/themes\\\/tiere\\\/wildtiere\\\/#breadcrumb\"},\"inLanguage\":\"fr-FR\",\"potentialAction\":[{\"@type\":\"ReadAction\",\"target\":[\"https:\\\/\\\/www.lengnau.ch\\\/fr\\\/themes\\\/tiere\\\/wildtiere\\\/\"]}]},{\"@type\":\"ImageObject\",\"inLanguage\":\"fr-FR\",\"@id\":\"https:\\\/\\\/www.lengnau.ch\\\/fr\\\/themes\\\/tiere\\\/wildtiere\\\/#primaryimage\",\"url\":\"https:\\\/\\\/www.lengnau.ch\\\/wp-content\\\/uploads\\\/2023\\\/07\\\/Asiatische_Hornisse-300x196.jpg\",\"contentUrl\":\"https:\\\/\\\/www.lengnau.ch\\\/wp-content\\\/uploads\\\/2023\\\/07\\\/Asiatische_Hornisse-300x196.jpg\"},{\"@type\":\"BreadcrumbList\",\"@id\":\"https:\\\/\\\/www.lengnau.ch\\\/fr\\\/themes\\\/tiere\\\/wildtiere\\\/#breadcrumb\",\"itemListElement\":[{\"@type\":\"ListItem\",\"position\":1,\"name\":\"Home\",\"item\":\"https:\\\/\\\/www.lengnau.ch\\\/fr\\\/\"},{\"@type\":\"ListItem\",\"position\":2,\"name\":\"Th\u00e8mes\",\"item\":\"https:\\\/\\\/www.lengnau.ch\\\/fr\\\/themes\\\/\"},{\"@type\":\"ListItem\",\"position\":3,\"name\":\"Animaux\",\"item\":\"https:\\\/\\\/www.lengnau.ch\\\/fr\\\/themes\\\/tiere\\\/\"},{\"@type\":\"ListItem\",\"position\":4,\"name\":\"Animaux sauvages\"}]},{\"@type\":\"WebSite\",\"@id\":\"https:\\\/\\\/www.lengnau.ch\\\/#website\",\"url\":\"https:\\\/\\\/www.lengnau.ch\\\/\",\"name\":\"Gemeinde Lengnau\",\"description\":\"\",\"potentialAction\":[{\"@type\":\"SearchAction\",\"target\":{\"@type\":\"EntryPoint\",\"urlTemplate\":\"https:\\\/\\\/www.lengnau.ch\\\/?s={search_term_string}\"},\"query-input\":{\"@type\":\"PropertyValueSpecification\",\"valueRequired\":true,\"valueName\":\"search_term_string\"}}],\"inLanguage\":\"fr-FR\"}]}<\/script>\n<!-- \/ Yoast SEO plugin. -->","yoast_head_json":{"title":"Animaux sauvages - Gemeinde Lengnau","robots":{"index":"index","follow":"follow","max-snippet":"max-snippet:-1","max-image-preview":"max-image-preview:large","max-video-preview":"max-video-preview:-1"},"canonical":"https:\/\/www.lengnau.ch\/fr\/themes\/tiere\/wildtiere\/","og_locale":"fr_FR","og_type":"article","og_title":"Animaux sauvages - Gemeinde Lengnau","og_description":"Renards Des renards au milieu des zones d&rsquo;habitation &#8211; dans les villages comme dans les grandes villes ! Depuis quelques ann\u00e9es, de plus en plus de rapports font \u00e9tat d&rsquo;observations de renards \u00e0 proximit\u00e9 imm\u00e9diate de l&rsquo;homme. C&rsquo;est \u00e9galement le cas dans la commune de Lengnau BE. Beaucoup se r\u00e9jouissent d&rsquo;observer le renard, un animal [&hellip;]","og_url":"https:\/\/www.lengnau.ch\/fr\/themes\/tiere\/wildtiere\/","og_site_name":"Gemeinde Lengnau","article_modified_time":"2026-04-09T12:27:45+00:00","og_image":[{"width":599,"height":392,"url":"https:\/\/www.lengnau.ch\/wp-content\/uploads\/2023\/07\/Asiatische_Hornisse.jpg","type":"image\/jpeg"}],"twitter_card":"summary_large_image","schema":{"@context":"https:\/\/schema.org","@graph":[{"@type":"WebPage","@id":"https:\/\/www.lengnau.ch\/fr\/themes\/tiere\/wildtiere\/","url":"https:\/\/www.lengnau.ch\/fr\/themes\/tiere\/wildtiere\/","name":"Animaux sauvages - Gemeinde Lengnau","isPartOf":{"@id":"https:\/\/www.lengnau.ch\/#website"},"primaryImageOfPage":{"@id":"https:\/\/www.lengnau.ch\/fr\/themes\/tiere\/wildtiere\/#primaryimage"},"image":{"@id":"https:\/\/www.lengnau.ch\/fr\/themes\/tiere\/wildtiere\/#primaryimage"},"thumbnailUrl":"https:\/\/www.lengnau.ch\/wp-content\/uploads\/2023\/07\/Asiatische_Hornisse-300x196.jpg","datePublished":"2022-02-16T14:42:22+00:00","dateModified":"2026-04-09T12:27:45+00:00","breadcrumb":{"@id":"https:\/\/www.lengnau.ch\/fr\/themes\/tiere\/wildtiere\/#breadcrumb"},"inLanguage":"fr-FR","potentialAction":[{"@type":"ReadAction","target":["https:\/\/www.lengnau.ch\/fr\/themes\/tiere\/wildtiere\/"]}]},{"@type":"ImageObject","inLanguage":"fr-FR","@id":"https:\/\/www.lengnau.ch\/fr\/themes\/tiere\/wildtiere\/#primaryimage","url":"https:\/\/www.lengnau.ch\/wp-content\/uploads\/2023\/07\/Asiatische_Hornisse-300x196.jpg","contentUrl":"https:\/\/www.lengnau.ch\/wp-content\/uploads\/2023\/07\/Asiatische_Hornisse-300x196.jpg"},{"@type":"BreadcrumbList","@id":"https:\/\/www.lengnau.ch\/fr\/themes\/tiere\/wildtiere\/#breadcrumb","itemListElement":[{"@type":"ListItem","position":1,"name":"Home","item":"https:\/\/www.lengnau.ch\/fr\/"},{"@type":"ListItem","position":2,"name":"Th\u00e8mes","item":"https:\/\/www.lengnau.ch\/fr\/themes\/"},{"@type":"ListItem","position":3,"name":"Animaux","item":"https:\/\/www.lengnau.ch\/fr\/themes\/tiere\/"},{"@type":"ListItem","position":4,"name":"Animaux sauvages"}]},{"@type":"WebSite","@id":"https:\/\/www.lengnau.ch\/#website","url":"https:\/\/www.lengnau.ch\/","name":"Gemeinde Lengnau","description":"","potentialAction":[{"@type":"SearchAction","target":{"@type":"EntryPoint","urlTemplate":"https:\/\/www.lengnau.ch\/?s={search_term_string}"},"query-input":{"@type":"PropertyValueSpecification","valueRequired":true,"valueName":"search_term_string"}}],"inLanguage":"fr-FR"}]}},"publishpress_future_action":{"enabled":false,"date":"2026-04-20 14:46:32","action":"change-status","newStatus":"draft","terms":[],"taxonomy":"translation_priority","extraData":[]},"publishpress_future_workflow_manual_trigger":{"enabledWorkflows":[]},"_links":{"self":[{"href":"https:\/\/www.lengnau.ch\/fr\/wp-json\/wp\/v2\/pages\/3200","targetHints":{"allow":["GET"]}}],"collection":[{"href":"https:\/\/www.lengnau.ch\/fr\/wp-json\/wp\/v2\/pages"}],"about":[{"href":"https:\/\/www.lengnau.ch\/fr\/wp-json\/wp\/v2\/types\/page"}],"author":[{"embeddable":true,"href":"https:\/\/www.lengnau.ch\/fr\/wp-json\/wp\/v2\/users\/1"}],"replies":[{"embeddable":true,"href":"https:\/\/www.lengnau.ch\/fr\/wp-json\/wp\/v2\/comments?post=3200"}],"version-history":[{"count":10,"href":"https:\/\/www.lengnau.ch\/fr\/wp-json\/wp\/v2\/pages\/3200\/revisions"}],"predecessor-version":[{"id":19458,"href":"https:\/\/www.lengnau.ch\/fr\/wp-json\/wp\/v2\/pages\/3200\/revisions\/19458"}],"up":[{"embeddable":true,"href":"https:\/\/www.lengnau.ch\/fr\/wp-json\/wp\/v2\/pages\/3197"}],"wp:attachment":[{"href":"https:\/\/www.lengnau.ch\/fr\/wp-json\/wp\/v2\/media?parent=3200"}],"curies":[{"name":"wp","href":"https:\/\/api.w.org\/{rel}","templated":true}]}}