{"id":3198,"date":"2022-02-16T15:42:32","date_gmt":"2022-02-16T14:42:32","guid":{"rendered":"https:\/\/lengnau.rettenmund.com\/themen\/tiere\/findeltiere\/"},"modified":"2025-07-08T14:36:19","modified_gmt":"2025-07-08T12:36:19","slug":"findeltiere","status":"publish","type":"page","link":"https:\/\/www.lengnau.ch\/fr\/themes\/tiere\/findeltiere\/","title":{"rendered":"Animaux trouv\u00e9s"},"content":{"rendered":"<h2>Bureau d&rsquo;enregistrement des animaux trouv\u00e9s dans le canton de Berne<\/h2>\n<p>Vous avez trouv\u00e9 un animal ? Ou un animal vous manque-t-il ? Dans ce cas, signalez-le au bureau d&rsquo;enregistrement cantonal des animaux trouv\u00e9s.<\/p>\n<p>Le bureau d&rsquo;annonce des animaux perdus et trouv\u00e9s dans le canton de Berne est g\u00e9r\u00e9 depuis le 1er juillet 2025 par le Centre suisse d&rsquo;appels pour animaux (STMZ &#8211; <a href=\"https:\/\/www.stmz.ch\/de\/\">www.stmz.ch)<\/a>.<\/p>\n<p>Le Centre suisse d&rsquo;appels pour animaux dispose d&rsquo;une centrale t\u00e9l\u00e9phonique ouverte 24h\/24. Vous pouvez signaler les animaux perdus ou trouv\u00e9s comme suit :<\/p>\n<h2>Animal disparu<\/h2>\n<p><a title=\"Schweizerische Tiermeldezentrale STMZ - Vermisste Tiere\" href=\"https:\/\/www.stmz.ch\/de\/was-tun-tier-vermisst\" target=\"_blank\" rel=\"noopener\">www.stmz.ch<\/a> (gratuit) ou t\u00e9l\u00e9phone <strong>0900 357 358<\/strong> (CHF 1.95 la minute)<\/p>\n<h2>Animal trouv\u00e9<\/h2>\n<p><a title=\"Centre suisse d'appels pour animaux STMZ - Animaux trouv\u00e9s\" href=\"https:\/\/www.stmz.ch\/de\/was-tun-tier-gefunden\" target=\"_blank\" rel=\"noopener\">www.stmz.ch<\/a> (gratuit) ou t\u00e9l\u00e9phone <strong>0848 357 358 <\/strong>(tarif local)<\/p>\n<h2>En savoir plus sur le sujet<\/h2>\n<p><a class=\"pdf\" title=\"D\u00e9pliant Centre suisse d'appels pour animaux\" href=\"https:\/\/www.lengnau.ch\/wp-content\/uploads\/2025\/07\/Tier_vermisst.pdf\" target=\"_blank\" rel=\"noopener\">D\u00e9pliant Centre suisse d&rsquo;appels pour animaux<\/a><\/p>\n","protected":false},"excerpt":{"rendered":"<p>Bureau d&rsquo;enregistrement des animaux trouv\u00e9s dans le canton de Berne Vous avez trouv\u00e9 un animal ? Ou un animal vous manque-t-il ? Dans ce cas, signalez-le au bureau d&rsquo;enregistrement cantonal des animaux trouv\u00e9s. Le bureau d&rsquo;annonce des animaux perdus et trouv\u00e9s dans le canton de Berne est g\u00e9r\u00e9 depuis le 1er juillet 2025 par le [&hellip;]<\/p>\n","protected":false},"author":1,"featured_media":0,"parent":3197,"menu_order":34,"comment_status":"closed","ping_status":"closed","template":"","meta":{"_acf_changed":false,"_relevanssi_hide_post":"","_relevanssi_hide_content":"","_relevanssi_pin_for_all":"","_relevanssi_pin_keywords":"","_relevanssi_unpin_keywords":"","_relevanssi_related_keywords":"","_relevanssi_related_include_ids":"","_relevanssi_related_exclude_ids":"","_relevanssi_related_no_append":"","_relevanssi_related_not_related":"","_relevanssi_related_posts":"","_relevanssi_noindex_reason":"","footnotes":""},"class_list":["post-3198","page","type-page","status-publish","hentry"],"acf":[],"yoast_head":"<!-- This site is optimized with the Yoast SEO plugin v27.5 - https:\/\/yoast.com\/product\/yoast-seo-wordpress\/ -->\n<title>Animaux trouv\u00e9s - Gemeinde Lengnau<\/title>\n<meta name=\"robots\" content=\"index, follow, max-snippet:-1, max-image-preview:large, max-video-preview:-1\" \/>\n<link rel=\"canonical\" href=\"https:\/\/www.lengnau.ch\/fr\/themes\/tiere\/findeltiere\/\" \/>\n<meta property=\"og:locale\" content=\"fr_FR\" \/>\n<meta property=\"og:type\" content=\"article\" \/>\n<meta property=\"og:title\" content=\"Animaux trouv\u00e9s - Gemeinde Lengnau\" \/>\n<meta property=\"og:description\" content=\"Bureau d&rsquo;enregistrement des animaux trouv\u00e9s dans le canton de Berne Vous avez trouv\u00e9 un animal ? Ou un animal vous manque-t-il ? Dans ce cas, signalez-le au bureau d&rsquo;enregistrement cantonal des animaux trouv\u00e9s. Le bureau d&rsquo;annonce des animaux perdus et trouv\u00e9s dans le canton de Berne est g\u00e9r\u00e9 depuis le 1er juillet 2025 par le [&hellip;]\" \/>\n<meta property=\"og:url\" content=\"https:\/\/www.lengnau.ch\/fr\/themes\/tiere\/findeltiere\/\" \/>\n<meta property=\"og:site_name\" content=\"Gemeinde Lengnau\" \/>\n<meta property=\"article:modified_time\" content=\"2025-07-08T12:36:19+00:00\" \/>\n<meta name=\"twitter:card\" content=\"summary_large_image\" \/>\n<script type=\"application\/ld+json\" class=\"yoast-schema-graph\">{\"@context\":\"https:\\\/\\\/schema.org\",\"@graph\":[{\"@type\":\"WebPage\",\"@id\":\"https:\\\/\\\/www.lengnau.ch\\\/fr\\\/themes\\\/tiere\\\/findeltiere\\\/\",\"url\":\"https:\\\/\\\/www.lengnau.ch\\\/fr\\\/themes\\\/tiere\\\/findeltiere\\\/\",\"name\":\"Animaux trouv\u00e9s - Gemeinde Lengnau\",\"isPartOf\":{\"@id\":\"https:\\\/\\\/www.lengnau.ch\\\/#website\"},\"datePublished\":\"2022-02-16T14:42:32+00:00\",\"dateModified\":\"2025-07-08T12:36:19+00:00\",\"breadcrumb\":{\"@id\":\"https:\\\/\\\/www.lengnau.ch\\\/fr\\\/themes\\\/tiere\\\/findeltiere\\\/#breadcrumb\"},\"inLanguage\":\"fr-FR\",\"potentialAction\":[{\"@type\":\"ReadAction\",\"target\":[\"https:\\\/\\\/www.lengnau.ch\\\/fr\\\/themes\\\/tiere\\\/findeltiere\\\/\"]}]},{\"@type\":\"BreadcrumbList\",\"@id\":\"https:\\\/\\\/www.lengnau.ch\\\/fr\\\/themes\\\/tiere\\\/findeltiere\\\/#breadcrumb\",\"itemListElement\":[{\"@type\":\"ListItem\",\"position\":1,\"name\":\"Home\",\"item\":\"https:\\\/\\\/www.lengnau.ch\\\/fr\\\/\"},{\"@type\":\"ListItem\",\"position\":2,\"name\":\"Th\u00e8mes\",\"item\":\"https:\\\/\\\/www.lengnau.ch\\\/fr\\\/themes\\\/\"},{\"@type\":\"ListItem\",\"position\":3,\"name\":\"Animaux\",\"item\":\"https:\\\/\\\/www.lengnau.ch\\\/fr\\\/themes\\\/tiere\\\/\"},{\"@type\":\"ListItem\",\"position\":4,\"name\":\"Animaux trouv\u00e9s\"}]},{\"@type\":\"WebSite\",\"@id\":\"https:\\\/\\\/www.lengnau.ch\\\/#website\",\"url\":\"https:\\\/\\\/www.lengnau.ch\\\/\",\"name\":\"Gemeinde Lengnau\",\"description\":\"\",\"potentialAction\":[{\"@type\":\"SearchAction\",\"target\":{\"@type\":\"EntryPoint\",\"urlTemplate\":\"https:\\\/\\\/www.lengnau.ch\\\/?s={search_term_string}\"},\"query-input\":{\"@type\":\"PropertyValueSpecification\",\"valueRequired\":true,\"valueName\":\"search_term_string\"}}],\"inLanguage\":\"fr-FR\"}]}<\/script>\n<!-- \/ Yoast SEO plugin. -->","yoast_head_json":{"title":"Animaux trouv\u00e9s - Gemeinde Lengnau","robots":{"index":"index","follow":"follow","max-snippet":"max-snippet:-1","max-image-preview":"max-image-preview:large","max-video-preview":"max-video-preview:-1"},"canonical":"https:\/\/www.lengnau.ch\/fr\/themes\/tiere\/findeltiere\/","og_locale":"fr_FR","og_type":"article","og_title":"Animaux trouv\u00e9s - Gemeinde Lengnau","og_description":"Bureau d&rsquo;enregistrement des animaux trouv\u00e9s dans le canton de Berne Vous avez trouv\u00e9 un animal ? Ou un animal vous manque-t-il ? Dans ce cas, signalez-le au bureau d&rsquo;enregistrement cantonal des animaux trouv\u00e9s. Le bureau d&rsquo;annonce des animaux perdus et trouv\u00e9s dans le canton de Berne est g\u00e9r\u00e9 depuis le 1er juillet 2025 par le [&hellip;]","og_url":"https:\/\/www.lengnau.ch\/fr\/themes\/tiere\/findeltiere\/","og_site_name":"Gemeinde Lengnau","article_modified_time":"2025-07-08T12:36:19+00:00","twitter_card":"summary_large_image","schema":{"@context":"https:\/\/schema.org","@graph":[{"@type":"WebPage","@id":"https:\/\/www.lengnau.ch\/fr\/themes\/tiere\/findeltiere\/","url":"https:\/\/www.lengnau.ch\/fr\/themes\/tiere\/findeltiere\/","name":"Animaux trouv\u00e9s - Gemeinde Lengnau","isPartOf":{"@id":"https:\/\/www.lengnau.ch\/#website"},"datePublished":"2022-02-16T14:42:32+00:00","dateModified":"2025-07-08T12:36:19+00:00","breadcrumb":{"@id":"https:\/\/www.lengnau.ch\/fr\/themes\/tiere\/findeltiere\/#breadcrumb"},"inLanguage":"fr-FR","potentialAction":[{"@type":"ReadAction","target":["https:\/\/www.lengnau.ch\/fr\/themes\/tiere\/findeltiere\/"]}]},{"@type":"BreadcrumbList","@id":"https:\/\/www.lengnau.ch\/fr\/themes\/tiere\/findeltiere\/#breadcrumb","itemListElement":[{"@type":"ListItem","position":1,"name":"Home","item":"https:\/\/www.lengnau.ch\/fr\/"},{"@type":"ListItem","position":2,"name":"Th\u00e8mes","item":"https:\/\/www.lengnau.ch\/fr\/themes\/"},{"@type":"ListItem","position":3,"name":"Animaux","item":"https:\/\/www.lengnau.ch\/fr\/themes\/tiere\/"},{"@type":"ListItem","position":4,"name":"Animaux trouv\u00e9s"}]},{"@type":"WebSite","@id":"https:\/\/www.lengnau.ch\/#website","url":"https:\/\/www.lengnau.ch\/","name":"Gemeinde Lengnau","description":"","potentialAction":[{"@type":"SearchAction","target":{"@type":"EntryPoint","urlTemplate":"https:\/\/www.lengnau.ch\/?s={search_term_string}"},"query-input":{"@type":"PropertyValueSpecification","valueRequired":true,"valueName":"search_term_string"}}],"inLanguage":"fr-FR"}]}},"publishpress_future_action":{"enabled":false,"date":"2026-05-24 07:35:22","action":"change-status","newStatus":"draft","terms":[],"taxonomy":"translation_priority","extraData":[]},"publishpress_future_workflow_manual_trigger":{"enabledWorkflows":[]},"_links":{"self":[{"href":"https:\/\/www.lengnau.ch\/fr\/wp-json\/wp\/v2\/pages\/3198","targetHints":{"allow":["GET"]}}],"collection":[{"href":"https:\/\/www.lengnau.ch\/fr\/wp-json\/wp\/v2\/pages"}],"about":[{"href":"https:\/\/www.lengnau.ch\/fr\/wp-json\/wp\/v2\/types\/page"}],"author":[{"embeddable":true,"href":"https:\/\/www.lengnau.ch\/fr\/wp-json\/wp\/v2\/users\/1"}],"replies":[{"embeddable":true,"href":"https:\/\/www.lengnau.ch\/fr\/wp-json\/wp\/v2\/comments?post=3198"}],"version-history":[{"count":10,"href":"https:\/\/www.lengnau.ch\/fr\/wp-json\/wp\/v2\/pages\/3198\/revisions"}],"predecessor-version":[{"id":17198,"href":"https:\/\/www.lengnau.ch\/fr\/wp-json\/wp\/v2\/pages\/3198\/revisions\/17198"}],"up":[{"embeddable":true,"href":"https:\/\/www.lengnau.ch\/fr\/wp-json\/wp\/v2\/pages\/3197"}],"wp:attachment":[{"href":"https:\/\/www.lengnau.ch\/fr\/wp-json\/wp\/v2\/media?parent=3198"}],"curies":[{"name":"wp","href":"https:\/\/api.w.org\/{rel}","templated":true}]}}