{"id":3192,"date":"2022-02-16T15:41:28","date_gmt":"2022-02-16T14:41:28","guid":{"rendered":"https:\/\/lengnau.rettenmund.com\/themen\/abfall\/"},"modified":"2023-01-19T13:13:38","modified_gmt":"2023-01-19T12:13:38","slug":"abfall","status":"publish","type":"page","link":"https:\/\/www.lengnau.ch\/fr\/themes\/abfall\/","title":{"rendered":"D\u00e9chets"},"content":{"rendered":"<h2><span style=\"color: #000000;\"><em>Informations actuelles <\/em><\/span><\/h2>\n<h3 class=\"entry-title\">\u00c9limination des sapins de No\u00ebl<\/h3>\n<p>O\u00f9 mettre le sapin de No\u00ebl ? La commune de Lengnau BE offre \u00e0 nouveau gratuitement l&rsquo;\u00e9limination de votre sapin de No\u00ebl.<\/p>\n<table border=\"0\">\n<tbody>\n<tr>\n<td style=\"width: 119px; vertical-align: top;\">Quand<\/td>\n<td style=\"width: 690px;\">Mercredi 04 janvier 2023 \u00e0 partir de 07h00<\/td>\n<\/tr>\n<tr>\n<td style=\"width: 119px;\"><\/td>\n<td style=\"width: 690px;\">Mercredi 18 janvier 2023 \u00e0 partir de 07h00<\/td>\n<\/tr>\n<tr>\n<td style=\"width: 119px; vertical-align: top;\">O\u00f9<\/td>\n<td style=\"width: 690px;\">Aux points de collecte habituels (collecte des d\u00e9chets verts)<\/td>\n<\/tr>\n<tr>\n<td style=\"width: 119px; vertical-align: top;\">Quoi<\/td>\n<td style=\"width: 690px;\"><strong><u>Uniquement<\/u><\/strong> Sapins de No\u00ebl sans fils, d\u00e9corations ou autres (veuillez ne pas les attacher)<\/td>\n<\/tr>\n<tr>\n<td style=\"width: 119px; vertical-align: top;\">Pour toute question :<\/td>\n<td style=\"width: 690px;\">Werkhof der Einwohnergemeinde Lengnau BE, Rolliweg 3, 2543 Lengnau BE \/ T\u00e9l\u00e9phone 032 652 59 20<\/td>\n<\/tr>\n<\/tbody>\n<\/table>\n<p>La commune municipale de Lengnau BE vous souhaite de joyeuses f\u00eates de fin d&rsquo;ann\u00e9e et une bonne ann\u00e9e 2023 ! Restez en bonne sant\u00e9 !<\/p>\n","protected":false},"excerpt":{"rendered":"<p>Informations actuelles \u00c9limination des sapins de No\u00ebl O\u00f9 mettre le sapin de No\u00ebl ? La commune de Lengnau BE offre \u00e0 nouveau gratuitement l&rsquo;\u00e9limination de votre sapin de No\u00ebl. Quand Mercredi 04 janvier 2023 \u00e0 partir de 07h00 Mercredi 18 janvier 2023 \u00e0 partir de 07h00 O\u00f9 Aux points de collecte habituels (collecte des d\u00e9chets [&hellip;]<\/p>\n","protected":false},"author":1,"featured_media":0,"parent":3092,"menu_order":56,"comment_status":"closed","ping_status":"closed","template":"page-kapitel.php","meta":{"_acf_changed":false,"_relevanssi_hide_post":"","_relevanssi_hide_content":"","_relevanssi_pin_for_all":"","_relevanssi_pin_keywords":"","_relevanssi_unpin_keywords":"","_relevanssi_related_keywords":"","_relevanssi_related_include_ids":"","_relevanssi_related_exclude_ids":"","_relevanssi_related_no_append":"","_relevanssi_related_not_related":"","_relevanssi_related_posts":"","_relevanssi_noindex_reason":"","footnotes":""},"class_list":["post-3192","page","type-page","status-publish","hentry"],"acf":[],"yoast_head":"<!-- This site is optimized with the Yoast SEO plugin v27.3 - https:\/\/yoast.com\/product\/yoast-seo-wordpress\/ -->\n<title>D\u00e9chets - Gemeinde Lengnau<\/title>\n<meta name=\"robots\" content=\"index, follow, max-snippet:-1, max-image-preview:large, max-video-preview:-1\" \/>\n<link rel=\"canonical\" href=\"https:\/\/www.lengnau.ch\/fr\/themes\/abfall\/\" \/>\n<meta property=\"og:locale\" content=\"fr_FR\" \/>\n<meta property=\"og:type\" content=\"article\" \/>\n<meta property=\"og:title\" content=\"D\u00e9chets - Gemeinde Lengnau\" \/>\n<meta property=\"og:description\" content=\"Informations actuelles \u00c9limination des sapins de No\u00ebl O\u00f9 mettre le sapin de No\u00ebl ? La commune de Lengnau BE offre \u00e0 nouveau gratuitement l&rsquo;\u00e9limination de votre sapin de No\u00ebl. Quand Mercredi 04 janvier 2023 \u00e0 partir de 07h00 Mercredi 18 janvier 2023 \u00e0 partir de 07h00 O\u00f9 Aux points de collecte habituels (collecte des d\u00e9chets [&hellip;]\" \/>\n<meta property=\"og:url\" content=\"https:\/\/www.lengnau.ch\/fr\/themes\/abfall\/\" \/>\n<meta property=\"og:site_name\" content=\"Gemeinde Lengnau\" \/>\n<meta property=\"article:modified_time\" content=\"2023-01-19T12:13:38+00:00\" \/>\n<meta name=\"twitter:card\" content=\"summary_large_image\" \/>\n<script type=\"application\/ld+json\" class=\"yoast-schema-graph\">{\"@context\":\"https:\\\/\\\/schema.org\",\"@graph\":[{\"@type\":\"WebPage\",\"@id\":\"https:\\\/\\\/www.lengnau.ch\\\/fr\\\/themes\\\/abfall\\\/\",\"url\":\"https:\\\/\\\/www.lengnau.ch\\\/fr\\\/themes\\\/abfall\\\/\",\"name\":\"D\u00e9chets - Gemeinde Lengnau\",\"isPartOf\":{\"@id\":\"https:\\\/\\\/www.lengnau.ch\\\/#website\"},\"datePublished\":\"2022-02-16T14:41:28+00:00\",\"dateModified\":\"2023-01-19T12:13:38+00:00\",\"breadcrumb\":{\"@id\":\"https:\\\/\\\/www.lengnau.ch\\\/fr\\\/themes\\\/abfall\\\/#breadcrumb\"},\"inLanguage\":\"fr-FR\",\"potentialAction\":[{\"@type\":\"ReadAction\",\"target\":[\"https:\\\/\\\/www.lengnau.ch\\\/fr\\\/themes\\\/abfall\\\/\"]}]},{\"@type\":\"BreadcrumbList\",\"@id\":\"https:\\\/\\\/www.lengnau.ch\\\/fr\\\/themes\\\/abfall\\\/#breadcrumb\",\"itemListElement\":[{\"@type\":\"ListItem\",\"position\":1,\"name\":\"Home\",\"item\":\"https:\\\/\\\/www.lengnau.ch\\\/fr\\\/\"},{\"@type\":\"ListItem\",\"position\":2,\"name\":\"Th\u00e8mes\",\"item\":\"https:\\\/\\\/www.lengnau.ch\\\/fr\\\/themes\\\/\"},{\"@type\":\"ListItem\",\"position\":3,\"name\":\"D\u00e9chets\"}]},{\"@type\":\"WebSite\",\"@id\":\"https:\\\/\\\/www.lengnau.ch\\\/#website\",\"url\":\"https:\\\/\\\/www.lengnau.ch\\\/\",\"name\":\"Gemeinde Lengnau\",\"description\":\"\",\"potentialAction\":[{\"@type\":\"SearchAction\",\"target\":{\"@type\":\"EntryPoint\",\"urlTemplate\":\"https:\\\/\\\/www.lengnau.ch\\\/?s={search_term_string}\"},\"query-input\":{\"@type\":\"PropertyValueSpecification\",\"valueRequired\":true,\"valueName\":\"search_term_string\"}}],\"inLanguage\":\"fr-FR\"}]}<\/script>\n<!-- \/ Yoast SEO plugin. -->","yoast_head_json":{"title":"D\u00e9chets - Gemeinde Lengnau","robots":{"index":"index","follow":"follow","max-snippet":"max-snippet:-1","max-image-preview":"max-image-preview:large","max-video-preview":"max-video-preview:-1"},"canonical":"https:\/\/www.lengnau.ch\/fr\/themes\/abfall\/","og_locale":"fr_FR","og_type":"article","og_title":"D\u00e9chets - Gemeinde Lengnau","og_description":"Informations actuelles \u00c9limination des sapins de No\u00ebl O\u00f9 mettre le sapin de No\u00ebl ? La commune de Lengnau BE offre \u00e0 nouveau gratuitement l&rsquo;\u00e9limination de votre sapin de No\u00ebl. Quand Mercredi 04 janvier 2023 \u00e0 partir de 07h00 Mercredi 18 janvier 2023 \u00e0 partir de 07h00 O\u00f9 Aux points de collecte habituels (collecte des d\u00e9chets [&hellip;]","og_url":"https:\/\/www.lengnau.ch\/fr\/themes\/abfall\/","og_site_name":"Gemeinde Lengnau","article_modified_time":"2023-01-19T12:13:38+00:00","twitter_card":"summary_large_image","schema":{"@context":"https:\/\/schema.org","@graph":[{"@type":"WebPage","@id":"https:\/\/www.lengnau.ch\/fr\/themes\/abfall\/","url":"https:\/\/www.lengnau.ch\/fr\/themes\/abfall\/","name":"D\u00e9chets - Gemeinde Lengnau","isPartOf":{"@id":"https:\/\/www.lengnau.ch\/#website"},"datePublished":"2022-02-16T14:41:28+00:00","dateModified":"2023-01-19T12:13:38+00:00","breadcrumb":{"@id":"https:\/\/www.lengnau.ch\/fr\/themes\/abfall\/#breadcrumb"},"inLanguage":"fr-FR","potentialAction":[{"@type":"ReadAction","target":["https:\/\/www.lengnau.ch\/fr\/themes\/abfall\/"]}]},{"@type":"BreadcrumbList","@id":"https:\/\/www.lengnau.ch\/fr\/themes\/abfall\/#breadcrumb","itemListElement":[{"@type":"ListItem","position":1,"name":"Home","item":"https:\/\/www.lengnau.ch\/fr\/"},{"@type":"ListItem","position":2,"name":"Th\u00e8mes","item":"https:\/\/www.lengnau.ch\/fr\/themes\/"},{"@type":"ListItem","position":3,"name":"D\u00e9chets"}]},{"@type":"WebSite","@id":"https:\/\/www.lengnau.ch\/#website","url":"https:\/\/www.lengnau.ch\/","name":"Gemeinde Lengnau","description":"","potentialAction":[{"@type":"SearchAction","target":{"@type":"EntryPoint","urlTemplate":"https:\/\/www.lengnau.ch\/?s={search_term_string}"},"query-input":{"@type":"PropertyValueSpecification","valueRequired":true,"valueName":"search_term_string"}}],"inLanguage":"fr-FR"}]}},"publishpress_future_action":{"enabled":false,"date":"2026-04-25 11:23:30","action":"change-status","newStatus":"draft","terms":[],"taxonomy":"translation_priority","extraData":[]},"publishpress_future_workflow_manual_trigger":{"enabledWorkflows":[]},"_links":{"self":[{"href":"https:\/\/www.lengnau.ch\/fr\/wp-json\/wp\/v2\/pages\/3192","targetHints":{"allow":["GET"]}}],"collection":[{"href":"https:\/\/www.lengnau.ch\/fr\/wp-json\/wp\/v2\/pages"}],"about":[{"href":"https:\/\/www.lengnau.ch\/fr\/wp-json\/wp\/v2\/types\/page"}],"author":[{"embeddable":true,"href":"https:\/\/www.lengnau.ch\/fr\/wp-json\/wp\/v2\/users\/1"}],"replies":[{"embeddable":true,"href":"https:\/\/www.lengnau.ch\/fr\/wp-json\/wp\/v2\/comments?post=3192"}],"version-history":[{"count":3,"href":"https:\/\/www.lengnau.ch\/fr\/wp-json\/wp\/v2\/pages\/3192\/revisions"}],"predecessor-version":[{"id":8826,"href":"https:\/\/www.lengnau.ch\/fr\/wp-json\/wp\/v2\/pages\/3192\/revisions\/8826"}],"up":[{"embeddable":true,"href":"https:\/\/www.lengnau.ch\/fr\/wp-json\/wp\/v2\/pages\/3092"}],"wp:attachment":[{"href":"https:\/\/www.lengnau.ch\/fr\/wp-json\/wp\/v2\/media?parent=3192"}],"curies":[{"name":"wp","href":"https:\/\/api.w.org\/{rel}","templated":true}]}}