{"id":3190,"date":"2022-02-16T15:41:02","date_gmt":"2022-02-16T14:41:02","guid":{"rendered":"https:\/\/lengnau.rettenmund.com\/themen\/energie-wasser\/wasserversorgung\/"},"modified":"2026-03-12T11:11:55","modified_gmt":"2026-03-12T10:11:55","slug":"wasserversorgung","status":"publish","type":"page","link":"https:\/\/www.lengnau.ch\/fr\/themes\/energie-wasser\/wasserversorgung\/","title":{"rendered":"Approvisionnement en eau"},"content":{"rendered":"<p>Nous entretenons les canalisations et contr\u00f4lons r\u00e9guli\u00e8rement la qualit\u00e9 de l&rsquo;eau. Nous garantissons ainsi la qualit\u00e9, l&rsquo;hygi\u00e8ne et le go\u00fbt de notre eau potable.<\/p>\n<p>Les fontaines et bouches d&rsquo;incendie publiques sont \u00e9galement aliment\u00e9es par nos soins, car les pompiers ont besoin d&rsquo;un r\u00e9seau de bouches d&rsquo;incendie performant et fiable et d&rsquo;une quantit\u00e9 d&rsquo;eau d&rsquo;extinction toujours suffisante.<\/p>\n<p><strong>Contact \/ Question<br \/>\n<\/strong>Commune municipale de Lengnau BE<br \/>\nD\u00e9partement de l&rsquo;exploitation et du g\u00e9nie civil<br \/>\nBrunnenplatz 2<br \/>\n2543 Lengnau BE<\/p>\n<p>T\u00e9l\u00e9phone 032 654 71 04<br \/>\nT\u00e9l\u00e9phone 032 654 71 70 (en cas de panne en dehors des <a title=\"Heures d'ouverture\" href=\"https:\/\/www.lengnau.ch\/fr\/verwaltung-politik-2\/gemeindeverwaltung\/departement-de-lexploitation-et-du-genie-civil\/\">heures d&rsquo;ouverture<\/a>)<br \/>\n<a href=\"mailto:be***************@*****au.ch\" data-original-string=\"s4S3E4C5iEYlJ4TmJiebKw==a0eAXfsuILOFNMSsICNgExP+K01ZlybaM\/hvmyQn7tIt9c=\" title=\"This contact has been encoded by Anti-Spam by CleanTalk. Click to decode. To finish the decoding make sure that JavaScript is enabled in your browser.\">Courrier \u00e9lectronique<\/a><\/p>\n<p><a href=\"https:\/\/www.lengnau.ch\/wp-content\/uploads\/2022\/06\/Anleitung_ablesen_des_Wasserzaehlers.pdf\" target=\"_blank\" rel=\"noopener\">Anleitung zur Ablesung von Wasserz\u00e4hlern<\/a><\/p>\n<p>Sous \u00ab\u00a0En savoir plus\u00a0\u00bb, vous trouverez le r\u00e8glement correspondant, l&rsquo;ordonnance et des liens importants.<\/p>\n<h2>Wassertarif<\/h2>\n<p>In der Einwohnergemeinde Lengnau BE wird der Hauswasserbezug mit installierten Wasserz\u00e4hlern gemessen.<\/p>\n<h3>Grundgeb\u00fchr<\/h3>\n<p>Die j\u00e4hrliche Grundgeb\u00fchr (exkl. MwSt.) f\u00fcr den installierten Wasserz\u00e4hler richtet sich nach dessen Nennweite.<\/p>\n<h3>Verbrauchsgeb\u00fchr<\/h3>\n<p>Les frais de consommation ordinaire s&rsquo;\u00e9l\u00e8vent \u00e0 1,20 CHF (hors TVA) par m\u00b3 d&rsquo;eau douce pr\u00e9lev\u00e9. Weitere Informationen und die Verbrauchsgeb\u00fchr f\u00fcr Bauwasser und andere vor\u00fcbergehende Wasserbez\u00fcge finden Sie im <a href=\"https:\/\/www.lengnau.ch\/wp-content\/uploads\/2024\/04\/W1.C_Wassertarif_ab_01_01_2024_Internet.pdf\" target=\"_blank\" rel=\"noopener\">Wassertarif.<\/a><\/p>\n<h2>Trinkwasserqualit\u00e4t \/ Wasserh\u00e4rte<\/h2>\n<h3>Trinkwasserqualit\u00e4t<\/h3>\n<p>Die Quellen Grabenbach und Lochbach befinden sich oberhalb von Lengnau BE. Das Trinkwasser der Quellen ist von einwandfreier und ausgesprochen guter Qualit\u00e4t. La <a href=\"https:\/\/www.lengnau.ch\/wp-content\/uploads\/2026\/03\/14_Qualitaet_Trinkwassers_Lengnau_Maerz_2026.pdf\" target=\"_blank\" rel=\"noopener\">fiche d&rsquo;information \u00ab\u00a0Qualit\u00e9 de l&rsquo;eau potable \u00e0 Lengnau (\u00e9tat : mars 2026)\u00a0\u00bb<\/a> vous permet de conna\u00eetre, entre autres, l&rsquo;origine de notre eau, son \u00e9valuation hygi\u00e9nique et chimique ainsi que sa duret\u00e9.<\/p>\n<p>Le dernier rapport d&rsquo;analyse pour l&rsquo;eau potable du Laboratoire cantonal de Berne peut \u00eatre consult\u00e9 ici :<\/p>\n<h3>Duret\u00e9 de l&rsquo;eau<\/h3>\n<p>In Lengnau BE verf\u00fcgen wir \u00fcber sehr hartes Wasser. La duret\u00e9 de l&rsquo;eau en fran\u00e7ais se situe entre 25 et 30\u00b0 fH.<\/p>\n<p>Die Skala der franz\u00f6sischen H\u00e4rtegrade ist wie folgt:<br \/>\n0 &#8211; 15 doux<br \/>\n15 &#8211; 25 moyennement dur<br \/>\n\u00fcber 25 hart<\/p>\n<h2>N\u00fctzliche Tipps<\/h2>\n<h3>Wie geht man nach einer Wasserabstellung vor?<\/h3>\n<p>Nach einer Wasserabstellung, bedingt z.B. durch Rohrbruch, kommt das Wasser nur stossweise aus dem Hahn. Es spritzt und kann noch Sand- oder Rostpartikel aufweisen.<\/p>\n<h3>Was tun w\u00e4hrend des Unterbruches?<\/h3>\n<p>Alle Wasserh\u00e4hne geschlossen halten!<br \/>\nWarmwasserapparate nicht ben\u00fctzen!<br \/>\nToilette nicht sp\u00fclen!<\/p>\n<h3>Was tun nach Beendigung der Abstellung?<\/h3>\n<p>Im Keller, Leitungen sp\u00fclen bis kein Rostwasser mehr kommt.<br \/>\nAlle Wasserh\u00e4hne vorsichtig \u00f6ffnen, um Luft aus dem System austreten zu lassen.<\/p>\n<p>F\u00fcr Unf\u00e4lle und Sch\u00e4den, die aus Missachtung dieser Mitteilung entstehen, kann keine Haftung \u00fcbernommen werden. Nous vous prions d&rsquo;en prendre note et vous remercions de votre compr\u00e9hension.<\/p>\n<p>Wir bitten Sie, jedoch um Nachsicht, wenn eine Wasserabstellung ohne Ank\u00fcndigung erfolgt. Der Grund daf\u00fcr ist, dass Rohrbr\u00fcche immer \u00fcberraschend geschehen und somit nicht voraussehbar bzw. vorangek\u00fcndigt werden k\u00f6nnen.<\/p>\n<p>Indessen melden wir Ihnen Wasserabstellungen im Zusammenhang mit Leitungsbauarbeiten immer zum Voraus.<\/p>\n<h2>Traitement des eaux us\u00e9es<\/h2>\n<p>Die Einwohnergemeinde Lengnau BE organisiert und \u00fcberwacht auf dem gesamten Gemeindegebiet die Entsorgung der Abwasser. Sie projektiert, erstellt, betreibt, unterh\u00e4lt und erneuert die \u00f6ffentlichen Abwasseranlagen.<\/p>\n<h3>Anschlusspflicht<\/h3>\n<p>Die Anschlusspflicht f\u00fcr Bauten und Anlagen richtet sich nach den Vorschriften der eidgen\u00f6ssischen und kantonalen Gew\u00e4sserschutzgesetzgebung.<\/p>\n<h3>Finanzierung<\/h3>\n<p>Die Einwohnergemeinde Lengnau BE finanziert die \u00f6ffentliche Abwasserentsorgung mit:<\/p>\n<ul>\n<li>Einmaligen Geb\u00fchren (Anschlussgeb\u00fchren)<\/li>\n<li>Wiederkehrenden Geb\u00fchren (Grund- und Verbrauchsgeb\u00fchren)<\/li>\n<li>Beitr\u00e4gen des Bundes und des Kantons gem\u00e4ss besonderer Gesetzgebung<\/li>\n<li>Grundeigent\u00fcmerbeitr\u00e4gen (Art. 111, Abs. 1b <a title=\"Baugesetz\" href=\"https:\/\/www.belex.sites.be.ch\/app\/de\/texts_of_law\/721.0\/versions\/2820\" target=\"_blank\" rel=\"noopener\">Baugesetz<\/a>)<\/li>\n<li>Verwaltungs- und Kontrollgeb\u00fchren<\/li>\n<\/ul>\n<p>Sous \u00ab\u00a0En savoir plus\u00a0\u00bb, vous trouverez le r\u00e8glement correspondant.<\/p>\n<h2>En savoir plus sur le sujet<\/h2>\n<p><a href=\"https:\/\/www.lengnau.ch\/wp-content\/uploads\/2022\/06\/Wasserversorgungsreglement_ab_01_01_2019.pdf\" target=\"_blank\" rel=\"noopener\">Wasserversorgungsreglement ab 01.01.2019<\/a><br \/>\n<a href=\"https:\/\/www.lengnau.ch\/wp-content\/uploads\/2024\/04\/W1.C_Wassertarif_ab_01_01_2024_Internet.pdf\" target=\"_blank\" rel=\"noopener\">Tarif de l&rsquo;eau \u00e0 partir du 16.01.2024<\/a><br \/>\n<a title=\"Trinkwasser - das umweltfreundlichste Lebensmittel\" href=\"https:\/\/www.svgw.ch\/de\/wasser\/kommunikationstools\/trinkwasser\/\" target=\"_blank\" rel=\"noopener\">L&rsquo;eau potable &#8211; l&rsquo;aliment le plus \u00e9cologique<\/a><br \/>\n<a title=\"Abwasserentsorgungsreglement inkl. Geb\u00fchrenreglement\" href=\"https:\/\/www.lengnau.ch\/wp-content\/uploads\/2022\/06\/Abwasserentsorgungsreglement-inkl.-Gebuehrenregl.pdf\" target=\"_blank\" rel=\"noopener\">R\u00e8glement d&rsquo;\u00e9vacuation des eaux us\u00e9es, y compris R\u00e8glement sur les taxes<\/a><\/p>\n","protected":false},"excerpt":{"rendered":"<p>Nous entretenons les canalisations et contr\u00f4lons r\u00e9guli\u00e8rement la qualit\u00e9 de l&rsquo;eau. Nous garantissons ainsi la qualit\u00e9, l&rsquo;hygi\u00e8ne et le go\u00fbt de notre eau potable. Les fontaines et bouches d&rsquo;incendie publiques sont \u00e9galement aliment\u00e9es par nos soins, car les pompiers ont besoin d&rsquo;un r\u00e9seau de bouches d&rsquo;incendie performant et fiable et d&rsquo;une quantit\u00e9 d&rsquo;eau d&rsquo;extinction toujours [&hellip;]<\/p>\n","protected":false},"author":1,"featured_media":0,"parent":3179,"menu_order":26,"comment_status":"closed","ping_status":"closed","template":"","meta":{"_acf_changed":false,"_relevanssi_hide_post":"","_relevanssi_hide_content":"","_relevanssi_pin_for_all":"","_relevanssi_pin_keywords":"","_relevanssi_unpin_keywords":"","_relevanssi_related_keywords":"","_relevanssi_related_include_ids":"","_relevanssi_related_exclude_ids":"","_relevanssi_related_no_append":"","_relevanssi_related_not_related":"","_relevanssi_related_posts":"","_relevanssi_noindex_reason":"","footnotes":""},"class_list":["post-3190","page","type-page","status-publish","hentry"],"acf":[],"yoast_head":"<!-- This site is optimized with the Yoast SEO plugin v27.3 - https:\/\/yoast.com\/product\/yoast-seo-wordpress\/ -->\n<title>Approvisionnement en eau - Gemeinde Lengnau<\/title>\n<meta name=\"robots\" content=\"index, follow, max-snippet:-1, max-image-preview:large, max-video-preview:-1\" \/>\n<link rel=\"canonical\" href=\"https:\/\/www.lengnau.ch\/fr\/themes\/energie-wasser\/wasserversorgung\/\" \/>\n<meta property=\"og:locale\" content=\"fr_FR\" \/>\n<meta property=\"og:type\" content=\"article\" \/>\n<meta property=\"og:title\" content=\"Approvisionnement en eau - Gemeinde Lengnau\" \/>\n<meta property=\"og:description\" content=\"Nous entretenons les canalisations et contr\u00f4lons r\u00e9guli\u00e8rement la qualit\u00e9 de l&rsquo;eau. Nous garantissons ainsi la qualit\u00e9, l&rsquo;hygi\u00e8ne et le go\u00fbt de notre eau potable. Les fontaines et bouches d&rsquo;incendie publiques sont \u00e9galement aliment\u00e9es par nos soins, car les pompiers ont besoin d&rsquo;un r\u00e9seau de bouches d&rsquo;incendie performant et fiable et d&rsquo;une quantit\u00e9 d&rsquo;eau d&rsquo;extinction toujours [&hellip;]\" \/>\n<meta property=\"og:url\" content=\"https:\/\/www.lengnau.ch\/fr\/themes\/energie-wasser\/wasserversorgung\/\" \/>\n<meta property=\"og:site_name\" content=\"Gemeinde Lengnau\" \/>\n<meta property=\"article:modified_time\" content=\"2026-03-12T10:11:55+00:00\" \/>\n<meta name=\"twitter:card\" content=\"summary_large_image\" \/>\n<script type=\"application\/ld+json\" class=\"yoast-schema-graph\">{\"@context\":\"https:\\\/\\\/schema.org\",\"@graph\":[{\"@type\":\"WebPage\",\"@id\":\"https:\\\/\\\/www.lengnau.ch\\\/fr\\\/themes\\\/energie-wasser\\\/wasserversorgung\\\/\",\"url\":\"https:\\\/\\\/www.lengnau.ch\\\/fr\\\/themes\\\/energie-wasser\\\/wasserversorgung\\\/\",\"name\":\"Approvisionnement en eau - Gemeinde Lengnau\",\"isPartOf\":{\"@id\":\"https:\\\/\\\/www.lengnau.ch\\\/#website\"},\"datePublished\":\"2022-02-16T14:41:02+00:00\",\"dateModified\":\"2026-03-12T10:11:55+00:00\",\"breadcrumb\":{\"@id\":\"https:\\\/\\\/www.lengnau.ch\\\/fr\\\/themes\\\/energie-wasser\\\/wasserversorgung\\\/#breadcrumb\"},\"inLanguage\":\"fr-FR\",\"potentialAction\":[{\"@type\":\"ReadAction\",\"target\":[\"https:\\\/\\\/www.lengnau.ch\\\/fr\\\/themes\\\/energie-wasser\\\/wasserversorgung\\\/\"]}]},{\"@type\":\"BreadcrumbList\",\"@id\":\"https:\\\/\\\/www.lengnau.ch\\\/fr\\\/themes\\\/energie-wasser\\\/wasserversorgung\\\/#breadcrumb\",\"itemListElement\":[{\"@type\":\"ListItem\",\"position\":1,\"name\":\"Home\",\"item\":\"https:\\\/\\\/www.lengnau.ch\\\/fr\\\/\"},{\"@type\":\"ListItem\",\"position\":2,\"name\":\"Th\u00e8mes\",\"item\":\"https:\\\/\\\/www.lengnau.ch\\\/fr\\\/themes\\\/\"},{\"@type\":\"ListItem\",\"position\":3,\"name\":\"\u00c9nergie et eau\",\"item\":\"https:\\\/\\\/www.lengnau.ch\\\/fr\\\/themes\\\/energie-wasser\\\/\"},{\"@type\":\"ListItem\",\"position\":4,\"name\":\"Approvisionnement en eau\"}]},{\"@type\":\"WebSite\",\"@id\":\"https:\\\/\\\/www.lengnau.ch\\\/#website\",\"url\":\"https:\\\/\\\/www.lengnau.ch\\\/\",\"name\":\"Gemeinde Lengnau\",\"description\":\"\",\"potentialAction\":[{\"@type\":\"SearchAction\",\"target\":{\"@type\":\"EntryPoint\",\"urlTemplate\":\"https:\\\/\\\/www.lengnau.ch\\\/?s={search_term_string}\"},\"query-input\":{\"@type\":\"PropertyValueSpecification\",\"valueRequired\":true,\"valueName\":\"search_term_string\"}}],\"inLanguage\":\"fr-FR\"}]}<\/script>\n<!-- \/ Yoast SEO plugin. -->","yoast_head_json":{"title":"Approvisionnement en eau - Gemeinde Lengnau","robots":{"index":"index","follow":"follow","max-snippet":"max-snippet:-1","max-image-preview":"max-image-preview:large","max-video-preview":"max-video-preview:-1"},"canonical":"https:\/\/www.lengnau.ch\/fr\/themes\/energie-wasser\/wasserversorgung\/","og_locale":"fr_FR","og_type":"article","og_title":"Approvisionnement en eau - Gemeinde Lengnau","og_description":"Nous entretenons les canalisations et contr\u00f4lons r\u00e9guli\u00e8rement la qualit\u00e9 de l&rsquo;eau. Nous garantissons ainsi la qualit\u00e9, l&rsquo;hygi\u00e8ne et le go\u00fbt de notre eau potable. Les fontaines et bouches d&rsquo;incendie publiques sont \u00e9galement aliment\u00e9es par nos soins, car les pompiers ont besoin d&rsquo;un r\u00e9seau de bouches d&rsquo;incendie performant et fiable et d&rsquo;une quantit\u00e9 d&rsquo;eau d&rsquo;extinction toujours [&hellip;]","og_url":"https:\/\/www.lengnau.ch\/fr\/themes\/energie-wasser\/wasserversorgung\/","og_site_name":"Gemeinde Lengnau","article_modified_time":"2026-03-12T10:11:55+00:00","twitter_card":"summary_large_image","schema":{"@context":"https:\/\/schema.org","@graph":[{"@type":"WebPage","@id":"https:\/\/www.lengnau.ch\/fr\/themes\/energie-wasser\/wasserversorgung\/","url":"https:\/\/www.lengnau.ch\/fr\/themes\/energie-wasser\/wasserversorgung\/","name":"Approvisionnement en eau - Gemeinde Lengnau","isPartOf":{"@id":"https:\/\/www.lengnau.ch\/#website"},"datePublished":"2022-02-16T14:41:02+00:00","dateModified":"2026-03-12T10:11:55+00:00","breadcrumb":{"@id":"https:\/\/www.lengnau.ch\/fr\/themes\/energie-wasser\/wasserversorgung\/#breadcrumb"},"inLanguage":"fr-FR","potentialAction":[{"@type":"ReadAction","target":["https:\/\/www.lengnau.ch\/fr\/themes\/energie-wasser\/wasserversorgung\/"]}]},{"@type":"BreadcrumbList","@id":"https:\/\/www.lengnau.ch\/fr\/themes\/energie-wasser\/wasserversorgung\/#breadcrumb","itemListElement":[{"@type":"ListItem","position":1,"name":"Home","item":"https:\/\/www.lengnau.ch\/fr\/"},{"@type":"ListItem","position":2,"name":"Th\u00e8mes","item":"https:\/\/www.lengnau.ch\/fr\/themes\/"},{"@type":"ListItem","position":3,"name":"\u00c9nergie et eau","item":"https:\/\/www.lengnau.ch\/fr\/themes\/energie-wasser\/"},{"@type":"ListItem","position":4,"name":"Approvisionnement en eau"}]},{"@type":"WebSite","@id":"https:\/\/www.lengnau.ch\/#website","url":"https:\/\/www.lengnau.ch\/","name":"Gemeinde Lengnau","description":"","potentialAction":[{"@type":"SearchAction","target":{"@type":"EntryPoint","urlTemplate":"https:\/\/www.lengnau.ch\/?s={search_term_string}"},"query-input":{"@type":"PropertyValueSpecification","valueRequired":true,"valueName":"search_term_string"}}],"inLanguage":"fr-FR"}]}},"publishpress_future_action":{"enabled":false,"date":"2026-04-20 16:15:10","action":"change-status","newStatus":"draft","terms":[],"taxonomy":"translation_priority","extraData":[]},"publishpress_future_workflow_manual_trigger":{"enabledWorkflows":[]},"_links":{"self":[{"href":"https:\/\/www.lengnau.ch\/fr\/wp-json\/wp\/v2\/pages\/3190","targetHints":{"allow":["GET"]}}],"collection":[{"href":"https:\/\/www.lengnau.ch\/fr\/wp-json\/wp\/v2\/pages"}],"about":[{"href":"https:\/\/www.lengnau.ch\/fr\/wp-json\/wp\/v2\/types\/page"}],"author":[{"embeddable":true,"href":"https:\/\/www.lengnau.ch\/fr\/wp-json\/wp\/v2\/users\/1"}],"replies":[{"embeddable":true,"href":"https:\/\/www.lengnau.ch\/fr\/wp-json\/wp\/v2\/comments?post=3190"}],"version-history":[{"count":10,"href":"https:\/\/www.lengnau.ch\/fr\/wp-json\/wp\/v2\/pages\/3190\/revisions"}],"predecessor-version":[{"id":19186,"href":"https:\/\/www.lengnau.ch\/fr\/wp-json\/wp\/v2\/pages\/3190\/revisions\/19186"}],"up":[{"embeddable":true,"href":"https:\/\/www.lengnau.ch\/fr\/wp-json\/wp\/v2\/pages\/3179"}],"wp:attachment":[{"href":"https:\/\/www.lengnau.ch\/fr\/wp-json\/wp\/v2\/media?parent=3190"}],"curies":[{"name":"wp","href":"https:\/\/api.w.org\/{rel}","templated":true}]}}