{"id":3189,"date":"2022-02-16T15:40:45","date_gmt":"2022-02-16T14:40:45","guid":{"rendered":"https:\/\/lengnau.rettenmund.com\/themen\/energie-wasser\/nachhaltige-energie\/"},"modified":"2024-09-06T11:17:37","modified_gmt":"2024-09-06T09:17:37","slug":"nachhaltige-energie","status":"publish","type":"page","link":"https:\/\/www.lengnau.ch\/fr\/themes\/energie-wasser\/nachhaltige-energie\/","title":{"rendered":"\u00c9nergie durable"},"content":{"rendered":"<h2>Cit\u00e9 de l&rsquo;\u00e9nergie Lengnau BE<\/h2>\n<p>  La municipalit\u00e9 de Lengnau BE s&rsquo;est engag\u00e9e \u00e0 consommer moins d&rsquo;\u00e9nergie chaque ann\u00e9e dans les b\u00e2timents et installations appartenant \u00e0 la municipalit\u00e9. Entre autres, la commune a d\u00e9j\u00e0 mis en service quatre installations photovolta\u00efques. La bourgeoisie et la commune de Lengnau exploitent depuis 2020 une centrale de chauffage \u00e0 distance dans la zone industrielle de Lengnaumoos. Le combustible utilis\u00e9 est principalement des copeaux de bois provenant de la for\u00eat locale. Les rejets thermiques des entreprises industrielles situ\u00e9es \u00e0 proximit\u00e9 permettent de couvrir les besoins en eau chaude de la commune en \u00e9t\u00e9. Depuis la mise en service de la centrale, le nombre de foyers et d&rsquo;entreprises raccord\u00e9s ne cesse d&rsquo;augmenter. Vous \u00eates int\u00e9ress\u00e9 par un raccordement \u00e0 la centrale de chauffage urbain ? <a href=\"https:\/\/waermelengnau.ch\/\" target=\"_blank\" rel=\"noopener\">W\u00e4rme Lengnau<\/a> se fera un plaisir de vous informer sur les possibilit\u00e9s.<\/p>\n","protected":false},"excerpt":{"rendered":"<p>Cit\u00e9 de l&rsquo;\u00e9nergie Lengnau BE La municipalit\u00e9 de Lengnau BE s&rsquo;est engag\u00e9e \u00e0 consommer moins d&rsquo;\u00e9nergie chaque ann\u00e9e dans les b\u00e2timents et installations appartenant \u00e0 la municipalit\u00e9. Entre autres, la commune a d\u00e9j\u00e0 mis en service quatre installations photovolta\u00efques. La bourgeoisie et la commune de Lengnau exploitent depuis 2020 une centrale de chauffage \u00e0 distance [&hellip;]<\/p>\n","protected":false},"author":1,"featured_media":0,"parent":3179,"menu_order":4,"comment_status":"closed","ping_status":"closed","template":"","meta":{"_acf_changed":false,"_relevanssi_hide_post":"","_relevanssi_hide_content":"","_relevanssi_pin_for_all":"","_relevanssi_pin_keywords":"","_relevanssi_unpin_keywords":"","_relevanssi_related_keywords":"","_relevanssi_related_include_ids":"","_relevanssi_related_exclude_ids":"","_relevanssi_related_no_append":"","_relevanssi_related_not_related":"","_relevanssi_related_posts":"","_relevanssi_noindex_reason":"","footnotes":""},"class_list":["post-3189","page","type-page","status-publish","hentry"],"acf":[],"yoast_head":"<!-- This site is optimized with the Yoast SEO plugin v27.4 - https:\/\/yoast.com\/product\/yoast-seo-wordpress\/ -->\n<title>\u00c9nergie durable - Gemeinde Lengnau<\/title>\n<meta name=\"robots\" content=\"index, follow, max-snippet:-1, max-image-preview:large, max-video-preview:-1\" \/>\n<link rel=\"canonical\" href=\"https:\/\/www.lengnau.ch\/fr\/themes\/energie-wasser\/nachhaltige-energie\/\" \/>\n<meta property=\"og:locale\" content=\"fr_FR\" \/>\n<meta property=\"og:type\" content=\"article\" \/>\n<meta property=\"og:title\" content=\"\u00c9nergie durable - Gemeinde Lengnau\" \/>\n<meta property=\"og:description\" content=\"Cit\u00e9 de l&rsquo;\u00e9nergie Lengnau BE La municipalit\u00e9 de Lengnau BE s&rsquo;est engag\u00e9e \u00e0 consommer moins d&rsquo;\u00e9nergie chaque ann\u00e9e dans les b\u00e2timents et installations appartenant \u00e0 la municipalit\u00e9. Entre autres, la commune a d\u00e9j\u00e0 mis en service quatre installations photovolta\u00efques. La bourgeoisie et la commune de Lengnau exploitent depuis 2020 une centrale de chauffage \u00e0 distance [&hellip;]\" \/>\n<meta property=\"og:url\" content=\"https:\/\/www.lengnau.ch\/fr\/themes\/energie-wasser\/nachhaltige-energie\/\" \/>\n<meta property=\"og:site_name\" content=\"Gemeinde Lengnau\" \/>\n<meta property=\"article:modified_time\" content=\"2024-09-06T09:17:37+00:00\" \/>\n<meta name=\"twitter:card\" content=\"summary_large_image\" \/>\n<script type=\"application\/ld+json\" class=\"yoast-schema-graph\">{\"@context\":\"https:\\\/\\\/schema.org\",\"@graph\":[{\"@type\":\"WebPage\",\"@id\":\"https:\\\/\\\/www.lengnau.ch\\\/fr\\\/themes\\\/energie-wasser\\\/nachhaltige-energie\\\/\",\"url\":\"https:\\\/\\\/www.lengnau.ch\\\/fr\\\/themes\\\/energie-wasser\\\/nachhaltige-energie\\\/\",\"name\":\"\u00c9nergie durable - Gemeinde Lengnau\",\"isPartOf\":{\"@id\":\"https:\\\/\\\/www.lengnau.ch\\\/#website\"},\"datePublished\":\"2022-02-16T14:40:45+00:00\",\"dateModified\":\"2024-09-06T09:17:37+00:00\",\"breadcrumb\":{\"@id\":\"https:\\\/\\\/www.lengnau.ch\\\/fr\\\/themes\\\/energie-wasser\\\/nachhaltige-energie\\\/#breadcrumb\"},\"inLanguage\":\"fr-FR\",\"potentialAction\":[{\"@type\":\"ReadAction\",\"target\":[\"https:\\\/\\\/www.lengnau.ch\\\/fr\\\/themes\\\/energie-wasser\\\/nachhaltige-energie\\\/\"]}]},{\"@type\":\"BreadcrumbList\",\"@id\":\"https:\\\/\\\/www.lengnau.ch\\\/fr\\\/themes\\\/energie-wasser\\\/nachhaltige-energie\\\/#breadcrumb\",\"itemListElement\":[{\"@type\":\"ListItem\",\"position\":1,\"name\":\"Home\",\"item\":\"https:\\\/\\\/www.lengnau.ch\\\/fr\\\/\"},{\"@type\":\"ListItem\",\"position\":2,\"name\":\"Th\u00e8mes\",\"item\":\"https:\\\/\\\/www.lengnau.ch\\\/fr\\\/themes\\\/\"},{\"@type\":\"ListItem\",\"position\":3,\"name\":\"\u00c9nergie et eau\",\"item\":\"https:\\\/\\\/www.lengnau.ch\\\/fr\\\/themes\\\/energie-wasser\\\/\"},{\"@type\":\"ListItem\",\"position\":4,\"name\":\"\u00c9nergie durable\"}]},{\"@type\":\"WebSite\",\"@id\":\"https:\\\/\\\/www.lengnau.ch\\\/#website\",\"url\":\"https:\\\/\\\/www.lengnau.ch\\\/\",\"name\":\"Gemeinde Lengnau\",\"description\":\"\",\"potentialAction\":[{\"@type\":\"SearchAction\",\"target\":{\"@type\":\"EntryPoint\",\"urlTemplate\":\"https:\\\/\\\/www.lengnau.ch\\\/?s={search_term_string}\"},\"query-input\":{\"@type\":\"PropertyValueSpecification\",\"valueRequired\":true,\"valueName\":\"search_term_string\"}}],\"inLanguage\":\"fr-FR\"}]}<\/script>\n<!-- \/ Yoast SEO plugin. -->","yoast_head_json":{"title":"\u00c9nergie durable - Gemeinde Lengnau","robots":{"index":"index","follow":"follow","max-snippet":"max-snippet:-1","max-image-preview":"max-image-preview:large","max-video-preview":"max-video-preview:-1"},"canonical":"https:\/\/www.lengnau.ch\/fr\/themes\/energie-wasser\/nachhaltige-energie\/","og_locale":"fr_FR","og_type":"article","og_title":"\u00c9nergie durable - Gemeinde Lengnau","og_description":"Cit\u00e9 de l&rsquo;\u00e9nergie Lengnau BE La municipalit\u00e9 de Lengnau BE s&rsquo;est engag\u00e9e \u00e0 consommer moins d&rsquo;\u00e9nergie chaque ann\u00e9e dans les b\u00e2timents et installations appartenant \u00e0 la municipalit\u00e9. Entre autres, la commune a d\u00e9j\u00e0 mis en service quatre installations photovolta\u00efques. La bourgeoisie et la commune de Lengnau exploitent depuis 2020 une centrale de chauffage \u00e0 distance [&hellip;]","og_url":"https:\/\/www.lengnau.ch\/fr\/themes\/energie-wasser\/nachhaltige-energie\/","og_site_name":"Gemeinde Lengnau","article_modified_time":"2024-09-06T09:17:37+00:00","twitter_card":"summary_large_image","schema":{"@context":"https:\/\/schema.org","@graph":[{"@type":"WebPage","@id":"https:\/\/www.lengnau.ch\/fr\/themes\/energie-wasser\/nachhaltige-energie\/","url":"https:\/\/www.lengnau.ch\/fr\/themes\/energie-wasser\/nachhaltige-energie\/","name":"\u00c9nergie durable - Gemeinde Lengnau","isPartOf":{"@id":"https:\/\/www.lengnau.ch\/#website"},"datePublished":"2022-02-16T14:40:45+00:00","dateModified":"2024-09-06T09:17:37+00:00","breadcrumb":{"@id":"https:\/\/www.lengnau.ch\/fr\/themes\/energie-wasser\/nachhaltige-energie\/#breadcrumb"},"inLanguage":"fr-FR","potentialAction":[{"@type":"ReadAction","target":["https:\/\/www.lengnau.ch\/fr\/themes\/energie-wasser\/nachhaltige-energie\/"]}]},{"@type":"BreadcrumbList","@id":"https:\/\/www.lengnau.ch\/fr\/themes\/energie-wasser\/nachhaltige-energie\/#breadcrumb","itemListElement":[{"@type":"ListItem","position":1,"name":"Home","item":"https:\/\/www.lengnau.ch\/fr\/"},{"@type":"ListItem","position":2,"name":"Th\u00e8mes","item":"https:\/\/www.lengnau.ch\/fr\/themes\/"},{"@type":"ListItem","position":3,"name":"\u00c9nergie et eau","item":"https:\/\/www.lengnau.ch\/fr\/themes\/energie-wasser\/"},{"@type":"ListItem","position":4,"name":"\u00c9nergie durable"}]},{"@type":"WebSite","@id":"https:\/\/www.lengnau.ch\/#website","url":"https:\/\/www.lengnau.ch\/","name":"Gemeinde Lengnau","description":"","potentialAction":[{"@type":"SearchAction","target":{"@type":"EntryPoint","urlTemplate":"https:\/\/www.lengnau.ch\/?s={search_term_string}"},"query-input":{"@type":"PropertyValueSpecification","valueRequired":true,"valueName":"search_term_string"}}],"inLanguage":"fr-FR"}]}},"publishpress_future_action":{"enabled":false,"date":"2026-05-12 10:20:21","action":"change-status","newStatus":"draft","terms":[],"taxonomy":"translation_priority","extraData":[]},"publishpress_future_workflow_manual_trigger":{"enabledWorkflows":[]},"_links":{"self":[{"href":"https:\/\/www.lengnau.ch\/fr\/wp-json\/wp\/v2\/pages\/3189","targetHints":{"allow":["GET"]}}],"collection":[{"href":"https:\/\/www.lengnau.ch\/fr\/wp-json\/wp\/v2\/pages"}],"about":[{"href":"https:\/\/www.lengnau.ch\/fr\/wp-json\/wp\/v2\/types\/page"}],"author":[{"embeddable":true,"href":"https:\/\/www.lengnau.ch\/fr\/wp-json\/wp\/v2\/users\/1"}],"replies":[{"embeddable":true,"href":"https:\/\/www.lengnau.ch\/fr\/wp-json\/wp\/v2\/comments?post=3189"}],"version-history":[{"count":10,"href":"https:\/\/www.lengnau.ch\/fr\/wp-json\/wp\/v2\/pages\/3189\/revisions"}],"predecessor-version":[{"id":14316,"href":"https:\/\/www.lengnau.ch\/fr\/wp-json\/wp\/v2\/pages\/3189\/revisions\/14316"}],"up":[{"embeddable":true,"href":"https:\/\/www.lengnau.ch\/fr\/wp-json\/wp\/v2\/pages\/3179"}],"wp:attachment":[{"href":"https:\/\/www.lengnau.ch\/fr\/wp-json\/wp\/v2\/media?parent=3189"}],"curies":[{"name":"wp","href":"https:\/\/api.w.org\/{rel}","templated":true}]}}