{"id":3180,"date":"2022-02-16T15:40:54","date_gmt":"2022-02-16T14:40:54","guid":{"rendered":"https:\/\/lengnau.rettenmund.com\/themen\/energie-wasser\/elektrizitaetsversorgung\/"},"modified":"2026-02-20T13:24:39","modified_gmt":"2026-02-20T12:24:39","slug":"elektrizitaetsversorgung","status":"publish","type":"page","link":"https:\/\/www.lengnau.ch\/fr\/themes\/energie-wasser\/elektrizitaetsversorgung\/","title":{"rendered":"Fourniture d&rsquo;\u00e9lectricit\u00e9"},"content":{"rendered":"<p>Nous construisons, exploitons et entretenons le r\u00e9seau de lignes \u00e9lectriques et assurons l&rsquo;\u00e9clairage des rues, places et autres installations publiques. Pour nous, il est important que vous puissiez b\u00e9n\u00e9ficier d&rsquo;une grande s\u00e9curit\u00e9 d&rsquo;approvisionnement \u00e0 des prix mod\u00e9r\u00e9s.<\/p>\n<p>EWV Lengnau BE est synonyme de solutions et de produits judicieux ainsi que d&rsquo;\u00e9lectricit\u00e9 verte certifi\u00e9e.<\/p>\n<h2>Que devez-vous savoir en tant que consommateur d&rsquo;\u00e9lectricit\u00e9 ?<\/h2>\n<p>Depuis 2017, Lengnau dispose de deux produits \u00e9lectriques clairement d\u00e9finis et distincts : Lengnau renouvelable et Lengnau r\u00e9gional.<\/p>\n<p>Tous les consommateurs d&rsquo;\u00e9lectricit\u00e9 sont d\u00e9sormais affect\u00e9s au produit \u00e9lectrique <strong>Lengnau renouvelable<\/strong>.<\/p>\n<p>Les clients de l&rsquo;\u00e9lectricit\u00e9 qui \u00e9taient jusqu&rsquo;\u00e0 pr\u00e9sent abonn\u00e9s \u00e0 un produit naturemade seront attribu\u00e9s au nouveau produit d&rsquo;\u00e9lectricit\u00e9 <strong>Lengnau regional<\/strong>.<\/p>\n<p>Chaque abonn\u00e9 a la possibilit\u00e9, chaque trimestre, de changer de produit \u00e9lectrique en fonction de ses besoins. Pour plus d&rsquo;informations, voir <a title=\"Production d'\u00e9lectricit\u00e9\" href=\"https:\/\/www.lengnau.ch\/fr\/themes\/energie-wasser\/nachhaltige-energie\/\">Production d&rsquo;\u00e9lectricit\u00e9.<\/a><\/p>\n<h2>Regroupement pour l&rsquo;autoconsommation &#8211; ZEV<\/h2>\n<p>Une association pour l&rsquo;autoconsommation (ZEV) est une association contractuelle entre plusieurs parties qui consomment ensemble l&rsquo;\u00e9lectricit\u00e9 solaire qu&rsquo;elles produisent.<\/p>\n<p>Voici comment fonctionne un ZEV :<br \/>\nLe ZEV partage un raccordement au r\u00e9seau public d&rsquo;\u00e9nergie et agit en tant que personne morale vis-\u00e0-vis du fournisseur d&rsquo;\u00e9nergie local. \u00c0 partir de la connexion, soit l&rsquo;\u00e9lectricit\u00e9 solaire exc\u00e9dentaire est inject\u00e9e dans le r\u00e9seau, soit de l&rsquo;\u00e9lectricit\u00e9 suppl\u00e9mentaire est achet\u00e9e si n\u00e9cessaire. Les consommateurs finaux individuels ach\u00e8tent d\u00e9sormais l&rsquo;\u00e9lectricit\u00e9 aupr\u00e8s de ZEV. Celui-ci mesure la consommation d&rsquo;\u00e9lectricit\u00e9 avec ses propres compteurs. Le comptage et la facturation de l&rsquo;\u00e9lectricit\u00e9 consomm\u00e9e par les consommateurs finaux rel\u00e8vent de la responsabilit\u00e9 de ZEV et sont effectu\u00e9s au moyen de compteurs priv\u00e9s.<\/p>\n<p>Conform\u00e9ment aux articles 15 \u00e0 18 de la loi sur l&rsquo;\u00e9nergie, la condition pr\u00e9alable \u00e0 la cr\u00e9ation d&rsquo;un ZEV est, entre autres, le consentement par le biais d&rsquo;une inscription correspondante (contrat) sign\u00e9e par les consommateurs finaux (participer\/ne pas participer).<\/p>\n<p>Pour d\u00e9clarer un ZEV aupr\u00e8s de Energieversorgung Lengnau BE, veuillez utiliser le formulaire suivant : <a href=\"https:\/\/www.lengnau.ch\/wp-content\/uploads\/2024\/07\/Anmeldung-ZEV-Zustimmung-Mieter.pdf\" target=\"_blank\" rel=\"noopener\">Inscription ZEV &#8211; Accord du locataire<\/a><\/p>\n<h2>Syst\u00e8mes photovolta\u00efques Plug &amp; Play &#8211; La petite centrale \u00e9lectrique \u00e0 brancher<\/h2>\n<p>Les syst\u00e8mes photovolta\u00efques Plug &amp; Play sont de petites installations pr\u00eates \u00e0 brancher, compos\u00e9es d&rsquo;un ou deux modules photovolta\u00efques, d&rsquo;un micro-onduleur, d&rsquo;une protection contre les surcharges, d&rsquo;une protection contre les courants de d\u00e9faut et d&rsquo;une fixation. Le point de raccordement \u00e0 l&rsquo;installation domestique est une prise ext\u00e9rieure d\u00e9gag\u00e9e sur le b\u00e2timent. L&rsquo;\u00e9nergie renouvelable produite alimente ainsi directement le circuit \u00e9lectrique du b\u00e2timent.<\/p>\n<p>En Suisse, les syst\u00e8mes photovolta\u00efques Plug &amp; Play doivent \u00eatre conformes aux exigences de l&rsquo;Ordonnance sur les mat\u00e9riels \u00e9lectriques \u00e0 basse tension (OMBT). Si les exigences l\u00e9gales sont remplies, la mise en service de l&rsquo;installation est autoris\u00e9e. Les exigences relatives \u00e0 l&rsquo;alimentation du r\u00e9seau par des installations photovolta\u00efques plug &amp; play sont r\u00e9gies par le d\u00e9cret sur les installations \u00e9lectriques \u00e0 courant fort (d\u00e9cret sur le courant fort).<\/p>\n<p>En ce qui concerne la rentabilit\u00e9, il faut tenir compte du fait qu&rsquo;il n&rsquo;existe pas de subvention f\u00e9d\u00e9rale pour les installations photovolta\u00efques plug &amp; play.<\/p>\n<p><strong>Bon \u00e0 savoir<\/strong><\/p>\n<ul>\n<li>Avant la mise en service, le gestionnaire du r\u00e9seau \u00e9lectrique doit \u00eatre inform\u00e9 par \u00e9crit. Il est toutefois recommand\u00e9 de le contacter avant l&rsquo;achat.<\/li>\n<li>Pour des raisons de s\u00e9curit\u00e9, la puissance de production de l&rsquo;installation ne doit pas d\u00e9passer 600 watts (pour chaque ligne d&rsquo;abonn\u00e9, les installations photovolta\u00efques mobiles pr\u00eates \u00e0 \u00eatre branch\u00e9es peuvent avoir une puissance nominale totale c\u00f4t\u00e9 AC de 600 watts au maximum sur des prises de sortie 230 V libres).<\/li>\n<li>Une d\u00e9claration de conformit\u00e9 est n\u00e9cessaire pour l&rsquo;ensemble du mat\u00e9riel (\u00e0 demander au vendeur).<\/li>\n<li>Le syst\u00e8me PV doit \u00eatre \u00e9quip\u00e9 d&rsquo;un dispositif de protection contre les courants de d\u00e9faut (PRCD) de type B avec un courant de d\u00e9faut assign\u00e9 de 30 mA maximum.<\/li>\n<li>Le syst\u00e8me PV doit \u00eatre \u00e9quip\u00e9 d&rsquo;un c\u00e2ble d&rsquo;alimentation avec une fiche conforme \u00e0 la norme SEV 1011.<\/li>\n<li>L&rsquo;installation photovolta\u00efque doit \u00eatre \u00e9quip\u00e9e d&rsquo;un dispositif de d\u00e9connexion automatique en cas de coupure du r\u00e9seau.<\/li>\n<\/ul>\n<p><strong>Formulaire d&rsquo;inscription pour un syst\u00e8me photovolta\u00efque Plug &amp; Play :<br \/>\n<\/strong><a href=\"https:\/\/www.lengnau.ch\/wp-content\/uploads\/2026\/01\/Meldeformular-Plug-Play.pdf\" target=\"_blank\" rel=\"noopener\">Formulaire de d\u00e9claration Plug &amp; Play<\/a><\/p>\n<p><strong>Directive de l&rsquo;ESTI :<br \/>\n<\/strong><a href=\"https:\/\/www.lengnau.ch\/wp-content\/uploads\/2025\/04\/2014-07_plug-play_d.pdf\" target=\"_blank\" rel=\"noopener\">Directive ESTI sur les installations Plug &amp; Play<\/a><\/p>\n<h3>Contact \/ Questions<\/h3>\n<p>Commune municipale de Lengnau BE<br \/>\nD\u00e9partement de l&rsquo;exploitation et du g\u00e9nie civil<br \/>\nBrunnenplatz 2<br \/>\n2543 Lengnau BE<\/p>\n<p>T\u00e9l\u00e9phone 032 654 71 04<br \/>\nT\u00e9l\u00e9phone 032 654 71 70 (en cas de panne en dehors des <a title=\"Heures d'ouverture\" href=\"https:\/\/www.lengnau.ch\/fr\/verwaltung-politik-2\/gemeindeverwaltung\/departement-de-lexploitation-et-du-genie-civil\/\">heures d&rsquo;ouverture<\/a>)<\/p>\n<p><a href=\"https:\/\/www.lengnau.ch\/wp-content\/uploads\/2025\/07\/Anleitung-Stomzaehler.pdf\" target=\"_blank\" rel=\"noopener\">Instructions pour la lecture des compteurs d&rsquo;\u00e9lectricit\u00e9<\/a><\/p>\n<p>Sous \u00ab\u00a0En savoir plus\u00a0\u00bb, vous trouverez le r\u00e8glement correspondant, les ordonnances et les liens importants.<\/p>\n<h2>Fiches d&rsquo;information sur les installations \u00e9lectriques<\/h2>\n<p><a href=\"https:\/\/www.lengnau.ch\/wp-content\/uploads\/2025\/11\/251113-Faktenblatt-Zaehlersteckklemme-Version-1.pdf\" target=\"_blank\" rel=\"noopener\">Fiche d&rsquo;information sur la borne de connexion du compteur<\/a><br \/>\n<a href=\"https:\/\/www.lengnau.ch\/wp-content\/uploads\/2025\/11\/251113-Faktenblatt-WP-Version-1.pdf\" target=\"_blank\" rel=\"noopener\">Fiche d&rsquo;information sur les pompes \u00e0 chaleur (PAC)<\/a><br \/>\n<a href=\"https:\/\/www.lengnau.ch\/wp-content\/uploads\/2026\/01\/260127-Faktenblatt-BAK-Version-1.1.pdf\" target=\"_blank\" rel=\"noopener\">Fiche d&rsquo;information sur les bo\u00eetes de jonction de chantier (BAK)<\/a><br \/>\n<a href=\"https:\/\/www.lengnau.ch\/wp-content\/uploads\/2026\/01\/260108-Faktenblatt-EEA-Version-1.1.pdf\" target=\"_blank\" rel=\"noopener\">Fiche d&rsquo;information sur les installations de production d&rsquo;\u00e9nergie (EEA)<\/a><br \/>\n<a href=\"https:\/\/www.lengnau.ch\/wp-content\/uploads\/2025\/11\/251113-Faktenblatt-EVSE-Version-1.pdf\" target=\"_blank\" rel=\"noopener\">Fiche d&rsquo;information Electric Vehicle Supply Equipment (EVSE)<\/a><br \/>\n<a href=\"https:\/\/www.lengnau.ch\/wp-content\/uploads\/2026\/02\/Lengnau-Prinzipschema-bis-80A-V1.pdf\" target=\"_blank\" rel=\"noopener\">Sch\u00e9ma de principe de la mesure directe jusqu&rsquo;\u00e0 80A<\/a><\/p>\n<h2>Lampadaire d\u00e9fectueux<\/h2>\n<p>Vous avez d\u00e9couvert un lampadaire d\u00e9fectueux ? Nous vous serions reconnaissants de le signaler en ligne ou par t\u00e9l\u00e9phone au <a href=\"https:\/\/www.lengnau.ch\/fr\/verwaltung-politik-2\/gemeindeverwaltung\/departement-de-lexploitation-et-du-genie-civil\/\">service d&rsquo;exploitation et de g\u00e9nie civil<\/a>.<\/p>\n<p>Les informations suivantes sont importantes pour nous :<\/p>\n<ul>\n<li>Emplacement du lampadaire (\u00e9ventuellement avec le num\u00e9ro du cand\u00e9labre)<\/li>\n<li>Description plus pr\u00e9cise de l&#8217;emplacement, si le lampadaire n&rsquo;est pas situ\u00e9 directement devant une maison<\/li>\n<li>Votre nom et votre num\u00e9ro de t\u00e9l\u00e9phone pour d&rsquo;\u00e9ventuelles questions<\/li>\n<\/ul>\n<p class=\"hasOnlyATag\"><a class=\"next\" title=\"Vers l'inscription en ligne\" href=\"https:\/\/www.lengnau.ch\/fr\/guichet-en-ligne\/formulare\/defekte-strassenlampe\/\" rel=\"noopener\">Vers l&rsquo;inscription en ligne<\/a><\/p>\n<h2>D\u00e9claration de d\u00e9m\u00e9nagement \/ de d\u00e9part<\/h2>\n<p>Vous d\u00e9m\u00e9nagez \u00e0 l&rsquo;int\u00e9rieur de la commune municipale de Lengnau BE ou vous vous installez dans une autre commune ?<\/p>\n<p>Veuillez vous annoncer aupr\u00e8s du <a title=\"D\u00e9partement des finances\" href=\"https:\/\/www.lengnau.ch\/fr\/verwaltung-politik-2\/gemeindeverwaltung\/finanzabteilung\/\">service des finances<\/a> afin qu&rsquo;un collaborateur de la commune municipale de Lengnau BE puisse relever \u00e0 temps votre compteur d&rsquo;\u00e9lectricit\u00e9 et \u00e9ventuellement d&rsquo;eau.<\/p>\n<h2>En savoir plus sur le sujet<\/h2>\n<p><a class=\"pdf\" title=\"R\u00e8glement de l'Approvisionnement en \u00e9nergie Lengnau BE\" href=\"https:\/\/www.lengnau.ch\/wp-content\/uploads\/2022\/06\/Reglement_der_Energieversorgung_Lengnau.pdf\" target=\"_blank\" rel=\"noopener\">R\u00e8glement de l&rsquo;Approvisionnement en \u00e9nergie Lengnau BE<\/a><br \/>\n<a href=\"https:\/\/www.lengnau.ch\/wp-content\/uploads\/2024\/10\/E2.6.1_Gebuehrentarif_Stromprodukte_Energiepreise_2025_Internet.pdf\" target=\"_blank\" rel=\"noopener\">Ordonnance sur le tarif des taxes concernant les produits \u00e9lectriques et les prix de l&rsquo;\u00e9nergie 2025<\/a><br \/>\n<a class=\"pdf\" title=\"Ordonnance sur les dispositions g\u00e9n\u00e9rales d'ex\u00e9cution\" href=\"https:\/\/www.lengnau.ch\/wp-content\/uploads\/2022\/06\/EW-Ausfuehrungsverordnung.pdf\" target=\"_blank\" rel=\"noopener\">Ordonnance sur les dispositions g\u00e9n\u00e9rales d&rsquo;ex\u00e9cution<\/a><br \/>\n<a class=\"next\" title=\"Plateforme solaire de Z\u00e9lande\" href=\"https:\/\/www.solarplattformseeland.ch\/\" target=\"_blank\" rel=\"noopener\">Plateforme solaire de Z\u00e9lande<\/a><br \/>\n<a class=\"next\" title=\"Swissgrid\" href=\"https:\/\/www.swissgrid.ch\/de\/home.html\" target=\"_blank\" rel=\"noopener\">Swissgrid<\/a><br \/>\n<a class=\"next\" title=\"Office f\u00e9d\u00e9ral de l'\u00e9nergie\" href=\"https:\/\/www.bfe.admin.ch\/bfe\/de\/home.html\" target=\"_blank\" rel=\"noopener\">Office f\u00e9d\u00e9ral de l&rsquo;\u00e9nergie<\/a><\/p>\n<p><a class=\"pdflink\" href=\"https:\/\/www.lengnau.ch\/wp-content\/uploads\/2025\/12\/13_News_4_25_energie_wasser_lengnau.pdf\" target=\"_blank\" rel=\"noopener\">News 4\/2025 Information \u00e0 la client\u00e8le d&rsquo;energie wasser lengnau<\/a><br \/>\n<a href=\"https:\/\/www.lengnau.ch\/wp-content\/uploads\/2025\/12\/Web_EWLengnau_News-3-25.pdf\" target=\"_blank\" rel=\"noopener\">News 3\/2025 Information \u00e0 la client\u00e8le d&rsquo;energie wasser lengnau<\/a><br \/>\n<a href=\"https:\/\/www.lengnau.ch\/wp-content\/uploads\/2025\/09\/Web_EWLengnau_News-2-25.pdf\" target=\"_blank\" rel=\"noopener\">News 2\/2025 Information \u00e0 la client\u00e8le d&rsquo;energie wasser lengnau<\/a><br \/>\n<a href=\"https:\/\/www.lengnau.ch\/wp-content\/uploads\/2025\/04\/Web_EWLengnau_News-1-25.pdf\" target=\"_blank\" rel=\"noopener\">News 1\/2025 Information \u00e0 la client\u00e8le d&rsquo;energie wasser lengnau<\/a><\/p>\n<p><a href=\"https:\/\/www.lengnau.ch\/wp-content\/uploads\/2025\/06\/Stromkennzeichnung-2024.pdf\" target=\"_blank\" rel=\"noopener\">Marquage de l&rsquo;\u00e9lectricit\u00e9 en 2024<\/a><br \/>\n<a href=\"https:\/\/www.lengnau.ch\/wp-content\/uploads\/2024\/05\/Lengnau_Vorlage-SKZ-2023_mit-4mm-Beschnitt.pdf\" target=\"_blank\" rel=\"noopener\">Marquage de l&rsquo;\u00e9lectricit\u00e9 en 2023<\/a><br \/>\n<a href=\"https:\/\/www.lengnau.ch\/wp-content\/uploads\/2022\/10\/Energie-nicht-verschwenden-2022-Lengnau.pdf\" target=\"_blank\" rel=\"noopener\">Ne pas gaspiller l&rsquo;\u00e9nergie 2022 Lengnau<\/a><br \/>\n<a href=\"https:\/\/www.lengnau.ch\/wp-content\/uploads\/2022\/08\/Gesamtenergiestatistik-2021-Lengnau.pdf\" target=\"_blank\" rel=\"noopener\">Statistique globale de l&rsquo;\u00e9nergie 2021 Lengnau<\/a><\/p>\n","protected":false},"excerpt":{"rendered":"<p>Nous construisons, exploitons et entretenons le r\u00e9seau de lignes \u00e9lectriques et assurons l&rsquo;\u00e9clairage des rues, places et autres installations publiques. Pour nous, il est important que vous puissiez b\u00e9n\u00e9ficier d&rsquo;une grande s\u00e9curit\u00e9 d&rsquo;approvisionnement \u00e0 des prix mod\u00e9r\u00e9s. EWV Lengnau BE est synonyme de solutions et de produits judicieux ainsi que d&rsquo;\u00e9lectricit\u00e9 verte certifi\u00e9e. Que devez-vous [&hellip;]<\/p>\n","protected":false},"author":1,"featured_media":0,"parent":3179,"menu_order":5,"comment_status":"closed","ping_status":"closed","template":"","meta":{"_acf_changed":false,"_relevanssi_hide_post":"","_relevanssi_hide_content":"","_relevanssi_pin_for_all":"","_relevanssi_pin_keywords":"","_relevanssi_unpin_keywords":"","_relevanssi_related_keywords":"","_relevanssi_related_include_ids":"","_relevanssi_related_exclude_ids":"","_relevanssi_related_no_append":"","_relevanssi_related_not_related":"","_relevanssi_related_posts":"","_relevanssi_noindex_reason":"","footnotes":""},"class_list":["post-3180","page","type-page","status-publish","hentry"],"acf":[],"yoast_head":"<!-- This site is optimized with the Yoast SEO plugin v27.4 - https:\/\/yoast.com\/product\/yoast-seo-wordpress\/ -->\n<title>Fourniture d&#039;\u00e9lectricit\u00e9 - Gemeinde Lengnau<\/title>\n<meta name=\"robots\" content=\"index, follow, max-snippet:-1, max-image-preview:large, max-video-preview:-1\" \/>\n<link rel=\"canonical\" href=\"https:\/\/www.lengnau.ch\/fr\/themes\/energie-wasser\/elektrizitaetsversorgung\/\" \/>\n<meta property=\"og:locale\" content=\"fr_FR\" \/>\n<meta property=\"og:type\" content=\"article\" \/>\n<meta property=\"og:title\" content=\"Fourniture d&#039;\u00e9lectricit\u00e9 - Gemeinde Lengnau\" \/>\n<meta property=\"og:description\" content=\"Nous construisons, exploitons et entretenons le r\u00e9seau de lignes \u00e9lectriques et assurons l&rsquo;\u00e9clairage des rues, places et autres installations publiques. Pour nous, il est important que vous puissiez b\u00e9n\u00e9ficier d&rsquo;une grande s\u00e9curit\u00e9 d&rsquo;approvisionnement \u00e0 des prix mod\u00e9r\u00e9s. EWV Lengnau BE est synonyme de solutions et de produits judicieux ainsi que d&rsquo;\u00e9lectricit\u00e9 verte certifi\u00e9e. Que devez-vous [&hellip;]\" \/>\n<meta property=\"og:url\" content=\"https:\/\/www.lengnau.ch\/fr\/themes\/energie-wasser\/elektrizitaetsversorgung\/\" \/>\n<meta property=\"og:site_name\" content=\"Gemeinde Lengnau\" \/>\n<meta property=\"article:modified_time\" content=\"2026-02-20T12:24:39+00:00\" \/>\n<meta name=\"twitter:card\" content=\"summary_large_image\" \/>\n<script type=\"application\/ld+json\" class=\"yoast-schema-graph\">{\"@context\":\"https:\\\/\\\/schema.org\",\"@graph\":[{\"@type\":\"WebPage\",\"@id\":\"https:\\\/\\\/www.lengnau.ch\\\/fr\\\/themes\\\/energie-wasser\\\/elektrizitaetsversorgung\\\/\",\"url\":\"https:\\\/\\\/www.lengnau.ch\\\/fr\\\/themes\\\/energie-wasser\\\/elektrizitaetsversorgung\\\/\",\"name\":\"Fourniture d'\u00e9lectricit\u00e9 - Gemeinde Lengnau\",\"isPartOf\":{\"@id\":\"https:\\\/\\\/www.lengnau.ch\\\/#website\"},\"datePublished\":\"2022-02-16T14:40:54+00:00\",\"dateModified\":\"2026-02-20T12:24:39+00:00\",\"breadcrumb\":{\"@id\":\"https:\\\/\\\/www.lengnau.ch\\\/fr\\\/themes\\\/energie-wasser\\\/elektrizitaetsversorgung\\\/#breadcrumb\"},\"inLanguage\":\"fr-FR\",\"potentialAction\":[{\"@type\":\"ReadAction\",\"target\":[\"https:\\\/\\\/www.lengnau.ch\\\/fr\\\/themes\\\/energie-wasser\\\/elektrizitaetsversorgung\\\/\"]}]},{\"@type\":\"BreadcrumbList\",\"@id\":\"https:\\\/\\\/www.lengnau.ch\\\/fr\\\/themes\\\/energie-wasser\\\/elektrizitaetsversorgung\\\/#breadcrumb\",\"itemListElement\":[{\"@type\":\"ListItem\",\"position\":1,\"name\":\"Home\",\"item\":\"https:\\\/\\\/www.lengnau.ch\\\/fr\\\/\"},{\"@type\":\"ListItem\",\"position\":2,\"name\":\"Th\u00e8mes\",\"item\":\"https:\\\/\\\/www.lengnau.ch\\\/fr\\\/themes\\\/\"},{\"@type\":\"ListItem\",\"position\":3,\"name\":\"\u00c9nergie et eau\",\"item\":\"https:\\\/\\\/www.lengnau.ch\\\/fr\\\/themes\\\/energie-wasser\\\/\"},{\"@type\":\"ListItem\",\"position\":4,\"name\":\"Fourniture d&#8217;\u00e9lectricit\u00e9\"}]},{\"@type\":\"WebSite\",\"@id\":\"https:\\\/\\\/www.lengnau.ch\\\/#website\",\"url\":\"https:\\\/\\\/www.lengnau.ch\\\/\",\"name\":\"Gemeinde Lengnau\",\"description\":\"\",\"potentialAction\":[{\"@type\":\"SearchAction\",\"target\":{\"@type\":\"EntryPoint\",\"urlTemplate\":\"https:\\\/\\\/www.lengnau.ch\\\/?s={search_term_string}\"},\"query-input\":{\"@type\":\"PropertyValueSpecification\",\"valueRequired\":true,\"valueName\":\"search_term_string\"}}],\"inLanguage\":\"fr-FR\"}]}<\/script>\n<!-- \/ Yoast SEO plugin. -->","yoast_head_json":{"title":"Fourniture d'\u00e9lectricit\u00e9 - Gemeinde Lengnau","robots":{"index":"index","follow":"follow","max-snippet":"max-snippet:-1","max-image-preview":"max-image-preview:large","max-video-preview":"max-video-preview:-1"},"canonical":"https:\/\/www.lengnau.ch\/fr\/themes\/energie-wasser\/elektrizitaetsversorgung\/","og_locale":"fr_FR","og_type":"article","og_title":"Fourniture d'\u00e9lectricit\u00e9 - Gemeinde Lengnau","og_description":"Nous construisons, exploitons et entretenons le r\u00e9seau de lignes \u00e9lectriques et assurons l&rsquo;\u00e9clairage des rues, places et autres installations publiques. Pour nous, il est important que vous puissiez b\u00e9n\u00e9ficier d&rsquo;une grande s\u00e9curit\u00e9 d&rsquo;approvisionnement \u00e0 des prix mod\u00e9r\u00e9s. EWV Lengnau BE est synonyme de solutions et de produits judicieux ainsi que d&rsquo;\u00e9lectricit\u00e9 verte certifi\u00e9e. Que devez-vous [&hellip;]","og_url":"https:\/\/www.lengnau.ch\/fr\/themes\/energie-wasser\/elektrizitaetsversorgung\/","og_site_name":"Gemeinde Lengnau","article_modified_time":"2026-02-20T12:24:39+00:00","twitter_card":"summary_large_image","schema":{"@context":"https:\/\/schema.org","@graph":[{"@type":"WebPage","@id":"https:\/\/www.lengnau.ch\/fr\/themes\/energie-wasser\/elektrizitaetsversorgung\/","url":"https:\/\/www.lengnau.ch\/fr\/themes\/energie-wasser\/elektrizitaetsversorgung\/","name":"Fourniture d'\u00e9lectricit\u00e9 - Gemeinde Lengnau","isPartOf":{"@id":"https:\/\/www.lengnau.ch\/#website"},"datePublished":"2022-02-16T14:40:54+00:00","dateModified":"2026-02-20T12:24:39+00:00","breadcrumb":{"@id":"https:\/\/www.lengnau.ch\/fr\/themes\/energie-wasser\/elektrizitaetsversorgung\/#breadcrumb"},"inLanguage":"fr-FR","potentialAction":[{"@type":"ReadAction","target":["https:\/\/www.lengnau.ch\/fr\/themes\/energie-wasser\/elektrizitaetsversorgung\/"]}]},{"@type":"BreadcrumbList","@id":"https:\/\/www.lengnau.ch\/fr\/themes\/energie-wasser\/elektrizitaetsversorgung\/#breadcrumb","itemListElement":[{"@type":"ListItem","position":1,"name":"Home","item":"https:\/\/www.lengnau.ch\/fr\/"},{"@type":"ListItem","position":2,"name":"Th\u00e8mes","item":"https:\/\/www.lengnau.ch\/fr\/themes\/"},{"@type":"ListItem","position":3,"name":"\u00c9nergie et eau","item":"https:\/\/www.lengnau.ch\/fr\/themes\/energie-wasser\/"},{"@type":"ListItem","position":4,"name":"Fourniture d&#8217;\u00e9lectricit\u00e9"}]},{"@type":"WebSite","@id":"https:\/\/www.lengnau.ch\/#website","url":"https:\/\/www.lengnau.ch\/","name":"Gemeinde Lengnau","description":"","potentialAction":[{"@type":"SearchAction","target":{"@type":"EntryPoint","urlTemplate":"https:\/\/www.lengnau.ch\/?s={search_term_string}"},"query-input":{"@type":"PropertyValueSpecification","valueRequired":true,"valueName":"search_term_string"}}],"inLanguage":"fr-FR"}]}},"publishpress_future_action":{"enabled":false,"date":"2026-05-07 05:08:18","action":"change-status","newStatus":"draft","terms":[],"taxonomy":"translation_priority","extraData":[]},"publishpress_future_workflow_manual_trigger":{"enabledWorkflows":[]},"_links":{"self":[{"href":"https:\/\/www.lengnau.ch\/fr\/wp-json\/wp\/v2\/pages\/3180","targetHints":{"allow":["GET"]}}],"collection":[{"href":"https:\/\/www.lengnau.ch\/fr\/wp-json\/wp\/v2\/pages"}],"about":[{"href":"https:\/\/www.lengnau.ch\/fr\/wp-json\/wp\/v2\/types\/page"}],"author":[{"embeddable":true,"href":"https:\/\/www.lengnau.ch\/fr\/wp-json\/wp\/v2\/users\/1"}],"replies":[{"embeddable":true,"href":"https:\/\/www.lengnau.ch\/fr\/wp-json\/wp\/v2\/comments?post=3180"}],"version-history":[{"count":10,"href":"https:\/\/www.lengnau.ch\/fr\/wp-json\/wp\/v2\/pages\/3180\/revisions"}],"predecessor-version":[{"id":19035,"href":"https:\/\/www.lengnau.ch\/fr\/wp-json\/wp\/v2\/pages\/3180\/revisions\/19035"}],"up":[{"embeddable":true,"href":"https:\/\/www.lengnau.ch\/fr\/wp-json\/wp\/v2\/pages\/3179"}],"wp:attachment":[{"href":"https:\/\/www.lengnau.ch\/fr\/wp-json\/wp\/v2\/media?parent=3180"}],"curies":[{"name":"wp","href":"https:\/\/api.w.org\/{rel}","templated":true}]}}