{"id":3174,"date":"2022-02-16T15:37:48","date_gmt":"2022-02-16T14:37:48","guid":{"rendered":"https:\/\/lengnau.rettenmund.com\/themen\/steuern\/steuererklaerung\/"},"modified":"2026-01-14T10:11:11","modified_gmt":"2026-01-14T09:11:11","slug":"steuererklaerung","status":"publish","type":"page","link":"https:\/\/www.lengnau.ch\/fr\/themes\/steuern\/steuererklaerung\/","title":{"rendered":"D\u00e9claration d&rsquo;imp\u00f4ts"},"content":{"rendered":"<h2>TaxMe-Online avec BE-Login<\/h2>\n<p>Pour continuer \u00e0 remplir la d\u00e9claration d&rsquo;imp\u00f4t dans TaxMe-Online, un acc\u00e8s \u00e0 BE-Login est n\u00e9cessaire. \u00cates-vous d\u00e9j\u00e0 enregistr\u00e9(e) dans BE-Login ? <a class=\"next\" title=\"D\u00e9marrer le login BE\" href=\"https:\/\/www.belogin.directories.be.ch\/taxme-npo\/login\/steklogin.jsf?BE-Login-Language=de-CH\" target=\"_blank\" rel=\"noopener\">D\u00e9marrer le login BE<\/a><\/p>\n<p>Vous trouverez ici des informations et des instructions suppl\u00e9mentaires :<br \/>\n<a href=\"https:\/\/www.lengnau.ch\/wp-content\/uploads\/2026\/01\/taxme-promo_internet_2025_de.pdf\" target=\"_blank\" rel=\"noopener\">Remplir sa d\u00e9claration d&rsquo;imp\u00f4ts en ligne<\/a><br \/>\n<a class=\"next\" title=\"Remplir une d\u00e9claration d'imp\u00f4t en tant que particulier\" href=\"https:\/\/www.sv.fin.be.ch\/de\/start\/themen\/steuererklaerung\/steuererklaerung-ausfuellen-privatpersonen.html\" target=\"_blank\" rel=\"noopener\">Remplir une d\u00e9claration d&rsquo;imp\u00f4t en tant que particulier<\/a><br \/>\n<a class=\"next\" title=\"Prolonger les d\u00e9lais\" href=\"https:\/\/www.sv.fin.be.ch\/de\/start\/themen\/frist-verlaengern.html\" target=\"_blank\" rel=\"noopener\"><u><\/u>Prolonger les d\u00e9lais<\/a><\/p>\n<h2>G\u00e9n\u00e9ralit\u00e9s sur la d\u00e9claration d&rsquo;imp\u00f4ts<\/h2>\n<p>Toutes les personnes physiques qui, au 31.12., n&rsquo;ont pas encore \u00e9t\u00e9 inscrites sur la liste des b\u00e9n\u00e9ficiaires de l&rsquo;aide sociale. de l&rsquo;ann\u00e9e fiscale concern\u00e9e ont \/ avaient leur domicile dans le canton de Berne ou dont l&rsquo;assujettissement a pris fin au cours de l&rsquo;ann\u00e9e fiscale doivent remplir et d\u00e9poser une d\u00e9claration d&rsquo;imp\u00f4t.<\/p>\n<p>La d\u00e9claration d&rsquo;imp\u00f4ts sans login BE doit \u00eatre d\u00e9pos\u00e9e aupr\u00e8s du <a title=\"Bureau des imp\u00f4ts Lengnau BE\" href=\"https:\/\/www.lengnau.ch\/fr\/verwaltung-politik-2\/gemeindeverwaltung\/finanzabteilung\/\" target=\"_blank\" rel=\"noopener\">bureau des imp\u00f4ts de Lengnau BE<\/a>.<\/p>\n<h2>Taxation ordinaire ult\u00e9rieure (NOV)<\/h2>\n<p>Les personnes qui ont \u00e9t\u00e9 impos\u00e9es \u00e0 la source jusqu&rsquo;\u00e0 pr\u00e9sent, qui ont leur domicile fiscal dans le canton de Berne et qui ont \u00e9t\u00e9 tax\u00e9es de mani\u00e8re ordinaire temporairement ou durablement apr\u00e8s coup, peuvent remplir leur d\u00e9claration d&rsquo;imp\u00f4t soit avec TaxMe-Online avec BE-Login, soit sur papier.<\/p>\n<h2>Remarque importante<\/h2>\n<p>Celui qui ne d\u00e9pose pas sa d\u00e9claration d&rsquo;imp\u00f4t malgr\u00e9 un rappel est passible d&rsquo;une amende et la taxation est laiss\u00e9e \u00e0 l&rsquo;appr\u00e9ciation de l&rsquo;autorit\u00e9 fiscale.<\/p>\n<p>Toute personne qui fait de fausses d\u00e9clarations ou qui passe sous silence des faits importants dans sa d\u00e9claration d&rsquo;imp\u00f4t peut se voir infliger une amende ou \u00eatre poursuivie par le droit p\u00e9nal administratif. Dans les cas graves, une proc\u00e9dure p\u00e9nale ordinaire est \u00e9galement possible.<\/p>\n<h2>Fiscalit\u00e9-Easy<\/h2>\n<p><strong>Imp\u00f4ts-Easy<\/strong> est un site web qui a pour objectif de familiariser les jeunes avec le th\u00e8me des imp\u00f4ts :<br \/>\n<a href=\"https:\/\/www.steuern-easy.ch\/\" target=\"_blank\" rel=\"noopener\">www.steuern-easy.ch<\/a><\/p>\n<h2>En savoir plus sur le sujet<\/h2>\n<p><a href=\"https:\/\/www.lengnau.ch\/wp-content\/uploads\/2026\/01\/2025_Flyer-Steuererklaerungsdienst_DE.pdf\" target=\"_blank\" rel=\"noopener\">D\u00e9pliant Pro Senectute Service de d\u00e9claration d&rsquo;imp\u00f4ts<\/a><br \/>\n<a href=\"https:\/\/www.lengnau.ch\/wp-content\/uploads\/2026\/01\/2025_Tarifblatt-Steuererklaerungsdienst_DE.pdf\" target=\"_blank\" rel=\"noopener\">Pro Senectute Feuille de tarifs Service de d\u00e9claration d&rsquo;imp\u00f4ts<\/a><br \/>\n<a class=\"pdf\" title=\"TaxMe-Online avec BE-Login\" href=\"https:\/\/www.belogin.directories.be.ch\/taxme-npo\/login\/steklogin.jsf\" target=\"_blank\" rel=\"noopener\">TaxMe-Online avec BE-Login<\/a><br \/>\n<a class=\"next\" title=\"Intendance des imp\u00f4ts du canton de Berne\" href=\"https:\/\/www.sv.fin.be.ch\/de\/start.html\" target=\"_blank\" rel=\"noopener\">Intendance des imp\u00f4ts du canton de Berne<\/a><br \/>\n<a class=\"next\" title=\"TaxInfo canton de Berne\" href=\"https:\/\/www.taxinfo.sv.fin.be.ch\/taxinfo\/ca95ca72-19b3-4837-8ac0-c4287a8f151e\" target=\"_blank\" rel=\"noopener\">TaxInfo canton de Berne<\/a><br \/>\n<a class=\"next\" title=\"Instructions fiscales\" href=\"https:\/\/www.sv.fin.be.ch\/de\/start\/publikationen\/wegleitungen.html\" target=\"_blank\" rel=\"noopener\">Instructions fiscales<\/a><br \/>\n<a class=\"next\" title=\"Fiches d'information sur les imp\u00f4ts\" href=\"https:\/\/www.sv.fin.be.ch\/de\/start\/publikationen\/merkblaetter.html\" target=\"_blank\" rel=\"noopener\">Fiches d&rsquo;information sur les imp\u00f4ts<\/a><br \/>\n<a class=\"next\" title=\"Imp\u00f4ts - Easy \/ Connaissances fiscales pour les jeunes\" href=\"https:\/\/www.steuern-easy.ch\/\" target=\"_blank\" rel=\"noopener\">Imp\u00f4ts &#8211; Easy \/ Connaissances fiscales pour les jeunes<\/a><\/p>\n","protected":false},"excerpt":{"rendered":"<p>TaxMe-Online avec BE-Login Pour continuer \u00e0 remplir la d\u00e9claration d&rsquo;imp\u00f4t dans TaxMe-Online, un acc\u00e8s \u00e0 BE-Login est n\u00e9cessaire. \u00cates-vous d\u00e9j\u00e0 enregistr\u00e9(e) dans BE-Login ? D\u00e9marrer le login BE Vous trouverez ici des informations et des instructions suppl\u00e9mentaires : Remplir sa d\u00e9claration d&rsquo;imp\u00f4ts en ligne Remplir une d\u00e9claration d&rsquo;imp\u00f4t en tant que particulier Prolonger les d\u00e9lais [&hellip;]<\/p>\n","protected":false},"author":1,"featured_media":0,"parent":3160,"menu_order":14,"comment_status":"closed","ping_status":"closed","template":"","meta":{"_acf_changed":false,"_relevanssi_hide_post":"","_relevanssi_hide_content":"","_relevanssi_pin_for_all":"","_relevanssi_pin_keywords":"","_relevanssi_unpin_keywords":"","_relevanssi_related_keywords":"","_relevanssi_related_include_ids":"","_relevanssi_related_exclude_ids":"","_relevanssi_related_no_append":"","_relevanssi_related_not_related":"","_relevanssi_related_posts":"","_relevanssi_noindex_reason":"","footnotes":""},"class_list":["post-3174","page","type-page","status-publish","hentry"],"acf":[],"yoast_head":"<!-- This site is optimized with the Yoast SEO plugin v27.4 - https:\/\/yoast.com\/product\/yoast-seo-wordpress\/ -->\n<title>D\u00e9claration d&#039;imp\u00f4ts - Gemeinde Lengnau<\/title>\n<meta name=\"robots\" content=\"index, follow, max-snippet:-1, max-image-preview:large, max-video-preview:-1\" \/>\n<link rel=\"canonical\" href=\"https:\/\/www.lengnau.ch\/fr\/themes\/steuern\/steuererklaerung\/\" \/>\n<meta property=\"og:locale\" content=\"fr_FR\" \/>\n<meta property=\"og:type\" content=\"article\" \/>\n<meta property=\"og:title\" content=\"D\u00e9claration d&#039;imp\u00f4ts - Gemeinde Lengnau\" \/>\n<meta property=\"og:description\" content=\"TaxMe-Online avec BE-Login Pour continuer \u00e0 remplir la d\u00e9claration d&rsquo;imp\u00f4t dans TaxMe-Online, un acc\u00e8s \u00e0 BE-Login est n\u00e9cessaire. \u00cates-vous d\u00e9j\u00e0 enregistr\u00e9(e) dans BE-Login ? D\u00e9marrer le login BE Vous trouverez ici des informations et des instructions suppl\u00e9mentaires : Remplir sa d\u00e9claration d&rsquo;imp\u00f4ts en ligne Remplir une d\u00e9claration d&rsquo;imp\u00f4t en tant que particulier Prolonger les d\u00e9lais [&hellip;]\" \/>\n<meta property=\"og:url\" content=\"https:\/\/www.lengnau.ch\/fr\/themes\/steuern\/steuererklaerung\/\" \/>\n<meta property=\"og:site_name\" content=\"Gemeinde Lengnau\" \/>\n<meta property=\"article:modified_time\" content=\"2026-01-14T09:11:11+00:00\" \/>\n<meta name=\"twitter:card\" content=\"summary_large_image\" \/>\n<script type=\"application\/ld+json\" class=\"yoast-schema-graph\">{\"@context\":\"https:\\\/\\\/schema.org\",\"@graph\":[{\"@type\":\"WebPage\",\"@id\":\"https:\\\/\\\/www.lengnau.ch\\\/fr\\\/themes\\\/steuern\\\/steuererklaerung\\\/\",\"url\":\"https:\\\/\\\/www.lengnau.ch\\\/fr\\\/themes\\\/steuern\\\/steuererklaerung\\\/\",\"name\":\"D\u00e9claration d'imp\u00f4ts - Gemeinde Lengnau\",\"isPartOf\":{\"@id\":\"https:\\\/\\\/www.lengnau.ch\\\/#website\"},\"datePublished\":\"2022-02-16T14:37:48+00:00\",\"dateModified\":\"2026-01-14T09:11:11+00:00\",\"breadcrumb\":{\"@id\":\"https:\\\/\\\/www.lengnau.ch\\\/fr\\\/themes\\\/steuern\\\/steuererklaerung\\\/#breadcrumb\"},\"inLanguage\":\"fr-FR\",\"potentialAction\":[{\"@type\":\"ReadAction\",\"target\":[\"https:\\\/\\\/www.lengnau.ch\\\/fr\\\/themes\\\/steuern\\\/steuererklaerung\\\/\"]}]},{\"@type\":\"BreadcrumbList\",\"@id\":\"https:\\\/\\\/www.lengnau.ch\\\/fr\\\/themes\\\/steuern\\\/steuererklaerung\\\/#breadcrumb\",\"itemListElement\":[{\"@type\":\"ListItem\",\"position\":1,\"name\":\"Home\",\"item\":\"https:\\\/\\\/www.lengnau.ch\\\/fr\\\/\"},{\"@type\":\"ListItem\",\"position\":2,\"name\":\"Th\u00e8mes\",\"item\":\"https:\\\/\\\/www.lengnau.ch\\\/fr\\\/themes\\\/\"},{\"@type\":\"ListItem\",\"position\":3,\"name\":\"Imp\u00f4ts\",\"item\":\"https:\\\/\\\/www.lengnau.ch\\\/fr\\\/themes\\\/steuern\\\/\"},{\"@type\":\"ListItem\",\"position\":4,\"name\":\"D\u00e9claration d&#8217;imp\u00f4ts\"}]},{\"@type\":\"WebSite\",\"@id\":\"https:\\\/\\\/www.lengnau.ch\\\/#website\",\"url\":\"https:\\\/\\\/www.lengnau.ch\\\/\",\"name\":\"Gemeinde Lengnau\",\"description\":\"\",\"potentialAction\":[{\"@type\":\"SearchAction\",\"target\":{\"@type\":\"EntryPoint\",\"urlTemplate\":\"https:\\\/\\\/www.lengnau.ch\\\/?s={search_term_string}\"},\"query-input\":{\"@type\":\"PropertyValueSpecification\",\"valueRequired\":true,\"valueName\":\"search_term_string\"}}],\"inLanguage\":\"fr-FR\"}]}<\/script>\n<!-- \/ Yoast SEO plugin. -->","yoast_head_json":{"title":"D\u00e9claration d'imp\u00f4ts - Gemeinde Lengnau","robots":{"index":"index","follow":"follow","max-snippet":"max-snippet:-1","max-image-preview":"max-image-preview:large","max-video-preview":"max-video-preview:-1"},"canonical":"https:\/\/www.lengnau.ch\/fr\/themes\/steuern\/steuererklaerung\/","og_locale":"fr_FR","og_type":"article","og_title":"D\u00e9claration d'imp\u00f4ts - Gemeinde Lengnau","og_description":"TaxMe-Online avec BE-Login Pour continuer \u00e0 remplir la d\u00e9claration d&rsquo;imp\u00f4t dans TaxMe-Online, un acc\u00e8s \u00e0 BE-Login est n\u00e9cessaire. \u00cates-vous d\u00e9j\u00e0 enregistr\u00e9(e) dans BE-Login ? D\u00e9marrer le login BE Vous trouverez ici des informations et des instructions suppl\u00e9mentaires : Remplir sa d\u00e9claration d&rsquo;imp\u00f4ts en ligne Remplir une d\u00e9claration d&rsquo;imp\u00f4t en tant que particulier Prolonger les d\u00e9lais [&hellip;]","og_url":"https:\/\/www.lengnau.ch\/fr\/themes\/steuern\/steuererklaerung\/","og_site_name":"Gemeinde Lengnau","article_modified_time":"2026-01-14T09:11:11+00:00","twitter_card":"summary_large_image","schema":{"@context":"https:\/\/schema.org","@graph":[{"@type":"WebPage","@id":"https:\/\/www.lengnau.ch\/fr\/themes\/steuern\/steuererklaerung\/","url":"https:\/\/www.lengnau.ch\/fr\/themes\/steuern\/steuererklaerung\/","name":"D\u00e9claration d'imp\u00f4ts - Gemeinde Lengnau","isPartOf":{"@id":"https:\/\/www.lengnau.ch\/#website"},"datePublished":"2022-02-16T14:37:48+00:00","dateModified":"2026-01-14T09:11:11+00:00","breadcrumb":{"@id":"https:\/\/www.lengnau.ch\/fr\/themes\/steuern\/steuererklaerung\/#breadcrumb"},"inLanguage":"fr-FR","potentialAction":[{"@type":"ReadAction","target":["https:\/\/www.lengnau.ch\/fr\/themes\/steuern\/steuererklaerung\/"]}]},{"@type":"BreadcrumbList","@id":"https:\/\/www.lengnau.ch\/fr\/themes\/steuern\/steuererklaerung\/#breadcrumb","itemListElement":[{"@type":"ListItem","position":1,"name":"Home","item":"https:\/\/www.lengnau.ch\/fr\/"},{"@type":"ListItem","position":2,"name":"Th\u00e8mes","item":"https:\/\/www.lengnau.ch\/fr\/themes\/"},{"@type":"ListItem","position":3,"name":"Imp\u00f4ts","item":"https:\/\/www.lengnau.ch\/fr\/themes\/steuern\/"},{"@type":"ListItem","position":4,"name":"D\u00e9claration d&#8217;imp\u00f4ts"}]},{"@type":"WebSite","@id":"https:\/\/www.lengnau.ch\/#website","url":"https:\/\/www.lengnau.ch\/","name":"Gemeinde Lengnau","description":"","potentialAction":[{"@type":"SearchAction","target":{"@type":"EntryPoint","urlTemplate":"https:\/\/www.lengnau.ch\/?s={search_term_string}"},"query-input":{"@type":"PropertyValueSpecification","valueRequired":true,"valueName":"search_term_string"}}],"inLanguage":"fr-FR"}]}},"publishpress_future_action":{"enabled":false,"date":"2026-05-08 19:55:51","action":"change-status","newStatus":"draft","terms":[],"taxonomy":"translation_priority","extraData":[]},"publishpress_future_workflow_manual_trigger":{"enabledWorkflows":[]},"_links":{"self":[{"href":"https:\/\/www.lengnau.ch\/fr\/wp-json\/wp\/v2\/pages\/3174","targetHints":{"allow":["GET"]}}],"collection":[{"href":"https:\/\/www.lengnau.ch\/fr\/wp-json\/wp\/v2\/pages"}],"about":[{"href":"https:\/\/www.lengnau.ch\/fr\/wp-json\/wp\/v2\/types\/page"}],"author":[{"embeddable":true,"href":"https:\/\/www.lengnau.ch\/fr\/wp-json\/wp\/v2\/users\/1"}],"replies":[{"embeddable":true,"href":"https:\/\/www.lengnau.ch\/fr\/wp-json\/wp\/v2\/comments?post=3174"}],"version-history":[{"count":10,"href":"https:\/\/www.lengnau.ch\/fr\/wp-json\/wp\/v2\/pages\/3174\/revisions"}],"predecessor-version":[{"id":18782,"href":"https:\/\/www.lengnau.ch\/fr\/wp-json\/wp\/v2\/pages\/3174\/revisions\/18782"}],"up":[{"embeddable":true,"href":"https:\/\/www.lengnau.ch\/fr\/wp-json\/wp\/v2\/pages\/3160"}],"wp:attachment":[{"href":"https:\/\/www.lengnau.ch\/fr\/wp-json\/wp\/v2\/media?parent=3174"}],"curies":[{"name":"wp","href":"https:\/\/api.w.org\/{rel}","templated":true}]}}