{"id":3172,"date":"2022-02-16T15:38:34","date_gmt":"2022-02-16T14:38:34","guid":{"rendered":"https:\/\/lengnau.rettenmund.com\/themen\/bauen-und-planen\/baugesuch-baubewilligung\/"},"modified":"2026-04-14T09:57:09","modified_gmt":"2026-04-14T07:57:09","slug":"baugesuch-baubewilligung","status":"publish","type":"page","link":"https:\/\/www.lengnau.ch\/fr\/themes\/bauen-und-planen\/baugesuch-baubewilligung\/","title":{"rendered":"Demande de permis de construire et autorisation de construire"},"content":{"rendered":"<h2>eBau<\/h2>\n<p>Le Grand Conseil du canton de Berne a d\u00e9cid\u00e9 en d\u00e9cembre 2020 qu&rsquo;\u00e0 partir du 01.03.2022, les demandes de permis de construire ne pourront plus \u00eatre d\u00e9pos\u00e9es que par voie \u00e9lectronique.<\/p>\n<p>Avec eBau, vous nous soumettez votre demande de permis de construire par voie \u00e9lectronique. Le remplissage d&rsquo;eBau fonctionne de la m\u00eame mani\u00e8re que le remplissage de la d\u00e9claration d&rsquo;imp\u00f4ts avec TaxMe. Vous saisissez votre demande en ligne et t\u00e9l\u00e9chargez les documents n\u00e9cessaires.<\/p>\n<p>Le lien suivant vous permet d&rsquo;acc\u00e9der \u00e0 la plateforme cantonale eBau :<\/p>\n<p><a href=\"https:\/\/www.belogin.directories.be.ch\/cms\/de\/index\/infrastruktur\/ebau.html?BE-Login-Language=de-CH\" target=\"_blank\" rel=\"noopener\"><img loading=\"lazy\" decoding=\"async\" class=\"alignnone size-medium wp-image-4189\" src=\"https:\/\/www.lengnau.ch\/wp-content\/uploads\/2022\/06\/ebau-300x119.jpg\" alt=\"\" width=\"300\" height=\"119\" srcset=\"https:\/\/www.lengnau.ch\/wp-content\/uploads\/2022\/06\/ebau-300x119.jpg 300w, https:\/\/www.lengnau.ch\/wp-content\/uploads\/2022\/06\/ebau-768x305.jpg 768w, https:\/\/www.lengnau.ch\/wp-content\/uploads\/2022\/06\/ebau.jpg 900w\" sizes=\"auto, (max-width: 300px) 100vw, 300px\" \/><\/a><\/p>\n<p>Jusqu&rsquo;\u00e0 l&rsquo;adaptation des prescriptions l\u00e9gales vers 2025, les documents de demande, les plans de projet et le plan de situation avec signature du g\u00e9om\u00e8tre avec liste des propri\u00e9taires (voir <a href=\"https:\/\/www.lengnau.ch\/wp-content\/uploads\/2023\/11\/Kontaktangaben-RSW-neu.pdf\" target=\"_blank\" rel=\"noopener\">coordonn\u00e9es RSW<\/a>) soumis par voie \u00e9lectronique doivent imp\u00e9rativement nous \u00eatre envoy\u00e9s \u00e9galement <strong>en deux exemplaires imprim\u00e9s et sign\u00e9s, ainsi que le formulaire de demande de permis de construire g\u00e9n\u00e9r\u00e9, imprim\u00e9 et sign\u00e9<\/strong>.<\/p>\n<p>Veuillez noter que tous les d\u00e9lais ne courent qu&rsquo;\u00e0 partir du moment o\u00f9 les documents, y compris le formulaire de candidature, ont \u00e9t\u00e9 envoy\u00e9s. les annexes telles que le plan de situation et les plans du projet (avec les signatures originales) sont parvenues sous forme papier \u00e0 la commune. Les dispositions du d\u00e9cret relatif au permis de construire selon l&rsquo;art. 10ss. concernant la forme et le contenu de la demande de permis de construire s&rsquo;appliquent \u00e9galement \u00e0 la demande de permis de construire \u00e9lectronique. La d\u00e9cision de construire est encore notifi\u00e9e par courrier, comme c&rsquo;\u00e9tait le cas jusqu&rsquo;\u00e0 pr\u00e9sent.<\/p>\n<p>Vous trouverez <strong>plus d&rsquo;informations <\/strong>sur les pages du canton sous :<br \/>\n<a href=\"https:\/\/www.bauen.dij.be.ch\/de\/start\/baubewilligungsverfahren\/eBau.html\" target=\"_blank\" rel=\"noopener\">https:\/\/www.bauen.dij.be.ch\/de\/start\/baubewilligungsverfahren\/eBau.html<\/a><\/p>\n<h2>Baubewilligung<\/h2>\n<p>Die Baubewilligungskompetenz in der Einwohnergemeinde Lengnau BE obliegt je nach Bauvorhaben:<\/p>\n<ul>\n<li>Le service de construction et de planification de Lengnau BE<\/li>\n<li>La commission de construction et de planification de Lengnau BE (si des autorisations exceptionnelles sont n\u00e9cessaires)<\/li>\n<li>la pr\u00e9fecture de Biel\/Bienne (pour les projets dont le co\u00fbt de construction est sup\u00e9rieur \u00e0 1,4 million de francs, les b\u00e2timents industriels, l&rsquo;h\u00f4tellerie et la restauration ou les constructions destin\u00e9es aux besoins de la commune)<\/li>\n<\/ul>\n<p>En cas de doute sur l&rsquo;obligation d&rsquo;obtenir une autorisation pour certains projets de construction, le <a href=\"https:\/\/www.lengnau.ch\/fr\/verwaltung-politik-2\/gemeindeverwaltung\/departement-de-la-construction-et-des-travaux\/\">service de construction et de planification<\/a> vous renseignera volontiers.<\/p>\n<h2>Publikationen laufender Baugesuche<\/h2>\n<p>Ici, vous acc\u00e9dez aux demandes de permis de construire <a href=\"https:\/\/www.portal.ebau.apps.be.ch\/public-instances\" target=\"_blank\" rel=\"noopener\">https:\/\/www.portal.ebau.apps.be.ch\/public-instances<\/a> pour lesquelles les d\u00e9lais de mise \u00e0 l&rsquo;enqu\u00eate et d&rsquo;opposition sont actuellement en cours.<\/p>\n<p>S\u00e4mtliche Baugesuche sind im <a href=\"https:\/\/archiv.anzeiger-bueren.ch\/jahr-2026\/\">Anzeiger B\u00fcren und Umgebung<\/a> publiziert.<\/p>\n","protected":false},"excerpt":{"rendered":"<p>eBau Le Grand Conseil du canton de Berne a d\u00e9cid\u00e9 en d\u00e9cembre 2020 qu&rsquo;\u00e0 partir du 01.03.2022, les demandes de permis de construire ne pourront plus \u00eatre d\u00e9pos\u00e9es que par voie \u00e9lectronique. Avec eBau, vous nous soumettez votre demande de permis de construire par voie \u00e9lectronique. Le remplissage d&rsquo;eBau fonctionne de la m\u00eame mani\u00e8re que [&hellip;]<\/p>\n","protected":false},"author":1,"featured_media":0,"parent":3169,"menu_order":14,"comment_status":"closed","ping_status":"closed","template":"","meta":{"_acf_changed":false,"_relevanssi_hide_post":"","_relevanssi_hide_content":"","_relevanssi_pin_for_all":"","_relevanssi_pin_keywords":"","_relevanssi_unpin_keywords":"","_relevanssi_related_keywords":"","_relevanssi_related_include_ids":"","_relevanssi_related_exclude_ids":"","_relevanssi_related_no_append":"","_relevanssi_related_not_related":"","_relevanssi_related_posts":"","_relevanssi_noindex_reason":"","footnotes":""},"class_list":["post-3172","page","type-page","status-publish","hentry"],"acf":[],"yoast_head":"<!-- This site is optimized with the Yoast SEO plugin v27.4 - https:\/\/yoast.com\/product\/yoast-seo-wordpress\/ -->\n<title>Demande de permis de construire et autorisation de construire - Gemeinde Lengnau<\/title>\n<meta name=\"robots\" content=\"index, follow, max-snippet:-1, max-image-preview:large, max-video-preview:-1\" \/>\n<link rel=\"canonical\" href=\"https:\/\/www.lengnau.ch\/fr\/themes\/bauen-und-planen\/baugesuch-baubewilligung\/\" \/>\n<meta property=\"og:locale\" content=\"fr_FR\" \/>\n<meta property=\"og:type\" content=\"article\" \/>\n<meta property=\"og:title\" content=\"Demande de permis de construire et autorisation de construire - Gemeinde Lengnau\" \/>\n<meta property=\"og:description\" content=\"eBau Le Grand Conseil du canton de Berne a d\u00e9cid\u00e9 en d\u00e9cembre 2020 qu&rsquo;\u00e0 partir du 01.03.2022, les demandes de permis de construire ne pourront plus \u00eatre d\u00e9pos\u00e9es que par voie \u00e9lectronique. Avec eBau, vous nous soumettez votre demande de permis de construire par voie \u00e9lectronique. Le remplissage d&rsquo;eBau fonctionne de la m\u00eame mani\u00e8re que [&hellip;]\" \/>\n<meta property=\"og:url\" content=\"https:\/\/www.lengnau.ch\/fr\/themes\/bauen-und-planen\/baugesuch-baubewilligung\/\" \/>\n<meta property=\"og:site_name\" content=\"Gemeinde Lengnau\" \/>\n<meta property=\"article:modified_time\" content=\"2026-04-14T07:57:09+00:00\" \/>\n<meta property=\"og:image\" content=\"https:\/\/www.lengnau.ch\/wp-content\/uploads\/2022\/06\/ebau.jpg\" \/>\n\t<meta property=\"og:image:width\" content=\"900\" \/>\n\t<meta property=\"og:image:height\" content=\"357\" \/>\n\t<meta property=\"og:image:type\" content=\"image\/jpeg\" \/>\n<meta name=\"twitter:card\" content=\"summary_large_image\" \/>\n<script type=\"application\/ld+json\" class=\"yoast-schema-graph\">{\"@context\":\"https:\\\/\\\/schema.org\",\"@graph\":[{\"@type\":\"WebPage\",\"@id\":\"https:\\\/\\\/www.lengnau.ch\\\/fr\\\/themes\\\/bauen-und-planen\\\/baugesuch-baubewilligung\\\/\",\"url\":\"https:\\\/\\\/www.lengnau.ch\\\/fr\\\/themes\\\/bauen-und-planen\\\/baugesuch-baubewilligung\\\/\",\"name\":\"Demande de permis de construire et autorisation de construire - Gemeinde Lengnau\",\"isPartOf\":{\"@id\":\"https:\\\/\\\/www.lengnau.ch\\\/#website\"},\"primaryImageOfPage\":{\"@id\":\"https:\\\/\\\/www.lengnau.ch\\\/fr\\\/themes\\\/bauen-und-planen\\\/baugesuch-baubewilligung\\\/#primaryimage\"},\"image\":{\"@id\":\"https:\\\/\\\/www.lengnau.ch\\\/fr\\\/themes\\\/bauen-und-planen\\\/baugesuch-baubewilligung\\\/#primaryimage\"},\"thumbnailUrl\":\"https:\\\/\\\/www.lengnau.ch\\\/wp-content\\\/uploads\\\/2022\\\/06\\\/ebau-300x119.jpg\",\"datePublished\":\"2022-02-16T14:38:34+00:00\",\"dateModified\":\"2026-04-14T07:57:09+00:00\",\"breadcrumb\":{\"@id\":\"https:\\\/\\\/www.lengnau.ch\\\/fr\\\/themes\\\/bauen-und-planen\\\/baugesuch-baubewilligung\\\/#breadcrumb\"},\"inLanguage\":\"fr-FR\",\"potentialAction\":[{\"@type\":\"ReadAction\",\"target\":[\"https:\\\/\\\/www.lengnau.ch\\\/fr\\\/themes\\\/bauen-und-planen\\\/baugesuch-baubewilligung\\\/\"]}]},{\"@type\":\"ImageObject\",\"inLanguage\":\"fr-FR\",\"@id\":\"https:\\\/\\\/www.lengnau.ch\\\/fr\\\/themes\\\/bauen-und-planen\\\/baugesuch-baubewilligung\\\/#primaryimage\",\"url\":\"https:\\\/\\\/www.lengnau.ch\\\/wp-content\\\/uploads\\\/2022\\\/06\\\/ebau-300x119.jpg\",\"contentUrl\":\"https:\\\/\\\/www.lengnau.ch\\\/wp-content\\\/uploads\\\/2022\\\/06\\\/ebau-300x119.jpg\"},{\"@type\":\"BreadcrumbList\",\"@id\":\"https:\\\/\\\/www.lengnau.ch\\\/fr\\\/themes\\\/bauen-und-planen\\\/baugesuch-baubewilligung\\\/#breadcrumb\",\"itemListElement\":[{\"@type\":\"ListItem\",\"position\":1,\"name\":\"Home\",\"item\":\"https:\\\/\\\/www.lengnau.ch\\\/fr\\\/\"},{\"@type\":\"ListItem\",\"position\":2,\"name\":\"Th\u00e8mes\",\"item\":\"https:\\\/\\\/www.lengnau.ch\\\/fr\\\/themes\\\/\"},{\"@type\":\"ListItem\",\"position\":3,\"name\":\"Construire et planifier\",\"item\":\"https:\\\/\\\/www.lengnau.ch\\\/fr\\\/themes\\\/bauen-und-planen\\\/\"},{\"@type\":\"ListItem\",\"position\":4,\"name\":\"Demande de permis de construire et autorisation de construire\"}]},{\"@type\":\"WebSite\",\"@id\":\"https:\\\/\\\/www.lengnau.ch\\\/#website\",\"url\":\"https:\\\/\\\/www.lengnau.ch\\\/\",\"name\":\"Gemeinde Lengnau\",\"description\":\"\",\"potentialAction\":[{\"@type\":\"SearchAction\",\"target\":{\"@type\":\"EntryPoint\",\"urlTemplate\":\"https:\\\/\\\/www.lengnau.ch\\\/?s={search_term_string}\"},\"query-input\":{\"@type\":\"PropertyValueSpecification\",\"valueRequired\":true,\"valueName\":\"search_term_string\"}}],\"inLanguage\":\"fr-FR\"}]}<\/script>\n<!-- \/ Yoast SEO plugin. -->","yoast_head_json":{"title":"Demande de permis de construire et autorisation de construire - Gemeinde Lengnau","robots":{"index":"index","follow":"follow","max-snippet":"max-snippet:-1","max-image-preview":"max-image-preview:large","max-video-preview":"max-video-preview:-1"},"canonical":"https:\/\/www.lengnau.ch\/fr\/themes\/bauen-und-planen\/baugesuch-baubewilligung\/","og_locale":"fr_FR","og_type":"article","og_title":"Demande de permis de construire et autorisation de construire - Gemeinde Lengnau","og_description":"eBau Le Grand Conseil du canton de Berne a d\u00e9cid\u00e9 en d\u00e9cembre 2020 qu&rsquo;\u00e0 partir du 01.03.2022, les demandes de permis de construire ne pourront plus \u00eatre d\u00e9pos\u00e9es que par voie \u00e9lectronique. Avec eBau, vous nous soumettez votre demande de permis de construire par voie \u00e9lectronique. Le remplissage d&rsquo;eBau fonctionne de la m\u00eame mani\u00e8re que [&hellip;]","og_url":"https:\/\/www.lengnau.ch\/fr\/themes\/bauen-und-planen\/baugesuch-baubewilligung\/","og_site_name":"Gemeinde Lengnau","article_modified_time":"2026-04-14T07:57:09+00:00","og_image":[{"width":900,"height":357,"url":"https:\/\/www.lengnau.ch\/wp-content\/uploads\/2022\/06\/ebau.jpg","type":"image\/jpeg"}],"twitter_card":"summary_large_image","schema":{"@context":"https:\/\/schema.org","@graph":[{"@type":"WebPage","@id":"https:\/\/www.lengnau.ch\/fr\/themes\/bauen-und-planen\/baugesuch-baubewilligung\/","url":"https:\/\/www.lengnau.ch\/fr\/themes\/bauen-und-planen\/baugesuch-baubewilligung\/","name":"Demande de permis de construire et autorisation de construire - Gemeinde Lengnau","isPartOf":{"@id":"https:\/\/www.lengnau.ch\/#website"},"primaryImageOfPage":{"@id":"https:\/\/www.lengnau.ch\/fr\/themes\/bauen-und-planen\/baugesuch-baubewilligung\/#primaryimage"},"image":{"@id":"https:\/\/www.lengnau.ch\/fr\/themes\/bauen-und-planen\/baugesuch-baubewilligung\/#primaryimage"},"thumbnailUrl":"https:\/\/www.lengnau.ch\/wp-content\/uploads\/2022\/06\/ebau-300x119.jpg","datePublished":"2022-02-16T14:38:34+00:00","dateModified":"2026-04-14T07:57:09+00:00","breadcrumb":{"@id":"https:\/\/www.lengnau.ch\/fr\/themes\/bauen-und-planen\/baugesuch-baubewilligung\/#breadcrumb"},"inLanguage":"fr-FR","potentialAction":[{"@type":"ReadAction","target":["https:\/\/www.lengnau.ch\/fr\/themes\/bauen-und-planen\/baugesuch-baubewilligung\/"]}]},{"@type":"ImageObject","inLanguage":"fr-FR","@id":"https:\/\/www.lengnau.ch\/fr\/themes\/bauen-und-planen\/baugesuch-baubewilligung\/#primaryimage","url":"https:\/\/www.lengnau.ch\/wp-content\/uploads\/2022\/06\/ebau-300x119.jpg","contentUrl":"https:\/\/www.lengnau.ch\/wp-content\/uploads\/2022\/06\/ebau-300x119.jpg"},{"@type":"BreadcrumbList","@id":"https:\/\/www.lengnau.ch\/fr\/themes\/bauen-und-planen\/baugesuch-baubewilligung\/#breadcrumb","itemListElement":[{"@type":"ListItem","position":1,"name":"Home","item":"https:\/\/www.lengnau.ch\/fr\/"},{"@type":"ListItem","position":2,"name":"Th\u00e8mes","item":"https:\/\/www.lengnau.ch\/fr\/themes\/"},{"@type":"ListItem","position":3,"name":"Construire et planifier","item":"https:\/\/www.lengnau.ch\/fr\/themes\/bauen-und-planen\/"},{"@type":"ListItem","position":4,"name":"Demande de permis de construire et autorisation de construire"}]},{"@type":"WebSite","@id":"https:\/\/www.lengnau.ch\/#website","url":"https:\/\/www.lengnau.ch\/","name":"Gemeinde Lengnau","description":"","potentialAction":[{"@type":"SearchAction","target":{"@type":"EntryPoint","urlTemplate":"https:\/\/www.lengnau.ch\/?s={search_term_string}"},"query-input":{"@type":"PropertyValueSpecification","valueRequired":true,"valueName":"search_term_string"}}],"inLanguage":"fr-FR"}]}},"publishpress_future_action":{"enabled":false,"date":"2026-05-05 20:02:17","action":"change-status","newStatus":"draft","terms":[],"taxonomy":"translation_priority","extraData":[]},"publishpress_future_workflow_manual_trigger":{"enabledWorkflows":[]},"_links":{"self":[{"href":"https:\/\/www.lengnau.ch\/fr\/wp-json\/wp\/v2\/pages\/3172","targetHints":{"allow":["GET"]}}],"collection":[{"href":"https:\/\/www.lengnau.ch\/fr\/wp-json\/wp\/v2\/pages"}],"about":[{"href":"https:\/\/www.lengnau.ch\/fr\/wp-json\/wp\/v2\/types\/page"}],"author":[{"embeddable":true,"href":"https:\/\/www.lengnau.ch\/fr\/wp-json\/wp\/v2\/users\/1"}],"replies":[{"embeddable":true,"href":"https:\/\/www.lengnau.ch\/fr\/wp-json\/wp\/v2\/comments?post=3172"}],"version-history":[{"count":11,"href":"https:\/\/www.lengnau.ch\/fr\/wp-json\/wp\/v2\/pages\/3172\/revisions"}],"predecessor-version":[{"id":19469,"href":"https:\/\/www.lengnau.ch\/fr\/wp-json\/wp\/v2\/pages\/3172\/revisions\/19469"}],"up":[{"embeddable":true,"href":"https:\/\/www.lengnau.ch\/fr\/wp-json\/wp\/v2\/pages\/3169"}],"wp:attachment":[{"href":"https:\/\/www.lengnau.ch\/fr\/wp-json\/wp\/v2\/media?parent=3172"}],"curies":[{"name":"wp","href":"https:\/\/api.w.org\/{rel}","templated":true}]}}