{"id":3168,"date":"2022-02-16T15:37:33","date_gmt":"2022-02-16T14:37:33","guid":{"rendered":"https:\/\/lengnau.rettenmund.com\/themen\/soziales\/praemienverbilligung-krankenkasse\/"},"modified":"2025-02-21T10:25:39","modified_gmt":"2025-02-21T09:25:39","slug":"praemienverbilligung-krankenkasse","status":"publish","type":"page","link":"https:\/\/www.lengnau.ch\/fr\/themes\/soziales\/praemienverbilligung-krankenkasse\/","title":{"rendered":"R\u00e9duction des primes d&rsquo;assurance maladie"},"content":{"rendered":"<p>Pour conna\u00eetre les conditions \u00e0 remplir, adressez-vous \u00e0 l<a href=\"https:\/\/www.asv.dij.be.ch\/de\/start\/themen\/pv\/pv_anrecht-auf-pv.html\" target=\"_blank\" rel=\"noopener\">&lsquo;Office des assurances sociales.<\/a><\/p>\n<p>Pour toute autre question, veuillez vous adresser directement \u00e0<\/p>\n<div class=\"css-a7vinc e24e71b6\" data-testid=\"authority\">Amt f\u00fcr Sozialversicherungen<br \/>\nR\u00e9duction des primes<\/div>\n<div class=\"css-a7vinc e24e71b6\" data-testid=\"address\">1, rue de Forel<\/div>\n<div class=\"css-a7vinc e24e71b6\" data-testid=\"post\">3072 Ostermundigen<\/div>\n<p>T\u00e9l\u00e9phone 031 636 45 00<br \/>\n<a href=\"mailto:as*****@**.ch\" data-original-string=\"4cCjxYVZGhqyQjnZNtgh2w==a0eFZ19GLPy8Uwp7M62OQ3Qhw==\" title=\"This contact has been encoded by Anti-Spam by CleanTalk. Click to decode. To finish the decoding make sure that JavaScript is enabled in your browser.\">Courrier \u00e9lectronique<\/a><\/p>\n","protected":false},"excerpt":{"rendered":"<p>Pour conna\u00eetre les conditions \u00e0 remplir, adressez-vous \u00e0 l&lsquo;Office des assurances sociales. Pour toute autre question, veuillez vous adresser directement \u00e0 Amt f\u00fcr Sozialversicherungen R\u00e9duction des primes 1, rue de Forel 3072 Ostermundigen T\u00e9l\u00e9phone 031 636 45 00 Courrier \u00e9lectronique<\/p>\n","protected":false},"author":1,"featured_media":0,"parent":3153,"menu_order":54,"comment_status":"closed","ping_status":"closed","template":"","meta":{"_acf_changed":false,"_relevanssi_hide_post":"","_relevanssi_hide_content":"","_relevanssi_pin_for_all":"","_relevanssi_pin_keywords":"","_relevanssi_unpin_keywords":"","_relevanssi_related_keywords":"","_relevanssi_related_include_ids":"","_relevanssi_related_exclude_ids":"","_relevanssi_related_no_append":"","_relevanssi_related_not_related":"","_relevanssi_related_posts":"","_relevanssi_noindex_reason":"","footnotes":""},"class_list":["post-3168","page","type-page","status-publish","hentry"],"acf":[],"yoast_head":"<!-- This site is optimized with the Yoast SEO plugin v27.5 - https:\/\/yoast.com\/product\/yoast-seo-wordpress\/ -->\n<title>R\u00e9duction des primes d&#039;assurance maladie - Gemeinde Lengnau<\/title>\n<meta name=\"robots\" content=\"index, follow, max-snippet:-1, max-image-preview:large, max-video-preview:-1\" \/>\n<link rel=\"canonical\" href=\"https:\/\/www.lengnau.ch\/fr\/themes\/soziales\/praemienverbilligung-krankenkasse\/\" \/>\n<meta property=\"og:locale\" content=\"fr_FR\" \/>\n<meta property=\"og:type\" content=\"article\" \/>\n<meta property=\"og:title\" content=\"R\u00e9duction des primes d&#039;assurance maladie - Gemeinde Lengnau\" \/>\n<meta property=\"og:description\" content=\"Pour conna\u00eetre les conditions \u00e0 remplir, adressez-vous \u00e0 l&lsquo;Office des assurances sociales. Pour toute autre question, veuillez vous adresser directement \u00e0 Amt f\u00fcr Sozialversicherungen R\u00e9duction des primes 1, rue de Forel 3072 Ostermundigen T\u00e9l\u00e9phone 031 636 45 00 Courrier \u00e9lectronique\" \/>\n<meta property=\"og:url\" content=\"https:\/\/www.lengnau.ch\/fr\/themes\/soziales\/praemienverbilligung-krankenkasse\/\" \/>\n<meta property=\"og:site_name\" content=\"Gemeinde Lengnau\" \/>\n<meta property=\"article:modified_time\" content=\"2025-02-21T09:25:39+00:00\" \/>\n<meta name=\"twitter:card\" content=\"summary_large_image\" \/>\n<script type=\"application\/ld+json\" class=\"yoast-schema-graph\">{\"@context\":\"https:\\\/\\\/schema.org\",\"@graph\":[{\"@type\":\"WebPage\",\"@id\":\"https:\\\/\\\/www.lengnau.ch\\\/fr\\\/themes\\\/soziales\\\/praemienverbilligung-krankenkasse\\\/\",\"url\":\"https:\\\/\\\/www.lengnau.ch\\\/fr\\\/themes\\\/soziales\\\/praemienverbilligung-krankenkasse\\\/\",\"name\":\"R\u00e9duction des primes d'assurance maladie - Gemeinde Lengnau\",\"isPartOf\":{\"@id\":\"https:\\\/\\\/www.lengnau.ch\\\/#website\"},\"datePublished\":\"2022-02-16T14:37:33+00:00\",\"dateModified\":\"2025-02-21T09:25:39+00:00\",\"breadcrumb\":{\"@id\":\"https:\\\/\\\/www.lengnau.ch\\\/fr\\\/themes\\\/soziales\\\/praemienverbilligung-krankenkasse\\\/#breadcrumb\"},\"inLanguage\":\"fr-FR\",\"potentialAction\":[{\"@type\":\"ReadAction\",\"target\":[\"https:\\\/\\\/www.lengnau.ch\\\/fr\\\/themes\\\/soziales\\\/praemienverbilligung-krankenkasse\\\/\"]}]},{\"@type\":\"BreadcrumbList\",\"@id\":\"https:\\\/\\\/www.lengnau.ch\\\/fr\\\/themes\\\/soziales\\\/praemienverbilligung-krankenkasse\\\/#breadcrumb\",\"itemListElement\":[{\"@type\":\"ListItem\",\"position\":1,\"name\":\"Home\",\"item\":\"https:\\\/\\\/www.lengnau.ch\\\/fr\\\/\"},{\"@type\":\"ListItem\",\"position\":2,\"name\":\"Th\u00e8mes\",\"item\":\"https:\\\/\\\/www.lengnau.ch\\\/fr\\\/themes\\\/\"},{\"@type\":\"ListItem\",\"position\":3,\"name\":\"Social\",\"item\":\"https:\\\/\\\/www.lengnau.ch\\\/fr\\\/themes\\\/soziales\\\/\"},{\"@type\":\"ListItem\",\"position\":4,\"name\":\"R\u00e9duction des primes d&#8217;assurance maladie\"}]},{\"@type\":\"WebSite\",\"@id\":\"https:\\\/\\\/www.lengnau.ch\\\/#website\",\"url\":\"https:\\\/\\\/www.lengnau.ch\\\/\",\"name\":\"Gemeinde Lengnau\",\"description\":\"\",\"potentialAction\":[{\"@type\":\"SearchAction\",\"target\":{\"@type\":\"EntryPoint\",\"urlTemplate\":\"https:\\\/\\\/www.lengnau.ch\\\/?s={search_term_string}\"},\"query-input\":{\"@type\":\"PropertyValueSpecification\",\"valueRequired\":true,\"valueName\":\"search_term_string\"}}],\"inLanguage\":\"fr-FR\"}]}<\/script>\n<!-- \/ Yoast SEO plugin. -->","yoast_head_json":{"title":"R\u00e9duction des primes d'assurance maladie - Gemeinde Lengnau","robots":{"index":"index","follow":"follow","max-snippet":"max-snippet:-1","max-image-preview":"max-image-preview:large","max-video-preview":"max-video-preview:-1"},"canonical":"https:\/\/www.lengnau.ch\/fr\/themes\/soziales\/praemienverbilligung-krankenkasse\/","og_locale":"fr_FR","og_type":"article","og_title":"R\u00e9duction des primes d'assurance maladie - Gemeinde Lengnau","og_description":"Pour conna\u00eetre les conditions \u00e0 remplir, adressez-vous \u00e0 l&lsquo;Office des assurances sociales. Pour toute autre question, veuillez vous adresser directement \u00e0 Amt f\u00fcr Sozialversicherungen R\u00e9duction des primes 1, rue de Forel 3072 Ostermundigen T\u00e9l\u00e9phone 031 636 45 00 Courrier \u00e9lectronique","og_url":"https:\/\/www.lengnau.ch\/fr\/themes\/soziales\/praemienverbilligung-krankenkasse\/","og_site_name":"Gemeinde Lengnau","article_modified_time":"2025-02-21T09:25:39+00:00","twitter_card":"summary_large_image","schema":{"@context":"https:\/\/schema.org","@graph":[{"@type":"WebPage","@id":"https:\/\/www.lengnau.ch\/fr\/themes\/soziales\/praemienverbilligung-krankenkasse\/","url":"https:\/\/www.lengnau.ch\/fr\/themes\/soziales\/praemienverbilligung-krankenkasse\/","name":"R\u00e9duction des primes d'assurance maladie - Gemeinde Lengnau","isPartOf":{"@id":"https:\/\/www.lengnau.ch\/#website"},"datePublished":"2022-02-16T14:37:33+00:00","dateModified":"2025-02-21T09:25:39+00:00","breadcrumb":{"@id":"https:\/\/www.lengnau.ch\/fr\/themes\/soziales\/praemienverbilligung-krankenkasse\/#breadcrumb"},"inLanguage":"fr-FR","potentialAction":[{"@type":"ReadAction","target":["https:\/\/www.lengnau.ch\/fr\/themes\/soziales\/praemienverbilligung-krankenkasse\/"]}]},{"@type":"BreadcrumbList","@id":"https:\/\/www.lengnau.ch\/fr\/themes\/soziales\/praemienverbilligung-krankenkasse\/#breadcrumb","itemListElement":[{"@type":"ListItem","position":1,"name":"Home","item":"https:\/\/www.lengnau.ch\/fr\/"},{"@type":"ListItem","position":2,"name":"Th\u00e8mes","item":"https:\/\/www.lengnau.ch\/fr\/themes\/"},{"@type":"ListItem","position":3,"name":"Social","item":"https:\/\/www.lengnau.ch\/fr\/themes\/soziales\/"},{"@type":"ListItem","position":4,"name":"R\u00e9duction des primes d&#8217;assurance maladie"}]},{"@type":"WebSite","@id":"https:\/\/www.lengnau.ch\/#website","url":"https:\/\/www.lengnau.ch\/","name":"Gemeinde Lengnau","description":"","potentialAction":[{"@type":"SearchAction","target":{"@type":"EntryPoint","urlTemplate":"https:\/\/www.lengnau.ch\/?s={search_term_string}"},"query-input":{"@type":"PropertyValueSpecification","valueRequired":true,"valueName":"search_term_string"}}],"inLanguage":"fr-FR"}]}},"publishpress_future_action":{"enabled":false,"date":"2026-05-24 07:31:37","action":"change-status","newStatus":"draft","terms":[],"taxonomy":"translation_priority","extraData":[]},"publishpress_future_workflow_manual_trigger":{"enabledWorkflows":[]},"_links":{"self":[{"href":"https:\/\/www.lengnau.ch\/fr\/wp-json\/wp\/v2\/pages\/3168","targetHints":{"allow":["GET"]}}],"collection":[{"href":"https:\/\/www.lengnau.ch\/fr\/wp-json\/wp\/v2\/pages"}],"about":[{"href":"https:\/\/www.lengnau.ch\/fr\/wp-json\/wp\/v2\/types\/page"}],"author":[{"embeddable":true,"href":"https:\/\/www.lengnau.ch\/fr\/wp-json\/wp\/v2\/users\/1"}],"replies":[{"embeddable":true,"href":"https:\/\/www.lengnau.ch\/fr\/wp-json\/wp\/v2\/comments?post=3168"}],"version-history":[{"count":10,"href":"https:\/\/www.lengnau.ch\/fr\/wp-json\/wp\/v2\/pages\/3168\/revisions"}],"predecessor-version":[{"id":15851,"href":"https:\/\/www.lengnau.ch\/fr\/wp-json\/wp\/v2\/pages\/3168\/revisions\/15851"}],"up":[{"embeddable":true,"href":"https:\/\/www.lengnau.ch\/fr\/wp-json\/wp\/v2\/pages\/3153"}],"wp:attachment":[{"href":"https:\/\/www.lengnau.ch\/fr\/wp-json\/wp\/v2\/media?parent=3168"}],"curies":[{"name":"wp","href":"https:\/\/api.w.org\/{rel}","templated":true}]}}