{"id":3167,"date":"2022-02-16T15:39:45","date_gmt":"2022-02-16T14:39:45","guid":{"rendered":"https:\/\/lengnau.rettenmund.com\/themen\/umwelt\/feuerungskontrolle\/"},"modified":"2025-10-31T11:40:02","modified_gmt":"2025-10-31T10:40:02","slug":"feuerungskontrolle","status":"publish","type":"page","link":"https:\/\/www.lengnau.ch\/fr\/themes\/umwelt\/feuerungskontrolle\/","title":{"rendered":"Contr\u00f4le de combustion"},"content":{"rendered":"<p><strong>Les mesures sont effectu\u00e9es sur les foyers \u00e0 mazout et \u00e0 gaz :<\/strong><\/p>\n<ul>\n<li>Monoxyde de carbone<\/li>\n<li>Oxydes d&rsquo;azote<\/li>\n<li>Perte de gaz d&rsquo;\u00e9chappement<\/li>\n<\/ul>\n<p><strong>En plus pour les chauffages au mazout :<\/strong><\/p>\n<ul>\n<li>Suie<\/li>\n<li>parties d&rsquo;huile non br\u00fbl\u00e9es<\/li>\n<\/ul>\n<p>Les installations contest\u00e9es doivent, si possible, \u00eatre r\u00e9gularis\u00e9es dans les 30 jours, sinon un d\u00e9lai d&rsquo;assainissement de plusieurs ann\u00e9es peut \u00eatre fix\u00e9. La fiche d&rsquo;information sur le contr\u00f4le des installations de combustion fournit des informations plus pr\u00e9cises sur la proc\u00e9dure \u00e0 suivre en cas de contestation.<\/p>\n<h2>Contr\u00f4leur de combustion et de mazout<strong><br \/>\n<\/strong><\/h2>\n<p>Chemifritz GmbH<br \/>\nFritz Hofer<br \/>\nDahlienweg 5<br \/>\n2543 Lengnau BE<\/p>\n<p>T\u00e9l\u00e9phone 032 652 36 80 \/ 076 571 90 02<br \/>\n<a href=\"mailto:fr***@********tz.ch\" data-original-string=\"OmlsFg1mIFHXhiMuNljA9g==a0eIw93RGzlZhbJHb0r\/GixdUeq78Cq1aPYXFSxCZITcYI=\" title=\"This contact has been encoded by Anti-Spam by CleanTalk. Click to decode. To finish the decoding make sure that JavaScript is enabled in your browser.\">Courrier \u00e9lectronique<\/a><\/p>\n<h2>Surveillant du feu<strong><br \/>\n<\/strong><\/h2>\n<p>Christian Walthert<br \/>\nCommune de Br\u00fcgg<br \/>\n1, rue Mettgasse<br \/>\n2555 Br\u00fcgg<\/p>\n<p>T\u00e9l\u00e9phone 032 372 71 06<\/p>\n<h2>Plus d&rsquo;informations<\/h2>\n<p><a title=\"Feuerungskontrolle \/ Geb\u00fchrentarif\" href=\"https:\/\/www.lengnau.ch\/wp-content\/uploads\/2022\/08\/Feuerungskontrolle-Gebuehrentarif.pdf\" target=\"_blank\" rel=\"noopener\">Feuerungskontrolle \/ Geb\u00fchrentarif<\/a><br \/>\n<a title=\"Verordnung \u00fcber die Kontrolle der Feuerungsanlagen mit Heiz\u00f6l \u00abExtra leicht\u00bb und Gas (VKF)\" href=\"https:\/\/www.belex.sites.be.ch\/app\/de\/texts_of_law\/823.215.1\/versions\/2175\" target=\"_blank\" rel=\"noopener\">Verordnung \u00fcber die Kontrolle der Feuerungsanlagen mit Heiz\u00f6l \u00abExtra leicht\u00bb und Gas (VKF)<\/a><\/p>\n","protected":false},"excerpt":{"rendered":"<p>Les mesures sont effectu\u00e9es sur les foyers \u00e0 mazout et \u00e0 gaz : Monoxyde de carbone Oxydes d&rsquo;azote Perte de gaz d&rsquo;\u00e9chappement En plus pour les chauffages au mazout : Suie parties d&rsquo;huile non br\u00fbl\u00e9es Les installations contest\u00e9es doivent, si possible, \u00eatre r\u00e9gularis\u00e9es dans les 30 jours, sinon un d\u00e9lai d&rsquo;assainissement de plusieurs ann\u00e9es peut [&hellip;]<\/p>\n","protected":false},"author":1,"featured_media":0,"parent":3164,"menu_order":14,"comment_status":"closed","ping_status":"closed","template":"","meta":{"_acf_changed":false,"_relevanssi_hide_post":"","_relevanssi_hide_content":"","_relevanssi_pin_for_all":"","_relevanssi_pin_keywords":"","_relevanssi_unpin_keywords":"","_relevanssi_related_keywords":"","_relevanssi_related_include_ids":"","_relevanssi_related_exclude_ids":"","_relevanssi_related_no_append":"","_relevanssi_related_not_related":"","_relevanssi_related_posts":"","_relevanssi_noindex_reason":"","footnotes":""},"class_list":["post-3167","page","type-page","status-publish","hentry"],"acf":[],"yoast_head":"<!-- This site is optimized with the Yoast SEO plugin v27.5 - https:\/\/yoast.com\/product\/yoast-seo-wordpress\/ -->\n<title>Contr\u00f4le de combustion - Gemeinde Lengnau<\/title>\n<meta name=\"robots\" content=\"index, follow, max-snippet:-1, max-image-preview:large, max-video-preview:-1\" \/>\n<link rel=\"canonical\" href=\"https:\/\/www.lengnau.ch\/fr\/themes\/umwelt\/feuerungskontrolle\/\" \/>\n<meta property=\"og:locale\" content=\"fr_FR\" \/>\n<meta property=\"og:type\" content=\"article\" \/>\n<meta property=\"og:title\" content=\"Contr\u00f4le de combustion - Gemeinde Lengnau\" \/>\n<meta property=\"og:description\" content=\"Les mesures sont effectu\u00e9es sur les foyers \u00e0 mazout et \u00e0 gaz : Monoxyde de carbone Oxydes d&rsquo;azote Perte de gaz d&rsquo;\u00e9chappement En plus pour les chauffages au mazout : Suie parties d&rsquo;huile non br\u00fbl\u00e9es Les installations contest\u00e9es doivent, si possible, \u00eatre r\u00e9gularis\u00e9es dans les 30 jours, sinon un d\u00e9lai d&rsquo;assainissement de plusieurs ann\u00e9es peut [&hellip;]\" \/>\n<meta property=\"og:url\" content=\"https:\/\/www.lengnau.ch\/fr\/themes\/umwelt\/feuerungskontrolle\/\" \/>\n<meta property=\"og:site_name\" content=\"Gemeinde Lengnau\" \/>\n<meta property=\"article:modified_time\" content=\"2025-10-31T10:40:02+00:00\" \/>\n<meta name=\"twitter:card\" content=\"summary_large_image\" \/>\n<script type=\"application\/ld+json\" class=\"yoast-schema-graph\">{\"@context\":\"https:\\\/\\\/schema.org\",\"@graph\":[{\"@type\":\"WebPage\",\"@id\":\"https:\\\/\\\/www.lengnau.ch\\\/fr\\\/themes\\\/umwelt\\\/feuerungskontrolle\\\/\",\"url\":\"https:\\\/\\\/www.lengnau.ch\\\/fr\\\/themes\\\/umwelt\\\/feuerungskontrolle\\\/\",\"name\":\"Contr\u00f4le de combustion - Gemeinde Lengnau\",\"isPartOf\":{\"@id\":\"https:\\\/\\\/www.lengnau.ch\\\/#website\"},\"datePublished\":\"2022-02-16T14:39:45+00:00\",\"dateModified\":\"2025-10-31T10:40:02+00:00\",\"breadcrumb\":{\"@id\":\"https:\\\/\\\/www.lengnau.ch\\\/fr\\\/themes\\\/umwelt\\\/feuerungskontrolle\\\/#breadcrumb\"},\"inLanguage\":\"fr-FR\",\"potentialAction\":[{\"@type\":\"ReadAction\",\"target\":[\"https:\\\/\\\/www.lengnau.ch\\\/fr\\\/themes\\\/umwelt\\\/feuerungskontrolle\\\/\"]}]},{\"@type\":\"BreadcrumbList\",\"@id\":\"https:\\\/\\\/www.lengnau.ch\\\/fr\\\/themes\\\/umwelt\\\/feuerungskontrolle\\\/#breadcrumb\",\"itemListElement\":[{\"@type\":\"ListItem\",\"position\":1,\"name\":\"Home\",\"item\":\"https:\\\/\\\/www.lengnau.ch\\\/fr\\\/\"},{\"@type\":\"ListItem\",\"position\":2,\"name\":\"Th\u00e8mes\",\"item\":\"https:\\\/\\\/www.lengnau.ch\\\/fr\\\/themes\\\/\"},{\"@type\":\"ListItem\",\"position\":3,\"name\":\"Environnement\",\"item\":\"https:\\\/\\\/www.lengnau.ch\\\/fr\\\/themes\\\/umwelt\\\/\"},{\"@type\":\"ListItem\",\"position\":4,\"name\":\"Contr\u00f4le de combustion\"}]},{\"@type\":\"WebSite\",\"@id\":\"https:\\\/\\\/www.lengnau.ch\\\/#website\",\"url\":\"https:\\\/\\\/www.lengnau.ch\\\/\",\"name\":\"Gemeinde Lengnau\",\"description\":\"\",\"potentialAction\":[{\"@type\":\"SearchAction\",\"target\":{\"@type\":\"EntryPoint\",\"urlTemplate\":\"https:\\\/\\\/www.lengnau.ch\\\/?s={search_term_string}\"},\"query-input\":{\"@type\":\"PropertyValueSpecification\",\"valueRequired\":true,\"valueName\":\"search_term_string\"}}],\"inLanguage\":\"fr-FR\"}]}<\/script>\n<!-- \/ Yoast SEO plugin. -->","yoast_head_json":{"title":"Contr\u00f4le de combustion - Gemeinde Lengnau","robots":{"index":"index","follow":"follow","max-snippet":"max-snippet:-1","max-image-preview":"max-image-preview:large","max-video-preview":"max-video-preview:-1"},"canonical":"https:\/\/www.lengnau.ch\/fr\/themes\/umwelt\/feuerungskontrolle\/","og_locale":"fr_FR","og_type":"article","og_title":"Contr\u00f4le de combustion - Gemeinde Lengnau","og_description":"Les mesures sont effectu\u00e9es sur les foyers \u00e0 mazout et \u00e0 gaz : Monoxyde de carbone Oxydes d&rsquo;azote Perte de gaz d&rsquo;\u00e9chappement En plus pour les chauffages au mazout : Suie parties d&rsquo;huile non br\u00fbl\u00e9es Les installations contest\u00e9es doivent, si possible, \u00eatre r\u00e9gularis\u00e9es dans les 30 jours, sinon un d\u00e9lai d&rsquo;assainissement de plusieurs ann\u00e9es peut [&hellip;]","og_url":"https:\/\/www.lengnau.ch\/fr\/themes\/umwelt\/feuerungskontrolle\/","og_site_name":"Gemeinde Lengnau","article_modified_time":"2025-10-31T10:40:02+00:00","twitter_card":"summary_large_image","schema":{"@context":"https:\/\/schema.org","@graph":[{"@type":"WebPage","@id":"https:\/\/www.lengnau.ch\/fr\/themes\/umwelt\/feuerungskontrolle\/","url":"https:\/\/www.lengnau.ch\/fr\/themes\/umwelt\/feuerungskontrolle\/","name":"Contr\u00f4le de combustion - Gemeinde Lengnau","isPartOf":{"@id":"https:\/\/www.lengnau.ch\/#website"},"datePublished":"2022-02-16T14:39:45+00:00","dateModified":"2025-10-31T10:40:02+00:00","breadcrumb":{"@id":"https:\/\/www.lengnau.ch\/fr\/themes\/umwelt\/feuerungskontrolle\/#breadcrumb"},"inLanguage":"fr-FR","potentialAction":[{"@type":"ReadAction","target":["https:\/\/www.lengnau.ch\/fr\/themes\/umwelt\/feuerungskontrolle\/"]}]},{"@type":"BreadcrumbList","@id":"https:\/\/www.lengnau.ch\/fr\/themes\/umwelt\/feuerungskontrolle\/#breadcrumb","itemListElement":[{"@type":"ListItem","position":1,"name":"Home","item":"https:\/\/www.lengnau.ch\/fr\/"},{"@type":"ListItem","position":2,"name":"Th\u00e8mes","item":"https:\/\/www.lengnau.ch\/fr\/themes\/"},{"@type":"ListItem","position":3,"name":"Environnement","item":"https:\/\/www.lengnau.ch\/fr\/themes\/umwelt\/"},{"@type":"ListItem","position":4,"name":"Contr\u00f4le de combustion"}]},{"@type":"WebSite","@id":"https:\/\/www.lengnau.ch\/#website","url":"https:\/\/www.lengnau.ch\/","name":"Gemeinde Lengnau","description":"","potentialAction":[{"@type":"SearchAction","target":{"@type":"EntryPoint","urlTemplate":"https:\/\/www.lengnau.ch\/?s={search_term_string}"},"query-input":{"@type":"PropertyValueSpecification","valueRequired":true,"valueName":"search_term_string"}}],"inLanguage":"fr-FR"}]}},"publishpress_future_action":{"enabled":false,"date":"2026-05-16 11:32:49","action":"change-status","newStatus":"draft","terms":[],"taxonomy":"translation_priority","extraData":[]},"publishpress_future_workflow_manual_trigger":{"enabledWorkflows":[]},"_links":{"self":[{"href":"https:\/\/www.lengnau.ch\/fr\/wp-json\/wp\/v2\/pages\/3167","targetHints":{"allow":["GET"]}}],"collection":[{"href":"https:\/\/www.lengnau.ch\/fr\/wp-json\/wp\/v2\/pages"}],"about":[{"href":"https:\/\/www.lengnau.ch\/fr\/wp-json\/wp\/v2\/types\/page"}],"author":[{"embeddable":true,"href":"https:\/\/www.lengnau.ch\/fr\/wp-json\/wp\/v2\/users\/1"}],"replies":[{"embeddable":true,"href":"https:\/\/www.lengnau.ch\/fr\/wp-json\/wp\/v2\/comments?post=3167"}],"version-history":[{"count":10,"href":"https:\/\/www.lengnau.ch\/fr\/wp-json\/wp\/v2\/pages\/3167\/revisions"}],"predecessor-version":[{"id":18005,"href":"https:\/\/www.lengnau.ch\/fr\/wp-json\/wp\/v2\/pages\/3167\/revisions\/18005"}],"up":[{"embeddable":true,"href":"https:\/\/www.lengnau.ch\/fr\/wp-json\/wp\/v2\/pages\/3164"}],"wp:attachment":[{"href":"https:\/\/www.lengnau.ch\/fr\/wp-json\/wp\/v2\/media?parent=3167"}],"curies":[{"name":"wp","href":"https:\/\/api.w.org\/{rel}","templated":true}]}}