{"id":3165,"date":"2022-02-16T15:39:55","date_gmt":"2022-02-16T14:39:55","guid":{"rendered":"https:\/\/lengnau.rettenmund.com\/themen\/umwelt\/baeume-straeucher-zurueckschneiden\/"},"modified":"2024-01-18T11:23:34","modified_gmt":"2024-01-18T10:23:34","slug":"baeume-straeucher-zurueckschneiden","status":"publish","type":"page","link":"https:\/\/www.lengnau.ch\/fr\/themes\/umwelt\/baeume-straeucher-zurueckschneiden\/","title":{"rendered":"Tailler les arbres et les arbustes"},"content":{"rendered":"<p>Afin d&rsquo;\u00e9viter de tels dangers pour la circulation, la loi sur la circulation routi\u00e8re ou la loi sur les chemins de fer prescrivent que les v\u00e9hicules doivent \u00eatre munis d&rsquo;une plaque d&rsquo;immatriculation. l&rsquo;ordonnance sur les routes, entre autres :<\/p>\n<ul>\n<li>Les haies, les arbustes et les plantations doivent \u00eatre plac\u00e9s \u00e0 au moins 50 cm du bord de la chauss\u00e9e.<\/li>\n<li>Les branches en surplomb ne doivent pas empi\u00e9ter sur l&rsquo;espace a\u00e9rien de 4,50 m\u00e8tres de hauteur qui doit \u00eatre maintenu libre au-dessus de la route.<\/li>\n<li>Une hauteur de 2,50 m\u00e8tres et une distance lat\u00e9rale de 50 cm doivent \u00eatre maintenues au-dessus des trottoirs, des voies pi\u00e9tonnes et des pistes cyclables.<\/li>\n<li>L&rsquo;effet de l&rsquo;\u00e9clairage public ne doit pas \u00eatre entrav\u00e9<\/li>\n<li>Les installations d&rsquo;hydrantes doivent \u00eatre facilement accessibles en tout temps.<\/li>\n<li>Aux endroits dangereux le long des routes publiques, en particulier dans les virages, les d\u00e9bouch\u00e9s et les carrefours, les plantations de toutes sortes poussant plus haut, y compris les arbres et les arbustes, ne sont pas autoris\u00e9es. les branches qui g\u00eanent la visibilit\u00e9 du trafic ne d\u00e9passent pas 60 cm de hauteur<\/li>\n<li>Les cl\u00f4tures en fil de fer barbel\u00e9 qui ne sont pas suffisamment prot\u00e9g\u00e9es doivent \u00eatre plac\u00e9es \u00e0 2 m\u00e8tres du bord de la chauss\u00e9e ou \u00e0 50 cm du bord arri\u00e8re du trottoir.<\/li>\n<\/ul>\n<p><u>Les arbres, arbustes et plantations doivent \u00eatre adapt\u00e9s au gabarit suivant :<\/u><\/p>\n<p><img loading=\"lazy\" decoding=\"async\" title=\"Profil d'espace libre\" src=\"https:\/\/www.lengnau.ch\/wp-content\/uploads\/2022\/08\/Lichtraumprofil.png\" alt=\"Profil d'espace libre\" width=\"728\" height=\"528\"><\/p>\n<p>&nbsp;<\/p>\n<h2>Contact \/ Questions<\/h2>\n<p>Commune municipale de Lengnau BE<br \/>\nD\u00e9partement de la construction et de la planification<br \/>\nBrunnenplatz 2<br \/>\n2543 Lengnau BE<\/p>\n<p>T\u00e9l\u00e9phone 032 654 71 04<br \/>\n<a href=\"mailto:ba**********@*****au.ch\" data-original-string=\"ugRXoIcORCtX9+IODN8SrA==a0ePWK2bQ5eBItL9gJRAibK89mmHNj\/9ZH20T\/EYb+SNJc=\" title=\"This contact has been encoded by Anti-Spam by CleanTalk. Click to decode. To finish the decoding make sure that JavaScript is enabled in your browser.\">Courrier \u00e9lectronique<\/a><\/p>\n","protected":false},"excerpt":{"rendered":"<p>Afin d&rsquo;\u00e9viter de tels dangers pour la circulation, la loi sur la circulation routi\u00e8re ou la loi sur les chemins de fer prescrivent que les v\u00e9hicules doivent \u00eatre munis d&rsquo;une plaque d&rsquo;immatriculation. l&rsquo;ordonnance sur les routes, entre autres : Les haies, les arbustes et les plantations doivent \u00eatre plac\u00e9s \u00e0 au moins 50 cm du [&hellip;]<\/p>\n","protected":false},"author":1,"featured_media":0,"parent":3164,"menu_order":24,"comment_status":"closed","ping_status":"closed","template":"","meta":{"_acf_changed":false,"_relevanssi_hide_post":"","_relevanssi_hide_content":"","_relevanssi_pin_for_all":"","_relevanssi_pin_keywords":"","_relevanssi_unpin_keywords":"","_relevanssi_related_keywords":"","_relevanssi_related_include_ids":"","_relevanssi_related_exclude_ids":"","_relevanssi_related_no_append":"","_relevanssi_related_not_related":"","_relevanssi_related_posts":"","_relevanssi_noindex_reason":"","footnotes":""},"class_list":["post-3165","page","type-page","status-publish","hentry"],"acf":[],"yoast_head":"<!-- This site is optimized with the Yoast SEO plugin v27.1.1 - https:\/\/yoast.com\/product\/yoast-seo-wordpress\/ -->\n<title>Tailler les arbres et les arbustes - Gemeinde Lengnau<\/title>\n<meta name=\"robots\" content=\"index, follow, max-snippet:-1, max-image-preview:large, max-video-preview:-1\" \/>\n<link rel=\"canonical\" href=\"https:\/\/www.lengnau.ch\/fr\/themes\/umwelt\/baeume-straeucher-zurueckschneiden\/\" \/>\n<meta property=\"og:locale\" content=\"fr_FR\" \/>\n<meta property=\"og:type\" content=\"article\" \/>\n<meta property=\"og:title\" content=\"Tailler les arbres et les arbustes - Gemeinde Lengnau\" \/>\n<meta property=\"og:description\" content=\"Afin d&rsquo;\u00e9viter de tels dangers pour la circulation, la loi sur la circulation routi\u00e8re ou la loi sur les chemins de fer prescrivent que les v\u00e9hicules doivent \u00eatre munis d&rsquo;une plaque d&rsquo;immatriculation. l&rsquo;ordonnance sur les routes, entre autres : Les haies, les arbustes et les plantations doivent \u00eatre plac\u00e9s \u00e0 au moins 50 cm du [&hellip;]\" \/>\n<meta property=\"og:url\" content=\"https:\/\/www.lengnau.ch\/fr\/themes\/umwelt\/baeume-straeucher-zurueckschneiden\/\" \/>\n<meta property=\"og:site_name\" content=\"Gemeinde Lengnau\" \/>\n<meta property=\"article:modified_time\" content=\"2024-01-18T10:23:34+00:00\" \/>\n<meta property=\"og:image\" content=\"https:\/\/www.lengnau.ch\/wp-content\/uploads\/2022\/08\/Lichtraumprofil.png\" \/>\n<meta name=\"twitter:card\" content=\"summary_large_image\" \/>\n<script type=\"application\/ld+json\" class=\"yoast-schema-graph\">{\"@context\":\"https:\/\/schema.org\",\"@graph\":[{\"@type\":\"WebPage\",\"@id\":\"https:\/\/www.lengnau.ch\/fr\/themes\/umwelt\/baeume-straeucher-zurueckschneiden\/\",\"url\":\"https:\/\/www.lengnau.ch\/fr\/themes\/umwelt\/baeume-straeucher-zurueckschneiden\/\",\"name\":\"Tailler les arbres et les arbustes - Gemeinde Lengnau\",\"isPartOf\":{\"@id\":\"https:\/\/www.lengnau.ch\/#website\"},\"primaryImageOfPage\":{\"@id\":\"https:\/\/www.lengnau.ch\/fr\/themes\/umwelt\/baeume-straeucher-zurueckschneiden\/#primaryimage\"},\"image\":{\"@id\":\"https:\/\/www.lengnau.ch\/fr\/themes\/umwelt\/baeume-straeucher-zurueckschneiden\/#primaryimage\"},\"thumbnailUrl\":\"https:\/\/www.lengnau.ch\/wp-content\/uploads\/2022\/08\/Lichtraumprofil.png\",\"datePublished\":\"2022-02-16T14:39:55+00:00\",\"dateModified\":\"2024-01-18T10:23:34+00:00\",\"breadcrumb\":{\"@id\":\"https:\/\/www.lengnau.ch\/fr\/themes\/umwelt\/baeume-straeucher-zurueckschneiden\/#breadcrumb\"},\"inLanguage\":\"fr-FR\",\"potentialAction\":[{\"@type\":\"ReadAction\",\"target\":[\"https:\/\/www.lengnau.ch\/fr\/themes\/umwelt\/baeume-straeucher-zurueckschneiden\/\"]}]},{\"@type\":\"ImageObject\",\"inLanguage\":\"fr-FR\",\"@id\":\"https:\/\/www.lengnau.ch\/fr\/themes\/umwelt\/baeume-straeucher-zurueckschneiden\/#primaryimage\",\"url\":\"https:\/\/www.lengnau.ch\/wp-content\/uploads\/2022\/08\/Lichtraumprofil.png\",\"contentUrl\":\"https:\/\/www.lengnau.ch\/wp-content\/uploads\/2022\/08\/Lichtraumprofil.png\"},{\"@type\":\"BreadcrumbList\",\"@id\":\"https:\/\/www.lengnau.ch\/fr\/themes\/umwelt\/baeume-straeucher-zurueckschneiden\/#breadcrumb\",\"itemListElement\":[{\"@type\":\"ListItem\",\"position\":1,\"name\":\"Home\",\"item\":\"https:\/\/www.lengnau.ch\/fr\/\"},{\"@type\":\"ListItem\",\"position\":2,\"name\":\"Th\u00e8mes\",\"item\":\"https:\/\/www.lengnau.ch\/fr\/themes\/\"},{\"@type\":\"ListItem\",\"position\":3,\"name\":\"Environnement\",\"item\":\"https:\/\/www.lengnau.ch\/fr\/themes\/umwelt\/\"},{\"@type\":\"ListItem\",\"position\":4,\"name\":\"Tailler les arbres et les arbustes\"}]},{\"@type\":\"WebSite\",\"@id\":\"https:\/\/www.lengnau.ch\/#website\",\"url\":\"https:\/\/www.lengnau.ch\/\",\"name\":\"Gemeinde Lengnau\",\"description\":\"\",\"potentialAction\":[{\"@type\":\"SearchAction\",\"target\":{\"@type\":\"EntryPoint\",\"urlTemplate\":\"https:\/\/www.lengnau.ch\/?s={search_term_string}\"},\"query-input\":{\"@type\":\"PropertyValueSpecification\",\"valueRequired\":true,\"valueName\":\"search_term_string\"}}],\"inLanguage\":\"fr-FR\"}]}<\/script>\n<!-- \/ Yoast SEO plugin. -->","yoast_head_json":{"title":"Tailler les arbres et les arbustes - Gemeinde Lengnau","robots":{"index":"index","follow":"follow","max-snippet":"max-snippet:-1","max-image-preview":"max-image-preview:large","max-video-preview":"max-video-preview:-1"},"canonical":"https:\/\/www.lengnau.ch\/fr\/themes\/umwelt\/baeume-straeucher-zurueckschneiden\/","og_locale":"fr_FR","og_type":"article","og_title":"Tailler les arbres et les arbustes - Gemeinde Lengnau","og_description":"Afin d&rsquo;\u00e9viter de tels dangers pour la circulation, la loi sur la circulation routi\u00e8re ou la loi sur les chemins de fer prescrivent que les v\u00e9hicules doivent \u00eatre munis d&rsquo;une plaque d&rsquo;immatriculation. l&rsquo;ordonnance sur les routes, entre autres : Les haies, les arbustes et les plantations doivent \u00eatre plac\u00e9s \u00e0 au moins 50 cm du [&hellip;]","og_url":"https:\/\/www.lengnau.ch\/fr\/themes\/umwelt\/baeume-straeucher-zurueckschneiden\/","og_site_name":"Gemeinde Lengnau","article_modified_time":"2024-01-18T10:23:34+00:00","og_image":[{"url":"https:\/\/www.lengnau.ch\/wp-content\/uploads\/2022\/08\/Lichtraumprofil.png","type":"","width":"","height":""}],"twitter_card":"summary_large_image","schema":{"@context":"https:\/\/schema.org","@graph":[{"@type":"WebPage","@id":"https:\/\/www.lengnau.ch\/fr\/themes\/umwelt\/baeume-straeucher-zurueckschneiden\/","url":"https:\/\/www.lengnau.ch\/fr\/themes\/umwelt\/baeume-straeucher-zurueckschneiden\/","name":"Tailler les arbres et les arbustes - Gemeinde Lengnau","isPartOf":{"@id":"https:\/\/www.lengnau.ch\/#website"},"primaryImageOfPage":{"@id":"https:\/\/www.lengnau.ch\/fr\/themes\/umwelt\/baeume-straeucher-zurueckschneiden\/#primaryimage"},"image":{"@id":"https:\/\/www.lengnau.ch\/fr\/themes\/umwelt\/baeume-straeucher-zurueckschneiden\/#primaryimage"},"thumbnailUrl":"https:\/\/www.lengnau.ch\/wp-content\/uploads\/2022\/08\/Lichtraumprofil.png","datePublished":"2022-02-16T14:39:55+00:00","dateModified":"2024-01-18T10:23:34+00:00","breadcrumb":{"@id":"https:\/\/www.lengnau.ch\/fr\/themes\/umwelt\/baeume-straeucher-zurueckschneiden\/#breadcrumb"},"inLanguage":"fr-FR","potentialAction":[{"@type":"ReadAction","target":["https:\/\/www.lengnau.ch\/fr\/themes\/umwelt\/baeume-straeucher-zurueckschneiden\/"]}]},{"@type":"ImageObject","inLanguage":"fr-FR","@id":"https:\/\/www.lengnau.ch\/fr\/themes\/umwelt\/baeume-straeucher-zurueckschneiden\/#primaryimage","url":"https:\/\/www.lengnau.ch\/wp-content\/uploads\/2022\/08\/Lichtraumprofil.png","contentUrl":"https:\/\/www.lengnau.ch\/wp-content\/uploads\/2022\/08\/Lichtraumprofil.png"},{"@type":"BreadcrumbList","@id":"https:\/\/www.lengnau.ch\/fr\/themes\/umwelt\/baeume-straeucher-zurueckschneiden\/#breadcrumb","itemListElement":[{"@type":"ListItem","position":1,"name":"Home","item":"https:\/\/www.lengnau.ch\/fr\/"},{"@type":"ListItem","position":2,"name":"Th\u00e8mes","item":"https:\/\/www.lengnau.ch\/fr\/themes\/"},{"@type":"ListItem","position":3,"name":"Environnement","item":"https:\/\/www.lengnau.ch\/fr\/themes\/umwelt\/"},{"@type":"ListItem","position":4,"name":"Tailler les arbres et les arbustes"}]},{"@type":"WebSite","@id":"https:\/\/www.lengnau.ch\/#website","url":"https:\/\/www.lengnau.ch\/","name":"Gemeinde Lengnau","description":"","potentialAction":[{"@type":"SearchAction","target":{"@type":"EntryPoint","urlTemplate":"https:\/\/www.lengnau.ch\/?s={search_term_string}"},"query-input":{"@type":"PropertyValueSpecification","valueRequired":true,"valueName":"search_term_string"}}],"inLanguage":"fr-FR"}]}},"publishpress_future_action":{"enabled":false,"date":"2026-04-14 14:26:25","action":"change-status","newStatus":"draft","terms":[],"taxonomy":"translation_priority","extraData":[]},"publishpress_future_workflow_manual_trigger":{"enabledWorkflows":[]},"_links":{"self":[{"href":"https:\/\/www.lengnau.ch\/fr\/wp-json\/wp\/v2\/pages\/3165","targetHints":{"allow":["GET"]}}],"collection":[{"href":"https:\/\/www.lengnau.ch\/fr\/wp-json\/wp\/v2\/pages"}],"about":[{"href":"https:\/\/www.lengnau.ch\/fr\/wp-json\/wp\/v2\/types\/page"}],"author":[{"embeddable":true,"href":"https:\/\/www.lengnau.ch\/fr\/wp-json\/wp\/v2\/users\/1"}],"replies":[{"embeddable":true,"href":"https:\/\/www.lengnau.ch\/fr\/wp-json\/wp\/v2\/comments?post=3165"}],"version-history":[{"count":10,"href":"https:\/\/www.lengnau.ch\/fr\/wp-json\/wp\/v2\/pages\/3165\/revisions"}],"predecessor-version":[{"id":12195,"href":"https:\/\/www.lengnau.ch\/fr\/wp-json\/wp\/v2\/pages\/3165\/revisions\/12195"}],"up":[{"embeddable":true,"href":"https:\/\/www.lengnau.ch\/fr\/wp-json\/wp\/v2\/pages\/3164"}],"wp:attachment":[{"href":"https:\/\/www.lengnau.ch\/fr\/wp-json\/wp\/v2\/media?parent=3165"}],"curies":[{"name":"wp","href":"https:\/\/api.w.org\/{rel}","templated":true}]}}