{"id":3163,"date":"2022-02-16T15:37:03","date_gmt":"2022-02-16T14:37:03","guid":{"rendered":"https:\/\/lengnau.rettenmund.com\/themen\/soziales\/arbeitslosigkeit\/"},"modified":"2025-11-07T09:01:28","modified_gmt":"2025-11-07T08:01:28","slug":"arbeitslosigkeit","status":"publish","type":"page","link":"https:\/\/www.lengnau.ch\/fr\/themes\/soziales\/arbeitslosigkeit\/","title":{"rendered":"Ch\u00f4mage"},"content":{"rendered":"<p>L&rsquo;OAC Office de l\u2019assurance-ch\u00f4mage est le point de contact central pour toutes les questions relatives \u00e0 l&rsquo;Office r\u00e9gional de placement et \u00e0 la Caisse de ch\u00f4mage du canton de Berne.<\/p>\n<p>Pour la commune de Lengnau BE, c&rsquo;est l&rsquo;OAC Office de l\u2019assurance-ch\u00f4mage \u00e0 Bienne qui est comp\u00e9tent.<\/p>\n<h2>Contact<\/h2>\n<p>OAC Office de l\u2019assurance-ch\u00f4mage<br \/>\nCentre de service client<br \/>\nRue centrale 63<br \/>\n2501 Biel\/Bienne<\/p>\n<p>T\u00e9l\u00e9phone 031 636 70 00<br \/>\n<a href=\"https:\/\/www.weu.be.ch\/de\/start\/ueber-uns\/die-organisation\/amt-fuer-arbeitslosenversicherung\/kontaktformular-ava.html\" target=\"_blank\" rel=\"noopener\">Formulaire de contact OAC<\/a><br \/>\n<a href=\"https:\/\/www.weu.be.ch\/de\/start\/ueber-uns\/die-organisation\/amt-fuer-arbeitslosenversicherung.html\">Site web<\/a><\/p>\n<h2>Heures d&rsquo;ouverture<\/h2>\n<p><strong>du lundi au jeudi<\/strong><br \/>\n08.00 &#8211; 12.00 heures \/ 13.30 &#8211; 17.00 heures<\/p>\n<p><strong>vendredi<\/strong><br \/>\n08.00 &#8211; 12.00 heures \/ 13.30 &#8211; 16.30 heures<\/p>\n<h2>En savoir plus sur le sujet<\/h2>\n<p><a href=\"https:\/\/www.weu.be.ch\/de\/start\/themen\/wirtschaft-und-arbeit\/arbeitslosigkeit\/rav-anmelden-online.html\" target=\"_blank\" rel=\"noopener\">Inscription en ligne Agence r\u00e9gionale pour l&#8217;emploi<\/a><br \/>\n<a href=\"https:\/\/www.arbeit.swiss\/secoalv\/de\/home.html\" target=\"_blank\" rel=\"noopener\">travail.swiss &#8211; Secr\u00e9tariat d&rsquo;\u00c9tat \u00e0 l&rsquo;\u00e9conomie SECO<\/a><\/p>\n","protected":false},"excerpt":{"rendered":"<p>L&rsquo;OAC Office de l\u2019assurance-ch\u00f4mage est le point de contact central pour toutes les questions relatives \u00e0 l&rsquo;Office r\u00e9gional de placement et \u00e0 la Caisse de ch\u00f4mage du canton de Berne. Pour la commune de Lengnau BE, c&rsquo;est l&rsquo;OAC Office de l\u2019assurance-ch\u00f4mage \u00e0 Bienne qui est comp\u00e9tent. Contact OAC Office de l\u2019assurance-ch\u00f4mage Centre de service client [&hellip;]<\/p>\n","protected":false},"author":1,"featured_media":0,"parent":3153,"menu_order":24,"comment_status":"closed","ping_status":"closed","template":"","meta":{"_acf_changed":false,"_relevanssi_hide_post":"","_relevanssi_hide_content":"","_relevanssi_pin_for_all":"","_relevanssi_pin_keywords":"","_relevanssi_unpin_keywords":"","_relevanssi_related_keywords":"","_relevanssi_related_include_ids":"","_relevanssi_related_exclude_ids":"","_relevanssi_related_no_append":"","_relevanssi_related_not_related":"","_relevanssi_related_posts":"","_relevanssi_noindex_reason":"","footnotes":""},"class_list":["post-3163","page","type-page","status-publish","hentry"],"acf":[],"yoast_head":"<!-- This site is optimized with the Yoast SEO plugin v27.5 - https:\/\/yoast.com\/product\/yoast-seo-wordpress\/ -->\n<title>Ch\u00f4mage - Gemeinde Lengnau<\/title>\n<meta name=\"robots\" content=\"index, follow, max-snippet:-1, max-image-preview:large, max-video-preview:-1\" \/>\n<link rel=\"canonical\" href=\"https:\/\/www.lengnau.ch\/fr\/themes\/soziales\/arbeitslosigkeit\/\" \/>\n<meta property=\"og:locale\" content=\"fr_FR\" \/>\n<meta property=\"og:type\" content=\"article\" \/>\n<meta property=\"og:title\" content=\"Ch\u00f4mage - Gemeinde Lengnau\" \/>\n<meta property=\"og:description\" content=\"L&rsquo;OAC Office de l\u2019assurance-ch\u00f4mage est le point de contact central pour toutes les questions relatives \u00e0 l&rsquo;Office r\u00e9gional de placement et \u00e0 la Caisse de ch\u00f4mage du canton de Berne. Pour la commune de Lengnau BE, c&rsquo;est l&rsquo;OAC Office de l\u2019assurance-ch\u00f4mage \u00e0 Bienne qui est comp\u00e9tent. Contact OAC Office de l\u2019assurance-ch\u00f4mage Centre de service client [&hellip;]\" \/>\n<meta property=\"og:url\" content=\"https:\/\/www.lengnau.ch\/fr\/themes\/soziales\/arbeitslosigkeit\/\" \/>\n<meta property=\"og:site_name\" content=\"Gemeinde Lengnau\" \/>\n<meta property=\"article:modified_time\" content=\"2025-11-07T08:01:28+00:00\" \/>\n<meta name=\"twitter:card\" content=\"summary_large_image\" \/>\n<script type=\"application\/ld+json\" class=\"yoast-schema-graph\">{\"@context\":\"https:\\\/\\\/schema.org\",\"@graph\":[{\"@type\":\"WebPage\",\"@id\":\"https:\\\/\\\/www.lengnau.ch\\\/fr\\\/themes\\\/soziales\\\/arbeitslosigkeit\\\/\",\"url\":\"https:\\\/\\\/www.lengnau.ch\\\/fr\\\/themes\\\/soziales\\\/arbeitslosigkeit\\\/\",\"name\":\"Ch\u00f4mage - Gemeinde Lengnau\",\"isPartOf\":{\"@id\":\"https:\\\/\\\/www.lengnau.ch\\\/#website\"},\"datePublished\":\"2022-02-16T14:37:03+00:00\",\"dateModified\":\"2025-11-07T08:01:28+00:00\",\"breadcrumb\":{\"@id\":\"https:\\\/\\\/www.lengnau.ch\\\/fr\\\/themes\\\/soziales\\\/arbeitslosigkeit\\\/#breadcrumb\"},\"inLanguage\":\"fr-FR\",\"potentialAction\":[{\"@type\":\"ReadAction\",\"target\":[\"https:\\\/\\\/www.lengnau.ch\\\/fr\\\/themes\\\/soziales\\\/arbeitslosigkeit\\\/\"]}]},{\"@type\":\"BreadcrumbList\",\"@id\":\"https:\\\/\\\/www.lengnau.ch\\\/fr\\\/themes\\\/soziales\\\/arbeitslosigkeit\\\/#breadcrumb\",\"itemListElement\":[{\"@type\":\"ListItem\",\"position\":1,\"name\":\"Home\",\"item\":\"https:\\\/\\\/www.lengnau.ch\\\/fr\\\/\"},{\"@type\":\"ListItem\",\"position\":2,\"name\":\"Th\u00e8mes\",\"item\":\"https:\\\/\\\/www.lengnau.ch\\\/fr\\\/themes\\\/\"},{\"@type\":\"ListItem\",\"position\":3,\"name\":\"Social\",\"item\":\"https:\\\/\\\/www.lengnau.ch\\\/fr\\\/themes\\\/soziales\\\/\"},{\"@type\":\"ListItem\",\"position\":4,\"name\":\"Ch\u00f4mage\"}]},{\"@type\":\"WebSite\",\"@id\":\"https:\\\/\\\/www.lengnau.ch\\\/#website\",\"url\":\"https:\\\/\\\/www.lengnau.ch\\\/\",\"name\":\"Gemeinde Lengnau\",\"description\":\"\",\"potentialAction\":[{\"@type\":\"SearchAction\",\"target\":{\"@type\":\"EntryPoint\",\"urlTemplate\":\"https:\\\/\\\/www.lengnau.ch\\\/?s={search_term_string}\"},\"query-input\":{\"@type\":\"PropertyValueSpecification\",\"valueRequired\":true,\"valueName\":\"search_term_string\"}}],\"inLanguage\":\"fr-FR\"}]}<\/script>\n<!-- \/ Yoast SEO plugin. -->","yoast_head_json":{"title":"Ch\u00f4mage - Gemeinde Lengnau","robots":{"index":"index","follow":"follow","max-snippet":"max-snippet:-1","max-image-preview":"max-image-preview:large","max-video-preview":"max-video-preview:-1"},"canonical":"https:\/\/www.lengnau.ch\/fr\/themes\/soziales\/arbeitslosigkeit\/","og_locale":"fr_FR","og_type":"article","og_title":"Ch\u00f4mage - Gemeinde Lengnau","og_description":"L&rsquo;OAC Office de l\u2019assurance-ch\u00f4mage est le point de contact central pour toutes les questions relatives \u00e0 l&rsquo;Office r\u00e9gional de placement et \u00e0 la Caisse de ch\u00f4mage du canton de Berne. Pour la commune de Lengnau BE, c&rsquo;est l&rsquo;OAC Office de l\u2019assurance-ch\u00f4mage \u00e0 Bienne qui est comp\u00e9tent. Contact OAC Office de l\u2019assurance-ch\u00f4mage Centre de service client [&hellip;]","og_url":"https:\/\/www.lengnau.ch\/fr\/themes\/soziales\/arbeitslosigkeit\/","og_site_name":"Gemeinde Lengnau","article_modified_time":"2025-11-07T08:01:28+00:00","twitter_card":"summary_large_image","schema":{"@context":"https:\/\/schema.org","@graph":[{"@type":"WebPage","@id":"https:\/\/www.lengnau.ch\/fr\/themes\/soziales\/arbeitslosigkeit\/","url":"https:\/\/www.lengnau.ch\/fr\/themes\/soziales\/arbeitslosigkeit\/","name":"Ch\u00f4mage - Gemeinde Lengnau","isPartOf":{"@id":"https:\/\/www.lengnau.ch\/#website"},"datePublished":"2022-02-16T14:37:03+00:00","dateModified":"2025-11-07T08:01:28+00:00","breadcrumb":{"@id":"https:\/\/www.lengnau.ch\/fr\/themes\/soziales\/arbeitslosigkeit\/#breadcrumb"},"inLanguage":"fr-FR","potentialAction":[{"@type":"ReadAction","target":["https:\/\/www.lengnau.ch\/fr\/themes\/soziales\/arbeitslosigkeit\/"]}]},{"@type":"BreadcrumbList","@id":"https:\/\/www.lengnau.ch\/fr\/themes\/soziales\/arbeitslosigkeit\/#breadcrumb","itemListElement":[{"@type":"ListItem","position":1,"name":"Home","item":"https:\/\/www.lengnau.ch\/fr\/"},{"@type":"ListItem","position":2,"name":"Th\u00e8mes","item":"https:\/\/www.lengnau.ch\/fr\/themes\/"},{"@type":"ListItem","position":3,"name":"Social","item":"https:\/\/www.lengnau.ch\/fr\/themes\/soziales\/"},{"@type":"ListItem","position":4,"name":"Ch\u00f4mage"}]},{"@type":"WebSite","@id":"https:\/\/www.lengnau.ch\/#website","url":"https:\/\/www.lengnau.ch\/","name":"Gemeinde Lengnau","description":"","potentialAction":[{"@type":"SearchAction","target":{"@type":"EntryPoint","urlTemplate":"https:\/\/www.lengnau.ch\/?s={search_term_string}"},"query-input":{"@type":"PropertyValueSpecification","valueRequired":true,"valueName":"search_term_string"}}],"inLanguage":"fr-FR"}]}},"publishpress_future_action":{"enabled":false,"date":"2026-05-24 07:36:02","action":"change-status","newStatus":"draft","terms":[],"taxonomy":"translation_priority","extraData":[]},"publishpress_future_workflow_manual_trigger":{"enabledWorkflows":[]},"_links":{"self":[{"href":"https:\/\/www.lengnau.ch\/fr\/wp-json\/wp\/v2\/pages\/3163","targetHints":{"allow":["GET"]}}],"collection":[{"href":"https:\/\/www.lengnau.ch\/fr\/wp-json\/wp\/v2\/pages"}],"about":[{"href":"https:\/\/www.lengnau.ch\/fr\/wp-json\/wp\/v2\/types\/page"}],"author":[{"embeddable":true,"href":"https:\/\/www.lengnau.ch\/fr\/wp-json\/wp\/v2\/users\/1"}],"replies":[{"embeddable":true,"href":"https:\/\/www.lengnau.ch\/fr\/wp-json\/wp\/v2\/comments?post=3163"}],"version-history":[{"count":10,"href":"https:\/\/www.lengnau.ch\/fr\/wp-json\/wp\/v2\/pages\/3163\/revisions"}],"predecessor-version":[{"id":18057,"href":"https:\/\/www.lengnau.ch\/fr\/wp-json\/wp\/v2\/pages\/3163\/revisions\/18057"}],"up":[{"embeddable":true,"href":"https:\/\/www.lengnau.ch\/fr\/wp-json\/wp\/v2\/pages\/3153"}],"wp:attachment":[{"href":"https:\/\/www.lengnau.ch\/fr\/wp-json\/wp\/v2\/media?parent=3163"}],"curies":[{"name":"wp","href":"https:\/\/api.w.org\/{rel}","templated":true}]}}