{"id":3162,"date":"2022-02-16T15:39:26","date_gmt":"2022-02-16T14:39:26","guid":{"rendered":"https:\/\/lengnau.rettenmund.com\/oereb-kataster\/"},"modified":"2024-10-23T09:50:32","modified_gmt":"2024-10-23T07:50:32","slug":"oereb-kataster","status":"publish","type":"page","link":"https:\/\/www.lengnau.ch\/fr\/themes\/bauen-und-planen\/oereb-kataster\/","title":{"rendered":"Cadastre RDPPF"},"content":{"rendered":"<h2>Cadastre des restrictions de droit public \u00e0 la propri\u00e9t\u00e9 fonci\u00e8re (cadastre RDPPF)<\/h2>\n<p>Celui qui poss\u00e8de un terrain en Suisse ne peut pas l&rsquo;utiliser \u00e0 sa guise. Il doit se conformer aux conditions g\u00e9n\u00e9rales que le l\u00e9gislateur et les autorit\u00e9s lui imposent. Le cadastre des restrictions de droit public \u00e0 la propri\u00e9t\u00e9 fonci\u00e8re (cadastre RDPPF) r\u00e9pertorie les principales restrictions qui s&rsquo;appliquent \u00e0 un bien-fonds en vertu de dispositions l\u00e9gales et d&rsquo;actes administratifs (par ex. zones \u00e0 b\u00e2tir). Ainsi, le cadastre RDPPF compl\u00e8te le registre foncier qui contient les restrictions de droit priv\u00e9. Le cadastre RDPPF permet de repr\u00e9senter les restrictions de propri\u00e9t\u00e9 de mani\u00e8re centralis\u00e9e, officielle et fiable.<\/p>\n<p>Depuis le d\u00e9but de l&rsquo;ann\u00e9e 2016, 11 des 18 th\u00e8mes du cadastre RDPPF peuvent \u00eatre consult\u00e9s dans toutes les communes du canton de Berne. Une proc\u00e9dure par \u00e9tapes a \u00e9t\u00e9 choisie pour l&rsquo;introduction des th\u00e8mes sp\u00e9cifiques \u00e0 la commune (p. ex. am\u00e9nagement du territoire, limites de la for\u00eat, etc. Depuis le 06.06.2019, la commune de Lengnau BE est mise en ligne publiquement dans le cadastre RDPPF.<\/p>\n<p>Le cadastre RDPPF peut \u00eatre consult\u00e9 sous forme de carte dynamique via le <a title=\"G\u00e9oportail du canton de Berne\" href=\"https:\/\/www.map.apps.be.ch\/pub\/synserver?project=a42pub_oereb_oeffen_DE&amp;userprofile=geo&amp;client=core&amp;language=de\" target=\"_blank\" rel=\"noopener\">g\u00e9oportail du canton de Berne<\/a>. En outre, il est possible de cr\u00e9er un extrait statique PDF par parcelle avec les dispositions l\u00e9gales correspondantes.<\/p>\n<p>Vous trouverez de plus amples informations sur le cadastre RDPPF sur la <a title=\"Site d&#039;information sur le cadastre suisse\" href=\"https:\/\/www.cadastre.ch\/de\" target=\"_blank\" rel=\"noopener\">page d&rsquo;information sur le cadastre suisse<\/a> de la Conf\u00e9d\u00e9ration ainsi que dans la <a href=\"https:\/\/backend.cadastre.ch\/fileservice\/sdweb-docs-prod-cadastrech-files\/files\/2024\/02\/21\/60625ec0-aa94-4bb9-a480-e40ab235aa96.pdf\" target=\"_blank\" rel=\"noopener\">brochure d&rsquo;information.<\/a><\/p>\n<p>Le <a href=\"https:\/\/www.lengnau.ch\/verwaltung-politik\/gemeindeverwaltung\/bau-und-planungsabteilung\/\">service de construction et de planification de Lengnau BE<\/a> vous renseignera volontiers.<\/p>\n","protected":false},"excerpt":{"rendered":"<p>Cadastre des restrictions de droit public \u00e0 la propri\u00e9t\u00e9 fonci\u00e8re (cadastre RDPPF) Celui qui poss\u00e8de un terrain en Suisse ne peut pas l&rsquo;utiliser \u00e0 sa guise. Il doit se conformer aux conditions g\u00e9n\u00e9rales que le l\u00e9gislateur et les autorit\u00e9s lui imposent. Le cadastre des restrictions de droit public \u00e0 la propri\u00e9t\u00e9 fonci\u00e8re (cadastre RDPPF) r\u00e9pertorie [&hellip;]<\/p>\n","protected":false},"author":1,"featured_media":0,"parent":3169,"menu_order":74,"comment_status":"closed","ping_status":"closed","template":"","meta":{"_acf_changed":false,"_relevanssi_hide_post":"","_relevanssi_hide_content":"","_relevanssi_pin_for_all":"","_relevanssi_pin_keywords":"","_relevanssi_unpin_keywords":"","_relevanssi_related_keywords":"","_relevanssi_related_include_ids":"","_relevanssi_related_exclude_ids":"","_relevanssi_related_no_append":"","_relevanssi_related_not_related":"","_relevanssi_related_posts":"","_relevanssi_noindex_reason":"","footnotes":""},"class_list":["post-3162","page","type-page","status-publish","hentry"],"acf":[],"yoast_head":"<!-- This site is optimized with the Yoast SEO plugin v27.4 - https:\/\/yoast.com\/product\/yoast-seo-wordpress\/ -->\n<title>Cadastre RDPPF - Gemeinde Lengnau<\/title>\n<meta name=\"robots\" content=\"index, follow, max-snippet:-1, max-image-preview:large, max-video-preview:-1\" \/>\n<link rel=\"canonical\" href=\"https:\/\/www.lengnau.ch\/fr\/themes\/bauen-und-planen\/oereb-kataster\/\" \/>\n<meta property=\"og:locale\" content=\"fr_FR\" \/>\n<meta property=\"og:type\" content=\"article\" \/>\n<meta property=\"og:title\" content=\"Cadastre RDPPF - Gemeinde Lengnau\" \/>\n<meta property=\"og:description\" content=\"Cadastre des restrictions de droit public \u00e0 la propri\u00e9t\u00e9 fonci\u00e8re (cadastre RDPPF) Celui qui poss\u00e8de un terrain en Suisse ne peut pas l&rsquo;utiliser \u00e0 sa guise. Il doit se conformer aux conditions g\u00e9n\u00e9rales que le l\u00e9gislateur et les autorit\u00e9s lui imposent. Le cadastre des restrictions de droit public \u00e0 la propri\u00e9t\u00e9 fonci\u00e8re (cadastre RDPPF) r\u00e9pertorie [&hellip;]\" \/>\n<meta property=\"og:url\" content=\"https:\/\/www.lengnau.ch\/fr\/themes\/bauen-und-planen\/oereb-kataster\/\" \/>\n<meta property=\"og:site_name\" content=\"Gemeinde Lengnau\" \/>\n<meta property=\"article:modified_time\" content=\"2024-10-23T07:50:32+00:00\" \/>\n<meta name=\"twitter:card\" content=\"summary_large_image\" \/>\n<script type=\"application\/ld+json\" class=\"yoast-schema-graph\">{\"@context\":\"https:\\\/\\\/schema.org\",\"@graph\":[{\"@type\":\"WebPage\",\"@id\":\"https:\\\/\\\/www.lengnau.ch\\\/fr\\\/themes\\\/bauen-und-planen\\\/oereb-kataster\\\/\",\"url\":\"https:\\\/\\\/www.lengnau.ch\\\/fr\\\/themes\\\/bauen-und-planen\\\/oereb-kataster\\\/\",\"name\":\"Cadastre RDPPF - Gemeinde Lengnau\",\"isPartOf\":{\"@id\":\"https:\\\/\\\/www.lengnau.ch\\\/#website\"},\"datePublished\":\"2022-02-16T14:39:26+00:00\",\"dateModified\":\"2024-10-23T07:50:32+00:00\",\"breadcrumb\":{\"@id\":\"https:\\\/\\\/www.lengnau.ch\\\/fr\\\/themes\\\/bauen-und-planen\\\/oereb-kataster\\\/#breadcrumb\"},\"inLanguage\":\"fr-FR\",\"potentialAction\":[{\"@type\":\"ReadAction\",\"target\":[\"https:\\\/\\\/www.lengnau.ch\\\/fr\\\/themes\\\/bauen-und-planen\\\/oereb-kataster\\\/\"]}]},{\"@type\":\"BreadcrumbList\",\"@id\":\"https:\\\/\\\/www.lengnau.ch\\\/fr\\\/themes\\\/bauen-und-planen\\\/oereb-kataster\\\/#breadcrumb\",\"itemListElement\":[{\"@type\":\"ListItem\",\"position\":1,\"name\":\"Home\",\"item\":\"https:\\\/\\\/www.lengnau.ch\\\/fr\\\/\"},{\"@type\":\"ListItem\",\"position\":2,\"name\":\"Th\u00e8mes\",\"item\":\"https:\\\/\\\/www.lengnau.ch\\\/fr\\\/themes\\\/\"},{\"@type\":\"ListItem\",\"position\":3,\"name\":\"Construire et planifier\",\"item\":\"https:\\\/\\\/www.lengnau.ch\\\/fr\\\/themes\\\/bauen-und-planen\\\/\"},{\"@type\":\"ListItem\",\"position\":4,\"name\":\"Cadastre RDPPF\"}]},{\"@type\":\"WebSite\",\"@id\":\"https:\\\/\\\/www.lengnau.ch\\\/#website\",\"url\":\"https:\\\/\\\/www.lengnau.ch\\\/\",\"name\":\"Gemeinde Lengnau\",\"description\":\"\",\"potentialAction\":[{\"@type\":\"SearchAction\",\"target\":{\"@type\":\"EntryPoint\",\"urlTemplate\":\"https:\\\/\\\/www.lengnau.ch\\\/?s={search_term_string}\"},\"query-input\":{\"@type\":\"PropertyValueSpecification\",\"valueRequired\":true,\"valueName\":\"search_term_string\"}}],\"inLanguage\":\"fr-FR\"}]}<\/script>\n<!-- \/ Yoast SEO plugin. -->","yoast_head_json":{"title":"Cadastre RDPPF - Gemeinde Lengnau","robots":{"index":"index","follow":"follow","max-snippet":"max-snippet:-1","max-image-preview":"max-image-preview:large","max-video-preview":"max-video-preview:-1"},"canonical":"https:\/\/www.lengnau.ch\/fr\/themes\/bauen-und-planen\/oereb-kataster\/","og_locale":"fr_FR","og_type":"article","og_title":"Cadastre RDPPF - Gemeinde Lengnau","og_description":"Cadastre des restrictions de droit public \u00e0 la propri\u00e9t\u00e9 fonci\u00e8re (cadastre RDPPF) Celui qui poss\u00e8de un terrain en Suisse ne peut pas l&rsquo;utiliser \u00e0 sa guise. Il doit se conformer aux conditions g\u00e9n\u00e9rales que le l\u00e9gislateur et les autorit\u00e9s lui imposent. Le cadastre des restrictions de droit public \u00e0 la propri\u00e9t\u00e9 fonci\u00e8re (cadastre RDPPF) r\u00e9pertorie [&hellip;]","og_url":"https:\/\/www.lengnau.ch\/fr\/themes\/bauen-und-planen\/oereb-kataster\/","og_site_name":"Gemeinde Lengnau","article_modified_time":"2024-10-23T07:50:32+00:00","twitter_card":"summary_large_image","schema":{"@context":"https:\/\/schema.org","@graph":[{"@type":"WebPage","@id":"https:\/\/www.lengnau.ch\/fr\/themes\/bauen-und-planen\/oereb-kataster\/","url":"https:\/\/www.lengnau.ch\/fr\/themes\/bauen-und-planen\/oereb-kataster\/","name":"Cadastre RDPPF - Gemeinde Lengnau","isPartOf":{"@id":"https:\/\/www.lengnau.ch\/#website"},"datePublished":"2022-02-16T14:39:26+00:00","dateModified":"2024-10-23T07:50:32+00:00","breadcrumb":{"@id":"https:\/\/www.lengnau.ch\/fr\/themes\/bauen-und-planen\/oereb-kataster\/#breadcrumb"},"inLanguage":"fr-FR","potentialAction":[{"@type":"ReadAction","target":["https:\/\/www.lengnau.ch\/fr\/themes\/bauen-und-planen\/oereb-kataster\/"]}]},{"@type":"BreadcrumbList","@id":"https:\/\/www.lengnau.ch\/fr\/themes\/bauen-und-planen\/oereb-kataster\/#breadcrumb","itemListElement":[{"@type":"ListItem","position":1,"name":"Home","item":"https:\/\/www.lengnau.ch\/fr\/"},{"@type":"ListItem","position":2,"name":"Th\u00e8mes","item":"https:\/\/www.lengnau.ch\/fr\/themes\/"},{"@type":"ListItem","position":3,"name":"Construire et planifier","item":"https:\/\/www.lengnau.ch\/fr\/themes\/bauen-und-planen\/"},{"@type":"ListItem","position":4,"name":"Cadastre RDPPF"}]},{"@type":"WebSite","@id":"https:\/\/www.lengnau.ch\/#website","url":"https:\/\/www.lengnau.ch\/","name":"Gemeinde Lengnau","description":"","potentialAction":[{"@type":"SearchAction","target":{"@type":"EntryPoint","urlTemplate":"https:\/\/www.lengnau.ch\/?s={search_term_string}"},"query-input":{"@type":"PropertyValueSpecification","valueRequired":true,"valueName":"search_term_string"}}],"inLanguage":"fr-FR"}]}},"publishpress_future_action":{"enabled":false,"date":"2026-04-29 11:06:58","action":"change-status","newStatus":"draft","terms":[],"taxonomy":"translation_priority","extraData":[]},"publishpress_future_workflow_manual_trigger":{"enabledWorkflows":[]},"_links":{"self":[{"href":"https:\/\/www.lengnau.ch\/fr\/wp-json\/wp\/v2\/pages\/3162","targetHints":{"allow":["GET"]}}],"collection":[{"href":"https:\/\/www.lengnau.ch\/fr\/wp-json\/wp\/v2\/pages"}],"about":[{"href":"https:\/\/www.lengnau.ch\/fr\/wp-json\/wp\/v2\/types\/page"}],"author":[{"embeddable":true,"href":"https:\/\/www.lengnau.ch\/fr\/wp-json\/wp\/v2\/users\/1"}],"replies":[{"embeddable":true,"href":"https:\/\/www.lengnau.ch\/fr\/wp-json\/wp\/v2\/comments?post=3162"}],"version-history":[{"count":10,"href":"https:\/\/www.lengnau.ch\/fr\/wp-json\/wp\/v2\/pages\/3162\/revisions"}],"predecessor-version":[{"id":14744,"href":"https:\/\/www.lengnau.ch\/fr\/wp-json\/wp\/v2\/pages\/3162\/revisions\/14744"}],"up":[{"embeddable":true,"href":"https:\/\/www.lengnau.ch\/fr\/wp-json\/wp\/v2\/pages\/3169"}],"wp:attachment":[{"href":"https:\/\/www.lengnau.ch\/fr\/wp-json\/wp\/v2\/media?parent=3162"}],"curies":[{"name":"wp","href":"https:\/\/api.w.org\/{rel}","templated":true}]}}