{"id":3161,"date":"2022-02-16T15:37:58","date_gmt":"2022-02-16T14:37:58","guid":{"rendered":"https:\/\/lengnau.rettenmund.com\/themen\/steuern\/steueranlagen-und-faelligkeiten\/"},"modified":"2026-01-14T10:29:18","modified_gmt":"2026-01-14T09:29:18","slug":"steueranlagen-und-faelligkeiten","status":"publish","type":"page","link":"https:\/\/www.lengnau.ch\/fr\/themes\/steuern\/steueranlagen-und-faelligkeiten\/","title":{"rendered":"Placements fiscaux et \u00e9ch\u00e9ances"},"content":{"rendered":"<h2>Installations fiscales<\/h2>\n<p><strong>Canton de Berne<\/strong><br \/>\n2,975<\/p>\n<p><strong>Commune municipale de Lengnau BE<\/strong><br \/>\n1,49 (nouveau \u00e0 partir du 01.01.2025)<\/p>\n<p><strong>Imp\u00f4ts eccl\u00e9siastiques : paroisse r\u00e9form\u00e9e de Leugene<br \/>\n<\/strong>0,22<\/p>\n<p><strong>Imp\u00f4ts eccl\u00e9siastiques : paroisse catholique romaine de Pieterlen-Lengnau-Meinisberg<\/strong><br \/>\n0,2415<\/p>\n<p><strong>Imp\u00f4ts eccl\u00e9siastiques : paroisse catholique-chr\u00e9tienne de Bienne<\/strong><br \/>\n0,2800<\/p>\n<p><strong>Taxe d&rsquo;exemption du service du feu<\/strong><br \/>\n5% du montant de l&rsquo;imp\u00f4t d&rsquo;\u00c9tat :<br \/>\nCHF 20.00 minimum, CHF 450.00 maximum<\/p>\n<p><strong>Imp\u00f4t foncier<\/strong><br \/>\n1,1 \u2030 de la valeur officielle<\/p>\n<p><strong>Imp\u00f4t sur les retards et sur les r\u00e9mun\u00e9rations<\/strong><br \/>\n<a title=\"Taux d'int\u00e9r\u00eat\" href=\"https:\/\/www.sv.fin.be.ch\/de\/start\/themen\/steuern-bezahlen\/zinsen.html\" target=\"_blank\" rel=\"noopener\">Taux d&rsquo;int\u00e9r\u00eat<\/a><\/p>\n<h2>\u00c9ch\u00e9ances<\/h2>\n<p><strong>1er taux<\/strong><br \/>\n20 mai<\/p>\n<p><strong>2e taux<\/strong><br \/>\n20 ao\u00fbt<\/p>\n<p><strong>3e taux<\/strong><br \/>\n20 novembre<\/p>\n","protected":false},"excerpt":{"rendered":"<p>Installations fiscales Canton de Berne 2,975 Commune municipale de Lengnau BE 1,49 (nouveau \u00e0 partir du 01.01.2025) Imp\u00f4ts eccl\u00e9siastiques : paroisse r\u00e9form\u00e9e de Leugene 0,22 Imp\u00f4ts eccl\u00e9siastiques : paroisse catholique romaine de Pieterlen-Lengnau-Meinisberg 0,2415 Imp\u00f4ts eccl\u00e9siastiques : paroisse catholique-chr\u00e9tienne de Bienne 0,2800 Taxe d&rsquo;exemption du service du feu 5% du montant de l&rsquo;imp\u00f4t d&rsquo;\u00c9tat : [&hellip;]<\/p>\n","protected":false},"author":1,"featured_media":0,"parent":3160,"menu_order":24,"comment_status":"closed","ping_status":"closed","template":"","meta":{"_acf_changed":false,"_relevanssi_hide_post":"","_relevanssi_hide_content":"","_relevanssi_pin_for_all":"","_relevanssi_pin_keywords":"","_relevanssi_unpin_keywords":"","_relevanssi_related_keywords":"","_relevanssi_related_include_ids":"","_relevanssi_related_exclude_ids":"","_relevanssi_related_no_append":"","_relevanssi_related_not_related":"","_relevanssi_related_posts":"","_relevanssi_noindex_reason":"","footnotes":""},"class_list":["post-3161","page","type-page","status-publish","hentry"],"acf":[],"yoast_head":"<!-- This site is optimized with the Yoast SEO plugin v27.4 - https:\/\/yoast.com\/product\/yoast-seo-wordpress\/ -->\n<title>Placements fiscaux et \u00e9ch\u00e9ances - Gemeinde Lengnau<\/title>\n<meta name=\"robots\" content=\"index, follow, max-snippet:-1, max-image-preview:large, max-video-preview:-1\" \/>\n<link rel=\"canonical\" href=\"https:\/\/www.lengnau.ch\/fr\/themes\/steuern\/steueranlagen-und-faelligkeiten\/\" \/>\n<meta property=\"og:locale\" content=\"fr_FR\" \/>\n<meta property=\"og:type\" content=\"article\" \/>\n<meta property=\"og:title\" content=\"Placements fiscaux et \u00e9ch\u00e9ances - Gemeinde Lengnau\" \/>\n<meta property=\"og:description\" content=\"Installations fiscales Canton de Berne 2,975 Commune municipale de Lengnau BE 1,49 (nouveau \u00e0 partir du 01.01.2025) Imp\u00f4ts eccl\u00e9siastiques : paroisse r\u00e9form\u00e9e de Leugene 0,22 Imp\u00f4ts eccl\u00e9siastiques : paroisse catholique romaine de Pieterlen-Lengnau-Meinisberg 0,2415 Imp\u00f4ts eccl\u00e9siastiques : paroisse catholique-chr\u00e9tienne de Bienne 0,2800 Taxe d&rsquo;exemption du service du feu 5% du montant de l&rsquo;imp\u00f4t d&rsquo;\u00c9tat : [&hellip;]\" \/>\n<meta property=\"og:url\" content=\"https:\/\/www.lengnau.ch\/fr\/themes\/steuern\/steueranlagen-und-faelligkeiten\/\" \/>\n<meta property=\"og:site_name\" content=\"Gemeinde Lengnau\" \/>\n<meta property=\"article:modified_time\" content=\"2026-01-14T09:29:18+00:00\" \/>\n<meta name=\"twitter:card\" content=\"summary_large_image\" \/>\n<script type=\"application\/ld+json\" class=\"yoast-schema-graph\">{\"@context\":\"https:\\\/\\\/schema.org\",\"@graph\":[{\"@type\":\"WebPage\",\"@id\":\"https:\\\/\\\/www.lengnau.ch\\\/fr\\\/themes\\\/steuern\\\/steueranlagen-und-faelligkeiten\\\/\",\"url\":\"https:\\\/\\\/www.lengnau.ch\\\/fr\\\/themes\\\/steuern\\\/steueranlagen-und-faelligkeiten\\\/\",\"name\":\"Placements fiscaux et \u00e9ch\u00e9ances - Gemeinde Lengnau\",\"isPartOf\":{\"@id\":\"https:\\\/\\\/www.lengnau.ch\\\/#website\"},\"datePublished\":\"2022-02-16T14:37:58+00:00\",\"dateModified\":\"2026-01-14T09:29:18+00:00\",\"breadcrumb\":{\"@id\":\"https:\\\/\\\/www.lengnau.ch\\\/fr\\\/themes\\\/steuern\\\/steueranlagen-und-faelligkeiten\\\/#breadcrumb\"},\"inLanguage\":\"fr-FR\",\"potentialAction\":[{\"@type\":\"ReadAction\",\"target\":[\"https:\\\/\\\/www.lengnau.ch\\\/fr\\\/themes\\\/steuern\\\/steueranlagen-und-faelligkeiten\\\/\"]}]},{\"@type\":\"BreadcrumbList\",\"@id\":\"https:\\\/\\\/www.lengnau.ch\\\/fr\\\/themes\\\/steuern\\\/steueranlagen-und-faelligkeiten\\\/#breadcrumb\",\"itemListElement\":[{\"@type\":\"ListItem\",\"position\":1,\"name\":\"Home\",\"item\":\"https:\\\/\\\/www.lengnau.ch\\\/fr\\\/\"},{\"@type\":\"ListItem\",\"position\":2,\"name\":\"Th\u00e8mes\",\"item\":\"https:\\\/\\\/www.lengnau.ch\\\/fr\\\/themes\\\/\"},{\"@type\":\"ListItem\",\"position\":3,\"name\":\"Imp\u00f4ts\",\"item\":\"https:\\\/\\\/www.lengnau.ch\\\/fr\\\/themes\\\/steuern\\\/\"},{\"@type\":\"ListItem\",\"position\":4,\"name\":\"Placements fiscaux et \u00e9ch\u00e9ances\"}]},{\"@type\":\"WebSite\",\"@id\":\"https:\\\/\\\/www.lengnau.ch\\\/#website\",\"url\":\"https:\\\/\\\/www.lengnau.ch\\\/\",\"name\":\"Gemeinde Lengnau\",\"description\":\"\",\"potentialAction\":[{\"@type\":\"SearchAction\",\"target\":{\"@type\":\"EntryPoint\",\"urlTemplate\":\"https:\\\/\\\/www.lengnau.ch\\\/?s={search_term_string}\"},\"query-input\":{\"@type\":\"PropertyValueSpecification\",\"valueRequired\":true,\"valueName\":\"search_term_string\"}}],\"inLanguage\":\"fr-FR\"}]}<\/script>\n<!-- \/ Yoast SEO plugin. -->","yoast_head_json":{"title":"Placements fiscaux et \u00e9ch\u00e9ances - Gemeinde Lengnau","robots":{"index":"index","follow":"follow","max-snippet":"max-snippet:-1","max-image-preview":"max-image-preview:large","max-video-preview":"max-video-preview:-1"},"canonical":"https:\/\/www.lengnau.ch\/fr\/themes\/steuern\/steueranlagen-und-faelligkeiten\/","og_locale":"fr_FR","og_type":"article","og_title":"Placements fiscaux et \u00e9ch\u00e9ances - Gemeinde Lengnau","og_description":"Installations fiscales Canton de Berne 2,975 Commune municipale de Lengnau BE 1,49 (nouveau \u00e0 partir du 01.01.2025) Imp\u00f4ts eccl\u00e9siastiques : paroisse r\u00e9form\u00e9e de Leugene 0,22 Imp\u00f4ts eccl\u00e9siastiques : paroisse catholique romaine de Pieterlen-Lengnau-Meinisberg 0,2415 Imp\u00f4ts eccl\u00e9siastiques : paroisse catholique-chr\u00e9tienne de Bienne 0,2800 Taxe d&rsquo;exemption du service du feu 5% du montant de l&rsquo;imp\u00f4t d&rsquo;\u00c9tat : [&hellip;]","og_url":"https:\/\/www.lengnau.ch\/fr\/themes\/steuern\/steueranlagen-und-faelligkeiten\/","og_site_name":"Gemeinde Lengnau","article_modified_time":"2026-01-14T09:29:18+00:00","twitter_card":"summary_large_image","schema":{"@context":"https:\/\/schema.org","@graph":[{"@type":"WebPage","@id":"https:\/\/www.lengnau.ch\/fr\/themes\/steuern\/steueranlagen-und-faelligkeiten\/","url":"https:\/\/www.lengnau.ch\/fr\/themes\/steuern\/steueranlagen-und-faelligkeiten\/","name":"Placements fiscaux et \u00e9ch\u00e9ances - Gemeinde Lengnau","isPartOf":{"@id":"https:\/\/www.lengnau.ch\/#website"},"datePublished":"2022-02-16T14:37:58+00:00","dateModified":"2026-01-14T09:29:18+00:00","breadcrumb":{"@id":"https:\/\/www.lengnau.ch\/fr\/themes\/steuern\/steueranlagen-und-faelligkeiten\/#breadcrumb"},"inLanguage":"fr-FR","potentialAction":[{"@type":"ReadAction","target":["https:\/\/www.lengnau.ch\/fr\/themes\/steuern\/steueranlagen-und-faelligkeiten\/"]}]},{"@type":"BreadcrumbList","@id":"https:\/\/www.lengnau.ch\/fr\/themes\/steuern\/steueranlagen-und-faelligkeiten\/#breadcrumb","itemListElement":[{"@type":"ListItem","position":1,"name":"Home","item":"https:\/\/www.lengnau.ch\/fr\/"},{"@type":"ListItem","position":2,"name":"Th\u00e8mes","item":"https:\/\/www.lengnau.ch\/fr\/themes\/"},{"@type":"ListItem","position":3,"name":"Imp\u00f4ts","item":"https:\/\/www.lengnau.ch\/fr\/themes\/steuern\/"},{"@type":"ListItem","position":4,"name":"Placements fiscaux et \u00e9ch\u00e9ances"}]},{"@type":"WebSite","@id":"https:\/\/www.lengnau.ch\/#website","url":"https:\/\/www.lengnau.ch\/","name":"Gemeinde Lengnau","description":"","potentialAction":[{"@type":"SearchAction","target":{"@type":"EntryPoint","urlTemplate":"https:\/\/www.lengnau.ch\/?s={search_term_string}"},"query-input":{"@type":"PropertyValueSpecification","valueRequired":true,"valueName":"search_term_string"}}],"inLanguage":"fr-FR"}]}},"publishpress_future_action":{"enabled":false,"date":"2026-05-07 05:29:31","action":"change-status","newStatus":"draft","terms":[],"taxonomy":"translation_priority","extraData":[]},"publishpress_future_workflow_manual_trigger":{"enabledWorkflows":[]},"_links":{"self":[{"href":"https:\/\/www.lengnau.ch\/fr\/wp-json\/wp\/v2\/pages\/3161","targetHints":{"allow":["GET"]}}],"collection":[{"href":"https:\/\/www.lengnau.ch\/fr\/wp-json\/wp\/v2\/pages"}],"about":[{"href":"https:\/\/www.lengnau.ch\/fr\/wp-json\/wp\/v2\/types\/page"}],"author":[{"embeddable":true,"href":"https:\/\/www.lengnau.ch\/fr\/wp-json\/wp\/v2\/users\/1"}],"replies":[{"embeddable":true,"href":"https:\/\/www.lengnau.ch\/fr\/wp-json\/wp\/v2\/comments?post=3161"}],"version-history":[{"count":10,"href":"https:\/\/www.lengnau.ch\/fr\/wp-json\/wp\/v2\/pages\/3161\/revisions"}],"predecessor-version":[{"id":18786,"href":"https:\/\/www.lengnau.ch\/fr\/wp-json\/wp\/v2\/pages\/3161\/revisions\/18786"}],"up":[{"embeddable":true,"href":"https:\/\/www.lengnau.ch\/fr\/wp-json\/wp\/v2\/pages\/3160"}],"wp:attachment":[{"href":"https:\/\/www.lengnau.ch\/fr\/wp-json\/wp\/v2\/media?parent=3161"}],"curies":[{"name":"wp","href":"https:\/\/api.w.org\/{rel}","templated":true}]}}