{"id":3159,"date":"2022-02-16T15:38:53","date_gmt":"2022-02-16T14:38:53","guid":{"rendered":"https:\/\/lengnau.rettenmund.com\/kosten-gebuehren\/"},"modified":"2024-01-18T11:22:25","modified_gmt":"2024-01-18T10:22:25","slug":"kosten-gebuehren","status":"publish","type":"page","link":"https:\/\/www.lengnau.ch\/fr\/themes\/bauen-und-planen\/kosten-gebuehren\/","title":{"rendered":"Co\u00fbts et taxes"},"content":{"rendered":"<p>Les frais suivants sont factur\u00e9s en fonction des d\u00e9penses :<\/p>\n<ul>\n<li>Examen formel : taxe d&rsquo;effort I<\/li>\n<li>Examen mat\u00e9riel : taxe d&rsquo;effort II<\/li>\n<li>D\u00e9cision de construction : taxe d&rsquo;effort II<\/li>\n<\/ul>\n<p>D&rsquo;autres prestations telles que la publication, l&rsquo;autorisation secondaire, le renvoi pour am\u00e9lioration, les rapports techniques, les rapports officiels, d&rsquo;autres autorisations, etc. sont factur\u00e9es en sus conform\u00e9ment au r\u00e8glement sur les \u00e9moluments.<\/p>\n<p>La pr\u00e9fecture de Biel\/Bienne est comp\u00e9tente pour les projets de construction dont les co\u00fbts d\u00e9passent 1 million de CHF, les b\u00e2timents industriels, les b\u00e2timents de l&rsquo;h\u00f4tellerie et de la restauration ou les b\u00e2timents destin\u00e9s aux besoins de la commune. D&rsquo;autres frais sont factur\u00e9s par cette derni\u00e8re.<\/p>\n<p>Vous trouverez de plus amples informations dans le <a href=\"https:\/\/www.lengnau.ch\/wp-content\/uploads\/2022\/06\/Gebuehrenreglement.pdf\" target=\"_blank\" rel=\"noopener\">r\u00e8glement sur les taxes de la commune municipale de Lengnau.<\/a><\/p>\n","protected":false},"excerpt":{"rendered":"<p>Les frais suivants sont factur\u00e9s en fonction des d\u00e9penses : Examen formel : taxe d&rsquo;effort I Examen mat\u00e9riel : taxe d&rsquo;effort II D\u00e9cision de construction : taxe d&rsquo;effort II D&rsquo;autres prestations telles que la publication, l&rsquo;autorisation secondaire, le renvoi pour am\u00e9lioration, les rapports techniques, les rapports officiels, d&rsquo;autres autorisations, etc. sont factur\u00e9es en sus conform\u00e9ment [&hellip;]<\/p>\n","protected":false},"author":1,"featured_media":0,"parent":3169,"menu_order":34,"comment_status":"closed","ping_status":"closed","template":"","meta":{"_acf_changed":false,"_relevanssi_hide_post":"","_relevanssi_hide_content":"","_relevanssi_pin_for_all":"","_relevanssi_pin_keywords":"","_relevanssi_unpin_keywords":"","_relevanssi_related_keywords":"","_relevanssi_related_include_ids":"","_relevanssi_related_exclude_ids":"","_relevanssi_related_no_append":"","_relevanssi_related_not_related":"","_relevanssi_related_posts":"","_relevanssi_noindex_reason":"","footnotes":""},"class_list":["post-3159","page","type-page","status-publish","hentry"],"acf":[],"yoast_head":"<!-- This site is optimized with the Yoast SEO plugin v27.3 - https:\/\/yoast.com\/product\/yoast-seo-wordpress\/ -->\n<title>Co\u00fbts et taxes - Gemeinde Lengnau<\/title>\n<meta name=\"robots\" content=\"index, follow, max-snippet:-1, max-image-preview:large, max-video-preview:-1\" \/>\n<link rel=\"canonical\" href=\"https:\/\/www.lengnau.ch\/fr\/themes\/bauen-und-planen\/kosten-gebuehren\/\" \/>\n<meta property=\"og:locale\" content=\"fr_FR\" \/>\n<meta property=\"og:type\" content=\"article\" \/>\n<meta property=\"og:title\" content=\"Co\u00fbts et taxes - Gemeinde Lengnau\" \/>\n<meta property=\"og:description\" content=\"Les frais suivants sont factur\u00e9s en fonction des d\u00e9penses : Examen formel : taxe d&rsquo;effort I Examen mat\u00e9riel : taxe d&rsquo;effort II D\u00e9cision de construction : taxe d&rsquo;effort II D&rsquo;autres prestations telles que la publication, l&rsquo;autorisation secondaire, le renvoi pour am\u00e9lioration, les rapports techniques, les rapports officiels, d&rsquo;autres autorisations, etc. sont factur\u00e9es en sus conform\u00e9ment [&hellip;]\" \/>\n<meta property=\"og:url\" content=\"https:\/\/www.lengnau.ch\/fr\/themes\/bauen-und-planen\/kosten-gebuehren\/\" \/>\n<meta property=\"og:site_name\" content=\"Gemeinde Lengnau\" \/>\n<meta property=\"article:modified_time\" content=\"2024-01-18T10:22:25+00:00\" \/>\n<meta name=\"twitter:card\" content=\"summary_large_image\" \/>\n<script type=\"application\/ld+json\" class=\"yoast-schema-graph\">{\"@context\":\"https:\\\/\\\/schema.org\",\"@graph\":[{\"@type\":\"WebPage\",\"@id\":\"https:\\\/\\\/www.lengnau.ch\\\/fr\\\/themes\\\/bauen-und-planen\\\/kosten-gebuehren\\\/\",\"url\":\"https:\\\/\\\/www.lengnau.ch\\\/fr\\\/themes\\\/bauen-und-planen\\\/kosten-gebuehren\\\/\",\"name\":\"Co\u00fbts et taxes - Gemeinde Lengnau\",\"isPartOf\":{\"@id\":\"https:\\\/\\\/www.lengnau.ch\\\/#website\"},\"datePublished\":\"2022-02-16T14:38:53+00:00\",\"dateModified\":\"2024-01-18T10:22:25+00:00\",\"breadcrumb\":{\"@id\":\"https:\\\/\\\/www.lengnau.ch\\\/fr\\\/themes\\\/bauen-und-planen\\\/kosten-gebuehren\\\/#breadcrumb\"},\"inLanguage\":\"fr-FR\",\"potentialAction\":[{\"@type\":\"ReadAction\",\"target\":[\"https:\\\/\\\/www.lengnau.ch\\\/fr\\\/themes\\\/bauen-und-planen\\\/kosten-gebuehren\\\/\"]}]},{\"@type\":\"BreadcrumbList\",\"@id\":\"https:\\\/\\\/www.lengnau.ch\\\/fr\\\/themes\\\/bauen-und-planen\\\/kosten-gebuehren\\\/#breadcrumb\",\"itemListElement\":[{\"@type\":\"ListItem\",\"position\":1,\"name\":\"Home\",\"item\":\"https:\\\/\\\/www.lengnau.ch\\\/fr\\\/\"},{\"@type\":\"ListItem\",\"position\":2,\"name\":\"Th\u00e8mes\",\"item\":\"https:\\\/\\\/www.lengnau.ch\\\/fr\\\/themes\\\/\"},{\"@type\":\"ListItem\",\"position\":3,\"name\":\"Construire et planifier\",\"item\":\"https:\\\/\\\/www.lengnau.ch\\\/fr\\\/themes\\\/bauen-und-planen\\\/\"},{\"@type\":\"ListItem\",\"position\":4,\"name\":\"Co\u00fbts et taxes\"}]},{\"@type\":\"WebSite\",\"@id\":\"https:\\\/\\\/www.lengnau.ch\\\/#website\",\"url\":\"https:\\\/\\\/www.lengnau.ch\\\/\",\"name\":\"Gemeinde Lengnau\",\"description\":\"\",\"potentialAction\":[{\"@type\":\"SearchAction\",\"target\":{\"@type\":\"EntryPoint\",\"urlTemplate\":\"https:\\\/\\\/www.lengnau.ch\\\/?s={search_term_string}\"},\"query-input\":{\"@type\":\"PropertyValueSpecification\",\"valueRequired\":true,\"valueName\":\"search_term_string\"}}],\"inLanguage\":\"fr-FR\"}]}<\/script>\n<!-- \/ Yoast SEO plugin. -->","yoast_head_json":{"title":"Co\u00fbts et taxes - Gemeinde Lengnau","robots":{"index":"index","follow":"follow","max-snippet":"max-snippet:-1","max-image-preview":"max-image-preview:large","max-video-preview":"max-video-preview:-1"},"canonical":"https:\/\/www.lengnau.ch\/fr\/themes\/bauen-und-planen\/kosten-gebuehren\/","og_locale":"fr_FR","og_type":"article","og_title":"Co\u00fbts et taxes - Gemeinde Lengnau","og_description":"Les frais suivants sont factur\u00e9s en fonction des d\u00e9penses : Examen formel : taxe d&rsquo;effort I Examen mat\u00e9riel : taxe d&rsquo;effort II D\u00e9cision de construction : taxe d&rsquo;effort II D&rsquo;autres prestations telles que la publication, l&rsquo;autorisation secondaire, le renvoi pour am\u00e9lioration, les rapports techniques, les rapports officiels, d&rsquo;autres autorisations, etc. sont factur\u00e9es en sus conform\u00e9ment [&hellip;]","og_url":"https:\/\/www.lengnau.ch\/fr\/themes\/bauen-und-planen\/kosten-gebuehren\/","og_site_name":"Gemeinde Lengnau","article_modified_time":"2024-01-18T10:22:25+00:00","twitter_card":"summary_large_image","schema":{"@context":"https:\/\/schema.org","@graph":[{"@type":"WebPage","@id":"https:\/\/www.lengnau.ch\/fr\/themes\/bauen-und-planen\/kosten-gebuehren\/","url":"https:\/\/www.lengnau.ch\/fr\/themes\/bauen-und-planen\/kosten-gebuehren\/","name":"Co\u00fbts et taxes - Gemeinde Lengnau","isPartOf":{"@id":"https:\/\/www.lengnau.ch\/#website"},"datePublished":"2022-02-16T14:38:53+00:00","dateModified":"2024-01-18T10:22:25+00:00","breadcrumb":{"@id":"https:\/\/www.lengnau.ch\/fr\/themes\/bauen-und-planen\/kosten-gebuehren\/#breadcrumb"},"inLanguage":"fr-FR","potentialAction":[{"@type":"ReadAction","target":["https:\/\/www.lengnau.ch\/fr\/themes\/bauen-und-planen\/kosten-gebuehren\/"]}]},{"@type":"BreadcrumbList","@id":"https:\/\/www.lengnau.ch\/fr\/themes\/bauen-und-planen\/kosten-gebuehren\/#breadcrumb","itemListElement":[{"@type":"ListItem","position":1,"name":"Home","item":"https:\/\/www.lengnau.ch\/fr\/"},{"@type":"ListItem","position":2,"name":"Th\u00e8mes","item":"https:\/\/www.lengnau.ch\/fr\/themes\/"},{"@type":"ListItem","position":3,"name":"Construire et planifier","item":"https:\/\/www.lengnau.ch\/fr\/themes\/bauen-und-planen\/"},{"@type":"ListItem","position":4,"name":"Co\u00fbts et taxes"}]},{"@type":"WebSite","@id":"https:\/\/www.lengnau.ch\/#website","url":"https:\/\/www.lengnau.ch\/","name":"Gemeinde Lengnau","description":"","potentialAction":[{"@type":"SearchAction","target":{"@type":"EntryPoint","urlTemplate":"https:\/\/www.lengnau.ch\/?s={search_term_string}"},"query-input":{"@type":"PropertyValueSpecification","valueRequired":true,"valueName":"search_term_string"}}],"inLanguage":"fr-FR"}]}},"publishpress_future_action":{"enabled":false,"date":"2026-04-25 07:41:32","action":"change-status","newStatus":"draft","terms":[],"taxonomy":"translation_priority","extraData":[]},"publishpress_future_workflow_manual_trigger":{"enabledWorkflows":[]},"_links":{"self":[{"href":"https:\/\/www.lengnau.ch\/fr\/wp-json\/wp\/v2\/pages\/3159","targetHints":{"allow":["GET"]}}],"collection":[{"href":"https:\/\/www.lengnau.ch\/fr\/wp-json\/wp\/v2\/pages"}],"about":[{"href":"https:\/\/www.lengnau.ch\/fr\/wp-json\/wp\/v2\/types\/page"}],"author":[{"embeddable":true,"href":"https:\/\/www.lengnau.ch\/fr\/wp-json\/wp\/v2\/users\/1"}],"replies":[{"embeddable":true,"href":"https:\/\/www.lengnau.ch\/fr\/wp-json\/wp\/v2\/comments?post=3159"}],"version-history":[{"count":7,"href":"https:\/\/www.lengnau.ch\/fr\/wp-json\/wp\/v2\/pages\/3159\/revisions"}],"predecessor-version":[{"id":12191,"href":"https:\/\/www.lengnau.ch\/fr\/wp-json\/wp\/v2\/pages\/3159\/revisions\/12191"}],"up":[{"embeddable":true,"href":"https:\/\/www.lengnau.ch\/fr\/wp-json\/wp\/v2\/pages\/3169"}],"wp:attachment":[{"href":"https:\/\/www.lengnau.ch\/fr\/wp-json\/wp\/v2\/media?parent=3159"}],"curies":[{"name":"wp","href":"https:\/\/api.w.org\/{rel}","templated":true}]}}