{"id":3157,"date":"2022-02-16T15:39:08","date_gmt":"2022-02-16T14:39:08","guid":{"rendered":"https:\/\/lengnau.rettenmund.com\/energieberatung\/"},"modified":"2024-12-19T08:57:50","modified_gmt":"2024-12-19T07:57:50","slug":"energieberatung","status":"publish","type":"page","link":"https:\/\/www.lengnau.ch\/fr\/themes\/bauen-und-planen\/energieberatung\/","title":{"rendered":"Conseil en \u00e9nergie"},"content":{"rendered":"<p>Energieberatung Seeland Case postale 3001 Berne T\u00e9l\u00e9phone 032 322 23 53  <a href=\"mailto:in**@*********************nd.ch\" data-original-string=\"ZSlSDsSvgDP0TQ6DVq6SEA==a0ekgt3LfRTjIvtheEz\/EVGlpxQEQAJ\/IVYsnHBwTVbIdQ=\" title=\"This contact has been encoded by Anti-Spam by CleanTalk. Click to decode. To finish the decoding make sure that JavaScript is enabled in your browser.\">Courrier \u00e9lectronique<\/a><br \/>\n<a href=\"https:\/\/energieberatung-seeland.ch\/de_de\/\" target=\"_blank\" rel=\"noopener\">Site web<\/a><\/p>\n<h2>En savoir plus sur le sujet<\/h2>\n<p><a href=\"https:\/\/www.lengnau.ch\/wp-content\/uploads\/2024\/08\/EBS_Energiespartipp_2_Warmwasser.pdf\" target=\"_blank\" rel=\"noopener\">Conseil en \u00e9conomie d&rsquo;\u00e9nergie &#8211; Consommation d&rsquo;\u00e9nergie pour l&rsquo;eau chaude<\/a><a href=\"https:\/\/www.lengnau.ch\/wp-content\/uploads\/2024\/04\/Flyer-EBS.pdf\" target=\"_blank\" rel=\"noopener\">D\u00e9pliant Conseil en \u00e9nergie du Seeland<\/a><a se situe ma commune... en comparaison href=\"https:\/\/www.lengnau.ch\/wp-content\/uploads\/2022\/08\/EnergieReporter_2021_Lengnau.pdf\" target=\"_blank\" rel=\"noopener\">Fiche \u00ab\u00a0O\u00f9 se situe ma commune&#8230; en comparaison suisse ?\u00a0\u00bb<\/a><a depuis le mars href=\"https:\/\/www.lengnau.ch\/wp-content\/uploads\/2022\/08\/Energieetikette_2021_Lengnau.pdf\" target=\"_blank\" rel=\"noopener\">Fiche \u00ab\u00a0Etiquette \u00e9nerg\u00e9tique &#8230;nouvelle depuis le 1er mars 2021\u00a0\u00bb<\/a><a title=\"Fiche technique \"R\u00e9nover en tenant compte de l'\u00e9nergie... un nouveau guide\"\" href=\"https:\/\/www.lengnau.ch\/wp-content\/uploads\/2022\/08\/Energiegerecht_Sanieren_2021_Lengnau.pdf\" target=\"_blank\" rel=\"noopener\">Fiche \u00ab\u00a0R\u00e9nover en tenant compte de l&rsquo;\u00e9nergie&#8230; un nouveau guide\u00a0\u00bb<\/a><a title=\"Fiche d'information \"Cadastre solaire du Seeland\" href=\"https:\/\/www.lengnau.ch\/wp-content\/uploads\/2022\/08\/Solarkataster-2022-Lengnau.pdf\" target=\"_blank\" rel=\"noopener\" name=\"Merkblatt%20%22Solarkataster%20Seeland%22\">Fiche \u00ab\u00a0Cadastre solaire du Seeland\u00a0\u00bb<\/a><a title=\"Fiche d'information sur l'efficacit\u00e9 \u00e9nerg\u00e9tique dans les m\u00e9nages\" href=\"https:\/\/www.lengnau.ch\/wp-content\/uploads\/2022\/08\/Merkblatt-Energieeffizienz-im-Haushalt.pdf\" target=\"_blank\" rel=\"noopener\">Fiche d&rsquo;information sur l&rsquo;efficacit\u00e9 \u00e9nerg\u00e9tique dans les m\u00e9nages<\/a><a title=\"Programme cantonal de promotion de l'\u00e9nergie\" href=\"https:\/\/www.weu.be.ch\/de\/start\/themen\/energie\/foerderprogramm-energie.html\" target=\"_blank\" rel=\"noopener\">Programme cantonal de promotion de l&rsquo;\u00e9nergie<\/a><\/p>\n","protected":false},"excerpt":{"rendered":"<p>Energieberatung Seeland Case postale 3001 Berne T\u00e9l\u00e9phone 032 322 23 53 Courrier \u00e9lectronique Site web En savoir plus sur le sujet Conseil en \u00e9conomie d&rsquo;\u00e9nergie &#8211; Consommation d&rsquo;\u00e9nergie pour l&rsquo;eau chaudeD\u00e9pliant Conseil en \u00e9nergie du SeelandFiche \u00ab\u00a0O\u00f9 se situe ma commune&#8230; en comparaison suisse ?\u00a0\u00bbFiche \u00ab\u00a0Etiquette \u00e9nerg\u00e9tique &#8230;nouvelle depuis le 1er mars 2021\u00a0\u00bbFiche \u00ab\u00a0Cadastre solaire [&hellip;]<\/p>\n","protected":false},"author":1,"featured_media":0,"parent":3169,"menu_order":54,"comment_status":"closed","ping_status":"closed","template":"","meta":{"_acf_changed":false,"_relevanssi_hide_post":"","_relevanssi_hide_content":"","_relevanssi_pin_for_all":"","_relevanssi_pin_keywords":"","_relevanssi_unpin_keywords":"","_relevanssi_related_keywords":"","_relevanssi_related_include_ids":"","_relevanssi_related_exclude_ids":"","_relevanssi_related_no_append":"","_relevanssi_related_not_related":"","_relevanssi_related_posts":"","_relevanssi_noindex_reason":"","footnotes":""},"class_list":["post-3157","page","type-page","status-publish","hentry"],"acf":[],"yoast_head":"<!-- This site is optimized with the Yoast SEO plugin v27.3 - https:\/\/yoast.com\/product\/yoast-seo-wordpress\/ -->\n<title>Conseil en \u00e9nergie - Gemeinde Lengnau<\/title>\n<meta name=\"robots\" content=\"index, follow, max-snippet:-1, max-image-preview:large, max-video-preview:-1\" \/>\n<link rel=\"canonical\" href=\"https:\/\/www.lengnau.ch\/fr\/themes\/bauen-und-planen\/energieberatung\/\" \/>\n<meta property=\"og:locale\" content=\"fr_FR\" \/>\n<meta property=\"og:type\" content=\"article\" \/>\n<meta property=\"og:title\" content=\"Conseil en \u00e9nergie - Gemeinde Lengnau\" \/>\n<meta property=\"og:description\" content=\"Energieberatung Seeland Case postale 3001 Berne T\u00e9l\u00e9phone 032 322 23 53 Courrier \u00e9lectronique Site web En savoir plus sur le sujet Conseil en \u00e9conomie d&rsquo;\u00e9nergie &#8211; Consommation d&rsquo;\u00e9nergie pour l&rsquo;eau chaudeD\u00e9pliant Conseil en \u00e9nergie du SeelandFiche \u00ab\u00a0O\u00f9 se situe ma commune&#8230; en comparaison suisse ?\u00a0\u00bbFiche \u00ab\u00a0Etiquette \u00e9nerg\u00e9tique &#8230;nouvelle depuis le 1er mars 2021\u00a0\u00bbFiche \u00ab\u00a0Cadastre solaire [&hellip;]\" \/>\n<meta property=\"og:url\" content=\"https:\/\/www.lengnau.ch\/fr\/themes\/bauen-und-planen\/energieberatung\/\" \/>\n<meta property=\"og:site_name\" content=\"Gemeinde Lengnau\" \/>\n<meta property=\"article:modified_time\" content=\"2024-12-19T07:57:50+00:00\" \/>\n<meta name=\"twitter:card\" content=\"summary_large_image\" \/>\n<script type=\"application\/ld+json\" class=\"yoast-schema-graph\">{\"@context\":\"https:\\\/\\\/schema.org\",\"@graph\":[{\"@type\":\"WebPage\",\"@id\":\"https:\\\/\\\/www.lengnau.ch\\\/fr\\\/themes\\\/bauen-und-planen\\\/energieberatung\\\/\",\"url\":\"https:\\\/\\\/www.lengnau.ch\\\/fr\\\/themes\\\/bauen-und-planen\\\/energieberatung\\\/\",\"name\":\"Conseil en \u00e9nergie - Gemeinde Lengnau\",\"isPartOf\":{\"@id\":\"https:\\\/\\\/www.lengnau.ch\\\/#website\"},\"datePublished\":\"2022-02-16T14:39:08+00:00\",\"dateModified\":\"2024-12-19T07:57:50+00:00\",\"breadcrumb\":{\"@id\":\"https:\\\/\\\/www.lengnau.ch\\\/fr\\\/themes\\\/bauen-und-planen\\\/energieberatung\\\/#breadcrumb\"},\"inLanguage\":\"fr-FR\",\"potentialAction\":[{\"@type\":\"ReadAction\",\"target\":[\"https:\\\/\\\/www.lengnau.ch\\\/fr\\\/themes\\\/bauen-und-planen\\\/energieberatung\\\/\"]}]},{\"@type\":\"BreadcrumbList\",\"@id\":\"https:\\\/\\\/www.lengnau.ch\\\/fr\\\/themes\\\/bauen-und-planen\\\/energieberatung\\\/#breadcrumb\",\"itemListElement\":[{\"@type\":\"ListItem\",\"position\":1,\"name\":\"Home\",\"item\":\"https:\\\/\\\/www.lengnau.ch\\\/fr\\\/\"},{\"@type\":\"ListItem\",\"position\":2,\"name\":\"Th\u00e8mes\",\"item\":\"https:\\\/\\\/www.lengnau.ch\\\/fr\\\/themes\\\/\"},{\"@type\":\"ListItem\",\"position\":3,\"name\":\"Construire et planifier\",\"item\":\"https:\\\/\\\/www.lengnau.ch\\\/fr\\\/themes\\\/bauen-und-planen\\\/\"},{\"@type\":\"ListItem\",\"position\":4,\"name\":\"Conseil en \u00e9nergie\"}]},{\"@type\":\"WebSite\",\"@id\":\"https:\\\/\\\/www.lengnau.ch\\\/#website\",\"url\":\"https:\\\/\\\/www.lengnau.ch\\\/\",\"name\":\"Gemeinde Lengnau\",\"description\":\"\",\"potentialAction\":[{\"@type\":\"SearchAction\",\"target\":{\"@type\":\"EntryPoint\",\"urlTemplate\":\"https:\\\/\\\/www.lengnau.ch\\\/?s={search_term_string}\"},\"query-input\":{\"@type\":\"PropertyValueSpecification\",\"valueRequired\":true,\"valueName\":\"search_term_string\"}}],\"inLanguage\":\"fr-FR\"}]}<\/script>\n<!-- \/ Yoast SEO plugin. -->","yoast_head_json":{"title":"Conseil en \u00e9nergie - Gemeinde Lengnau","robots":{"index":"index","follow":"follow","max-snippet":"max-snippet:-1","max-image-preview":"max-image-preview:large","max-video-preview":"max-video-preview:-1"},"canonical":"https:\/\/www.lengnau.ch\/fr\/themes\/bauen-und-planen\/energieberatung\/","og_locale":"fr_FR","og_type":"article","og_title":"Conseil en \u00e9nergie - Gemeinde Lengnau","og_description":"Energieberatung Seeland Case postale 3001 Berne T\u00e9l\u00e9phone 032 322 23 53 Courrier \u00e9lectronique Site web En savoir plus sur le sujet Conseil en \u00e9conomie d&rsquo;\u00e9nergie &#8211; Consommation d&rsquo;\u00e9nergie pour l&rsquo;eau chaudeD\u00e9pliant Conseil en \u00e9nergie du SeelandFiche \u00ab\u00a0O\u00f9 se situe ma commune&#8230; en comparaison suisse ?\u00a0\u00bbFiche \u00ab\u00a0Etiquette \u00e9nerg\u00e9tique &#8230;nouvelle depuis le 1er mars 2021\u00a0\u00bbFiche \u00ab\u00a0Cadastre solaire [&hellip;]","og_url":"https:\/\/www.lengnau.ch\/fr\/themes\/bauen-und-planen\/energieberatung\/","og_site_name":"Gemeinde Lengnau","article_modified_time":"2024-12-19T07:57:50+00:00","twitter_card":"summary_large_image","schema":{"@context":"https:\/\/schema.org","@graph":[{"@type":"WebPage","@id":"https:\/\/www.lengnau.ch\/fr\/themes\/bauen-und-planen\/energieberatung\/","url":"https:\/\/www.lengnau.ch\/fr\/themes\/bauen-und-planen\/energieberatung\/","name":"Conseil en \u00e9nergie - Gemeinde Lengnau","isPartOf":{"@id":"https:\/\/www.lengnau.ch\/#website"},"datePublished":"2022-02-16T14:39:08+00:00","dateModified":"2024-12-19T07:57:50+00:00","breadcrumb":{"@id":"https:\/\/www.lengnau.ch\/fr\/themes\/bauen-und-planen\/energieberatung\/#breadcrumb"},"inLanguage":"fr-FR","potentialAction":[{"@type":"ReadAction","target":["https:\/\/www.lengnau.ch\/fr\/themes\/bauen-und-planen\/energieberatung\/"]}]},{"@type":"BreadcrumbList","@id":"https:\/\/www.lengnau.ch\/fr\/themes\/bauen-und-planen\/energieberatung\/#breadcrumb","itemListElement":[{"@type":"ListItem","position":1,"name":"Home","item":"https:\/\/www.lengnau.ch\/fr\/"},{"@type":"ListItem","position":2,"name":"Th\u00e8mes","item":"https:\/\/www.lengnau.ch\/fr\/themes\/"},{"@type":"ListItem","position":3,"name":"Construire et planifier","item":"https:\/\/www.lengnau.ch\/fr\/themes\/bauen-und-planen\/"},{"@type":"ListItem","position":4,"name":"Conseil en \u00e9nergie"}]},{"@type":"WebSite","@id":"https:\/\/www.lengnau.ch\/#website","url":"https:\/\/www.lengnau.ch\/","name":"Gemeinde Lengnau","description":"","potentialAction":[{"@type":"SearchAction","target":{"@type":"EntryPoint","urlTemplate":"https:\/\/www.lengnau.ch\/?s={search_term_string}"},"query-input":{"@type":"PropertyValueSpecification","valueRequired":true,"valueName":"search_term_string"}}],"inLanguage":"fr-FR"}]}},"publishpress_future_action":{"enabled":false,"date":"2026-04-22 04:53:26","action":"change-status","newStatus":"draft","terms":[],"taxonomy":"translation_priority","extraData":[]},"publishpress_future_workflow_manual_trigger":{"enabledWorkflows":[]},"_links":{"self":[{"href":"https:\/\/www.lengnau.ch\/fr\/wp-json\/wp\/v2\/pages\/3157","targetHints":{"allow":["GET"]}}],"collection":[{"href":"https:\/\/www.lengnau.ch\/fr\/wp-json\/wp\/v2\/pages"}],"about":[{"href":"https:\/\/www.lengnau.ch\/fr\/wp-json\/wp\/v2\/types\/page"}],"author":[{"embeddable":true,"href":"https:\/\/www.lengnau.ch\/fr\/wp-json\/wp\/v2\/users\/1"}],"replies":[{"embeddable":true,"href":"https:\/\/www.lengnau.ch\/fr\/wp-json\/wp\/v2\/comments?post=3157"}],"version-history":[{"count":10,"href":"https:\/\/www.lengnau.ch\/fr\/wp-json\/wp\/v2\/pages\/3157\/revisions"}],"predecessor-version":[{"id":14039,"href":"https:\/\/www.lengnau.ch\/fr\/wp-json\/wp\/v2\/pages\/3157\/revisions\/14039"}],"up":[{"embeddable":true,"href":"https:\/\/www.lengnau.ch\/fr\/wp-json\/wp\/v2\/pages\/3169"}],"wp:attachment":[{"href":"https:\/\/www.lengnau.ch\/fr\/wp-json\/wp\/v2\/media?parent=3157"}],"curies":[{"name":"wp","href":"https:\/\/api.w.org\/{rel}","templated":true}]}}