{"id":3156,"date":"2022-02-16T15:38:44","date_gmt":"2022-02-16T14:38:44","guid":{"rendered":"https:\/\/lengnau.rettenmund.com\/baubewilligung-gastgewerbe\/"},"modified":"2025-07-02T11:08:44","modified_gmt":"2025-07-02T09:08:44","slug":"baubewilligung-gastgewerbe","status":"publish","type":"page","link":"https:\/\/www.lengnau.ch\/fr\/themes\/bauen-und-planen\/baubewilligung-gastgewerbe\/","title":{"rendered":"Permis de construire pour l&rsquo;h\u00f4tellerie et la restauration"},"content":{"rendered":"<p>La demande de permis de construire doit obligatoirement \u00eatre pr\u00e9sent\u00e9e sur le <a title=\"amtliche Gesuchsformulare\" href=\"https:\/\/www.bauen.dij.be.ch\/de\/start\/\" target=\"_blank\" rel=\"noopener\">formulaire de demande officiel<\/a>, accompagn\u00e9e des demandes annexes et des documents de planification.<\/p>\n<p>Zu einem vollst\u00e4ndigen Baugesuch geh\u00f6ren:<\/p>\n<ul>\n<li>Ausgef\u00fclltes Baugesuchsformular mit den n\u00f6tigen Unterschriften<\/li>\n<li>Situationsplan im Massstab 1:500 mit Unterschrift des <a title=\"Kreisgeometer\" href=\"https:\/\/rswag.ch\/\" target=\"_blank\" rel=\"noopener\">Kreisgeometers<\/a><\/li>\n<li>Projektpl\u00e4ne im Massstab 1:100 oder 1:50, d.h. Grundrisse, Schnitte, Fassadenpl\u00e4ne, ev. Umgebungsplan, Parkplatzangebot<\/li>\n<li>Die n\u00f6tigen Nebengesuche wie Gew\u00e4sserschutz, Brandschutz, etc.<\/li>\n<\/ul>\n<p>Eine Betriebsbewilligung f\u00fcr das Gastgewerbe erfordert zudem die Einreichung des amtlichen Gesuchsformulares Nr. 4.3 Gastgewerbe und das Gesuch f\u00fcr eine Betriebsbewilligung.<\/p>\n<h3>Baubewilligung<\/h3>\n<p>Die Baubewilligungkompetenz f\u00fcr einen Gastgewerbebetrieb und die Erteilung der Gastgewerbe-Betriebsbewilligung obliegen dem <a title=\"Regierungsstatthalteramt Biel\/Bienne\" href=\"https:\/\/www.rsta.dij.be.ch\/de\/start\/ueber-uns\/regierungsstatthalteraemter\/biel-bienne.html\" target=\"_blank\" rel=\"noopener\">Regierungsstatthalteramt Biel\/Bienne.<\/a><\/p>\n","protected":false},"excerpt":{"rendered":"<p>La demande de permis de construire doit obligatoirement \u00eatre pr\u00e9sent\u00e9e sur le formulaire de demande officiel, accompagn\u00e9e des demandes annexes et des documents de planification. Zu einem vollst\u00e4ndigen Baugesuch geh\u00f6ren: Ausgef\u00fclltes Baugesuchsformular mit den n\u00f6tigen Unterschriften Situationsplan im Massstab 1:500 mit Unterschrift des Kreisgeometers Projektpl\u00e4ne im Massstab 1:100 oder 1:50, d.h. Grundrisse, Schnitte, Fassadenpl\u00e4ne, ev. [&hellip;]<\/p>\n","protected":false},"author":1,"featured_media":0,"parent":3169,"menu_order":24,"comment_status":"closed","ping_status":"closed","template":"","meta":{"_acf_changed":false,"_relevanssi_hide_post":"","_relevanssi_hide_content":"","_relevanssi_pin_for_all":"","_relevanssi_pin_keywords":"","_relevanssi_unpin_keywords":"","_relevanssi_related_keywords":"","_relevanssi_related_include_ids":"","_relevanssi_related_exclude_ids":"","_relevanssi_related_no_append":"","_relevanssi_related_not_related":"","_relevanssi_related_posts":"","_relevanssi_noindex_reason":"","footnotes":""},"class_list":["post-3156","page","type-page","status-publish","hentry"],"acf":[],"yoast_head":"<!-- This site is optimized with the Yoast SEO plugin v27.5 - https:\/\/yoast.com\/product\/yoast-seo-wordpress\/ -->\n<title>Permis de construire pour l&#039;h\u00f4tellerie et la restauration - Gemeinde Lengnau<\/title>\n<meta name=\"robots\" content=\"index, follow, max-snippet:-1, max-image-preview:large, max-video-preview:-1\" \/>\n<link rel=\"canonical\" href=\"https:\/\/www.lengnau.ch\/fr\/themes\/bauen-und-planen\/baubewilligung-gastgewerbe\/\" \/>\n<meta property=\"og:locale\" content=\"fr_FR\" \/>\n<meta property=\"og:type\" content=\"article\" \/>\n<meta property=\"og:title\" content=\"Permis de construire pour l&#039;h\u00f4tellerie et la restauration - Gemeinde Lengnau\" \/>\n<meta property=\"og:description\" content=\"La demande de permis de construire doit obligatoirement \u00eatre pr\u00e9sent\u00e9e sur le formulaire de demande officiel, accompagn\u00e9e des demandes annexes et des documents de planification. Zu einem vollst\u00e4ndigen Baugesuch geh\u00f6ren: Ausgef\u00fclltes Baugesuchsformular mit den n\u00f6tigen Unterschriften Situationsplan im Massstab 1:500 mit Unterschrift des Kreisgeometers Projektpl\u00e4ne im Massstab 1:100 oder 1:50, d.h. Grundrisse, Schnitte, Fassadenpl\u00e4ne, ev. [&hellip;]\" \/>\n<meta property=\"og:url\" content=\"https:\/\/www.lengnau.ch\/fr\/themes\/bauen-und-planen\/baubewilligung-gastgewerbe\/\" \/>\n<meta property=\"og:site_name\" content=\"Gemeinde Lengnau\" \/>\n<meta property=\"article:modified_time\" content=\"2025-07-02T09:08:44+00:00\" \/>\n<meta name=\"twitter:card\" content=\"summary_large_image\" \/>\n<script type=\"application\/ld+json\" class=\"yoast-schema-graph\">{\"@context\":\"https:\\\/\\\/schema.org\",\"@graph\":[{\"@type\":\"WebPage\",\"@id\":\"https:\\\/\\\/www.lengnau.ch\\\/fr\\\/themes\\\/bauen-und-planen\\\/baubewilligung-gastgewerbe\\\/\",\"url\":\"https:\\\/\\\/www.lengnau.ch\\\/fr\\\/themes\\\/bauen-und-planen\\\/baubewilligung-gastgewerbe\\\/\",\"name\":\"Permis de construire pour l'h\u00f4tellerie et la restauration - Gemeinde Lengnau\",\"isPartOf\":{\"@id\":\"https:\\\/\\\/www.lengnau.ch\\\/#website\"},\"datePublished\":\"2022-02-16T14:38:44+00:00\",\"dateModified\":\"2025-07-02T09:08:44+00:00\",\"breadcrumb\":{\"@id\":\"https:\\\/\\\/www.lengnau.ch\\\/fr\\\/themes\\\/bauen-und-planen\\\/baubewilligung-gastgewerbe\\\/#breadcrumb\"},\"inLanguage\":\"fr-FR\",\"potentialAction\":[{\"@type\":\"ReadAction\",\"target\":[\"https:\\\/\\\/www.lengnau.ch\\\/fr\\\/themes\\\/bauen-und-planen\\\/baubewilligung-gastgewerbe\\\/\"]}]},{\"@type\":\"BreadcrumbList\",\"@id\":\"https:\\\/\\\/www.lengnau.ch\\\/fr\\\/themes\\\/bauen-und-planen\\\/baubewilligung-gastgewerbe\\\/#breadcrumb\",\"itemListElement\":[{\"@type\":\"ListItem\",\"position\":1,\"name\":\"Home\",\"item\":\"https:\\\/\\\/www.lengnau.ch\\\/fr\\\/\"},{\"@type\":\"ListItem\",\"position\":2,\"name\":\"Th\u00e8mes\",\"item\":\"https:\\\/\\\/www.lengnau.ch\\\/fr\\\/themes\\\/\"},{\"@type\":\"ListItem\",\"position\":3,\"name\":\"Construire et planifier\",\"item\":\"https:\\\/\\\/www.lengnau.ch\\\/fr\\\/themes\\\/bauen-und-planen\\\/\"},{\"@type\":\"ListItem\",\"position\":4,\"name\":\"Permis de construire pour l&#8217;h\u00f4tellerie et la restauration\"}]},{\"@type\":\"WebSite\",\"@id\":\"https:\\\/\\\/www.lengnau.ch\\\/#website\",\"url\":\"https:\\\/\\\/www.lengnau.ch\\\/\",\"name\":\"Gemeinde Lengnau\",\"description\":\"\",\"potentialAction\":[{\"@type\":\"SearchAction\",\"target\":{\"@type\":\"EntryPoint\",\"urlTemplate\":\"https:\\\/\\\/www.lengnau.ch\\\/?s={search_term_string}\"},\"query-input\":{\"@type\":\"PropertyValueSpecification\",\"valueRequired\":true,\"valueName\":\"search_term_string\"}}],\"inLanguage\":\"fr-FR\"}]}<\/script>\n<!-- \/ Yoast SEO plugin. -->","yoast_head_json":{"title":"Permis de construire pour l'h\u00f4tellerie et la restauration - Gemeinde Lengnau","robots":{"index":"index","follow":"follow","max-snippet":"max-snippet:-1","max-image-preview":"max-image-preview:large","max-video-preview":"max-video-preview:-1"},"canonical":"https:\/\/www.lengnau.ch\/fr\/themes\/bauen-und-planen\/baubewilligung-gastgewerbe\/","og_locale":"fr_FR","og_type":"article","og_title":"Permis de construire pour l'h\u00f4tellerie et la restauration - Gemeinde Lengnau","og_description":"La demande de permis de construire doit obligatoirement \u00eatre pr\u00e9sent\u00e9e sur le formulaire de demande officiel, accompagn\u00e9e des demandes annexes et des documents de planification. Zu einem vollst\u00e4ndigen Baugesuch geh\u00f6ren: Ausgef\u00fclltes Baugesuchsformular mit den n\u00f6tigen Unterschriften Situationsplan im Massstab 1:500 mit Unterschrift des Kreisgeometers Projektpl\u00e4ne im Massstab 1:100 oder 1:50, d.h. Grundrisse, Schnitte, Fassadenpl\u00e4ne, ev. [&hellip;]","og_url":"https:\/\/www.lengnau.ch\/fr\/themes\/bauen-und-planen\/baubewilligung-gastgewerbe\/","og_site_name":"Gemeinde Lengnau","article_modified_time":"2025-07-02T09:08:44+00:00","twitter_card":"summary_large_image","schema":{"@context":"https:\/\/schema.org","@graph":[{"@type":"WebPage","@id":"https:\/\/www.lengnau.ch\/fr\/themes\/bauen-und-planen\/baubewilligung-gastgewerbe\/","url":"https:\/\/www.lengnau.ch\/fr\/themes\/bauen-und-planen\/baubewilligung-gastgewerbe\/","name":"Permis de construire pour l'h\u00f4tellerie et la restauration - Gemeinde Lengnau","isPartOf":{"@id":"https:\/\/www.lengnau.ch\/#website"},"datePublished":"2022-02-16T14:38:44+00:00","dateModified":"2025-07-02T09:08:44+00:00","breadcrumb":{"@id":"https:\/\/www.lengnau.ch\/fr\/themes\/bauen-und-planen\/baubewilligung-gastgewerbe\/#breadcrumb"},"inLanguage":"fr-FR","potentialAction":[{"@type":"ReadAction","target":["https:\/\/www.lengnau.ch\/fr\/themes\/bauen-und-planen\/baubewilligung-gastgewerbe\/"]}]},{"@type":"BreadcrumbList","@id":"https:\/\/www.lengnau.ch\/fr\/themes\/bauen-und-planen\/baubewilligung-gastgewerbe\/#breadcrumb","itemListElement":[{"@type":"ListItem","position":1,"name":"Home","item":"https:\/\/www.lengnau.ch\/fr\/"},{"@type":"ListItem","position":2,"name":"Th\u00e8mes","item":"https:\/\/www.lengnau.ch\/fr\/themes\/"},{"@type":"ListItem","position":3,"name":"Construire et planifier","item":"https:\/\/www.lengnau.ch\/fr\/themes\/bauen-und-planen\/"},{"@type":"ListItem","position":4,"name":"Permis de construire pour l&#8217;h\u00f4tellerie et la restauration"}]},{"@type":"WebSite","@id":"https:\/\/www.lengnau.ch\/#website","url":"https:\/\/www.lengnau.ch\/","name":"Gemeinde Lengnau","description":"","potentialAction":[{"@type":"SearchAction","target":{"@type":"EntryPoint","urlTemplate":"https:\/\/www.lengnau.ch\/?s={search_term_string}"},"query-input":{"@type":"PropertyValueSpecification","valueRequired":true,"valueName":"search_term_string"}}],"inLanguage":"fr-FR"}]}},"publishpress_future_action":{"enabled":false,"date":"2026-05-24 07:36:03","action":"change-status","newStatus":"draft","terms":[],"taxonomy":"translation_priority","extraData":[]},"publishpress_future_workflow_manual_trigger":{"enabledWorkflows":[]},"_links":{"self":[{"href":"https:\/\/www.lengnau.ch\/fr\/wp-json\/wp\/v2\/pages\/3156","targetHints":{"allow":["GET"]}}],"collection":[{"href":"https:\/\/www.lengnau.ch\/fr\/wp-json\/wp\/v2\/pages"}],"about":[{"href":"https:\/\/www.lengnau.ch\/fr\/wp-json\/wp\/v2\/types\/page"}],"author":[{"embeddable":true,"href":"https:\/\/www.lengnau.ch\/fr\/wp-json\/wp\/v2\/users\/1"}],"replies":[{"embeddable":true,"href":"https:\/\/www.lengnau.ch\/fr\/wp-json\/wp\/v2\/comments?post=3156"}],"version-history":[{"count":9,"href":"https:\/\/www.lengnau.ch\/fr\/wp-json\/wp\/v2\/pages\/3156\/revisions"}],"predecessor-version":[{"id":17128,"href":"https:\/\/www.lengnau.ch\/fr\/wp-json\/wp\/v2\/pages\/3156\/revisions\/17128"}],"up":[{"embeddable":true,"href":"https:\/\/www.lengnau.ch\/fr\/wp-json\/wp\/v2\/pages\/3169"}],"wp:attachment":[{"href":"https:\/\/www.lengnau.ch\/fr\/wp-json\/wp\/v2\/media?parent=3156"}],"curies":[{"name":"wp","href":"https:\/\/api.w.org\/{rel}","templated":true}]}}