{"id":3155,"date":"2022-02-16T15:36:09","date_gmt":"2022-02-16T14:36:09","guid":{"rendered":"https:\/\/lengnau.rettenmund.com\/themen\/sozialversicherungen\/ahv-iv-leistungen\/"},"modified":"2024-11-19T10:52:59","modified_gmt":"2024-11-19T09:52:59","slug":"ahv-iv-leistungen","status":"publish","type":"page","link":"https:\/\/www.lengnau.ch\/fr\/themes\/sozialversicherungen\/ahv-iv-leistungen\/","title":{"rendered":"Prestations AVS et AI"},"content":{"rendered":"<h2>AVS et AI<\/h2>\n<ul>\n<li><a href=\"https:\/\/www.akbern.ch\/de\/AHV-21\/Allgemeines\/Allgemeines.html\">AVS21<\/a><\/li>\n<li><a href=\"https:\/\/www.akbern.ch\/de\/Versicherungen\/AHV-Leistungen\/Altersrente-der-AHV\/Altersrente-der-AHV.html\">Rentes de vieillesse<\/a><\/li>\n<li><a href=\"https:\/\/www.akbern.ch\/de\/Versicherungen\/AHV-Leistungen\/Hinterlassenenrente\/Hinterlassenenrente.html\">Rentes de survivants<\/a><\/li>\n<li><a href=\"https:\/\/www.akbern.ch\/de\/Versicherungen\/AHV-Leistungen\/Altersrente-der-AHV\/Altersrente-der-AHV.html\">Retraite anticip\u00e9e ou diff\u00e9r\u00e9e (\u00e2ge de la retraite flexible)<\/a><\/li>\n<li><a href=\"https:\/\/www.akbern.ch\/de\/Versicherungen\/AHV-Leistungen\/Altersrente-der-AHV\/Altersrente-der-AHV.html\">Calcul pr\u00e9visionnel des rentes<\/a><\/li>\n<li><a href=\"https:\/\/www.ivbe.ch\/de\/formulare_merkblaetter\/formulare.html\">Prestations de l&rsquo;assurance-invalidit\u00e9<\/a><\/li>\n<li><a href=\"https:\/\/www.akbern.ch\/de\/Versicherungen\/AHV-Leistungen\/Hilflosenentschadigung-der-AHV\/Hilflosenentschaedigung-der-AHV.html\">Allocation pour impotent<\/a><\/li>\n<li><a href=\"https:\/\/www.akbern.ch\/de\/Versicherungen\/AHV-Leistungen\/Hilfsmittel-der-AHV\/Hilfsmittel-der-AHV.html\">Moyens auxiliaires<\/a><\/li>\n<li><a href=\"https:\/\/www.akbern.ch\/de\/Versicherungen\/uL\/uberbruckungsleistungen-fur-altere-Arbeitslose\/Ueberbrueckungsleistungen-fuer-aeltere-Arbeitslose.html\">Prestations d&rsquo;attente pour les ch\u00f4meurs \u00e2g\u00e9s<\/a><\/li>\n<\/ul>\n<h2>Plus d&rsquo;informations<\/h2>\n<p><a class=\"next external\" title=\"Caisse de compensation du canton de Berne\" href=\"https:\/\/www.akbern.ch\/\" target=\"_blank\" rel=\"noopener\">Caisse de compensation du canton de Berne<\/a><\/p>\n<p>&nbsp;<\/p>\n","protected":false},"excerpt":{"rendered":"<p>AVS et AI AVS21 Rentes de vieillesse Rentes de survivants Retraite anticip\u00e9e ou diff\u00e9r\u00e9e (\u00e2ge de la retraite flexible) Calcul pr\u00e9visionnel des rentes Prestations de l&rsquo;assurance-invalidit\u00e9 Allocation pour impotent Moyens auxiliaires Prestations d&rsquo;attente pour les ch\u00f4meurs \u00e2g\u00e9s Plus d&rsquo;informations Caisse de compensation du canton de Berne &nbsp;<\/p>\n","protected":false},"author":1,"featured_media":0,"parent":3152,"menu_order":0,"comment_status":"closed","ping_status":"closed","template":"","meta":{"_acf_changed":false,"_relevanssi_hide_post":"","_relevanssi_hide_content":"","_relevanssi_pin_for_all":"","_relevanssi_pin_keywords":"","_relevanssi_unpin_keywords":"","_relevanssi_related_keywords":"","_relevanssi_related_include_ids":"","_relevanssi_related_exclude_ids":"","_relevanssi_related_no_append":"","_relevanssi_related_not_related":"","_relevanssi_related_posts":"","_relevanssi_noindex_reason":"","footnotes":""},"class_list":["post-3155","page","type-page","status-publish","hentry"],"acf":[],"yoast_head":"<!-- This site is optimized with the Yoast SEO plugin v27.3 - https:\/\/yoast.com\/product\/yoast-seo-wordpress\/ -->\n<title>Prestations AVS et AI - Gemeinde Lengnau<\/title>\n<meta name=\"robots\" content=\"index, follow, max-snippet:-1, max-image-preview:large, max-video-preview:-1\" \/>\n<link rel=\"canonical\" href=\"https:\/\/www.lengnau.ch\/fr\/themes\/sozialversicherungen\/ahv-iv-leistungen\/\" \/>\n<meta property=\"og:locale\" content=\"fr_FR\" \/>\n<meta property=\"og:type\" content=\"article\" \/>\n<meta property=\"og:title\" content=\"Prestations AVS et AI - Gemeinde Lengnau\" \/>\n<meta property=\"og:description\" content=\"AVS et AI AVS21 Rentes de vieillesse Rentes de survivants Retraite anticip\u00e9e ou diff\u00e9r\u00e9e (\u00e2ge de la retraite flexible) Calcul pr\u00e9visionnel des rentes Prestations de l&rsquo;assurance-invalidit\u00e9 Allocation pour impotent Moyens auxiliaires Prestations d&rsquo;attente pour les ch\u00f4meurs \u00e2g\u00e9s Plus d&rsquo;informations Caisse de compensation du canton de Berne &nbsp;\" \/>\n<meta property=\"og:url\" content=\"https:\/\/www.lengnau.ch\/fr\/themes\/sozialversicherungen\/ahv-iv-leistungen\/\" \/>\n<meta property=\"og:site_name\" content=\"Gemeinde Lengnau\" \/>\n<meta property=\"article:modified_time\" content=\"2024-11-19T09:52:59+00:00\" \/>\n<meta name=\"twitter:card\" content=\"summary_large_image\" \/>\n<script type=\"application\/ld+json\" class=\"yoast-schema-graph\">{\"@context\":\"https:\\\/\\\/schema.org\",\"@graph\":[{\"@type\":\"WebPage\",\"@id\":\"https:\\\/\\\/www.lengnau.ch\\\/fr\\\/themes\\\/sozialversicherungen\\\/ahv-iv-leistungen\\\/\",\"url\":\"https:\\\/\\\/www.lengnau.ch\\\/fr\\\/themes\\\/sozialversicherungen\\\/ahv-iv-leistungen\\\/\",\"name\":\"Prestations AVS et AI - Gemeinde Lengnau\",\"isPartOf\":{\"@id\":\"https:\\\/\\\/www.lengnau.ch\\\/#website\"},\"datePublished\":\"2022-02-16T14:36:09+00:00\",\"dateModified\":\"2024-11-19T09:52:59+00:00\",\"breadcrumb\":{\"@id\":\"https:\\\/\\\/www.lengnau.ch\\\/fr\\\/themes\\\/sozialversicherungen\\\/ahv-iv-leistungen\\\/#breadcrumb\"},\"inLanguage\":\"fr-FR\",\"potentialAction\":[{\"@type\":\"ReadAction\",\"target\":[\"https:\\\/\\\/www.lengnau.ch\\\/fr\\\/themes\\\/sozialversicherungen\\\/ahv-iv-leistungen\\\/\"]}]},{\"@type\":\"BreadcrumbList\",\"@id\":\"https:\\\/\\\/www.lengnau.ch\\\/fr\\\/themes\\\/sozialversicherungen\\\/ahv-iv-leistungen\\\/#breadcrumb\",\"itemListElement\":[{\"@type\":\"ListItem\",\"position\":1,\"name\":\"Home\",\"item\":\"https:\\\/\\\/www.lengnau.ch\\\/fr\\\/\"},{\"@type\":\"ListItem\",\"position\":2,\"name\":\"Th\u00e8mes\",\"item\":\"https:\\\/\\\/www.lengnau.ch\\\/fr\\\/themes\\\/\"},{\"@type\":\"ListItem\",\"position\":3,\"name\":\"Assurances sociales\",\"item\":\"https:\\\/\\\/www.lengnau.ch\\\/fr\\\/themes\\\/sozialversicherungen\\\/\"},{\"@type\":\"ListItem\",\"position\":4,\"name\":\"Prestations AVS et AI\"}]},{\"@type\":\"WebSite\",\"@id\":\"https:\\\/\\\/www.lengnau.ch\\\/#website\",\"url\":\"https:\\\/\\\/www.lengnau.ch\\\/\",\"name\":\"Gemeinde Lengnau\",\"description\":\"\",\"potentialAction\":[{\"@type\":\"SearchAction\",\"target\":{\"@type\":\"EntryPoint\",\"urlTemplate\":\"https:\\\/\\\/www.lengnau.ch\\\/?s={search_term_string}\"},\"query-input\":{\"@type\":\"PropertyValueSpecification\",\"valueRequired\":true,\"valueName\":\"search_term_string\"}}],\"inLanguage\":\"fr-FR\"}]}<\/script>\n<!-- \/ Yoast SEO plugin. -->","yoast_head_json":{"title":"Prestations AVS et AI - Gemeinde Lengnau","robots":{"index":"index","follow":"follow","max-snippet":"max-snippet:-1","max-image-preview":"max-image-preview:large","max-video-preview":"max-video-preview:-1"},"canonical":"https:\/\/www.lengnau.ch\/fr\/themes\/sozialversicherungen\/ahv-iv-leistungen\/","og_locale":"fr_FR","og_type":"article","og_title":"Prestations AVS et AI - Gemeinde Lengnau","og_description":"AVS et AI AVS21 Rentes de vieillesse Rentes de survivants Retraite anticip\u00e9e ou diff\u00e9r\u00e9e (\u00e2ge de la retraite flexible) Calcul pr\u00e9visionnel des rentes Prestations de l&rsquo;assurance-invalidit\u00e9 Allocation pour impotent Moyens auxiliaires Prestations d&rsquo;attente pour les ch\u00f4meurs \u00e2g\u00e9s Plus d&rsquo;informations Caisse de compensation du canton de Berne &nbsp;","og_url":"https:\/\/www.lengnau.ch\/fr\/themes\/sozialversicherungen\/ahv-iv-leistungen\/","og_site_name":"Gemeinde Lengnau","article_modified_time":"2024-11-19T09:52:59+00:00","twitter_card":"summary_large_image","schema":{"@context":"https:\/\/schema.org","@graph":[{"@type":"WebPage","@id":"https:\/\/www.lengnau.ch\/fr\/themes\/sozialversicherungen\/ahv-iv-leistungen\/","url":"https:\/\/www.lengnau.ch\/fr\/themes\/sozialversicherungen\/ahv-iv-leistungen\/","name":"Prestations AVS et AI - Gemeinde Lengnau","isPartOf":{"@id":"https:\/\/www.lengnau.ch\/#website"},"datePublished":"2022-02-16T14:36:09+00:00","dateModified":"2024-11-19T09:52:59+00:00","breadcrumb":{"@id":"https:\/\/www.lengnau.ch\/fr\/themes\/sozialversicherungen\/ahv-iv-leistungen\/#breadcrumb"},"inLanguage":"fr-FR","potentialAction":[{"@type":"ReadAction","target":["https:\/\/www.lengnau.ch\/fr\/themes\/sozialversicherungen\/ahv-iv-leistungen\/"]}]},{"@type":"BreadcrumbList","@id":"https:\/\/www.lengnau.ch\/fr\/themes\/sozialversicherungen\/ahv-iv-leistungen\/#breadcrumb","itemListElement":[{"@type":"ListItem","position":1,"name":"Home","item":"https:\/\/www.lengnau.ch\/fr\/"},{"@type":"ListItem","position":2,"name":"Th\u00e8mes","item":"https:\/\/www.lengnau.ch\/fr\/themes\/"},{"@type":"ListItem","position":3,"name":"Assurances sociales","item":"https:\/\/www.lengnau.ch\/fr\/themes\/sozialversicherungen\/"},{"@type":"ListItem","position":4,"name":"Prestations AVS et AI"}]},{"@type":"WebSite","@id":"https:\/\/www.lengnau.ch\/#website","url":"https:\/\/www.lengnau.ch\/","name":"Gemeinde Lengnau","description":"","potentialAction":[{"@type":"SearchAction","target":{"@type":"EntryPoint","urlTemplate":"https:\/\/www.lengnau.ch\/?s={search_term_string}"},"query-input":{"@type":"PropertyValueSpecification","valueRequired":true,"valueName":"search_term_string"}}],"inLanguage":"fr-FR"}]}},"publishpress_future_action":{"enabled":false,"date":"2026-04-21 10:48:00","action":"change-status","newStatus":"draft","terms":[],"taxonomy":"translation_priority","extraData":[]},"publishpress_future_workflow_manual_trigger":{"enabledWorkflows":[]},"_links":{"self":[{"href":"https:\/\/www.lengnau.ch\/fr\/wp-json\/wp\/v2\/pages\/3155","targetHints":{"allow":["GET"]}}],"collection":[{"href":"https:\/\/www.lengnau.ch\/fr\/wp-json\/wp\/v2\/pages"}],"about":[{"href":"https:\/\/www.lengnau.ch\/fr\/wp-json\/wp\/v2\/types\/page"}],"author":[{"embeddable":true,"href":"https:\/\/www.lengnau.ch\/fr\/wp-json\/wp\/v2\/users\/1"}],"replies":[{"embeddable":true,"href":"https:\/\/www.lengnau.ch\/fr\/wp-json\/wp\/v2\/comments?post=3155"}],"version-history":[{"count":10,"href":"https:\/\/www.lengnau.ch\/fr\/wp-json\/wp\/v2\/pages\/3155\/revisions"}],"predecessor-version":[{"id":15025,"href":"https:\/\/www.lengnau.ch\/fr\/wp-json\/wp\/v2\/pages\/3155\/revisions\/15025"}],"up":[{"embeddable":true,"href":"https:\/\/www.lengnau.ch\/fr\/wp-json\/wp\/v2\/pages\/3152"}],"wp:attachment":[{"href":"https:\/\/www.lengnau.ch\/fr\/wp-json\/wp\/v2\/media?parent=3155"}],"curies":[{"name":"wp","href":"https:\/\/api.w.org\/{rel}","templated":true}]}}