{"id":3154,"date":"2022-02-16T15:37:22","date_gmt":"2022-02-16T14:37:22","guid":{"rendered":"https:\/\/lengnau.rettenmund.com\/themen\/soziales\/alimente\/"},"modified":"2024-12-17T08:23:55","modified_gmt":"2024-12-17T07:23:55","slug":"alimente","status":"publish","type":"page","link":"https:\/\/www.lengnau.ch\/fr\/themes\/soziales\/alimente\/","title":{"rendered":"Aliments"},"content":{"rendered":"<h2>Aliments pour enfants<\/h2>\n<h3>Avance\/recouvrement de pensions alimentaires<\/h3>\n<p>Les enfants et les jeunes ont droit \u00e0 une avance sur les contributions d&rsquo;entretien courantes lorsque les pensions alimentaires dues ne sont pas vers\u00e9es. Seules les contributions d&rsquo;entretien courantes peuvent faire l&rsquo;objet d&rsquo;une avance. Les cr\u00e9ances en retard ne sont pas rembours\u00e9es, mais il existe un droit \u00e0 l&rsquo;aide au recouvrement. Les pensions alimentaires pour enfants se prescrivent par 5 ans.<\/p>\n<p>Si vous souhaitez une avance sur pension alimentaire ou une aide au recouvrement, prenez contact suffisamment t\u00f4t avec le service social. Au guichet, on vous remettra la demande d&rsquo;avance ou d&rsquo;aide au recouvrement des contributions d&rsquo;entretien ainsi qu&rsquo;une notice contenant toutes les informations importantes.<\/p>\n<p>Pour les enfants mineurs, les demandes doivent \u00eatre d\u00e9pos\u00e9es aupr\u00e8s du service social par le parent qui a la garde de l&rsquo;enfant. Les enfants majeurs doivent faire la demande eux-m\u00eames.<\/p>\n<p>Le montant de l&rsquo;avance maximale sur la pension alimentaire pour enfants est fix\u00e9 chaque ann\u00e9e (actuellement 1 080 CHF).<\/p>\n<h3>Conditions g\u00e9n\u00e9rales :<\/h3>\n<ul>\n<li>La personne \u00e0 charge \u00e9tablit son domicile civil \u00e0 Lengnau BE<\/li>\n<li>Il existe un titre d&rsquo;entretien ex\u00e9cutoire et d\u00e9finitif (par exemple, un jugement de divorce, un contrat d&rsquo;entretien approuv\u00e9, etc.<\/li>\n<li>Les parents de l&rsquo;enfant sont s\u00e9par\u00e9s (m\u00e8nent des m\u00e9nages s\u00e9par\u00e9s)<\/li>\n<\/ul>\n<h3>Documents \u00e0 joindre \u00e0 la demande d&rsquo;aide au recouvrement :<\/h3>\n<ul>\n<li>Titre d&rsquo;entretien ex\u00e9cutoire et d\u00e9finitif (par ex. jugement de divorce, contrat d&rsquo;entretien, etc.)<\/li>\n<li>Relev\u00e9s de compte des pensions alimentaires non vers\u00e9es<\/li>\n<li>Attestation de formation (contrat d&rsquo;apprentissage, attestation d&rsquo;\u00e9cole, etc.)<\/li>\n<\/ul>\n<h3>Documents suppl\u00e9mentaires \u00e0 joindre \u00e0 la demande d&rsquo;avance :<\/h3>\n<ul>\n<li>la derni\u00e8re taxation fiscale compl\u00e8te et d\u00e9finitive du parent ou de l&rsquo;enfant majeur qui a la garde de l&rsquo;enfant<\/li>\n<li>Si le parent dans le m\u00e9nage duquel vit l&rsquo;enfant est mari\u00e9, la derni\u00e8re taxation fiscale compl\u00e8te et d\u00e9finitive du nouveau conjoint \/ de la nouvelle conjointe ou la taxation fiscale commune.<\/li>\n<\/ul>\n<h3>Examen du droit \u00e0 l&rsquo;avance des pensions alimentaires :<\/h3>\n<p>Apr\u00e8s avoir d\u00e9pos\u00e9 la demande d&rsquo;avance ainsi que les documents mentionn\u00e9s ci-dessus, le service social examine d&rsquo;abord la situation patrimoniale, puis les revenus, dans le cadre d&rsquo;une proc\u00e9dure en deux \u00e9tapes. Il n&rsquo;existe un droit aux avances que si la fortune imposable ainsi que le revenu imposable et les contributions d&rsquo;entretien annuelles ne d\u00e9passent pas le montant limite selon l&rsquo;art. 9 ou 10 de l&rsquo;OIB.<\/p>\n<h3>Allocations familiales<\/h3>\n<p>Dans le cadre des avances ou de l&rsquo;aide au recouvrement, les allocations familiales impay\u00e9es peuvent \u00eatre encaiss\u00e9es en plus. Une avance n&rsquo;est toutefois pas possible.<\/p>\n<h2>Aliments pour femmes<\/h2>\n<h3>Aide au recouvrement des pensions alimentaires pour les \u00e9poux<\/h3>\n<p>Les pensions alimentaires des conjoints ne sont pas avanc\u00e9es. Des efforts de recouvrement sont entrepris.<\/p>\n<p>Le service social du domicile civil de l&rsquo;\u00e9poux ayant droit est comp\u00e9tent pour les d\u00e9marches de recouvrement.<\/p>\n<p>Les contributions d&rsquo;entretien doivent avoir \u00e9t\u00e9 fix\u00e9es dans un titre civil valable et ex\u00e9cutoire (p. ex. jugement de divorce).<\/p>\n<p>Si des pensions alimentaires pour enfants ne sont pas avanc\u00e9es en m\u00eame temps, des frais de 4% du r\u00e9sultat de l&rsquo;encaissement peuvent \u00eatre pr\u00e9lev\u00e9s. Condition : l&rsquo;ayant droit vit dans des conditions favorables.<\/p>\n<p>Les demandes correspondantes doivent \u00eatre d\u00e9pos\u00e9es aupr\u00e8s du service social.<\/p>\n","protected":false},"excerpt":{"rendered":"<p>Aliments pour enfants Avance\/recouvrement de pensions alimentaires Les enfants et les jeunes ont droit \u00e0 une avance sur les contributions d&rsquo;entretien courantes lorsque les pensions alimentaires dues ne sont pas vers\u00e9es. Seules les contributions d&rsquo;entretien courantes peuvent faire l&rsquo;objet d&rsquo;une avance. Les cr\u00e9ances en retard ne sont pas rembours\u00e9es, mais il existe un droit \u00e0 [&hellip;]<\/p>\n","protected":false},"author":1,"featured_media":0,"parent":3153,"menu_order":44,"comment_status":"closed","ping_status":"closed","template":"","meta":{"_acf_changed":false,"_relevanssi_hide_post":"","_relevanssi_hide_content":"","_relevanssi_pin_for_all":"","_relevanssi_pin_keywords":"","_relevanssi_unpin_keywords":"","_relevanssi_related_keywords":"","_relevanssi_related_include_ids":"","_relevanssi_related_exclude_ids":"","_relevanssi_related_no_append":"","_relevanssi_related_not_related":"","_relevanssi_related_posts":"","_relevanssi_noindex_reason":"","footnotes":""},"class_list":["post-3154","page","type-page","status-publish","hentry"],"acf":[],"yoast_head":"<!-- This site is optimized with the Yoast SEO plugin v27.4 - https:\/\/yoast.com\/product\/yoast-seo-wordpress\/ -->\n<title>Aliments - Gemeinde Lengnau<\/title>\n<meta name=\"robots\" content=\"index, follow, max-snippet:-1, max-image-preview:large, max-video-preview:-1\" \/>\n<link rel=\"canonical\" href=\"https:\/\/www.lengnau.ch\/fr\/themes\/soziales\/alimente\/\" \/>\n<meta property=\"og:locale\" content=\"fr_FR\" \/>\n<meta property=\"og:type\" content=\"article\" \/>\n<meta property=\"og:title\" content=\"Aliments - Gemeinde Lengnau\" \/>\n<meta property=\"og:description\" content=\"Aliments pour enfants Avance\/recouvrement de pensions alimentaires Les enfants et les jeunes ont droit \u00e0 une avance sur les contributions d&rsquo;entretien courantes lorsque les pensions alimentaires dues ne sont pas vers\u00e9es. Seules les contributions d&rsquo;entretien courantes peuvent faire l&rsquo;objet d&rsquo;une avance. Les cr\u00e9ances en retard ne sont pas rembours\u00e9es, mais il existe un droit \u00e0 [&hellip;]\" \/>\n<meta property=\"og:url\" content=\"https:\/\/www.lengnau.ch\/fr\/themes\/soziales\/alimente\/\" \/>\n<meta property=\"og:site_name\" content=\"Gemeinde Lengnau\" \/>\n<meta property=\"article:modified_time\" content=\"2024-12-17T07:23:55+00:00\" \/>\n<meta name=\"twitter:card\" content=\"summary_large_image\" \/>\n<script type=\"application\/ld+json\" class=\"yoast-schema-graph\">{\"@context\":\"https:\\\/\\\/schema.org\",\"@graph\":[{\"@type\":\"WebPage\",\"@id\":\"https:\\\/\\\/www.lengnau.ch\\\/fr\\\/themes\\\/soziales\\\/alimente\\\/\",\"url\":\"https:\\\/\\\/www.lengnau.ch\\\/fr\\\/themes\\\/soziales\\\/alimente\\\/\",\"name\":\"Aliments - Gemeinde Lengnau\",\"isPartOf\":{\"@id\":\"https:\\\/\\\/www.lengnau.ch\\\/#website\"},\"datePublished\":\"2022-02-16T14:37:22+00:00\",\"dateModified\":\"2024-12-17T07:23:55+00:00\",\"breadcrumb\":{\"@id\":\"https:\\\/\\\/www.lengnau.ch\\\/fr\\\/themes\\\/soziales\\\/alimente\\\/#breadcrumb\"},\"inLanguage\":\"fr-FR\",\"potentialAction\":[{\"@type\":\"ReadAction\",\"target\":[\"https:\\\/\\\/www.lengnau.ch\\\/fr\\\/themes\\\/soziales\\\/alimente\\\/\"]}]},{\"@type\":\"BreadcrumbList\",\"@id\":\"https:\\\/\\\/www.lengnau.ch\\\/fr\\\/themes\\\/soziales\\\/alimente\\\/#breadcrumb\",\"itemListElement\":[{\"@type\":\"ListItem\",\"position\":1,\"name\":\"Home\",\"item\":\"https:\\\/\\\/www.lengnau.ch\\\/fr\\\/\"},{\"@type\":\"ListItem\",\"position\":2,\"name\":\"Th\u00e8mes\",\"item\":\"https:\\\/\\\/www.lengnau.ch\\\/fr\\\/themes\\\/\"},{\"@type\":\"ListItem\",\"position\":3,\"name\":\"Social\",\"item\":\"https:\\\/\\\/www.lengnau.ch\\\/fr\\\/themes\\\/soziales\\\/\"},{\"@type\":\"ListItem\",\"position\":4,\"name\":\"Aliments\"}]},{\"@type\":\"WebSite\",\"@id\":\"https:\\\/\\\/www.lengnau.ch\\\/#website\",\"url\":\"https:\\\/\\\/www.lengnau.ch\\\/\",\"name\":\"Gemeinde Lengnau\",\"description\":\"\",\"potentialAction\":[{\"@type\":\"SearchAction\",\"target\":{\"@type\":\"EntryPoint\",\"urlTemplate\":\"https:\\\/\\\/www.lengnau.ch\\\/?s={search_term_string}\"},\"query-input\":{\"@type\":\"PropertyValueSpecification\",\"valueRequired\":true,\"valueName\":\"search_term_string\"}}],\"inLanguage\":\"fr-FR\"}]}<\/script>\n<!-- \/ Yoast SEO plugin. -->","yoast_head_json":{"title":"Aliments - Gemeinde Lengnau","robots":{"index":"index","follow":"follow","max-snippet":"max-snippet:-1","max-image-preview":"max-image-preview:large","max-video-preview":"max-video-preview:-1"},"canonical":"https:\/\/www.lengnau.ch\/fr\/themes\/soziales\/alimente\/","og_locale":"fr_FR","og_type":"article","og_title":"Aliments - Gemeinde Lengnau","og_description":"Aliments pour enfants Avance\/recouvrement de pensions alimentaires Les enfants et les jeunes ont droit \u00e0 une avance sur les contributions d&rsquo;entretien courantes lorsque les pensions alimentaires dues ne sont pas vers\u00e9es. Seules les contributions d&rsquo;entretien courantes peuvent faire l&rsquo;objet d&rsquo;une avance. Les cr\u00e9ances en retard ne sont pas rembours\u00e9es, mais il existe un droit \u00e0 [&hellip;]","og_url":"https:\/\/www.lengnau.ch\/fr\/themes\/soziales\/alimente\/","og_site_name":"Gemeinde Lengnau","article_modified_time":"2024-12-17T07:23:55+00:00","twitter_card":"summary_large_image","schema":{"@context":"https:\/\/schema.org","@graph":[{"@type":"WebPage","@id":"https:\/\/www.lengnau.ch\/fr\/themes\/soziales\/alimente\/","url":"https:\/\/www.lengnau.ch\/fr\/themes\/soziales\/alimente\/","name":"Aliments - Gemeinde Lengnau","isPartOf":{"@id":"https:\/\/www.lengnau.ch\/#website"},"datePublished":"2022-02-16T14:37:22+00:00","dateModified":"2024-12-17T07:23:55+00:00","breadcrumb":{"@id":"https:\/\/www.lengnau.ch\/fr\/themes\/soziales\/alimente\/#breadcrumb"},"inLanguage":"fr-FR","potentialAction":[{"@type":"ReadAction","target":["https:\/\/www.lengnau.ch\/fr\/themes\/soziales\/alimente\/"]}]},{"@type":"BreadcrumbList","@id":"https:\/\/www.lengnau.ch\/fr\/themes\/soziales\/alimente\/#breadcrumb","itemListElement":[{"@type":"ListItem","position":1,"name":"Home","item":"https:\/\/www.lengnau.ch\/fr\/"},{"@type":"ListItem","position":2,"name":"Th\u00e8mes","item":"https:\/\/www.lengnau.ch\/fr\/themes\/"},{"@type":"ListItem","position":3,"name":"Social","item":"https:\/\/www.lengnau.ch\/fr\/themes\/soziales\/"},{"@type":"ListItem","position":4,"name":"Aliments"}]},{"@type":"WebSite","@id":"https:\/\/www.lengnau.ch\/#website","url":"https:\/\/www.lengnau.ch\/","name":"Gemeinde Lengnau","description":"","potentialAction":[{"@type":"SearchAction","target":{"@type":"EntryPoint","urlTemplate":"https:\/\/www.lengnau.ch\/?s={search_term_string}"},"query-input":{"@type":"PropertyValueSpecification","valueRequired":true,"valueName":"search_term_string"}}],"inLanguage":"fr-FR"}]}},"publishpress_future_action":{"enabled":false,"date":"2026-05-09 09:27:17","action":"change-status","newStatus":"draft","terms":[],"taxonomy":"translation_priority","extraData":[]},"publishpress_future_workflow_manual_trigger":{"enabledWorkflows":[]},"_links":{"self":[{"href":"https:\/\/www.lengnau.ch\/fr\/wp-json\/wp\/v2\/pages\/3154","targetHints":{"allow":["GET"]}}],"collection":[{"href":"https:\/\/www.lengnau.ch\/fr\/wp-json\/wp\/v2\/pages"}],"about":[{"href":"https:\/\/www.lengnau.ch\/fr\/wp-json\/wp\/v2\/types\/page"}],"author":[{"embeddable":true,"href":"https:\/\/www.lengnau.ch\/fr\/wp-json\/wp\/v2\/users\/1"}],"replies":[{"embeddable":true,"href":"https:\/\/www.lengnau.ch\/fr\/wp-json\/wp\/v2\/comments?post=3154"}],"version-history":[{"count":8,"href":"https:\/\/www.lengnau.ch\/fr\/wp-json\/wp\/v2\/pages\/3154\/revisions"}],"predecessor-version":[{"id":15326,"href":"https:\/\/www.lengnau.ch\/fr\/wp-json\/wp\/v2\/pages\/3154\/revisions\/15326"}],"up":[{"embeddable":true,"href":"https:\/\/www.lengnau.ch\/fr\/wp-json\/wp\/v2\/pages\/3153"}],"wp:attachment":[{"href":"https:\/\/www.lengnau.ch\/fr\/wp-json\/wp\/v2\/media?parent=3154"}],"curies":[{"name":"wp","href":"https:\/\/api.w.org\/{rel}","templated":true}]}}