{"id":3151,"date":"2022-02-16T15:36:36","date_gmt":"2022-02-16T14:36:36","guid":{"rendered":"https:\/\/lengnau.rettenmund.com\/nichterwerbstaetige-selbstaendigerwerbende\/"},"modified":"2025-11-20T16:19:26","modified_gmt":"2025-11-20T15:19:26","slug":"nichterwerbstaetige-selbstaendigerwerbende","status":"publish","type":"page","link":"https:\/\/www.lengnau.ch\/fr\/themes\/sozialversicherungen\/nichterwerbstaetige-selbstaendigerwerbende\/","title":{"rendered":"Personnes sans activit\u00e9 lucrative et ind\u00e9pendants"},"content":{"rendered":"<p class=\"alignLEFT\">Les personnes qui exercent une activit\u00e9 professionnelle en Suisse doivent verser des cotisations \u00e0 l&rsquo;AVS, \u00e0 l&rsquo;AI, aux APG et \u00e0 l&rsquo;AC sur leur salaire.<\/p>\n<p class=\"alignLEFT\">L&rsquo;AVS fait une distinction entre les personnes actives et les personnes non actives.<\/p>\n<h2>Personnes sans activit\u00e9 professionnelle<\/h2>\n<ul>\n<li><a class=\"external\" href=\"https:\/\/www.akbern.ch\/de\/Versicherungen\/AHV-Beitrage\/Nichterwerbstatige\/Nichterwerbstaetige.html\" target=\"_blank\" rel=\"noopener\">Personnes sans activit\u00e9 professionnelle<\/a><\/li>\n<\/ul>\n<h2>Ind\u00e9pendants<\/h2>\n<ul>\n<li><a class=\"external\" href=\"https:\/\/www.akbern.ch\/de\/Versicherungen\/AHV-Beitrage\/Selbstandigerwerbende\/Selbstaendigerwerbende.html\" target=\"_blank\" rel=\"noopener\">Ind\u00e9pendants<\/a><\/li>\n<li><a class=\"external\" href=\"https:\/\/www.akbern.ch\/de\/Versicherungen\/AHV-Beitrage\/Arbeitgebende-und-Arbeitnehmende\/Arbeitgeber-und-Arbeitnehmende.html\" target=\"_blank\" rel=\"noopener\">Employeur<\/a><\/li>\n<li><a class=\"external\" href=\"https:\/\/www.ahv-iv.ch\/p\/2.06.d\" target=\"_blank\" rel=\"noopener\">Personnel de maison<\/a><\/li>\n<li><a class=\"external\" href=\"https:\/\/www.akbern.ch\/de\/Versicherungen\/AHV-Beitrage\/Arbeitgebende-und-Arbeitnehmende\/Arbeitgeber-und-Arbeitnehmende.html\" target=\"_blank\" rel=\"noopener\">Inscription du personnel<\/a><\/li>\n<\/ul>\n<h2>Plus d&rsquo;informations<\/h2>\n<p><a href=\"https:\/\/www.akbern.ch\/\" target=\"_blank\" rel=\"noopener\">Caisse de compensation du canton de Berne<\/a><\/p>\n","protected":false},"excerpt":{"rendered":"<p>Les personnes qui exercent une activit\u00e9 professionnelle en Suisse doivent verser des cotisations \u00e0 l&rsquo;AVS, \u00e0 l&rsquo;AI, aux APG et \u00e0 l&rsquo;AC sur leur salaire. L&rsquo;AVS fait une distinction entre les personnes actives et les personnes non actives. Personnes sans activit\u00e9 professionnelle Personnes sans activit\u00e9 professionnelle Ind\u00e9pendants Ind\u00e9pendants Employeur Personnel de maison Inscription du personnel [&hellip;]<\/p>\n","protected":false},"author":1,"featured_media":0,"parent":3152,"menu_order":0,"comment_status":"closed","ping_status":"closed","template":"","meta":{"_acf_changed":false,"_relevanssi_hide_post":"","_relevanssi_hide_content":"","_relevanssi_pin_for_all":"","_relevanssi_pin_keywords":"","_relevanssi_unpin_keywords":"","_relevanssi_related_keywords":"","_relevanssi_related_include_ids":"","_relevanssi_related_exclude_ids":"","_relevanssi_related_no_append":"","_relevanssi_related_not_related":"","_relevanssi_related_posts":"","_relevanssi_noindex_reason":"","footnotes":""},"class_list":["post-3151","page","type-page","status-publish","hentry"],"acf":[],"yoast_head":"<!-- This site is optimized with the Yoast SEO plugin v27.3 - https:\/\/yoast.com\/product\/yoast-seo-wordpress\/ -->\n<title>Personnes sans activit\u00e9 lucrative et ind\u00e9pendants - Gemeinde Lengnau<\/title>\n<meta name=\"robots\" content=\"index, follow, max-snippet:-1, max-image-preview:large, max-video-preview:-1\" \/>\n<link rel=\"canonical\" href=\"https:\/\/www.lengnau.ch\/fr\/themes\/sozialversicherungen\/nichterwerbstaetige-selbstaendigerwerbende\/\" \/>\n<meta property=\"og:locale\" content=\"fr_FR\" \/>\n<meta property=\"og:type\" content=\"article\" \/>\n<meta property=\"og:title\" content=\"Personnes sans activit\u00e9 lucrative et ind\u00e9pendants - Gemeinde Lengnau\" \/>\n<meta property=\"og:description\" content=\"Les personnes qui exercent une activit\u00e9 professionnelle en Suisse doivent verser des cotisations \u00e0 l&rsquo;AVS, \u00e0 l&rsquo;AI, aux APG et \u00e0 l&rsquo;AC sur leur salaire. L&rsquo;AVS fait une distinction entre les personnes actives et les personnes non actives. Personnes sans activit\u00e9 professionnelle Personnes sans activit\u00e9 professionnelle Ind\u00e9pendants Ind\u00e9pendants Employeur Personnel de maison Inscription du personnel [&hellip;]\" \/>\n<meta property=\"og:url\" content=\"https:\/\/www.lengnau.ch\/fr\/themes\/sozialversicherungen\/nichterwerbstaetige-selbstaendigerwerbende\/\" \/>\n<meta property=\"og:site_name\" content=\"Gemeinde Lengnau\" \/>\n<meta property=\"article:modified_time\" content=\"2025-11-20T15:19:26+00:00\" \/>\n<meta name=\"twitter:card\" content=\"summary_large_image\" \/>\n<script type=\"application\/ld+json\" class=\"yoast-schema-graph\">{\"@context\":\"https:\\\/\\\/schema.org\",\"@graph\":[{\"@type\":\"WebPage\",\"@id\":\"https:\\\/\\\/www.lengnau.ch\\\/fr\\\/themes\\\/sozialversicherungen\\\/nichterwerbstaetige-selbstaendigerwerbende\\\/\",\"url\":\"https:\\\/\\\/www.lengnau.ch\\\/fr\\\/themes\\\/sozialversicherungen\\\/nichterwerbstaetige-selbstaendigerwerbende\\\/\",\"name\":\"Personnes sans activit\u00e9 lucrative et ind\u00e9pendants - Gemeinde Lengnau\",\"isPartOf\":{\"@id\":\"https:\\\/\\\/www.lengnau.ch\\\/#website\"},\"datePublished\":\"2022-02-16T14:36:36+00:00\",\"dateModified\":\"2025-11-20T15:19:26+00:00\",\"breadcrumb\":{\"@id\":\"https:\\\/\\\/www.lengnau.ch\\\/fr\\\/themes\\\/sozialversicherungen\\\/nichterwerbstaetige-selbstaendigerwerbende\\\/#breadcrumb\"},\"inLanguage\":\"fr-FR\",\"potentialAction\":[{\"@type\":\"ReadAction\",\"target\":[\"https:\\\/\\\/www.lengnau.ch\\\/fr\\\/themes\\\/sozialversicherungen\\\/nichterwerbstaetige-selbstaendigerwerbende\\\/\"]}]},{\"@type\":\"BreadcrumbList\",\"@id\":\"https:\\\/\\\/www.lengnau.ch\\\/fr\\\/themes\\\/sozialversicherungen\\\/nichterwerbstaetige-selbstaendigerwerbende\\\/#breadcrumb\",\"itemListElement\":[{\"@type\":\"ListItem\",\"position\":1,\"name\":\"Home\",\"item\":\"https:\\\/\\\/www.lengnau.ch\\\/fr\\\/\"},{\"@type\":\"ListItem\",\"position\":2,\"name\":\"Th\u00e8mes\",\"item\":\"https:\\\/\\\/www.lengnau.ch\\\/fr\\\/themes\\\/\"},{\"@type\":\"ListItem\",\"position\":3,\"name\":\"Assurances sociales\",\"item\":\"https:\\\/\\\/www.lengnau.ch\\\/fr\\\/themes\\\/sozialversicherungen\\\/\"},{\"@type\":\"ListItem\",\"position\":4,\"name\":\"Personnes sans activit\u00e9 lucrative et ind\u00e9pendants\"}]},{\"@type\":\"WebSite\",\"@id\":\"https:\\\/\\\/www.lengnau.ch\\\/#website\",\"url\":\"https:\\\/\\\/www.lengnau.ch\\\/\",\"name\":\"Gemeinde Lengnau\",\"description\":\"\",\"potentialAction\":[{\"@type\":\"SearchAction\",\"target\":{\"@type\":\"EntryPoint\",\"urlTemplate\":\"https:\\\/\\\/www.lengnau.ch\\\/?s={search_term_string}\"},\"query-input\":{\"@type\":\"PropertyValueSpecification\",\"valueRequired\":true,\"valueName\":\"search_term_string\"}}],\"inLanguage\":\"fr-FR\"}]}<\/script>\n<!-- \/ Yoast SEO plugin. -->","yoast_head_json":{"title":"Personnes sans activit\u00e9 lucrative et ind\u00e9pendants - Gemeinde Lengnau","robots":{"index":"index","follow":"follow","max-snippet":"max-snippet:-1","max-image-preview":"max-image-preview:large","max-video-preview":"max-video-preview:-1"},"canonical":"https:\/\/www.lengnau.ch\/fr\/themes\/sozialversicherungen\/nichterwerbstaetige-selbstaendigerwerbende\/","og_locale":"fr_FR","og_type":"article","og_title":"Personnes sans activit\u00e9 lucrative et ind\u00e9pendants - Gemeinde Lengnau","og_description":"Les personnes qui exercent une activit\u00e9 professionnelle en Suisse doivent verser des cotisations \u00e0 l&rsquo;AVS, \u00e0 l&rsquo;AI, aux APG et \u00e0 l&rsquo;AC sur leur salaire. L&rsquo;AVS fait une distinction entre les personnes actives et les personnes non actives. Personnes sans activit\u00e9 professionnelle Personnes sans activit\u00e9 professionnelle Ind\u00e9pendants Ind\u00e9pendants Employeur Personnel de maison Inscription du personnel [&hellip;]","og_url":"https:\/\/www.lengnau.ch\/fr\/themes\/sozialversicherungen\/nichterwerbstaetige-selbstaendigerwerbende\/","og_site_name":"Gemeinde Lengnau","article_modified_time":"2025-11-20T15:19:26+00:00","twitter_card":"summary_large_image","schema":{"@context":"https:\/\/schema.org","@graph":[{"@type":"WebPage","@id":"https:\/\/www.lengnau.ch\/fr\/themes\/sozialversicherungen\/nichterwerbstaetige-selbstaendigerwerbende\/","url":"https:\/\/www.lengnau.ch\/fr\/themes\/sozialversicherungen\/nichterwerbstaetige-selbstaendigerwerbende\/","name":"Personnes sans activit\u00e9 lucrative et ind\u00e9pendants - Gemeinde Lengnau","isPartOf":{"@id":"https:\/\/www.lengnau.ch\/#website"},"datePublished":"2022-02-16T14:36:36+00:00","dateModified":"2025-11-20T15:19:26+00:00","breadcrumb":{"@id":"https:\/\/www.lengnau.ch\/fr\/themes\/sozialversicherungen\/nichterwerbstaetige-selbstaendigerwerbende\/#breadcrumb"},"inLanguage":"fr-FR","potentialAction":[{"@type":"ReadAction","target":["https:\/\/www.lengnau.ch\/fr\/themes\/sozialversicherungen\/nichterwerbstaetige-selbstaendigerwerbende\/"]}]},{"@type":"BreadcrumbList","@id":"https:\/\/www.lengnau.ch\/fr\/themes\/sozialversicherungen\/nichterwerbstaetige-selbstaendigerwerbende\/#breadcrumb","itemListElement":[{"@type":"ListItem","position":1,"name":"Home","item":"https:\/\/www.lengnau.ch\/fr\/"},{"@type":"ListItem","position":2,"name":"Th\u00e8mes","item":"https:\/\/www.lengnau.ch\/fr\/themes\/"},{"@type":"ListItem","position":3,"name":"Assurances sociales","item":"https:\/\/www.lengnau.ch\/fr\/themes\/sozialversicherungen\/"},{"@type":"ListItem","position":4,"name":"Personnes sans activit\u00e9 lucrative et ind\u00e9pendants"}]},{"@type":"WebSite","@id":"https:\/\/www.lengnau.ch\/#website","url":"https:\/\/www.lengnau.ch\/","name":"Gemeinde Lengnau","description":"","potentialAction":[{"@type":"SearchAction","target":{"@type":"EntryPoint","urlTemplate":"https:\/\/www.lengnau.ch\/?s={search_term_string}"},"query-input":{"@type":"PropertyValueSpecification","valueRequired":true,"valueName":"search_term_string"}}],"inLanguage":"fr-FR"}]}},"publishpress_future_action":{"enabled":false,"date":"2026-04-21 09:55:18","action":"change-status","newStatus":"draft","terms":[],"taxonomy":"translation_priority","extraData":[]},"publishpress_future_workflow_manual_trigger":{"enabledWorkflows":[]},"_links":{"self":[{"href":"https:\/\/www.lengnau.ch\/fr\/wp-json\/wp\/v2\/pages\/3151","targetHints":{"allow":["GET"]}}],"collection":[{"href":"https:\/\/www.lengnau.ch\/fr\/wp-json\/wp\/v2\/pages"}],"about":[{"href":"https:\/\/www.lengnau.ch\/fr\/wp-json\/wp\/v2\/types\/page"}],"author":[{"embeddable":true,"href":"https:\/\/www.lengnau.ch\/fr\/wp-json\/wp\/v2\/users\/1"}],"replies":[{"embeddable":true,"href":"https:\/\/www.lengnau.ch\/fr\/wp-json\/wp\/v2\/comments?post=3151"}],"version-history":[{"count":10,"href":"https:\/\/www.lengnau.ch\/fr\/wp-json\/wp\/v2\/pages\/3151\/revisions"}],"predecessor-version":[{"id":18203,"href":"https:\/\/www.lengnau.ch\/fr\/wp-json\/wp\/v2\/pages\/3151\/revisions\/18203"}],"up":[{"embeddable":true,"href":"https:\/\/www.lengnau.ch\/fr\/wp-json\/wp\/v2\/pages\/3152"}],"wp:attachment":[{"href":"https:\/\/www.lengnau.ch\/fr\/wp-json\/wp\/v2\/media?parent=3151"}],"curies":[{"name":"wp","href":"https:\/\/api.w.org\/{rel}","templated":true}]}}