{"id":3149,"date":"2022-02-16T15:36:25","date_gmt":"2022-02-16T14:36:25","guid":{"rendered":"https:\/\/lengnau.rettenmund.com\/familienzulagen\/"},"modified":"2026-01-14T10:36:40","modified_gmt":"2026-01-14T09:36:40","slug":"familienzulagen","status":"publish","type":"page","link":"https:\/\/www.lengnau.ch\/fr\/themes\/sozialversicherungen\/familienzulagen\/","title":{"rendered":"Allocations familiales"},"content":{"rendered":"<h2>Allocations familiales<\/h2>\n<ul>\n<li><a class=\"external\" href=\"https:\/\/www.akbern.ch\/de\/Versicherungen\/FZ\/Familienzulagen\/Familienzulagen.html\" target=\"_blank\" rel=\"noopener\">Allocations familiales<\/a><\/li>\n<li><a class=\"external\" href=\"https:\/\/www.akbern.ch\/de\/Versicherungen\/EO-MSE-VSE-BUE\/Mutterschaftsentschadigung\/Mutterschaftsentschaedigung.html\" target=\"_blank\" rel=\"noopener\">Allocation de maternit\u00e9<\/a><\/li>\n<li><a class=\"external\" href=\"https:\/\/www.akbern.ch\/de\/Versicherungen\/EO-MSE-EAE-BUE-AdopE\/Entschadigung-des-andern-Elternteils-Vater-oder-Ehefrau-der-Mutter\/Entschadigung-des-andern-Elternteils-Vater-oder-Ehefrau-der-Mutter.html\" target=\"_blank\" rel=\"noopener\">Indemnisation de l&rsquo;autre parent (cong\u00e9 de paternit\u00e9)<\/a><\/li>\n<li><a class=\"external\" href=\"https:\/\/www.akbern.ch\/de\/Versicherungen\/EO-MSE-VSE-BUE\/Adoptionsentschadigung\/Adoptionsentschadigung.html\" target=\"_blank\" rel=\"noopener\">Indemnit\u00e9 d&rsquo;adoption<\/a><\/li>\n<li><a class=\"external\" href=\"https:\/\/www.akbern.ch\/de\/Versicherungen\/EO-MSE-VSE-BUE\/Betreuungsentschadigung\/Betreuungsentschaedigung.html\" target=\"_blank\" rel=\"noopener\">Indemnit\u00e9 de prise en charge<\/a><\/li>\n<\/ul>\n<h2>Plus d&rsquo;informations<\/h2>\n<p><a class=\"next\" title=\"Caisse de compensation du canton de Berne\" href=\"https:\/\/www.akbern.ch\/\" target=\"_blank\" rel=\"noopener\">Caisse de compensation du canton de Berne<\/a><\/p>\n","protected":false},"excerpt":{"rendered":"<p>Allocations familiales Allocations familiales Allocation de maternit\u00e9 Indemnisation de l&rsquo;autre parent (cong\u00e9 de paternit\u00e9) Indemnit\u00e9 d&rsquo;adoption Indemnit\u00e9 de prise en charge Plus d&rsquo;informations Caisse de compensation du canton de Berne<\/p>\n","protected":false},"author":1,"featured_media":0,"parent":3152,"menu_order":0,"comment_status":"closed","ping_status":"closed","template":"","meta":{"_acf_changed":false,"_relevanssi_hide_post":"","_relevanssi_hide_content":"","_relevanssi_pin_for_all":"","_relevanssi_pin_keywords":"","_relevanssi_unpin_keywords":"","_relevanssi_related_keywords":"","_relevanssi_related_include_ids":"","_relevanssi_related_exclude_ids":"","_relevanssi_related_no_append":"","_relevanssi_related_not_related":"","_relevanssi_related_posts":"","_relevanssi_noindex_reason":"","footnotes":""},"class_list":["post-3149","page","type-page","status-publish","hentry"],"acf":[],"yoast_head":"<!-- This site is optimized with the Yoast SEO plugin v27.5 - https:\/\/yoast.com\/product\/yoast-seo-wordpress\/ -->\n<title>Allocations familiales - Gemeinde Lengnau<\/title>\n<meta name=\"robots\" content=\"index, follow, max-snippet:-1, max-image-preview:large, max-video-preview:-1\" \/>\n<link rel=\"canonical\" href=\"https:\/\/www.lengnau.ch\/fr\/themes\/sozialversicherungen\/familienzulagen\/\" \/>\n<meta property=\"og:locale\" content=\"fr_FR\" \/>\n<meta property=\"og:type\" content=\"article\" \/>\n<meta property=\"og:title\" content=\"Allocations familiales - Gemeinde Lengnau\" \/>\n<meta property=\"og:description\" content=\"Allocations familiales Allocations familiales Allocation de maternit\u00e9 Indemnisation de l&rsquo;autre parent (cong\u00e9 de paternit\u00e9) Indemnit\u00e9 d&rsquo;adoption Indemnit\u00e9 de prise en charge Plus d&rsquo;informations Caisse de compensation du canton de Berne\" \/>\n<meta property=\"og:url\" content=\"https:\/\/www.lengnau.ch\/fr\/themes\/sozialversicherungen\/familienzulagen\/\" \/>\n<meta property=\"og:site_name\" content=\"Gemeinde Lengnau\" \/>\n<meta property=\"article:modified_time\" content=\"2026-01-14T09:36:40+00:00\" \/>\n<meta name=\"twitter:card\" content=\"summary_large_image\" \/>\n<script type=\"application\/ld+json\" class=\"yoast-schema-graph\">{\"@context\":\"https:\\\/\\\/schema.org\",\"@graph\":[{\"@type\":\"WebPage\",\"@id\":\"https:\\\/\\\/www.lengnau.ch\\\/fr\\\/themes\\\/sozialversicherungen\\\/familienzulagen\\\/\",\"url\":\"https:\\\/\\\/www.lengnau.ch\\\/fr\\\/themes\\\/sozialversicherungen\\\/familienzulagen\\\/\",\"name\":\"Allocations familiales - Gemeinde Lengnau\",\"isPartOf\":{\"@id\":\"https:\\\/\\\/www.lengnau.ch\\\/#website\"},\"datePublished\":\"2022-02-16T14:36:25+00:00\",\"dateModified\":\"2026-01-14T09:36:40+00:00\",\"breadcrumb\":{\"@id\":\"https:\\\/\\\/www.lengnau.ch\\\/fr\\\/themes\\\/sozialversicherungen\\\/familienzulagen\\\/#breadcrumb\"},\"inLanguage\":\"fr-FR\",\"potentialAction\":[{\"@type\":\"ReadAction\",\"target\":[\"https:\\\/\\\/www.lengnau.ch\\\/fr\\\/themes\\\/sozialversicherungen\\\/familienzulagen\\\/\"]}]},{\"@type\":\"BreadcrumbList\",\"@id\":\"https:\\\/\\\/www.lengnau.ch\\\/fr\\\/themes\\\/sozialversicherungen\\\/familienzulagen\\\/#breadcrumb\",\"itemListElement\":[{\"@type\":\"ListItem\",\"position\":1,\"name\":\"Home\",\"item\":\"https:\\\/\\\/www.lengnau.ch\\\/fr\\\/\"},{\"@type\":\"ListItem\",\"position\":2,\"name\":\"Th\u00e8mes\",\"item\":\"https:\\\/\\\/www.lengnau.ch\\\/fr\\\/themes\\\/\"},{\"@type\":\"ListItem\",\"position\":3,\"name\":\"Assurances sociales\",\"item\":\"https:\\\/\\\/www.lengnau.ch\\\/fr\\\/themes\\\/sozialversicherungen\\\/\"},{\"@type\":\"ListItem\",\"position\":4,\"name\":\"Allocations familiales\"}]},{\"@type\":\"WebSite\",\"@id\":\"https:\\\/\\\/www.lengnau.ch\\\/#website\",\"url\":\"https:\\\/\\\/www.lengnau.ch\\\/\",\"name\":\"Gemeinde Lengnau\",\"description\":\"\",\"potentialAction\":[{\"@type\":\"SearchAction\",\"target\":{\"@type\":\"EntryPoint\",\"urlTemplate\":\"https:\\\/\\\/www.lengnau.ch\\\/?s={search_term_string}\"},\"query-input\":{\"@type\":\"PropertyValueSpecification\",\"valueRequired\":true,\"valueName\":\"search_term_string\"}}],\"inLanguage\":\"fr-FR\"}]}<\/script>\n<!-- \/ Yoast SEO plugin. -->","yoast_head_json":{"title":"Allocations familiales - Gemeinde Lengnau","robots":{"index":"index","follow":"follow","max-snippet":"max-snippet:-1","max-image-preview":"max-image-preview:large","max-video-preview":"max-video-preview:-1"},"canonical":"https:\/\/www.lengnau.ch\/fr\/themes\/sozialversicherungen\/familienzulagen\/","og_locale":"fr_FR","og_type":"article","og_title":"Allocations familiales - Gemeinde Lengnau","og_description":"Allocations familiales Allocations familiales Allocation de maternit\u00e9 Indemnisation de l&rsquo;autre parent (cong\u00e9 de paternit\u00e9) Indemnit\u00e9 d&rsquo;adoption Indemnit\u00e9 de prise en charge Plus d&rsquo;informations Caisse de compensation du canton de Berne","og_url":"https:\/\/www.lengnau.ch\/fr\/themes\/sozialversicherungen\/familienzulagen\/","og_site_name":"Gemeinde Lengnau","article_modified_time":"2026-01-14T09:36:40+00:00","twitter_card":"summary_large_image","schema":{"@context":"https:\/\/schema.org","@graph":[{"@type":"WebPage","@id":"https:\/\/www.lengnau.ch\/fr\/themes\/sozialversicherungen\/familienzulagen\/","url":"https:\/\/www.lengnau.ch\/fr\/themes\/sozialversicherungen\/familienzulagen\/","name":"Allocations familiales - Gemeinde Lengnau","isPartOf":{"@id":"https:\/\/www.lengnau.ch\/#website"},"datePublished":"2022-02-16T14:36:25+00:00","dateModified":"2026-01-14T09:36:40+00:00","breadcrumb":{"@id":"https:\/\/www.lengnau.ch\/fr\/themes\/sozialversicherungen\/familienzulagen\/#breadcrumb"},"inLanguage":"fr-FR","potentialAction":[{"@type":"ReadAction","target":["https:\/\/www.lengnau.ch\/fr\/themes\/sozialversicherungen\/familienzulagen\/"]}]},{"@type":"BreadcrumbList","@id":"https:\/\/www.lengnau.ch\/fr\/themes\/sozialversicherungen\/familienzulagen\/#breadcrumb","itemListElement":[{"@type":"ListItem","position":1,"name":"Home","item":"https:\/\/www.lengnau.ch\/fr\/"},{"@type":"ListItem","position":2,"name":"Th\u00e8mes","item":"https:\/\/www.lengnau.ch\/fr\/themes\/"},{"@type":"ListItem","position":3,"name":"Assurances sociales","item":"https:\/\/www.lengnau.ch\/fr\/themes\/sozialversicherungen\/"},{"@type":"ListItem","position":4,"name":"Allocations familiales"}]},{"@type":"WebSite","@id":"https:\/\/www.lengnau.ch\/#website","url":"https:\/\/www.lengnau.ch\/","name":"Gemeinde Lengnau","description":"","potentialAction":[{"@type":"SearchAction","target":{"@type":"EntryPoint","urlTemplate":"https:\/\/www.lengnau.ch\/?s={search_term_string}"},"query-input":{"@type":"PropertyValueSpecification","valueRequired":true,"valueName":"search_term_string"}}],"inLanguage":"fr-FR"}]}},"publishpress_future_action":{"enabled":false,"date":"2026-05-24 07:07:38","action":"change-status","newStatus":"draft","terms":[],"taxonomy":"translation_priority","extraData":[]},"publishpress_future_workflow_manual_trigger":{"enabledWorkflows":[]},"_links":{"self":[{"href":"https:\/\/www.lengnau.ch\/fr\/wp-json\/wp\/v2\/pages\/3149","targetHints":{"allow":["GET"]}}],"collection":[{"href":"https:\/\/www.lengnau.ch\/fr\/wp-json\/wp\/v2\/pages"}],"about":[{"href":"https:\/\/www.lengnau.ch\/fr\/wp-json\/wp\/v2\/types\/page"}],"author":[{"embeddable":true,"href":"https:\/\/www.lengnau.ch\/fr\/wp-json\/wp\/v2\/users\/1"}],"replies":[{"embeddable":true,"href":"https:\/\/www.lengnau.ch\/fr\/wp-json\/wp\/v2\/comments?post=3149"}],"version-history":[{"count":10,"href":"https:\/\/www.lengnau.ch\/fr\/wp-json\/wp\/v2\/pages\/3149\/revisions"}],"predecessor-version":[{"id":18788,"href":"https:\/\/www.lengnau.ch\/fr\/wp-json\/wp\/v2\/pages\/3149\/revisions\/18788"}],"up":[{"embeddable":true,"href":"https:\/\/www.lengnau.ch\/fr\/wp-json\/wp\/v2\/pages\/3152"}],"wp:attachment":[{"href":"https:\/\/www.lengnau.ch\/fr\/wp-json\/wp\/v2\/media?parent=3149"}],"curies":[{"name":"wp","href":"https:\/\/api.w.org\/{rel}","templated":true}]}}