{"id":3148,"date":"2022-02-16T15:35:46","date_gmt":"2022-02-16T14:35:46","guid":{"rendered":"https:\/\/lengnau.rettenmund.com\/themen\/alter-60\/pflege-betreuung\/"},"modified":"2026-04-14T07:59:33","modified_gmt":"2026-04-14T05:59:33","slug":"pflege-betreuung","status":"publish","type":"page","link":"https:\/\/www.lengnau.ch\/fr\/themes\/alter-60\/pflege-betreuung\/","title":{"rendered":"Soins et assistance"},"content":{"rendered":"<p>L&rsquo;organisme responsable de la maison de retraite et de soins S\u00e4gematt est une fondation compos\u00e9e de repr\u00e9sentants de diff\u00e9rents groupes d&rsquo;int\u00e9r\u00eats, dont la commune politique de Lengnau. La fondation est administr\u00e9e par le conseil de fondation. Ses membres sont \u00e9lus par le conseil municipal de Lengnau. Le conseil de fondation est compos\u00e9 de repr\u00e9sentants de la commune municipale, de la commune bourgeoise, du consortium industriel, de la paroisse r\u00e9form\u00e9e de Leugene et de la paroisse catholique romaine de Lengnau-Pieterlen-Meinisberg.<\/p>\n<p>La maison de retraite et de soins S\u00e4gematt est situ\u00e9e au c\u0153ur du village, \u00e0 quelques pas de la gare et des commerces, au centre de la vie. Celui qui habite ici reste int\u00e9gr\u00e9 et parfaitement accessible pour les visiteurs.<\/p>\n<p>La direction du foyer se tient \u00e0 votre disposition pour tout renseignement compl\u00e9mentaire :<\/p>\n<p>Ilka Ruprecht, directrice de l&rsquo;\u00e9tablissement<br \/>\nMaison de retraite et de soins S\u00e4gematt<br \/>\nBahnhofstrasse 12<br \/>\n2543 Lengnau BE<\/p>\n<p>T\u00e9l\u00e9phone 032 654 14 14<br \/>\n<a href=\"https:\/\/www.saegematt.ch\/\" target=\"_blank\" rel=\"noopener\">Site web<\/a><\/p>\n","protected":false},"excerpt":{"rendered":"<p>L&rsquo;organisme responsable de la maison de retraite et de soins S\u00e4gematt est une fondation compos\u00e9e de repr\u00e9sentants de diff\u00e9rents groupes d&rsquo;int\u00e9r\u00eats, dont la commune politique de Lengnau. La fondation est administr\u00e9e par le conseil de fondation. Ses membres sont \u00e9lus par le conseil municipal de Lengnau. Le conseil de fondation est compos\u00e9 de repr\u00e9sentants de [&hellip;]<\/p>\n","protected":false},"author":1,"featured_media":0,"parent":3138,"menu_order":6,"comment_status":"closed","ping_status":"closed","template":"","meta":{"_acf_changed":false,"_relevanssi_hide_post":"","_relevanssi_hide_content":"","_relevanssi_pin_for_all":"","_relevanssi_pin_keywords":"","_relevanssi_unpin_keywords":"","_relevanssi_related_keywords":"","_relevanssi_related_include_ids":"","_relevanssi_related_exclude_ids":"","_relevanssi_related_no_append":"","_relevanssi_related_not_related":"","_relevanssi_related_posts":"","_relevanssi_noindex_reason":"","footnotes":""},"class_list":["post-3148","page","type-page","status-publish","hentry"],"acf":[],"yoast_head":"<!-- This site is optimized with the Yoast SEO plugin v27.3 - https:\/\/yoast.com\/product\/yoast-seo-wordpress\/ -->\n<title>Soins et assistance - Gemeinde Lengnau<\/title>\n<meta name=\"robots\" content=\"index, follow, max-snippet:-1, max-image-preview:large, max-video-preview:-1\" \/>\n<link rel=\"canonical\" href=\"https:\/\/www.lengnau.ch\/fr\/themes\/alter-60\/pflege-betreuung\/\" \/>\n<meta property=\"og:locale\" content=\"fr_FR\" \/>\n<meta property=\"og:type\" content=\"article\" \/>\n<meta property=\"og:title\" content=\"Soins et assistance - Gemeinde Lengnau\" \/>\n<meta property=\"og:description\" content=\"L&rsquo;organisme responsable de la maison de retraite et de soins S\u00e4gematt est une fondation compos\u00e9e de repr\u00e9sentants de diff\u00e9rents groupes d&rsquo;int\u00e9r\u00eats, dont la commune politique de Lengnau. La fondation est administr\u00e9e par le conseil de fondation. Ses membres sont \u00e9lus par le conseil municipal de Lengnau. Le conseil de fondation est compos\u00e9 de repr\u00e9sentants de [&hellip;]\" \/>\n<meta property=\"og:url\" content=\"https:\/\/www.lengnau.ch\/fr\/themes\/alter-60\/pflege-betreuung\/\" \/>\n<meta property=\"og:site_name\" content=\"Gemeinde Lengnau\" \/>\n<meta property=\"article:modified_time\" content=\"2026-04-14T05:59:33+00:00\" \/>\n<meta name=\"twitter:card\" content=\"summary_large_image\" \/>\n<script type=\"application\/ld+json\" class=\"yoast-schema-graph\">{\"@context\":\"https:\\\/\\\/schema.org\",\"@graph\":[{\"@type\":\"WebPage\",\"@id\":\"https:\\\/\\\/www.lengnau.ch\\\/fr\\\/themes\\\/alter-60\\\/pflege-betreuung\\\/\",\"url\":\"https:\\\/\\\/www.lengnau.ch\\\/fr\\\/themes\\\/alter-60\\\/pflege-betreuung\\\/\",\"name\":\"Soins et assistance - Gemeinde Lengnau\",\"isPartOf\":{\"@id\":\"https:\\\/\\\/www.lengnau.ch\\\/#website\"},\"datePublished\":\"2022-02-16T14:35:46+00:00\",\"dateModified\":\"2026-04-14T05:59:33+00:00\",\"breadcrumb\":{\"@id\":\"https:\\\/\\\/www.lengnau.ch\\\/fr\\\/themes\\\/alter-60\\\/pflege-betreuung\\\/#breadcrumb\"},\"inLanguage\":\"fr-FR\",\"potentialAction\":[{\"@type\":\"ReadAction\",\"target\":[\"https:\\\/\\\/www.lengnau.ch\\\/fr\\\/themes\\\/alter-60\\\/pflege-betreuung\\\/\"]}]},{\"@type\":\"BreadcrumbList\",\"@id\":\"https:\\\/\\\/www.lengnau.ch\\\/fr\\\/themes\\\/alter-60\\\/pflege-betreuung\\\/#breadcrumb\",\"itemListElement\":[{\"@type\":\"ListItem\",\"position\":1,\"name\":\"Home\",\"item\":\"https:\\\/\\\/www.lengnau.ch\\\/fr\\\/\"},{\"@type\":\"ListItem\",\"position\":2,\"name\":\"Th\u00e8mes\",\"item\":\"https:\\\/\\\/www.lengnau.ch\\\/fr\\\/themes\\\/\"},{\"@type\":\"ListItem\",\"position\":3,\"name\":\"\u00c2ge 60+\",\"item\":\"https:\\\/\\\/www.lengnau.ch\\\/fr\\\/themes\\\/alter-60\\\/\"},{\"@type\":\"ListItem\",\"position\":4,\"name\":\"Soins et assistance\"}]},{\"@type\":\"WebSite\",\"@id\":\"https:\\\/\\\/www.lengnau.ch\\\/#website\",\"url\":\"https:\\\/\\\/www.lengnau.ch\\\/\",\"name\":\"Gemeinde Lengnau\",\"description\":\"\",\"potentialAction\":[{\"@type\":\"SearchAction\",\"target\":{\"@type\":\"EntryPoint\",\"urlTemplate\":\"https:\\\/\\\/www.lengnau.ch\\\/?s={search_term_string}\"},\"query-input\":{\"@type\":\"PropertyValueSpecification\",\"valueRequired\":true,\"valueName\":\"search_term_string\"}}],\"inLanguage\":\"fr-FR\"}]}<\/script>\n<!-- \/ Yoast SEO plugin. -->","yoast_head_json":{"title":"Soins et assistance - Gemeinde Lengnau","robots":{"index":"index","follow":"follow","max-snippet":"max-snippet:-1","max-image-preview":"max-image-preview:large","max-video-preview":"max-video-preview:-1"},"canonical":"https:\/\/www.lengnau.ch\/fr\/themes\/alter-60\/pflege-betreuung\/","og_locale":"fr_FR","og_type":"article","og_title":"Soins et assistance - Gemeinde Lengnau","og_description":"L&rsquo;organisme responsable de la maison de retraite et de soins S\u00e4gematt est une fondation compos\u00e9e de repr\u00e9sentants de diff\u00e9rents groupes d&rsquo;int\u00e9r\u00eats, dont la commune politique de Lengnau. La fondation est administr\u00e9e par le conseil de fondation. Ses membres sont \u00e9lus par le conseil municipal de Lengnau. Le conseil de fondation est compos\u00e9 de repr\u00e9sentants de [&hellip;]","og_url":"https:\/\/www.lengnau.ch\/fr\/themes\/alter-60\/pflege-betreuung\/","og_site_name":"Gemeinde Lengnau","article_modified_time":"2026-04-14T05:59:33+00:00","twitter_card":"summary_large_image","schema":{"@context":"https:\/\/schema.org","@graph":[{"@type":"WebPage","@id":"https:\/\/www.lengnau.ch\/fr\/themes\/alter-60\/pflege-betreuung\/","url":"https:\/\/www.lengnau.ch\/fr\/themes\/alter-60\/pflege-betreuung\/","name":"Soins et assistance - Gemeinde Lengnau","isPartOf":{"@id":"https:\/\/www.lengnau.ch\/#website"},"datePublished":"2022-02-16T14:35:46+00:00","dateModified":"2026-04-14T05:59:33+00:00","breadcrumb":{"@id":"https:\/\/www.lengnau.ch\/fr\/themes\/alter-60\/pflege-betreuung\/#breadcrumb"},"inLanguage":"fr-FR","potentialAction":[{"@type":"ReadAction","target":["https:\/\/www.lengnau.ch\/fr\/themes\/alter-60\/pflege-betreuung\/"]}]},{"@type":"BreadcrumbList","@id":"https:\/\/www.lengnau.ch\/fr\/themes\/alter-60\/pflege-betreuung\/#breadcrumb","itemListElement":[{"@type":"ListItem","position":1,"name":"Home","item":"https:\/\/www.lengnau.ch\/fr\/"},{"@type":"ListItem","position":2,"name":"Th\u00e8mes","item":"https:\/\/www.lengnau.ch\/fr\/themes\/"},{"@type":"ListItem","position":3,"name":"\u00c2ge 60+","item":"https:\/\/www.lengnau.ch\/fr\/themes\/alter-60\/"},{"@type":"ListItem","position":4,"name":"Soins et assistance"}]},{"@type":"WebSite","@id":"https:\/\/www.lengnau.ch\/#website","url":"https:\/\/www.lengnau.ch\/","name":"Gemeinde Lengnau","description":"","potentialAction":[{"@type":"SearchAction","target":{"@type":"EntryPoint","urlTemplate":"https:\/\/www.lengnau.ch\/?s={search_term_string}"},"query-input":{"@type":"PropertyValueSpecification","valueRequired":true,"valueName":"search_term_string"}}],"inLanguage":"fr-FR"}]}},"publishpress_future_action":{"enabled":false,"date":"2026-04-25 11:05:15","action":"change-status","newStatus":"draft","terms":[],"taxonomy":"translation_priority","extraData":[]},"publishpress_future_workflow_manual_trigger":{"enabledWorkflows":[]},"_links":{"self":[{"href":"https:\/\/www.lengnau.ch\/fr\/wp-json\/wp\/v2\/pages\/3148","targetHints":{"allow":["GET"]}}],"collection":[{"href":"https:\/\/www.lengnau.ch\/fr\/wp-json\/wp\/v2\/pages"}],"about":[{"href":"https:\/\/www.lengnau.ch\/fr\/wp-json\/wp\/v2\/types\/page"}],"author":[{"embeddable":true,"href":"https:\/\/www.lengnau.ch\/fr\/wp-json\/wp\/v2\/users\/1"}],"replies":[{"embeddable":true,"href":"https:\/\/www.lengnau.ch\/fr\/wp-json\/wp\/v2\/comments?post=3148"}],"version-history":[{"count":10,"href":"https:\/\/www.lengnau.ch\/fr\/wp-json\/wp\/v2\/pages\/3148\/revisions"}],"predecessor-version":[{"id":18766,"href":"https:\/\/www.lengnau.ch\/fr\/wp-json\/wp\/v2\/pages\/3148\/revisions\/18766"}],"up":[{"embeddable":true,"href":"https:\/\/www.lengnau.ch\/fr\/wp-json\/wp\/v2\/pages\/3138"}],"wp:attachment":[{"href":"https:\/\/www.lengnau.ch\/fr\/wp-json\/wp\/v2\/media?parent=3148"}],"curies":[{"name":"wp","href":"https:\/\/api.w.org\/{rel}","templated":true}]}}