{"id":3147,"date":"2022-02-16T15:36:17","date_gmt":"2022-02-16T14:36:17","guid":{"rendered":"https:\/\/lengnau.rettenmund.com\/ergaenzungsleistungen\/"},"modified":"2024-10-23T08:40:00","modified_gmt":"2024-10-23T06:40:00","slug":"ergaenzungsleistungen","status":"publish","type":"page","link":"https:\/\/www.lengnau.ch\/fr\/themes\/sozialversicherungen\/ergaenzungsleistungen\/","title":{"rendered":"Prestations compl\u00e9mentaires"},"content":{"rendered":"<h2>Prestations compl\u00e9mentaires<\/h2>\n<ul>\n<li><a class=\"external\" href=\"https:\/\/www.akbern.ch\/de\/Versicherungen\/EL\/Erganzungsleistungen\/Ergaenzungsleistungen.html\" target=\"_blank\" rel=\"noopener\">Nouvelles demandes de prestations compl\u00e9mentaires<\/a><\/li>\n<li><a class=\"external\" href=\"https:\/\/www.akbern.ch\/de\/Versicherungen\/EL\/Erganzungsleistungen\/Ergaenzungsleistungen.html\" target=\"_blank\" rel=\"noopener\">Adaptations des prestations compl\u00e9mentaires<\/a><\/li>\n<li><a class=\"external\" href=\"https:\/\/www.akbern.ch\/de\/Versicherungen\/EL\/Ruckerstattung-der-Krankheitskosten\/Rueckerstattung-der-Krankheitskosten.html\" target=\"_blank\" rel=\"noopener\">Facturation des frais m\u00e9dicaux<\/a><\/li>\n<li><a class=\"external\" href=\"https:\/\/www.akbern.ch\/de\/Versicherungen\/EL-Erganzungsleistungen\/Ende-ubergangsfrist\/Ende-UEbergangsfrist.html\" target=\"_blank\" rel=\"noopener\">Fin de la p\u00e9riode transitoire de la r\u00e9forme des PC<\/a><\/li>\n<\/ul>\n<h2>Plus d&rsquo;informations<\/h2>\n<p><a class=\"next\" title=\"Caisse de compensation du canton de Berne\" href=\"https:\/\/www.akbern.ch\/\" target=\"_blank\" rel=\"noopener\">Caisse de compensation du canton de Berne<\/a><\/p>\n","protected":false},"excerpt":{"rendered":"<p>Prestations compl\u00e9mentaires Nouvelles demandes de prestations compl\u00e9mentaires Adaptations des prestations compl\u00e9mentaires Facturation des frais m\u00e9dicaux Fin de la p\u00e9riode transitoire de la r\u00e9forme des PC Plus d&rsquo;informations Caisse de compensation du canton de Berne<\/p>\n","protected":false},"author":1,"featured_media":0,"parent":3152,"menu_order":0,"comment_status":"closed","ping_status":"closed","template":"","meta":{"_acf_changed":false,"_relevanssi_hide_post":"","_relevanssi_hide_content":"","_relevanssi_pin_for_all":"","_relevanssi_pin_keywords":"","_relevanssi_unpin_keywords":"","_relevanssi_related_keywords":"","_relevanssi_related_include_ids":"","_relevanssi_related_exclude_ids":"","_relevanssi_related_no_append":"","_relevanssi_related_not_related":"","_relevanssi_related_posts":"","_relevanssi_noindex_reason":"","footnotes":""},"class_list":["post-3147","page","type-page","status-publish","hentry"],"acf":[],"yoast_head":"<!-- This site is optimized with the Yoast SEO plugin v27.1.1 - https:\/\/yoast.com\/product\/yoast-seo-wordpress\/ -->\n<title>Prestations compl\u00e9mentaires - Gemeinde Lengnau<\/title>\n<meta name=\"robots\" content=\"index, follow, max-snippet:-1, max-image-preview:large, max-video-preview:-1\" \/>\n<link rel=\"canonical\" href=\"https:\/\/www.lengnau.ch\/fr\/themes\/sozialversicherungen\/ergaenzungsleistungen\/\" \/>\n<meta property=\"og:locale\" content=\"fr_FR\" \/>\n<meta property=\"og:type\" content=\"article\" \/>\n<meta property=\"og:title\" content=\"Prestations compl\u00e9mentaires - Gemeinde Lengnau\" \/>\n<meta property=\"og:description\" content=\"Prestations compl\u00e9mentaires Nouvelles demandes de prestations compl\u00e9mentaires Adaptations des prestations compl\u00e9mentaires Facturation des frais m\u00e9dicaux Fin de la p\u00e9riode transitoire de la r\u00e9forme des PC Plus d&rsquo;informations Caisse de compensation du canton de Berne\" \/>\n<meta property=\"og:url\" content=\"https:\/\/www.lengnau.ch\/fr\/themes\/sozialversicherungen\/ergaenzungsleistungen\/\" \/>\n<meta property=\"og:site_name\" content=\"Gemeinde Lengnau\" \/>\n<meta property=\"article:modified_time\" content=\"2024-10-23T06:40:00+00:00\" \/>\n<meta name=\"twitter:card\" content=\"summary_large_image\" \/>\n<script type=\"application\/ld+json\" class=\"yoast-schema-graph\">{\"@context\":\"https:\/\/schema.org\",\"@graph\":[{\"@type\":\"WebPage\",\"@id\":\"https:\/\/www.lengnau.ch\/fr\/themes\/sozialversicherungen\/ergaenzungsleistungen\/\",\"url\":\"https:\/\/www.lengnau.ch\/fr\/themes\/sozialversicherungen\/ergaenzungsleistungen\/\",\"name\":\"Prestations compl\u00e9mentaires - Gemeinde Lengnau\",\"isPartOf\":{\"@id\":\"https:\/\/www.lengnau.ch\/#website\"},\"datePublished\":\"2022-02-16T14:36:17+00:00\",\"dateModified\":\"2024-10-23T06:40:00+00:00\",\"breadcrumb\":{\"@id\":\"https:\/\/www.lengnau.ch\/fr\/themes\/sozialversicherungen\/ergaenzungsleistungen\/#breadcrumb\"},\"inLanguage\":\"fr-FR\",\"potentialAction\":[{\"@type\":\"ReadAction\",\"target\":[\"https:\/\/www.lengnau.ch\/fr\/themes\/sozialversicherungen\/ergaenzungsleistungen\/\"]}]},{\"@type\":\"BreadcrumbList\",\"@id\":\"https:\/\/www.lengnau.ch\/fr\/themes\/sozialversicherungen\/ergaenzungsleistungen\/#breadcrumb\",\"itemListElement\":[{\"@type\":\"ListItem\",\"position\":1,\"name\":\"Home\",\"item\":\"https:\/\/www.lengnau.ch\/fr\/\"},{\"@type\":\"ListItem\",\"position\":2,\"name\":\"Th\u00e8mes\",\"item\":\"https:\/\/www.lengnau.ch\/fr\/themes\/\"},{\"@type\":\"ListItem\",\"position\":3,\"name\":\"Assurances sociales\",\"item\":\"https:\/\/www.lengnau.ch\/fr\/themes\/sozialversicherungen\/\"},{\"@type\":\"ListItem\",\"position\":4,\"name\":\"Prestations compl\u00e9mentaires\"}]},{\"@type\":\"WebSite\",\"@id\":\"https:\/\/www.lengnau.ch\/#website\",\"url\":\"https:\/\/www.lengnau.ch\/\",\"name\":\"Gemeinde Lengnau\",\"description\":\"\",\"potentialAction\":[{\"@type\":\"SearchAction\",\"target\":{\"@type\":\"EntryPoint\",\"urlTemplate\":\"https:\/\/www.lengnau.ch\/?s={search_term_string}\"},\"query-input\":{\"@type\":\"PropertyValueSpecification\",\"valueRequired\":true,\"valueName\":\"search_term_string\"}}],\"inLanguage\":\"fr-FR\"}]}<\/script>\n<!-- \/ Yoast SEO plugin. -->","yoast_head_json":{"title":"Prestations compl\u00e9mentaires - Gemeinde Lengnau","robots":{"index":"index","follow":"follow","max-snippet":"max-snippet:-1","max-image-preview":"max-image-preview:large","max-video-preview":"max-video-preview:-1"},"canonical":"https:\/\/www.lengnau.ch\/fr\/themes\/sozialversicherungen\/ergaenzungsleistungen\/","og_locale":"fr_FR","og_type":"article","og_title":"Prestations compl\u00e9mentaires - Gemeinde Lengnau","og_description":"Prestations compl\u00e9mentaires Nouvelles demandes de prestations compl\u00e9mentaires Adaptations des prestations compl\u00e9mentaires Facturation des frais m\u00e9dicaux Fin de la p\u00e9riode transitoire de la r\u00e9forme des PC Plus d&rsquo;informations Caisse de compensation du canton de Berne","og_url":"https:\/\/www.lengnau.ch\/fr\/themes\/sozialversicherungen\/ergaenzungsleistungen\/","og_site_name":"Gemeinde Lengnau","article_modified_time":"2024-10-23T06:40:00+00:00","twitter_card":"summary_large_image","schema":{"@context":"https:\/\/schema.org","@graph":[{"@type":"WebPage","@id":"https:\/\/www.lengnau.ch\/fr\/themes\/sozialversicherungen\/ergaenzungsleistungen\/","url":"https:\/\/www.lengnau.ch\/fr\/themes\/sozialversicherungen\/ergaenzungsleistungen\/","name":"Prestations compl\u00e9mentaires - Gemeinde Lengnau","isPartOf":{"@id":"https:\/\/www.lengnau.ch\/#website"},"datePublished":"2022-02-16T14:36:17+00:00","dateModified":"2024-10-23T06:40:00+00:00","breadcrumb":{"@id":"https:\/\/www.lengnau.ch\/fr\/themes\/sozialversicherungen\/ergaenzungsleistungen\/#breadcrumb"},"inLanguage":"fr-FR","potentialAction":[{"@type":"ReadAction","target":["https:\/\/www.lengnau.ch\/fr\/themes\/sozialversicherungen\/ergaenzungsleistungen\/"]}]},{"@type":"BreadcrumbList","@id":"https:\/\/www.lengnau.ch\/fr\/themes\/sozialversicherungen\/ergaenzungsleistungen\/#breadcrumb","itemListElement":[{"@type":"ListItem","position":1,"name":"Home","item":"https:\/\/www.lengnau.ch\/fr\/"},{"@type":"ListItem","position":2,"name":"Th\u00e8mes","item":"https:\/\/www.lengnau.ch\/fr\/themes\/"},{"@type":"ListItem","position":3,"name":"Assurances sociales","item":"https:\/\/www.lengnau.ch\/fr\/themes\/sozialversicherungen\/"},{"@type":"ListItem","position":4,"name":"Prestations compl\u00e9mentaires"}]},{"@type":"WebSite","@id":"https:\/\/www.lengnau.ch\/#website","url":"https:\/\/www.lengnau.ch\/","name":"Gemeinde Lengnau","description":"","potentialAction":[{"@type":"SearchAction","target":{"@type":"EntryPoint","urlTemplate":"https:\/\/www.lengnau.ch\/?s={search_term_string}"},"query-input":{"@type":"PropertyValueSpecification","valueRequired":true,"valueName":"search_term_string"}}],"inLanguage":"fr-FR"}]}},"publishpress_future_action":{"enabled":false,"date":"2026-04-14 15:34:07","action":"change-status","newStatus":"draft","terms":[],"taxonomy":"translation_priority","extraData":[]},"publishpress_future_workflow_manual_trigger":{"enabledWorkflows":[]},"_links":{"self":[{"href":"https:\/\/www.lengnau.ch\/fr\/wp-json\/wp\/v2\/pages\/3147","targetHints":{"allow":["GET"]}}],"collection":[{"href":"https:\/\/www.lengnau.ch\/fr\/wp-json\/wp\/v2\/pages"}],"about":[{"href":"https:\/\/www.lengnau.ch\/fr\/wp-json\/wp\/v2\/types\/page"}],"author":[{"embeddable":true,"href":"https:\/\/www.lengnau.ch\/fr\/wp-json\/wp\/v2\/users\/1"}],"replies":[{"embeddable":true,"href":"https:\/\/www.lengnau.ch\/fr\/wp-json\/wp\/v2\/comments?post=3147"}],"version-history":[{"count":10,"href":"https:\/\/www.lengnau.ch\/fr\/wp-json\/wp\/v2\/pages\/3147\/revisions"}],"predecessor-version":[{"id":14649,"href":"https:\/\/www.lengnau.ch\/fr\/wp-json\/wp\/v2\/pages\/3147\/revisions\/14649"}],"up":[{"embeddable":true,"href":"https:\/\/www.lengnau.ch\/fr\/wp-json\/wp\/v2\/pages\/3152"}],"wp:attachment":[{"href":"https:\/\/www.lengnau.ch\/fr\/wp-json\/wp\/v2\/media?parent=3147"}],"curies":[{"name":"wp","href":"https:\/\/api.w.org\/{rel}","templated":true}]}}