{"id":3145,"date":"2022-02-16T15:34:25","date_gmt":"2022-02-16T14:34:25","guid":{"rendered":"https:\/\/lengnau.rettenmund.com\/themen\/gesundheit\/medizinische-versorgung\/"},"modified":"2025-01-10T10:07:44","modified_gmt":"2025-01-10T09:07:44","slug":"medizinische-versorgung","status":"publish","type":"page","link":"https:\/\/www.lengnau.ch\/fr\/themes\/gesundheit\/medizinische-versorgung\/","title":{"rendered":"Soins m\u00e9dicaux"},"content":{"rendered":"<p><strong>M\u00e9decins, dentistes et h\u00f4pitaux<\/strong><\/p>\n<p>Cabinets m\u00e9dicaux et dentaires \u00e0 Lengnau BE \/ H\u00f4pitaux des environs<\/p>\n<h2>M\u00e9decins<\/h2>\n<p><strong>Dr. med. Edith F\u00e4h<\/strong><br \/>\nSolothurnstrasse 10<br \/>\n2543 Lengnau BE<\/p>\n<p>T\u00e9l\u00e9phone 032 652 03 53<br \/>\n<a href=\"mailto:ef***@*mx.ch\" data-original-string=\"jLyNlEJDYOvYGg4iHyGnCQ==a0eYKBG7ILc85\/XfBbccvgRLw==\" title=\"This contact has been encoded by Anti-Spam by CleanTalk. Click to decode. To finish the decoding make sure that JavaScript is enabled in your browser.\">Courrier \u00e9lectronique<\/a><\/p>\n<p><strong>Praxis am Brunnenplatz<\/strong><br \/>\nPraxis Lengnau AG<br \/>\nBrunnenplatz 3<br \/>\n2543 Lengnau BE<\/p>\n<p>T\u00e9l\u00e9phone 032 652 28 28<br \/>\n<a href=\"mailto:in**@*****************tz.ch\" data-original-string=\"HpvXcWaIs9LnuhUa01nLnQ==a0eEVeyTgEUxqYjOPOGtvu4aw1KGOz8GrYTMUTu\/gOvO2Q=\" title=\"This contact has been encoded by Anti-Spam by CleanTalk. Click to decode. To finish the decoding make sure that JavaScript is enabled in your browser.\">Courrier \u00e9lectronique<\/a><br \/>\n<a href=\"https:\/\/www.praxis-brunnenplatz.ch\/\" target=\"_blank\" rel=\"noopener\">Site web<\/a><\/p>\n<h2>Dentistes<\/h2>\n<p><strong>Dr. med. dent. Dusko Vulovic<\/strong><br \/>\nBeundenstrasse 1<br \/>\n2543 Lengnau BE<\/p>\n<p>T\u00e9l\u00e9phone 032 652 33 28<\/p>\n<p><strong>Dr. med. dent. Svetlana Grisa<\/strong><br \/>\nBeundenstrasse 3<br \/>\n2543 Lengnau BE<\/p>\n<p>T\u00e9l\u00e9phone 032 652 18 58<\/p>\n<h2>H\u00f4pitaux<\/h2>\n<p><strong>Spitalzentrum Biel<\/strong><br \/>\nVogelsang 84<br \/>\n2501 Biel\/Bienne<\/p>\n<p>T\u00e9l\u00e9phone 032 324 24 24<br \/>\n<a href=\"https:\/\/www.spitalzentrum-biel.ch\/\" target=\"_blank\" rel=\"noopener\">Site web<\/a><\/p>\n<p><strong>Clinique Hirslanden des Tilleuls<\/strong><br \/>\nCouloir des fleurs 105<br \/>\n2501 Biel\/Bienne<\/p>\n<p>T\u00e9l\u00e9phone 032 366 41 11<br \/>\n<a href=\"https:\/\/www.hirslanden.ch\/de\/klinik-linde\/home.html\" target=\"_blank\" rel=\"noopener\">Site web<\/a><\/p>\n<p><strong>Clinique pour enfants Wildermeth<\/strong><br \/>\nVogelsang 84<br \/>\n2502 Biel\/Bienne<\/p>\n<p>T\u00e9l\u00e9phone 032 324 24 24<br \/>\n<a href=\"https:\/\/www.spitalzentrum-biel.ch\/medizinisches-angebot\/abteilungen\/kinderklinik-wildermeth\" target=\"_blank\" rel=\"noopener\">Site web<\/a><\/p>\n<p><strong>H\u00f4pital des citoyens de Soleure<\/strong><br \/>\nSch\u00f6ngr\u00fcnstrasse 42<br \/>\n4500 Solothurn<\/p>\n<p>T\u00e9l\u00e9phone 032 627 31 21<br \/>\n<a href=\"https:\/\/www.solothurnerspitaeler.ch\/unsere-spitaeler\/buergerspital-solothurn\/\" target=\"_blank\" rel=\"noopener\">Site web<\/a><\/p>\n<h2>Spitex<\/h2>\n<p><strong>Professionelle Pflege zu Hause<\/strong><\/p>\n<p>Spitex Biel-Bienne Regio SA est le plus grand service public d&rsquo;aide et de soins \u00e0 domicile de la r\u00e9gion biennoise, avec environ 200 collaborateurs. En tant qu&rsquo;organisation \u00e0 but non lucratif, elle a un mandat de prestations de la Direction de la sant\u00e9, des affaires sociales et de l&rsquo;int\u00e9gration. Elle s&rsquo;occupe de clients dans la ville de Bienne et dans les communes d&rsquo;Evilard-Macolin, Pieterlen et Lengnau.<\/p>\n<p>Les soignants soutiennent leurs clients \u00e0 domicile, dans leur environnement familier. Ziel ist der Erhalt von Selbst\u00e4ndigkeit und Lebensqualit\u00e4t.<\/p>\n<p><strong>Prestations<\/strong><\/p>\n<ul>\n<li>Grund-\/Behandlungspflege<\/li>\n<li>Spitex-24h-Notruf<\/li>\n<li>Wundmanagement<\/li>\n<li>Soins palliatifs<\/li>\n<li>Soins psychiatriques<\/li>\n<li>Kinderspitex<\/li>\n<li>Prestations de confort de BelleVie Suisse AG<\/li>\n<\/ul>\n<p><strong>Contact<\/strong><\/p>\n<p><strong>Spitex Biel-Bienne Regio SA<\/strong><br \/>\nSite de Pieterlen\/Lengnau<br \/>\nHauptstrasse 1<br \/>\n2542 Pieterlen<\/p>\n<p>T\u00e9l\u00e9phone 032 329 39 00<br \/>\n<a href=\"mailto:pi***************@***************io.ch\" data-original-string=\"SH9xOqIjT7I1YKxWLt+Yyw==a0eG1PJQx4JJovmfIuBuDON2ML0wx6m+llmkEbMJJ8s3HjV6oCEdoFCOJ3fUNXLq4c8\" title=\"This contact has been encoded by Anti-Spam by CleanTalk. Click to decode. To finish the decoding make sure that JavaScript is enabled in your browser.\">Courrier \u00e9lectronique<\/a><br \/>\n<a href=\"https:\/\/www.spitex-biel-regio.ch\/\" target=\"_blank\" rel=\"noopener\">Site web<\/a><br \/>\n<a href=\"https:\/\/opancare.ch\/de\/profile\/1010000014000\/spitex\/spitex-biel-bienne-regio-ag\" target=\"_blank\" rel=\"noopener\">Inscription via OPAN<\/a><\/p>\n<p><strong>Heures d&rsquo;ouverture du bureau<br \/>\n<\/strong>Du lundi au vendredi<br \/>\n08h00 &#8211; 11h00 \/ 14h00 &#8211; 16h00<\/p>\n","protected":false},"excerpt":{"rendered":"<p>M\u00e9decins, dentistes et h\u00f4pitaux Cabinets m\u00e9dicaux et dentaires \u00e0 Lengnau BE \/ H\u00f4pitaux des environs M\u00e9decins Dr. med. Edith F\u00e4h Solothurnstrasse 10 2543 Lengnau BE T\u00e9l\u00e9phone 032 652 03 53 Courrier \u00e9lectronique Praxis am Brunnenplatz Praxis Lengnau AG Brunnenplatz 3 2543 Lengnau BE T\u00e9l\u00e9phone 032 652 28 28 Courrier \u00e9lectronique Site web Dentistes Dr. med. [&hellip;]<\/p>\n","protected":false},"author":1,"featured_media":0,"parent":3143,"menu_order":8,"comment_status":"closed","ping_status":"closed","template":"","meta":{"_acf_changed":false,"_relevanssi_hide_post":"","_relevanssi_hide_content":"","_relevanssi_pin_for_all":"","_relevanssi_pin_keywords":"","_relevanssi_unpin_keywords":"","_relevanssi_related_keywords":"","_relevanssi_related_include_ids":"","_relevanssi_related_exclude_ids":"","_relevanssi_related_no_append":"","_relevanssi_related_not_related":"","_relevanssi_related_posts":"","_relevanssi_noindex_reason":"","footnotes":""},"class_list":["post-3145","page","type-page","status-publish","hentry"],"acf":[],"yoast_head":"<!-- This site is optimized with the Yoast SEO plugin v27.5 - https:\/\/yoast.com\/product\/yoast-seo-wordpress\/ -->\n<title>Soins m\u00e9dicaux - Gemeinde Lengnau<\/title>\n<meta name=\"robots\" content=\"index, follow, max-snippet:-1, max-image-preview:large, max-video-preview:-1\" \/>\n<link rel=\"canonical\" href=\"https:\/\/www.lengnau.ch\/fr\/themes\/gesundheit\/medizinische-versorgung\/\" \/>\n<meta property=\"og:locale\" content=\"fr_FR\" \/>\n<meta property=\"og:type\" content=\"article\" \/>\n<meta property=\"og:title\" content=\"Soins m\u00e9dicaux - Gemeinde Lengnau\" \/>\n<meta property=\"og:description\" content=\"M\u00e9decins, dentistes et h\u00f4pitaux Cabinets m\u00e9dicaux et dentaires \u00e0 Lengnau BE \/ H\u00f4pitaux des environs M\u00e9decins Dr. med. Edith F\u00e4h Solothurnstrasse 10 2543 Lengnau BE T\u00e9l\u00e9phone 032 652 03 53 Courrier \u00e9lectronique Praxis am Brunnenplatz Praxis Lengnau AG Brunnenplatz 3 2543 Lengnau BE T\u00e9l\u00e9phone 032 652 28 28 Courrier \u00e9lectronique Site web Dentistes Dr. med. [&hellip;]\" \/>\n<meta property=\"og:url\" content=\"https:\/\/www.lengnau.ch\/fr\/themes\/gesundheit\/medizinische-versorgung\/\" \/>\n<meta property=\"og:site_name\" content=\"Gemeinde Lengnau\" \/>\n<meta property=\"article:modified_time\" content=\"2025-01-10T09:07:44+00:00\" \/>\n<meta name=\"twitter:card\" content=\"summary_large_image\" \/>\n<script type=\"application\/ld+json\" class=\"yoast-schema-graph\">{\"@context\":\"https:\\\/\\\/schema.org\",\"@graph\":[{\"@type\":\"WebPage\",\"@id\":\"https:\\\/\\\/www.lengnau.ch\\\/fr\\\/themes\\\/gesundheit\\\/medizinische-versorgung\\\/\",\"url\":\"https:\\\/\\\/www.lengnau.ch\\\/fr\\\/themes\\\/gesundheit\\\/medizinische-versorgung\\\/\",\"name\":\"Soins m\u00e9dicaux - Gemeinde Lengnau\",\"isPartOf\":{\"@id\":\"https:\\\/\\\/www.lengnau.ch\\\/#website\"},\"datePublished\":\"2022-02-16T14:34:25+00:00\",\"dateModified\":\"2025-01-10T09:07:44+00:00\",\"breadcrumb\":{\"@id\":\"https:\\\/\\\/www.lengnau.ch\\\/fr\\\/themes\\\/gesundheit\\\/medizinische-versorgung\\\/#breadcrumb\"},\"inLanguage\":\"fr-FR\",\"potentialAction\":[{\"@type\":\"ReadAction\",\"target\":[\"https:\\\/\\\/www.lengnau.ch\\\/fr\\\/themes\\\/gesundheit\\\/medizinische-versorgung\\\/\"]}]},{\"@type\":\"BreadcrumbList\",\"@id\":\"https:\\\/\\\/www.lengnau.ch\\\/fr\\\/themes\\\/gesundheit\\\/medizinische-versorgung\\\/#breadcrumb\",\"itemListElement\":[{\"@type\":\"ListItem\",\"position\":1,\"name\":\"Home\",\"item\":\"https:\\\/\\\/www.lengnau.ch\\\/fr\\\/\"},{\"@type\":\"ListItem\",\"position\":2,\"name\":\"Th\u00e8mes\",\"item\":\"https:\\\/\\\/www.lengnau.ch\\\/fr\\\/themes\\\/\"},{\"@type\":\"ListItem\",\"position\":3,\"name\":\"Sant\u00e9\",\"item\":\"https:\\\/\\\/www.lengnau.ch\\\/fr\\\/themes\\\/gesundheit\\\/\"},{\"@type\":\"ListItem\",\"position\":4,\"name\":\"Soins m\u00e9dicaux\"}]},{\"@type\":\"WebSite\",\"@id\":\"https:\\\/\\\/www.lengnau.ch\\\/#website\",\"url\":\"https:\\\/\\\/www.lengnau.ch\\\/\",\"name\":\"Gemeinde Lengnau\",\"description\":\"\",\"potentialAction\":[{\"@type\":\"SearchAction\",\"target\":{\"@type\":\"EntryPoint\",\"urlTemplate\":\"https:\\\/\\\/www.lengnau.ch\\\/?s={search_term_string}\"},\"query-input\":{\"@type\":\"PropertyValueSpecification\",\"valueRequired\":true,\"valueName\":\"search_term_string\"}}],\"inLanguage\":\"fr-FR\"}]}<\/script>\n<!-- \/ Yoast SEO plugin. -->","yoast_head_json":{"title":"Soins m\u00e9dicaux - Gemeinde Lengnau","robots":{"index":"index","follow":"follow","max-snippet":"max-snippet:-1","max-image-preview":"max-image-preview:large","max-video-preview":"max-video-preview:-1"},"canonical":"https:\/\/www.lengnau.ch\/fr\/themes\/gesundheit\/medizinische-versorgung\/","og_locale":"fr_FR","og_type":"article","og_title":"Soins m\u00e9dicaux - Gemeinde Lengnau","og_description":"M\u00e9decins, dentistes et h\u00f4pitaux Cabinets m\u00e9dicaux et dentaires \u00e0 Lengnau BE \/ H\u00f4pitaux des environs M\u00e9decins Dr. med. Edith F\u00e4h Solothurnstrasse 10 2543 Lengnau BE T\u00e9l\u00e9phone 032 652 03 53 Courrier \u00e9lectronique Praxis am Brunnenplatz Praxis Lengnau AG Brunnenplatz 3 2543 Lengnau BE T\u00e9l\u00e9phone 032 652 28 28 Courrier \u00e9lectronique Site web Dentistes Dr. med. [&hellip;]","og_url":"https:\/\/www.lengnau.ch\/fr\/themes\/gesundheit\/medizinische-versorgung\/","og_site_name":"Gemeinde Lengnau","article_modified_time":"2025-01-10T09:07:44+00:00","twitter_card":"summary_large_image","schema":{"@context":"https:\/\/schema.org","@graph":[{"@type":"WebPage","@id":"https:\/\/www.lengnau.ch\/fr\/themes\/gesundheit\/medizinische-versorgung\/","url":"https:\/\/www.lengnau.ch\/fr\/themes\/gesundheit\/medizinische-versorgung\/","name":"Soins m\u00e9dicaux - Gemeinde Lengnau","isPartOf":{"@id":"https:\/\/www.lengnau.ch\/#website"},"datePublished":"2022-02-16T14:34:25+00:00","dateModified":"2025-01-10T09:07:44+00:00","breadcrumb":{"@id":"https:\/\/www.lengnau.ch\/fr\/themes\/gesundheit\/medizinische-versorgung\/#breadcrumb"},"inLanguage":"fr-FR","potentialAction":[{"@type":"ReadAction","target":["https:\/\/www.lengnau.ch\/fr\/themes\/gesundheit\/medizinische-versorgung\/"]}]},{"@type":"BreadcrumbList","@id":"https:\/\/www.lengnau.ch\/fr\/themes\/gesundheit\/medizinische-versorgung\/#breadcrumb","itemListElement":[{"@type":"ListItem","position":1,"name":"Home","item":"https:\/\/www.lengnau.ch\/fr\/"},{"@type":"ListItem","position":2,"name":"Th\u00e8mes","item":"https:\/\/www.lengnau.ch\/fr\/themes\/"},{"@type":"ListItem","position":3,"name":"Sant\u00e9","item":"https:\/\/www.lengnau.ch\/fr\/themes\/gesundheit\/"},{"@type":"ListItem","position":4,"name":"Soins m\u00e9dicaux"}]},{"@type":"WebSite","@id":"https:\/\/www.lengnau.ch\/#website","url":"https:\/\/www.lengnau.ch\/","name":"Gemeinde Lengnau","description":"","potentialAction":[{"@type":"SearchAction","target":{"@type":"EntryPoint","urlTemplate":"https:\/\/www.lengnau.ch\/?s={search_term_string}"},"query-input":{"@type":"PropertyValueSpecification","valueRequired":true,"valueName":"search_term_string"}}],"inLanguage":"fr-FR"}]}},"publishpress_future_action":{"enabled":false,"date":"2026-05-23 00:44:28","action":"change-status","newStatus":"draft","terms":[],"taxonomy":"translation_priority","extraData":[]},"publishpress_future_workflow_manual_trigger":{"enabledWorkflows":[]},"_links":{"self":[{"href":"https:\/\/www.lengnau.ch\/fr\/wp-json\/wp\/v2\/pages\/3145","targetHints":{"allow":["GET"]}}],"collection":[{"href":"https:\/\/www.lengnau.ch\/fr\/wp-json\/wp\/v2\/pages"}],"about":[{"href":"https:\/\/www.lengnau.ch\/fr\/wp-json\/wp\/v2\/types\/page"}],"author":[{"embeddable":true,"href":"https:\/\/www.lengnau.ch\/fr\/wp-json\/wp\/v2\/users\/1"}],"replies":[{"embeddable":true,"href":"https:\/\/www.lengnau.ch\/fr\/wp-json\/wp\/v2\/comments?post=3145"}],"version-history":[{"count":10,"href":"https:\/\/www.lengnau.ch\/fr\/wp-json\/wp\/v2\/pages\/3145\/revisions"}],"predecessor-version":[{"id":15443,"href":"https:\/\/www.lengnau.ch\/fr\/wp-json\/wp\/v2\/pages\/3145\/revisions\/15443"}],"up":[{"embeddable":true,"href":"https:\/\/www.lengnau.ch\/fr\/wp-json\/wp\/v2\/pages\/3143"}],"wp:attachment":[{"href":"https:\/\/www.lengnau.ch\/fr\/wp-json\/wp\/v2\/media?parent=3145"}],"curies":[{"name":"wp","href":"https:\/\/api.w.org\/{rel}","templated":true}]}}