{"id":3144,"date":"2022-02-16T15:34:14","date_gmt":"2022-02-16T14:34:14","guid":{"rendered":"https:\/\/lengnau.rettenmund.com\/themen\/gesundheit\/notfallnummern\/"},"modified":"2026-03-18T10:11:21","modified_gmt":"2026-03-18T09:11:21","slug":"notfallnummern","status":"publish","type":"page","link":"https:\/\/www.lengnau.ch\/fr\/themes\/gesundheit\/notfallnummern\/","title":{"rendered":"Num\u00e9ros d&rsquo;urgence"},"content":{"rendered":"<h2>Urgence m\u00e9decin de famille Seeland (HANS)<\/h2>\n<p>T\u00e9l\u00e9phone 0900 144 111<br \/>\n(CHF 2,08 par minute)<br \/>\n<a title=\"M\u00e9decin de famille d'urgence Seeland (HANS)\" href=\"https:\/\/www.hans-notfall.ch\/\" target=\"_blank\" rel=\"noopener\">Site web<\/a><\/p>\n<p>Le service d&rsquo;urgence des m\u00e9decins de famille du Seeland (HANS) propose des soins m\u00e9dicaux ambulatoires \u00e0 l&rsquo;h\u00f4pital d&rsquo;Aarberg en dehors des heures de consultation.<\/p>\n<p>Le service d&rsquo;urgence est disponible 24 heures sur 24 au <strong>0900 144 111<\/strong><strong>(CHF 2.08\/minute<\/strong>).<br \/>\nEn cas d&rsquo;urgence vitale, <strong>appelez le 144<\/strong>.<\/p>\n<p><strong>Traitements le week-end et les jours f\u00e9ri\u00e9s<br \/>\n<\/strong><\/p>\n<p>Samedi<br \/>\n13h00 &#8211; 20h00<\/p>\n<p>Dimanche\/jours f\u00e9ri\u00e9s<br \/>\n08h00 &#8211; 20h00<\/p>\n<p>En prenant rendez-vous par t\u00e9l\u00e9phone, vous \u00e9vitez les d\u00e9lais d&rsquo;attente.<\/p>\n<p><strong>Site<\/strong><\/p>\n<p>H\u00f4pital d&rsquo;Aarberg<br \/>\n31, rue de Lyss<br \/>\n3270 Aarberg<\/p>\n<h3>Trouver une urgence &#8211; Trouver rapidement l&rsquo;aide appropri\u00e9e !<\/h3>\n<p>Le nouveau site Internet <a href=\"https:\/\/notfall-finder.ch\/\" target=\"_blank\" rel=\"noopener\">notfall-finder.ch<\/a> aide les personnes dans le canton de Berne  <span class=\"font-semibold\">en cas d&rsquo;urgence m\u00e9dicale, en fournissant des conseils d&rsquo;orientation et en informant en temps r\u00e9el sur la fr\u00e9quentation des services d&rsquo;urgence locaux. L&rsquo;offre \u00ab\u00a0Urgence-Finder\u00a0\u00bb est gratuite.<\/span><\/p>\n<h2>Spitalzentrum Biel<\/h2>\n<p>T\u00e9l\u00e9phone 032 324 24 24<br \/>\n<a title=\"Spitalzentrum Biel\" href=\"https:\/\/www.spitalzentrum-biel.ch\/\" target=\"_blank\" rel=\"noopener\">Site web<\/a><\/p>\n<p>Clinique pour enfants Wildermeth \/ Centre hospitalier Bienne<\/p>\n<p>T\u00e9l\u00e9phone 032 324 24 24<br \/>\n<a title=\"Clinique pour enfants Wildermeth\" href=\"https:\/\/www.spitalzentrum-biel.ch\/medizinisches-angebot\/abteilungen\/kinderklinik-wildermeth\" target=\"_blank\" rel=\"noopener\">Site web<\/a><\/p>\n<h2>Clinique Hirslanden des Tilleuls, Bienne<\/h2>\n<p>T\u00e9l\u00e9phone 032 366 41 11<br \/>\n<a href=\"https:\/\/www.hirslanden.ch\/de\/klinik-linde\/home.html\" target=\"_blank\" rel=\"noopener\">Site web<\/a><\/p>\n<h2>H\u00f4pital des citoyens de Soleure<\/h2>\n<p>T\u00e9l\u00e9phone 032 627 31 21<br \/>\n<a title=\"H\u00f4pital des citoyens de Soleure\" href=\"https:\/\/www.solothurnerspitaeler.ch\/unsere-spitaeler\/buergerspital-solothurn\/\" target=\"_blank\" rel=\"noopener\">Site web<\/a><\/p>\n<h2>Dentistes<\/h2>\n<p>(Essayez d&rsquo;abord de contacter votre dentiste)<br \/>\nT\u00e9l\u00e9phone 1811<\/p>\n<h2>Spitex Biel-Bienne Regio AG \/ Site de Pieterlen-Lengnau<\/h2>\n<p>T\u00e9l\u00e9phone 032 329 39 00<br \/>\n<a title=\"Service d'aide et de soins \u00e0 domicile Biel-Bienne Regio\" href=\"https:\/\/www.spitex-biel-regio.ch\/\" target=\"_blank\" rel=\"noopener\">Site web<\/a><\/p>\n<h2>Service d&rsquo;urgence des pharmacies<\/h2>\n<p>(Jour et nuit)<br \/>\nT\u00e9l\u00e9phone 0842 24 24 24<\/p>\n<h2>Urgences pendant le week-end \/ les jours f\u00e9ri\u00e9s<\/h2>\n<p>(d\u00e9c\u00e8s, perturbations dans le domaine de l&rsquo;\u00e9lectricit\u00e9 et de l&rsquo;eau, etc.)<br \/>\nT\u00e9l\u00e9phone 032 654 71 70<\/p>\n<h2>Police<\/h2>\n<p>T\u00e9l\u00e9phone 117<\/p>\n<h2>Pompiers<\/h2>\n<p>(alarmes incendie, accidents p\u00e9troliers, chimiques et toxiques)<br \/>\nT\u00e9l\u00e9phone 118<\/p>\n<h2>Service ambulatoire<\/h2>\n<p>T\u00e9l\u00e9phone 144<\/p>\n<h2>Institut de toxicologie (empoisonnement)<\/h2>\n<p>T\u00e9l\u00e9phone 145<br \/>\n<a title=\"Institut de toxicologie\" href=\"https:\/\/www.toxinfo.ch\/\" target=\"_blank\" rel=\"noopener\">Site web<\/a><\/p>\n<h2>Rega<\/h2>\n<p>T\u00e9l\u00e9phone 1414<br \/>\n<a title=\"Rega\" href=\"https:\/\/www.rega.ch\/\" target=\"_blank\" rel=\"noopener\">Site web<\/a><\/p>\n","protected":false},"excerpt":{"rendered":"<p>Urgence m\u00e9decin de famille Seeland (HANS) T\u00e9l\u00e9phone 0900 144 111 (CHF 2,08 par minute) Site web Le service d&rsquo;urgence des m\u00e9decins de famille du Seeland (HANS) propose des soins m\u00e9dicaux ambulatoires \u00e0 l&rsquo;h\u00f4pital d&rsquo;Aarberg en dehors des heures de consultation. Le service d&rsquo;urgence est disponible 24 heures sur 24 au 0900 144 111(CHF 2.08\/minute). En [&hellip;]<\/p>\n","protected":false},"author":1,"featured_media":0,"parent":3143,"menu_order":54,"comment_status":"closed","ping_status":"closed","template":"","meta":{"_acf_changed":false,"_relevanssi_hide_post":"","_relevanssi_hide_content":"","_relevanssi_pin_for_all":"","_relevanssi_pin_keywords":"","_relevanssi_unpin_keywords":"","_relevanssi_related_keywords":"","_relevanssi_related_include_ids":"","_relevanssi_related_exclude_ids":"","_relevanssi_related_no_append":"","_relevanssi_related_not_related":"","_relevanssi_related_posts":"","_relevanssi_noindex_reason":"","footnotes":""},"class_list":["post-3144","page","type-page","status-publish","hentry"],"acf":[],"yoast_head":"<!-- This site is optimized with the Yoast SEO plugin v27.5 - https:\/\/yoast.com\/product\/yoast-seo-wordpress\/ -->\n<title>Num\u00e9ros d&#039;urgence - Gemeinde Lengnau<\/title>\n<meta name=\"robots\" content=\"index, follow, max-snippet:-1, max-image-preview:large, max-video-preview:-1\" \/>\n<link rel=\"canonical\" href=\"https:\/\/www.lengnau.ch\/fr\/themes\/gesundheit\/notfallnummern\/\" \/>\n<meta property=\"og:locale\" content=\"fr_FR\" \/>\n<meta property=\"og:type\" content=\"article\" \/>\n<meta property=\"og:title\" content=\"Num\u00e9ros d&#039;urgence - Gemeinde Lengnau\" \/>\n<meta property=\"og:description\" content=\"Urgence m\u00e9decin de famille Seeland (HANS) T\u00e9l\u00e9phone 0900 144 111 (CHF 2,08 par minute) Site web Le service d&rsquo;urgence des m\u00e9decins de famille du Seeland (HANS) propose des soins m\u00e9dicaux ambulatoires \u00e0 l&rsquo;h\u00f4pital d&rsquo;Aarberg en dehors des heures de consultation. Le service d&rsquo;urgence est disponible 24 heures sur 24 au 0900 144 111(CHF 2.08\/minute). En [&hellip;]\" \/>\n<meta property=\"og:url\" content=\"https:\/\/www.lengnau.ch\/fr\/themes\/gesundheit\/notfallnummern\/\" \/>\n<meta property=\"og:site_name\" content=\"Gemeinde Lengnau\" \/>\n<meta property=\"article:modified_time\" content=\"2026-03-18T09:11:21+00:00\" \/>\n<meta name=\"twitter:card\" content=\"summary_large_image\" \/>\n<script type=\"application\/ld+json\" class=\"yoast-schema-graph\">{\"@context\":\"https:\\\/\\\/schema.org\",\"@graph\":[{\"@type\":\"WebPage\",\"@id\":\"https:\\\/\\\/www.lengnau.ch\\\/fr\\\/themes\\\/gesundheit\\\/notfallnummern\\\/\",\"url\":\"https:\\\/\\\/www.lengnau.ch\\\/fr\\\/themes\\\/gesundheit\\\/notfallnummern\\\/\",\"name\":\"Num\u00e9ros d'urgence - Gemeinde Lengnau\",\"isPartOf\":{\"@id\":\"https:\\\/\\\/www.lengnau.ch\\\/#website\"},\"datePublished\":\"2022-02-16T14:34:14+00:00\",\"dateModified\":\"2026-03-18T09:11:21+00:00\",\"breadcrumb\":{\"@id\":\"https:\\\/\\\/www.lengnau.ch\\\/fr\\\/themes\\\/gesundheit\\\/notfallnummern\\\/#breadcrumb\"},\"inLanguage\":\"fr-FR\",\"potentialAction\":[{\"@type\":\"ReadAction\",\"target\":[\"https:\\\/\\\/www.lengnau.ch\\\/fr\\\/themes\\\/gesundheit\\\/notfallnummern\\\/\"]}]},{\"@type\":\"BreadcrumbList\",\"@id\":\"https:\\\/\\\/www.lengnau.ch\\\/fr\\\/themes\\\/gesundheit\\\/notfallnummern\\\/#breadcrumb\",\"itemListElement\":[{\"@type\":\"ListItem\",\"position\":1,\"name\":\"Home\",\"item\":\"https:\\\/\\\/www.lengnau.ch\\\/fr\\\/\"},{\"@type\":\"ListItem\",\"position\":2,\"name\":\"Th\u00e8mes\",\"item\":\"https:\\\/\\\/www.lengnau.ch\\\/fr\\\/themes\\\/\"},{\"@type\":\"ListItem\",\"position\":3,\"name\":\"Sant\u00e9\",\"item\":\"https:\\\/\\\/www.lengnau.ch\\\/fr\\\/themes\\\/gesundheit\\\/\"},{\"@type\":\"ListItem\",\"position\":4,\"name\":\"Num\u00e9ros d&#8217;urgence\"}]},{\"@type\":\"WebSite\",\"@id\":\"https:\\\/\\\/www.lengnau.ch\\\/#website\",\"url\":\"https:\\\/\\\/www.lengnau.ch\\\/\",\"name\":\"Gemeinde Lengnau\",\"description\":\"\",\"potentialAction\":[{\"@type\":\"SearchAction\",\"target\":{\"@type\":\"EntryPoint\",\"urlTemplate\":\"https:\\\/\\\/www.lengnau.ch\\\/?s={search_term_string}\"},\"query-input\":{\"@type\":\"PropertyValueSpecification\",\"valueRequired\":true,\"valueName\":\"search_term_string\"}}],\"inLanguage\":\"fr-FR\"}]}<\/script>\n<!-- \/ Yoast SEO plugin. -->","yoast_head_json":{"title":"Num\u00e9ros d'urgence - Gemeinde Lengnau","robots":{"index":"index","follow":"follow","max-snippet":"max-snippet:-1","max-image-preview":"max-image-preview:large","max-video-preview":"max-video-preview:-1"},"canonical":"https:\/\/www.lengnau.ch\/fr\/themes\/gesundheit\/notfallnummern\/","og_locale":"fr_FR","og_type":"article","og_title":"Num\u00e9ros d'urgence - Gemeinde Lengnau","og_description":"Urgence m\u00e9decin de famille Seeland (HANS) T\u00e9l\u00e9phone 0900 144 111 (CHF 2,08 par minute) Site web Le service d&rsquo;urgence des m\u00e9decins de famille du Seeland (HANS) propose des soins m\u00e9dicaux ambulatoires \u00e0 l&rsquo;h\u00f4pital d&rsquo;Aarberg en dehors des heures de consultation. Le service d&rsquo;urgence est disponible 24 heures sur 24 au 0900 144 111(CHF 2.08\/minute). En [&hellip;]","og_url":"https:\/\/www.lengnau.ch\/fr\/themes\/gesundheit\/notfallnummern\/","og_site_name":"Gemeinde Lengnau","article_modified_time":"2026-03-18T09:11:21+00:00","twitter_card":"summary_large_image","schema":{"@context":"https:\/\/schema.org","@graph":[{"@type":"WebPage","@id":"https:\/\/www.lengnau.ch\/fr\/themes\/gesundheit\/notfallnummern\/","url":"https:\/\/www.lengnau.ch\/fr\/themes\/gesundheit\/notfallnummern\/","name":"Num\u00e9ros d'urgence - Gemeinde Lengnau","isPartOf":{"@id":"https:\/\/www.lengnau.ch\/#website"},"datePublished":"2022-02-16T14:34:14+00:00","dateModified":"2026-03-18T09:11:21+00:00","breadcrumb":{"@id":"https:\/\/www.lengnau.ch\/fr\/themes\/gesundheit\/notfallnummern\/#breadcrumb"},"inLanguage":"fr-FR","potentialAction":[{"@type":"ReadAction","target":["https:\/\/www.lengnau.ch\/fr\/themes\/gesundheit\/notfallnummern\/"]}]},{"@type":"BreadcrumbList","@id":"https:\/\/www.lengnau.ch\/fr\/themes\/gesundheit\/notfallnummern\/#breadcrumb","itemListElement":[{"@type":"ListItem","position":1,"name":"Home","item":"https:\/\/www.lengnau.ch\/fr\/"},{"@type":"ListItem","position":2,"name":"Th\u00e8mes","item":"https:\/\/www.lengnau.ch\/fr\/themes\/"},{"@type":"ListItem","position":3,"name":"Sant\u00e9","item":"https:\/\/www.lengnau.ch\/fr\/themes\/gesundheit\/"},{"@type":"ListItem","position":4,"name":"Num\u00e9ros d&#8217;urgence"}]},{"@type":"WebSite","@id":"https:\/\/www.lengnau.ch\/#website","url":"https:\/\/www.lengnau.ch\/","name":"Gemeinde Lengnau","description":"","potentialAction":[{"@type":"SearchAction","target":{"@type":"EntryPoint","urlTemplate":"https:\/\/www.lengnau.ch\/?s={search_term_string}"},"query-input":{"@type":"PropertyValueSpecification","valueRequired":true,"valueName":"search_term_string"}}],"inLanguage":"fr-FR"}]}},"publishpress_future_action":{"enabled":false,"date":"2026-05-24 07:31:37","action":"change-status","newStatus":"draft","terms":[],"taxonomy":"translation_priority","extraData":[]},"publishpress_future_workflow_manual_trigger":{"enabledWorkflows":[]},"_links":{"self":[{"href":"https:\/\/www.lengnau.ch\/fr\/wp-json\/wp\/v2\/pages\/3144","targetHints":{"allow":["GET"]}}],"collection":[{"href":"https:\/\/www.lengnau.ch\/fr\/wp-json\/wp\/v2\/pages"}],"about":[{"href":"https:\/\/www.lengnau.ch\/fr\/wp-json\/wp\/v2\/types\/page"}],"author":[{"embeddable":true,"href":"https:\/\/www.lengnau.ch\/fr\/wp-json\/wp\/v2\/users\/1"}],"replies":[{"embeddable":true,"href":"https:\/\/www.lengnau.ch\/fr\/wp-json\/wp\/v2\/comments?post=3144"}],"version-history":[{"count":10,"href":"https:\/\/www.lengnau.ch\/fr\/wp-json\/wp\/v2\/pages\/3144\/revisions"}],"predecessor-version":[{"id":19241,"href":"https:\/\/www.lengnau.ch\/fr\/wp-json\/wp\/v2\/pages\/3144\/revisions\/19241"}],"up":[{"embeddable":true,"href":"https:\/\/www.lengnau.ch\/fr\/wp-json\/wp\/v2\/pages\/3143"}],"wp:attachment":[{"href":"https:\/\/www.lengnau.ch\/fr\/wp-json\/wp\/v2\/media?parent=3144"}],"curies":[{"name":"wp","href":"https:\/\/api.w.org\/{rel}","templated":true}]}}