{"id":3142,"date":"2022-02-16T15:33:55","date_gmt":"2022-02-16T14:33:55","guid":{"rendered":"https:\/\/lengnau.rettenmund.com\/themen\/freizeit\/veranstaltungsbewilligung\/"},"modified":"2025-03-04T13:16:40","modified_gmt":"2025-03-04T12:16:40","slug":"veranstaltungsbewilligung","status":"publish","type":"page","link":"https:\/\/www.lengnau.ch\/fr\/themes\/freizeit\/veranstaltungsbewilligung\/","title":{"rendered":"Autorisation de manifestation"},"content":{"rendered":"<h2>Manifestation publique \/ Restauration<\/h2>\n<p>La l\u00e9gislation cantonale sur l&rsquo;h\u00f4tellerie et la restauration r\u00e9git l&rsquo;exercice de l&rsquo;activit\u00e9 d&rsquo;h\u00f4tellerie et de restauration ainsi que le commerce des boissons alcoolis\u00e9es.<\/p>\n<p>Pour les \u00e9v\u00e9nements publics uniques \/ manifestations, une autorisation individuelle de restauration (permis de f\u00eate) est n\u00e9cessaire. En cas de distribution de boissons alcoolis\u00e9es, un concept de protection de la jeunesse doit \u00eatre soumis en plus de la carte des menus et des boissons requise. Un concept d&rsquo;hygi\u00e8ne, resp. l&rsquo;autocontr\u00f4le ne doit pas \u00eatre soumis avec la demande. Il doit toutefois \u00eatre disponible lors de l&rsquo;\u00e9v\u00e9nement si un contr\u00f4le est effectu\u00e9 par l&rsquo;Inspection des denr\u00e9es alimentaires. Selon l&rsquo;\u00e9v\u00e9nement (sous une tente, en for\u00eat, avec musique live \/ sonorisation, etc.), d&rsquo;autres documents sont n\u00e9cessaires.<\/p>\n<p>En r\u00e8gle g\u00e9n\u00e9rale, la demande d&rsquo;autorisation individuelle de restauration doit \u00eatre d\u00e9pos\u00e9e au plus tard le<\/p>\n<ul>\n<li><strong>20 jours<\/strong><\/li>\n<li><strong>60 jours<\/strong>, pour les \u00e9v\u00e9nements de plus de <strong>500 personnes<\/strong>,<\/li>\n<li><strong>90 jours<\/strong>, lors d&rsquo;\u00e9v\u00e9nements <strong>en for\u00eat<\/strong>,<\/li>\n<\/ul>\n<p>avant la manifestation pr\u00e9vue aupr\u00e8s de la commune d&rsquo;implantation. En cas de d\u00e9p\u00f4t tardif, vous ne pouvez pas pr\u00e9tendre \u00e0 l&rsquo;octroi d&rsquo;une autorisation dans les d\u00e9lais.<\/p>\n<p>Les \u00e9v\u00e9nements publics ou les manifestations au cours desquels des aliments et des boissons sont distribu\u00e9s pour \u00eatre consomm\u00e9s sur place sont soumis \u00e0 la l\u00e9gislation sur l&rsquo;h\u00f4tellerie et la restauration.<\/p>\n<p>En tant que responsable, vous organisez un \u00e9v\u00e9nement avec accueil de clients et assumez l&rsquo;enti\u00e8re responsabilit\u00e9 de la f\u00eate.<\/p>\n<hr>\n<p>A partir de 2024, la proc\u00e9dure de demande num\u00e9rique sera introduite par phases dans le canton de Berne. Le formulaire \u00ab\u00a0Gesuch um Gastgewerblicher Einzelbewilligung\u00a0\u00bb (GGGE) peut \u00eatre d\u00e9pos\u00e9 en ligne aupr\u00e8s de la commune municipale de Lengnau BE depuis ao\u00fbt 2024. Pour cela, vous avez besoin d&rsquo;un login BE. La plupart des contribuables disposent d\u00e9j\u00e0 d&rsquo;un tel login pour remplir leur d\u00e9claration d&rsquo;imp\u00f4t.<\/p>\n<p>La remise physique de la demande \u00e0 l&rsquo;administration communale est supprim\u00e9e. La commune examine la demande d\u00e9pos\u00e9e en ligne et la transmet num\u00e9riquement \u00e0 la pr\u00e9fecture de Biel\/Bienne. La suite du traitement se fait ensuite selon le processus habituel de la pratique.<\/p>\n<p>Il est toujours possible &#8211; dans des cas exceptionnels &#8211; de d\u00e9poser l&rsquo;autorisation individuelle de restauration sous forme papier aupr\u00e8s de la commune. A partir du 01.01.2025, les demandeurs sont pri\u00e9s d&rsquo;utiliser la proc\u00e9dure en ligne.<\/p>\n<p>Lors de la soumission num\u00e9rique, il est demand\u00e9 de t\u00e9l\u00e9charger la carte des boissons. En tant qu&rsquo;autorit\u00e9 communale, nous demandons en outre les formulaires suivants, qui doivent \u00eatre t\u00e9l\u00e9charg\u00e9s d\u00fbment remplis :<\/p>\n<ul>\n<li><a href=\"https:\/\/www.lengnau.ch\/wp-content\/uploads\/2025\/01\/Jugendschutzkonzept_Formular_2025.pdf\" target=\"_blank\" rel=\"noopener\">Concept de protection des mineurs<\/a><\/li>\n<li><a href=\"https:\/\/www.lengnau.ch\/wp-content\/uploads\/2025\/01\/Hygienekonzept_Formular_2025.pdf\" target=\"_blank\" rel=\"noopener\">Concept d&rsquo;hygi\u00e8ne<\/a><\/li>\n<li><a href=\"https:\/\/www.lengnau.ch\/wp-content\/uploads\/2025\/01\/Fragebogen_Festwirtschaft_2025.pdf\" target=\"_blank\" rel=\"noopener\">Questionnaire contr\u00f4le alimentaire<\/a><\/li>\n<\/ul>\n<p>Apr\u00e8s examen du dossier de demande par la commune municipale de Lengnau BE, les documents sont transmis \u00e0 la pr\u00e9fecture de Biel\/Bienne pour autorisation. Si toutes les conditions peuvent \u00eatre respect\u00e9es et que la demande est compl\u00e8te, la pr\u00e9fecture d\u00e9livre l&rsquo;autorisation.<\/p>\n<p>Si vous avez des questions, n&rsquo;h\u00e9sitez pas \u00e0 contacter Steve Schranz, directeur adjoint. directeur, <a href=\"mailto:st***********@*****au.ch\" data-original-string=\"jYcY1CYoug6+IWJ7sCBV1Q==a0elUgEowrIRbyCGdYSaDlN+xjLWIOpmlyelNBpfbIP1wU=\" title=\"This contact has been encoded by Anti-Spam by CleanTalk. Click to decode. To finish the decoding make sure that JavaScript is enabled in your browser.\">e-mail<\/a> ou 032 654 71 01.<\/p>\n<h3>Outils de la proc\u00e9dure en ligne<\/h3>\n<p><a href=\"https:\/\/www.rsta.dij.be.ch\/de\/start\/themen\/gastgewerbe\/gastgewerbliche-einzelbewilligung\/digitales-gesuchsformular-gastgewerbliche-einzelbewilligung.html\" target=\"_blank\" rel=\"noopener\">Lien vers le formulaire de demande num\u00e9rique d&rsquo;autorisation individuelle de restauration<\/a><br \/>\n<a href=\"https:\/\/www.lengnau.ch\/wp-content\/uploads\/2025\/01\/RSTA_Anleitung_Gesuchsteller_GGGE_de.pdf\" target=\"_blank\" rel=\"noopener\">Instructions pour les requ\u00e9rants \u00ab\u00a0Autorisations individuelles pour l&rsquo;h\u00f4tellerie et la restauration<\/a><br \/>\n<a href=\"https:\/\/www.youtube.com\/playlist?list=PLhwUeJ2t1O8IESTMc7j2eky2fX7Dy8IYg\" target=\"_blank\" rel=\"noopener\">Instructions vid\u00e9o pour les demandeurs<\/a><br \/>\n<a href=\"https:\/\/www.rsta.dij.be.ch\/de\/start\/themen\/gastgewerbe\/gastgewerbliche-einzelbewilligung.html\" target=\"_blank\" rel=\"noopener\">Fiches d&rsquo;information, autres documents \/ informations utiles<\/a><\/p>\n<h3>Autres formulaires \/ liens<\/h3>\n<p><a title=\"Remarques concernant l'autorisation individuelle F (restauration de f\u00eate)\" href=\"https:\/\/www.lengnau.ch\/wp-content\/uploads\/2025\/01\/Merkblatt-zur-Einzelbewilligung-F-Festwirtschaft.pdf\" target=\"_blank\" rel=\"noopener\">Fiche d&rsquo;information sur l&rsquo;autorisation individuelle F (restauration de f\u00eate)<\/a><br \/>\n<a title=\"Remarques concernant la licence individuelle T (commerce de boissons alcoolis\u00e9es)\" href=\"https:\/\/www.lengnau.ch\/wp-content\/uploads\/2025\/01\/Merkblatt-zur-Einzelbewilligung-T-Handel-mit-alkolischen-Getraenken.pdf\" target=\"_blank\" rel=\"noopener\">Fiche d&rsquo;information sur la licence individuelle T (commerce de boissons alcoolis\u00e9es)<\/a><br \/>\n<a href=\"https:\/\/www.lengnau.ch\/wp-content\/uploads\/2025\/01\/Merkblatt-zur-Einzelbewilligung-G-Degustation.pdf\" target=\"_blank\" rel=\"noopener\">Fiche d&rsquo;information sur l&rsquo;autorisation individuelle G (d\u00e9gustation)<\/a><br \/>\n<a title=\"Annexe 4 : Feuille d'information et formulaire d'autocontr\u00f4le\" href=\"https:\/\/www.lengnau.ch\/wp-content\/uploads\/2025\/01\/Kantonales_Laboratorium_Selbstkontrolle_Info_Veranstaltungen.pdf\" target=\"_blank\" rel=\"noopener\">Informations pour les organisateurs d&rsquo;\u00e9v\u00e9nements \/ Autocontr\u00f4le<\/a><br \/>\n<a href=\"https:\/\/www.lengnau.ch\/wp-content\/uploads\/2025\/01\/Jugendschutz_2025_Alkohol_Tabak.pdf\" target=\"_blank\" rel=\"noopener\">Panneau de protection des mineurs (interdictions, vente et distribution \u00e0 partir de 16, respectivement 18 ans)<\/a><br \/>\n<a href=\"https:\/\/www.lengnau.ch\/wp-content\/uploads\/2025\/01\/Jugendschutz_2025_Alkohol_16_18_Jahre.pdf\" target=\"_blank\" rel=\"noopener\">Panneau de protection des mineurs (vente et distribution \u00e0 partir de 16, respectivement 18 ans)<\/a><br \/>\n<a title=\"Fiche d'information sur le tabac et l'alcool\" href=\"https:\/\/www.lengnau.ch\/wp-content\/uploads\/2025\/01\/Jugendschutz_Broschuere_2024_Rechtliche_Grundlagen_Alkohol_Tabak.pdf\" target=\"_blank\" rel=\"noopener\">Brochure Protection de la jeunesse, bases l\u00e9gales, alcool et tabac<\/a><br \/>\n<a title=\"Demande d'utilisation de bancs de f\u00eate\" href=\"https:\/\/www.lengnau.ch\/wp-content\/uploads\/2022\/08\/Gesuch_Festbaenke.pdf\" target=\"_blank\" rel=\"noopener\">Demande d&rsquo;utilisation de bancs de f\u00eate<\/a><br \/>\n<a title=\"Protection de la jeunesse Berne\" href=\"https:\/\/www.jugendschutzbern.ch\/home\/\" target=\"_blank\" rel=\"noopener\">Protection de la jeunesse Berne<\/a><br \/>\n<a title=\"Contr\u00f4le des denr\u00e9es alimentaires - Laboratoire cantonal\" href=\"https:\/\/www.weu.be.ch\/de\/start\/themen\/lebensmittelsicherheit\/lebensmittel-gebrauchsgegenstaende.html\" target=\"_blank\" rel=\"noopener\">Contr\u00f4le des denr\u00e9es alimentaires &#8211; Laboratoire cantonal<\/a><\/p>\n<hr>\n<p><strong>Vaisselle r\u00e9utilisable obligatoire<\/strong><br \/>\nDepuis le 1er janvier 2023, d&rsquo;autres r\u00e8gles s&rsquo;appliquent \u00e0 l&rsquo;ensemble du canton de Berne en mati\u00e8re d&rsquo;obligation de vaisselle r\u00e9utilisable. L&rsquo;<a href=\"https:\/\/www.lengnau.ch\/wp-content\/uploads\/2023\/02\/Vollzugshilfe_Umsetzung_Mehrweggeschirr_de.pdf\" target=\"_blank\" rel=\"noopener\">aide \u00e0 l&rsquo;ex\u00e9cution pour la mise en \u0153uvre de l&rsquo;obligation de la vaisselle r\u00e9utilisable et de la consigne dans le canton de Berne au 1er janvier 2023<\/a> vous donne des informations utiles.<\/p>\n<p>Les dispositions l\u00e9gales applicables \u00e0 la restauration lors d&rsquo;\u00e9v\u00e9nements festifs sont les m\u00eames que pour les autres \u00e9tablissements soumis \u00e0 la l\u00e9gislation sur les denr\u00e9es alimentaires. Les contr\u00f4les lors de manifestations festives sont effectu\u00e9s par le contr\u00f4leur cantonal des denr\u00e9es alimentaires du Laboratoire cantonal de Berne. Les d\u00e9fauts sont contest\u00e9s sous peine de frais.<\/p>\n<p><strong>Contr\u00f4leur des denr\u00e9es alimentaires<br \/>\n<\/strong>Si vous avez des questions concernant le concept d&rsquo;autocontr\u00f4le ou d&rsquo;autres questions relatives \u00e0 votre manifestation, le <a href=\"https:\/\/www.lengnau.ch\/verwaltung-politik\/gemeindeverwaltung\/praesidialabteilung\/\">service de la pr\u00e9sidence<\/a> ou le contr\u00f4leur cantonal des denr\u00e9es alimentaires se tiennent volontiers \u00e0 votre disposition :<\/p>\n<p>Laboratoire cantonal<br \/>\nContr\u00f4le des denr\u00e9es alimentaires<br \/>\n19, rue Muesmatt<br \/>\n3012 Berne<\/p>\n<p>T\u00e9l\u00e9phone 031 633 11 11<br \/>\n<a href=\"https:\/\/www.weu.be.ch\/de\/start\/themen\/lebensmittelsicherheit\/lebensmittel-gebrauchsgegenstaende.html\" target=\"_blank\" rel=\"noopener\">Site web<\/a><\/p>\n<p><strong>\u00ab\u00a0Label de protection de la jeunesse &#8211; faire la f\u00eate sans soucis<\/strong>\u00a0\u00bb <strong><br \/>\n Le \u00ab\u00a0Label de protection de la jeunesse &#8211; faire la f\u00eate sans soucis\u00a0\u00bb est une attestation de performance pour les organisateurs et les \u00e9tablissements d&rsquo;h\u00f4tellerie et de restauration des cantons de Berne et de Soleure qui s&rsquo;engagent activement et au-del\u00e0 des dispositions l\u00e9gales pour la protection de la jeunesse. Plus d&rsquo;informations et inscription sur :<\/strong> <a href=\"https:\/\/www.jugendschutz-label.ch\/\" target=\"_blank\" rel=\"noopener\">www.jugendschutz-label.ch<\/a> <\/p>\n<h2>Obligation d&rsquo;annoncer les loteries et tombolas<\/h2>\n<p>Depuis le 01.01.2021, l&rsquo;organisation de lotos et de tombolas lors de manifestations de divertissement est soumise \u00e0 une obligation de d\u00e9claration. Les directives doivent \u00eatre respect\u00e9es.<\/p>\n<p>L&rsquo;annonce doit \u00eatre faite <b>au plus tard 30 jours avant la tenue de l&rsquo;\u00e9v\u00e9nement<\/b> au moyen du formulaire en ligne. Si toutes les conditions sont remplies, il n&rsquo;y a <b>pas de <\/b>r\u00e9ponse de l&rsquo;autorit\u00e9 comp\u00e9tente.<\/p>\n<p><a title=\"Obligation d'annoncer les loteries et tombolas\" href=\"https:\/\/www.fobe.sid.be.ch\/de\/start\/bewilligungen-meldungen\/lottos-tombolas.html\" target=\"_blank\" rel=\"noopener\">Obligation d&rsquo;annoncer les loteries et tombolas<\/a><\/p>\n<p><a href=\"https:\/\/www.fobe.sid.be.ch\/de\/start\/bewilligungen-meldungen\/lottos-tombolas.html\" target=\"_blank\" rel=\"noopener\">Liste de contr\u00f4le et instructions \/ formulaire en ligne<\/a><\/p>\n<h2>Autorisation petite loterie<\/h2>\n<p>Les organisateurs doivent, conform\u00e9ment aux statuts, poursuivre des objectifs d&rsquo;utilit\u00e9 publique. Les b\u00e9n\u00e9fices doivent \u00e9galement \u00eatre utilis\u00e9s \u00e0 des fins d&rsquo;utilit\u00e9 publique.<strong><br \/>\n<\/strong><\/p>\n<p>Les autorisations pour l&rsquo;organisation de loteries ne peuvent \u00eatre accord\u00e9es que pour des manifestations d&rsquo;une importance au moins r\u00e9gionale.<\/p>\n<p>La demande doit \u00eatre introduite au plus tard <b>trois mois avant le d\u00e9but pr\u00e9vu de la vente des billets ou de la manifestation de loto<\/b> au moyen du formulaire en ligne.<\/p>\n<p><a href=\"https:\/\/www.fobe.sid.be.ch\/de\/start\/bewilligungen-meldungen\/kleinlotterien.html\" target=\"_blank\" rel=\"noopener\">Liste de contr\u00f4le et instructions \/ formulaire en ligne<\/a><\/p>\n<p><strong>Contact <\/strong><\/p>\n<p>Direction de la s\u00e9curit\u00e9 du canton de Berne<br \/>\nFonds et autorisations &#8211; Autorisations et d\u00e9clarations<br \/>\n20, rue Kramgasse<br \/>\n3011 Berne<\/p>\n<p>T\u00e9l\u00e9phone 031 636 98 95<br \/>\n<a href=\"mailto:be***********@**.ch\" data-original-string=\"0TCDOGoeyJjWGkYoQasLpw==a0eLOOa3WOdbtMUOd7BopkVtJci4FHWvsUiDWJZyGHyg4Y=\" title=\"This contact has been encoded by Anti-Spam by CleanTalk. Click to decode. To finish the decoding make sure that JavaScript is enabled in your browser.\">Courrier \u00e9lectronique<\/a><br \/>\n<a href=\"https:\/\/www.sid.be.ch\/de\/start.html\" target=\"_blank\" rel=\"noopener\">Site web<\/a><\/p>\n<h2>Utilisation du terrain<\/h2>\n<p>Toute utilisation d&rsquo;une route publique d\u00e9passant l&rsquo;usage commun est soumise \u00e0 autorisation conform\u00e9ment \u00e0 la loi sur les routes (LR) du canton de Berne. Les lieux publics sont \u00e9galement concern\u00e9s.<\/p>\n<p>Si une route ou une place publique doit \u00eatre ferm\u00e9e en raison d&rsquo;une manifestation (par exemple une f\u00eate, un stand de vente, des travaux de construction, le d\u00e9p\u00f4t d&rsquo;une benne, le montage d&rsquo;un \u00e9chafaudage, etc.), une <a title=\"Demande d'utilisation du domaine public\" href=\"https:\/\/www.lengnau.ch\/wp-content\/uploads\/2024\/01\/Gesuch_Terrainbenuetzung_2024-1.pdf\" target=\"_blank\" rel=\"noopener\">demande d&rsquo;utilisation du domaine public<\/a> doit \u00eatre d\u00e9pos\u00e9e au plus tard 30 jours \u00e0 l&rsquo;avance aupr\u00e8s de la commune municipale de Longeau BE, d\u00e9partement de la construction et de la planification, Brunnenplatz 2, 2543 Longeau BE.<\/p>\n<p>Vous pouvez \u00e9galement vous procurer la demande aupr\u00e8s du <a href=\"https:\/\/www.lengnau.ch\/verwaltung-politik\/gemeindeverwaltung\/bau-und-planungsabteilung\/\">service de construction et de planification<\/a>.<\/p>\n","protected":false},"excerpt":{"rendered":"<p>Manifestation publique \/ Restauration La l\u00e9gislation cantonale sur l&rsquo;h\u00f4tellerie et la restauration r\u00e9git l&rsquo;exercice de l&rsquo;activit\u00e9 d&rsquo;h\u00f4tellerie et de restauration ainsi que le commerce des boissons alcoolis\u00e9es. Pour les \u00e9v\u00e9nements publics uniques \/ manifestations, une autorisation individuelle de restauration (permis de f\u00eate) est n\u00e9cessaire. En cas de distribution de boissons alcoolis\u00e9es, un concept de protection [&hellip;]<\/p>\n","protected":false},"author":1,"featured_media":0,"parent":3129,"menu_order":24,"comment_status":"closed","ping_status":"closed","template":"","meta":{"_acf_changed":false,"_relevanssi_hide_post":"","_relevanssi_hide_content":"","_relevanssi_pin_for_all":"","_relevanssi_pin_keywords":"","_relevanssi_unpin_keywords":"","_relevanssi_related_keywords":"","_relevanssi_related_include_ids":"","_relevanssi_related_exclude_ids":"","_relevanssi_related_no_append":"","_relevanssi_related_not_related":"","_relevanssi_related_posts":"","_relevanssi_noindex_reason":"","footnotes":""},"class_list":["post-3142","page","type-page","status-publish","hentry"],"acf":[],"yoast_head":"<!-- This site is optimized with the Yoast SEO plugin v27.1.1 - https:\/\/yoast.com\/product\/yoast-seo-wordpress\/ -->\n<title>Autorisation de manifestation - Gemeinde Lengnau<\/title>\n<meta name=\"robots\" content=\"index, follow, max-snippet:-1, max-image-preview:large, max-video-preview:-1\" \/>\n<link rel=\"canonical\" href=\"https:\/\/www.lengnau.ch\/fr\/themes\/freizeit\/veranstaltungsbewilligung\/\" \/>\n<meta property=\"og:locale\" content=\"fr_FR\" \/>\n<meta property=\"og:type\" content=\"article\" \/>\n<meta property=\"og:title\" content=\"Autorisation de manifestation - Gemeinde Lengnau\" \/>\n<meta property=\"og:description\" content=\"Manifestation publique \/ Restauration La l\u00e9gislation cantonale sur l&rsquo;h\u00f4tellerie et la restauration r\u00e9git l&rsquo;exercice de l&rsquo;activit\u00e9 d&rsquo;h\u00f4tellerie et de restauration ainsi que le commerce des boissons alcoolis\u00e9es. Pour les \u00e9v\u00e9nements publics uniques \/ manifestations, une autorisation individuelle de restauration (permis de f\u00eate) est n\u00e9cessaire. En cas de distribution de boissons alcoolis\u00e9es, un concept de protection [&hellip;]\" \/>\n<meta property=\"og:url\" content=\"https:\/\/www.lengnau.ch\/fr\/themes\/freizeit\/veranstaltungsbewilligung\/\" \/>\n<meta property=\"og:site_name\" content=\"Gemeinde Lengnau\" \/>\n<meta property=\"article:modified_time\" content=\"2025-03-04T12:16:40+00:00\" \/>\n<meta name=\"twitter:card\" content=\"summary_large_image\" \/>\n<script type=\"application\/ld+json\" class=\"yoast-schema-graph\">{\"@context\":\"https:\/\/schema.org\",\"@graph\":[{\"@type\":\"WebPage\",\"@id\":\"https:\/\/www.lengnau.ch\/fr\/themes\/freizeit\/veranstaltungsbewilligung\/\",\"url\":\"https:\/\/www.lengnau.ch\/fr\/themes\/freizeit\/veranstaltungsbewilligung\/\",\"name\":\"Autorisation de manifestation - Gemeinde Lengnau\",\"isPartOf\":{\"@id\":\"https:\/\/www.lengnau.ch\/#website\"},\"datePublished\":\"2022-02-16T14:33:55+00:00\",\"dateModified\":\"2025-03-04T12:16:40+00:00\",\"breadcrumb\":{\"@id\":\"https:\/\/www.lengnau.ch\/fr\/themes\/freizeit\/veranstaltungsbewilligung\/#breadcrumb\"},\"inLanguage\":\"fr-FR\",\"potentialAction\":[{\"@type\":\"ReadAction\",\"target\":[\"https:\/\/www.lengnau.ch\/fr\/themes\/freizeit\/veranstaltungsbewilligung\/\"]}]},{\"@type\":\"BreadcrumbList\",\"@id\":\"https:\/\/www.lengnau.ch\/fr\/themes\/freizeit\/veranstaltungsbewilligung\/#breadcrumb\",\"itemListElement\":[{\"@type\":\"ListItem\",\"position\":1,\"name\":\"Home\",\"item\":\"https:\/\/www.lengnau.ch\/fr\/\"},{\"@type\":\"ListItem\",\"position\":2,\"name\":\"Th\u00e8mes\",\"item\":\"https:\/\/www.lengnau.ch\/fr\/themes\/\"},{\"@type\":\"ListItem\",\"position\":3,\"name\":\"Loisirs\",\"item\":\"https:\/\/www.lengnau.ch\/fr\/themes\/freizeit\/\"},{\"@type\":\"ListItem\",\"position\":4,\"name\":\"Autorisation de manifestation\"}]},{\"@type\":\"WebSite\",\"@id\":\"https:\/\/www.lengnau.ch\/#website\",\"url\":\"https:\/\/www.lengnau.ch\/\",\"name\":\"Gemeinde Lengnau\",\"description\":\"\",\"potentialAction\":[{\"@type\":\"SearchAction\",\"target\":{\"@type\":\"EntryPoint\",\"urlTemplate\":\"https:\/\/www.lengnau.ch\/?s={search_term_string}\"},\"query-input\":{\"@type\":\"PropertyValueSpecification\",\"valueRequired\":true,\"valueName\":\"search_term_string\"}}],\"inLanguage\":\"fr-FR\"}]}<\/script>\n<!-- \/ Yoast SEO plugin. -->","yoast_head_json":{"title":"Autorisation de manifestation - Gemeinde Lengnau","robots":{"index":"index","follow":"follow","max-snippet":"max-snippet:-1","max-image-preview":"max-image-preview:large","max-video-preview":"max-video-preview:-1"},"canonical":"https:\/\/www.lengnau.ch\/fr\/themes\/freizeit\/veranstaltungsbewilligung\/","og_locale":"fr_FR","og_type":"article","og_title":"Autorisation de manifestation - Gemeinde Lengnau","og_description":"Manifestation publique \/ Restauration La l\u00e9gislation cantonale sur l&rsquo;h\u00f4tellerie et la restauration r\u00e9git l&rsquo;exercice de l&rsquo;activit\u00e9 d&rsquo;h\u00f4tellerie et de restauration ainsi que le commerce des boissons alcoolis\u00e9es. Pour les \u00e9v\u00e9nements publics uniques \/ manifestations, une autorisation individuelle de restauration (permis de f\u00eate) est n\u00e9cessaire. En cas de distribution de boissons alcoolis\u00e9es, un concept de protection [&hellip;]","og_url":"https:\/\/www.lengnau.ch\/fr\/themes\/freizeit\/veranstaltungsbewilligung\/","og_site_name":"Gemeinde Lengnau","article_modified_time":"2025-03-04T12:16:40+00:00","twitter_card":"summary_large_image","schema":{"@context":"https:\/\/schema.org","@graph":[{"@type":"WebPage","@id":"https:\/\/www.lengnau.ch\/fr\/themes\/freizeit\/veranstaltungsbewilligung\/","url":"https:\/\/www.lengnau.ch\/fr\/themes\/freizeit\/veranstaltungsbewilligung\/","name":"Autorisation de manifestation - Gemeinde Lengnau","isPartOf":{"@id":"https:\/\/www.lengnau.ch\/#website"},"datePublished":"2022-02-16T14:33:55+00:00","dateModified":"2025-03-04T12:16:40+00:00","breadcrumb":{"@id":"https:\/\/www.lengnau.ch\/fr\/themes\/freizeit\/veranstaltungsbewilligung\/#breadcrumb"},"inLanguage":"fr-FR","potentialAction":[{"@type":"ReadAction","target":["https:\/\/www.lengnau.ch\/fr\/themes\/freizeit\/veranstaltungsbewilligung\/"]}]},{"@type":"BreadcrumbList","@id":"https:\/\/www.lengnau.ch\/fr\/themes\/freizeit\/veranstaltungsbewilligung\/#breadcrumb","itemListElement":[{"@type":"ListItem","position":1,"name":"Home","item":"https:\/\/www.lengnau.ch\/fr\/"},{"@type":"ListItem","position":2,"name":"Th\u00e8mes","item":"https:\/\/www.lengnau.ch\/fr\/themes\/"},{"@type":"ListItem","position":3,"name":"Loisirs","item":"https:\/\/www.lengnau.ch\/fr\/themes\/freizeit\/"},{"@type":"ListItem","position":4,"name":"Autorisation de manifestation"}]},{"@type":"WebSite","@id":"https:\/\/www.lengnau.ch\/#website","url":"https:\/\/www.lengnau.ch\/","name":"Gemeinde Lengnau","description":"","potentialAction":[{"@type":"SearchAction","target":{"@type":"EntryPoint","urlTemplate":"https:\/\/www.lengnau.ch\/?s={search_term_string}"},"query-input":{"@type":"PropertyValueSpecification","valueRequired":true,"valueName":"search_term_string"}}],"inLanguage":"fr-FR"}]}},"publishpress_future_action":{"enabled":false,"date":"2026-04-13 04:01:44","action":"change-status","newStatus":"draft","terms":[],"taxonomy":"translation_priority","extraData":[]},"publishpress_future_workflow_manual_trigger":{"enabledWorkflows":[]},"_links":{"self":[{"href":"https:\/\/www.lengnau.ch\/fr\/wp-json\/wp\/v2\/pages\/3142","targetHints":{"allow":["GET"]}}],"collection":[{"href":"https:\/\/www.lengnau.ch\/fr\/wp-json\/wp\/v2\/pages"}],"about":[{"href":"https:\/\/www.lengnau.ch\/fr\/wp-json\/wp\/v2\/types\/page"}],"author":[{"embeddable":true,"href":"https:\/\/www.lengnau.ch\/fr\/wp-json\/wp\/v2\/users\/1"}],"replies":[{"embeddable":true,"href":"https:\/\/www.lengnau.ch\/fr\/wp-json\/wp\/v2\/comments?post=3142"}],"version-history":[{"count":10,"href":"https:\/\/www.lengnau.ch\/fr\/wp-json\/wp\/v2\/pages\/3142\/revisions"}],"predecessor-version":[{"id":15951,"href":"https:\/\/www.lengnau.ch\/fr\/wp-json\/wp\/v2\/pages\/3142\/revisions\/15951"}],"up":[{"embeddable":true,"href":"https:\/\/www.lengnau.ch\/fr\/wp-json\/wp\/v2\/pages\/3129"}],"wp:attachment":[{"href":"https:\/\/www.lengnau.ch\/fr\/wp-json\/wp\/v2\/media?parent=3142"}],"curies":[{"name":"wp","href":"https:\/\/api.w.org\/{rel}","templated":true}]}}