{"id":3141,"date":"2022-06-06T15:36:18","date_gmt":"2022-06-06T15:36:18","guid":{"rendered":"https:\/\/lengnau.rettenmund.com\/behinderung-invaliditaet\/"},"modified":"2022-12-06T10:31:25","modified_gmt":"2022-12-06T09:31:25","slug":"behinderung-invaliditaet","status":"publish","type":"page","link":"https:\/\/www.lengnau.ch\/fr\/themes\/gesundheit\/behinderung-invaliditaet\/","title":{"rendered":"Handicap et invalidit\u00e9"},"content":{"rendered":"<h2>Pro Infirmis<\/h2>\n<p>Pro Infirmis est la plus grande organisation sp\u00e9cialis\u00e9e pour les personnes handicap\u00e9es de toute la Suisse. Elle conseille, accompagne et soutient les personnes handicap\u00e9es, leurs proches et les professionnels, de la naissance \u00e0 l&rsquo;\u00e2ge de l&rsquo;AVS. Pro Infirmis est politiquement ind\u00e9pendante et confessionnellement neutre. L&rsquo;organisation finance son travail par des contributions des pouvoirs publics (contrats de prestations) ainsi que par des dons et des legs.<\/p>\n<p>Aper\u00e7u des services :<\/p>\n<ul>\n<li>Conseil social<\/li>\n<li>Conseil en assistance<\/li>\n<li>Logement accompagn\u00e9<\/li>\n<li>Aide financi\u00e8re directe<\/li>\n<li>Conseil sp\u00e9cialis\u00e9<\/li>\n<\/ul>\n<h2>Contact<\/h2>\n<p>Pro Infirmis<br \/>\nBeratungsstelle Biel-Seeland<br \/>\nReitschulstrasse 5<br \/>\n2502 Biel\/Bienne<\/p>\n<p>T\u00e9l\u00e9phone 058 775 14 32<br \/>\n<a href=\"mailto:\">&#67;ou&#114;iel<\/a><br \/>\n<a href=\"https:\/\/www.proinfirmis.ch\" target=\"_blank\" rel=\"noopener\">Site web<\/a><\/p>\n<h3>Heures d&rsquo;ouverture<\/h3>\n<p>(Rendez-vous sur rendez-vous par t\u00e9l\u00e9phone)<\/p>\n<p><strong>du lundi au jeudi<\/strong><br \/>\n08.30 &#8211; 12.00 heures \/ 14.00 &#8211; 16.30 heures<\/p>\n<p><strong>vendredi<\/strong><br \/>\n08.30 &#8211; 12.00 heures \/ 14.00 &#8211; 16.00 heures<\/p>\n","protected":false},"excerpt":{"rendered":"<p>Pro Infirmis Pro Infirmis est la plus grande organisation sp\u00e9cialis\u00e9e pour les personnes handicap\u00e9es de toute la Suisse. Elle conseille, accompagne et soutient les personnes handicap\u00e9es, leurs proches et les professionnels, de la naissance \u00e0 l&rsquo;\u00e2ge de l&rsquo;AVS. Pro Infirmis est politiquement ind\u00e9pendante et confessionnellement neutre. L&rsquo;organisation finance son travail par des contributions des pouvoirs [&hellip;]<\/p>\n","protected":false},"author":1,"featured_media":0,"parent":3143,"menu_order":17,"comment_status":"closed","ping_status":"closed","template":"","meta":{"_acf_changed":false,"_relevanssi_hide_post":"","_relevanssi_hide_content":"","_relevanssi_pin_for_all":"","_relevanssi_pin_keywords":"","_relevanssi_unpin_keywords":"","_relevanssi_related_keywords":"","_relevanssi_related_include_ids":"","_relevanssi_related_exclude_ids":"","_relevanssi_related_no_append":"","_relevanssi_related_not_related":"","_relevanssi_related_posts":"","_relevanssi_noindex_reason":"","footnotes":""},"class_list":["post-3141","page","type-page","status-publish","hentry"],"acf":[],"yoast_head":"<!-- This site is optimized with the Yoast SEO plugin v27.5 - https:\/\/yoast.com\/product\/yoast-seo-wordpress\/ -->\n<title>Handicap et invalidit\u00e9 - Gemeinde Lengnau<\/title>\n<meta name=\"robots\" content=\"index, follow, max-snippet:-1, max-image-preview:large, max-video-preview:-1\" \/>\n<link rel=\"canonical\" href=\"https:\/\/www.lengnau.ch\/fr\/themes\/gesundheit\/behinderung-invaliditaet\/\" \/>\n<meta property=\"og:locale\" content=\"fr_FR\" \/>\n<meta property=\"og:type\" content=\"article\" \/>\n<meta property=\"og:title\" content=\"Handicap et invalidit\u00e9 - Gemeinde Lengnau\" \/>\n<meta property=\"og:description\" content=\"Pro Infirmis Pro Infirmis est la plus grande organisation sp\u00e9cialis\u00e9e pour les personnes handicap\u00e9es de toute la Suisse. Elle conseille, accompagne et soutient les personnes handicap\u00e9es, leurs proches et les professionnels, de la naissance \u00e0 l&rsquo;\u00e2ge de l&rsquo;AVS. Pro Infirmis est politiquement ind\u00e9pendante et confessionnellement neutre. L&rsquo;organisation finance son travail par des contributions des pouvoirs [&hellip;]\" \/>\n<meta property=\"og:url\" content=\"https:\/\/www.lengnau.ch\/fr\/themes\/gesundheit\/behinderung-invaliditaet\/\" \/>\n<meta property=\"og:site_name\" content=\"Gemeinde Lengnau\" \/>\n<meta property=\"article:modified_time\" content=\"2022-12-06T09:31:25+00:00\" \/>\n<meta name=\"twitter:card\" content=\"summary_large_image\" \/>\n<script type=\"application\/ld+json\" class=\"yoast-schema-graph\">{\"@context\":\"https:\\\/\\\/schema.org\",\"@graph\":[{\"@type\":\"WebPage\",\"@id\":\"https:\\\/\\\/www.lengnau.ch\\\/fr\\\/themes\\\/gesundheit\\\/behinderung-invaliditaet\\\/\",\"url\":\"https:\\\/\\\/www.lengnau.ch\\\/fr\\\/themes\\\/gesundheit\\\/behinderung-invaliditaet\\\/\",\"name\":\"Handicap et invalidit\u00e9 - Gemeinde Lengnau\",\"isPartOf\":{\"@id\":\"https:\\\/\\\/www.lengnau.ch\\\/#website\"},\"datePublished\":\"2022-06-06T15:36:18+00:00\",\"dateModified\":\"2022-12-06T09:31:25+00:00\",\"breadcrumb\":{\"@id\":\"https:\\\/\\\/www.lengnau.ch\\\/fr\\\/themes\\\/gesundheit\\\/behinderung-invaliditaet\\\/#breadcrumb\"},\"inLanguage\":\"fr-FR\",\"potentialAction\":[{\"@type\":\"ReadAction\",\"target\":[\"https:\\\/\\\/www.lengnau.ch\\\/fr\\\/themes\\\/gesundheit\\\/behinderung-invaliditaet\\\/\"]}]},{\"@type\":\"BreadcrumbList\",\"@id\":\"https:\\\/\\\/www.lengnau.ch\\\/fr\\\/themes\\\/gesundheit\\\/behinderung-invaliditaet\\\/#breadcrumb\",\"itemListElement\":[{\"@type\":\"ListItem\",\"position\":1,\"name\":\"Home\",\"item\":\"https:\\\/\\\/www.lengnau.ch\\\/fr\\\/\"},{\"@type\":\"ListItem\",\"position\":2,\"name\":\"Th\u00e8mes\",\"item\":\"https:\\\/\\\/www.lengnau.ch\\\/fr\\\/themes\\\/\"},{\"@type\":\"ListItem\",\"position\":3,\"name\":\"Sant\u00e9\",\"item\":\"https:\\\/\\\/www.lengnau.ch\\\/fr\\\/themes\\\/gesundheit\\\/\"},{\"@type\":\"ListItem\",\"position\":4,\"name\":\"Handicap et invalidit\u00e9\"}]},{\"@type\":\"WebSite\",\"@id\":\"https:\\\/\\\/www.lengnau.ch\\\/#website\",\"url\":\"https:\\\/\\\/www.lengnau.ch\\\/\",\"name\":\"Gemeinde Lengnau\",\"description\":\"\",\"potentialAction\":[{\"@type\":\"SearchAction\",\"target\":{\"@type\":\"EntryPoint\",\"urlTemplate\":\"https:\\\/\\\/www.lengnau.ch\\\/?s={search_term_string}\"},\"query-input\":{\"@type\":\"PropertyValueSpecification\",\"valueRequired\":true,\"valueName\":\"search_term_string\"}}],\"inLanguage\":\"fr-FR\"}]}<\/script>\n<!-- \/ Yoast SEO plugin. -->","yoast_head_json":{"title":"Handicap et invalidit\u00e9 - Gemeinde Lengnau","robots":{"index":"index","follow":"follow","max-snippet":"max-snippet:-1","max-image-preview":"max-image-preview:large","max-video-preview":"max-video-preview:-1"},"canonical":"https:\/\/www.lengnau.ch\/fr\/themes\/gesundheit\/behinderung-invaliditaet\/","og_locale":"fr_FR","og_type":"article","og_title":"Handicap et invalidit\u00e9 - Gemeinde Lengnau","og_description":"Pro Infirmis Pro Infirmis est la plus grande organisation sp\u00e9cialis\u00e9e pour les personnes handicap\u00e9es de toute la Suisse. Elle conseille, accompagne et soutient les personnes handicap\u00e9es, leurs proches et les professionnels, de la naissance \u00e0 l&rsquo;\u00e2ge de l&rsquo;AVS. Pro Infirmis est politiquement ind\u00e9pendante et confessionnellement neutre. L&rsquo;organisation finance son travail par des contributions des pouvoirs [&hellip;]","og_url":"https:\/\/www.lengnau.ch\/fr\/themes\/gesundheit\/behinderung-invaliditaet\/","og_site_name":"Gemeinde Lengnau","article_modified_time":"2022-12-06T09:31:25+00:00","twitter_card":"summary_large_image","schema":{"@context":"https:\/\/schema.org","@graph":[{"@type":"WebPage","@id":"https:\/\/www.lengnau.ch\/fr\/themes\/gesundheit\/behinderung-invaliditaet\/","url":"https:\/\/www.lengnau.ch\/fr\/themes\/gesundheit\/behinderung-invaliditaet\/","name":"Handicap et invalidit\u00e9 - Gemeinde Lengnau","isPartOf":{"@id":"https:\/\/www.lengnau.ch\/#website"},"datePublished":"2022-06-06T15:36:18+00:00","dateModified":"2022-12-06T09:31:25+00:00","breadcrumb":{"@id":"https:\/\/www.lengnau.ch\/fr\/themes\/gesundheit\/behinderung-invaliditaet\/#breadcrumb"},"inLanguage":"fr-FR","potentialAction":[{"@type":"ReadAction","target":["https:\/\/www.lengnau.ch\/fr\/themes\/gesundheit\/behinderung-invaliditaet\/"]}]},{"@type":"BreadcrumbList","@id":"https:\/\/www.lengnau.ch\/fr\/themes\/gesundheit\/behinderung-invaliditaet\/#breadcrumb","itemListElement":[{"@type":"ListItem","position":1,"name":"Home","item":"https:\/\/www.lengnau.ch\/fr\/"},{"@type":"ListItem","position":2,"name":"Th\u00e8mes","item":"https:\/\/www.lengnau.ch\/fr\/themes\/"},{"@type":"ListItem","position":3,"name":"Sant\u00e9","item":"https:\/\/www.lengnau.ch\/fr\/themes\/gesundheit\/"},{"@type":"ListItem","position":4,"name":"Handicap et invalidit\u00e9"}]},{"@type":"WebSite","@id":"https:\/\/www.lengnau.ch\/#website","url":"https:\/\/www.lengnau.ch\/","name":"Gemeinde Lengnau","description":"","potentialAction":[{"@type":"SearchAction","target":{"@type":"EntryPoint","urlTemplate":"https:\/\/www.lengnau.ch\/?s={search_term_string}"},"query-input":{"@type":"PropertyValueSpecification","valueRequired":true,"valueName":"search_term_string"}}],"inLanguage":"fr-FR"}]}},"publishpress_future_action":{"enabled":false,"date":"2026-05-24 07:35:46","action":"change-status","newStatus":"draft","terms":[],"taxonomy":"translation_priority","extraData":[]},"publishpress_future_workflow_manual_trigger":{"enabledWorkflows":[]},"_links":{"self":[{"href":"https:\/\/www.lengnau.ch\/fr\/wp-json\/wp\/v2\/pages\/3141","targetHints":{"allow":["GET"]}}],"collection":[{"href":"https:\/\/www.lengnau.ch\/fr\/wp-json\/wp\/v2\/pages"}],"about":[{"href":"https:\/\/www.lengnau.ch\/fr\/wp-json\/wp\/v2\/types\/page"}],"author":[{"embeddable":true,"href":"https:\/\/www.lengnau.ch\/fr\/wp-json\/wp\/v2\/users\/1"}],"replies":[{"embeddable":true,"href":"https:\/\/www.lengnau.ch\/fr\/wp-json\/wp\/v2\/comments?post=3141"}],"version-history":[{"count":10,"href":"https:\/\/www.lengnau.ch\/fr\/wp-json\/wp\/v2\/pages\/3141\/revisions"}],"predecessor-version":[{"id":8409,"href":"https:\/\/www.lengnau.ch\/fr\/wp-json\/wp\/v2\/pages\/3141\/revisions\/8409"}],"up":[{"embeddable":true,"href":"https:\/\/www.lengnau.ch\/fr\/wp-json\/wp\/v2\/pages\/3143"}],"wp:attachment":[{"href":"https:\/\/www.lengnau.ch\/fr\/wp-json\/wp\/v2\/media?parent=3141"}],"curies":[{"name":"wp","href":"https:\/\/api.w.org\/{rel}","templated":true}]}}