{"id":3140,"date":"2022-02-16T15:33:48","date_gmt":"2022-02-16T14:33:48","guid":{"rendered":"https:\/\/lengnau.rettenmund.com\/themen\/freizeit\/vermietung-von-freizeitanlagen\/"},"modified":"2026-01-13T08:59:55","modified_gmt":"2026-01-13T07:59:55","slug":"vermietung-von-freizeitanlagen","status":"publish","type":"page","link":"https:\/\/www.lengnau.ch\/fr\/themes\/freizeit\/vermietung-von-freizeitanlagen\/","title":{"rendered":"Location d&rsquo;installations de loisirs"},"content":{"rendered":"<h2>Ski chalet<\/h2>\n<p>La cabane de ski du Ski- und Sportclub Lengnau se trouve \u00e0 1330 m d&rsquo;altitude. M., entre les restaurants Obergrenchenberg et Tiefmatt, au milieu du beau paysage jurassien.<\/p>\n<p>Elle est situ\u00e9e au calme et n&rsquo;est accessible que de mani\u00e8re limit\u00e9e en v\u00e9hicule motoris\u00e9.<\/p>\n<p>Le chalet de ski offre 3 dortoirs avec 34 lits au total, une grande cuisine avec chauffage au bois, deux salles de s\u00e9jour ainsi que des toilettes et une buanderie. Le chalet est chauff\u00e9 par un chauffage central au bois. A l&rsquo;ext\u00e9rieur, il est possible de faire usage d&rsquo;un foyer fixe.<\/p>\n<p><strong>R\u00e9servation<\/strong><br \/>\nSki- und Sportclub Lengnau<br \/>\nRosmarie Marti<br \/>\nT\u00e9l\u00e9phone 079 215 72 89<br \/>\n<a href=\"mailto:sk*******@*********au.ch\" data-original-string=\"enmSLjT0sq3XEogU9Fh40g==a0eokxdDv9quD6tn101Pa162RlttE2EUV1PYWT1T5Dbpco=\" title=\"This contact has been encoded by Anti-Spam by CleanTalk. Click to decode. To finish the decoding make sure that JavaScript is enabled in your browser.\">Courrier \u00e9lectronique<\/a><br \/>\n<a title=\"Ski- und Sportclub Lengnau\" href=\"https:\/\/www.ssc-lengnau.ch\/\" target=\"_blank\" rel=\"noopener\">Site web<\/a><\/p>\n<h2>Waldhaus (maison foresti\u00e8re)<\/h2>\n<p>La maison foresti\u00e8re de la bourgeoisie de Longeau se trouve au milieu de la for\u00eat de Longeau, dans un environnement calme et naturel. Il est facile de le trouver \u00e0 l&rsquo;aide des panneaux indicateurs.<\/p>\n<p>La maison est \u00e9quip\u00e9e pour accueillir jusqu&rsquo;\u00e0 40 personnes. Il dispose d&rsquo;une cuisine et d&rsquo;une salle de s\u00e9jour ainsi que de toilettes. L&rsquo;espace ext\u00e9rieur est \u00e9quip\u00e9 d&rsquo;un barbecue couvert, de deux tables fixes et d&rsquo;une fontaine.<\/p>\n<p><strong>R\u00e9servation<\/strong><br \/>\nCommune bourgeoise de Lengnau<br \/>\nMarlies et Christian R\u00fcfli<br \/>\nT\u00e9l\u00e9phone 032 652 45 36<br \/>\n<a href=\"mailto:ru***********@*******ne.ch\" data-original-string=\"ljxDOXjmSm0TXTDcnz3M4g==a0elOzuvTHH9\/80r9eVzWw4dOw0hAv4+eoP22itz6K+3\/o=\" title=\"This contact has been encoded by Anti-Spam by CleanTalk. Click to decode. To finish the decoding make sure that JavaScript is enabled in your browser.\">Courrier \u00e9lectronique<\/a><\/p>\n<h2>Salle polyvalente Place de la Fontaine<\/h2>\n<p>La salle polyvalente Brunnenplatz se trouve \u00e0 Brunnenplatz 5 dans une ferme transform\u00e9e. Il est id\u00e9al pour les r\u00e9unions et les \u00e9v\u00e9nements pouvant accueillir jusqu&rsquo;\u00e0 26 personnes.<\/p>\n<p>Il dispose d&rsquo;une cuisine, y compris Une machine \u00e0 caf\u00e9, des toilettes, diverses tables et chaises qui peuvent \u00eatre dispos\u00e9es individuellement ainsi que suffisamment de vaisselle. Le grand \u00e9cran plat peut \u00eatre utilis\u00e9 pour des pr\u00e9sentations.<\/p>\n<p><strong>R\u00e9servation<br \/>\n<\/strong>Burgergemeinde Lengnau<br \/>\nBarbara Gribi<br \/>\nT\u00e9l\u00e9phone 079 451 47 40<br \/>\n<a href=\"mailto:br**********@****be.ch\" data-original-string=\"6jkUbPPGBTPMSmDWIcAK8w==a0efqBnA4LQh7b8XCqNPsceLRyAJFWujMHEQcy0QXr\/2BE=\" title=\"This contact has been encoded by Anti-Spam by CleanTalk. Click to decode. To finish the decoding make sure that JavaScript is enabled in your browser.\">Courrier \u00e9lectronique<\/a><\/p>\n<h2>Vieux moulin<\/h2>\n<p>L&rsquo;ancien b\u00e2timent du moulin, avec sa salle fra\u00eechement r\u00e9nov\u00e9e, se trouve en dessous de l&rsquo;\u00e9glise r\u00e9form\u00e9e, au M\u00fchleweg.<\/p>\n<p>Il dispose d&rsquo;une cuisine et de diverses pi\u00e8ces pouvant \u00eatre utilis\u00e9es par max. 60 personnes pour un repas, un ap\u00e9ritif ou autre de max. 100 personnes. La grande salle offre suffisamment de place pour diverses activit\u00e9s.<\/p>\n<p><strong>R\u00e9servation<\/strong><br \/>\nParoisse r\u00e9form\u00e9e de Leugene<br \/>\nSecr\u00e9tariat<br \/>\nT\u00e9l\u00e9phone 032 652 48 88<br \/>\n<a href=\"https:\/\/refleugene.ch\/ueber-uns\/vermietung\/\" target=\"_blank\" rel=\"noopener\">Site web<\/a><\/p>\n<h2>Centre de l&rsquo;\u00e9glise catholique romaine<\/h2>\n<p>Les locaux situ\u00e9s \u00e0 l&rsquo;\u00e9tage inf\u00e9rieur de l&rsquo;\u00e9glise catholique, Emil Schiblistrasse 3, peuvent \u00eatre lou\u00e9s pour des \u00e9v\u00e9nements. Le secteur offre plusieurs grandes salles. Bien qu&rsquo;il n&rsquo;y ait pas de cuisine, il y a suffisamment de place pour la pr\u00e9paration d&rsquo;un repas par un service de traiteur.<\/p>\n<p><strong>R\u00e9servation<br \/>\n<\/strong>Paroisse catholique romaine<br \/>\nUrs Lanz<br \/>\nT\u00e9l\u00e9phone 079 311 79 11<\/p>\n<h2>Aula Campus Dorf<\/h2>\n<p>L&rsquo;aula Campus Dorf de la commune de Lengnau BE se trouve au Schulweg 3, juste \u00e0 c\u00f4t\u00e9 des b\u00e2timents scolaires. Elle dispose d&rsquo;une sc\u00e8ne, d&rsquo;une grande salle et d&rsquo;une cuisine. Elle est lou\u00e9e exclusivement \u00e0 des associations et des institutions.<\/p>\n<p><strong>R\u00e9servation<\/strong><br \/>\nCommune municipale de Lengnau BE<br \/>\nRolf Clavadetscher, directeur financier<br \/>\n<a href=\"mailto:ro****************@*****au.ch\" data-original-string=\"2sMTsYEd2tObCWtJ6Cu4kg==a0esPw3COGSwEVwPPL73G+YTMqLFSk34+hx2fd2qPB77Sk=\" title=\"This contact has been encoded by Anti-Spam by CleanTalk. Click to decode. To finish the decoding make sure that JavaScript is enabled in your browser.\">Courrier \u00e9lectronique<\/a><\/p>\n<h2>En savoir plus sur le sujet<\/h2>\n<p><a title=\"Objets \u00e0 louer pour votre manifestation \u00e0 Lengnau BE\" href=\"https:\/\/www.lengnau.ch\/wp-content\/uploads\/2026\/01\/Mietobjekte_Anlaesse_Einwohnergemeinde_Lengnau_01_2026-1.pdf\" target=\"_blank\" rel=\"noopener\">Objets \u00e0 louer pour votre manifestation \u00e0 Lengnau BE<\/a><br \/>\n<a href=\"https:\/\/www.lengnau.ch\/wp-content\/uploads\/2023\/02\/Mietpreise_Mehrzweckraum_Brunnenplatz.pdf\" target=\"_blank\" rel=\"noopener\">Prix de location de la salle polyvalente Brunnenplatz<\/a><\/p>\n","protected":false},"excerpt":{"rendered":"<p>Ski chalet La cabane de ski du Ski- und Sportclub Lengnau se trouve \u00e0 1330 m d&rsquo;altitude. M., entre les restaurants Obergrenchenberg et Tiefmatt, au milieu du beau paysage jurassien. Elle est situ\u00e9e au calme et n&rsquo;est accessible que de mani\u00e8re limit\u00e9e en v\u00e9hicule motoris\u00e9. Le chalet de ski offre 3 dortoirs avec 34 lits [&hellip;]<\/p>\n","protected":false},"author":1,"featured_media":0,"parent":3129,"menu_order":23,"comment_status":"closed","ping_status":"closed","template":"","meta":{"_acf_changed":false,"_relevanssi_hide_post":"","_relevanssi_hide_content":"","_relevanssi_pin_for_all":"","_relevanssi_pin_keywords":"","_relevanssi_unpin_keywords":"","_relevanssi_related_keywords":"","_relevanssi_related_include_ids":"","_relevanssi_related_exclude_ids":"","_relevanssi_related_no_append":"","_relevanssi_related_not_related":"","_relevanssi_related_posts":"","_relevanssi_noindex_reason":"","footnotes":""},"class_list":["post-3140","page","type-page","status-publish","hentry"],"acf":[],"yoast_head":"<!-- This site is optimized with the Yoast SEO plugin v27.4 - https:\/\/yoast.com\/product\/yoast-seo-wordpress\/ -->\n<title>Location d&#039;installations de loisirs - Gemeinde Lengnau<\/title>\n<meta name=\"robots\" content=\"index, follow, max-snippet:-1, max-image-preview:large, max-video-preview:-1\" \/>\n<link rel=\"canonical\" href=\"https:\/\/www.lengnau.ch\/fr\/themes\/freizeit\/vermietung-von-freizeitanlagen\/\" \/>\n<meta property=\"og:locale\" content=\"fr_FR\" \/>\n<meta property=\"og:type\" content=\"article\" \/>\n<meta property=\"og:title\" content=\"Location d&#039;installations de loisirs - Gemeinde Lengnau\" \/>\n<meta property=\"og:description\" content=\"Ski chalet La cabane de ski du Ski- und Sportclub Lengnau se trouve \u00e0 1330 m d&rsquo;altitude. M., entre les restaurants Obergrenchenberg et Tiefmatt, au milieu du beau paysage jurassien. Elle est situ\u00e9e au calme et n&rsquo;est accessible que de mani\u00e8re limit\u00e9e en v\u00e9hicule motoris\u00e9. Le chalet de ski offre 3 dortoirs avec 34 lits [&hellip;]\" \/>\n<meta property=\"og:url\" content=\"https:\/\/www.lengnau.ch\/fr\/themes\/freizeit\/vermietung-von-freizeitanlagen\/\" \/>\n<meta property=\"og:site_name\" content=\"Gemeinde Lengnau\" \/>\n<meta property=\"article:modified_time\" content=\"2026-01-13T07:59:55+00:00\" \/>\n<meta name=\"twitter:card\" content=\"summary_large_image\" \/>\n<script type=\"application\/ld+json\" class=\"yoast-schema-graph\">{\"@context\":\"https:\\\/\\\/schema.org\",\"@graph\":[{\"@type\":\"WebPage\",\"@id\":\"https:\\\/\\\/www.lengnau.ch\\\/fr\\\/themes\\\/freizeit\\\/vermietung-von-freizeitanlagen\\\/\",\"url\":\"https:\\\/\\\/www.lengnau.ch\\\/fr\\\/themes\\\/freizeit\\\/vermietung-von-freizeitanlagen\\\/\",\"name\":\"Location d'installations de loisirs - Gemeinde Lengnau\",\"isPartOf\":{\"@id\":\"https:\\\/\\\/www.lengnau.ch\\\/#website\"},\"datePublished\":\"2022-02-16T14:33:48+00:00\",\"dateModified\":\"2026-01-13T07:59:55+00:00\",\"breadcrumb\":{\"@id\":\"https:\\\/\\\/www.lengnau.ch\\\/fr\\\/themes\\\/freizeit\\\/vermietung-von-freizeitanlagen\\\/#breadcrumb\"},\"inLanguage\":\"fr-FR\",\"potentialAction\":[{\"@type\":\"ReadAction\",\"target\":[\"https:\\\/\\\/www.lengnau.ch\\\/fr\\\/themes\\\/freizeit\\\/vermietung-von-freizeitanlagen\\\/\"]}]},{\"@type\":\"BreadcrumbList\",\"@id\":\"https:\\\/\\\/www.lengnau.ch\\\/fr\\\/themes\\\/freizeit\\\/vermietung-von-freizeitanlagen\\\/#breadcrumb\",\"itemListElement\":[{\"@type\":\"ListItem\",\"position\":1,\"name\":\"Home\",\"item\":\"https:\\\/\\\/www.lengnau.ch\\\/fr\\\/\"},{\"@type\":\"ListItem\",\"position\":2,\"name\":\"Th\u00e8mes\",\"item\":\"https:\\\/\\\/www.lengnau.ch\\\/fr\\\/themes\\\/\"},{\"@type\":\"ListItem\",\"position\":3,\"name\":\"Loisirs\",\"item\":\"https:\\\/\\\/www.lengnau.ch\\\/fr\\\/themes\\\/freizeit\\\/\"},{\"@type\":\"ListItem\",\"position\":4,\"name\":\"Location d&#8217;installations de loisirs\"}]},{\"@type\":\"WebSite\",\"@id\":\"https:\\\/\\\/www.lengnau.ch\\\/#website\",\"url\":\"https:\\\/\\\/www.lengnau.ch\\\/\",\"name\":\"Gemeinde Lengnau\",\"description\":\"\",\"potentialAction\":[{\"@type\":\"SearchAction\",\"target\":{\"@type\":\"EntryPoint\",\"urlTemplate\":\"https:\\\/\\\/www.lengnau.ch\\\/?s={search_term_string}\"},\"query-input\":{\"@type\":\"PropertyValueSpecification\",\"valueRequired\":true,\"valueName\":\"search_term_string\"}}],\"inLanguage\":\"fr-FR\"}]}<\/script>\n<!-- \/ Yoast SEO plugin. -->","yoast_head_json":{"title":"Location d'installations de loisirs - Gemeinde Lengnau","robots":{"index":"index","follow":"follow","max-snippet":"max-snippet:-1","max-image-preview":"max-image-preview:large","max-video-preview":"max-video-preview:-1"},"canonical":"https:\/\/www.lengnau.ch\/fr\/themes\/freizeit\/vermietung-von-freizeitanlagen\/","og_locale":"fr_FR","og_type":"article","og_title":"Location d'installations de loisirs - Gemeinde Lengnau","og_description":"Ski chalet La cabane de ski du Ski- und Sportclub Lengnau se trouve \u00e0 1330 m d&rsquo;altitude. M., entre les restaurants Obergrenchenberg et Tiefmatt, au milieu du beau paysage jurassien. Elle est situ\u00e9e au calme et n&rsquo;est accessible que de mani\u00e8re limit\u00e9e en v\u00e9hicule motoris\u00e9. Le chalet de ski offre 3 dortoirs avec 34 lits [&hellip;]","og_url":"https:\/\/www.lengnau.ch\/fr\/themes\/freizeit\/vermietung-von-freizeitanlagen\/","og_site_name":"Gemeinde Lengnau","article_modified_time":"2026-01-13T07:59:55+00:00","twitter_card":"summary_large_image","schema":{"@context":"https:\/\/schema.org","@graph":[{"@type":"WebPage","@id":"https:\/\/www.lengnau.ch\/fr\/themes\/freizeit\/vermietung-von-freizeitanlagen\/","url":"https:\/\/www.lengnau.ch\/fr\/themes\/freizeit\/vermietung-von-freizeitanlagen\/","name":"Location d'installations de loisirs - Gemeinde Lengnau","isPartOf":{"@id":"https:\/\/www.lengnau.ch\/#website"},"datePublished":"2022-02-16T14:33:48+00:00","dateModified":"2026-01-13T07:59:55+00:00","breadcrumb":{"@id":"https:\/\/www.lengnau.ch\/fr\/themes\/freizeit\/vermietung-von-freizeitanlagen\/#breadcrumb"},"inLanguage":"fr-FR","potentialAction":[{"@type":"ReadAction","target":["https:\/\/www.lengnau.ch\/fr\/themes\/freizeit\/vermietung-von-freizeitanlagen\/"]}]},{"@type":"BreadcrumbList","@id":"https:\/\/www.lengnau.ch\/fr\/themes\/freizeit\/vermietung-von-freizeitanlagen\/#breadcrumb","itemListElement":[{"@type":"ListItem","position":1,"name":"Home","item":"https:\/\/www.lengnau.ch\/fr\/"},{"@type":"ListItem","position":2,"name":"Th\u00e8mes","item":"https:\/\/www.lengnau.ch\/fr\/themes\/"},{"@type":"ListItem","position":3,"name":"Loisirs","item":"https:\/\/www.lengnau.ch\/fr\/themes\/freizeit\/"},{"@type":"ListItem","position":4,"name":"Location d&#8217;installations de loisirs"}]},{"@type":"WebSite","@id":"https:\/\/www.lengnau.ch\/#website","url":"https:\/\/www.lengnau.ch\/","name":"Gemeinde Lengnau","description":"","potentialAction":[{"@type":"SearchAction","target":{"@type":"EntryPoint","urlTemplate":"https:\/\/www.lengnau.ch\/?s={search_term_string}"},"query-input":{"@type":"PropertyValueSpecification","valueRequired":true,"valueName":"search_term_string"}}],"inLanguage":"fr-FR"}]}},"publishpress_future_action":{"enabled":false,"date":"2026-04-28 06:04:46","action":"change-status","newStatus":"draft","terms":[],"taxonomy":"translation_priority","extraData":[]},"publishpress_future_workflow_manual_trigger":{"enabledWorkflows":[]},"_links":{"self":[{"href":"https:\/\/www.lengnau.ch\/fr\/wp-json\/wp\/v2\/pages\/3140","targetHints":{"allow":["GET"]}}],"collection":[{"href":"https:\/\/www.lengnau.ch\/fr\/wp-json\/wp\/v2\/pages"}],"about":[{"href":"https:\/\/www.lengnau.ch\/fr\/wp-json\/wp\/v2\/types\/page"}],"author":[{"embeddable":true,"href":"https:\/\/www.lengnau.ch\/fr\/wp-json\/wp\/v2\/users\/1"}],"replies":[{"embeddable":true,"href":"https:\/\/www.lengnau.ch\/fr\/wp-json\/wp\/v2\/comments?post=3140"}],"version-history":[{"count":10,"href":"https:\/\/www.lengnau.ch\/fr\/wp-json\/wp\/v2\/pages\/3140\/revisions"}],"predecessor-version":[{"id":18758,"href":"https:\/\/www.lengnau.ch\/fr\/wp-json\/wp\/v2\/pages\/3140\/revisions\/18758"}],"up":[{"embeddable":true,"href":"https:\/\/www.lengnau.ch\/fr\/wp-json\/wp\/v2\/pages\/3129"}],"wp:attachment":[{"href":"https:\/\/www.lengnau.ch\/fr\/wp-json\/wp\/v2\/media?parent=3140"}],"curies":[{"name":"wp","href":"https:\/\/api.w.org\/{rel}","templated":true}]}}