{"id":3139,"date":"2022-02-16T15:35:24","date_gmt":"2022-02-16T14:35:24","guid":{"rendered":"https:\/\/lengnau.rettenmund.com\/themen\/alter-60\/beratung-information\/"},"modified":"2026-04-14T11:44:42","modified_gmt":"2026-04-14T09:44:42","slug":"reseau-de-seniors","status":"publish","type":"page","link":"https:\/\/www.lengnau.ch\/fr\/themes\/alter-60\/reseau-de-seniors\/","title":{"rendered":"R\u00e9seau de seniors"},"content":{"rendered":"<p>Le nom \u00ab\u00a0r\u00e9seau\u00a0\u00bb doit \u00e9galement \u00eatre un programme : Les organisations et offres existantes pour les personnes \u00e2g\u00e9es doivent \u00eatre mises en r\u00e9seau et, si n\u00e9cessaire, coordonn\u00e9es. Le r\u00e9seau des seniors agira au m\u00eame niveau et comblera les lacunes en mati\u00e8re d&rsquo;offres, si cela s&rsquo;av\u00e8re utile et souhaitable, en collaboration avec des partenaires. De plus, le r\u00e9seau veut repr\u00e9senter les demandes et les id\u00e9es des personnes \u00e2g\u00e9es aupr\u00e8s de la commune.<\/p>\n<p>La vieillesse se caract\u00e9rise par une grande diversit\u00e9 de projets de vie, de besoins et de conceptions diff\u00e9rentes de l&rsquo;organisation de la vieillesse. L&rsquo;objectif de la politique de la vieillesse \u00e0 Lengnau BE est que, ind\u00e9pendamment de la langue, de la religion ou de l&rsquo;origine, les personnes \u00e2g\u00e9es puissent mener leur vie de mani\u00e8re autonome, bien inform\u00e9es et avec une bonne qualit\u00e9 de vie.<\/p>\n<p>Dans le cadre de sa politique du 3e \u00e2ge 2016, le canton de Berne invite les communes \u00e0 \u00e9laborer leurs propres lignes directrices en mati\u00e8re de vieillesse. Le conseil municipal de Lengnau a adapt\u00e9 et approuv\u00e9 la <a title=\"Lignes directrices pour les personnes \u00e2g\u00e9es (\u00e9dition 2018 \/ r\u00e9vision 2020)\" href=\"https:\/\/www.lengnau.ch\/wp-content\/uploads\/2022\/08\/2018_Altersleitbild_Lengnau_Ueberarbeitung_2020.pdf\" target=\"_blank\" rel=\"noopener\">charte des personnes \u00e2g\u00e9es (\u00e9dition 2018 \/ r\u00e9vision 2020)<\/a>.<\/p>\n<h2>Point d&rsquo;information et d&rsquo;accueil<\/h2>\n<p>Le r\u00e9seau des seniors est un lieu d&rsquo;information et de contact pour les personnes \u00e2g\u00e9es de la commune de Lengnau BE, leurs proches et les personnes int\u00e9ress\u00e9es par les questions li\u00e9es \u00e0 la vieillesse ainsi que par les th\u00e8mes suivants :<\/p>\n<ul>\n<li>Manifestations sur la sant\u00e9, la pr\u00e9voyance, la technique, la culture, etc.<\/li>\n<li>Rencontre<\/li>\n<li>Cours<\/li>\n<li>Habiter<\/li>\n<li>Infrastructure<\/li>\n<li>Possibilit\u00e9s d&rsquo;all\u00e8gement<\/li>\n<li>Aide de voisinage<\/li>\n<li>et bien plus encore<\/li>\n<\/ul>\n<p><strong>Contact \/ Questions<\/strong><\/p>\n<p>Margrit Renfer-Fahrni<br \/>\nBois de ch\u00eane 79<br \/>\n2543 Lengnau BE<\/p>\n<p>T\u00e9l\u00e9phone 032 652 33 19 \/ 076 451 68 02<br \/>\n<a href=\"mailto:ma************@*****in.ch\" data-original-string=\"q9zlMMOhbmAJ1VCx1XeObQ==a0eWpiMLuFV2dusYtBWVGhhBBiekClQ6WZGcuSs+6+LtOs=\" title=\"This contact has been encoded by Anti-Spam by CleanTalk. Click to decode. To finish the decoding make sure that JavaScript is enabled in your browser.\">Courrier \u00e9lectronique<\/a><\/p>\n<h2>Activit\u00e9s pour les seniors<\/h2>\n<p><a href=\"https:\/\/www.lengnau.ch\/wp-content\/uploads\/2026\/01\/Anlaesse_Seniorennetzwerk_Februar_bis_Mai_2026_LN_01_2026.pdf\" target=\"_blank\" rel=\"noopener\">Manifestations du r\u00e9seau seniors de Lengnau de f\u00e9vrier \u00e0 mai 2026<\/a><br \/>\n<a class=\"pdflink\" href=\"https:\/\/www.lengnau.ch\/wp-content\/uploads\/2026\/04\/Vortrag_im_APH_Saegematt_20_05_2026.pdf\" target=\"_blank\" rel=\"noopener\">D\u00e9pliant Conf\u00e9rence \u00ab\u00a0Comment s&rsquo;occuper des personnes atteintes de d\u00e9mence\u00a0\u00bb du 20.05.2026 (\u00e9v\u00e9nement r\u00e9p\u00e9t\u00e9)<\/a><br \/>\n<a class=\"pdflink\" href=\"https:\/\/www.lengnau.ch\/wp-content\/uploads\/2026\/03\/Konzert_mit_Orchester_Musikschule_Region_Lengnau_Bueren_30_05_2026.pdf\" target=\"_blank\" rel=\"noopener\">D\u00e9pliant Concert avec l&rsquo;orchestre de l&rsquo;\u00e9cole de musique de la r\u00e9gion de Lengnau-B\u00fcren a\/A du 30.05.2026<\/a><\/p>\n<p><a href=\"https:\/\/www.lengnau.ch\/wp-content\/uploads\/2026\/01\/Strick-Hoeck_2026.pdf\" target=\"_blank\" rel=\"noopener\">D\u00e9pliant \u00ab\u00a0Tricots-H\u00f6ck 2026<\/a><br \/>\n<a href=\"https:\/\/www.lengnau.ch\/wp-content\/uploads\/2026\/01\/Sonntagstreff_2026.pdf\" target=\"_blank\" rel=\"noopener\">D\u00e9pliant Rendez-vous du dimanche 2026<\/a><br \/>\n<a href=\"https:\/\/www.lengnau.ch\/wp-content\/uploads\/2026\/03\/Spaziergang_60_Maerz_bis_August_2026.pdf\" target=\"_blank\" rel=\"noopener\">D\u00e9pliant Promenade 60+ mars \u00e0 ao\u00fbt 2026<\/a><\/p>\n","protected":false},"excerpt":{"rendered":"<p>Le nom \u00ab\u00a0r\u00e9seau\u00a0\u00bb doit \u00e9galement \u00eatre un programme : Les organisations et offres existantes pour les personnes \u00e2g\u00e9es doivent \u00eatre mises en r\u00e9seau et, si n\u00e9cessaire, coordonn\u00e9es. Le r\u00e9seau des seniors agira au m\u00eame niveau et comblera les lacunes en mati\u00e8re d&rsquo;offres, si cela s&rsquo;av\u00e8re utile et souhaitable, en collaboration avec des partenaires. De plus, [&hellip;]<\/p>\n","protected":false},"author":1,"featured_media":0,"parent":3138,"menu_order":0,"comment_status":"closed","ping_status":"closed","template":"","meta":{"_acf_changed":false,"_relevanssi_hide_post":"","_relevanssi_hide_content":"","_relevanssi_pin_for_all":"","_relevanssi_pin_keywords":"","_relevanssi_unpin_keywords":"","_relevanssi_related_keywords":"","_relevanssi_related_include_ids":"","_relevanssi_related_exclude_ids":"","_relevanssi_related_no_append":"","_relevanssi_related_not_related":"","_relevanssi_related_posts":"","_relevanssi_noindex_reason":"","footnotes":""},"class_list":["post-3139","page","type-page","status-publish","hentry"],"acf":[],"yoast_head":"<!-- This site is optimized with the Yoast SEO plugin v27.3 - https:\/\/yoast.com\/product\/yoast-seo-wordpress\/ -->\n<title>R\u00e9seau de seniors - Gemeinde Lengnau<\/title>\n<meta name=\"robots\" content=\"index, follow, max-snippet:-1, max-image-preview:large, max-video-preview:-1\" \/>\n<link rel=\"canonical\" href=\"https:\/\/www.lengnau.ch\/fr\/themes\/alter-60\/reseau-de-seniors\/\" \/>\n<meta property=\"og:locale\" content=\"fr_FR\" \/>\n<meta property=\"og:type\" content=\"article\" \/>\n<meta property=\"og:title\" content=\"R\u00e9seau de seniors - Gemeinde Lengnau\" \/>\n<meta property=\"og:description\" content=\"Le nom \u00ab\u00a0r\u00e9seau\u00a0\u00bb doit \u00e9galement \u00eatre un programme : Les organisations et offres existantes pour les personnes \u00e2g\u00e9es doivent \u00eatre mises en r\u00e9seau et, si n\u00e9cessaire, coordonn\u00e9es. Le r\u00e9seau des seniors agira au m\u00eame niveau et comblera les lacunes en mati\u00e8re d&rsquo;offres, si cela s&rsquo;av\u00e8re utile et souhaitable, en collaboration avec des partenaires. De plus, [&hellip;]\" \/>\n<meta property=\"og:url\" content=\"https:\/\/www.lengnau.ch\/fr\/themes\/alter-60\/reseau-de-seniors\/\" \/>\n<meta property=\"og:site_name\" content=\"Gemeinde Lengnau\" \/>\n<meta property=\"article:modified_time\" content=\"2026-04-14T09:44:42+00:00\" \/>\n<meta name=\"twitter:card\" content=\"summary_large_image\" \/>\n<script type=\"application\/ld+json\" class=\"yoast-schema-graph\">{\"@context\":\"https:\\\/\\\/schema.org\",\"@graph\":[{\"@type\":\"WebPage\",\"@id\":\"https:\\\/\\\/www.lengnau.ch\\\/fr\\\/themes\\\/alter-60\\\/reseau-de-seniors\\\/\",\"url\":\"https:\\\/\\\/www.lengnau.ch\\\/fr\\\/themes\\\/alter-60\\\/reseau-de-seniors\\\/\",\"name\":\"R\u00e9seau de seniors - Gemeinde Lengnau\",\"isPartOf\":{\"@id\":\"https:\\\/\\\/www.lengnau.ch\\\/#website\"},\"datePublished\":\"2022-02-16T14:35:24+00:00\",\"dateModified\":\"2026-04-14T09:44:42+00:00\",\"breadcrumb\":{\"@id\":\"https:\\\/\\\/www.lengnau.ch\\\/fr\\\/themes\\\/alter-60\\\/reseau-de-seniors\\\/#breadcrumb\"},\"inLanguage\":\"fr-FR\",\"potentialAction\":[{\"@type\":\"ReadAction\",\"target\":[\"https:\\\/\\\/www.lengnau.ch\\\/fr\\\/themes\\\/alter-60\\\/reseau-de-seniors\\\/\"]}]},{\"@type\":\"BreadcrumbList\",\"@id\":\"https:\\\/\\\/www.lengnau.ch\\\/fr\\\/themes\\\/alter-60\\\/reseau-de-seniors\\\/#breadcrumb\",\"itemListElement\":[{\"@type\":\"ListItem\",\"position\":1,\"name\":\"Home\",\"item\":\"https:\\\/\\\/www.lengnau.ch\\\/fr\\\/\"},{\"@type\":\"ListItem\",\"position\":2,\"name\":\"Th\u00e8mes\",\"item\":\"https:\\\/\\\/www.lengnau.ch\\\/fr\\\/themes\\\/\"},{\"@type\":\"ListItem\",\"position\":3,\"name\":\"\u00c2ge 60+\",\"item\":\"https:\\\/\\\/www.lengnau.ch\\\/fr\\\/themes\\\/alter-60\\\/\"},{\"@type\":\"ListItem\",\"position\":4,\"name\":\"R\u00e9seau de seniors\"}]},{\"@type\":\"WebSite\",\"@id\":\"https:\\\/\\\/www.lengnau.ch\\\/#website\",\"url\":\"https:\\\/\\\/www.lengnau.ch\\\/\",\"name\":\"Gemeinde Lengnau\",\"description\":\"\",\"potentialAction\":[{\"@type\":\"SearchAction\",\"target\":{\"@type\":\"EntryPoint\",\"urlTemplate\":\"https:\\\/\\\/www.lengnau.ch\\\/?s={search_term_string}\"},\"query-input\":{\"@type\":\"PropertyValueSpecification\",\"valueRequired\":true,\"valueName\":\"search_term_string\"}}],\"inLanguage\":\"fr-FR\"}]}<\/script>\n<!-- \/ Yoast SEO plugin. -->","yoast_head_json":{"title":"R\u00e9seau de seniors - Gemeinde Lengnau","robots":{"index":"index","follow":"follow","max-snippet":"max-snippet:-1","max-image-preview":"max-image-preview:large","max-video-preview":"max-video-preview:-1"},"canonical":"https:\/\/www.lengnau.ch\/fr\/themes\/alter-60\/reseau-de-seniors\/","og_locale":"fr_FR","og_type":"article","og_title":"R\u00e9seau de seniors - Gemeinde Lengnau","og_description":"Le nom \u00ab\u00a0r\u00e9seau\u00a0\u00bb doit \u00e9galement \u00eatre un programme : Les organisations et offres existantes pour les personnes \u00e2g\u00e9es doivent \u00eatre mises en r\u00e9seau et, si n\u00e9cessaire, coordonn\u00e9es. Le r\u00e9seau des seniors agira au m\u00eame niveau et comblera les lacunes en mati\u00e8re d&rsquo;offres, si cela s&rsquo;av\u00e8re utile et souhaitable, en collaboration avec des partenaires. De plus, [&hellip;]","og_url":"https:\/\/www.lengnau.ch\/fr\/themes\/alter-60\/reseau-de-seniors\/","og_site_name":"Gemeinde Lengnau","article_modified_time":"2026-04-14T09:44:42+00:00","twitter_card":"summary_large_image","schema":{"@context":"https:\/\/schema.org","@graph":[{"@type":"WebPage","@id":"https:\/\/www.lengnau.ch\/fr\/themes\/alter-60\/reseau-de-seniors\/","url":"https:\/\/www.lengnau.ch\/fr\/themes\/alter-60\/reseau-de-seniors\/","name":"R\u00e9seau de seniors - Gemeinde Lengnau","isPartOf":{"@id":"https:\/\/www.lengnau.ch\/#website"},"datePublished":"2022-02-16T14:35:24+00:00","dateModified":"2026-04-14T09:44:42+00:00","breadcrumb":{"@id":"https:\/\/www.lengnau.ch\/fr\/themes\/alter-60\/reseau-de-seniors\/#breadcrumb"},"inLanguage":"fr-FR","potentialAction":[{"@type":"ReadAction","target":["https:\/\/www.lengnau.ch\/fr\/themes\/alter-60\/reseau-de-seniors\/"]}]},{"@type":"BreadcrumbList","@id":"https:\/\/www.lengnau.ch\/fr\/themes\/alter-60\/reseau-de-seniors\/#breadcrumb","itemListElement":[{"@type":"ListItem","position":1,"name":"Home","item":"https:\/\/www.lengnau.ch\/fr\/"},{"@type":"ListItem","position":2,"name":"Th\u00e8mes","item":"https:\/\/www.lengnau.ch\/fr\/themes\/"},{"@type":"ListItem","position":3,"name":"\u00c2ge 60+","item":"https:\/\/www.lengnau.ch\/fr\/themes\/alter-60\/"},{"@type":"ListItem","position":4,"name":"R\u00e9seau de seniors"}]},{"@type":"WebSite","@id":"https:\/\/www.lengnau.ch\/#website","url":"https:\/\/www.lengnau.ch\/","name":"Gemeinde Lengnau","description":"","potentialAction":[{"@type":"SearchAction","target":{"@type":"EntryPoint","urlTemplate":"https:\/\/www.lengnau.ch\/?s={search_term_string}"},"query-input":{"@type":"PropertyValueSpecification","valueRequired":true,"valueName":"search_term_string"}}],"inLanguage":"fr-FR"}]}},"publishpress_future_action":{"enabled":false,"date":"2026-04-22 07:58:09","action":"change-status","newStatus":"draft","terms":[],"taxonomy":"translation_priority","extraData":[]},"publishpress_future_workflow_manual_trigger":{"enabledWorkflows":[]},"_links":{"self":[{"href":"https:\/\/www.lengnau.ch\/fr\/wp-json\/wp\/v2\/pages\/3139","targetHints":{"allow":["GET"]}}],"collection":[{"href":"https:\/\/www.lengnau.ch\/fr\/wp-json\/wp\/v2\/pages"}],"about":[{"href":"https:\/\/www.lengnau.ch\/fr\/wp-json\/wp\/v2\/types\/page"}],"author":[{"embeddable":true,"href":"https:\/\/www.lengnau.ch\/fr\/wp-json\/wp\/v2\/users\/1"}],"replies":[{"embeddable":true,"href":"https:\/\/www.lengnau.ch\/fr\/wp-json\/wp\/v2\/comments?post=3139"}],"version-history":[{"count":12,"href":"https:\/\/www.lengnau.ch\/fr\/wp-json\/wp\/v2\/pages\/3139\/revisions"}],"predecessor-version":[{"id":19474,"href":"https:\/\/www.lengnau.ch\/fr\/wp-json\/wp\/v2\/pages\/3139\/revisions\/19474"}],"up":[{"embeddable":true,"href":"https:\/\/www.lengnau.ch\/fr\/wp-json\/wp\/v2\/pages\/3138"}],"wp:attachment":[{"href":"https:\/\/www.lengnau.ch\/fr\/wp-json\/wp\/v2\/media?parent=3139"}],"curies":[{"name":"wp","href":"https:\/\/api.w.org\/{rel}","templated":true}]}}