{"id":3137,"date":"2022-02-16T15:34:49","date_gmt":"2022-02-16T14:34:49","guid":{"rendered":"https:\/\/lengnau.rettenmund.com\/suchtberatung\/"},"modified":"2024-09-18T10:19:22","modified_gmt":"2024-09-18T08:19:22","slug":"suchtberatung","status":"publish","type":"page","link":"https:\/\/www.lengnau.ch\/fr\/themes\/gesundheit\/suchtberatung\/","title":{"rendered":"Service d&rsquo;aide aux personnes d\u00e9pendantes"},"content":{"rendered":"<p>Outre le conseil, l&rsquo;information, le soutien et l&rsquo;\u00e9valuation ambulatoires, par exemple avant ou apr\u00e8s un s\u00e9jour hospitalier, nous proposons \u00e9galement des conseils aux entreprises et en cas de mesures administratives (retrait de permis).<\/p>\n<p>Le <a title=\"D\u00e9pliant sur la consultation\" href=\"https:\/\/www.lengnau.ch\/wp-content\/uploads\/2022\/08\/Fachstelle_Alkohol-_und_Suchtprobleme_Flyer_Beratung_-2020.pdf\" target=\"_blank\" rel=\"noopener\">d\u00e9pliant<\/a> contient de plus amples informations sur l&rsquo;offre et les consultations du centre sp\u00e9cialis\u00e9 dans les probl\u00e8mes d&rsquo;alcool et de d\u00e9pendance.<\/p>\n<h2>Contact<\/h2>\n<p>Croix-Bleue Berne-Soleure-Fribourg<br \/>\nCentre de Bienne<br \/>\nRue de la Gare 7<br \/>\n2502 Biel\/Bienne<\/p>\n<p>T\u00e9l\u00e9phone 032 322 61 60<br \/>\n<a href=\"mailto:\">Couri&#101;&#108;<\/a><br \/>\n<a href=\"https:\/\/besofr.blaueskreuz.ch\/\" target=\"_blank\" rel=\"noopener\">Site web<\/a><\/p>\n","protected":false},"excerpt":{"rendered":"<p>Outre le conseil, l&rsquo;information, le soutien et l&rsquo;\u00e9valuation ambulatoires, par exemple avant ou apr\u00e8s un s\u00e9jour hospitalier, nous proposons \u00e9galement des conseils aux entreprises et en cas de mesures administratives (retrait de permis). Le d\u00e9pliant contient de plus amples informations sur l&rsquo;offre et les consultations du centre sp\u00e9cialis\u00e9 dans les probl\u00e8mes d&rsquo;alcool et de d\u00e9pendance. [&hellip;]<\/p>\n","protected":false},"author":1,"featured_media":0,"parent":3143,"menu_order":16,"comment_status":"closed","ping_status":"closed","template":"","meta":{"_acf_changed":false,"_relevanssi_hide_post":"","_relevanssi_hide_content":"","_relevanssi_pin_for_all":"","_relevanssi_pin_keywords":"","_relevanssi_unpin_keywords":"","_relevanssi_related_keywords":"","_relevanssi_related_include_ids":"","_relevanssi_related_exclude_ids":"","_relevanssi_related_no_append":"","_relevanssi_related_not_related":"","_relevanssi_related_posts":"","_relevanssi_noindex_reason":"","footnotes":""},"class_list":["post-3137","page","type-page","status-publish","hentry"],"acf":[],"yoast_head":"<!-- This site is optimized with the Yoast SEO plugin v27.3 - https:\/\/yoast.com\/product\/yoast-seo-wordpress\/ -->\n<title>Service d&#039;aide aux personnes d\u00e9pendantes - Gemeinde Lengnau<\/title>\n<meta name=\"robots\" content=\"index, follow, max-snippet:-1, max-image-preview:large, max-video-preview:-1\" \/>\n<link rel=\"canonical\" href=\"https:\/\/www.lengnau.ch\/fr\/themes\/gesundheit\/suchtberatung\/\" \/>\n<meta property=\"og:locale\" content=\"fr_FR\" \/>\n<meta property=\"og:type\" content=\"article\" \/>\n<meta property=\"og:title\" content=\"Service d&#039;aide aux personnes d\u00e9pendantes - Gemeinde Lengnau\" \/>\n<meta property=\"og:description\" content=\"Outre le conseil, l&rsquo;information, le soutien et l&rsquo;\u00e9valuation ambulatoires, par exemple avant ou apr\u00e8s un s\u00e9jour hospitalier, nous proposons \u00e9galement des conseils aux entreprises et en cas de mesures administratives (retrait de permis). Le d\u00e9pliant contient de plus amples informations sur l&rsquo;offre et les consultations du centre sp\u00e9cialis\u00e9 dans les probl\u00e8mes d&rsquo;alcool et de d\u00e9pendance. [&hellip;]\" \/>\n<meta property=\"og:url\" content=\"https:\/\/www.lengnau.ch\/fr\/themes\/gesundheit\/suchtberatung\/\" \/>\n<meta property=\"og:site_name\" content=\"Gemeinde Lengnau\" \/>\n<meta property=\"article:modified_time\" content=\"2024-09-18T08:19:22+00:00\" \/>\n<meta name=\"twitter:card\" content=\"summary_large_image\" \/>\n<script type=\"application\/ld+json\" class=\"yoast-schema-graph\">{\"@context\":\"https:\\\/\\\/schema.org\",\"@graph\":[{\"@type\":\"WebPage\",\"@id\":\"https:\\\/\\\/www.lengnau.ch\\\/fr\\\/themes\\\/gesundheit\\\/suchtberatung\\\/\",\"url\":\"https:\\\/\\\/www.lengnau.ch\\\/fr\\\/themes\\\/gesundheit\\\/suchtberatung\\\/\",\"name\":\"Service d'aide aux personnes d\u00e9pendantes - Gemeinde Lengnau\",\"isPartOf\":{\"@id\":\"https:\\\/\\\/www.lengnau.ch\\\/#website\"},\"datePublished\":\"2022-02-16T14:34:49+00:00\",\"dateModified\":\"2024-09-18T08:19:22+00:00\",\"breadcrumb\":{\"@id\":\"https:\\\/\\\/www.lengnau.ch\\\/fr\\\/themes\\\/gesundheit\\\/suchtberatung\\\/#breadcrumb\"},\"inLanguage\":\"fr-FR\",\"potentialAction\":[{\"@type\":\"ReadAction\",\"target\":[\"https:\\\/\\\/www.lengnau.ch\\\/fr\\\/themes\\\/gesundheit\\\/suchtberatung\\\/\"]}]},{\"@type\":\"BreadcrumbList\",\"@id\":\"https:\\\/\\\/www.lengnau.ch\\\/fr\\\/themes\\\/gesundheit\\\/suchtberatung\\\/#breadcrumb\",\"itemListElement\":[{\"@type\":\"ListItem\",\"position\":1,\"name\":\"Home\",\"item\":\"https:\\\/\\\/www.lengnau.ch\\\/fr\\\/\"},{\"@type\":\"ListItem\",\"position\":2,\"name\":\"Th\u00e8mes\",\"item\":\"https:\\\/\\\/www.lengnau.ch\\\/fr\\\/themes\\\/\"},{\"@type\":\"ListItem\",\"position\":3,\"name\":\"Sant\u00e9\",\"item\":\"https:\\\/\\\/www.lengnau.ch\\\/fr\\\/themes\\\/gesundheit\\\/\"},{\"@type\":\"ListItem\",\"position\":4,\"name\":\"Service d&#8217;aide aux personnes d\u00e9pendantes\"}]},{\"@type\":\"WebSite\",\"@id\":\"https:\\\/\\\/www.lengnau.ch\\\/#website\",\"url\":\"https:\\\/\\\/www.lengnau.ch\\\/\",\"name\":\"Gemeinde Lengnau\",\"description\":\"\",\"potentialAction\":[{\"@type\":\"SearchAction\",\"target\":{\"@type\":\"EntryPoint\",\"urlTemplate\":\"https:\\\/\\\/www.lengnau.ch\\\/?s={search_term_string}\"},\"query-input\":{\"@type\":\"PropertyValueSpecification\",\"valueRequired\":true,\"valueName\":\"search_term_string\"}}],\"inLanguage\":\"fr-FR\"}]}<\/script>\n<!-- \/ Yoast SEO plugin. -->","yoast_head_json":{"title":"Service d'aide aux personnes d\u00e9pendantes - Gemeinde Lengnau","robots":{"index":"index","follow":"follow","max-snippet":"max-snippet:-1","max-image-preview":"max-image-preview:large","max-video-preview":"max-video-preview:-1"},"canonical":"https:\/\/www.lengnau.ch\/fr\/themes\/gesundheit\/suchtberatung\/","og_locale":"fr_FR","og_type":"article","og_title":"Service d'aide aux personnes d\u00e9pendantes - Gemeinde Lengnau","og_description":"Outre le conseil, l&rsquo;information, le soutien et l&rsquo;\u00e9valuation ambulatoires, par exemple avant ou apr\u00e8s un s\u00e9jour hospitalier, nous proposons \u00e9galement des conseils aux entreprises et en cas de mesures administratives (retrait de permis). Le d\u00e9pliant contient de plus amples informations sur l&rsquo;offre et les consultations du centre sp\u00e9cialis\u00e9 dans les probl\u00e8mes d&rsquo;alcool et de d\u00e9pendance. [&hellip;]","og_url":"https:\/\/www.lengnau.ch\/fr\/themes\/gesundheit\/suchtberatung\/","og_site_name":"Gemeinde Lengnau","article_modified_time":"2024-09-18T08:19:22+00:00","twitter_card":"summary_large_image","schema":{"@context":"https:\/\/schema.org","@graph":[{"@type":"WebPage","@id":"https:\/\/www.lengnau.ch\/fr\/themes\/gesundheit\/suchtberatung\/","url":"https:\/\/www.lengnau.ch\/fr\/themes\/gesundheit\/suchtberatung\/","name":"Service d'aide aux personnes d\u00e9pendantes - Gemeinde Lengnau","isPartOf":{"@id":"https:\/\/www.lengnau.ch\/#website"},"datePublished":"2022-02-16T14:34:49+00:00","dateModified":"2024-09-18T08:19:22+00:00","breadcrumb":{"@id":"https:\/\/www.lengnau.ch\/fr\/themes\/gesundheit\/suchtberatung\/#breadcrumb"},"inLanguage":"fr-FR","potentialAction":[{"@type":"ReadAction","target":["https:\/\/www.lengnau.ch\/fr\/themes\/gesundheit\/suchtberatung\/"]}]},{"@type":"BreadcrumbList","@id":"https:\/\/www.lengnau.ch\/fr\/themes\/gesundheit\/suchtberatung\/#breadcrumb","itemListElement":[{"@type":"ListItem","position":1,"name":"Home","item":"https:\/\/www.lengnau.ch\/fr\/"},{"@type":"ListItem","position":2,"name":"Th\u00e8mes","item":"https:\/\/www.lengnau.ch\/fr\/themes\/"},{"@type":"ListItem","position":3,"name":"Sant\u00e9","item":"https:\/\/www.lengnau.ch\/fr\/themes\/gesundheit\/"},{"@type":"ListItem","position":4,"name":"Service d&#8217;aide aux personnes d\u00e9pendantes"}]},{"@type":"WebSite","@id":"https:\/\/www.lengnau.ch\/#website","url":"https:\/\/www.lengnau.ch\/","name":"Gemeinde Lengnau","description":"","potentialAction":[{"@type":"SearchAction","target":{"@type":"EntryPoint","urlTemplate":"https:\/\/www.lengnau.ch\/?s={search_term_string}"},"query-input":{"@type":"PropertyValueSpecification","valueRequired":true,"valueName":"search_term_string"}}],"inLanguage":"fr-FR"}]}},"publishpress_future_action":{"enabled":false,"date":"2026-04-26 11:03:25","action":"change-status","newStatus":"draft","terms":[],"taxonomy":"translation_priority","extraData":[]},"publishpress_future_workflow_manual_trigger":{"enabledWorkflows":[]},"_links":{"self":[{"href":"https:\/\/www.lengnau.ch\/fr\/wp-json\/wp\/v2\/pages\/3137","targetHints":{"allow":["GET"]}}],"collection":[{"href":"https:\/\/www.lengnau.ch\/fr\/wp-json\/wp\/v2\/pages"}],"about":[{"href":"https:\/\/www.lengnau.ch\/fr\/wp-json\/wp\/v2\/types\/page"}],"author":[{"embeddable":true,"href":"https:\/\/www.lengnau.ch\/fr\/wp-json\/wp\/v2\/users\/1"}],"replies":[{"embeddable":true,"href":"https:\/\/www.lengnau.ch\/fr\/wp-json\/wp\/v2\/comments?post=3137"}],"version-history":[{"count":9,"href":"https:\/\/www.lengnau.ch\/fr\/wp-json\/wp\/v2\/pages\/3137\/revisions"}],"predecessor-version":[{"id":8411,"href":"https:\/\/www.lengnau.ch\/fr\/wp-json\/wp\/v2\/pages\/3137\/revisions\/8411"}],"up":[{"embeddable":true,"href":"https:\/\/www.lengnau.ch\/fr\/wp-json\/wp\/v2\/pages\/3143"}],"wp:attachment":[{"href":"https:\/\/www.lengnau.ch\/fr\/wp-json\/wp\/v2\/media?parent=3137"}],"curies":[{"name":"wp","href":"https:\/\/api.w.org\/{rel}","templated":true}]}}