{"id":3136,"date":"2022-02-16T15:34:35","date_gmt":"2022-02-16T14:34:35","guid":{"rendered":"https:\/\/lengnau.rettenmund.com\/selbsthilfe-be\/"},"modified":"2024-10-22T10:05:08","modified_gmt":"2024-10-22T08:05:08","slug":"selbsthilfe-be","status":"publish","type":"page","link":"https:\/\/www.lengnau.ch\/fr\/themes\/gesundheit\/selbsthilfe-be\/","title":{"rendered":"Entraide"},"content":{"rendered":"<p>Sur mandat de la Direction de la sant\u00e9 publique et de la pr\u00e9voyance sociale du canton de Berne, Selbsthilfe BE informe et conseille gratuitement sur le th\u00e8me de l&rsquo;entraide. Selbsthilfe BE fournit des contacts avec des groupes d&rsquo;entraide, soutient et accompagne la cr\u00e9ation de nouveaux groupes.<\/p>\n<h2>Contact<\/h2>\n<p>Entraide BE<br \/>\nCentre de consultation Biel\/Bienne<br \/>\nRue de la Gare 30<br \/>\n2502 Biel\/Bienne<\/p>\n<p>T\u00e9l\u00e9phone 032 323 05 55<br \/>\nT\u00e9l\u00e9phone 0848 33 99 00 (information et conseil)<br \/>\n<a href=\"mailto:\">C&#111;u&#114;&#105;&#101;&#108;<\/a><br \/>\n<a href=\"https:\/\/www.selbsthilfe-be.ch\/shbe\/de.html\" target=\"_blank\" rel=\"noopener\">Site web<\/a><\/p>\n","protected":false},"excerpt":{"rendered":"<p>Sur mandat de la Direction de la sant\u00e9 publique et de la pr\u00e9voyance sociale du canton de Berne, Selbsthilfe BE informe et conseille gratuitement sur le th\u00e8me de l&rsquo;entraide. Selbsthilfe BE fournit des contacts avec des groupes d&rsquo;entraide, soutient et accompagne la cr\u00e9ation de nouveaux groupes. Contact Entraide BE Centre de consultation Biel\/Bienne Rue de [&hellip;]<\/p>\n","protected":false},"author":1,"featured_media":0,"parent":3143,"menu_order":11,"comment_status":"closed","ping_status":"closed","template":"","meta":{"_acf_changed":false,"_relevanssi_hide_post":"","_relevanssi_hide_content":"","_relevanssi_pin_for_all":"","_relevanssi_pin_keywords":"","_relevanssi_unpin_keywords":"","_relevanssi_related_keywords":"","_relevanssi_related_include_ids":"","_relevanssi_related_exclude_ids":"","_relevanssi_related_no_append":"","_relevanssi_related_not_related":"","_relevanssi_related_posts":"","_relevanssi_noindex_reason":"","footnotes":""},"class_list":["post-3136","page","type-page","status-publish","hentry"],"acf":[],"yoast_head":"<!-- This site is optimized with the Yoast SEO plugin v27.5 - https:\/\/yoast.com\/product\/yoast-seo-wordpress\/ -->\n<title>Entraide - Gemeinde Lengnau<\/title>\n<meta name=\"robots\" content=\"index, follow, max-snippet:-1, max-image-preview:large, max-video-preview:-1\" \/>\n<link rel=\"canonical\" href=\"https:\/\/www.lengnau.ch\/fr\/themes\/gesundheit\/selbsthilfe-be\/\" \/>\n<meta property=\"og:locale\" content=\"fr_FR\" \/>\n<meta property=\"og:type\" content=\"article\" \/>\n<meta property=\"og:title\" content=\"Entraide - Gemeinde Lengnau\" \/>\n<meta property=\"og:description\" content=\"Sur mandat de la Direction de la sant\u00e9 publique et de la pr\u00e9voyance sociale du canton de Berne, Selbsthilfe BE informe et conseille gratuitement sur le th\u00e8me de l&rsquo;entraide. Selbsthilfe BE fournit des contacts avec des groupes d&rsquo;entraide, soutient et accompagne la cr\u00e9ation de nouveaux groupes. Contact Entraide BE Centre de consultation Biel\/Bienne Rue de [&hellip;]\" \/>\n<meta property=\"og:url\" content=\"https:\/\/www.lengnau.ch\/fr\/themes\/gesundheit\/selbsthilfe-be\/\" \/>\n<meta property=\"og:site_name\" content=\"Gemeinde Lengnau\" \/>\n<meta property=\"article:modified_time\" content=\"2024-10-22T08:05:08+00:00\" \/>\n<meta name=\"twitter:card\" content=\"summary_large_image\" \/>\n<script type=\"application\/ld+json\" class=\"yoast-schema-graph\">{\"@context\":\"https:\\\/\\\/schema.org\",\"@graph\":[{\"@type\":\"WebPage\",\"@id\":\"https:\\\/\\\/www.lengnau.ch\\\/fr\\\/themes\\\/gesundheit\\\/selbsthilfe-be\\\/\",\"url\":\"https:\\\/\\\/www.lengnau.ch\\\/fr\\\/themes\\\/gesundheit\\\/selbsthilfe-be\\\/\",\"name\":\"Entraide - Gemeinde Lengnau\",\"isPartOf\":{\"@id\":\"https:\\\/\\\/www.lengnau.ch\\\/#website\"},\"datePublished\":\"2022-02-16T14:34:35+00:00\",\"dateModified\":\"2024-10-22T08:05:08+00:00\",\"breadcrumb\":{\"@id\":\"https:\\\/\\\/www.lengnau.ch\\\/fr\\\/themes\\\/gesundheit\\\/selbsthilfe-be\\\/#breadcrumb\"},\"inLanguage\":\"fr-FR\",\"potentialAction\":[{\"@type\":\"ReadAction\",\"target\":[\"https:\\\/\\\/www.lengnau.ch\\\/fr\\\/themes\\\/gesundheit\\\/selbsthilfe-be\\\/\"]}]},{\"@type\":\"BreadcrumbList\",\"@id\":\"https:\\\/\\\/www.lengnau.ch\\\/fr\\\/themes\\\/gesundheit\\\/selbsthilfe-be\\\/#breadcrumb\",\"itemListElement\":[{\"@type\":\"ListItem\",\"position\":1,\"name\":\"Home\",\"item\":\"https:\\\/\\\/www.lengnau.ch\\\/fr\\\/\"},{\"@type\":\"ListItem\",\"position\":2,\"name\":\"Th\u00e8mes\",\"item\":\"https:\\\/\\\/www.lengnau.ch\\\/fr\\\/themes\\\/\"},{\"@type\":\"ListItem\",\"position\":3,\"name\":\"Sant\u00e9\",\"item\":\"https:\\\/\\\/www.lengnau.ch\\\/fr\\\/themes\\\/gesundheit\\\/\"},{\"@type\":\"ListItem\",\"position\":4,\"name\":\"Entraide\"}]},{\"@type\":\"WebSite\",\"@id\":\"https:\\\/\\\/www.lengnau.ch\\\/#website\",\"url\":\"https:\\\/\\\/www.lengnau.ch\\\/\",\"name\":\"Gemeinde Lengnau\",\"description\":\"\",\"potentialAction\":[{\"@type\":\"SearchAction\",\"target\":{\"@type\":\"EntryPoint\",\"urlTemplate\":\"https:\\\/\\\/www.lengnau.ch\\\/?s={search_term_string}\"},\"query-input\":{\"@type\":\"PropertyValueSpecification\",\"valueRequired\":true,\"valueName\":\"search_term_string\"}}],\"inLanguage\":\"fr-FR\"}]}<\/script>\n<!-- \/ Yoast SEO plugin. -->","yoast_head_json":{"title":"Entraide - Gemeinde Lengnau","robots":{"index":"index","follow":"follow","max-snippet":"max-snippet:-1","max-image-preview":"max-image-preview:large","max-video-preview":"max-video-preview:-1"},"canonical":"https:\/\/www.lengnau.ch\/fr\/themes\/gesundheit\/selbsthilfe-be\/","og_locale":"fr_FR","og_type":"article","og_title":"Entraide - Gemeinde Lengnau","og_description":"Sur mandat de la Direction de la sant\u00e9 publique et de la pr\u00e9voyance sociale du canton de Berne, Selbsthilfe BE informe et conseille gratuitement sur le th\u00e8me de l&rsquo;entraide. Selbsthilfe BE fournit des contacts avec des groupes d&rsquo;entraide, soutient et accompagne la cr\u00e9ation de nouveaux groupes. Contact Entraide BE Centre de consultation Biel\/Bienne Rue de [&hellip;]","og_url":"https:\/\/www.lengnau.ch\/fr\/themes\/gesundheit\/selbsthilfe-be\/","og_site_name":"Gemeinde Lengnau","article_modified_time":"2024-10-22T08:05:08+00:00","twitter_card":"summary_large_image","schema":{"@context":"https:\/\/schema.org","@graph":[{"@type":"WebPage","@id":"https:\/\/www.lengnau.ch\/fr\/themes\/gesundheit\/selbsthilfe-be\/","url":"https:\/\/www.lengnau.ch\/fr\/themes\/gesundheit\/selbsthilfe-be\/","name":"Entraide - Gemeinde Lengnau","isPartOf":{"@id":"https:\/\/www.lengnau.ch\/#website"},"datePublished":"2022-02-16T14:34:35+00:00","dateModified":"2024-10-22T08:05:08+00:00","breadcrumb":{"@id":"https:\/\/www.lengnau.ch\/fr\/themes\/gesundheit\/selbsthilfe-be\/#breadcrumb"},"inLanguage":"fr-FR","potentialAction":[{"@type":"ReadAction","target":["https:\/\/www.lengnau.ch\/fr\/themes\/gesundheit\/selbsthilfe-be\/"]}]},{"@type":"BreadcrumbList","@id":"https:\/\/www.lengnau.ch\/fr\/themes\/gesundheit\/selbsthilfe-be\/#breadcrumb","itemListElement":[{"@type":"ListItem","position":1,"name":"Home","item":"https:\/\/www.lengnau.ch\/fr\/"},{"@type":"ListItem","position":2,"name":"Th\u00e8mes","item":"https:\/\/www.lengnau.ch\/fr\/themes\/"},{"@type":"ListItem","position":3,"name":"Sant\u00e9","item":"https:\/\/www.lengnau.ch\/fr\/themes\/gesundheit\/"},{"@type":"ListItem","position":4,"name":"Entraide"}]},{"@type":"WebSite","@id":"https:\/\/www.lengnau.ch\/#website","url":"https:\/\/www.lengnau.ch\/","name":"Gemeinde Lengnau","description":"","potentialAction":[{"@type":"SearchAction","target":{"@type":"EntryPoint","urlTemplate":"https:\/\/www.lengnau.ch\/?s={search_term_string}"},"query-input":{"@type":"PropertyValueSpecification","valueRequired":true,"valueName":"search_term_string"}}],"inLanguage":"fr-FR"}]}},"publishpress_future_action":{"enabled":false,"date":"2026-05-24 07:35:23","action":"change-status","newStatus":"draft","terms":[],"taxonomy":"translation_priority","extraData":[]},"publishpress_future_workflow_manual_trigger":{"enabledWorkflows":[]},"_links":{"self":[{"href":"https:\/\/www.lengnau.ch\/fr\/wp-json\/wp\/v2\/pages\/3136","targetHints":{"allow":["GET"]}}],"collection":[{"href":"https:\/\/www.lengnau.ch\/fr\/wp-json\/wp\/v2\/pages"}],"about":[{"href":"https:\/\/www.lengnau.ch\/fr\/wp-json\/wp\/v2\/types\/page"}],"author":[{"embeddable":true,"href":"https:\/\/www.lengnau.ch\/fr\/wp-json\/wp\/v2\/users\/1"}],"replies":[{"embeddable":true,"href":"https:\/\/www.lengnau.ch\/fr\/wp-json\/wp\/v2\/comments?post=3136"}],"version-history":[{"count":10,"href":"https:\/\/www.lengnau.ch\/fr\/wp-json\/wp\/v2\/pages\/3136\/revisions"}],"predecessor-version":[{"id":14601,"href":"https:\/\/www.lengnau.ch\/fr\/wp-json\/wp\/v2\/pages\/3136\/revisions\/14601"}],"up":[{"embeddable":true,"href":"https:\/\/www.lengnau.ch\/fr\/wp-json\/wp\/v2\/pages\/3143"}],"wp:attachment":[{"href":"https:\/\/www.lengnau.ch\/fr\/wp-json\/wp\/v2\/media?parent=3136"}],"curies":[{"name":"wp","href":"https:\/\/api.w.org\/{rel}","templated":true}]}}